{"id":71298,"date":"2015-08-25T08:48:19","date_gmt":"2015-08-25T08:48:19","guid":{"rendered":"https:\/\/watchbandit.com\/?page_id=71298"},"modified":"2025-11-25T13:35:06","modified_gmt":"2025-11-25T12:35:06","slug":"versand","status":"publish","type":"page","link":"https:\/\/watch-bandit.com\/de\/versand\/","title":{"rendered":"Versand &#038; Lieferung"},"content":{"rendered":"<h1>Versand<\/h1>\n<p>Wir versenden t\u00e4glich. Der Versand erfolgt ausschlie\u00dflich und unverz\u00fcglich nach Zahlungseingang.<\/p>\n<p>Bitte \u00fcberpr\u00fcfen Sie Ihren SPAM-Ordner, wenn Sie keine Bestellbest\u00e4tigung oder Versandstatus-E-Mail erhalten haben.<\/p>\n<h2>Versandkosten<\/h2>\n<p>Kostenloser Versand bei Bestellungen \u00fcber 79\u20ac mit DHL<\/p>\n<ul>\n<li><strong><b>Deutschland<\/b>:<\/strong> DHL Sendungsverfolgung 2.99\u20ac<\/li>\n<li><strong>EU: <\/strong>DHL Sendungsverfolgung 3.99\u20ac<\/li>\n<li><strong><b>Weltweit<\/b>: <\/strong>DHL Sendungsverfolgung 4.99\u20ac \u2014 <em>(<strong>Bitte beachten Sie:<\/strong> Eventuelle Zollgeb\u00fchren oder Einfuhrsteuern gehen bei internationalen Lieferungen zu Lasten des Empf\u00e4ngers. Wir empfehlen Ihnen, sich vor der Bestellung bei Ihrem \u00f6rtlichen Zollamt \u00fcber die Einzelheiten zu informieren.)<\/em><\/li>\n<\/ul>\n<h2>Lieferzeiten<\/h2>\n<ul>\n<li><b>Deutschland<\/b> 2 &#8211; 5 Werktage (DHL)<\/li>\n<li><b>EU<\/b> 5 &#8211; 10 Werktage (DHL)<\/li>\n<li><b>Weltweit<\/b> 9 &#8211; 20 Werktage (DHL)<\/li>\n<\/ul>\n<h2>R\u00fccknahmebedingungen<\/h2>\n<p>Die R\u00fcckgabefrist f\u00fcr Artikel von WatchBandit betr\u00e4gt <strong>30 Tage<\/strong>. Die R\u00fcckgabefrist beginnt ab dem Tag, an dem Sie die vollst\u00e4ndige Bestellung erhalten haben.<\/p>\n<p>Im Rahmen unserer R\u00fcckgaberichtlinien erstatten wir Ihnen den Betrag f\u00fcr das <strong>unbenutzte Produkt <\/strong><em>(Uhren m\u00fcssen vollst\u00e4ndig in ihrer originalen Schutzfolie verklebt sein, Armb\u00e4nder ungetragen)<\/em>. Bitte bewahre das Produkt im gleichen Zustand auf, in dem es geliefert wurde. Wenn das Produkt verwendet wurde und Gebrauchsspuren aufweist, beh\u00e4lt WatchBandit m\u00f6glicherweise Teile der Zahlung als Entsch\u00e4digung f\u00fcr den entgangenen Wert ein.<\/p>\n<p>Diese R\u00fcckerstattung erfolgt so schnell wie m\u00f6glich, sp\u00e4testens jedoch innerhalb von 14 Tagen, nachdem die R\u00fccksendung bei uns eingegangen ist oder Sie uns \u00fcber die geplante R\u00fcckgabe informiert haben. Die Kosten f\u00fcr die R\u00fccksendung des Produkts tr\u00e4gt der Kunde.<\/p>\n<p>In Ihrer R\u00fccksendung an uns geben Sie bitte in Form einer einfachen Notiz Ihre\u00a0<strong>Bestellnummer\u00a0<\/strong>der Retoure an, damit Sie die Entscheidung zum Kauf r\u00fcckg\u00e4ngig machen m\u00f6chten.\u00a0Ein spezielles Formular bieten wir daf\u00fcr nicht an<\/p>\n<p>Falls Sie Ihre Bestellung an uns zur\u00fccksenden m\u00f6chten, schreiben Sie uns bitte eine kurze <a href=\"https:\/\/watchbandit.de\/kontakt\/\">E-Mail<\/a>, um die R\u00fccksendeanweisungen zu erhalten..<\/p>\n<p>Sollte Ihr Bestellwert nach der R\u00fccksendung unter 79 \u20ac fallen, behalten wir uns vor, die Versandkosten vom gesamten R\u00fcckerstattungsbetrag abzuziehen (siehe Versandpreise oben).<\/p>\n<h2>Unzustellbare Pakete<\/h2>\n<p>Unzustellbare Pakete werden an WatchBandit zur\u00fcckgesandt. Bei etwaigen R\u00fccklieferungen von nicht abgeholten Paketen beh\u00e4lt sich WatchBandit das Recht vor, die entstandenen Kosten dem Kunden in Rechnung zu stellen.<\/p>\n<h2>Widerrufsrecht<\/h2>\n<p>Siehe <a href=\"https:\/\/watchbandit.de\/agb\/\">AGB<\/a> &amp; <a href=\"https:\/\/watchbandit.de\/agb\/#10\">Widerrufsbelehrung<\/a><\/p>\n","protected":false},"excerpt":{"rendered":"<p>Versand Wir versenden t\u00e4glich. Der Versand erfolgt ausschlie\u00dflich und unverz\u00fcglich nach Zahlungseingang. Bitte \u00fcberpr\u00fcfen Sie Ihren SPAM-Ordner, wenn Sie keine<\/p>\n","protected":false},"author":61,"featured_media":0,"parent":0,"menu_order":0,"comment_status":"closed","ping_status":"closed","template":"","meta":{"footnotes":""},"yoast_head":"<!-- This site is optimized with the Yoast SEO plugin v21.9 - https:\/\/yoast.com\/wordpress\/plugins\/seo\/ -->\n<title>Versand &amp; Lieferung - WATCHBANDIT<\/title>\n<meta name=\"robots\" content=\"noindex, follow, max-snippet:-1, max-image-preview:large, max-video-preview:-1\" \/>\n<meta property=\"og:locale\" content=\"de_DE\" \/>\n<meta property=\"og:type\" content=\"article\" \/>\n<meta property=\"og:title\" content=\"Versand &amp; Lieferung - WATCHBANDIT\" \/>\n<meta property=\"og:description\" content=\"Versand Wir versenden t\u00e4glich. Der Versand erfolgt ausschlie\u00dflich und unverz\u00fcglich nach Zahlungseingang. Bitte \u00fcberpr\u00fcfen Sie Ihren SPAM-Ordner, wenn Sie keine\" \/>\n<meta property=\"og:url\" content=\"https:\/\/watch-bandit.com\/de\/versand\/\" \/>\n<meta property=\"og:site_name\" content=\"WATCHBANDIT\" \/>\n<meta property=\"article:modified_time\" content=\"2025-11-25T12:35:06+00:00\" \/>\n<meta property=\"og:image\" content=\"https:\/\/watch-bandit.com\/wp-content\/uploads\/2018\/01\/WB_logo_476x249px.jpg\" \/>\n\t<meta property=\"og:image:width\" content=\"476\" \/>\n\t<meta property=\"og:image:height\" content=\"249\" \/>\n\t<meta property=\"og:image:type\" content=\"image\/jpeg\" \/>\n<meta name=\"twitter:label1\" content=\"Gesch\u00e4tzte Lesezeit\" \/>\n\t<meta name=\"twitter:data1\" content=\"2 Minuten\" \/>\n<script type=\"application\/ld+json\" class=\"yoast-schema-graph\">{\"@context\":\"https:\/\/schema.org\",\"@graph\":[{\"@type\":\"WebPage\",\"@id\":\"https:\/\/watch-bandit.com\/de\/versand\/\",\"url\":\"https:\/\/watch-bandit.com\/de\/versand\/\",\"name\":\"Versand & Lieferung - WATCHBANDIT\",\"isPartOf\":{\"@id\":\"https:\/\/watch-bandit.com\/#website\"},\"datePublished\":\"2015-08-25T08:48:19+00:00\",\"dateModified\":\"2025-11-25T12:35:06+00:00\",\"breadcrumb\":{\"@id\":\"https:\/\/watch-bandit.com\/de\/versand\/#breadcrumb\"},\"inLanguage\":\"de-DE\",\"potentialAction\":[{\"@type\":\"ReadAction\",\"target\":[\"https:\/\/watch-bandit.com\/de\/versand\/\"]}]},{\"@type\":\"BreadcrumbList\",\"@id\":\"https:\/\/watch-bandit.com\/de\/versand\/#breadcrumb\",\"itemListElement\":[{\"@type\":\"ListItem\",\"position\":1,\"name\":\"Home\",\"item\":\"https:\/\/watchbandit.de\/\"},{\"@type\":\"ListItem\",\"position\":2,\"name\":\"Versand &#038; Lieferung\"}]},{\"@type\":\"WebSite\",\"@id\":\"https:\/\/watch-bandit.com\/#website\",\"url\":\"https:\/\/watch-bandit.com\/\",\"name\":\"WATCHBANDIT\",\"description\":\"Contemporary Wrist Accessories\",\"publisher\":{\"@id\":\"https:\/\/watch-bandit.com\/#organization\"},\"potentialAction\":[{\"@type\":\"SearchAction\",\"target\":{\"@type\":\"EntryPoint\",\"urlTemplate\":\"https:\/\/watch-bandit.com\/?s={search_term_string}\"},\"query-input\":\"required name=search_term_string\"}],\"inLanguage\":\"de-DE\"},{\"@type\":\"Organization\",\"@id\":\"https:\/\/watch-bandit.com\/#organization\",\"name\":\"WatchBandit\",\"url\":\"https:\/\/watch-bandit.com\/\",\"logo\":{\"@type\":\"ImageObject\",\"inLanguage\":\"de-DE\",\"@id\":\"https:\/\/watch-bandit.com\/#\/schema\/logo\/image\/\",\"url\":\"https:\/\/watchbandit.de\/wp-content\/uploads\/2017\/11\/WB_Logo_557x124.png\",\"contentUrl\":\"https:\/\/watchbandit.de\/wp-content\/uploads\/2017\/11\/WB_Logo_557x124.png\",\"width\":557,\"height\":124,\"caption\":\"WatchBandit\"},\"image\":{\"@id\":\"https:\/\/watch-bandit.com\/#\/schema\/logo\/image\/\"}}]}<\/script>\n<!-- \/ Yoast SEO plugin. -->","yoast_head_json":{"title":"Versand & Lieferung - WATCHBANDIT","robots":{"index":"noindex","follow":"follow","max-snippet":"max-snippet:-1","max-image-preview":"max-image-preview:large","max-video-preview":"max-video-preview:-1"},"og_locale":"de_DE","og_type":"article","og_title":"Versand & Lieferung - WATCHBANDIT","og_description":"Versand Wir versenden t\u00e4glich. Der Versand erfolgt ausschlie\u00dflich und unverz\u00fcglich nach Zahlungseingang. Bitte \u00fcberpr\u00fcfen Sie Ihren SPAM-Ordner, wenn Sie keine","og_url":"https:\/\/watch-bandit.com\/de\/versand\/","og_site_name":"WATCHBANDIT","article_modified_time":"2025-11-25T12:35:06+00:00","og_image":[{"width":476,"height":249,"url":"https:\/\/watch-bandit.com\/wp-content\/uploads\/2018\/01\/WB_logo_476x249px.jpg","type":"image\/jpeg"}],"twitter_misc":{"Gesch\u00e4tzte Lesezeit":"2 Minuten"},"schema":{"@context":"https:\/\/schema.org","@graph":[{"@type":"WebPage","@id":"https:\/\/watch-bandit.com\/de\/versand\/","url":"https:\/\/watch-bandit.com\/de\/versand\/","name":"Versand & Lieferung - WATCHBANDIT","isPartOf":{"@id":"https:\/\/watch-bandit.com\/#website"},"datePublished":"2015-08-25T08:48:19+00:00","dateModified":"2025-11-25T12:35:06+00:00","breadcrumb":{"@id":"https:\/\/watch-bandit.com\/de\/versand\/#breadcrumb"},"inLanguage":"de-DE","potentialAction":[{"@type":"ReadAction","target":["https:\/\/watch-bandit.com\/de\/versand\/"]}]},{"@type":"BreadcrumbList","@id":"https:\/\/watch-bandit.com\/de\/versand\/#breadcrumb","itemListElement":[{"@type":"ListItem","position":1,"name":"Home","item":"https:\/\/watchbandit.de\/"},{"@type":"ListItem","position":2,"name":"Versand &#038; Lieferung"}]},{"@type":"WebSite","@id":"https:\/\/watch-bandit.com\/#website","url":"https:\/\/watch-bandit.com\/","name":"WATCHBANDIT","description":"Contemporary Wrist Accessories","publisher":{"@id":"https:\/\/watch-bandit.com\/#organization"},"potentialAction":[{"@type":"SearchAction","target":{"@type":"EntryPoint","urlTemplate":"https:\/\/watch-bandit.com\/?s={search_term_string}"},"query-input":"required name=search_term_string"}],"inLanguage":"de-DE"},{"@type":"Organization","@id":"https:\/\/watch-bandit.com\/#organization","name":"WatchBandit","url":"https:\/\/watch-bandit.com\/","logo":{"@type":"ImageObject","inLanguage":"de-DE","@id":"https:\/\/watch-bandit.com\/#\/schema\/logo\/image\/","url":"https:\/\/watchbandit.de\/wp-content\/uploads\/2017\/11\/WB_Logo_557x124.png","contentUrl":"https:\/\/watchbandit.de\/wp-content\/uploads\/2017\/11\/WB_Logo_557x124.png","width":557,"height":124,"caption":"WatchBandit"},"image":{"@id":"https:\/\/watch-bandit.com\/#\/schema\/logo\/image\/"}}]}},"_links":{"self":[{"href":"https:\/\/watch-bandit.com\/de\/wp-json\/wp\/v2\/pages\/71298"}],"collection":[{"href":"https:\/\/watch-bandit.com\/de\/wp-json\/wp\/v2\/pages"}],"about":[{"href":"https:\/\/watch-bandit.com\/de\/wp-json\/wp\/v2\/types\/page"}],"author":[{"embeddable":true,"href":"https:\/\/watch-bandit.com\/de\/wp-json\/wp\/v2\/users\/61"}],"replies":[{"embeddable":true,"href":"https:\/\/watch-bandit.com\/de\/wp-json\/wp\/v2\/comments?post=71298"}],"version-history":[{"count":28,"href":"https:\/\/watch-bandit.com\/de\/wp-json\/wp\/v2\/pages\/71298\/revisions"}],"predecessor-version":[{"id":361867,"href":"https:\/\/watch-bandit.com\/de\/wp-json\/wp\/v2\/pages\/71298\/revisions\/361867"}],"wp:attachment":[{"href":"https:\/\/watch-bandit.com\/de\/wp-json\/wp\/v2\/media?parent=71298"}],"curies":[{"name":"wp","href":"https:\/\/api.w.org\/{rel}","templated":true}]}}