{"id":79,"date":"2014-01-03T14:01:35","date_gmt":"2014-01-03T14:01:35","guid":{"rendered":"http:\/\/watchbandit.net\/?page_id=79"},"modified":"2025-09-08T10:04:51","modified_gmt":"2025-09-08T08:04:51","slug":"impressum","status":"publish","type":"page","link":"https:\/\/watch-bandit.com\/de\/impressum\/","title":{"rendered":"Impressum"},"content":{"rendered":"<p><strong>Firmenanschrift (An dieser Adresse gibt es keinen Lagerbestand und keinen Verkauf):<\/strong><\/p>\n<p><strong>Horology Ventures UG\u00a0(haftungsbeschr\u00e4nkt)<\/strong><br \/>\nIn der Bienenfarm 25<br \/>\n14552 Michendorf<br \/>\nGermany<\/p>\n<p>Mail: support@watchbandit.de<\/p>\n<p>Gerichtsstand Potsdam, Amtsgericht Potsdam<br \/>\nRegisternummer: HRB 34428 P<br \/>\nUmsatzsteueridentifikationsnummer: DE316295259<br \/>\nGesch\u00e4ftsf\u00fchrer: Mick Joergensen &amp; Johannes Simon<br \/>\nWebseite: www.watchbandit.de, www.watchbandit.com<\/p>\n<p><strong>Online-Streitbeilegung<\/strong><br \/>\nStreitbeilegungsverfahren vor einer Verbraucherschlichtungsstelle: Wir sind nicht bereit oder verpflichtet, an einem Streitbeilegungsverfahren vor einer Verbraucherschlichtungsstelle teilzunehmen.<\/p>\n<p><strong>Haftungsbegrenzung:<\/strong><\/p>\n<p>Die Horology Ventures UG (haftungsbeschr\u00e4nkt) pr\u00fcft und aktualisiert die Angaben auf ihrer Website regelm\u00e4\u00dfig. Trotz aller Sorgfalt k\u00f6nnen sich Daten ver\u00e4ndert haben. Eine Haftung oder Garantie f\u00fcr die Richtigkeit und Vollst\u00e4ndigkeit kann daher nicht \u00fcbernommen werden. Gleiches gilt f\u00fcr alle Websites, auf die mittels Hyperlink verwiesen wird.\u2028 Inhalt und Struktur der Website der Horology Ventures UG (haftungsbeschr\u00e4nkt) sind urheberrechtlich gesch\u00fctzt. \u2028F\u00fcr Internetseiten Dritter, die auf die Homepage watchbandit.de und www.watchbandit.com durch Hyperlink verweisen, tragen allein die jeweiligen Anbieter die Verantwortung. Die Website www.watchbandit.de kann ohne Kenntnis der Horology Ventures UG (haftungsbeschr\u00e4nkt) von einer anderen Website verlinkt worden sein. Die Horology Ventures UG (haftungsbeschr\u00e4nkt) \u00fcbernimmt keine Verantwortung f\u00fcr solche Darstellungen, Inhalte oder Verbindungen Dritter.<\/p>\n<p><strong>Inhaltlich Verantwortlicher gem\u00e4\u00df \u00a7 55 RStV:<\/strong><br \/>\nMick Joergensen &amp; Johannes Simon<\/p>\n","protected":false},"excerpt":{"rendered":"<p>Firmenanschrift (An dieser Adresse gibt es keinen Lagerbestand und keinen Verkauf): Horology Ventures UG\u00a0(haftungsbeschr\u00e4nkt) In der Bienenfarm 25 14552 Michendorf<\/p>\n","protected":false},"author":61,"featured_media":0,"parent":0,"menu_order":0,"comment_status":"closed","ping_status":"closed","template":"","meta":{"footnotes":""},"yoast_head":"<!-- This site is optimized with the Yoast SEO plugin v21.9 - https:\/\/yoast.com\/wordpress\/plugins\/seo\/ -->\n<title>Impressum - WATCHBANDIT<\/title>\n<meta name=\"robots\" content=\"noindex, follow, max-snippet:-1, max-image-preview:large, max-video-preview:-1\" \/>\n<meta property=\"og:locale\" content=\"de_DE\" \/>\n<meta property=\"og:type\" content=\"article\" \/>\n<meta property=\"og:title\" content=\"Impressum - WATCHBANDIT\" \/>\n<meta property=\"og:description\" content=\"Firmenanschrift (An dieser Adresse gibt es keinen Lagerbestand und keinen Verkauf): Horology Ventures UG\u00a0(haftungsbeschr\u00e4nkt) In der Bienenfarm 25 14552 Michendorf\" \/>\n<meta property=\"og:url\" content=\"https:\/\/watch-bandit.com\/de\/impressum\/\" \/>\n<meta property=\"og:site_name\" content=\"WATCHBANDIT\" \/>\n<meta property=\"article:modified_time\" content=\"2025-09-08T08:04:51+00:00\" \/>\n<meta property=\"og:image\" content=\"https:\/\/watch-bandit.com\/wp-content\/uploads\/2018\/01\/WB_logo_476x249px.jpg\" \/>\n\t<meta property=\"og:image:width\" content=\"476\" \/>\n\t<meta property=\"og:image:height\" content=\"249\" \/>\n\t<meta property=\"og:image:type\" content=\"image\/jpeg\" \/>\n<meta name=\"twitter:label1\" content=\"Gesch\u00e4tzte Lesezeit\" \/>\n\t<meta name=\"twitter:data1\" content=\"1 Minute\" \/>\n<script type=\"application\/ld+json\" class=\"yoast-schema-graph\">{\"@context\":\"https:\/\/schema.org\",\"@graph\":[{\"@type\":\"WebPage\",\"@id\":\"https:\/\/watch-bandit.com\/de\/impressum\/\",\"url\":\"https:\/\/watch-bandit.com\/de\/impressum\/\",\"name\":\"Impressum - WATCHBANDIT\",\"isPartOf\":{\"@id\":\"https:\/\/watch-bandit.com\/#website\"},\"datePublished\":\"2014-01-03T14:01:35+00:00\",\"dateModified\":\"2025-09-08T08:04:51+00:00\",\"breadcrumb\":{\"@id\":\"https:\/\/watch-bandit.com\/de\/impressum\/#breadcrumb\"},\"inLanguage\":\"de-DE\",\"potentialAction\":[{\"@type\":\"ReadAction\",\"target\":[\"https:\/\/watch-bandit.com\/de\/impressum\/\"]}]},{\"@type\":\"BreadcrumbList\",\"@id\":\"https:\/\/watch-bandit.com\/de\/impressum\/#breadcrumb\",\"itemListElement\":[{\"@type\":\"ListItem\",\"position\":1,\"name\":\"Home\",\"item\":\"https:\/\/watchbandit.de\/\"},{\"@type\":\"ListItem\",\"position\":2,\"name\":\"Impressum\"}]},{\"@type\":\"WebSite\",\"@id\":\"https:\/\/watch-bandit.com\/#website\",\"url\":\"https:\/\/watch-bandit.com\/\",\"name\":\"WATCHBANDIT\",\"description\":\"Contemporary Wrist Accessories\",\"publisher\":{\"@id\":\"https:\/\/watch-bandit.com\/#organization\"},\"potentialAction\":[{\"@type\":\"SearchAction\",\"target\":{\"@type\":\"EntryPoint\",\"urlTemplate\":\"https:\/\/watch-bandit.com\/?s={search_term_string}\"},\"query-input\":\"required name=search_term_string\"}],\"inLanguage\":\"de-DE\"},{\"@type\":\"Organization\",\"@id\":\"https:\/\/watch-bandit.com\/#organization\",\"name\":\"WatchBandit\",\"url\":\"https:\/\/watch-bandit.com\/\",\"logo\":{\"@type\":\"ImageObject\",\"inLanguage\":\"de-DE\",\"@id\":\"https:\/\/watch-bandit.com\/#\/schema\/logo\/image\/\",\"url\":\"https:\/\/watchbandit.de\/wp-content\/uploads\/2017\/11\/WB_Logo_557x124.png\",\"contentUrl\":\"https:\/\/watchbandit.de\/wp-content\/uploads\/2017\/11\/WB_Logo_557x124.png\",\"width\":557,\"height\":124,\"caption\":\"WatchBandit\"},\"image\":{\"@id\":\"https:\/\/watch-bandit.com\/#\/schema\/logo\/image\/\"}}]}<\/script>\n<!-- \/ Yoast SEO plugin. -->","yoast_head_json":{"title":"Impressum - WATCHBANDIT","robots":{"index":"noindex","follow":"follow","max-snippet":"max-snippet:-1","max-image-preview":"max-image-preview:large","max-video-preview":"max-video-preview:-1"},"og_locale":"de_DE","og_type":"article","og_title":"Impressum - WATCHBANDIT","og_description":"Firmenanschrift (An dieser Adresse gibt es keinen Lagerbestand und keinen Verkauf): Horology Ventures UG\u00a0(haftungsbeschr\u00e4nkt) In der Bienenfarm 25 14552 Michendorf","og_url":"https:\/\/watch-bandit.com\/de\/impressum\/","og_site_name":"WATCHBANDIT","article_modified_time":"2025-09-08T08:04:51+00:00","og_image":[{"width":476,"height":249,"url":"https:\/\/watch-bandit.com\/wp-content\/uploads\/2018\/01\/WB_logo_476x249px.jpg","type":"image\/jpeg"}],"twitter_misc":{"Gesch\u00e4tzte Lesezeit":"1 Minute"},"schema":{"@context":"https:\/\/schema.org","@graph":[{"@type":"WebPage","@id":"https:\/\/watch-bandit.com\/de\/impressum\/","url":"https:\/\/watch-bandit.com\/de\/impressum\/","name":"Impressum - WATCHBANDIT","isPartOf":{"@id":"https:\/\/watch-bandit.com\/#website"},"datePublished":"2014-01-03T14:01:35+00:00","dateModified":"2025-09-08T08:04:51+00:00","breadcrumb":{"@id":"https:\/\/watch-bandit.com\/de\/impressum\/#breadcrumb"},"inLanguage":"de-DE","potentialAction":[{"@type":"ReadAction","target":["https:\/\/watch-bandit.com\/de\/impressum\/"]}]},{"@type":"BreadcrumbList","@id":"https:\/\/watch-bandit.com\/de\/impressum\/#breadcrumb","itemListElement":[{"@type":"ListItem","position":1,"name":"Home","item":"https:\/\/watchbandit.de\/"},{"@type":"ListItem","position":2,"name":"Impressum"}]},{"@type":"WebSite","@id":"https:\/\/watch-bandit.com\/#website","url":"https:\/\/watch-bandit.com\/","name":"WATCHBANDIT","description":"Contemporary Wrist Accessories","publisher":{"@id":"https:\/\/watch-bandit.com\/#organization"},"potentialAction":[{"@type":"SearchAction","target":{"@type":"EntryPoint","urlTemplate":"https:\/\/watch-bandit.com\/?s={search_term_string}"},"query-input":"required name=search_term_string"}],"inLanguage":"de-DE"},{"@type":"Organization","@id":"https:\/\/watch-bandit.com\/#organization","name":"WatchBandit","url":"https:\/\/watch-bandit.com\/","logo":{"@type":"ImageObject","inLanguage":"de-DE","@id":"https:\/\/watch-bandit.com\/#\/schema\/logo\/image\/","url":"https:\/\/watchbandit.de\/wp-content\/uploads\/2017\/11\/WB_Logo_557x124.png","contentUrl":"https:\/\/watchbandit.de\/wp-content\/uploads\/2017\/11\/WB_Logo_557x124.png","width":557,"height":124,"caption":"WatchBandit"},"image":{"@id":"https:\/\/watch-bandit.com\/#\/schema\/logo\/image\/"}}]}},"_links":{"self":[{"href":"https:\/\/watch-bandit.com\/de\/wp-json\/wp\/v2\/pages\/79"}],"collection":[{"href":"https:\/\/watch-bandit.com\/de\/wp-json\/wp\/v2\/pages"}],"about":[{"href":"https:\/\/watch-bandit.com\/de\/wp-json\/wp\/v2\/types\/page"}],"author":[{"embeddable":true,"href":"https:\/\/watch-bandit.com\/de\/wp-json\/wp\/v2\/users\/61"}],"replies":[{"embeddable":true,"href":"https:\/\/watch-bandit.com\/de\/wp-json\/wp\/v2\/comments?post=79"}],"version-history":[{"count":3,"href":"https:\/\/watch-bandit.com\/de\/wp-json\/wp\/v2\/pages\/79\/revisions"}],"predecessor-version":[{"id":358049,"href":"https:\/\/watch-bandit.com\/de\/wp-json\/wp\/v2\/pages\/79\/revisions\/358049"}],"wp:attachment":[{"href":"https:\/\/watch-bandit.com\/de\/wp-json\/wp\/v2\/media?parent=79"}],"curies":[{"name":"wp","href":"https:\/\/api.w.org\/{rel}","templated":true}]}}