{"id":87305,"date":"2016-11-24T12:03:46","date_gmt":"2016-11-24T12:03:46","guid":{"rendered":"http:\/\/watchbandit.de\/?page_id=87305"},"modified":"2024-09-26T10:39:34","modified_gmt":"2024-09-26T08:39:34","slug":"kontakt","status":"publish","type":"page","link":"https:\/\/watch-bandit.com\/de\/kontakt\/","title":{"rendered":"Kontakt"},"content":{"rendered":"<div class=\"wpb-content-wrapper\"><p>[vc_row][vc_column width=&#8221;1\/3&#8243;][vc_custom_heading text=&#8221;Schreib uns&#8221; font_container=&#8221;tag:h3|text_align:left&#8221; use_theme_fonts=&#8221;yes&#8221;][vc_column_text]<img loading=\"lazy\" decoding=\"async\" class=\"alignnone wp-image-217212 size-medium\" src=\"https:\/\/watchbandit.com\/wp-content\/uploads\/2017\/11\/WB_Logo_557x124-280x62.png\" alt=\"WatchBandit_Logo_new\" width=\"280\" height=\"62\" srcset=\"https:\/\/watch-bandit.com\/wp-content\/uploads\/2017\/11\/WB_Logo_557x124-280x62.png 280w, https:\/\/watch-bandit.com\/wp-content\/uploads\/2017\/11\/WB_Logo_557x124.png 557w\" sizes=\"(max-width: 280px) 100vw, 280px\" \/><\/p>\n<p><strong>Email:<\/strong> <a href=\"mailto:support@watchbandit.de\">support@watchbandit.de<\/a><\/p>\n<p><em>(Bitte \u00fcberpr\u00fcfen Sie Ihren Spam-Ordner, wenn Sie nichts von uns h\u00f6ren. Wir beantworten alle E-Mails in der Regel innerhalb von 24h)<\/em>[\/vc_column_text][\/vc_column][\/vc_row][vc_row][vc_column][\/vc_column][\/vc_row]<\/p>\n<\/div>","protected":false},"excerpt":{"rendered":"<p>[vc_row][vc_column width=&#8221;1\/3&#8243;][vc_custom_heading text=&#8221;Schreib uns&#8221; font_container=&#8221;tag:h3|text_align:left&#8221; use_theme_fonts=&#8221;yes&#8221;][vc_column_text] Email: support@watchbandit.de (Bitte \u00fcberpr\u00fcfen Sie Ihren Spam-Ordner, wenn Sie nichts von uns h\u00f6ren. Wir<\/p>\n","protected":false},"author":61,"featured_media":0,"parent":0,"menu_order":0,"comment_status":"closed","ping_status":"closed","template":"","meta":{"footnotes":""},"yoast_head":"<!-- This site is optimized with the Yoast SEO plugin v21.9 - https:\/\/yoast.com\/wordpress\/plugins\/seo\/ -->\n<title>Kontakt - WATCHBANDIT<\/title>\n<meta name=\"robots\" content=\"noindex, follow, max-snippet:-1, max-image-preview:large, max-video-preview:-1\" \/>\n<meta property=\"og:locale\" content=\"de_DE\" \/>\n<meta property=\"og:type\" content=\"article\" \/>\n<meta property=\"og:title\" content=\"Kontakt - WATCHBANDIT\" \/>\n<meta property=\"og:description\" content=\"[vc_row][vc_column width=&#8221;1\/3&#8243;][vc_custom_heading text=&#8221;Schreib uns&#8221; font_container=&#8221;tag:h3|text_align:left&#8221; use_theme_fonts=&#8221;yes&#8221;][vc_column_text] Email: support@watchbandit.de (Bitte \u00fcberpr\u00fcfen Sie Ihren Spam-Ordner, wenn Sie nichts von uns h\u00f6ren. Wir\" \/>\n<meta property=\"og:url\" content=\"https:\/\/watch-bandit.com\/de\/kontakt\/\" \/>\n<meta property=\"og:site_name\" content=\"WATCHBANDIT\" \/>\n<meta property=\"article:modified_time\" content=\"2024-09-26T08:39:34+00:00\" \/>\n<meta property=\"og:image\" content=\"https:\/\/watchbandit.com\/wp-content\/uploads\/2017\/11\/WB_Logo_557x124-280x62.png\" \/>\n<meta name=\"twitter:label1\" content=\"Gesch\u00e4tzte Lesezeit\" \/>\n\t<meta name=\"twitter:data1\" content=\"1 Minute\" \/>\n<script type=\"application\/ld+json\" class=\"yoast-schema-graph\">{\"@context\":\"https:\/\/schema.org\",\"@graph\":[{\"@type\":\"WebPage\",\"@id\":\"https:\/\/watch-bandit.com\/de\/kontakt\/\",\"url\":\"https:\/\/watch-bandit.com\/de\/kontakt\/\",\"name\":\"Kontakt - WATCHBANDIT\",\"isPartOf\":{\"@id\":\"https:\/\/watch-bandit.com\/#website\"},\"datePublished\":\"2016-11-24T12:03:46+00:00\",\"dateModified\":\"2024-09-26T08:39:34+00:00\",\"breadcrumb\":{\"@id\":\"https:\/\/watch-bandit.com\/de\/kontakt\/#breadcrumb\"},\"inLanguage\":\"de-DE\",\"potentialAction\":[{\"@type\":\"ReadAction\",\"target\":[\"https:\/\/watch-bandit.com\/de\/kontakt\/\"]}]},{\"@type\":\"BreadcrumbList\",\"@id\":\"https:\/\/watch-bandit.com\/de\/kontakt\/#breadcrumb\",\"itemListElement\":[{\"@type\":\"ListItem\",\"position\":1,\"name\":\"Home\",\"item\":\"https:\/\/watchbandit.de\/\"},{\"@type\":\"ListItem\",\"position\":2,\"name\":\"Kontakt\"}]},{\"@type\":\"WebSite\",\"@id\":\"https:\/\/watch-bandit.com\/#website\",\"url\":\"https:\/\/watch-bandit.com\/\",\"name\":\"WATCHBANDIT\",\"description\":\"Contemporary Wrist Accessories\",\"publisher\":{\"@id\":\"https:\/\/watch-bandit.com\/#organization\"},\"potentialAction\":[{\"@type\":\"SearchAction\",\"target\":{\"@type\":\"EntryPoint\",\"urlTemplate\":\"https:\/\/watch-bandit.com\/?s={search_term_string}\"},\"query-input\":\"required name=search_term_string\"}],\"inLanguage\":\"de-DE\"},{\"@type\":\"Organization\",\"@id\":\"https:\/\/watch-bandit.com\/#organization\",\"name\":\"WatchBandit\",\"url\":\"https:\/\/watch-bandit.com\/\",\"logo\":{\"@type\":\"ImageObject\",\"inLanguage\":\"de-DE\",\"@id\":\"https:\/\/watch-bandit.com\/#\/schema\/logo\/image\/\",\"url\":\"https:\/\/watchbandit.de\/wp-content\/uploads\/2017\/11\/WB_Logo_557x124.png\",\"contentUrl\":\"https:\/\/watchbandit.de\/wp-content\/uploads\/2017\/11\/WB_Logo_557x124.png\",\"width\":557,\"height\":124,\"caption\":\"WatchBandit\"},\"image\":{\"@id\":\"https:\/\/watch-bandit.com\/#\/schema\/logo\/image\/\"}}]}<\/script>\n<!-- \/ Yoast SEO plugin. -->","yoast_head_json":{"title":"Kontakt - WATCHBANDIT","robots":{"index":"noindex","follow":"follow","max-snippet":"max-snippet:-1","max-image-preview":"max-image-preview:large","max-video-preview":"max-video-preview:-1"},"og_locale":"de_DE","og_type":"article","og_title":"Kontakt - WATCHBANDIT","og_description":"[vc_row][vc_column width=&#8221;1\/3&#8243;][vc_custom_heading text=&#8221;Schreib uns&#8221; font_container=&#8221;tag:h3|text_align:left&#8221; use_theme_fonts=&#8221;yes&#8221;][vc_column_text] Email: support@watchbandit.de (Bitte \u00fcberpr\u00fcfen Sie Ihren Spam-Ordner, wenn Sie nichts von uns h\u00f6ren. Wir","og_url":"https:\/\/watch-bandit.com\/de\/kontakt\/","og_site_name":"WATCHBANDIT","article_modified_time":"2024-09-26T08:39:34+00:00","og_image":[{"url":"https:\/\/watchbandit.com\/wp-content\/uploads\/2017\/11\/WB_Logo_557x124-280x62.png"}],"twitter_misc":{"Gesch\u00e4tzte Lesezeit":"1 Minute"},"schema":{"@context":"https:\/\/schema.org","@graph":[{"@type":"WebPage","@id":"https:\/\/watch-bandit.com\/de\/kontakt\/","url":"https:\/\/watch-bandit.com\/de\/kontakt\/","name":"Kontakt - WATCHBANDIT","isPartOf":{"@id":"https:\/\/watch-bandit.com\/#website"},"datePublished":"2016-11-24T12:03:46+00:00","dateModified":"2024-09-26T08:39:34+00:00","breadcrumb":{"@id":"https:\/\/watch-bandit.com\/de\/kontakt\/#breadcrumb"},"inLanguage":"de-DE","potentialAction":[{"@type":"ReadAction","target":["https:\/\/watch-bandit.com\/de\/kontakt\/"]}]},{"@type":"BreadcrumbList","@id":"https:\/\/watch-bandit.com\/de\/kontakt\/#breadcrumb","itemListElement":[{"@type":"ListItem","position":1,"name":"Home","item":"https:\/\/watchbandit.de\/"},{"@type":"ListItem","position":2,"name":"Kontakt"}]},{"@type":"WebSite","@id":"https:\/\/watch-bandit.com\/#website","url":"https:\/\/watch-bandit.com\/","name":"WATCHBANDIT","description":"Contemporary Wrist Accessories","publisher":{"@id":"https:\/\/watch-bandit.com\/#organization"},"potentialAction":[{"@type":"SearchAction","target":{"@type":"EntryPoint","urlTemplate":"https:\/\/watch-bandit.com\/?s={search_term_string}"},"query-input":"required name=search_term_string"}],"inLanguage":"de-DE"},{"@type":"Organization","@id":"https:\/\/watch-bandit.com\/#organization","name":"WatchBandit","url":"https:\/\/watch-bandit.com\/","logo":{"@type":"ImageObject","inLanguage":"de-DE","@id":"https:\/\/watch-bandit.com\/#\/schema\/logo\/image\/","url":"https:\/\/watchbandit.de\/wp-content\/uploads\/2017\/11\/WB_Logo_557x124.png","contentUrl":"https:\/\/watchbandit.de\/wp-content\/uploads\/2017\/11\/WB_Logo_557x124.png","width":557,"height":124,"caption":"WatchBandit"},"image":{"@id":"https:\/\/watch-bandit.com\/#\/schema\/logo\/image\/"}}]}},"_links":{"self":[{"href":"https:\/\/watch-bandit.com\/de\/wp-json\/wp\/v2\/pages\/87305"}],"collection":[{"href":"https:\/\/watch-bandit.com\/de\/wp-json\/wp\/v2\/pages"}],"about":[{"href":"https:\/\/watch-bandit.com\/de\/wp-json\/wp\/v2\/types\/page"}],"author":[{"embeddable":true,"href":"https:\/\/watch-bandit.com\/de\/wp-json\/wp\/v2\/users\/61"}],"replies":[{"embeddable":true,"href":"https:\/\/watch-bandit.com\/de\/wp-json\/wp\/v2\/comments?post=87305"}],"version-history":[{"count":4,"href":"https:\/\/watch-bandit.com\/de\/wp-json\/wp\/v2\/pages\/87305\/revisions"}],"predecessor-version":[{"id":345579,"href":"https:\/\/watch-bandit.com\/de\/wp-json\/wp\/v2\/pages\/87305\/revisions\/345579"}],"wp:attachment":[{"href":"https:\/\/watch-bandit.com\/de\/wp-json\/wp\/v2\/media?parent=87305"}],"curies":[{"name":"wp","href":"https:\/\/api.w.org\/{rel}","templated":true}]}}