{"id":237340,"date":"2019-04-26T08:28:10","date_gmt":"2019-04-26T06:28:13","guid":{"rendered":"https:\/\/watchbandit.com\/?post_type=product&#038;p=237340"},"modified":"2026-02-15T15:25:45","modified_gmt":"2026-02-15T14:25:45","slug":"premium-nylon-uhrenarmband-khaki-wb-original","status":"publish","type":"product","link":"https:\/\/watch-bandit.com\/de\/produkt\/premium-nylon-uhrenarmband-khaki-wb-original\/","title":{"rendered":"Premium Nylon Uhrenarmband &#8211; Khaki | WB Original"},"content":{"rendered":"<p><img loading=\"lazy\" decoding=\"async\" class=\"alignnone size-full wp-image-342525\" src=\"https:\/\/watchbandit.de\/wp-content\/uploads\/2022\/05\/WB_premium_Nylon-straps_Banner2.webp\" alt=\"\" width=\"1772\" height=\"530\" srcset=\"https:\/\/watch-bandit.com\/wp-content\/uploads\/2022\/05\/WB_premium_Nylon-straps_Banner2.webp 1772w, https:\/\/watch-bandit.com\/wp-content\/uploads\/2022\/05\/WB_premium_Nylon-straps_Banner2-280x84.webp 280w, https:\/\/watch-bandit.com\/wp-content\/uploads\/2022\/05\/WB_premium_Nylon-straps_Banner2-1400x419.webp 1400w\" sizes=\"(max-width: 1772px) 100vw, 1772px\" \/><\/p>\n<h3>WatchBandit Original Premium Nylon Uhrenarmb\u00e4nder<\/h3>\n<p>Unsere WatchBandit Original <strong>Premium Nylons<\/strong> sind aus qualitativ hochwertigem, flachen und belastbaren Nylon hergestellt, ohne dabei unerschwinglich zu sein. Mit einer <strong>Dicke von nur<\/strong> <strong>1,2 mm<\/strong> ist es besonders <strong>fein gewebt<\/strong> und bleibt somit <strong>sehr weich und angenehm<\/strong> zu tragen.<\/p>\n<p>In Berlin entworfen und zusammen mit den besten Uhrenfabriken gefertigt, bringen wir unsere langj\u00e4hrige Erfahrung auf den Tisch, um Premium-Uhrenb\u00e4nder zu fairen Preisen herzustellen. Mit den neuesten Trends und h\u00f6chsten Standards produzieren wir die B\u00e4nder, nach denen Ihr schon immer gesucht habt. Nachdem wir eine Kategorie Armb\u00e4nder f\u00fcr eine bestimmte Zeit verkauft haben, sammeln wir die Erfahrungen, die ihr mit den B\u00e4ndern gemacht habt, um die Produkte am Markt zu verbessern und das perfekte Armband f\u00fcr Euch herzustellen.<\/p>\n<p>Da es auf dem Markt in den meisten F\u00e4llen nichts Vergleichbares gibt, passen wir die Produkte an die Bed\u00fcrfnisse unserer modernen Uhrenliebhaber an. Die Armb\u00e4nder von WatchBandit Original sind die Essenz eines jahrelangen Prozesses und wurden mit Eurer Hilfe entwickelt. Danke, dass Ihr uns geholfen habt, hochwertige Armb\u00e4nder erschwinglich zu machen!<\/p>\n","protected":false},"excerpt":{"rendered":"<p>Wenn du auf der Suche nach dem besten Nylon Uhren Armband auf dem Markt bist, ist deine Suche nun beendet: Denn das Nylon, aus dem unserer Premium Nylon Armb\u00e4nder gefertigt werden ist fein gewoben, angenehm weich, nur 1.2 mm dick und gleichzeitig sehr strapazierf\u00e4hig. Schnalle und Dorn sind aus rostfreiem 316L Edelstahl. Heb dich ab von der Masse mit einem unserer Premium Nylon Uhrenarmb\u00e4nder.<\/p>\n<p><strong>Nylon:<\/strong> Feine Sicherheitsgurt-Qualit\u00e4t, weich und angenehm zu tragen<br \/>\n<strong>Schnalle:<\/strong> Edelstahl (316L) mit WB Logo<br \/>\n<strong>Gr\u00f6\u00dfe:<\/strong> ca. 1,2 mm Dicke und 28 cm L\u00e4nge (ohne Schlie\u00dfe)<\/p>\n","protected":false},"featured_media":342983,"comment_status":"open","ping_status":"closed","template":"","meta":[],"product_cat":[4497,32,2835,3589,2837,334,2976],"product_tag":[],"yoast_head":"<!-- This site is optimized with the Yoast SEO plugin v21.9 - https:\/\/yoast.com\/wordpress\/plugins\/seo\/ -->\n<title>Premium Nylon Uhrenarmband - Khaki | WB Original - WATCHBANDIT<\/title>\n<meta name=\"description\" content=\"Nylon Uhrenarmb\u00e4nder bei WatchBandit kaufen \u2713 Premium Nylon Qualit\u00e4t \u2713 Weltweiter Versand \u2713 Trusted Shops zertifiziert \u2713\" \/>\n<meta name=\"robots\" content=\"noindex, follow, max-snippet:-1, max-image-preview:large, max-video-preview:-1\" \/>\n<meta property=\"og:locale\" content=\"de_DE\" \/>\n<meta property=\"og:type\" content=\"article\" \/>\n<meta property=\"og:title\" content=\"Premium Nylon Uhrenarmband - Khaki | WB Original - WATCHBANDIT\" \/>\n<meta property=\"og:description\" content=\"Nylon Uhrenarmb\u00e4nder bei WatchBandit kaufen \u2713 Premium Nylon Qualit\u00e4t \u2713 Weltweiter Versand \u2713 Trusted Shops zertifiziert \u2713\" \/>\n<meta property=\"og:url\" content=\"https:\/\/watch-bandit.com\/de\/produkt\/premium-nylon-uhrenarmband-khaki-wb-original\/\" \/>\n<meta property=\"og:site_name\" content=\"WATCHBANDIT\" \/>\n<meta property=\"article:modified_time\" content=\"2026-02-15T14:25:45+00:00\" \/>\n<meta property=\"og:image\" content=\"https:\/\/watch-bandit.com\/wp-content\/uploads\/2019\/04\/premium-single-piece-nylon-strap-khaki-669f8dc25077b.webp\" \/>\n\t<meta property=\"og:image:width\" content=\"850\" \/>\n\t<meta property=\"og:image:height\" content=\"850\" \/>\n\t<meta property=\"og:image:type\" content=\"image\/webp\" \/>\n<meta name=\"twitter:label1\" content=\"Gesch\u00e4tzte Lesezeit\" \/>\n\t<meta name=\"twitter:data1\" content=\"1 Minute\" \/>\n<script type=\"application\/ld+json\" class=\"yoast-schema-graph\">{\"@context\":\"https:\/\/schema.org\",\"@graph\":[{\"@type\":\"WebPage\",\"@id\":\"https:\/\/watch-bandit.com\/de\/produkt\/premium-nylon-uhrenarmband-khaki-wb-original\/\",\"url\":\"https:\/\/watch-bandit.com\/de\/produkt\/premium-nylon-uhrenarmband-khaki-wb-original\/\",\"name\":\"Premium Nylon Uhrenarmband - Khaki | WB Original - WATCHBANDIT\",\"isPartOf\":{\"@id\":\"https:\/\/watch-bandit.com\/#website\"},\"datePublished\":\"2019-04-26T06:28:13+00:00\",\"dateModified\":\"2026-02-15T14:25:45+00:00\",\"description\":\"Nylon Uhrenarmb\u00e4nder bei WatchBandit kaufen \u2713 Premium Nylon Qualit\u00e4t \u2713 Weltweiter Versand \u2713 Trusted Shops zertifiziert \u2713\",\"breadcrumb\":{\"@id\":\"https:\/\/watch-bandit.com\/de\/produkt\/premium-nylon-uhrenarmband-khaki-wb-original\/#breadcrumb\"},\"inLanguage\":\"de-DE\",\"potentialAction\":[{\"@type\":\"ReadAction\",\"target\":[\"https:\/\/watch-bandit.com\/de\/produkt\/premium-nylon-uhrenarmband-khaki-wb-original\/\"]}]},{\"@type\":\"BreadcrumbList\",\"@id\":\"https:\/\/watch-bandit.com\/de\/produkt\/premium-nylon-uhrenarmband-khaki-wb-original\/#breadcrumb\",\"itemListElement\":[{\"@type\":\"ListItem\",\"position\":1,\"name\":\"Home\",\"item\":\"https:\/\/watchbandit.de\/\"},{\"@type\":\"ListItem\",\"position\":2,\"name\":\"Shop\",\"item\":\"https:\/\/watchbandit.de\/shop\/\"},{\"@type\":\"ListItem\",\"position\":3,\"name\":\"Watch Bands\",\"item\":\"https:\/\/watch-bandit.com\/products\/watch-bands\/\"},{\"@type\":\"ListItem\",\"position\":4,\"name\":\"Nylon Armb\u00e4nder\",\"item\":\"https:\/\/watch-bandit.com\/de\/produkte\/uhrenarmbaender\/nylon-armbander\/\"},{\"@type\":\"ListItem\",\"position\":5,\"name\":\"Single Piece Nylon Straps\",\"item\":\"https:\/\/watch-bandit.com\/products\/watch-bands\/nylon-straps\/single-piece-nylon-straps\/\"},{\"@type\":\"ListItem\",\"position\":6,\"name\":\"Premium Nylon Straps (1.2mm)\",\"item\":\"https:\/\/watch-bandit.com\/products\/watch-bands\/nylon-straps\/single-piece-nylon-straps\/premium-nylon-straps-1-2-mm\/\"},{\"@type\":\"ListItem\",\"position\":7,\"name\":\"Premium Nylon Uhrenarmband &#8211; Khaki | WB Original\"}]},{\"@type\":\"WebSite\",\"@id\":\"https:\/\/watch-bandit.com\/#website\",\"url\":\"https:\/\/watch-bandit.com\/\",\"name\":\"WATCHBANDIT\",\"description\":\"Contemporary Wrist Accessories\",\"publisher\":{\"@id\":\"https:\/\/watch-bandit.com\/#organization\"},\"potentialAction\":[{\"@type\":\"SearchAction\",\"target\":{\"@type\":\"EntryPoint\",\"urlTemplate\":\"https:\/\/watch-bandit.com\/?s={search_term_string}\"},\"query-input\":\"required name=search_term_string\"}],\"inLanguage\":\"de-DE\"},{\"@type\":\"Organization\",\"@id\":\"https:\/\/watch-bandit.com\/#organization\",\"name\":\"WatchBandit\",\"url\":\"https:\/\/watch-bandit.com\/\",\"logo\":{\"@type\":\"ImageObject\",\"inLanguage\":\"de-DE\",\"@id\":\"https:\/\/watch-bandit.com\/#\/schema\/logo\/image\/\",\"url\":\"https:\/\/watchbandit.de\/wp-content\/uploads\/2017\/11\/WB_Logo_557x124.png\",\"contentUrl\":\"https:\/\/watchbandit.de\/wp-content\/uploads\/2017\/11\/WB_Logo_557x124.png\",\"width\":557,\"height\":124,\"caption\":\"WatchBandit\"},\"image\":{\"@id\":\"https:\/\/watch-bandit.com\/#\/schema\/logo\/image\/\"}}]}<\/script>\n<!-- \/ Yoast SEO plugin. -->","yoast_head_json":{"title":"Premium Nylon Uhrenarmband - Khaki | WB Original - WATCHBANDIT","description":"Nylon Uhrenarmb\u00e4nder bei WatchBandit kaufen \u2713 Premium Nylon Qualit\u00e4t \u2713 Weltweiter Versand \u2713 Trusted Shops zertifiziert \u2713","robots":{"index":"noindex","follow":"follow","max-snippet":"max-snippet:-1","max-image-preview":"max-image-preview:large","max-video-preview":"max-video-preview:-1"},"og_locale":"de_DE","og_type":"article","og_title":"Premium Nylon Uhrenarmband - Khaki | WB Original - WATCHBANDIT","og_description":"Nylon Uhrenarmb\u00e4nder bei WatchBandit kaufen \u2713 Premium Nylon Qualit\u00e4t \u2713 Weltweiter Versand \u2713 Trusted Shops zertifiziert \u2713","og_url":"https:\/\/watch-bandit.com\/de\/produkt\/premium-nylon-uhrenarmband-khaki-wb-original\/","og_site_name":"WATCHBANDIT","article_modified_time":"2026-02-15T14:25:45+00:00","og_image":[{"width":850,"height":850,"url":"https:\/\/watch-bandit.com\/wp-content\/uploads\/2019\/04\/premium-single-piece-nylon-strap-khaki-669f8dc25077b.webp","type":"image\/webp"}],"twitter_misc":{"Gesch\u00e4tzte Lesezeit":"1 Minute"},"schema":{"@context":"https:\/\/schema.org","@graph":[{"@type":"WebPage","@id":"https:\/\/watch-bandit.com\/de\/produkt\/premium-nylon-uhrenarmband-khaki-wb-original\/","url":"https:\/\/watch-bandit.com\/de\/produkt\/premium-nylon-uhrenarmband-khaki-wb-original\/","name":"Premium Nylon Uhrenarmband - Khaki | WB Original - WATCHBANDIT","isPartOf":{"@id":"https:\/\/watch-bandit.com\/#website"},"datePublished":"2019-04-26T06:28:13+00:00","dateModified":"2026-02-15T14:25:45+00:00","description":"Nylon Uhrenarmb\u00e4nder bei WatchBandit kaufen \u2713 Premium Nylon Qualit\u00e4t \u2713 Weltweiter Versand \u2713 Trusted Shops zertifiziert \u2713","breadcrumb":{"@id":"https:\/\/watch-bandit.com\/de\/produkt\/premium-nylon-uhrenarmband-khaki-wb-original\/#breadcrumb"},"inLanguage":"de-DE","potentialAction":[{"@type":"ReadAction","target":["https:\/\/watch-bandit.com\/de\/produkt\/premium-nylon-uhrenarmband-khaki-wb-original\/"]}]},{"@type":"BreadcrumbList","@id":"https:\/\/watch-bandit.com\/de\/produkt\/premium-nylon-uhrenarmband-khaki-wb-original\/#breadcrumb","itemListElement":[{"@type":"ListItem","position":1,"name":"Home","item":"https:\/\/watchbandit.de\/"},{"@type":"ListItem","position":2,"name":"Shop","item":"https:\/\/watchbandit.de\/shop\/"},{"@type":"ListItem","position":3,"name":"Watch Bands","item":"https:\/\/watch-bandit.com\/products\/watch-bands\/"},{"@type":"ListItem","position":4,"name":"Nylon Armb\u00e4nder","item":"https:\/\/watch-bandit.com\/de\/produkte\/uhrenarmbaender\/nylon-armbander\/"},{"@type":"ListItem","position":5,"name":"Single Piece Nylon Straps","item":"https:\/\/watch-bandit.com\/products\/watch-bands\/nylon-straps\/single-piece-nylon-straps\/"},{"@type":"ListItem","position":6,"name":"Premium Nylon Straps (1.2mm)","item":"https:\/\/watch-bandit.com\/products\/watch-bands\/nylon-straps\/single-piece-nylon-straps\/premium-nylon-straps-1-2-mm\/"},{"@type":"ListItem","position":7,"name":"Premium Nylon Uhrenarmband &#8211; Khaki | WB Original"}]},{"@type":"WebSite","@id":"https:\/\/watch-bandit.com\/#website","url":"https:\/\/watch-bandit.com\/","name":"WATCHBANDIT","description":"Contemporary Wrist Accessories","publisher":{"@id":"https:\/\/watch-bandit.com\/#organization"},"potentialAction":[{"@type":"SearchAction","target":{"@type":"EntryPoint","urlTemplate":"https:\/\/watch-bandit.com\/?s={search_term_string}"},"query-input":"required name=search_term_string"}],"inLanguage":"de-DE"},{"@type":"Organization","@id":"https:\/\/watch-bandit.com\/#organization","name":"WatchBandit","url":"https:\/\/watch-bandit.com\/","logo":{"@type":"ImageObject","inLanguage":"de-DE","@id":"https:\/\/watch-bandit.com\/#\/schema\/logo\/image\/","url":"https:\/\/watchbandit.de\/wp-content\/uploads\/2017\/11\/WB_Logo_557x124.png","contentUrl":"https:\/\/watchbandit.de\/wp-content\/uploads\/2017\/11\/WB_Logo_557x124.png","width":557,"height":124,"caption":"WatchBandit"},"image":{"@id":"https:\/\/watch-bandit.com\/#\/schema\/logo\/image\/"}}]}},"_links":{"self":[{"href":"https:\/\/watch-bandit.com\/de\/wp-json\/wp\/v2\/product\/237340"}],"collection":[{"href":"https:\/\/watch-bandit.com\/de\/wp-json\/wp\/v2\/product"}],"about":[{"href":"https:\/\/watch-bandit.com\/de\/wp-json\/wp\/v2\/types\/product"}],"replies":[{"embeddable":true,"href":"https:\/\/watch-bandit.com\/de\/wp-json\/wp\/v2\/comments?post=237340"}],"wp:featuredmedia":[{"embeddable":true,"href":"https:\/\/watch-bandit.com\/de\/wp-json\/wp\/v2\/media\/342983"}],"wp:attachment":[{"href":"https:\/\/watch-bandit.com\/de\/wp-json\/wp\/v2\/media?parent=237340"}],"wp:term":[{"taxonomy":"product_cat","embeddable":true,"href":"https:\/\/watch-bandit.com\/de\/wp-json\/wp\/v2\/product_cat?post=237340"},{"taxonomy":"product_tag","embeddable":true,"href":"https:\/\/watch-bandit.com\/de\/wp-json\/wp\/v2\/product_tag?post=237340"}],"curies":[{"name":"wp","href":"https:\/\/api.w.org\/{rel}","templated":true}]}}