{"id":240053,"date":"2019-06-21T11:34:44","date_gmt":"2019-06-21T09:34:45","guid":{"rendered":"https:\/\/watchbandit.com\/?post_type=product&#038;p=240053"},"modified":"2025-11-04T17:19:17","modified_gmt":"2025-11-04T16:19:17","slug":"zweiteiliges-nylon-uhrenarmband-blau-hellblau-wb-original","status":"publish","type":"product","link":"https:\/\/watch-bandit.com\/de\/produkt\/zweiteiliges-nylon-uhrenarmband-blau-hellblau-wb-original\/","title":{"rendered":"Zweiteiliges Nylon Uhrenarmband Blau &#038; Hellblau | WB Original"},"content":{"rendered":"<h3>Zweiteilige Nylon Armb\u00e4nder von WB Original<\/h3>\n<p>Zweiteilige Nylon Armb\u00e4nder sind f\u00fcr all diejenigen, denen die einteiligen Nylons zu wuchtig am Handgelenk erscheinen. Unsere WatchBandit Original zweiteiligen Nylons sind aus qualitativ hochwertigem und belastbaren Nylon hergestellt, ohne dabei unerschwinglich zu sein. Normale Nylon Uhrenarmb\u00e4nder lassen die Uhr (ca. 2,8 mm) h\u00f6her am Handgelenk sitzen. Deshalb haben wir unsere WB Original zweiteilige Nylon Uhrenarmb\u00e4nder entworfen.<\/p>\n<p>Unsere zweiteiligen Nylons sind wie ein normales Uhrenarmband designed, jedoch aus dem gleichen klassischen Nylon-Gurt-Material und doppellagig. Die Dicke von 3 mm ist ideal f\u00fcr dickere Uhren, zum Beispiel Taucher- oder Sportuhren. Trotz ihrer Dicke und der doppelten Lage sind sie erstaunlich weich und angenehm zu tragen. Ein regul\u00e4res Nylon-Armband w\u00fcrde den Geh\u00e4useboden und somit das sch\u00f6ne Uhrwerk abdecken. Unser zweiteiliges Nylon besteht aus zwei getrennten B\u00e4ndern, sodass Sie immer noch die Unruh beobachten k\u00f6nnen.<\/p>\n<h3>Design aus Berlin<\/h3>\n<p>In Berlin entworfen und zusammen mit den besten Uhrenfabriken gefertigt, bringen wir unsere langj\u00e4hrige Erfahrung auf den Tisch, um Premium-Uhrenb\u00e4nder zu fairen Preisen herzustellen. Mit den neuesten Trends und h\u00f6chsten Standards produzieren wir die B\u00e4nder, nach denen Ihr schon immer gesucht habt. Nachdem wir eine Kategorie Armb\u00e4nder f\u00fcr eine bestimmte Zeit verkauft haben, sammeln wir die Erfahrungen, die ihr mit den B\u00e4ndern gemacht habt, um die Produkte am Markt zu verbessern und das perfekte Armband f\u00fcr Euch herzustellen. Da es auf dem Markt in den meisten F\u00e4llen nichts Vergleichbares gibt, passen wir die Produkte an die Bed\u00fcrfnisse unserer modernen Uhrenliebhaber an. Die Armb\u00e4nder von WatchBandit Original sind die Essenz eines jahrelangen Prozesses und wurden mit Eurer Hilfe entwickelt. Danke, dass Ihr uns geholfen habt, hochwertige Armb\u00e4nder erschwinglich zu machen!<\/p>\n","protected":false},"excerpt":{"rendered":"<div class=\"woocommerce-product-details__short-description\">\n<div class=\"woocommerce-product-details__short-description\">\n<div class=\"woocommerce-product-details__short-description\">\n<p>Wenn du auf der Suche nach dem besten zweiteiligen Nylon Uhren Armband auf dem Markt bist, ist deine Suche nun beendet: Denn das Nylon, aus dem unserer Premium Nylon Armb\u00e4nder gefertigt werden ist angenehm weich, und da aus demselben Nylon wie f\u00fcr Sicherheitsgurte gefertigt, gleichzeitig sehr strapazierf\u00e4hig. Schnalle und Dorn sind aus rostfreiem 316L Edelstahl mit geb\u00fcrstetem Finish. Heb dich ab von der Masse mit einem unserer Premium Nylon Uhrenarmb\u00e4nder.<\/p>\n<p><strong>Nylon:<\/strong> Hochwertige Sicherheitsgurt Qualit\u00e4t, weich und angenehm zu tragen<br \/>\n<strong>Schnalle:<\/strong> aus geb\u00fcrstetem Edelstahl (316L) mit WB Logo<br \/>\n<strong>Gr\u00f6\u00dfe:<\/strong>\u00a012 cm + 7,5 cmL\u00e4nge, ca. 3 mm Dicke (Breite an Schlie\u00dfe wie Bandansto\u00df)<\/p>\n<\/div>\n<\/div>\n<\/div>\n","protected":false},"featured_media":343714,"comment_status":"open","ping_status":"closed","template":"","meta":[],"product_cat":[32,2835,2837,334,2976,3224],"product_tag":[],"yoast_head":"<!-- This site is optimized with the Yoast SEO plugin v21.9 - https:\/\/yoast.com\/wordpress\/plugins\/seo\/ -->\n<title>Zweiteiliges Nylon Uhrenarmband Blau &amp; Hellblau | WB Original - WATCHBANDIT<\/title>\n<meta name=\"description\" content=\"Zweiteilige Nylon Uhrenarmb\u00e4nder in premium Qualit\u00e4t bei WatchBandit kaufen \u2713 Trusted Shops zertifiziert \u2713 Passion f\u00fcr Uhren seit 2014 \u2713\" \/>\n<meta name=\"robots\" content=\"noindex, follow, max-snippet:-1, max-image-preview:large, max-video-preview:-1\" \/>\n<meta property=\"og:locale\" content=\"de_DE\" \/>\n<meta property=\"og:type\" content=\"article\" \/>\n<meta property=\"og:title\" content=\"Zweiteiliges Nylon Uhrenarmband Blau &amp; Hellblau | WB Original - WATCHBANDIT\" \/>\n<meta property=\"og:description\" content=\"Zweiteilige Nylon Uhrenarmb\u00e4nder in premium Qualit\u00e4t bei WatchBandit kaufen \u2713 Trusted Shops zertifiziert \u2713 Passion f\u00fcr Uhren seit 2014 \u2713\" \/>\n<meta property=\"og:url\" content=\"https:\/\/watch-bandit.com\/de\/produkt\/zweiteiliges-nylon-uhrenarmband-blau-hellblau-wb-original\/\" \/>\n<meta property=\"og:site_name\" content=\"WATCHBANDIT\" \/>\n<meta property=\"article:modified_time\" content=\"2025-11-04T16:19:17+00:00\" \/>\n<meta property=\"og:image\" content=\"https:\/\/watch-bandit.com\/wp-content\/uploads\/2019\/06\/two-piece-nylon-strap-blue-stripe-wb-original-buckle-66b2243d67494.webp\" \/>\n\t<meta property=\"og:image:width\" content=\"1181\" \/>\n\t<meta property=\"og:image:height\" content=\"1181\" \/>\n\t<meta property=\"og:image:type\" content=\"image\/webp\" \/>\n<meta name=\"twitter:label1\" content=\"Gesch\u00e4tzte Lesezeit\" \/>\n\t<meta name=\"twitter:data1\" content=\"2 Minuten\" \/>\n<script type=\"application\/ld+json\" class=\"yoast-schema-graph\">{\"@context\":\"https:\/\/schema.org\",\"@graph\":[{\"@type\":\"WebPage\",\"@id\":\"https:\/\/watch-bandit.com\/de\/produkt\/zweiteiliges-nylon-uhrenarmband-blau-hellblau-wb-original\/\",\"url\":\"https:\/\/watch-bandit.com\/de\/produkt\/zweiteiliges-nylon-uhrenarmband-blau-hellblau-wb-original\/\",\"name\":\"Zweiteiliges Nylon Uhrenarmband Blau & Hellblau | WB Original - WATCHBANDIT\",\"isPartOf\":{\"@id\":\"https:\/\/watch-bandit.com\/#website\"},\"datePublished\":\"2019-06-21T09:34:45+00:00\",\"dateModified\":\"2025-11-04T16:19:17+00:00\",\"description\":\"Zweiteilige Nylon Uhrenarmb\u00e4nder in premium Qualit\u00e4t bei WatchBandit kaufen \u2713 Trusted Shops zertifiziert \u2713 Passion f\u00fcr Uhren seit 2014 \u2713\",\"breadcrumb\":{\"@id\":\"https:\/\/watch-bandit.com\/de\/produkt\/zweiteiliges-nylon-uhrenarmband-blau-hellblau-wb-original\/#breadcrumb\"},\"inLanguage\":\"de-DE\",\"potentialAction\":[{\"@type\":\"ReadAction\",\"target\":[\"https:\/\/watch-bandit.com\/de\/produkt\/zweiteiliges-nylon-uhrenarmband-blau-hellblau-wb-original\/\"]}]},{\"@type\":\"BreadcrumbList\",\"@id\":\"https:\/\/watch-bandit.com\/de\/produkt\/zweiteiliges-nylon-uhrenarmband-blau-hellblau-wb-original\/#breadcrumb\",\"itemListElement\":[{\"@type\":\"ListItem\",\"position\":1,\"name\":\"Home\",\"item\":\"https:\/\/watchbandit.de\/\"},{\"@type\":\"ListItem\",\"position\":2,\"name\":\"Shop\",\"item\":\"https:\/\/watchbandit.de\/shop\/\"},{\"@type\":\"ListItem\",\"position\":3,\"name\":\"Watch Bands\",\"item\":\"https:\/\/watch-bandit.com\/products\/watch-bands\/\"},{\"@type\":\"ListItem\",\"position\":4,\"name\":\"Zweiteiliges Nylon Uhrenarmband Blau &#038; Hellblau | WB Original\"}]},{\"@type\":\"WebSite\",\"@id\":\"https:\/\/watch-bandit.com\/#website\",\"url\":\"https:\/\/watch-bandit.com\/\",\"name\":\"WATCHBANDIT\",\"description\":\"Contemporary Wrist Accessories\",\"publisher\":{\"@id\":\"https:\/\/watch-bandit.com\/#organization\"},\"potentialAction\":[{\"@type\":\"SearchAction\",\"target\":{\"@type\":\"EntryPoint\",\"urlTemplate\":\"https:\/\/watch-bandit.com\/?s={search_term_string}\"},\"query-input\":\"required name=search_term_string\"}],\"inLanguage\":\"de-DE\"},{\"@type\":\"Organization\",\"@id\":\"https:\/\/watch-bandit.com\/#organization\",\"name\":\"WatchBandit\",\"url\":\"https:\/\/watch-bandit.com\/\",\"logo\":{\"@type\":\"ImageObject\",\"inLanguage\":\"de-DE\",\"@id\":\"https:\/\/watch-bandit.com\/#\/schema\/logo\/image\/\",\"url\":\"https:\/\/watchbandit.de\/wp-content\/uploads\/2017\/11\/WB_Logo_557x124.png\",\"contentUrl\":\"https:\/\/watchbandit.de\/wp-content\/uploads\/2017\/11\/WB_Logo_557x124.png\",\"width\":557,\"height\":124,\"caption\":\"WatchBandit\"},\"image\":{\"@id\":\"https:\/\/watch-bandit.com\/#\/schema\/logo\/image\/\"}}]}<\/script>\n<!-- \/ Yoast SEO plugin. -->","yoast_head_json":{"title":"Zweiteiliges Nylon Uhrenarmband Blau & Hellblau | WB Original - WATCHBANDIT","description":"Zweiteilige Nylon Uhrenarmb\u00e4nder in premium Qualit\u00e4t bei WatchBandit kaufen \u2713 Trusted Shops zertifiziert \u2713 Passion f\u00fcr Uhren seit 2014 \u2713","robots":{"index":"noindex","follow":"follow","max-snippet":"max-snippet:-1","max-image-preview":"max-image-preview:large","max-video-preview":"max-video-preview:-1"},"og_locale":"de_DE","og_type":"article","og_title":"Zweiteiliges Nylon Uhrenarmband Blau & Hellblau | WB Original - WATCHBANDIT","og_description":"Zweiteilige Nylon Uhrenarmb\u00e4nder in premium Qualit\u00e4t bei WatchBandit kaufen \u2713 Trusted Shops zertifiziert \u2713 Passion f\u00fcr Uhren seit 2014 \u2713","og_url":"https:\/\/watch-bandit.com\/de\/produkt\/zweiteiliges-nylon-uhrenarmband-blau-hellblau-wb-original\/","og_site_name":"WATCHBANDIT","article_modified_time":"2025-11-04T16:19:17+00:00","og_image":[{"width":1181,"height":1181,"url":"https:\/\/watch-bandit.com\/wp-content\/uploads\/2019\/06\/two-piece-nylon-strap-blue-stripe-wb-original-buckle-66b2243d67494.webp","type":"image\/webp"}],"twitter_misc":{"Gesch\u00e4tzte Lesezeit":"2 Minuten"},"schema":{"@context":"https:\/\/schema.org","@graph":[{"@type":"WebPage","@id":"https:\/\/watch-bandit.com\/de\/produkt\/zweiteiliges-nylon-uhrenarmband-blau-hellblau-wb-original\/","url":"https:\/\/watch-bandit.com\/de\/produkt\/zweiteiliges-nylon-uhrenarmband-blau-hellblau-wb-original\/","name":"Zweiteiliges Nylon Uhrenarmband Blau & Hellblau | WB Original - WATCHBANDIT","isPartOf":{"@id":"https:\/\/watch-bandit.com\/#website"},"datePublished":"2019-06-21T09:34:45+00:00","dateModified":"2025-11-04T16:19:17+00:00","description":"Zweiteilige Nylon Uhrenarmb\u00e4nder in premium Qualit\u00e4t bei WatchBandit kaufen \u2713 Trusted Shops zertifiziert \u2713 Passion f\u00fcr Uhren seit 2014 \u2713","breadcrumb":{"@id":"https:\/\/watch-bandit.com\/de\/produkt\/zweiteiliges-nylon-uhrenarmband-blau-hellblau-wb-original\/#breadcrumb"},"inLanguage":"de-DE","potentialAction":[{"@type":"ReadAction","target":["https:\/\/watch-bandit.com\/de\/produkt\/zweiteiliges-nylon-uhrenarmband-blau-hellblau-wb-original\/"]}]},{"@type":"BreadcrumbList","@id":"https:\/\/watch-bandit.com\/de\/produkt\/zweiteiliges-nylon-uhrenarmband-blau-hellblau-wb-original\/#breadcrumb","itemListElement":[{"@type":"ListItem","position":1,"name":"Home","item":"https:\/\/watchbandit.de\/"},{"@type":"ListItem","position":2,"name":"Shop","item":"https:\/\/watchbandit.de\/shop\/"},{"@type":"ListItem","position":3,"name":"Watch Bands","item":"https:\/\/watch-bandit.com\/products\/watch-bands\/"},{"@type":"ListItem","position":4,"name":"Zweiteiliges Nylon Uhrenarmband Blau &#038; Hellblau | WB Original"}]},{"@type":"WebSite","@id":"https:\/\/watch-bandit.com\/#website","url":"https:\/\/watch-bandit.com\/","name":"WATCHBANDIT","description":"Contemporary Wrist Accessories","publisher":{"@id":"https:\/\/watch-bandit.com\/#organization"},"potentialAction":[{"@type":"SearchAction","target":{"@type":"EntryPoint","urlTemplate":"https:\/\/watch-bandit.com\/?s={search_term_string}"},"query-input":"required name=search_term_string"}],"inLanguage":"de-DE"},{"@type":"Organization","@id":"https:\/\/watch-bandit.com\/#organization","name":"WatchBandit","url":"https:\/\/watch-bandit.com\/","logo":{"@type":"ImageObject","inLanguage":"de-DE","@id":"https:\/\/watch-bandit.com\/#\/schema\/logo\/image\/","url":"https:\/\/watchbandit.de\/wp-content\/uploads\/2017\/11\/WB_Logo_557x124.png","contentUrl":"https:\/\/watchbandit.de\/wp-content\/uploads\/2017\/11\/WB_Logo_557x124.png","width":557,"height":124,"caption":"WatchBandit"},"image":{"@id":"https:\/\/watch-bandit.com\/#\/schema\/logo\/image\/"}}]}},"_links":{"self":[{"href":"https:\/\/watch-bandit.com\/de\/wp-json\/wp\/v2\/product\/240053"}],"collection":[{"href":"https:\/\/watch-bandit.com\/de\/wp-json\/wp\/v2\/product"}],"about":[{"href":"https:\/\/watch-bandit.com\/de\/wp-json\/wp\/v2\/types\/product"}],"replies":[{"embeddable":true,"href":"https:\/\/watch-bandit.com\/de\/wp-json\/wp\/v2\/comments?post=240053"}],"wp:featuredmedia":[{"embeddable":true,"href":"https:\/\/watch-bandit.com\/de\/wp-json\/wp\/v2\/media\/343714"}],"wp:attachment":[{"href":"https:\/\/watch-bandit.com\/de\/wp-json\/wp\/v2\/media?parent=240053"}],"wp:term":[{"taxonomy":"product_cat","embeddable":true,"href":"https:\/\/watch-bandit.com\/de\/wp-json\/wp\/v2\/product_cat?post=240053"},{"taxonomy":"product_tag","embeddable":true,"href":"https:\/\/watch-bandit.com\/de\/wp-json\/wp\/v2\/product_tag?post=240053"}],"curies":[{"name":"wp","href":"https:\/\/api.w.org\/{rel}","templated":true}]}}