{"id":249564,"date":"2019-12-20T14:57:02","date_gmt":"2019-12-20T13:57:02","guid":{"rendered":"https:\/\/watchbandit.com\/?post_type=product&#038;p=249564"},"modified":"2025-12-02T14:31:22","modified_gmt":"2025-12-02T13:31:22","slug":"finewatchesberlin-teufelsberg-weiss-nr-2","status":"publish","type":"product","link":"https:\/\/watch-bandit.com\/de\/produkt\/finewatchesberlin-teufelsberg-weiss-nr-2\/","title":{"rendered":"FineWatchesBerlin &#8211; Teufelsberg Weiss Nr.2"},"content":{"rendered":"<h1><span style=\"color: #1b1919; font-family: Karla, Arial, Helvetica, sans-serif; font-size: 28px;\">From Berlin with Love. FineWatchesBerlin.<\/span><\/h1>\n<div class=\"fl-col-group fl-node-5b5eb8081be43\" data-node=\"5b5eb8081be43\">\n<div class=\"fl-col fl-node-5b5eb8081c1de\" data-node=\"5b5eb8081c1de\">\n<div class=\"fl-col-content fl-node-content\">\n<div class=\"fl-module fl-module-heading fl-node-5b5eb8081bc31 fwb-benguiat\" data-node=\"5b5eb8081bc31\">\n<div class=\"fl-module-content fl-node-content\">\n\n\t\t\t<style>\n\t\t\t\t#gallery-1 {\n\t\t\t\t\tmargin: auto;\n\t\t\t\t}\n\t\t\t\t#gallery-1 .gallery-item {\n\t\t\t\t\tfloat: left;\n\t\t\t\t\tmargin-top: 10px;\n\t\t\t\t\ttext-align: center;\n\t\t\t\t\twidth: 33%;\n\t\t\t\t}\n\t\t\t\t#gallery-1 img {\n\t\t\t\t\tmax-width:100%;\n\t\t\t\t}\n\t\t\t\t#gallery-1 .gallery-caption {\n\t\t\t\t\tmargin-left: 0;\n\t\t\t\t}\n\t\t\t<\/style>\n\t\t<div id='gallery-1' class='gallery galleryid-249564 gallery-columns-3 gallery-size-large basel-justified-gallery'>\n\t\t\t\t\t<a href='https:\/\/watch-bandit.com\/wp-content\/uploads\/2020\/01\/FineWatchesBerlin-1-min2-min.jpg'><img loading=\"lazy\" decoding=\"async\" width=\"1024\" height=\"768\" src=\"https:\/\/watch-bandit.com\/wp-content\/uploads\/2020\/01\/FineWatchesBerlin-1-min2-min-1024x768.jpg\" class=\"attachment-large size-large\" alt=\"FWB Teufelsberg Blue\" srcset=\"https:\/\/watch-bandit.com\/wp-content\/uploads\/2020\/01\/FineWatchesBerlin-1-min2-min-1024x768.jpg 1024w, https:\/\/watch-bandit.com\/wp-content\/uploads\/2020\/01\/FineWatchesBerlin-1-min2-min-280x210.jpg 280w, https:\/\/watch-bandit.com\/wp-content\/uploads\/2020\/01\/FineWatchesBerlin-1-min2-min-768x576.jpg 768w, https:\/\/watch-bandit.com\/wp-content\/uploads\/2020\/01\/FineWatchesBerlin-1-min2-min.jpg 1134w\" sizes=\"(max-width: 1024px) 100vw, 1024px\" \/><\/a>\n\t\t\t\t\t<a href='https:\/\/watch-bandit.com\/wp-content\/uploads\/2020\/01\/FineWatchesBerlin-2-min2-min.jpg'><img loading=\"lazy\" decoding=\"async\" width=\"1024\" height=\"768\" src=\"https:\/\/watch-bandit.com\/wp-content\/uploads\/2020\/01\/FineWatchesBerlin-2-min2-min-1024x768.jpg\" class=\"attachment-large size-large\" alt=\"FWB Teufelsberg white wristshot\" srcset=\"https:\/\/watch-bandit.com\/wp-content\/uploads\/2020\/01\/FineWatchesBerlin-2-min2-min-1024x768.jpg 1024w, https:\/\/watch-bandit.com\/wp-content\/uploads\/2020\/01\/FineWatchesBerlin-2-min2-min-280x210.jpg 280w, https:\/\/watch-bandit.com\/wp-content\/uploads\/2020\/01\/FineWatchesBerlin-2-min2-min-768x576.jpg 768w, https:\/\/watch-bandit.com\/wp-content\/uploads\/2020\/01\/FineWatchesBerlin-2-min2-min.jpg 1134w\" sizes=\"(max-width: 1024px) 100vw, 1024px\" \/><\/a>\n\t\t\t\t\t<a href='https:\/\/watch-bandit.com\/wp-content\/uploads\/2020\/01\/FineWatchesBerlin-3-min3-min.jpg'><img loading=\"lazy\" decoding=\"async\" width=\"1024\" height=\"768\" src=\"https:\/\/watch-bandit.com\/wp-content\/uploads\/2020\/01\/FineWatchesBerlin-3-min3-min-1024x768.jpg\" class=\"attachment-large size-large\" alt=\"FWB Teufelsberg combined with WB Original straps\" srcset=\"https:\/\/watch-bandit.com\/wp-content\/uploads\/2020\/01\/FineWatchesBerlin-3-min3-min-1024x768.jpg 1024w, https:\/\/watch-bandit.com\/wp-content\/uploads\/2020\/01\/FineWatchesBerlin-3-min3-min-280x210.jpg 280w, https:\/\/watch-bandit.com\/wp-content\/uploads\/2020\/01\/FineWatchesBerlin-3-min3-min-768x576.jpg 768w, https:\/\/watch-bandit.com\/wp-content\/uploads\/2020\/01\/FineWatchesBerlin-3-min3-min.jpg 1134w\" sizes=\"(max-width: 1024px) 100vw, 1024px\" \/><\/a>\t\t\t<script type=\"text\/javascript\">\n\t\t\t\tjQuery( document ).ready(function() {\n\t\t\t\t\tjQuery(\"#gallery-1\").justifiedGallery({\n\t\t\t\t\t\trowHeight: 250,\n\t\t\t\t\t\tmaxRowHeight: 768,\n\t\t\t\t\t\tmargins: 1,\n                        cssAnimation: true,\n\t\t\t\t\t});\n\t\t\t\t});\n\t\t\t<\/script>\n\t\t\n\t\t\t<\/div>\n\n<\/div>\n<\/div>\n<\/div>\n<\/div>\n<\/div>\n<div class=\"fl-col-group fl-node-5b5ea3879bdf6\" data-node=\"5b5ea3879bdf6\">\n<div class=\"fl-col fl-node-5b5ea3879c60a\" data-node=\"5b5ea3879c60a\">\n<div class=\"fl-col-content fl-node-content\">\n<div class=\"fl-module fl-module-rich-text fl-node-5b5eb7fc75347\" data-node=\"5b5eb7fc75347\">\n<div class=\"fl-module-content fl-node-content\">\n<div class=\"fl-rich-text\">\n<p>Wir k\u00f6nnen uns gl\u00fccklich sch\u00e4tzen Nachbarn wie FineWatchesBerlin in unserer sch\u00f6nen Hauptstadt zu haben: Aus Liebe zu Berlin und aus Liebe zum Moment entstanden, vereinen FWB-Uhren den Geist und die Wellen der deutschen Hauptstadt in ihrem modernen, aber minimalistischen Design. Erfreut euch am Au\u00dfergew\u00f6hnlichen und seid Teil seiner der Impulse von ausgew\u00e4hlten Orten der deutschen Hauptstadt.<\/p>\n<p>Kurzum: Jede Uhr ist eine Hommage an Berlin.<\/p>\n<p>Die Namen der Uhrenserien erinnern an besondere, Orte, Pers\u00f6nlichkeiten und Ereignisse der Stadt. Sie konzentrieren sich vor allen auf diejenigen, die bereits aus dem Fokus der \u00d6ffentlichkeit verschwunden sind, wie z.B. der TEUFELSBERG: Es ist ein Ort mit bedeutender Geschichte. Ein bleibendes Zeichen aus einer wichtigen Zeit &#8211; wo Tradition auf Zukunft trifft &#8211; die nicht immer einfach war. Heute ist es eine Ikone der heutigen Freiheit und ein Symbol f\u00fcr Partnerschaft.<\/p>\n<h3>Detail ohne \u00dcberfluss.<\/h3>\n<p>Eine schlichte und funktionale Uhr, die von den Gestaltungsprinzipien des Bauhauses inspiriert ist. Der Fokus auf bestimmte Details unterstreicht seine Schlichtheit und formale Linie, wobei eine gute Lesbarkeit und ein l\u00e4ssiger Stil beibehalten werden.<\/p>\n<h3>Klare Werte. Klare Vielseitigkeit.<\/h3>\n<p>Ein klares, geradliniges Stahlgeh\u00e4use, ein zweischichtiges Zifferblatt mit gebl\u00e4uten Ziffern und Indices sowie eine Krone mit integriertem Logo, sagen viel \u00fcber die Liebe zum Detail und den Wert der Uhr aus.<\/p>\n<\/div>\n<\/div>\n<\/div>\n<\/div>\n<\/div>\n<\/div>\n","protected":false},"excerpt":{"rendered":"<p>Das Modell Teufelsberg von FineWatchesBerlin ist eine Uhr, die den Puls der Metropole in sich tr\u00e4gt und dabei dessen Tradition unauff\u00e4llig auf die Zukunft \u00fcbertr\u00e4gt. Teufelsberg, eine Automatikuhr mit zeitlosem Design, konzipiert und entwickelt in Berlin.<\/p>\n<p class=\"p1\">Die TEUFELSBERG Wei\u00df #2 kommt mit einem wei\u00dfen Zifferblatt. Die Ziffern und Indexe sind leuchtend blau; die Zeiger klassisch blau mit eingelegter Leuchtmasse.<\/p>\n<p class=\"p1\">Auffallend ist der signalrote Sekundenzeiger auf dem wei\u00dfen, tiefer gelegten Sekunden-Zifferblatt. Die kr\u00e4ftig blauen Kreislinien vervollst\u00e4ndigen das Design. \u2013 frisch \u2013 offen &#8211; maritim &#8211; Einen maritimen Eindruck macht dieses Modell durch sein Emaille-wei\u00dfes Zifferblatt und die polierten, blauen Ziffern und Indexe.<\/p>\n<p class=\"p1\">Montiert ist das handgefertigte braune Lederband. Ein schwarzes Lederband liegt separat bei.<\/p>\n<p>&nbsp;<\/p>\n<p><strong>Uhrwerk:<\/strong> Pr\u00e4zises modifiziertes Miyota cal. 8218 Automatikwerk mit 42 Std. Gangreserve<br \/>\n<strong>Geh\u00e4use:<\/strong> 316L Edelstahl mit 40,5 mm Durchmesser, 11,4 mm H\u00f6he<br \/>\n<strong>Armband:<\/strong> Handgefertigtes Echtlederarmband, Bandansto\u00df 20 mm<\/p>\n","protected":false},"featured_media":249917,"comment_status":"open","ping_status":"closed","template":"","meta":[],"product_cat":[3675,4848,37],"product_tag":[],"yoast_head":"<!-- This site is optimized with the Yoast SEO plugin v21.9 - https:\/\/yoast.com\/wordpress\/plugins\/seo\/ -->\n<title>FineWatchesBerlin - Teufelsberg Weiss Nr.2 - WATCHBANDIT<\/title>\n<meta name=\"description\" content=\"FineWatchesBerlin Teufelsberg Uhren bei WatchBandit kaufen \u2713 Authorizierter H\u00e4ndler \u2713 Kostenloser &amp; schneller Versand \u2713 Trusted Shops zertifiziert \u2713\" \/>\n<meta name=\"robots\" content=\"noindex, follow, max-snippet:-1, max-image-preview:large, max-video-preview:-1\" \/>\n<meta property=\"og:locale\" content=\"de_DE\" \/>\n<meta property=\"og:type\" content=\"article\" \/>\n<meta property=\"og:title\" content=\"FineWatchesBerlin - Teufelsberg Weiss Nr.2 - WATCHBANDIT\" \/>\n<meta property=\"og:description\" content=\"FineWatchesBerlin Teufelsberg Uhren bei WatchBandit kaufen \u2713 Authorizierter H\u00e4ndler \u2713 Kostenloser &amp; schneller Versand \u2713 Trusted Shops zertifiziert \u2713\" \/>\n<meta property=\"og:url\" content=\"https:\/\/watch-bandit.com\/de\/produkt\/finewatchesberlin-teufelsberg-weiss-nr-2\/\" \/>\n<meta property=\"og:site_name\" content=\"WATCHBANDIT\" \/>\n<meta property=\"article:modified_time\" content=\"2025-12-02T13:31:22+00:00\" \/>\n<meta property=\"og:image\" content=\"https:\/\/watch-bandit.com\/wp-content\/uploads\/2020\/01\/WB_Watch_fine-watches-berlin_EUFELSBERG-white-2_front.jpg\" \/>\n\t<meta property=\"og:image:width\" content=\"1400\" \/>\n\t<meta property=\"og:image:height\" content=\"1700\" \/>\n\t<meta property=\"og:image:type\" content=\"image\/jpeg\" \/>\n<meta name=\"twitter:label1\" content=\"Gesch\u00e4tzte Lesezeit\" \/>\n\t<meta name=\"twitter:data1\" content=\"1 Minute\" \/>\n<script type=\"application\/ld+json\" class=\"yoast-schema-graph\">{\"@context\":\"https:\/\/schema.org\",\"@graph\":[{\"@type\":\"WebPage\",\"@id\":\"https:\/\/watch-bandit.com\/de\/produkt\/finewatchesberlin-teufelsberg-weiss-nr-2\/\",\"url\":\"https:\/\/watch-bandit.com\/de\/produkt\/finewatchesberlin-teufelsberg-weiss-nr-2\/\",\"name\":\"FineWatchesBerlin - Teufelsberg Weiss Nr.2 - WATCHBANDIT\",\"isPartOf\":{\"@id\":\"https:\/\/watch-bandit.com\/#website\"},\"datePublished\":\"2019-12-20T13:57:02+00:00\",\"dateModified\":\"2025-12-02T13:31:22+00:00\",\"description\":\"FineWatchesBerlin Teufelsberg Uhren bei WatchBandit kaufen \u2713 Authorizierter H\u00e4ndler \u2713 Kostenloser & schneller Versand \u2713 Trusted Shops zertifiziert \u2713\",\"breadcrumb\":{\"@id\":\"https:\/\/watch-bandit.com\/de\/produkt\/finewatchesberlin-teufelsberg-weiss-nr-2\/#breadcrumb\"},\"inLanguage\":\"de-DE\",\"potentialAction\":[{\"@type\":\"ReadAction\",\"target\":[\"https:\/\/watch-bandit.com\/de\/produkt\/finewatchesberlin-teufelsberg-weiss-nr-2\/\"]}]},{\"@type\":\"BreadcrumbList\",\"@id\":\"https:\/\/watch-bandit.com\/de\/produkt\/finewatchesberlin-teufelsberg-weiss-nr-2\/#breadcrumb\",\"itemListElement\":[{\"@type\":\"ListItem\",\"position\":1,\"name\":\"Home\",\"item\":\"https:\/\/watchbandit.de\/\"},{\"@type\":\"ListItem\",\"position\":2,\"name\":\"Shop\",\"item\":\"https:\/\/watchbandit.de\/shop\/\"},{\"@type\":\"ListItem\",\"position\":3,\"name\":\"Watches\",\"item\":\"https:\/\/watch-bandit.com\/products\/watches\/\"},{\"@type\":\"ListItem\",\"position\":4,\"name\":\"FineWatchesBerlin &#8211; Teufelsberg Weiss Nr.2\"}]},{\"@type\":\"WebSite\",\"@id\":\"https:\/\/watch-bandit.com\/#website\",\"url\":\"https:\/\/watch-bandit.com\/\",\"name\":\"WATCHBANDIT\",\"description\":\"Contemporary Wrist Accessories\",\"publisher\":{\"@id\":\"https:\/\/watch-bandit.com\/#organization\"},\"potentialAction\":[{\"@type\":\"SearchAction\",\"target\":{\"@type\":\"EntryPoint\",\"urlTemplate\":\"https:\/\/watch-bandit.com\/?s={search_term_string}\"},\"query-input\":\"required name=search_term_string\"}],\"inLanguage\":\"de-DE\"},{\"@type\":\"Organization\",\"@id\":\"https:\/\/watch-bandit.com\/#organization\",\"name\":\"WatchBandit\",\"url\":\"https:\/\/watch-bandit.com\/\",\"logo\":{\"@type\":\"ImageObject\",\"inLanguage\":\"de-DE\",\"@id\":\"https:\/\/watch-bandit.com\/#\/schema\/logo\/image\/\",\"url\":\"https:\/\/watchbandit.de\/wp-content\/uploads\/2017\/11\/WB_Logo_557x124.png\",\"contentUrl\":\"https:\/\/watchbandit.de\/wp-content\/uploads\/2017\/11\/WB_Logo_557x124.png\",\"width\":557,\"height\":124,\"caption\":\"WatchBandit\"},\"image\":{\"@id\":\"https:\/\/watch-bandit.com\/#\/schema\/logo\/image\/\"}}]}<\/script>\n<!-- \/ Yoast SEO plugin. -->","yoast_head_json":{"title":"FineWatchesBerlin - Teufelsberg Weiss Nr.2 - WATCHBANDIT","description":"FineWatchesBerlin Teufelsberg Uhren bei WatchBandit kaufen \u2713 Authorizierter H\u00e4ndler \u2713 Kostenloser & schneller Versand \u2713 Trusted Shops zertifiziert \u2713","robots":{"index":"noindex","follow":"follow","max-snippet":"max-snippet:-1","max-image-preview":"max-image-preview:large","max-video-preview":"max-video-preview:-1"},"og_locale":"de_DE","og_type":"article","og_title":"FineWatchesBerlin - Teufelsberg Weiss Nr.2 - WATCHBANDIT","og_description":"FineWatchesBerlin Teufelsberg Uhren bei WatchBandit kaufen \u2713 Authorizierter H\u00e4ndler \u2713 Kostenloser & schneller Versand \u2713 Trusted Shops zertifiziert \u2713","og_url":"https:\/\/watch-bandit.com\/de\/produkt\/finewatchesberlin-teufelsberg-weiss-nr-2\/","og_site_name":"WATCHBANDIT","article_modified_time":"2025-12-02T13:31:22+00:00","og_image":[{"width":1400,"height":1700,"url":"https:\/\/watch-bandit.com\/wp-content\/uploads\/2020\/01\/WB_Watch_fine-watches-berlin_EUFELSBERG-white-2_front.jpg","type":"image\/jpeg"}],"twitter_misc":{"Gesch\u00e4tzte Lesezeit":"1 Minute"},"schema":{"@context":"https:\/\/schema.org","@graph":[{"@type":"WebPage","@id":"https:\/\/watch-bandit.com\/de\/produkt\/finewatchesberlin-teufelsberg-weiss-nr-2\/","url":"https:\/\/watch-bandit.com\/de\/produkt\/finewatchesberlin-teufelsberg-weiss-nr-2\/","name":"FineWatchesBerlin - Teufelsberg Weiss Nr.2 - WATCHBANDIT","isPartOf":{"@id":"https:\/\/watch-bandit.com\/#website"},"datePublished":"2019-12-20T13:57:02+00:00","dateModified":"2025-12-02T13:31:22+00:00","description":"FineWatchesBerlin Teufelsberg Uhren bei WatchBandit kaufen \u2713 Authorizierter H\u00e4ndler \u2713 Kostenloser & schneller Versand \u2713 Trusted Shops zertifiziert \u2713","breadcrumb":{"@id":"https:\/\/watch-bandit.com\/de\/produkt\/finewatchesberlin-teufelsberg-weiss-nr-2\/#breadcrumb"},"inLanguage":"de-DE","potentialAction":[{"@type":"ReadAction","target":["https:\/\/watch-bandit.com\/de\/produkt\/finewatchesberlin-teufelsberg-weiss-nr-2\/"]}]},{"@type":"BreadcrumbList","@id":"https:\/\/watch-bandit.com\/de\/produkt\/finewatchesberlin-teufelsberg-weiss-nr-2\/#breadcrumb","itemListElement":[{"@type":"ListItem","position":1,"name":"Home","item":"https:\/\/watchbandit.de\/"},{"@type":"ListItem","position":2,"name":"Shop","item":"https:\/\/watchbandit.de\/shop\/"},{"@type":"ListItem","position":3,"name":"Watches","item":"https:\/\/watch-bandit.com\/products\/watches\/"},{"@type":"ListItem","position":4,"name":"FineWatchesBerlin &#8211; Teufelsberg Weiss Nr.2"}]},{"@type":"WebSite","@id":"https:\/\/watch-bandit.com\/#website","url":"https:\/\/watch-bandit.com\/","name":"WATCHBANDIT","description":"Contemporary Wrist Accessories","publisher":{"@id":"https:\/\/watch-bandit.com\/#organization"},"potentialAction":[{"@type":"SearchAction","target":{"@type":"EntryPoint","urlTemplate":"https:\/\/watch-bandit.com\/?s={search_term_string}"},"query-input":"required name=search_term_string"}],"inLanguage":"de-DE"},{"@type":"Organization","@id":"https:\/\/watch-bandit.com\/#organization","name":"WatchBandit","url":"https:\/\/watch-bandit.com\/","logo":{"@type":"ImageObject","inLanguage":"de-DE","@id":"https:\/\/watch-bandit.com\/#\/schema\/logo\/image\/","url":"https:\/\/watchbandit.de\/wp-content\/uploads\/2017\/11\/WB_Logo_557x124.png","contentUrl":"https:\/\/watchbandit.de\/wp-content\/uploads\/2017\/11\/WB_Logo_557x124.png","width":557,"height":124,"caption":"WatchBandit"},"image":{"@id":"https:\/\/watch-bandit.com\/#\/schema\/logo\/image\/"}}]}},"_links":{"self":[{"href":"https:\/\/watch-bandit.com\/de\/wp-json\/wp\/v2\/product\/249564"}],"collection":[{"href":"https:\/\/watch-bandit.com\/de\/wp-json\/wp\/v2\/product"}],"about":[{"href":"https:\/\/watch-bandit.com\/de\/wp-json\/wp\/v2\/types\/product"}],"replies":[{"embeddable":true,"href":"https:\/\/watch-bandit.com\/de\/wp-json\/wp\/v2\/comments?post=249564"}],"wp:featuredmedia":[{"embeddable":true,"href":"https:\/\/watch-bandit.com\/de\/wp-json\/wp\/v2\/media\/249917"}],"wp:attachment":[{"href":"https:\/\/watch-bandit.com\/de\/wp-json\/wp\/v2\/media?parent=249564"}],"wp:term":[{"taxonomy":"product_cat","embeddable":true,"href":"https:\/\/watch-bandit.com\/de\/wp-json\/wp\/v2\/product_cat?post=249564"},{"taxonomy":"product_tag","embeddable":true,"href":"https:\/\/watch-bandit.com\/de\/wp-json\/wp\/v2\/product_tag?post=249564"}],"curies":[{"name":"wp","href":"https:\/\/api.w.org\/{rel}","templated":true}]}}