{"id":254039,"date":"2020-03-11T12:21:42","date_gmt":"2020-03-11T11:21:43","guid":{"rendered":"https:\/\/watchbandit.com\/?post_type=product&#038;p=254039"},"modified":"2025-11-22T23:08:12","modified_gmt":"2025-11-22T22:08:12","slug":"strukturiertes-kalbsleder-uhrenarmband-dunkelgrau-wb-original","status":"publish","type":"product","link":"https:\/\/watch-bandit.com\/de\/produkt\/strukturiertes-kalbsleder-uhrenarmband-dunkelgrau-wb-original\/","title":{"rendered":"Strukturiertes Leder Uhrenarmband Dunkelgrau | WB Original"},"content":{"rendered":"<p>Unsere WatchBandit Original Uhrenarmb\u00e4nder sind aus qualitativ hochwertigem Leder hergestellt, ohne dabei unerschwinglich zu sein. In Berlin entworfen und zusammen mit den besten Uhrenfabriken gefertigt, bringen wir unsere langj\u00e4hrige Erfahrung auf den Tisch, um Premium-Uhrenb\u00e4nder zu fairen Preisen herzustellen. Mit den neuesten Trends und h\u00f6chsten Standards produzieren wir die B\u00e4nder, nach denen Ihr schon immer gesucht habt. Nachdem wir eine Kategorie Armb\u00e4nder f\u00fcr eine bestimmte Zeit verkauft haben sammeln wir die Erfahrungen, die ihr mit den B\u00e4ndern gemacht habt, um die Produkte am Markt zu verbessern und das perfekte Armband f\u00fcr Euch herzustellen. Da es auf dem Markt in den meisten F\u00e4llen nichts Vergleichbares gibt, passen wir die Produkte an die Bed\u00fcrfnisse unserer modernen Uhrenliebhaber an. Die Armb\u00e4nder von WatchBandit Original sind die Essenz eines jahrelangen Prozesses und wurden mit Eurer Hilfe entwickelt. Danke, dass Ihr uns geholfen habt, hochwertige Armb\u00e4nder erschwinglich zu machen!<\/p>\n","protected":false},"excerpt":{"rendered":"<p>Das strukturierte Kalbsleder Uhrenarmband von WB Original ist in Italien handgefertigt, mit echtem Leder aus der Toskana und nat\u00fcrlich gegerbt. Durch die Fertigung von Hand ist jedes Armband einzigartig. Die Vintage Armb\u00e4nder bringen das gewisse Etwas f\u00fcr den Look Deiner Uhr und altern nat\u00fcrlich und angenehm mit der Zeit.<\/p>\n<p><strong>Leder:<\/strong> Extrem weiches und bequemes echtes Leder<br \/>\n<strong>Schnalle:<\/strong> Edelstahlschnalle mit WB-Logo<br \/>\n<strong>Gr\u00f6\u00dfe:<\/strong> Bandl\u00e4nge: 11,50 cm + 7,50 cm. Schlie\u00dfenbreite: 16 mm bei 18\/19\/20 mm Bandbreite und 18 mm bei 21\/22 mm\u00a0Bandbreite<\/p>\n","protected":false},"featured_media":254079,"comment_status":"open","ping_status":"closed","template":"","meta":[],"product_cat":[2849,3770,2837,334,2976],"product_tag":[],"yoast_head":"<!-- This site is optimized with the Yoast SEO plugin v21.9 - https:\/\/yoast.com\/wordpress\/plugins\/seo\/ -->\n<title>Strukturiertes Leder Uhrenarmband Dunkelgrau | WB Original - WATCHBANDIT<\/title>\n<meta name=\"description\" content=\"Strukturierte Kalbsleder Uhrenarmb\u00e4nder bei WatchBandit kaufen \u2713 Handgefertigt in Italien \u2713 Echtes Leder \u2713 Trusted Shops zertifiziert \u2713 Seit 2014 \u2713\" \/>\n<meta name=\"robots\" content=\"noindex, follow, max-snippet:-1, max-image-preview:large, max-video-preview:-1\" \/>\n<meta property=\"og:locale\" content=\"de_DE\" \/>\n<meta property=\"og:type\" content=\"article\" \/>\n<meta property=\"og:title\" content=\"Strukturiertes Leder Uhrenarmband Dunkelgrau | WB Original - WATCHBANDIT\" \/>\n<meta property=\"og:description\" content=\"Strukturierte Kalbsleder Uhrenarmb\u00e4nder bei WatchBandit kaufen \u2713 Handgefertigt in Italien \u2713 Echtes Leder \u2713 Trusted Shops zertifiziert \u2713 Seit 2014 \u2713\" \/>\n<meta property=\"og:url\" content=\"https:\/\/watch-bandit.com\/de\/produkt\/strukturiertes-kalbsleder-uhrenarmband-dunkelgrau-wb-original\/\" \/>\n<meta property=\"og:site_name\" content=\"WATCHBANDIT\" \/>\n<meta property=\"article:modified_time\" content=\"2025-11-22T22:08:12+00:00\" \/>\n<meta property=\"og:image\" content=\"https:\/\/watch-bandit.com\/wp-content\/uploads\/2020\/03\/WB_premium_textured_leather-straps_Dark-Grey-min.jpg\" \/>\n\t<meta property=\"og:image:width\" content=\"1400\" \/>\n\t<meta property=\"og:image:height\" content=\"1700\" \/>\n\t<meta property=\"og:image:type\" content=\"image\/jpeg\" \/>\n<meta name=\"twitter:label1\" content=\"Gesch\u00e4tzte Lesezeit\" \/>\n\t<meta name=\"twitter:data1\" content=\"1 Minute\" \/>\n<script type=\"application\/ld+json\" class=\"yoast-schema-graph\">{\"@context\":\"https:\/\/schema.org\",\"@graph\":[{\"@type\":\"WebPage\",\"@id\":\"https:\/\/watch-bandit.com\/de\/produkt\/strukturiertes-kalbsleder-uhrenarmband-dunkelgrau-wb-original\/\",\"url\":\"https:\/\/watch-bandit.com\/de\/produkt\/strukturiertes-kalbsleder-uhrenarmband-dunkelgrau-wb-original\/\",\"name\":\"Strukturiertes Leder Uhrenarmband Dunkelgrau | WB Original - WATCHBANDIT\",\"isPartOf\":{\"@id\":\"https:\/\/watch-bandit.com\/#website\"},\"datePublished\":\"2020-03-11T11:21:43+00:00\",\"dateModified\":\"2025-11-22T22:08:12+00:00\",\"description\":\"Strukturierte Kalbsleder Uhrenarmb\u00e4nder bei WatchBandit kaufen \u2713 Handgefertigt in Italien \u2713 Echtes Leder \u2713 Trusted Shops zertifiziert \u2713 Seit 2014 \u2713\",\"breadcrumb\":{\"@id\":\"https:\/\/watch-bandit.com\/de\/produkt\/strukturiertes-kalbsleder-uhrenarmband-dunkelgrau-wb-original\/#breadcrumb\"},\"inLanguage\":\"de-DE\",\"potentialAction\":[{\"@type\":\"ReadAction\",\"target\":[\"https:\/\/watch-bandit.com\/de\/produkt\/strukturiertes-kalbsleder-uhrenarmband-dunkelgrau-wb-original\/\"]}]},{\"@type\":\"BreadcrumbList\",\"@id\":\"https:\/\/watch-bandit.com\/de\/produkt\/strukturiertes-kalbsleder-uhrenarmband-dunkelgrau-wb-original\/#breadcrumb\",\"itemListElement\":[{\"@type\":\"ListItem\",\"position\":1,\"name\":\"Home\",\"item\":\"https:\/\/watchbandit.de\/\"},{\"@type\":\"ListItem\",\"position\":2,\"name\":\"Shop\",\"item\":\"https:\/\/watchbandit.de\/shop\/\"},{\"@type\":\"ListItem\",\"position\":3,\"name\":\"Watch Bands\",\"item\":\"https:\/\/watch-bandit.com\/products\/watch-bands\/\"},{\"@type\":\"ListItem\",\"position\":4,\"name\":\"Strukturiertes Leder Uhrenarmband Dunkelgrau | WB Original\"}]},{\"@type\":\"WebSite\",\"@id\":\"https:\/\/watch-bandit.com\/#website\",\"url\":\"https:\/\/watch-bandit.com\/\",\"name\":\"WATCHBANDIT\",\"description\":\"Contemporary Wrist Accessories\",\"publisher\":{\"@id\":\"https:\/\/watch-bandit.com\/#organization\"},\"potentialAction\":[{\"@type\":\"SearchAction\",\"target\":{\"@type\":\"EntryPoint\",\"urlTemplate\":\"https:\/\/watch-bandit.com\/?s={search_term_string}\"},\"query-input\":\"required name=search_term_string\"}],\"inLanguage\":\"de-DE\"},{\"@type\":\"Organization\",\"@id\":\"https:\/\/watch-bandit.com\/#organization\",\"name\":\"WatchBandit\",\"url\":\"https:\/\/watch-bandit.com\/\",\"logo\":{\"@type\":\"ImageObject\",\"inLanguage\":\"de-DE\",\"@id\":\"https:\/\/watch-bandit.com\/#\/schema\/logo\/image\/\",\"url\":\"https:\/\/watchbandit.de\/wp-content\/uploads\/2017\/11\/WB_Logo_557x124.png\",\"contentUrl\":\"https:\/\/watchbandit.de\/wp-content\/uploads\/2017\/11\/WB_Logo_557x124.png\",\"width\":557,\"height\":124,\"caption\":\"WatchBandit\"},\"image\":{\"@id\":\"https:\/\/watch-bandit.com\/#\/schema\/logo\/image\/\"}}]}<\/script>\n<!-- \/ Yoast SEO plugin. -->","yoast_head_json":{"title":"Strukturiertes Leder Uhrenarmband Dunkelgrau | WB Original - WATCHBANDIT","description":"Strukturierte Kalbsleder Uhrenarmb\u00e4nder bei WatchBandit kaufen \u2713 Handgefertigt in Italien \u2713 Echtes Leder \u2713 Trusted Shops zertifiziert \u2713 Seit 2014 \u2713","robots":{"index":"noindex","follow":"follow","max-snippet":"max-snippet:-1","max-image-preview":"max-image-preview:large","max-video-preview":"max-video-preview:-1"},"og_locale":"de_DE","og_type":"article","og_title":"Strukturiertes Leder Uhrenarmband Dunkelgrau | WB Original - WATCHBANDIT","og_description":"Strukturierte Kalbsleder Uhrenarmb\u00e4nder bei WatchBandit kaufen \u2713 Handgefertigt in Italien \u2713 Echtes Leder \u2713 Trusted Shops zertifiziert \u2713 Seit 2014 \u2713","og_url":"https:\/\/watch-bandit.com\/de\/produkt\/strukturiertes-kalbsleder-uhrenarmband-dunkelgrau-wb-original\/","og_site_name":"WATCHBANDIT","article_modified_time":"2025-11-22T22:08:12+00:00","og_image":[{"width":1400,"height":1700,"url":"https:\/\/watch-bandit.com\/wp-content\/uploads\/2020\/03\/WB_premium_textured_leather-straps_Dark-Grey-min.jpg","type":"image\/jpeg"}],"twitter_misc":{"Gesch\u00e4tzte Lesezeit":"1 Minute"},"schema":{"@context":"https:\/\/schema.org","@graph":[{"@type":"WebPage","@id":"https:\/\/watch-bandit.com\/de\/produkt\/strukturiertes-kalbsleder-uhrenarmband-dunkelgrau-wb-original\/","url":"https:\/\/watch-bandit.com\/de\/produkt\/strukturiertes-kalbsleder-uhrenarmband-dunkelgrau-wb-original\/","name":"Strukturiertes Leder Uhrenarmband Dunkelgrau | WB Original - WATCHBANDIT","isPartOf":{"@id":"https:\/\/watch-bandit.com\/#website"},"datePublished":"2020-03-11T11:21:43+00:00","dateModified":"2025-11-22T22:08:12+00:00","description":"Strukturierte Kalbsleder Uhrenarmb\u00e4nder bei WatchBandit kaufen \u2713 Handgefertigt in Italien \u2713 Echtes Leder \u2713 Trusted Shops zertifiziert \u2713 Seit 2014 \u2713","breadcrumb":{"@id":"https:\/\/watch-bandit.com\/de\/produkt\/strukturiertes-kalbsleder-uhrenarmband-dunkelgrau-wb-original\/#breadcrumb"},"inLanguage":"de-DE","potentialAction":[{"@type":"ReadAction","target":["https:\/\/watch-bandit.com\/de\/produkt\/strukturiertes-kalbsleder-uhrenarmband-dunkelgrau-wb-original\/"]}]},{"@type":"BreadcrumbList","@id":"https:\/\/watch-bandit.com\/de\/produkt\/strukturiertes-kalbsleder-uhrenarmband-dunkelgrau-wb-original\/#breadcrumb","itemListElement":[{"@type":"ListItem","position":1,"name":"Home","item":"https:\/\/watchbandit.de\/"},{"@type":"ListItem","position":2,"name":"Shop","item":"https:\/\/watchbandit.de\/shop\/"},{"@type":"ListItem","position":3,"name":"Watch Bands","item":"https:\/\/watch-bandit.com\/products\/watch-bands\/"},{"@type":"ListItem","position":4,"name":"Strukturiertes Leder Uhrenarmband Dunkelgrau | WB Original"}]},{"@type":"WebSite","@id":"https:\/\/watch-bandit.com\/#website","url":"https:\/\/watch-bandit.com\/","name":"WATCHBANDIT","description":"Contemporary Wrist Accessories","publisher":{"@id":"https:\/\/watch-bandit.com\/#organization"},"potentialAction":[{"@type":"SearchAction","target":{"@type":"EntryPoint","urlTemplate":"https:\/\/watch-bandit.com\/?s={search_term_string}"},"query-input":"required name=search_term_string"}],"inLanguage":"de-DE"},{"@type":"Organization","@id":"https:\/\/watch-bandit.com\/#organization","name":"WatchBandit","url":"https:\/\/watch-bandit.com\/","logo":{"@type":"ImageObject","inLanguage":"de-DE","@id":"https:\/\/watch-bandit.com\/#\/schema\/logo\/image\/","url":"https:\/\/watchbandit.de\/wp-content\/uploads\/2017\/11\/WB_Logo_557x124.png","contentUrl":"https:\/\/watchbandit.de\/wp-content\/uploads\/2017\/11\/WB_Logo_557x124.png","width":557,"height":124,"caption":"WatchBandit"},"image":{"@id":"https:\/\/watch-bandit.com\/#\/schema\/logo\/image\/"}}]}},"_links":{"self":[{"href":"https:\/\/watch-bandit.com\/de\/wp-json\/wp\/v2\/product\/254039"}],"collection":[{"href":"https:\/\/watch-bandit.com\/de\/wp-json\/wp\/v2\/product"}],"about":[{"href":"https:\/\/watch-bandit.com\/de\/wp-json\/wp\/v2\/types\/product"}],"replies":[{"embeddable":true,"href":"https:\/\/watch-bandit.com\/de\/wp-json\/wp\/v2\/comments?post=254039"}],"wp:featuredmedia":[{"embeddable":true,"href":"https:\/\/watch-bandit.com\/de\/wp-json\/wp\/v2\/media\/254079"}],"wp:attachment":[{"href":"https:\/\/watch-bandit.com\/de\/wp-json\/wp\/v2\/media?parent=254039"}],"wp:term":[{"taxonomy":"product_cat","embeddable":true,"href":"https:\/\/watch-bandit.com\/de\/wp-json\/wp\/v2\/product_cat?post=254039"},{"taxonomy":"product_tag","embeddable":true,"href":"https:\/\/watch-bandit.com\/de\/wp-json\/wp\/v2\/product_tag?post=254039"}],"curies":[{"name":"wp","href":"https:\/\/api.w.org\/{rel}","templated":true}]}}