{"id":262411,"date":"2020-08-17T11:05:13","date_gmt":"2020-08-17T09:05:14","guid":{"rendered":"https:\/\/watchbandit.com\/?post_type=product&#038;p=262411"},"modified":"2026-02-14T16:36:46","modified_gmt":"2026-02-14T15:36:46","slug":"wristporn-premium-nylon-trilogie-schwarz-grau","status":"publish","type":"product","link":"https:\/\/watch-bandit.com\/de\/produkt\/wristporn-premium-nylon-trilogie-schwarz-grau\/","title":{"rendered":"WRISTPORN Premium Nylon Trilogie | Schwarz &#038; Grau"},"content":{"rendered":"<p><img loading=\"lazy\" decoding=\"async\" class=\"aligncenter size-large wp-image-262851\" src=\"https:\/\/watchbandit.de\/wp-content\/uploads\/2020\/08\/Wristporn-Banner-min-1024x99.jpg\" alt=\"Wristporn Banner\" width=\"1024\" height=\"99\" srcset=\"https:\/\/watch-bandit.com\/wp-content\/uploads\/2020\/08\/Wristporn-Banner-min-1024x99.jpg 1024w, https:\/\/watch-bandit.com\/wp-content\/uploads\/2020\/08\/Wristporn-Banner-min-280x27.jpg 280w, https:\/\/watch-bandit.com\/wp-content\/uploads\/2020\/08\/Wristporn-Banner-min-768x74.jpg 768w, https:\/\/watch-bandit.com\/wp-content\/uploads\/2020\/08\/Wristporn-Banner-min-1400x136.jpg 1400w\" sizes=\"(max-width: 1024px) 100vw, 1024px\" \/><\/p>\n<p style=\"text-align: center;\">Mit \u00fcber 160.000 Followern auf sozialen Medien ist WRISTPORN\u2122 eines der gr\u00f6\u00dften Profilen f\u00fcr Armbanduhren. Neben den &#8220;wrist shots&#8221; (welche so <em>&#8220;sexy&#8221;<\/em> sind, dass sie auch als <em>&#8220;wrist porn&#8221;<\/em> bekannt sind) ver\u00f6ffentlichen sie auch Artikel und Interviews mit Uhrenfirmen und Brancheninsidern f\u00fcr ein internationales Publikum auf <a href=\"https:\/\/wristporn.com\/\" target=\"_blank\" rel=\"noopener noreferrer\">WRISTPORN.com<\/a>. Die Seite wird von echten Uhrenliebhabern f\u00fcr Uhrenliebhaber betrieben wird. Um den Meileinstein des 2.5-fach benutzen Hashtag #WRISTPORN zu feiern, haben sich WRISTPORN\u2122 mit WatchBandit zusammengetan und diese limiterte Edition von Nylon-Durchzugsb\u00e4ndern entworfen. Das besondere ist die schwarze PVD Beschichtung der 316L Edelstahl Elementen und der lasergravierte Hashtag #WRISTPORN.<\/p>\n","protected":false},"excerpt":{"rendered":"<div class=\"woocommerce-product-details__short-description\">\n<div class=\"woocommerce-product-details__short-description\">\n<div class=\"woocommerce-product-details__short-description\">\n<div class=\"woocommerce-product-details__short-description\">\n<div class=\"woocommerce-product-details__short-description\">\n<div class=\"woocommerce-product-details__short-description\">\n<div class=\"woocommerce-product-details__short-description\">\n<div class=\"woocommerce-product-details__short-description\">\n<p>Mit \u00fcber 200.000 Followern ist WRISTPORN\u2122 eines der gr\u00f6ssten Uhren Plattformen in den sozialen Medien. Der Hashtag #WRISTPORN wurde nun bereits \u00fcber 3 Millionen mal benutzt! Um diesen Meilenstein zu feiern, haben sich die Teams von WRISTPORN\u2122 und WatchBandit zusammengetan und diese limitierte Nylon-Uhrenarmbandkollektion entworfen. Die limitierte Auflage der Armb\u00e4nder hat laser gravierte Edelstahlelemente mit dem eingravierten Hashtag #WRISTPORN auf einem Edelstahlelement und dem Logo auf der Dornschlie\u00dfe. Tritt jetzt der WRISTPORN-Bewegung bei mit unserer limitierten schwarz\/grauen Nylon Durchzugsband Trilogie!<\/p>\n<p><strong>Nylon<\/strong>: Hochwertige Sicherheitsgurt Qualit\u00e4t, weich und angenehm zu tragen<br \/>\n<strong>Elemente<\/strong>: Geb\u00fcrsteter 316L Edelstahl mit WRISTPORN\u2122 laser Gravur und Logo<br \/>\n<strong>Gr\u00f6\u00dfe<\/strong>: 28 cm L\u00e4nge, ca. 1,2 mm Dicke<\/p>\n<\/div>\n<\/div>\n<\/div>\n<\/div>\n<\/div>\n<\/div>\n<\/div>\n<\/div>\n","protected":false},"featured_media":342915,"comment_status":"open","ping_status":"closed","template":"","meta":[],"product_cat":[4497,32,2835,4304,4432,3589,2837,334,2989],"product_tag":[],"yoast_head":"<!-- This site is optimized with the Yoast SEO plugin v21.9 - https:\/\/yoast.com\/wordpress\/plugins\/seo\/ -->\n<title>WRISTPORN Premium Nylon Trilogie | Schwarz &amp; Grau - WATCHBANDIT<\/title>\n<meta name=\"description\" content=\"WRISTPORN Nylon Uhrenarmb\u00e4nder bei WatchBandit kaufen \u2713 Premium Nylon Qualit\u00e4t \u2713 Weltweiter Versand \u2713 Trusted Shops zertifiziert \u2713\" \/>\n<meta name=\"robots\" content=\"noindex, follow, max-snippet:-1, max-image-preview:large, max-video-preview:-1\" \/>\n<meta property=\"og:locale\" content=\"de_DE\" \/>\n<meta property=\"og:type\" content=\"article\" \/>\n<meta property=\"og:title\" content=\"WRISTPORN Premium Nylon Trilogie | Schwarz &amp; Grau - WATCHBANDIT\" \/>\n<meta property=\"og:description\" content=\"WRISTPORN Nylon Uhrenarmb\u00e4nder bei WatchBandit kaufen \u2713 Premium Nylon Qualit\u00e4t \u2713 Weltweiter Versand \u2713 Trusted Shops zertifiziert \u2713\" \/>\n<meta property=\"og:url\" content=\"https:\/\/watch-bandit.com\/de\/produkt\/wristporn-premium-nylon-trilogie-schwarz-grau\/\" \/>\n<meta property=\"og:site_name\" content=\"WATCHBANDIT\" \/>\n<meta property=\"article:modified_time\" content=\"2026-02-14T15:36:46+00:00\" \/>\n<meta property=\"og:image\" content=\"https:\/\/watch-bandit.com\/wp-content\/uploads\/2020\/08\/wristporn-edition-premium-single-piece-nylon-straps-669f80ec246a3.webp\" \/>\n\t<meta property=\"og:image:width\" content=\"850\" \/>\n\t<meta property=\"og:image:height\" content=\"850\" \/>\n\t<meta property=\"og:image:type\" content=\"image\/webp\" \/>\n<meta name=\"twitter:label1\" content=\"Gesch\u00e4tzte Lesezeit\" \/>\n\t<meta name=\"twitter:data1\" content=\"1 Minute\" \/>\n<script type=\"application\/ld+json\" class=\"yoast-schema-graph\">{\"@context\":\"https:\/\/schema.org\",\"@graph\":[{\"@type\":\"WebPage\",\"@id\":\"https:\/\/watch-bandit.com\/de\/produkt\/wristporn-premium-nylon-trilogie-schwarz-grau\/\",\"url\":\"https:\/\/watch-bandit.com\/de\/produkt\/wristporn-premium-nylon-trilogie-schwarz-grau\/\",\"name\":\"WRISTPORN Premium Nylon Trilogie | Schwarz & Grau - WATCHBANDIT\",\"isPartOf\":{\"@id\":\"https:\/\/watch-bandit.com\/#website\"},\"datePublished\":\"2020-08-17T09:05:14+00:00\",\"dateModified\":\"2026-02-14T15:36:46+00:00\",\"description\":\"WRISTPORN Nylon Uhrenarmb\u00e4nder bei WatchBandit kaufen \u2713 Premium Nylon Qualit\u00e4t \u2713 Weltweiter Versand \u2713 Trusted Shops zertifiziert \u2713\",\"breadcrumb\":{\"@id\":\"https:\/\/watch-bandit.com\/de\/produkt\/wristporn-premium-nylon-trilogie-schwarz-grau\/#breadcrumb\"},\"inLanguage\":\"de-DE\",\"potentialAction\":[{\"@type\":\"ReadAction\",\"target\":[\"https:\/\/watch-bandit.com\/de\/produkt\/wristporn-premium-nylon-trilogie-schwarz-grau\/\"]}]},{\"@type\":\"BreadcrumbList\",\"@id\":\"https:\/\/watch-bandit.com\/de\/produkt\/wristporn-premium-nylon-trilogie-schwarz-grau\/#breadcrumb\",\"itemListElement\":[{\"@type\":\"ListItem\",\"position\":1,\"name\":\"Home\",\"item\":\"https:\/\/watchbandit.de\/\"},{\"@type\":\"ListItem\",\"position\":2,\"name\":\"Shop\",\"item\":\"https:\/\/watchbandit.de\/shop\/\"},{\"@type\":\"ListItem\",\"position\":3,\"name\":\"Watch Bands\",\"item\":\"https:\/\/watch-bandit.com\/products\/watch-bands\/\"},{\"@type\":\"ListItem\",\"position\":4,\"name\":\"WRISTPORN Premium Nylon Trilogie | Schwarz &#038; Grau\"}]},{\"@type\":\"WebSite\",\"@id\":\"https:\/\/watch-bandit.com\/#website\",\"url\":\"https:\/\/watch-bandit.com\/\",\"name\":\"WATCHBANDIT\",\"description\":\"Contemporary Wrist Accessories\",\"publisher\":{\"@id\":\"https:\/\/watch-bandit.com\/#organization\"},\"potentialAction\":[{\"@type\":\"SearchAction\",\"target\":{\"@type\":\"EntryPoint\",\"urlTemplate\":\"https:\/\/watch-bandit.com\/?s={search_term_string}\"},\"query-input\":\"required name=search_term_string\"}],\"inLanguage\":\"de-DE\"},{\"@type\":\"Organization\",\"@id\":\"https:\/\/watch-bandit.com\/#organization\",\"name\":\"WatchBandit\",\"url\":\"https:\/\/watch-bandit.com\/\",\"logo\":{\"@type\":\"ImageObject\",\"inLanguage\":\"de-DE\",\"@id\":\"https:\/\/watch-bandit.com\/#\/schema\/logo\/image\/\",\"url\":\"https:\/\/watchbandit.de\/wp-content\/uploads\/2017\/11\/WB_Logo_557x124.png\",\"contentUrl\":\"https:\/\/watchbandit.de\/wp-content\/uploads\/2017\/11\/WB_Logo_557x124.png\",\"width\":557,\"height\":124,\"caption\":\"WatchBandit\"},\"image\":{\"@id\":\"https:\/\/watch-bandit.com\/#\/schema\/logo\/image\/\"}}]}<\/script>\n<!-- \/ Yoast SEO plugin. -->","yoast_head_json":{"title":"WRISTPORN Premium Nylon Trilogie | Schwarz & Grau - WATCHBANDIT","description":"WRISTPORN Nylon Uhrenarmb\u00e4nder bei WatchBandit kaufen \u2713 Premium Nylon Qualit\u00e4t \u2713 Weltweiter Versand \u2713 Trusted Shops zertifiziert \u2713","robots":{"index":"noindex","follow":"follow","max-snippet":"max-snippet:-1","max-image-preview":"max-image-preview:large","max-video-preview":"max-video-preview:-1"},"og_locale":"de_DE","og_type":"article","og_title":"WRISTPORN Premium Nylon Trilogie | Schwarz & Grau - WATCHBANDIT","og_description":"WRISTPORN Nylon Uhrenarmb\u00e4nder bei WatchBandit kaufen \u2713 Premium Nylon Qualit\u00e4t \u2713 Weltweiter Versand \u2713 Trusted Shops zertifiziert \u2713","og_url":"https:\/\/watch-bandit.com\/de\/produkt\/wristporn-premium-nylon-trilogie-schwarz-grau\/","og_site_name":"WATCHBANDIT","article_modified_time":"2026-02-14T15:36:46+00:00","og_image":[{"width":850,"height":850,"url":"https:\/\/watch-bandit.com\/wp-content\/uploads\/2020\/08\/wristporn-edition-premium-single-piece-nylon-straps-669f80ec246a3.webp","type":"image\/webp"}],"twitter_misc":{"Gesch\u00e4tzte Lesezeit":"1 Minute"},"schema":{"@context":"https:\/\/schema.org","@graph":[{"@type":"WebPage","@id":"https:\/\/watch-bandit.com\/de\/produkt\/wristporn-premium-nylon-trilogie-schwarz-grau\/","url":"https:\/\/watch-bandit.com\/de\/produkt\/wristporn-premium-nylon-trilogie-schwarz-grau\/","name":"WRISTPORN Premium Nylon Trilogie | Schwarz & Grau - WATCHBANDIT","isPartOf":{"@id":"https:\/\/watch-bandit.com\/#website"},"datePublished":"2020-08-17T09:05:14+00:00","dateModified":"2026-02-14T15:36:46+00:00","description":"WRISTPORN Nylon Uhrenarmb\u00e4nder bei WatchBandit kaufen \u2713 Premium Nylon Qualit\u00e4t \u2713 Weltweiter Versand \u2713 Trusted Shops zertifiziert \u2713","breadcrumb":{"@id":"https:\/\/watch-bandit.com\/de\/produkt\/wristporn-premium-nylon-trilogie-schwarz-grau\/#breadcrumb"},"inLanguage":"de-DE","potentialAction":[{"@type":"ReadAction","target":["https:\/\/watch-bandit.com\/de\/produkt\/wristporn-premium-nylon-trilogie-schwarz-grau\/"]}]},{"@type":"BreadcrumbList","@id":"https:\/\/watch-bandit.com\/de\/produkt\/wristporn-premium-nylon-trilogie-schwarz-grau\/#breadcrumb","itemListElement":[{"@type":"ListItem","position":1,"name":"Home","item":"https:\/\/watchbandit.de\/"},{"@type":"ListItem","position":2,"name":"Shop","item":"https:\/\/watchbandit.de\/shop\/"},{"@type":"ListItem","position":3,"name":"Watch Bands","item":"https:\/\/watch-bandit.com\/products\/watch-bands\/"},{"@type":"ListItem","position":4,"name":"WRISTPORN Premium Nylon Trilogie | Schwarz &#038; Grau"}]},{"@type":"WebSite","@id":"https:\/\/watch-bandit.com\/#website","url":"https:\/\/watch-bandit.com\/","name":"WATCHBANDIT","description":"Contemporary Wrist Accessories","publisher":{"@id":"https:\/\/watch-bandit.com\/#organization"},"potentialAction":[{"@type":"SearchAction","target":{"@type":"EntryPoint","urlTemplate":"https:\/\/watch-bandit.com\/?s={search_term_string}"},"query-input":"required name=search_term_string"}],"inLanguage":"de-DE"},{"@type":"Organization","@id":"https:\/\/watch-bandit.com\/#organization","name":"WatchBandit","url":"https:\/\/watch-bandit.com\/","logo":{"@type":"ImageObject","inLanguage":"de-DE","@id":"https:\/\/watch-bandit.com\/#\/schema\/logo\/image\/","url":"https:\/\/watchbandit.de\/wp-content\/uploads\/2017\/11\/WB_Logo_557x124.png","contentUrl":"https:\/\/watchbandit.de\/wp-content\/uploads\/2017\/11\/WB_Logo_557x124.png","width":557,"height":124,"caption":"WatchBandit"},"image":{"@id":"https:\/\/watch-bandit.com\/#\/schema\/logo\/image\/"}}]}},"_links":{"self":[{"href":"https:\/\/watch-bandit.com\/de\/wp-json\/wp\/v2\/product\/262411"}],"collection":[{"href":"https:\/\/watch-bandit.com\/de\/wp-json\/wp\/v2\/product"}],"about":[{"href":"https:\/\/watch-bandit.com\/de\/wp-json\/wp\/v2\/types\/product"}],"replies":[{"embeddable":true,"href":"https:\/\/watch-bandit.com\/de\/wp-json\/wp\/v2\/comments?post=262411"}],"wp:featuredmedia":[{"embeddable":true,"href":"https:\/\/watch-bandit.com\/de\/wp-json\/wp\/v2\/media\/342915"}],"wp:attachment":[{"href":"https:\/\/watch-bandit.com\/de\/wp-json\/wp\/v2\/media?parent=262411"}],"wp:term":[{"taxonomy":"product_cat","embeddable":true,"href":"https:\/\/watch-bandit.com\/de\/wp-json\/wp\/v2\/product_cat?post=262411"},{"taxonomy":"product_tag","embeddable":true,"href":"https:\/\/watch-bandit.com\/de\/wp-json\/wp\/v2\/product_tag?post=262411"}],"curies":[{"name":"wp","href":"https:\/\/api.w.org\/{rel}","templated":true}]}}