{"id":263216,"date":"2020-09-01T19:29:35","date_gmt":"2020-09-01T17:29:35","guid":{"rendered":"https:\/\/watchbandit.com\/?post_type=product&#038;p=263216"},"modified":"2024-09-07T16:02:28","modified_gmt":"2024-09-07T14:02:28","slug":"le-jour-flieger-lj-fl-002","status":"publish","type":"product","link":"https:\/\/watch-bandit.com\/de\/produkt\/le-jour-flieger-lj-fl-002\/","title":{"rendered":"Le Jour &#8211; Flieger &#8211; LJ-FL-002"},"content":{"rendered":"<p>Le Jour Uhren hatte ihre bescheidenen Anf\u00e4nge in den 1960er Jahren. Inzwischen ist die Marke weltweit bei Uhrenliebhabern und Sammlern f\u00fcr die Herstellung von mechanischen Schweizer Uhren bekannt.<\/p>\n<p>Die meisterhaft entworfenen Le Jour Chronographen mit robusten Valjoux-Uhrwerken waren aufgrund ihrer bescheidenen Preiskalkulation und Langlebigkeit eine der begehrtesten der damaligen Zeit, was zu ihrem ph\u00e4nomenalen Erfolg f\u00fchrte.<\/p>\n<p>Die Kollektionen wurden vom Autorennsport, Segeln und der Luftfahrt inspiriert.<\/p>\n<p>Im Laufe der Jahre hat sich Le Jour einen Namen gemacht. Die professionellen Uhren verk\u00f6rpern eine pr\u00e4zise Konstruktion, pr\u00e4zise Handwerkskunst und die Verwendung hochwertiger mechanischer Uhrwerke.<\/p>\n<p>Als in den 1980er Jahren die Verlagerung der Nachfrage von High-End-Mechanikuhren in die massenorientierte Quarzrevolution Einzug hielt, begann auch Le Jour, wie viele andere europ\u00e4ische Hersteller, die Produktion einzustellen, und mit der Zeit verblich die Marke.<\/p>\n<p>Nun hat jedoch die neue Reise von Le Jour begonnen. Das Erbe der Marke wurde dort wieder aufgefriffen wo sie 30 Jahre zuvor aufgeh\u00f6rt hatte, um ikonische Modelle der Vergangenheit an den aktuellen Trend anzupassen.<\/p>\n<p>Mit gro\u00dfer Aufmerksamkeit f\u00fcr das Erbe, und die Gef\u00fchle dieser Marke, die Le Jour unbesiegbar gemacht haben, wurde die Marke mit vollem Engagement neu belebt. Der Vintage-Charme, das luxuri\u00f6se Gef\u00fchl und die Zuverl\u00e4ssigkeit durch die Verwendung hochwertiger Materialien wurde vollends bewahrt. Le Jour zollt der traditionellen Uhrmacherei Tribut, indem sie die gleiche Brillanz und Exzellenz wie bei den Le Jour-Uhren aus dem letzten Jahrhundert schaffen.<\/p>\n","protected":false},"excerpt":{"rendered":"<p>Mit der neuen Flieger Kollektion bietet Le Jour bietet ein traditionelles Toolwatch-Design, welches in der Zeit des Zweiten Weltkrieges f\u00fcr Uhren von Kampfflugzeugpiloten verwendet wurde. Es symbolisiert die Revolution der Umstellung auf Armbanduhren von traditionellen (Beobachtungs-) Taschenuhren von Soldaten. Pilotenuhren zeichnen sich durch ihre besonders gute Leserlichkeit aus, welches sich im Zifferblattdesign und der Gr\u00f6\u00dfe widerspiegelt. Dies war f\u00fcr die Kampfpiloten, die ihre H\u00e4nde bei wenig Bewegungsfreiheit stets an ihren Steuerelementen haben mussten, von besonderer Wichtigkeit.<\/p>\n<p>Das Le Jour Flieger Uhrengeh\u00e4use ist aus CuSn8-Bronze und satinmatt geb\u00fcrstet. Mit der Zeit entwickelt die Bronzeoberfl\u00e4che eine besondere Patina, ein herrlicher Look mit einem Hauch von Nostalgie. Das makellose Zifferblatt mit Zeigern und Indizes im Vintage-Stil bietet eine klare Lesbarkeit. Die Verwendung von Swiss Super-LumiNova C3 Leuchtmasse auf Zeigern und Indizes verbessert die Lesbarkeit in dunkleren Umgebungen. Das Premium-Lederband hat zwei Nieten am Laschenende und eine Niete am anderen Ende des Armbandes, um den Vintagestil perfekt abzurunden. Das zweigeteilte, mit einer Niete verschlossene Lederarmband bietet besondere Sicherheit und verhindert ein versehentliches Verrutschen und Herunterfallen der Uhr, wenn das Armband ge\u00f6ffnet wird. Zus\u00e4tzlich wird ein schwarzes Nylonband geliefert, das f\u00fcr ein leichteres Gef\u00fchl und einen sportlicheren Look sorgt. Der Le Jour Flieger verf\u00fcgt \u00fcber ein kratzfestes Saphirglas mit Antireflexbeschichtung auf der Innenseite des Kristallglases. Eine verschraubte Krone und Geh\u00e4useboden bringen die Uhr eine Wasserbest\u00e4ndigkeit von bis zu 10 bar \/ 100 Meter. Der Edelstahl-Geh\u00e4useboden. Die Liebe steckt im Detail: Der Geh\u00e4useboden hat eine Grafik eines Kampfflugzeugs eingraviert und ist mit einer IP-Ros\u00e9gold-Beschichtung versehen, die dem Aussehen des restlichen Geh\u00e4uses entspricht. Die Uhr wird von einem Schweizer Automatikwerk Sellita SW200 angetrieben<\/p>\n<p><strong>Uhrwerk:<\/strong> Swiss Made Sellita SW200 Automatik mit Datumsanzeige<br \/>\n<strong>Geh\u00e4use:<\/strong> Geb\u00fcrstete CuSn8 Bronze mit 45mm Durchmesser<br \/>\n<strong>Wasserdichtigkeit:<\/strong> 10 bar \/ 100 Meter<br \/>\n<strong>Armband:<\/strong> Echtleder- und Nylonarmband<\/p>\n","protected":false},"featured_media":263496,"comment_status":"open","ping_status":"closed","template":"","meta":[],"product_cat":[3236,37],"product_tag":[],"yoast_head":"<!-- This site is optimized with the Yoast SEO plugin v21.9 - https:\/\/yoast.com\/wordpress\/plugins\/seo\/ -->\n<title>Le Jour - Flieger - LJ-FL-002 - WATCHBANDIT<\/title>\n<meta name=\"description\" content=\"Le Jour Flieger Uhren bei WatchBandit kaufen \u2713 Autorisierter H\u00e4ndler \u2713 Swiss made \u2713 Trusted Shops zertifiziert \u2713 Kostenlose- &amp; schnelle Lieferung \u2713\" \/>\n<meta name=\"robots\" content=\"noindex, follow, max-snippet:-1, max-image-preview:large, max-video-preview:-1\" \/>\n<meta property=\"og:locale\" content=\"de_DE\" \/>\n<meta property=\"og:type\" content=\"article\" \/>\n<meta property=\"og:title\" content=\"Le Jour - Flieger - LJ-FL-002 - WATCHBANDIT\" \/>\n<meta property=\"og:description\" content=\"Le Jour Flieger Uhren bei WatchBandit kaufen \u2713 Autorisierter H\u00e4ndler \u2713 Swiss made \u2713 Trusted Shops zertifiziert \u2713 Kostenlose- &amp; schnelle Lieferung \u2713\" \/>\n<meta property=\"og:url\" content=\"https:\/\/watch-bandit.com\/de\/produkt\/le-jour-flieger-lj-fl-002\/\" \/>\n<meta property=\"og:site_name\" content=\"WATCHBANDIT\" \/>\n<meta property=\"article:modified_time\" content=\"2024-09-07T14:02:28+00:00\" \/>\n<meta property=\"og:image\" content=\"https:\/\/watch-bandit.com\/wp-content\/uploads\/2020\/09\/WB_LJ-FL-002_front.jpg\" \/>\n\t<meta property=\"og:image:width\" content=\"1400\" \/>\n\t<meta property=\"og:image:height\" content=\"1700\" \/>\n\t<meta property=\"og:image:type\" content=\"image\/jpeg\" \/>\n<meta name=\"twitter:label1\" content=\"Gesch\u00e4tzte Lesezeit\" \/>\n\t<meta name=\"twitter:data1\" content=\"1 Minute\" \/>\n<script type=\"application\/ld+json\" class=\"yoast-schema-graph\">{\"@context\":\"https:\/\/schema.org\",\"@graph\":[{\"@type\":\"WebPage\",\"@id\":\"https:\/\/watch-bandit.com\/de\/produkt\/le-jour-flieger-lj-fl-002\/\",\"url\":\"https:\/\/watch-bandit.com\/de\/produkt\/le-jour-flieger-lj-fl-002\/\",\"name\":\"Le Jour - Flieger - LJ-FL-002 - WATCHBANDIT\",\"isPartOf\":{\"@id\":\"https:\/\/watch-bandit.com\/#website\"},\"datePublished\":\"2020-09-01T17:29:35+00:00\",\"dateModified\":\"2024-09-07T14:02:28+00:00\",\"description\":\"Le Jour Flieger Uhren bei WatchBandit kaufen \u2713 Autorisierter H\u00e4ndler \u2713 Swiss made \u2713 Trusted Shops zertifiziert \u2713 Kostenlose- & schnelle Lieferung \u2713\",\"breadcrumb\":{\"@id\":\"https:\/\/watch-bandit.com\/de\/produkt\/le-jour-flieger-lj-fl-002\/#breadcrumb\"},\"inLanguage\":\"de-DE\",\"potentialAction\":[{\"@type\":\"ReadAction\",\"target\":[\"https:\/\/watch-bandit.com\/de\/produkt\/le-jour-flieger-lj-fl-002\/\"]}]},{\"@type\":\"BreadcrumbList\",\"@id\":\"https:\/\/watch-bandit.com\/de\/produkt\/le-jour-flieger-lj-fl-002\/#breadcrumb\",\"itemListElement\":[{\"@type\":\"ListItem\",\"position\":1,\"name\":\"Home\",\"item\":\"https:\/\/watchbandit.de\/\"},{\"@type\":\"ListItem\",\"position\":2,\"name\":\"Shop\",\"item\":\"https:\/\/watchbandit.de\/shop\/\"},{\"@type\":\"ListItem\",\"position\":3,\"name\":\"Watches\",\"item\":\"https:\/\/watch-bandit.com\/products\/watches\/\"},{\"@type\":\"ListItem\",\"position\":4,\"name\":\"Le Jour\",\"item\":\"https:\/\/watch-bandit.com\/de\/produkte\/uhren\/le-jour-de\/\"},{\"@type\":\"ListItem\",\"position\":5,\"name\":\"Le Jour &#8211; Flieger &#8211; LJ-FL-002\"}]},{\"@type\":\"WebSite\",\"@id\":\"https:\/\/watch-bandit.com\/#website\",\"url\":\"https:\/\/watch-bandit.com\/\",\"name\":\"WATCHBANDIT\",\"description\":\"Contemporary Wrist Accessories\",\"publisher\":{\"@id\":\"https:\/\/watch-bandit.com\/#organization\"},\"potentialAction\":[{\"@type\":\"SearchAction\",\"target\":{\"@type\":\"EntryPoint\",\"urlTemplate\":\"https:\/\/watch-bandit.com\/?s={search_term_string}\"},\"query-input\":\"required name=search_term_string\"}],\"inLanguage\":\"de-DE\"},{\"@type\":\"Organization\",\"@id\":\"https:\/\/watch-bandit.com\/#organization\",\"name\":\"WatchBandit\",\"url\":\"https:\/\/watch-bandit.com\/\",\"logo\":{\"@type\":\"ImageObject\",\"inLanguage\":\"de-DE\",\"@id\":\"https:\/\/watch-bandit.com\/#\/schema\/logo\/image\/\",\"url\":\"https:\/\/watchbandit.de\/wp-content\/uploads\/2017\/11\/WB_Logo_557x124.png\",\"contentUrl\":\"https:\/\/watchbandit.de\/wp-content\/uploads\/2017\/11\/WB_Logo_557x124.png\",\"width\":557,\"height\":124,\"caption\":\"WatchBandit\"},\"image\":{\"@id\":\"https:\/\/watch-bandit.com\/#\/schema\/logo\/image\/\"}}]}<\/script>\n<!-- \/ Yoast SEO plugin. -->","yoast_head_json":{"title":"Le Jour - Flieger - LJ-FL-002 - WATCHBANDIT","description":"Le Jour Flieger Uhren bei WatchBandit kaufen \u2713 Autorisierter H\u00e4ndler \u2713 Swiss made \u2713 Trusted Shops zertifiziert \u2713 Kostenlose- & schnelle Lieferung \u2713","robots":{"index":"noindex","follow":"follow","max-snippet":"max-snippet:-1","max-image-preview":"max-image-preview:large","max-video-preview":"max-video-preview:-1"},"og_locale":"de_DE","og_type":"article","og_title":"Le Jour - Flieger - LJ-FL-002 - WATCHBANDIT","og_description":"Le Jour Flieger Uhren bei WatchBandit kaufen \u2713 Autorisierter H\u00e4ndler \u2713 Swiss made \u2713 Trusted Shops zertifiziert \u2713 Kostenlose- & schnelle Lieferung \u2713","og_url":"https:\/\/watch-bandit.com\/de\/produkt\/le-jour-flieger-lj-fl-002\/","og_site_name":"WATCHBANDIT","article_modified_time":"2024-09-07T14:02:28+00:00","og_image":[{"width":1400,"height":1700,"url":"https:\/\/watch-bandit.com\/wp-content\/uploads\/2020\/09\/WB_LJ-FL-002_front.jpg","type":"image\/jpeg"}],"twitter_misc":{"Gesch\u00e4tzte Lesezeit":"1 Minute"},"schema":{"@context":"https:\/\/schema.org","@graph":[{"@type":"WebPage","@id":"https:\/\/watch-bandit.com\/de\/produkt\/le-jour-flieger-lj-fl-002\/","url":"https:\/\/watch-bandit.com\/de\/produkt\/le-jour-flieger-lj-fl-002\/","name":"Le Jour - Flieger - LJ-FL-002 - WATCHBANDIT","isPartOf":{"@id":"https:\/\/watch-bandit.com\/#website"},"datePublished":"2020-09-01T17:29:35+00:00","dateModified":"2024-09-07T14:02:28+00:00","description":"Le Jour Flieger Uhren bei WatchBandit kaufen \u2713 Autorisierter H\u00e4ndler \u2713 Swiss made \u2713 Trusted Shops zertifiziert \u2713 Kostenlose- & schnelle Lieferung \u2713","breadcrumb":{"@id":"https:\/\/watch-bandit.com\/de\/produkt\/le-jour-flieger-lj-fl-002\/#breadcrumb"},"inLanguage":"de-DE","potentialAction":[{"@type":"ReadAction","target":["https:\/\/watch-bandit.com\/de\/produkt\/le-jour-flieger-lj-fl-002\/"]}]},{"@type":"BreadcrumbList","@id":"https:\/\/watch-bandit.com\/de\/produkt\/le-jour-flieger-lj-fl-002\/#breadcrumb","itemListElement":[{"@type":"ListItem","position":1,"name":"Home","item":"https:\/\/watchbandit.de\/"},{"@type":"ListItem","position":2,"name":"Shop","item":"https:\/\/watchbandit.de\/shop\/"},{"@type":"ListItem","position":3,"name":"Watches","item":"https:\/\/watch-bandit.com\/products\/watches\/"},{"@type":"ListItem","position":4,"name":"Le Jour","item":"https:\/\/watch-bandit.com\/de\/produkte\/uhren\/le-jour-de\/"},{"@type":"ListItem","position":5,"name":"Le Jour &#8211; Flieger &#8211; LJ-FL-002"}]},{"@type":"WebSite","@id":"https:\/\/watch-bandit.com\/#website","url":"https:\/\/watch-bandit.com\/","name":"WATCHBANDIT","description":"Contemporary Wrist Accessories","publisher":{"@id":"https:\/\/watch-bandit.com\/#organization"},"potentialAction":[{"@type":"SearchAction","target":{"@type":"EntryPoint","urlTemplate":"https:\/\/watch-bandit.com\/?s={search_term_string}"},"query-input":"required name=search_term_string"}],"inLanguage":"de-DE"},{"@type":"Organization","@id":"https:\/\/watch-bandit.com\/#organization","name":"WatchBandit","url":"https:\/\/watch-bandit.com\/","logo":{"@type":"ImageObject","inLanguage":"de-DE","@id":"https:\/\/watch-bandit.com\/#\/schema\/logo\/image\/","url":"https:\/\/watchbandit.de\/wp-content\/uploads\/2017\/11\/WB_Logo_557x124.png","contentUrl":"https:\/\/watchbandit.de\/wp-content\/uploads\/2017\/11\/WB_Logo_557x124.png","width":557,"height":124,"caption":"WatchBandit"},"image":{"@id":"https:\/\/watch-bandit.com\/#\/schema\/logo\/image\/"}}]}},"_links":{"self":[{"href":"https:\/\/watch-bandit.com\/de\/wp-json\/wp\/v2\/product\/263216"}],"collection":[{"href":"https:\/\/watch-bandit.com\/de\/wp-json\/wp\/v2\/product"}],"about":[{"href":"https:\/\/watch-bandit.com\/de\/wp-json\/wp\/v2\/types\/product"}],"replies":[{"embeddable":true,"href":"https:\/\/watch-bandit.com\/de\/wp-json\/wp\/v2\/comments?post=263216"}],"wp:featuredmedia":[{"embeddable":true,"href":"https:\/\/watch-bandit.com\/de\/wp-json\/wp\/v2\/media\/263496"}],"wp:attachment":[{"href":"https:\/\/watch-bandit.com\/de\/wp-json\/wp\/v2\/media?parent=263216"}],"wp:term":[{"taxonomy":"product_cat","embeddable":true,"href":"https:\/\/watch-bandit.com\/de\/wp-json\/wp\/v2\/product_cat?post=263216"},{"taxonomy":"product_tag","embeddable":true,"href":"https:\/\/watch-bandit.com\/de\/wp-json\/wp\/v2\/product_tag?post=263216"}],"curies":[{"name":"wp","href":"https:\/\/api.w.org\/{rel}","templated":true}]}}