{"id":266954,"date":"2020-11-06T12:39:39","date_gmt":"2020-11-06T11:39:40","guid":{"rendered":"https:\/\/watchbandit.com\/?post_type=product&#038;p=266954"},"modified":"2025-12-28T09:11:46","modified_gmt":"2025-12-28T08:11:46","slug":"canvas-uhrenarmband-navy-blau-wb-original","status":"publish","type":"product","link":"https:\/\/watch-bandit.com\/de\/produkt\/canvas-uhrenarmband-navy-blau-wb-original\/","title":{"rendered":"Canvas Uhrenarmband Navy Blau | WB Original"},"content":{"rendered":"<p><img loading=\"lazy\" decoding=\"async\" class=\"alignnone size-full wp-image-236648\" src=\"https:\/\/watchbandit.de\/wp-content\/uploads\/2019\/03\/Banner_watchbandit_canvas_strap.jpg\" alt=\"WatchBandit Canvas straps collection\" width=\"1969\" height=\"366\" srcset=\"https:\/\/watch-bandit.com\/wp-content\/uploads\/2019\/03\/Banner_watchbandit_canvas_strap.jpg 1969w, https:\/\/watch-bandit.com\/wp-content\/uploads\/2019\/03\/Banner_watchbandit_canvas_strap-280x52.jpg 280w, https:\/\/watch-bandit.com\/wp-content\/uploads\/2019\/03\/Banner_watchbandit_canvas_strap-768x143.jpg 768w, https:\/\/watch-bandit.com\/wp-content\/uploads\/2019\/03\/Banner_watchbandit_canvas_strap-1024x190.jpg 1024w, https:\/\/watch-bandit.com\/wp-content\/uploads\/2019\/03\/Banner_watchbandit_canvas_strap-1400x260.jpg 1400w\" sizes=\"(max-width: 1969px) 100vw, 1969px\" \/><\/p>\n<h3>WatchBandit Original Canvas Uhrenarmb\u00e4nder<\/h3>\n<p>Unsere WatchBandit Original Canvas Uhrenarmb\u00e4nder werden aus hochwertiger, feiner und sehr haltbarer Baumwolle (90%) und Viskose (10%) hergestellt. Entworfen in Berlin und zusammen mit den besten Herstellern produziert, bringen wir unsere langj\u00e4hrige Erfahrung mit, um Premium-Uhrenarmb\u00e4nder erschwinglich zu machen. Mit den neuesten Trends und h\u00f6chsten Standards produzieren wir die Uhrenarmb\u00e4nder, nach denen du immer gesucht hast. Wir sammeln auch die Erfahrungen und Vorschl\u00e4ge unserer Kunden, um unsere eigenen Uhrenarmband-Kollektionen herzustellen und stetig zu verbessern . So k\u00f6nnen wir Produkte anbieten, die es auf dem bestehenden Markt oftmals so nicht gibt und passen unsere Produkte somit stets an die Bed\u00fcrfnisse unserer modernen Uhrenliebhaber an. WatchBandit Original Canvas Uhrenarmb\u00e4nder sind die Essenz eines langj\u00e4hrigen Prozesses und werden auch mit deiner Hilfe, immer besser und besser.<\/p>\n","protected":false},"excerpt":{"rendered":"<p>Wenn du auf der Suche nach hochwertigen Canvas Uhrenarmb\u00e4ndern zu einem fairen Preis-Leistungs-Verh\u00e4ltnis bist, hast du sie gefunden. Unser WatchBandit Original Canvas Uhrenarmband ist aus hochwertiger, feiner und sehr robuster Baumwolle hergestellt. Es verf\u00fcgt \u00fcber 10 verst\u00e4rkt gen\u00e4hte L\u00f6cher f\u00fcr eine perfekte Passform und Langlebigkeit zu gew\u00e4hrleisten. Die Schlie\u00dfe besteht aus geb\u00fcrsteten 316L Edelstahl und ist mit unserem WB-Logo versehen. Entworfen in Berlin und zusammen mit den besten Herstellern produziert, bringen wir unsere langj\u00e4hrige Erfahrung mit um Premium-Uhrenarmb\u00e4nder erschwinglich zu machen.<\/p>\n<p><strong>Material:<\/strong>\u00a0Baumwolle in hervorragender robuster Qualit\u00e4t und sehr bequem<br \/>\n<strong>Schlie\u00dfe:<\/strong> Geb\u00fcrsteter 316L-Stahl mit WB-Logo<br \/>\n<strong>Gr\u00f6\u00dfe:<\/strong> Bandl\u00e4nge: 12 cm + 7,50 cm. 10 verst\u00e4rkte L\u00f6cher f\u00fcr individuelle Passform. <strong>Schlie\u00dfenbreite:<\/strong> gleich Armbandbreite<\/p>\n","protected":false},"featured_media":269276,"comment_status":"open","ping_status":"closed","template":"","meta":[],"product_cat":[1016,2837,334,2976],"product_tag":[],"yoast_head":"<!-- This site is optimized with the Yoast SEO plugin v21.9 - https:\/\/yoast.com\/wordpress\/plugins\/seo\/ -->\n<title>Canvas Uhrenarmband Navy Blau | WB Original - WATCHBANDIT<\/title>\n<meta name=\"description\" content=\"Canvas Uhrenarmb\u00e4nder bei WatchBandit kaufen \u2713 Designed in Berlin \u2713 Kostenlose Lieferung ab 79\u20ac Warenwert \u2713 Trusted Shops zertifiziert \u2713 Est. Berlin 2014 \u2713\" \/>\n<meta name=\"robots\" content=\"noindex, follow, max-snippet:-1, max-image-preview:large, max-video-preview:-1\" \/>\n<meta property=\"og:locale\" content=\"de_DE\" \/>\n<meta property=\"og:type\" content=\"article\" \/>\n<meta property=\"og:title\" content=\"Canvas Uhrenarmband Navy Blau | WB Original - WATCHBANDIT\" \/>\n<meta property=\"og:description\" content=\"Canvas Uhrenarmb\u00e4nder bei WatchBandit kaufen \u2713 Designed in Berlin \u2713 Kostenlose Lieferung ab 79\u20ac Warenwert \u2713 Trusted Shops zertifiziert \u2713 Est. Berlin 2014 \u2713\" \/>\n<meta property=\"og:url\" content=\"https:\/\/watch-bandit.com\/de\/produkt\/canvas-uhrenarmband-navy-blau-wb-original\/\" \/>\n<meta property=\"og:site_name\" content=\"WATCHBANDIT\" \/>\n<meta property=\"article:modified_time\" content=\"2025-12-28T08:11:46+00:00\" \/>\n<meta property=\"og:image\" content=\"https:\/\/watch-bandit.com\/wp-content\/uploads\/2020\/11\/Canvas-watch-band-Watchbandit-navy-Blue-front-min.jpg\" \/>\n\t<meta property=\"og:image:width\" content=\"1400\" \/>\n\t<meta property=\"og:image:height\" content=\"1700\" \/>\n\t<meta property=\"og:image:type\" content=\"image\/jpeg\" \/>\n<meta name=\"twitter:label1\" content=\"Gesch\u00e4tzte Lesezeit\" \/>\n\t<meta name=\"twitter:data1\" content=\"1 Minute\" \/>\n<script type=\"application\/ld+json\" class=\"yoast-schema-graph\">{\"@context\":\"https:\/\/schema.org\",\"@graph\":[{\"@type\":\"WebPage\",\"@id\":\"https:\/\/watch-bandit.com\/de\/produkt\/canvas-uhrenarmband-navy-blau-wb-original\/\",\"url\":\"https:\/\/watch-bandit.com\/de\/produkt\/canvas-uhrenarmband-navy-blau-wb-original\/\",\"name\":\"Canvas Uhrenarmband Navy Blau | WB Original - WATCHBANDIT\",\"isPartOf\":{\"@id\":\"https:\/\/watch-bandit.com\/#website\"},\"datePublished\":\"2020-11-06T11:39:40+00:00\",\"dateModified\":\"2025-12-28T08:11:46+00:00\",\"description\":\"Canvas Uhrenarmb\u00e4nder bei WatchBandit kaufen \u2713 Designed in Berlin \u2713 Kostenlose Lieferung ab 79\u20ac Warenwert \u2713 Trusted Shops zertifiziert \u2713 Est. Berlin 2014 \u2713\",\"breadcrumb\":{\"@id\":\"https:\/\/watch-bandit.com\/de\/produkt\/canvas-uhrenarmband-navy-blau-wb-original\/#breadcrumb\"},\"inLanguage\":\"de-DE\",\"potentialAction\":[{\"@type\":\"ReadAction\",\"target\":[\"https:\/\/watch-bandit.com\/de\/produkt\/canvas-uhrenarmband-navy-blau-wb-original\/\"]}]},{\"@type\":\"BreadcrumbList\",\"@id\":\"https:\/\/watch-bandit.com\/de\/produkt\/canvas-uhrenarmband-navy-blau-wb-original\/#breadcrumb\",\"itemListElement\":[{\"@type\":\"ListItem\",\"position\":1,\"name\":\"Home\",\"item\":\"https:\/\/watchbandit.de\/\"},{\"@type\":\"ListItem\",\"position\":2,\"name\":\"Shop\",\"item\":\"https:\/\/watchbandit.de\/shop\/\"},{\"@type\":\"ListItem\",\"position\":3,\"name\":\"Watch Bands\",\"item\":\"https:\/\/watch-bandit.com\/products\/watch-bands\/\"},{\"@type\":\"ListItem\",\"position\":4,\"name\":\"Canvas Uhrenarmband Navy Blau | WB Original\"}]},{\"@type\":\"WebSite\",\"@id\":\"https:\/\/watch-bandit.com\/#website\",\"url\":\"https:\/\/watch-bandit.com\/\",\"name\":\"WATCHBANDIT\",\"description\":\"Contemporary Wrist Accessories\",\"publisher\":{\"@id\":\"https:\/\/watch-bandit.com\/#organization\"},\"potentialAction\":[{\"@type\":\"SearchAction\",\"target\":{\"@type\":\"EntryPoint\",\"urlTemplate\":\"https:\/\/watch-bandit.com\/?s={search_term_string}\"},\"query-input\":\"required name=search_term_string\"}],\"inLanguage\":\"de-DE\"},{\"@type\":\"Organization\",\"@id\":\"https:\/\/watch-bandit.com\/#organization\",\"name\":\"WatchBandit\",\"url\":\"https:\/\/watch-bandit.com\/\",\"logo\":{\"@type\":\"ImageObject\",\"inLanguage\":\"de-DE\",\"@id\":\"https:\/\/watch-bandit.com\/#\/schema\/logo\/image\/\",\"url\":\"https:\/\/watchbandit.de\/wp-content\/uploads\/2017\/11\/WB_Logo_557x124.png\",\"contentUrl\":\"https:\/\/watchbandit.de\/wp-content\/uploads\/2017\/11\/WB_Logo_557x124.png\",\"width\":557,\"height\":124,\"caption\":\"WatchBandit\"},\"image\":{\"@id\":\"https:\/\/watch-bandit.com\/#\/schema\/logo\/image\/\"}}]}<\/script>\n<!-- \/ Yoast SEO plugin. -->","yoast_head_json":{"title":"Canvas Uhrenarmband Navy Blau | WB Original - WATCHBANDIT","description":"Canvas Uhrenarmb\u00e4nder bei WatchBandit kaufen \u2713 Designed in Berlin \u2713 Kostenlose Lieferung ab 79\u20ac Warenwert \u2713 Trusted Shops zertifiziert \u2713 Est. Berlin 2014 \u2713","robots":{"index":"noindex","follow":"follow","max-snippet":"max-snippet:-1","max-image-preview":"max-image-preview:large","max-video-preview":"max-video-preview:-1"},"og_locale":"de_DE","og_type":"article","og_title":"Canvas Uhrenarmband Navy Blau | WB Original - WATCHBANDIT","og_description":"Canvas Uhrenarmb\u00e4nder bei WatchBandit kaufen \u2713 Designed in Berlin \u2713 Kostenlose Lieferung ab 79\u20ac Warenwert \u2713 Trusted Shops zertifiziert \u2713 Est. Berlin 2014 \u2713","og_url":"https:\/\/watch-bandit.com\/de\/produkt\/canvas-uhrenarmband-navy-blau-wb-original\/","og_site_name":"WATCHBANDIT","article_modified_time":"2025-12-28T08:11:46+00:00","og_image":[{"width":1400,"height":1700,"url":"https:\/\/watch-bandit.com\/wp-content\/uploads\/2020\/11\/Canvas-watch-band-Watchbandit-navy-Blue-front-min.jpg","type":"image\/jpeg"}],"twitter_misc":{"Gesch\u00e4tzte Lesezeit":"1 Minute"},"schema":{"@context":"https:\/\/schema.org","@graph":[{"@type":"WebPage","@id":"https:\/\/watch-bandit.com\/de\/produkt\/canvas-uhrenarmband-navy-blau-wb-original\/","url":"https:\/\/watch-bandit.com\/de\/produkt\/canvas-uhrenarmband-navy-blau-wb-original\/","name":"Canvas Uhrenarmband Navy Blau | WB Original - WATCHBANDIT","isPartOf":{"@id":"https:\/\/watch-bandit.com\/#website"},"datePublished":"2020-11-06T11:39:40+00:00","dateModified":"2025-12-28T08:11:46+00:00","description":"Canvas Uhrenarmb\u00e4nder bei WatchBandit kaufen \u2713 Designed in Berlin \u2713 Kostenlose Lieferung ab 79\u20ac Warenwert \u2713 Trusted Shops zertifiziert \u2713 Est. Berlin 2014 \u2713","breadcrumb":{"@id":"https:\/\/watch-bandit.com\/de\/produkt\/canvas-uhrenarmband-navy-blau-wb-original\/#breadcrumb"},"inLanguage":"de-DE","potentialAction":[{"@type":"ReadAction","target":["https:\/\/watch-bandit.com\/de\/produkt\/canvas-uhrenarmband-navy-blau-wb-original\/"]}]},{"@type":"BreadcrumbList","@id":"https:\/\/watch-bandit.com\/de\/produkt\/canvas-uhrenarmband-navy-blau-wb-original\/#breadcrumb","itemListElement":[{"@type":"ListItem","position":1,"name":"Home","item":"https:\/\/watchbandit.de\/"},{"@type":"ListItem","position":2,"name":"Shop","item":"https:\/\/watchbandit.de\/shop\/"},{"@type":"ListItem","position":3,"name":"Watch Bands","item":"https:\/\/watch-bandit.com\/products\/watch-bands\/"},{"@type":"ListItem","position":4,"name":"Canvas Uhrenarmband Navy Blau | WB Original"}]},{"@type":"WebSite","@id":"https:\/\/watch-bandit.com\/#website","url":"https:\/\/watch-bandit.com\/","name":"WATCHBANDIT","description":"Contemporary Wrist Accessories","publisher":{"@id":"https:\/\/watch-bandit.com\/#organization"},"potentialAction":[{"@type":"SearchAction","target":{"@type":"EntryPoint","urlTemplate":"https:\/\/watch-bandit.com\/?s={search_term_string}"},"query-input":"required name=search_term_string"}],"inLanguage":"de-DE"},{"@type":"Organization","@id":"https:\/\/watch-bandit.com\/#organization","name":"WatchBandit","url":"https:\/\/watch-bandit.com\/","logo":{"@type":"ImageObject","inLanguage":"de-DE","@id":"https:\/\/watch-bandit.com\/#\/schema\/logo\/image\/","url":"https:\/\/watchbandit.de\/wp-content\/uploads\/2017\/11\/WB_Logo_557x124.png","contentUrl":"https:\/\/watchbandit.de\/wp-content\/uploads\/2017\/11\/WB_Logo_557x124.png","width":557,"height":124,"caption":"WatchBandit"},"image":{"@id":"https:\/\/watch-bandit.com\/#\/schema\/logo\/image\/"}}]}},"_links":{"self":[{"href":"https:\/\/watch-bandit.com\/de\/wp-json\/wp\/v2\/product\/266954"}],"collection":[{"href":"https:\/\/watch-bandit.com\/de\/wp-json\/wp\/v2\/product"}],"about":[{"href":"https:\/\/watch-bandit.com\/de\/wp-json\/wp\/v2\/types\/product"}],"replies":[{"embeddable":true,"href":"https:\/\/watch-bandit.com\/de\/wp-json\/wp\/v2\/comments?post=266954"}],"wp:featuredmedia":[{"embeddable":true,"href":"https:\/\/watch-bandit.com\/de\/wp-json\/wp\/v2\/media\/269276"}],"wp:attachment":[{"href":"https:\/\/watch-bandit.com\/de\/wp-json\/wp\/v2\/media?parent=266954"}],"wp:term":[{"taxonomy":"product_cat","embeddable":true,"href":"https:\/\/watch-bandit.com\/de\/wp-json\/wp\/v2\/product_cat?post=266954"},{"taxonomy":"product_tag","embeddable":true,"href":"https:\/\/watch-bandit.com\/de\/wp-json\/wp\/v2\/product_tag?post=266954"}],"curies":[{"name":"wp","href":"https:\/\/api.w.org\/{rel}","templated":true}]}}