{"id":273981,"date":"2021-02-05T12:18:57","date_gmt":"2021-02-05T11:18:59","guid":{"rendered":"https:\/\/watchbandit.com\/?post_type=product&#038;p=273981"},"modified":"2026-02-07T01:41:32","modified_gmt":"2026-02-07T00:41:32","slug":"kautschuk-waffel-uhrenarmband-gelb-wb-original","status":"publish","type":"product","link":"https:\/\/watch-bandit.com\/de\/produkt\/kautschuk-waffel-uhrenarmband-gelb-wb-original\/","title":{"rendered":"Kautschuk Waffel-Uhrenarmband &#8211; Gelb | WB Original"},"content":{"rendered":"<h3>Kautschuk Waffel-Uhrenarmband<\/h3>\n<p>Unsere WatchBandit Original Kautschuk Waffel-Uhrenarmb\u00e4nder bestehen aus hochwertigem und haltbarem Fluorkautschuk (FKM). Entworfen in Deutschland, Berlin und zusammen mit den besten Uhrenarmbandfabriken hergestellt, setzen wir unsere jahrelange Erfahrung ein, um Premium-Uhrenarmb\u00e4nder erschwinglich zu machen. Aufgrund ihrer Langlebigkeit, ihres Komforts und ihres einzigartigen Designs wurde das Kautschuk Waffel-Uhrenarmband in den 60er und 70er Jahren f\u00fcr eine Reihe von Sport- und insbesondere Taucheruhren ber\u00fchmt, wie z.B. von dem Hersteller Seiko. Dar\u00fcber hinaus waren sie f\u00fcr viele bekannte Uhrenhersteller h\u00e4ufig OEM-Standard. Das Armband hat oben ein ausgepr\u00e4gtes Waffelmuster und eine gepr\u00e4gte Unterseite mit vielen Kan\u00e4len, um Wasser und Schwei\u00df abzuleiten.<\/p>\n","protected":false},"excerpt":{"rendered":"<p>Wenn du auf der Suche nach den besten Kautschukarmb\u00e4ndern im Waffel-Style auf dem Markt zu einem fairen Preis bist, hast du sie gefunden! Der Kautschuk, den wir f\u00fcr unsere Waffel-Uhrenb\u00e4nder ausgew\u00e4hlt haben, ist Fluorelastomer, auch bekannt als FKM oder Fluor. Es ist ein extrem hochwertiger Leistungskautschuk, der auch im H\u00e4rtetest lange h\u00e4lt, da er hohen Temperaturen, UV-Strahlung und sogar Chemikalien standh\u00e4lt. Nicht zuletzt ist er sehr weich und angenehm zu tragen. Das Armband hat auf der Oberseite ein ausgepr\u00e4gtes Waffelmuster und eine gepr\u00e4gte Unterseite mit vielen Kan\u00e4len, um Wasser und Schwei\u00df perfekt abzuleiten. Diese Armb\u00e4nder werden mit soliden Schnellverschluss-Federstangen geliefert, sodass Sie die Gurte auch unterwegs problemlos wechseln k\u00f6nnen. Die Dornschlie\u00dfe besteht aus geb\u00fcrsteten Edelstahl 316L und ist mit einer WB-Gravur versehen.<\/p>\n<p><strong>Material:<\/strong> Hochwertiger, weicher und langlebiger Fluorkautschuk (FKM)<br \/>\n<strong>Federstege:<\/strong> Quick-Release<br \/>\n<strong>Schlie\u00dfe:<\/strong>\u00a0316L-Stahl mit WB-Logo<br \/>\n<strong>Gr\u00f6\u00dfe:<\/strong> Bandl\u00e4nge: 13 cm + 8 cm. <strong>Dicke:<\/strong> 3-5 mm (Schlie\u00dfe-Bandanst\u00f6\u00dfe). <strong>Breite an der Dornschlie\u00dfe:<\/strong> 2 mm weniger als die gew\u00e4hlte Stegbreite<\/p>\n","protected":false},"featured_media":274521,"comment_status":"open","ping_status":"closed","template":"","meta":[],"product_cat":[2836,2837,334,3919,2976],"product_tag":[],"yoast_head":"<!-- This site is optimized with the Yoast SEO plugin v21.9 - https:\/\/yoast.com\/wordpress\/plugins\/seo\/ -->\n<title>Kautschuk Waffel-Uhrenarmband - Gelb | WB Original - WATCHBANDIT<\/title>\n<meta name=\"description\" content=\"Kautschuk Waffel Uhrenarmb\u00e4nder bei WatchBandit kaufen \u2713 FKM Kautschuk \u2713 Designed in Berlin \u2713 Schnelle Lieferung \u2713 Seiko \u2713 Trusted Shops zertifiziert \u2713\" \/>\n<meta name=\"robots\" content=\"noindex, follow, max-snippet:-1, max-image-preview:large, max-video-preview:-1\" \/>\n<meta property=\"og:locale\" content=\"de_DE\" \/>\n<meta property=\"og:type\" content=\"article\" \/>\n<meta property=\"og:title\" content=\"Kautschuk Waffel-Uhrenarmband - Gelb | WB Original - WATCHBANDIT\" \/>\n<meta property=\"og:description\" content=\"Kautschuk Waffel Uhrenarmb\u00e4nder bei WatchBandit kaufen \u2713 FKM Kautschuk \u2713 Designed in Berlin \u2713 Schnelle Lieferung \u2713 Seiko \u2713 Trusted Shops zertifiziert \u2713\" \/>\n<meta property=\"og:url\" content=\"https:\/\/watch-bandit.com\/de\/produkt\/kautschuk-waffel-uhrenarmband-gelb-wb-original\/\" \/>\n<meta property=\"og:site_name\" content=\"WATCHBANDIT\" \/>\n<meta property=\"article:modified_time\" content=\"2026-02-07T00:41:32+00:00\" \/>\n<meta property=\"og:image\" content=\"https:\/\/watch-bandit.com\/wp-content\/uploads\/2021\/02\/Waffle-Rubber-watch-strap_Yellow_Front-min.jpg\" \/>\n\t<meta property=\"og:image:width\" content=\"1400\" \/>\n\t<meta property=\"og:image:height\" content=\"1700\" \/>\n\t<meta property=\"og:image:type\" content=\"image\/jpeg\" \/>\n<meta name=\"twitter:label1\" content=\"Gesch\u00e4tzte Lesezeit\" \/>\n\t<meta name=\"twitter:data1\" content=\"1 Minute\" \/>\n<script type=\"application\/ld+json\" class=\"yoast-schema-graph\">{\"@context\":\"https:\/\/schema.org\",\"@graph\":[{\"@type\":\"WebPage\",\"@id\":\"https:\/\/watch-bandit.com\/de\/produkt\/kautschuk-waffel-uhrenarmband-gelb-wb-original\/\",\"url\":\"https:\/\/watch-bandit.com\/de\/produkt\/kautschuk-waffel-uhrenarmband-gelb-wb-original\/\",\"name\":\"Kautschuk Waffel-Uhrenarmband - Gelb | WB Original - WATCHBANDIT\",\"isPartOf\":{\"@id\":\"https:\/\/watch-bandit.com\/#website\"},\"datePublished\":\"2021-02-05T11:18:59+00:00\",\"dateModified\":\"2026-02-07T00:41:32+00:00\",\"description\":\"Kautschuk Waffel Uhrenarmb\u00e4nder bei WatchBandit kaufen \u2713 FKM Kautschuk \u2713 Designed in Berlin \u2713 Schnelle Lieferung \u2713 Seiko \u2713 Trusted Shops zertifiziert \u2713\",\"breadcrumb\":{\"@id\":\"https:\/\/watch-bandit.com\/de\/produkt\/kautschuk-waffel-uhrenarmband-gelb-wb-original\/#breadcrumb\"},\"inLanguage\":\"de-DE\",\"potentialAction\":[{\"@type\":\"ReadAction\",\"target\":[\"https:\/\/watch-bandit.com\/de\/produkt\/kautschuk-waffel-uhrenarmband-gelb-wb-original\/\"]}]},{\"@type\":\"BreadcrumbList\",\"@id\":\"https:\/\/watch-bandit.com\/de\/produkt\/kautschuk-waffel-uhrenarmband-gelb-wb-original\/#breadcrumb\",\"itemListElement\":[{\"@type\":\"ListItem\",\"position\":1,\"name\":\"Home\",\"item\":\"https:\/\/watchbandit.de\/\"},{\"@type\":\"ListItem\",\"position\":2,\"name\":\"Shop\",\"item\":\"https:\/\/watchbandit.de\/shop\/\"},{\"@type\":\"ListItem\",\"position\":3,\"name\":\"Watch Bands\",\"item\":\"https:\/\/watch-bandit.com\/products\/watch-bands\/\"},{\"@type\":\"ListItem\",\"position\":4,\"name\":\"Kautschuk Waffel-Uhrenarmband &#8211; Gelb | WB Original\"}]},{\"@type\":\"WebSite\",\"@id\":\"https:\/\/watch-bandit.com\/#website\",\"url\":\"https:\/\/watch-bandit.com\/\",\"name\":\"WATCHBANDIT\",\"description\":\"Contemporary Wrist Accessories\",\"publisher\":{\"@id\":\"https:\/\/watch-bandit.com\/#organization\"},\"potentialAction\":[{\"@type\":\"SearchAction\",\"target\":{\"@type\":\"EntryPoint\",\"urlTemplate\":\"https:\/\/watch-bandit.com\/?s={search_term_string}\"},\"query-input\":\"required name=search_term_string\"}],\"inLanguage\":\"de-DE\"},{\"@type\":\"Organization\",\"@id\":\"https:\/\/watch-bandit.com\/#organization\",\"name\":\"WatchBandit\",\"url\":\"https:\/\/watch-bandit.com\/\",\"logo\":{\"@type\":\"ImageObject\",\"inLanguage\":\"de-DE\",\"@id\":\"https:\/\/watch-bandit.com\/#\/schema\/logo\/image\/\",\"url\":\"https:\/\/watchbandit.de\/wp-content\/uploads\/2017\/11\/WB_Logo_557x124.png\",\"contentUrl\":\"https:\/\/watchbandit.de\/wp-content\/uploads\/2017\/11\/WB_Logo_557x124.png\",\"width\":557,\"height\":124,\"caption\":\"WatchBandit\"},\"image\":{\"@id\":\"https:\/\/watch-bandit.com\/#\/schema\/logo\/image\/\"}}]}<\/script>\n<!-- \/ Yoast SEO plugin. -->","yoast_head_json":{"title":"Kautschuk Waffel-Uhrenarmband - Gelb | WB Original - WATCHBANDIT","description":"Kautschuk Waffel Uhrenarmb\u00e4nder bei WatchBandit kaufen \u2713 FKM Kautschuk \u2713 Designed in Berlin \u2713 Schnelle Lieferung \u2713 Seiko \u2713 Trusted Shops zertifiziert \u2713","robots":{"index":"noindex","follow":"follow","max-snippet":"max-snippet:-1","max-image-preview":"max-image-preview:large","max-video-preview":"max-video-preview:-1"},"og_locale":"de_DE","og_type":"article","og_title":"Kautschuk Waffel-Uhrenarmband - Gelb | WB Original - WATCHBANDIT","og_description":"Kautschuk Waffel Uhrenarmb\u00e4nder bei WatchBandit kaufen \u2713 FKM Kautschuk \u2713 Designed in Berlin \u2713 Schnelle Lieferung \u2713 Seiko \u2713 Trusted Shops zertifiziert \u2713","og_url":"https:\/\/watch-bandit.com\/de\/produkt\/kautschuk-waffel-uhrenarmband-gelb-wb-original\/","og_site_name":"WATCHBANDIT","article_modified_time":"2026-02-07T00:41:32+00:00","og_image":[{"width":1400,"height":1700,"url":"https:\/\/watch-bandit.com\/wp-content\/uploads\/2021\/02\/Waffle-Rubber-watch-strap_Yellow_Front-min.jpg","type":"image\/jpeg"}],"twitter_misc":{"Gesch\u00e4tzte Lesezeit":"1 Minute"},"schema":{"@context":"https:\/\/schema.org","@graph":[{"@type":"WebPage","@id":"https:\/\/watch-bandit.com\/de\/produkt\/kautschuk-waffel-uhrenarmband-gelb-wb-original\/","url":"https:\/\/watch-bandit.com\/de\/produkt\/kautschuk-waffel-uhrenarmband-gelb-wb-original\/","name":"Kautschuk Waffel-Uhrenarmband - Gelb | WB Original - WATCHBANDIT","isPartOf":{"@id":"https:\/\/watch-bandit.com\/#website"},"datePublished":"2021-02-05T11:18:59+00:00","dateModified":"2026-02-07T00:41:32+00:00","description":"Kautschuk Waffel Uhrenarmb\u00e4nder bei WatchBandit kaufen \u2713 FKM Kautschuk \u2713 Designed in Berlin \u2713 Schnelle Lieferung \u2713 Seiko \u2713 Trusted Shops zertifiziert \u2713","breadcrumb":{"@id":"https:\/\/watch-bandit.com\/de\/produkt\/kautschuk-waffel-uhrenarmband-gelb-wb-original\/#breadcrumb"},"inLanguage":"de-DE","potentialAction":[{"@type":"ReadAction","target":["https:\/\/watch-bandit.com\/de\/produkt\/kautschuk-waffel-uhrenarmband-gelb-wb-original\/"]}]},{"@type":"BreadcrumbList","@id":"https:\/\/watch-bandit.com\/de\/produkt\/kautschuk-waffel-uhrenarmband-gelb-wb-original\/#breadcrumb","itemListElement":[{"@type":"ListItem","position":1,"name":"Home","item":"https:\/\/watchbandit.de\/"},{"@type":"ListItem","position":2,"name":"Shop","item":"https:\/\/watchbandit.de\/shop\/"},{"@type":"ListItem","position":3,"name":"Watch Bands","item":"https:\/\/watch-bandit.com\/products\/watch-bands\/"},{"@type":"ListItem","position":4,"name":"Kautschuk Waffel-Uhrenarmband &#8211; Gelb | WB Original"}]},{"@type":"WebSite","@id":"https:\/\/watch-bandit.com\/#website","url":"https:\/\/watch-bandit.com\/","name":"WATCHBANDIT","description":"Contemporary Wrist Accessories","publisher":{"@id":"https:\/\/watch-bandit.com\/#organization"},"potentialAction":[{"@type":"SearchAction","target":{"@type":"EntryPoint","urlTemplate":"https:\/\/watch-bandit.com\/?s={search_term_string}"},"query-input":"required name=search_term_string"}],"inLanguage":"de-DE"},{"@type":"Organization","@id":"https:\/\/watch-bandit.com\/#organization","name":"WatchBandit","url":"https:\/\/watch-bandit.com\/","logo":{"@type":"ImageObject","inLanguage":"de-DE","@id":"https:\/\/watch-bandit.com\/#\/schema\/logo\/image\/","url":"https:\/\/watchbandit.de\/wp-content\/uploads\/2017\/11\/WB_Logo_557x124.png","contentUrl":"https:\/\/watchbandit.de\/wp-content\/uploads\/2017\/11\/WB_Logo_557x124.png","width":557,"height":124,"caption":"WatchBandit"},"image":{"@id":"https:\/\/watch-bandit.com\/#\/schema\/logo\/image\/"}}]}},"_links":{"self":[{"href":"https:\/\/watch-bandit.com\/de\/wp-json\/wp\/v2\/product\/273981"}],"collection":[{"href":"https:\/\/watch-bandit.com\/de\/wp-json\/wp\/v2\/product"}],"about":[{"href":"https:\/\/watch-bandit.com\/de\/wp-json\/wp\/v2\/types\/product"}],"replies":[{"embeddable":true,"href":"https:\/\/watch-bandit.com\/de\/wp-json\/wp\/v2\/comments?post=273981"}],"wp:featuredmedia":[{"embeddable":true,"href":"https:\/\/watch-bandit.com\/de\/wp-json\/wp\/v2\/media\/274521"}],"wp:attachment":[{"href":"https:\/\/watch-bandit.com\/de\/wp-json\/wp\/v2\/media?parent=273981"}],"wp:term":[{"taxonomy":"product_cat","embeddable":true,"href":"https:\/\/watch-bandit.com\/de\/wp-json\/wp\/v2\/product_cat?post=273981"},{"taxonomy":"product_tag","embeddable":true,"href":"https:\/\/watch-bandit.com\/de\/wp-json\/wp\/v2\/product_tag?post=273981"}],"curies":[{"name":"wp","href":"https:\/\/api.w.org\/{rel}","templated":true}]}}