{"id":282307,"date":"2021-06-07T12:44:56","date_gmt":"2021-06-07T10:44:57","guid":{"rendered":"https:\/\/watchbandit.com\/?post_type=product&#038;p=282307"},"modified":"2026-02-12T16:54:36","modified_gmt":"2026-02-12T15:54:36","slug":"3-in-1-werkzeug-fur-federstege-und-armbander-wb-original","status":"publish","type":"product","link":"https:\/\/watch-bandit.com\/de\/produkt\/3-in-1-werkzeug-fur-federstege-und-armbander-wb-original\/","title":{"rendered":"3 in 1 Werkzeug f\u00fcr Federstege und Armb\u00e4nder &#8211; WB Original"},"content":{"rendered":"","protected":false},"excerpt":{"rendered":"<p>Unser Federsteg- und Armbandwerkzeug zum Anbringen und Entfernen von Federstegen, damit du dein bevorzugtes WATCHBANDIT-Uhrenarmband an deiner Uhr befestigen kannst. Dank einem kleinen flachen Schraubenzieher kannst du es auch zum Entfernen von Armbandgliedern verwenden. Es besteht aus geh\u00e4rtetem Edelstahl 316L und hat eine feine Spitze von ca. (\u00f8 0,90 mm), eine Gabel ca. (1,00 mm) und einem flachen Schraubendreher ca. (1,1mm). F\u00fcr einen festen Sitz jeden Aufsatzes werden sie mit Gummidichtringen unterst\u00fctzt. Bei einer Gesamtl\u00e4nge von nur ca. 9 cm ist das Werkzeug extrem handlich und leicht zu transportieren, sodass man seine Armb\u00e4nder fast \u00fcberall wechseln kann<\/p>\n<p><strong>Werkzeug:<\/strong> Geh\u00e4rteter Edelstahl 316L<br \/>\n<strong>Gabel:<\/strong> Geh\u00e4rteter Edelstahl 316L ca. 1,0mm<br \/>\n<strong>Spitze:<\/strong> Geh\u00e4rteter Edelstahl 316L ca. \u00d8 0,9 mm<br \/>\n<strong>Schraubenzieher:<\/strong> Geh\u00e4rteter Edelstahl 316L, Flach, ca. \u00d8 1,1mm<br \/>\n<strong>L\u00e4nge:<\/strong> ca. 9cm<\/p>\n","protected":false},"featured_media":301496,"comment_status":"open","ping_status":"closed","template":"","meta":[],"product_cat":[3570,109,110,2976,3574],"product_tag":[],"yoast_head":"<!-- This site is optimized with the Yoast SEO plugin v21.9 - https:\/\/yoast.com\/wordpress\/plugins\/seo\/ -->\n<title>Professionelles Federsteg Werkzeug - WatchBandit<\/title>\n<meta name=\"description\" content=\"WATCHBANDIT Federsteg Werkzeug \ud83d\udd27 Mit Schutzkappen \u2b50 Geeignet f\u00fcr Rolex \u2705 Trusted Shops zertifiziert \u2b50 Passion f\u00fcr Uhren und Zubeh\u00f6r seit 2014 \u2b50\" \/>\n<meta name=\"robots\" content=\"noindex, follow, max-snippet:-1, max-image-preview:large, max-video-preview:-1\" \/>\n<meta property=\"og:locale\" content=\"de_DE\" \/>\n<meta property=\"og:type\" content=\"article\" \/>\n<meta property=\"og:title\" content=\"Professionelles Federsteg Werkzeug - WatchBandit\" \/>\n<meta property=\"og:description\" content=\"WATCHBANDIT Federsteg Werkzeug \ud83d\udd27 Mit Schutzkappen \u2b50 Geeignet f\u00fcr Rolex \u2705 Trusted Shops zertifiziert \u2b50 Passion f\u00fcr Uhren und Zubeh\u00f6r seit 2014 \u2b50\" \/>\n<meta property=\"og:url\" content=\"https:\/\/watch-bandit.com\/de\/produkt\/3-in-1-werkzeug-fur-federstege-und-armbander-wb-original\/\" \/>\n<meta property=\"og:site_name\" content=\"WATCHBANDIT\" \/>\n<meta property=\"article:modified_time\" content=\"2026-02-12T15:54:36+00:00\" \/>\n<meta property=\"og:image\" content=\"https:\/\/watch-bandit.com\/wp-content\/uploads\/2021\/06\/Watchbandit-Spring-Bar-Tool-min.jpg\" \/>\n\t<meta property=\"og:image:width\" content=\"1400\" \/>\n\t<meta property=\"og:image:height\" content=\"1700\" \/>\n\t<meta property=\"og:image:type\" content=\"image\/jpeg\" \/>\n<script type=\"application\/ld+json\" class=\"yoast-schema-graph\">{\"@context\":\"https:\/\/schema.org\",\"@graph\":[{\"@type\":\"WebPage\",\"@id\":\"https:\/\/watch-bandit.com\/de\/produkt\/3-in-1-werkzeug-fur-federstege-und-armbander-wb-original\/\",\"url\":\"https:\/\/watch-bandit.com\/de\/produkt\/3-in-1-werkzeug-fur-federstege-und-armbander-wb-original\/\",\"name\":\"Professionelles Federsteg Werkzeug - WatchBandit\",\"isPartOf\":{\"@id\":\"https:\/\/watch-bandit.com\/#website\"},\"datePublished\":\"2021-06-07T10:44:57+00:00\",\"dateModified\":\"2026-02-12T15:54:36+00:00\",\"description\":\"WATCHBANDIT Federsteg Werkzeug \ud83d\udd27 Mit Schutzkappen \u2b50 Geeignet f\u00fcr Rolex \u2705 Trusted Shops zertifiziert \u2b50 Passion f\u00fcr Uhren und Zubeh\u00f6r seit 2014 \u2b50\",\"breadcrumb\":{\"@id\":\"https:\/\/watch-bandit.com\/de\/produkt\/3-in-1-werkzeug-fur-federstege-und-armbander-wb-original\/#breadcrumb\"},\"inLanguage\":\"de-DE\",\"potentialAction\":[{\"@type\":\"ReadAction\",\"target\":[\"https:\/\/watch-bandit.com\/de\/produkt\/3-in-1-werkzeug-fur-federstege-und-armbander-wb-original\/\"]}]},{\"@type\":\"BreadcrumbList\",\"@id\":\"https:\/\/watch-bandit.com\/de\/produkt\/3-in-1-werkzeug-fur-federstege-und-armbander-wb-original\/#breadcrumb\",\"itemListElement\":[{\"@type\":\"ListItem\",\"position\":1,\"name\":\"Home\",\"item\":\"https:\/\/watchbandit.de\/\"},{\"@type\":\"ListItem\",\"position\":2,\"name\":\"Shop\",\"item\":\"https:\/\/watchbandit.de\/shop\/\"},{\"@type\":\"ListItem\",\"position\":3,\"name\":\"Accessories\",\"item\":\"https:\/\/watch-bandit.com\/products\/accessories\/\"},{\"@type\":\"ListItem\",\"position\":4,\"name\":\"Extras\",\"item\":\"https:\/\/watch-bandit.com\/products\/accessories\/extras\/\"},{\"@type\":\"ListItem\",\"position\":5,\"name\":\"3 in 1 Werkzeug f\u00fcr Federstege und Armb\u00e4nder &#8211; WB Original\"}]},{\"@type\":\"WebSite\",\"@id\":\"https:\/\/watch-bandit.com\/#website\",\"url\":\"https:\/\/watch-bandit.com\/\",\"name\":\"WATCHBANDIT\",\"description\":\"Contemporary Wrist Accessories\",\"publisher\":{\"@id\":\"https:\/\/watch-bandit.com\/#organization\"},\"potentialAction\":[{\"@type\":\"SearchAction\",\"target\":{\"@type\":\"EntryPoint\",\"urlTemplate\":\"https:\/\/watch-bandit.com\/?s={search_term_string}\"},\"query-input\":\"required name=search_term_string\"}],\"inLanguage\":\"de-DE\"},{\"@type\":\"Organization\",\"@id\":\"https:\/\/watch-bandit.com\/#organization\",\"name\":\"WatchBandit\",\"url\":\"https:\/\/watch-bandit.com\/\",\"logo\":{\"@type\":\"ImageObject\",\"inLanguage\":\"de-DE\",\"@id\":\"https:\/\/watch-bandit.com\/#\/schema\/logo\/image\/\",\"url\":\"https:\/\/watchbandit.de\/wp-content\/uploads\/2017\/11\/WB_Logo_557x124.png\",\"contentUrl\":\"https:\/\/watchbandit.de\/wp-content\/uploads\/2017\/11\/WB_Logo_557x124.png\",\"width\":557,\"height\":124,\"caption\":\"WatchBandit\"},\"image\":{\"@id\":\"https:\/\/watch-bandit.com\/#\/schema\/logo\/image\/\"}}]}<\/script>\n<!-- \/ Yoast SEO plugin. -->","yoast_head_json":{"title":"Professionelles Federsteg Werkzeug - WatchBandit","description":"WATCHBANDIT Federsteg Werkzeug \ud83d\udd27 Mit Schutzkappen \u2b50 Geeignet f\u00fcr Rolex \u2705 Trusted Shops zertifiziert \u2b50 Passion f\u00fcr Uhren und Zubeh\u00f6r seit 2014 \u2b50","robots":{"index":"noindex","follow":"follow","max-snippet":"max-snippet:-1","max-image-preview":"max-image-preview:large","max-video-preview":"max-video-preview:-1"},"og_locale":"de_DE","og_type":"article","og_title":"Professionelles Federsteg Werkzeug - WatchBandit","og_description":"WATCHBANDIT Federsteg Werkzeug \ud83d\udd27 Mit Schutzkappen \u2b50 Geeignet f\u00fcr Rolex \u2705 Trusted Shops zertifiziert \u2b50 Passion f\u00fcr Uhren und Zubeh\u00f6r seit 2014 \u2b50","og_url":"https:\/\/watch-bandit.com\/de\/produkt\/3-in-1-werkzeug-fur-federstege-und-armbander-wb-original\/","og_site_name":"WATCHBANDIT","article_modified_time":"2026-02-12T15:54:36+00:00","og_image":[{"width":1400,"height":1700,"url":"https:\/\/watch-bandit.com\/wp-content\/uploads\/2021\/06\/Watchbandit-Spring-Bar-Tool-min.jpg","type":"image\/jpeg"}],"schema":{"@context":"https:\/\/schema.org","@graph":[{"@type":"WebPage","@id":"https:\/\/watch-bandit.com\/de\/produkt\/3-in-1-werkzeug-fur-federstege-und-armbander-wb-original\/","url":"https:\/\/watch-bandit.com\/de\/produkt\/3-in-1-werkzeug-fur-federstege-und-armbander-wb-original\/","name":"Professionelles Federsteg Werkzeug - WatchBandit","isPartOf":{"@id":"https:\/\/watch-bandit.com\/#website"},"datePublished":"2021-06-07T10:44:57+00:00","dateModified":"2026-02-12T15:54:36+00:00","description":"WATCHBANDIT Federsteg Werkzeug \ud83d\udd27 Mit Schutzkappen \u2b50 Geeignet f\u00fcr Rolex \u2705 Trusted Shops zertifiziert \u2b50 Passion f\u00fcr Uhren und Zubeh\u00f6r seit 2014 \u2b50","breadcrumb":{"@id":"https:\/\/watch-bandit.com\/de\/produkt\/3-in-1-werkzeug-fur-federstege-und-armbander-wb-original\/#breadcrumb"},"inLanguage":"de-DE","potentialAction":[{"@type":"ReadAction","target":["https:\/\/watch-bandit.com\/de\/produkt\/3-in-1-werkzeug-fur-federstege-und-armbander-wb-original\/"]}]},{"@type":"BreadcrumbList","@id":"https:\/\/watch-bandit.com\/de\/produkt\/3-in-1-werkzeug-fur-federstege-und-armbander-wb-original\/#breadcrumb","itemListElement":[{"@type":"ListItem","position":1,"name":"Home","item":"https:\/\/watchbandit.de\/"},{"@type":"ListItem","position":2,"name":"Shop","item":"https:\/\/watchbandit.de\/shop\/"},{"@type":"ListItem","position":3,"name":"Accessories","item":"https:\/\/watch-bandit.com\/products\/accessories\/"},{"@type":"ListItem","position":4,"name":"Extras","item":"https:\/\/watch-bandit.com\/products\/accessories\/extras\/"},{"@type":"ListItem","position":5,"name":"3 in 1 Werkzeug f\u00fcr Federstege und Armb\u00e4nder &#8211; WB Original"}]},{"@type":"WebSite","@id":"https:\/\/watch-bandit.com\/#website","url":"https:\/\/watch-bandit.com\/","name":"WATCHBANDIT","description":"Contemporary Wrist Accessories","publisher":{"@id":"https:\/\/watch-bandit.com\/#organization"},"potentialAction":[{"@type":"SearchAction","target":{"@type":"EntryPoint","urlTemplate":"https:\/\/watch-bandit.com\/?s={search_term_string}"},"query-input":"required name=search_term_string"}],"inLanguage":"de-DE"},{"@type":"Organization","@id":"https:\/\/watch-bandit.com\/#organization","name":"WatchBandit","url":"https:\/\/watch-bandit.com\/","logo":{"@type":"ImageObject","inLanguage":"de-DE","@id":"https:\/\/watch-bandit.com\/#\/schema\/logo\/image\/","url":"https:\/\/watchbandit.de\/wp-content\/uploads\/2017\/11\/WB_Logo_557x124.png","contentUrl":"https:\/\/watchbandit.de\/wp-content\/uploads\/2017\/11\/WB_Logo_557x124.png","width":557,"height":124,"caption":"WatchBandit"},"image":{"@id":"https:\/\/watch-bandit.com\/#\/schema\/logo\/image\/"}}]}},"_links":{"self":[{"href":"https:\/\/watch-bandit.com\/de\/wp-json\/wp\/v2\/product\/282307"}],"collection":[{"href":"https:\/\/watch-bandit.com\/de\/wp-json\/wp\/v2\/product"}],"about":[{"href":"https:\/\/watch-bandit.com\/de\/wp-json\/wp\/v2\/types\/product"}],"replies":[{"embeddable":true,"href":"https:\/\/watch-bandit.com\/de\/wp-json\/wp\/v2\/comments?post=282307"}],"wp:featuredmedia":[{"embeddable":true,"href":"https:\/\/watch-bandit.com\/de\/wp-json\/wp\/v2\/media\/301496"}],"wp:attachment":[{"href":"https:\/\/watch-bandit.com\/de\/wp-json\/wp\/v2\/media?parent=282307"}],"wp:term":[{"taxonomy":"product_cat","embeddable":true,"href":"https:\/\/watch-bandit.com\/de\/wp-json\/wp\/v2\/product_cat?post=282307"},{"taxonomy":"product_tag","embeddable":true,"href":"https:\/\/watch-bandit.com\/de\/wp-json\/wp\/v2\/product_tag?post=282307"}],"curies":[{"name":"wp","href":"https:\/\/api.w.org\/{rel}","templated":true}]}}