{"id":284375,"date":"2021-07-09T12:03:52","date_gmt":"2021-07-09T10:03:53","guid":{"rendered":"https:\/\/watchbandit.com\/?post_type=product&#038;p=284375"},"modified":"2022-07-05T16:38:46","modified_gmt":"2022-07-05T14:38:46","slug":"formex-essence-fortythree-43mm-automatik-chronometer-schwarz","status":"publish","type":"product","link":"https:\/\/watch-bandit.com\/de\/produkt\/formex-essence-fortythree-43mm-automatik-chronometer-schwarz\/","title":{"rendered":"Formex &#8211; Essence FortyThree (43mm) Automatik Chronometer &#8211; Schwarz"},"content":{"rendered":"<h4>FORMEX 1.0: 1999 &#8211; 2015<\/h4>\n<p>Mit dem Schwerpunkt auf Komfort, Funktionalit\u00e4t und einem einzigartigen Design gingen die Gr\u00fcnder von Formex 1998 an die Zeichenbretter. Ende 1999 war die erste FORMEX-Uhr geboren und \u00f6ffnete die T\u00fcr f\u00fcr eine neue Generation von Zeitmessern. Inspiriert von den Ingenieuren und Mechanikern von Hochleistungsrennwagen und -motorr\u00e4dern, wurde das patentierte Case Suspension System der Marke verbaut, das zu einer robusteren und komfortableren Uhr f\u00fchrte. Der Markenname ist eine Kombination aus den beiden franz\u00f6sischen W\u00f6rtern \u201eForme extr\u00e8me\u201c (extreme Form). Im darauffolgenden Jahrzehnt brachte FORMEX verschiedene Kollektionen moderner Uhren auf den Markt und wurde unter Kennern au\u00dfergew\u00f6hnlich gestalteter Sportuhren \u00e4u\u00dferst beliebt.<\/p>\n<p>&nbsp;<\/p>\n<h4>FORMEX 2.0: 2016 &#8211; Es geht weiter<\/h4>\n<p>Im Oktober 2016 hat FORMEX den Verkauf von station\u00e4ren Produkten vollst\u00e4ndig eingestellt und die Direkt- und Online-Route gew\u00e4hlt. FORMEX ist von jedem Einzelh\u00e4ndler getrennt und verkauft ausschlie\u00dflich im eigenen Shop und einigen ausgew\u00e4hlten Online-Shops. Damit ist FORMEX nicht mehr an die herk\u00f6mmlichen, \u00fcberbordenden Verkaufsmargen der Uhrenindustrie gebunden und steht nun in direktem Kontakt mit seinen Kunden in alle Phasen des Kaufs und des Besitzes einer Uhr. Diese Werte halten auch wir hoch, wodurch Formex der perfekte Partner f\u00fcr unsere Kollektion unabh\u00e4ngiger Uhrenmarken ist.<\/p>\n","protected":false},"excerpt":{"rendered":"<p>Eleganz\u00a0und\u00a0Robustheit\u00a0finden in der Essence als Schweizer Pr\u00e4zisisonsuhr zusammen. Mit der patentierten Geh\u00e4usefederung, dem wasserdichten Geh\u00e4use, einem durch die COSC als Chronometer zertifizierten Schweizer Uhrwerk und den makellosen, per Hand bearbeiteten Oberfl\u00e4chen, ist die Formex Essence der perfekte mechanische Zeitmesser f\u00fcr den abenteuerlichen Alltag. F\u00fcr das gewisse Extra an Komfort am Arm sorgt das Feineinstellungssystem der Faltschlie\u00dfe.<\/p>\n<p>https:\/\/watchbandit.de\/formex-essence-chronometer-blue-ein-liebesgestandnis\/<\/p>\n<p><strong>Werk:<\/strong> Automatik Sellita SW200-1, h\u00f6chste Qualit\u00e4tsstufe (Chronometer) mit Datum. Komplett dekoriert. Skelettierte Schwungmasse.<br \/>\n<strong>Geh\u00e4use:<\/strong> Edelstahl 316L, Durchmesser 43 mm, H\u00f6he 10 mm, patentierte Geh\u00e4usefederung, Saphirglas (vorne und hinten) mit Antireflexionsbeschichtung<br \/>\n<strong>Wasser-Resistenz:<\/strong> 100 Meter\/ 10 ATM<br \/>\n<strong>Armband:<\/strong> 316L Edelstahlarmband mit eigens entwickeltem Quick Release System und Mikroverl\u00e4ngerungsfunktion (Keramikkugeln)<\/p>\n","protected":false},"featured_media":359942,"comment_status":"open","ping_status":"closed","template":"","meta":[],"product_cat":[3217,37],"product_tag":[],"yoast_head":"<!-- This site is optimized with the Yoast SEO plugin v21.9 - https:\/\/yoast.com\/wordpress\/plugins\/seo\/ -->\n<title>Formex - Essence FortyThree (43mm) Automatik Chronometer - Schwarz - WATCHBANDIT<\/title>\n<meta name=\"description\" content=\"Formex Essence 43 bei WatchBandit kaufen\ud83c\udde8\ud83c\udded Autorisierter H\u00e4ndler\ud83c\udde8\ud83c\udded Swiss made COSC\ud83c\udde8\ud83c\udded kostenlose &amp; schnelle Lieferung\ud83c\udde8\ud83c\udded Trusted Shops\ud83c\udde8\ud83c\udded\" \/>\n<meta name=\"robots\" content=\"noindex, follow, max-snippet:-1, max-image-preview:large, max-video-preview:-1\" \/>\n<meta property=\"og:locale\" content=\"de_DE\" \/>\n<meta property=\"og:type\" content=\"article\" \/>\n<meta property=\"og:title\" content=\"Formex - Essence FortyThree (43mm) Automatik Chronometer - Schwarz - WATCHBANDIT\" \/>\n<meta property=\"og:description\" content=\"Formex Essence 43 bei WatchBandit kaufen\ud83c\udde8\ud83c\udded Autorisierter H\u00e4ndler\ud83c\udde8\ud83c\udded Swiss made COSC\ud83c\udde8\ud83c\udded kostenlose &amp; schnelle Lieferung\ud83c\udde8\ud83c\udded Trusted Shops\ud83c\udde8\ud83c\udded\" \/>\n<meta property=\"og:url\" content=\"https:\/\/watch-bandit.com\/de\/produkt\/formex-essence-fortythree-43mm-automatik-chronometer-schwarz\/\" \/>\n<meta property=\"og:site_name\" content=\"WATCHBANDIT\" \/>\n<meta property=\"article:modified_time\" content=\"2022-07-05T14:38:46+00:00\" \/>\n<meta property=\"og:image\" content=\"https:\/\/watch-bandit.com\/wp-content\/uploads\/2021\/07\/Formex-\u2013-Essence-FortyThree-43mm-Automatic-Chronometer-\u2013-Black-.jpg\" \/>\n\t<meta property=\"og:image:width\" content=\"1400\" \/>\n\t<meta property=\"og:image:height\" content=\"1700\" \/>\n\t<meta property=\"og:image:type\" content=\"image\/jpeg\" \/>\n<meta name=\"twitter:label1\" content=\"Gesch\u00e4tzte Lesezeit\" \/>\n\t<meta name=\"twitter:data1\" content=\"1 Minute\" \/>\n<script type=\"application\/ld+json\" class=\"yoast-schema-graph\">{\"@context\":\"https:\/\/schema.org\",\"@graph\":[{\"@type\":\"WebPage\",\"@id\":\"https:\/\/watch-bandit.com\/de\/produkt\/formex-essence-fortythree-43mm-automatik-chronometer-schwarz\/\",\"url\":\"https:\/\/watch-bandit.com\/de\/produkt\/formex-essence-fortythree-43mm-automatik-chronometer-schwarz\/\",\"name\":\"Formex - Essence FortyThree (43mm) Automatik Chronometer - Schwarz - WATCHBANDIT\",\"isPartOf\":{\"@id\":\"https:\/\/watch-bandit.com\/#website\"},\"datePublished\":\"2021-07-09T10:03:53+00:00\",\"dateModified\":\"2022-07-05T14:38:46+00:00\",\"description\":\"Formex Essence 43 bei WatchBandit kaufen\ud83c\udde8\ud83c\udded Autorisierter H\u00e4ndler\ud83c\udde8\ud83c\udded Swiss made COSC\ud83c\udde8\ud83c\udded kostenlose & schnelle Lieferung\ud83c\udde8\ud83c\udded Trusted Shops\ud83c\udde8\ud83c\udded\",\"breadcrumb\":{\"@id\":\"https:\/\/watch-bandit.com\/de\/produkt\/formex-essence-fortythree-43mm-automatik-chronometer-schwarz\/#breadcrumb\"},\"inLanguage\":\"de-DE\",\"potentialAction\":[{\"@type\":\"ReadAction\",\"target\":[\"https:\/\/watch-bandit.com\/de\/produkt\/formex-essence-fortythree-43mm-automatik-chronometer-schwarz\/\"]}]},{\"@type\":\"BreadcrumbList\",\"@id\":\"https:\/\/watch-bandit.com\/de\/produkt\/formex-essence-fortythree-43mm-automatik-chronometer-schwarz\/#breadcrumb\",\"itemListElement\":[{\"@type\":\"ListItem\",\"position\":1,\"name\":\"Home\",\"item\":\"https:\/\/watchbandit.de\/\"},{\"@type\":\"ListItem\",\"position\":2,\"name\":\"Shop\",\"item\":\"https:\/\/watchbandit.de\/shop\/\"},{\"@type\":\"ListItem\",\"position\":3,\"name\":\"Watches\",\"item\":\"https:\/\/watch-bandit.com\/products\/watches\/\"},{\"@type\":\"ListItem\",\"position\":4,\"name\":\"Formex &#8211; Essence FortyThree (43mm) Automatik Chronometer &#8211; Schwarz\"}]},{\"@type\":\"WebSite\",\"@id\":\"https:\/\/watch-bandit.com\/#website\",\"url\":\"https:\/\/watch-bandit.com\/\",\"name\":\"WATCHBANDIT\",\"description\":\"Contemporary Wrist Accessories\",\"publisher\":{\"@id\":\"https:\/\/watch-bandit.com\/#organization\"},\"potentialAction\":[{\"@type\":\"SearchAction\",\"target\":{\"@type\":\"EntryPoint\",\"urlTemplate\":\"https:\/\/watch-bandit.com\/?s={search_term_string}\"},\"query-input\":\"required name=search_term_string\"}],\"inLanguage\":\"de-DE\"},{\"@type\":\"Organization\",\"@id\":\"https:\/\/watch-bandit.com\/#organization\",\"name\":\"WatchBandit\",\"url\":\"https:\/\/watch-bandit.com\/\",\"logo\":{\"@type\":\"ImageObject\",\"inLanguage\":\"de-DE\",\"@id\":\"https:\/\/watch-bandit.com\/#\/schema\/logo\/image\/\",\"url\":\"https:\/\/watchbandit.de\/wp-content\/uploads\/2017\/11\/WB_Logo_557x124.png\",\"contentUrl\":\"https:\/\/watchbandit.de\/wp-content\/uploads\/2017\/11\/WB_Logo_557x124.png\",\"width\":557,\"height\":124,\"caption\":\"WatchBandit\"},\"image\":{\"@id\":\"https:\/\/watch-bandit.com\/#\/schema\/logo\/image\/\"}}]}<\/script>\n<!-- \/ Yoast SEO plugin. -->","yoast_head_json":{"title":"Formex - Essence FortyThree (43mm) Automatik Chronometer - Schwarz - WATCHBANDIT","description":"Formex Essence 43 bei WatchBandit kaufen\ud83c\udde8\ud83c\udded Autorisierter H\u00e4ndler\ud83c\udde8\ud83c\udded Swiss made COSC\ud83c\udde8\ud83c\udded kostenlose & schnelle Lieferung\ud83c\udde8\ud83c\udded Trusted Shops\ud83c\udde8\ud83c\udded","robots":{"index":"noindex","follow":"follow","max-snippet":"max-snippet:-1","max-image-preview":"max-image-preview:large","max-video-preview":"max-video-preview:-1"},"og_locale":"de_DE","og_type":"article","og_title":"Formex - Essence FortyThree (43mm) Automatik Chronometer - Schwarz - WATCHBANDIT","og_description":"Formex Essence 43 bei WatchBandit kaufen\ud83c\udde8\ud83c\udded Autorisierter H\u00e4ndler\ud83c\udde8\ud83c\udded Swiss made COSC\ud83c\udde8\ud83c\udded kostenlose & schnelle Lieferung\ud83c\udde8\ud83c\udded Trusted Shops\ud83c\udde8\ud83c\udded","og_url":"https:\/\/watch-bandit.com\/de\/produkt\/formex-essence-fortythree-43mm-automatik-chronometer-schwarz\/","og_site_name":"WATCHBANDIT","article_modified_time":"2022-07-05T14:38:46+00:00","og_image":[{"width":1400,"height":1700,"url":"https:\/\/watch-bandit.com\/wp-content\/uploads\/2021\/07\/Formex-\u2013-Essence-FortyThree-43mm-Automatic-Chronometer-\u2013-Black-.jpg","type":"image\/jpeg"}],"twitter_misc":{"Gesch\u00e4tzte Lesezeit":"1 Minute"},"schema":{"@context":"https:\/\/schema.org","@graph":[{"@type":"WebPage","@id":"https:\/\/watch-bandit.com\/de\/produkt\/formex-essence-fortythree-43mm-automatik-chronometer-schwarz\/","url":"https:\/\/watch-bandit.com\/de\/produkt\/formex-essence-fortythree-43mm-automatik-chronometer-schwarz\/","name":"Formex - Essence FortyThree (43mm) Automatik Chronometer - Schwarz - WATCHBANDIT","isPartOf":{"@id":"https:\/\/watch-bandit.com\/#website"},"datePublished":"2021-07-09T10:03:53+00:00","dateModified":"2022-07-05T14:38:46+00:00","description":"Formex Essence 43 bei WatchBandit kaufen\ud83c\udde8\ud83c\udded Autorisierter H\u00e4ndler\ud83c\udde8\ud83c\udded Swiss made COSC\ud83c\udde8\ud83c\udded kostenlose & schnelle Lieferung\ud83c\udde8\ud83c\udded Trusted Shops\ud83c\udde8\ud83c\udded","breadcrumb":{"@id":"https:\/\/watch-bandit.com\/de\/produkt\/formex-essence-fortythree-43mm-automatik-chronometer-schwarz\/#breadcrumb"},"inLanguage":"de-DE","potentialAction":[{"@type":"ReadAction","target":["https:\/\/watch-bandit.com\/de\/produkt\/formex-essence-fortythree-43mm-automatik-chronometer-schwarz\/"]}]},{"@type":"BreadcrumbList","@id":"https:\/\/watch-bandit.com\/de\/produkt\/formex-essence-fortythree-43mm-automatik-chronometer-schwarz\/#breadcrumb","itemListElement":[{"@type":"ListItem","position":1,"name":"Home","item":"https:\/\/watchbandit.de\/"},{"@type":"ListItem","position":2,"name":"Shop","item":"https:\/\/watchbandit.de\/shop\/"},{"@type":"ListItem","position":3,"name":"Watches","item":"https:\/\/watch-bandit.com\/products\/watches\/"},{"@type":"ListItem","position":4,"name":"Formex &#8211; Essence FortyThree (43mm) Automatik Chronometer &#8211; Schwarz"}]},{"@type":"WebSite","@id":"https:\/\/watch-bandit.com\/#website","url":"https:\/\/watch-bandit.com\/","name":"WATCHBANDIT","description":"Contemporary Wrist Accessories","publisher":{"@id":"https:\/\/watch-bandit.com\/#organization"},"potentialAction":[{"@type":"SearchAction","target":{"@type":"EntryPoint","urlTemplate":"https:\/\/watch-bandit.com\/?s={search_term_string}"},"query-input":"required name=search_term_string"}],"inLanguage":"de-DE"},{"@type":"Organization","@id":"https:\/\/watch-bandit.com\/#organization","name":"WatchBandit","url":"https:\/\/watch-bandit.com\/","logo":{"@type":"ImageObject","inLanguage":"de-DE","@id":"https:\/\/watch-bandit.com\/#\/schema\/logo\/image\/","url":"https:\/\/watchbandit.de\/wp-content\/uploads\/2017\/11\/WB_Logo_557x124.png","contentUrl":"https:\/\/watchbandit.de\/wp-content\/uploads\/2017\/11\/WB_Logo_557x124.png","width":557,"height":124,"caption":"WatchBandit"},"image":{"@id":"https:\/\/watch-bandit.com\/#\/schema\/logo\/image\/"}}]}},"_links":{"self":[{"href":"https:\/\/watch-bandit.com\/de\/wp-json\/wp\/v2\/product\/284375"}],"collection":[{"href":"https:\/\/watch-bandit.com\/de\/wp-json\/wp\/v2\/product"}],"about":[{"href":"https:\/\/watch-bandit.com\/de\/wp-json\/wp\/v2\/types\/product"}],"replies":[{"embeddable":true,"href":"https:\/\/watch-bandit.com\/de\/wp-json\/wp\/v2\/comments?post=284375"}],"wp:featuredmedia":[{"embeddable":true,"href":"https:\/\/watch-bandit.com\/de\/wp-json\/wp\/v2\/media\/359942"}],"wp:attachment":[{"href":"https:\/\/watch-bandit.com\/de\/wp-json\/wp\/v2\/media?parent=284375"}],"wp:term":[{"taxonomy":"product_cat","embeddable":true,"href":"https:\/\/watch-bandit.com\/de\/wp-json\/wp\/v2\/product_cat?post=284375"},{"taxonomy":"product_tag","embeddable":true,"href":"https:\/\/watch-bandit.com\/de\/wp-json\/wp\/v2\/product_tag?post=284375"}],"curies":[{"name":"wp","href":"https:\/\/api.w.org\/{rel}","templated":true}]}}