{"id":284379,"date":"2021-07-09T12:05:15","date_gmt":"2021-07-09T10:05:16","guid":{"rendered":"https:\/\/watchbandit.com\/?post_type=product&#038;p=284379"},"modified":"2023-10-30T12:00:21","modified_gmt":"2023-10-30T11:00:21","slug":"formex-essence-fortythree-43mm-automatik-chronometer-gruen","status":"publish","type":"product","link":"https:\/\/watch-bandit.com\/de\/produkt\/formex-essence-fortythree-43mm-automatik-chronometer-gruen\/","title":{"rendered":"Formex &#8211; Essence FortyThree (43mm) Automatik Chronometer &#8211; Gr\u00fcn"},"content":{"rendered":"","protected":false},"excerpt":{"rendered":"<p>Eleganz\u00a0und\u00a0Robustheit\u00a0finden in der Essence als Schweizer Pr\u00e4zisisonsuhr zusammen. Mit der patentierten Geh\u00e4usefederung, dem wasserdichten Geh\u00e4use, einem durch die COSC als Chronometer zertifizierten Schweizer Uhrwerk und den makellosen, per Hand bearbeiteten Oberfl\u00e4chen, ist die Formex Essence der perfekte mechanische Zeitmesser f\u00fcr den abenteuerlichen Alltag. F\u00fcr das gewisse Extra an Komfort am Arm sorgt das Feineinstellungssystem der Faltschlie\u00dfe.<\/p>\n<p>https:\/\/watchbandit.de\/formex-essence-chronometer-blue-ein-liebesgestandnis\/<\/p>\n<p><strong>Werk:<\/strong> Automatik Sellita SW200-1, h\u00f6chste Qualit\u00e4tsstufe (Chronometer) mit Datum. Komplett dekoriert. Skelettierte Schwungmasse.<br \/>\n<strong>Geh\u00e4use:<\/strong> Edelstahl 316L, Durchmesser 43 mm, H\u00f6he 10 mm, patentierte Geh\u00e4usefederung, Saphirglas (vorne und hinten) mit Antireflexionsbeschichtung<br \/>\n<strong>Wasser-Resistenz:<\/strong> 100 Meter\/ 10 ATM<br \/>\n<strong>Armband:<\/strong> 316L Edelstahlarmband mit eigens entwickeltem Quick Release System und Mikroverl\u00e4ngerungsfunktion (Keramikkugeln)<\/p>\n","protected":false},"featured_media":359935,"comment_status":"open","ping_status":"closed","template":"","meta":[],"product_cat":[3217,37],"product_tag":[],"yoast_head":"<!-- This site is optimized with the Yoast SEO plugin v21.9 - https:\/\/yoast.com\/wordpress\/plugins\/seo\/ -->\n<title>Formex - Essence FortyThree (43mm) Automatik Chronometer - Gr\u00fcn - WATCHBANDIT<\/title>\n<meta name=\"description\" content=\"Formex Essence 43 bei WatchBandit kaufen\ud83c\udde8\ud83c\udded Autorisierter H\u00e4ndler\ud83c\udde8\ud83c\udded Swiss made COSC\ud83c\udde8\ud83c\udded kostenlose &amp; schnelle Lieferung\ud83c\udde8\ud83c\udded Trusted Shops\ud83c\udde8\ud83c\udded\" \/>\n<meta name=\"robots\" content=\"noindex, follow, max-snippet:-1, max-image-preview:large, max-video-preview:-1\" \/>\n<meta property=\"og:locale\" content=\"de_DE\" \/>\n<meta property=\"og:type\" content=\"article\" \/>\n<meta property=\"og:title\" content=\"Formex - Essence FortyThree (43mm) Automatik Chronometer - Gr\u00fcn - WATCHBANDIT\" \/>\n<meta property=\"og:description\" content=\"Formex Essence 43 bei WatchBandit kaufen\ud83c\udde8\ud83c\udded Autorisierter H\u00e4ndler\ud83c\udde8\ud83c\udded Swiss made COSC\ud83c\udde8\ud83c\udded kostenlose &amp; schnelle Lieferung\ud83c\udde8\ud83c\udded Trusted Shops\ud83c\udde8\ud83c\udded\" \/>\n<meta property=\"og:url\" content=\"https:\/\/watch-bandit.com\/de\/produkt\/formex-essence-fortythree-43mm-automatik-chronometer-gruen\/\" \/>\n<meta property=\"og:site_name\" content=\"WATCHBANDIT\" \/>\n<meta property=\"article:modified_time\" content=\"2023-10-30T11:00:21+00:00\" \/>\n<meta property=\"og:image\" content=\"https:\/\/watch-bandit.com\/wp-content\/uploads\/2021\/07\/Formex-\u2013-Essence-FortyThree-43mm-Automatic-Chronometer-\u2013-Green-.jpg\" \/>\n\t<meta property=\"og:image:width\" content=\"1400\" \/>\n\t<meta property=\"og:image:height\" content=\"1700\" \/>\n\t<meta property=\"og:image:type\" content=\"image\/jpeg\" \/>\n<script type=\"application\/ld+json\" class=\"yoast-schema-graph\">{\"@context\":\"https:\/\/schema.org\",\"@graph\":[{\"@type\":\"WebPage\",\"@id\":\"https:\/\/watch-bandit.com\/de\/produkt\/formex-essence-fortythree-43mm-automatik-chronometer-gruen\/\",\"url\":\"https:\/\/watch-bandit.com\/de\/produkt\/formex-essence-fortythree-43mm-automatik-chronometer-gruen\/\",\"name\":\"Formex - Essence FortyThree (43mm) Automatik Chronometer - Gr\u00fcn - WATCHBANDIT\",\"isPartOf\":{\"@id\":\"https:\/\/watch-bandit.com\/#website\"},\"datePublished\":\"2021-07-09T10:05:16+00:00\",\"dateModified\":\"2023-10-30T11:00:21+00:00\",\"description\":\"Formex Essence 43 bei WatchBandit kaufen\ud83c\udde8\ud83c\udded Autorisierter H\u00e4ndler\ud83c\udde8\ud83c\udded Swiss made COSC\ud83c\udde8\ud83c\udded kostenlose & schnelle Lieferung\ud83c\udde8\ud83c\udded Trusted Shops\ud83c\udde8\ud83c\udded\",\"breadcrumb\":{\"@id\":\"https:\/\/watch-bandit.com\/de\/produkt\/formex-essence-fortythree-43mm-automatik-chronometer-gruen\/#breadcrumb\"},\"inLanguage\":\"de-DE\",\"potentialAction\":[{\"@type\":\"ReadAction\",\"target\":[\"https:\/\/watch-bandit.com\/de\/produkt\/formex-essence-fortythree-43mm-automatik-chronometer-gruen\/\"]}]},{\"@type\":\"BreadcrumbList\",\"@id\":\"https:\/\/watch-bandit.com\/de\/produkt\/formex-essence-fortythree-43mm-automatik-chronometer-gruen\/#breadcrumb\",\"itemListElement\":[{\"@type\":\"ListItem\",\"position\":1,\"name\":\"Home\",\"item\":\"https:\/\/watchbandit.de\/\"},{\"@type\":\"ListItem\",\"position\":2,\"name\":\"Shop\",\"item\":\"https:\/\/watchbandit.de\/shop\/\"},{\"@type\":\"ListItem\",\"position\":3,\"name\":\"Watches\",\"item\":\"https:\/\/watch-bandit.com\/products\/watches\/\"},{\"@type\":\"ListItem\",\"position\":4,\"name\":\"Formex &#8211; Essence FortyThree (43mm) Automatik Chronometer &#8211; Gr\u00fcn\"}]},{\"@type\":\"WebSite\",\"@id\":\"https:\/\/watch-bandit.com\/#website\",\"url\":\"https:\/\/watch-bandit.com\/\",\"name\":\"WATCHBANDIT\",\"description\":\"Contemporary Wrist Accessories\",\"publisher\":{\"@id\":\"https:\/\/watch-bandit.com\/#organization\"},\"potentialAction\":[{\"@type\":\"SearchAction\",\"target\":{\"@type\":\"EntryPoint\",\"urlTemplate\":\"https:\/\/watch-bandit.com\/?s={search_term_string}\"},\"query-input\":\"required name=search_term_string\"}],\"inLanguage\":\"de-DE\"},{\"@type\":\"Organization\",\"@id\":\"https:\/\/watch-bandit.com\/#organization\",\"name\":\"WatchBandit\",\"url\":\"https:\/\/watch-bandit.com\/\",\"logo\":{\"@type\":\"ImageObject\",\"inLanguage\":\"de-DE\",\"@id\":\"https:\/\/watch-bandit.com\/#\/schema\/logo\/image\/\",\"url\":\"https:\/\/watchbandit.de\/wp-content\/uploads\/2017\/11\/WB_Logo_557x124.png\",\"contentUrl\":\"https:\/\/watchbandit.de\/wp-content\/uploads\/2017\/11\/WB_Logo_557x124.png\",\"width\":557,\"height\":124,\"caption\":\"WatchBandit\"},\"image\":{\"@id\":\"https:\/\/watch-bandit.com\/#\/schema\/logo\/image\/\"}}]}<\/script>\n<!-- \/ Yoast SEO plugin. -->","yoast_head_json":{"title":"Formex - Essence FortyThree (43mm) Automatik Chronometer - Gr\u00fcn - WATCHBANDIT","description":"Formex Essence 43 bei WatchBandit kaufen\ud83c\udde8\ud83c\udded Autorisierter H\u00e4ndler\ud83c\udde8\ud83c\udded Swiss made COSC\ud83c\udde8\ud83c\udded kostenlose & schnelle Lieferung\ud83c\udde8\ud83c\udded Trusted Shops\ud83c\udde8\ud83c\udded","robots":{"index":"noindex","follow":"follow","max-snippet":"max-snippet:-1","max-image-preview":"max-image-preview:large","max-video-preview":"max-video-preview:-1"},"og_locale":"de_DE","og_type":"article","og_title":"Formex - Essence FortyThree (43mm) Automatik Chronometer - Gr\u00fcn - WATCHBANDIT","og_description":"Formex Essence 43 bei WatchBandit kaufen\ud83c\udde8\ud83c\udded Autorisierter H\u00e4ndler\ud83c\udde8\ud83c\udded Swiss made COSC\ud83c\udde8\ud83c\udded kostenlose & schnelle Lieferung\ud83c\udde8\ud83c\udded Trusted Shops\ud83c\udde8\ud83c\udded","og_url":"https:\/\/watch-bandit.com\/de\/produkt\/formex-essence-fortythree-43mm-automatik-chronometer-gruen\/","og_site_name":"WATCHBANDIT","article_modified_time":"2023-10-30T11:00:21+00:00","og_image":[{"width":1400,"height":1700,"url":"https:\/\/watch-bandit.com\/wp-content\/uploads\/2021\/07\/Formex-\u2013-Essence-FortyThree-43mm-Automatic-Chronometer-\u2013-Green-.jpg","type":"image\/jpeg"}],"schema":{"@context":"https:\/\/schema.org","@graph":[{"@type":"WebPage","@id":"https:\/\/watch-bandit.com\/de\/produkt\/formex-essence-fortythree-43mm-automatik-chronometer-gruen\/","url":"https:\/\/watch-bandit.com\/de\/produkt\/formex-essence-fortythree-43mm-automatik-chronometer-gruen\/","name":"Formex - Essence FortyThree (43mm) Automatik Chronometer - Gr\u00fcn - WATCHBANDIT","isPartOf":{"@id":"https:\/\/watch-bandit.com\/#website"},"datePublished":"2021-07-09T10:05:16+00:00","dateModified":"2023-10-30T11:00:21+00:00","description":"Formex Essence 43 bei WatchBandit kaufen\ud83c\udde8\ud83c\udded Autorisierter H\u00e4ndler\ud83c\udde8\ud83c\udded Swiss made COSC\ud83c\udde8\ud83c\udded kostenlose & schnelle Lieferung\ud83c\udde8\ud83c\udded Trusted Shops\ud83c\udde8\ud83c\udded","breadcrumb":{"@id":"https:\/\/watch-bandit.com\/de\/produkt\/formex-essence-fortythree-43mm-automatik-chronometer-gruen\/#breadcrumb"},"inLanguage":"de-DE","potentialAction":[{"@type":"ReadAction","target":["https:\/\/watch-bandit.com\/de\/produkt\/formex-essence-fortythree-43mm-automatik-chronometer-gruen\/"]}]},{"@type":"BreadcrumbList","@id":"https:\/\/watch-bandit.com\/de\/produkt\/formex-essence-fortythree-43mm-automatik-chronometer-gruen\/#breadcrumb","itemListElement":[{"@type":"ListItem","position":1,"name":"Home","item":"https:\/\/watchbandit.de\/"},{"@type":"ListItem","position":2,"name":"Shop","item":"https:\/\/watchbandit.de\/shop\/"},{"@type":"ListItem","position":3,"name":"Watches","item":"https:\/\/watch-bandit.com\/products\/watches\/"},{"@type":"ListItem","position":4,"name":"Formex &#8211; Essence FortyThree (43mm) Automatik Chronometer &#8211; Gr\u00fcn"}]},{"@type":"WebSite","@id":"https:\/\/watch-bandit.com\/#website","url":"https:\/\/watch-bandit.com\/","name":"WATCHBANDIT","description":"Contemporary Wrist Accessories","publisher":{"@id":"https:\/\/watch-bandit.com\/#organization"},"potentialAction":[{"@type":"SearchAction","target":{"@type":"EntryPoint","urlTemplate":"https:\/\/watch-bandit.com\/?s={search_term_string}"},"query-input":"required name=search_term_string"}],"inLanguage":"de-DE"},{"@type":"Organization","@id":"https:\/\/watch-bandit.com\/#organization","name":"WatchBandit","url":"https:\/\/watch-bandit.com\/","logo":{"@type":"ImageObject","inLanguage":"de-DE","@id":"https:\/\/watch-bandit.com\/#\/schema\/logo\/image\/","url":"https:\/\/watchbandit.de\/wp-content\/uploads\/2017\/11\/WB_Logo_557x124.png","contentUrl":"https:\/\/watchbandit.de\/wp-content\/uploads\/2017\/11\/WB_Logo_557x124.png","width":557,"height":124,"caption":"WatchBandit"},"image":{"@id":"https:\/\/watch-bandit.com\/#\/schema\/logo\/image\/"}}]}},"_links":{"self":[{"href":"https:\/\/watch-bandit.com\/de\/wp-json\/wp\/v2\/product\/284379"}],"collection":[{"href":"https:\/\/watch-bandit.com\/de\/wp-json\/wp\/v2\/product"}],"about":[{"href":"https:\/\/watch-bandit.com\/de\/wp-json\/wp\/v2\/types\/product"}],"replies":[{"embeddable":true,"href":"https:\/\/watch-bandit.com\/de\/wp-json\/wp\/v2\/comments?post=284379"}],"wp:featuredmedia":[{"embeddable":true,"href":"https:\/\/watch-bandit.com\/de\/wp-json\/wp\/v2\/media\/359935"}],"wp:attachment":[{"href":"https:\/\/watch-bandit.com\/de\/wp-json\/wp\/v2\/media?parent=284379"}],"wp:term":[{"taxonomy":"product_cat","embeddable":true,"href":"https:\/\/watch-bandit.com\/de\/wp-json\/wp\/v2\/product_cat?post=284379"},{"taxonomy":"product_tag","embeddable":true,"href":"https:\/\/watch-bandit.com\/de\/wp-json\/wp\/v2\/product_tag?post=284379"}],"curies":[{"name":"wp","href":"https:\/\/api.w.org\/{rel}","templated":true}]}}