{"id":287312,"date":"2021-08-20T13:07:27","date_gmt":"2021-08-20T11:07:28","guid":{"rendered":"https:\/\/watchbandit.com\/?post_type=product&#038;p=287312"},"modified":"2024-10-23T08:11:17","modified_gmt":"2024-10-23T06:11:17","slug":"verstellbares-premium-nylon-uhrenarmband-petrol-gruen-einteilig-wb-original","status":"publish","type":"product","link":"https:\/\/watch-bandit.com\/de\/produkt\/verstellbares-premium-nylon-uhrenarmband-petrol-gruen-einteilig-wb-original\/","title":{"rendered":"Verstellbares Premium Nylon Uhrenarmband Petrol\/Gr\u00fcn (einteilig) | WB Original"},"content":{"rendered":"<h3>WatchBandit Original gr\u00f6\u00dfenverstellbare Premium Nylon Uhrenarmb\u00e4nder mit geb\u00fcrsteten Edelstahlelementen<\/h3>\n<p>Unsere WatchBandit Original <strong>Premium Nylons<\/strong>\u00a0sind aus qualitativ hochwertigem, flachen und belastbaren Nylon hergestellt, ohne dabei unerschwinglich zu sein. Mit einer <strong>Dicke von nur<\/strong> <strong>1,2 mm<\/strong> ist es besonders <strong>fein gewebt<\/strong> und bleibt somit <strong>sehr weich und angenehm<\/strong> zu tragen.<\/p>\n<p>In Berlin entworfen und zusammen mit den besten Uhrenfabriken gefertigt, bringen wir unsere langj\u00e4hrige Erfahrung auf den Tisch, um Premium-Uhrenb\u00e4nder zu fairen Preisen herzustellen. Mit den neuesten Trends und h\u00f6chsten Standards produzieren wir die B\u00e4nder, nach denen Ihr schon immer gesucht habt. Nachdem wir eine Kategorie Armb\u00e4nder f\u00fcr eine bestimmte Zeit verkauft haben, sammeln wir die Erfahrungen, die ihr mit den B\u00e4ndern gemacht habt, um die Produkte am Markt zu verbessern und das perfekte Armband f\u00fcr Euch herzustellen.<\/p>\n<p>Da es auf dem Markt in den meisten F\u00e4llen nichts Vergleichbares gibt, passen wir die Produkte an die Bed\u00fcrfnisse unserer modernen Uhrenliebhaber an. Die Armb\u00e4nder von WatchBandit Original sind die Essenz eines jahrelangen Prozesses und wurden mit Eurer Hilfe entwickelt. Danke, dass Ihr uns geholfen habt, hochwertige Armb\u00e4nder erschwinglich zu machen!<\/p>\n","protected":false},"excerpt":{"rendered":"<div class=\"woocommerce-product-details__short-description\">\n<div class=\"woocommerce-product-details__short-description\">\n<p>Wenn du auf der Suche nach dem besten, individuell gr\u00f6\u00dfenverstellbaren Nylon Uhrenarmband auf dem Markt bist, ist deine Suche nun beendet: Die Nylonfasern aus dem unsere Premium Nylon Armb\u00e4nder gefertigt werden ist fein gewoben, angenehm weich, nur 1.2 mm dick und gleichzeitig sehr strapazierf\u00e4hig. Zudem sind die L\u00f6cher nun mit einem Lederstreifen verst\u00e4rkt worden, um ein Ausfransen der L\u00f6cher zu verhindern. Dornschlie\u00dfe und andere Hardware sind aus rostfreiem und geb\u00fcrsteten 316L Edelstahl gefertigt. Heb dich ab von der Masse mit einem unserer Premium Nylon Uhrenarmb\u00e4nder.<\/p>\n<p><strong>Nylon:<\/strong> Feine Sicherheitsgurt-Qualit\u00e4t, weich und angenehm zu tragen, lederverst\u00e4rkte L\u00f6cher verhindern ein m\u00f6gliches Ausfransen an diesen stark beanspruchten Stellen<br \/>\n<strong>Schnalle:<\/strong> Aus geb\u00fcrsteten Edelstahl (316L) mit WB Logo<br \/>\n<strong>Gr\u00f6\u00dfe:<\/strong> ca. 1,2 mm Dicke und 28 cm L\u00e4nge (ohne Schlie\u00dfe) &#8211; Individuell verstellbar<\/p>\n<\/div>\n<\/div>\n","protected":false},"featured_media":342813,"comment_status":"open","ping_status":"closed","template":"","meta":[],"product_cat":[32,2835,3818,2837,334,2976],"product_tag":[],"yoast_head":"<!-- This site is optimized with the Yoast SEO plugin v21.9 - https:\/\/yoast.com\/wordpress\/plugins\/seo\/ -->\n<title>Verstellbares Premium Nylon Uhrenarmband Petrol\/Gr\u00fcn (einteilig) | WB Original - WATCHBANDIT<\/title>\n<meta name=\"description\" content=\"Nylon Uhrenarmband in premium Qualit\u00e4t bei WatchBandit kaufen \u2b50 Individuell gr\u00f6\u00dfenerstellbar \u2b50 Trusted Shops zertifiziert \u2b50 Passion f\u00fcr Uhren seit 2014 \u2b50\" \/>\n<meta name=\"robots\" content=\"noindex, follow, max-snippet:-1, max-image-preview:large, max-video-preview:-1\" \/>\n<meta property=\"og:locale\" content=\"de_DE\" \/>\n<meta property=\"og:type\" content=\"article\" \/>\n<meta property=\"og:title\" content=\"Verstellbares Premium Nylon Uhrenarmband Petrol\/Gr\u00fcn (einteilig) | WB Original - WATCHBANDIT\" \/>\n<meta property=\"og:description\" content=\"Nylon Uhrenarmband in premium Qualit\u00e4t bei WatchBandit kaufen \u2b50 Individuell gr\u00f6\u00dfenerstellbar \u2b50 Trusted Shops zertifiziert \u2b50 Passion f\u00fcr Uhren seit 2014 \u2b50\" \/>\n<meta property=\"og:url\" content=\"https:\/\/watch-bandit.com\/de\/produkt\/verstellbares-premium-nylon-uhrenarmband-petrol-gruen-einteilig-wb-original\/\" \/>\n<meta property=\"og:site_name\" content=\"WATCHBANDIT\" \/>\n<meta property=\"article:modified_time\" content=\"2024-10-23T06:11:17+00:00\" \/>\n<meta property=\"og:image\" content=\"https:\/\/watch-bandit.com\/wp-content\/uploads\/2021\/08\/Premium-Adjustable-Single-Pass-Nylon-Strap-Petrol-Green.webp\" \/>\n\t<meta property=\"og:image:width\" content=\"850\" \/>\n\t<meta property=\"og:image:height\" content=\"850\" \/>\n\t<meta property=\"og:image:type\" content=\"image\/webp\" \/>\n<meta name=\"twitter:label1\" content=\"Gesch\u00e4tzte Lesezeit\" \/>\n\t<meta name=\"twitter:data1\" content=\"1 Minute\" \/>\n<script type=\"application\/ld+json\" class=\"yoast-schema-graph\">{\"@context\":\"https:\/\/schema.org\",\"@graph\":[{\"@type\":\"WebPage\",\"@id\":\"https:\/\/watch-bandit.com\/de\/produkt\/verstellbares-premium-nylon-uhrenarmband-petrol-gruen-einteilig-wb-original\/\",\"url\":\"https:\/\/watch-bandit.com\/de\/produkt\/verstellbares-premium-nylon-uhrenarmband-petrol-gruen-einteilig-wb-original\/\",\"name\":\"Verstellbares Premium Nylon Uhrenarmband Petrol\/Gr\u00fcn (einteilig) | WB Original - WATCHBANDIT\",\"isPartOf\":{\"@id\":\"https:\/\/watch-bandit.com\/#website\"},\"datePublished\":\"2021-08-20T11:07:28+00:00\",\"dateModified\":\"2024-10-23T06:11:17+00:00\",\"description\":\"Nylon Uhrenarmband in premium Qualit\u00e4t bei WatchBandit kaufen \u2b50 Individuell gr\u00f6\u00dfenerstellbar \u2b50 Trusted Shops zertifiziert \u2b50 Passion f\u00fcr Uhren seit 2014 \u2b50\",\"breadcrumb\":{\"@id\":\"https:\/\/watch-bandit.com\/de\/produkt\/verstellbares-premium-nylon-uhrenarmband-petrol-gruen-einteilig-wb-original\/#breadcrumb\"},\"inLanguage\":\"de-DE\",\"potentialAction\":[{\"@type\":\"ReadAction\",\"target\":[\"https:\/\/watch-bandit.com\/de\/produkt\/verstellbares-premium-nylon-uhrenarmband-petrol-gruen-einteilig-wb-original\/\"]}]},{\"@type\":\"BreadcrumbList\",\"@id\":\"https:\/\/watch-bandit.com\/de\/produkt\/verstellbares-premium-nylon-uhrenarmband-petrol-gruen-einteilig-wb-original\/#breadcrumb\",\"itemListElement\":[{\"@type\":\"ListItem\",\"position\":1,\"name\":\"Home\",\"item\":\"https:\/\/watchbandit.de\/\"},{\"@type\":\"ListItem\",\"position\":2,\"name\":\"Shop\",\"item\":\"https:\/\/watchbandit.de\/shop\/\"},{\"@type\":\"ListItem\",\"position\":3,\"name\":\"Watch Bands\",\"item\":\"https:\/\/watch-bandit.com\/products\/watch-bands\/\"},{\"@type\":\"ListItem\",\"position\":4,\"name\":\"Nylon Armb\u00e4nder\",\"item\":\"https:\/\/watch-bandit.com\/de\/produkte\/uhrenarmbaender\/nylon-armbander\/\"},{\"@type\":\"ListItem\",\"position\":5,\"name\":\"Military Nylon Straps\",\"item\":\"https:\/\/watch-bandit.com\/products\/watch-bands\/nylon-straps\/military-nylon-straps\/\"},{\"@type\":\"ListItem\",\"position\":6,\"name\":\"Adjustable Single-Pass Nylon Straps\",\"item\":\"https:\/\/watch-bandit.com\/products\/premium-adjustable-nylon-straps\/\"},{\"@type\":\"ListItem\",\"position\":7,\"name\":\"Verstellbares Premium Nylon Uhrenarmband Petrol\/Gr\u00fcn (einteilig) | WB Original\"}]},{\"@type\":\"WebSite\",\"@id\":\"https:\/\/watch-bandit.com\/#website\",\"url\":\"https:\/\/watch-bandit.com\/\",\"name\":\"WATCHBANDIT\",\"description\":\"Contemporary Wrist Accessories\",\"publisher\":{\"@id\":\"https:\/\/watch-bandit.com\/#organization\"},\"potentialAction\":[{\"@type\":\"SearchAction\",\"target\":{\"@type\":\"EntryPoint\",\"urlTemplate\":\"https:\/\/watch-bandit.com\/?s={search_term_string}\"},\"query-input\":\"required name=search_term_string\"}],\"inLanguage\":\"de-DE\"},{\"@type\":\"Organization\",\"@id\":\"https:\/\/watch-bandit.com\/#organization\",\"name\":\"WatchBandit\",\"url\":\"https:\/\/watch-bandit.com\/\",\"logo\":{\"@type\":\"ImageObject\",\"inLanguage\":\"de-DE\",\"@id\":\"https:\/\/watch-bandit.com\/#\/schema\/logo\/image\/\",\"url\":\"https:\/\/watchbandit.de\/wp-content\/uploads\/2017\/11\/WB_Logo_557x124.png\",\"contentUrl\":\"https:\/\/watchbandit.de\/wp-content\/uploads\/2017\/11\/WB_Logo_557x124.png\",\"width\":557,\"height\":124,\"caption\":\"WatchBandit\"},\"image\":{\"@id\":\"https:\/\/watch-bandit.com\/#\/schema\/logo\/image\/\"}}]}<\/script>\n<!-- \/ Yoast SEO plugin. -->","yoast_head_json":{"title":"Verstellbares Premium Nylon Uhrenarmband Petrol\/Gr\u00fcn (einteilig) | WB Original - WATCHBANDIT","description":"Nylon Uhrenarmband in premium Qualit\u00e4t bei WatchBandit kaufen \u2b50 Individuell gr\u00f6\u00dfenerstellbar \u2b50 Trusted Shops zertifiziert \u2b50 Passion f\u00fcr Uhren seit 2014 \u2b50","robots":{"index":"noindex","follow":"follow","max-snippet":"max-snippet:-1","max-image-preview":"max-image-preview:large","max-video-preview":"max-video-preview:-1"},"og_locale":"de_DE","og_type":"article","og_title":"Verstellbares Premium Nylon Uhrenarmband Petrol\/Gr\u00fcn (einteilig) | WB Original - WATCHBANDIT","og_description":"Nylon Uhrenarmband in premium Qualit\u00e4t bei WatchBandit kaufen \u2b50 Individuell gr\u00f6\u00dfenerstellbar \u2b50 Trusted Shops zertifiziert \u2b50 Passion f\u00fcr Uhren seit 2014 \u2b50","og_url":"https:\/\/watch-bandit.com\/de\/produkt\/verstellbares-premium-nylon-uhrenarmband-petrol-gruen-einteilig-wb-original\/","og_site_name":"WATCHBANDIT","article_modified_time":"2024-10-23T06:11:17+00:00","og_image":[{"width":850,"height":850,"url":"https:\/\/watch-bandit.com\/wp-content\/uploads\/2021\/08\/Premium-Adjustable-Single-Pass-Nylon-Strap-Petrol-Green.webp","type":"image\/webp"}],"twitter_misc":{"Gesch\u00e4tzte Lesezeit":"1 Minute"},"schema":{"@context":"https:\/\/schema.org","@graph":[{"@type":"WebPage","@id":"https:\/\/watch-bandit.com\/de\/produkt\/verstellbares-premium-nylon-uhrenarmband-petrol-gruen-einteilig-wb-original\/","url":"https:\/\/watch-bandit.com\/de\/produkt\/verstellbares-premium-nylon-uhrenarmband-petrol-gruen-einteilig-wb-original\/","name":"Verstellbares Premium Nylon Uhrenarmband Petrol\/Gr\u00fcn (einteilig) | WB Original - WATCHBANDIT","isPartOf":{"@id":"https:\/\/watch-bandit.com\/#website"},"datePublished":"2021-08-20T11:07:28+00:00","dateModified":"2024-10-23T06:11:17+00:00","description":"Nylon Uhrenarmband in premium Qualit\u00e4t bei WatchBandit kaufen \u2b50 Individuell gr\u00f6\u00dfenerstellbar \u2b50 Trusted Shops zertifiziert \u2b50 Passion f\u00fcr Uhren seit 2014 \u2b50","breadcrumb":{"@id":"https:\/\/watch-bandit.com\/de\/produkt\/verstellbares-premium-nylon-uhrenarmband-petrol-gruen-einteilig-wb-original\/#breadcrumb"},"inLanguage":"de-DE","potentialAction":[{"@type":"ReadAction","target":["https:\/\/watch-bandit.com\/de\/produkt\/verstellbares-premium-nylon-uhrenarmband-petrol-gruen-einteilig-wb-original\/"]}]},{"@type":"BreadcrumbList","@id":"https:\/\/watch-bandit.com\/de\/produkt\/verstellbares-premium-nylon-uhrenarmband-petrol-gruen-einteilig-wb-original\/#breadcrumb","itemListElement":[{"@type":"ListItem","position":1,"name":"Home","item":"https:\/\/watchbandit.de\/"},{"@type":"ListItem","position":2,"name":"Shop","item":"https:\/\/watchbandit.de\/shop\/"},{"@type":"ListItem","position":3,"name":"Watch Bands","item":"https:\/\/watch-bandit.com\/products\/watch-bands\/"},{"@type":"ListItem","position":4,"name":"Nylon Armb\u00e4nder","item":"https:\/\/watch-bandit.com\/de\/produkte\/uhrenarmbaender\/nylon-armbander\/"},{"@type":"ListItem","position":5,"name":"Military Nylon Straps","item":"https:\/\/watch-bandit.com\/products\/watch-bands\/nylon-straps\/military-nylon-straps\/"},{"@type":"ListItem","position":6,"name":"Adjustable Single-Pass Nylon Straps","item":"https:\/\/watch-bandit.com\/products\/premium-adjustable-nylon-straps\/"},{"@type":"ListItem","position":7,"name":"Verstellbares Premium Nylon Uhrenarmband Petrol\/Gr\u00fcn (einteilig) | WB Original"}]},{"@type":"WebSite","@id":"https:\/\/watch-bandit.com\/#website","url":"https:\/\/watch-bandit.com\/","name":"WATCHBANDIT","description":"Contemporary Wrist Accessories","publisher":{"@id":"https:\/\/watch-bandit.com\/#organization"},"potentialAction":[{"@type":"SearchAction","target":{"@type":"EntryPoint","urlTemplate":"https:\/\/watch-bandit.com\/?s={search_term_string}"},"query-input":"required name=search_term_string"}],"inLanguage":"de-DE"},{"@type":"Organization","@id":"https:\/\/watch-bandit.com\/#organization","name":"WatchBandit","url":"https:\/\/watch-bandit.com\/","logo":{"@type":"ImageObject","inLanguage":"de-DE","@id":"https:\/\/watch-bandit.com\/#\/schema\/logo\/image\/","url":"https:\/\/watchbandit.de\/wp-content\/uploads\/2017\/11\/WB_Logo_557x124.png","contentUrl":"https:\/\/watchbandit.de\/wp-content\/uploads\/2017\/11\/WB_Logo_557x124.png","width":557,"height":124,"caption":"WatchBandit"},"image":{"@id":"https:\/\/watch-bandit.com\/#\/schema\/logo\/image\/"}}]}},"_links":{"self":[{"href":"https:\/\/watch-bandit.com\/de\/wp-json\/wp\/v2\/product\/287312"}],"collection":[{"href":"https:\/\/watch-bandit.com\/de\/wp-json\/wp\/v2\/product"}],"about":[{"href":"https:\/\/watch-bandit.com\/de\/wp-json\/wp\/v2\/types\/product"}],"replies":[{"embeddable":true,"href":"https:\/\/watch-bandit.com\/de\/wp-json\/wp\/v2\/comments?post=287312"}],"wp:featuredmedia":[{"embeddable":true,"href":"https:\/\/watch-bandit.com\/de\/wp-json\/wp\/v2\/media\/342813"}],"wp:attachment":[{"href":"https:\/\/watch-bandit.com\/de\/wp-json\/wp\/v2\/media?parent=287312"}],"wp:term":[{"taxonomy":"product_cat","embeddable":true,"href":"https:\/\/watch-bandit.com\/de\/wp-json\/wp\/v2\/product_cat?post=287312"},{"taxonomy":"product_tag","embeddable":true,"href":"https:\/\/watch-bandit.com\/de\/wp-json\/wp\/v2\/product_tag?post=287312"}],"curies":[{"name":"wp","href":"https:\/\/api.w.org\/{rel}","templated":true}]}}