{"id":287630,"date":"2021-08-26T13:06:51","date_gmt":"2021-08-26T11:06:51","guid":{"rendered":"https:\/\/watchbandit.com\/?post_type=product&#038;p=287630"},"modified":"2021-09-02T18:01:34","modified_gmt":"2021-09-02T16:01:34","slug":"reverie-diver-12-std-lunette-blau","status":"publish","type":"product","link":"https:\/\/watch-bandit.com\/de\/produkt\/reverie-diver-12-std-lunette-blau\/","title":{"rendered":"Reverie &#8211; Diver &#8211; 12 Std. L\u00fcnette &#8211; Blau"},"content":{"rendered":"<p>Reverie-Uhren wurden 2014 gegr\u00fcndet. Reverie ist eine in Singapur ans\u00e4ssige Mikrobrand, die Uhren in limitierter Auflage herstellt. Verzierte guillochierte Zifferbl\u00e4tter und Eleganz bilden das R\u00fcckgrat unserer Designsprache. Reverie-Uhren sind gut proportioniert, da ihnen der Benutzerkomfort wichtig ist.<\/p>\n","protected":false},"excerpt":{"rendered":"<p>Die Diver von Reverie vereint eine elegante Designsprache mit dem N\u00fctzlichkeitscharakter einer Taucheruhr. Erwarten Sie eine schlanke Uhr, die den Strapazen der Unterwassererkundung standh\u00e4lt.\u200b<\/p>\n<p><strong>Uhrwerk:<\/strong> Miyota 9039: Hochwertiges japanisches Automatikwerk mit 42 Stunden Gangreserve, Sekunden-Stop und hoher Frequenz von 4 Hz<br \/>\n<strong>Geh\u00e4use:<\/strong> 316L Edelstahlgeh\u00e4use mit 20ATM WR. 40 mm Durchmesser \/ 43 mm Stollen-zu-Stollen \/ unter 12 mm d\u00fcnn \/ 20 mm Stollenbreite. Geb\u00fcrstete und hochglanzpolierte Oberfl\u00e4chen mit verschraubter Krone und 20ATM \/ 200m Wasserdichtigkeit.<br \/>\n<strong>Wasserdichtigkeit:<\/strong> 20 bar \/ 200 Meter<br \/>\n<strong>Armband:<\/strong> Verstellbares Armband aus 316L Edelstahl. Das Armband enth\u00e4lt: (1) 6 mm Konizit\u00e4t f\u00fcr Komfort; (2) Mikroverstellbarkeit, die es Ihnen erm\u00f6glicht, die Gr\u00f6\u00dfe des Armbands (nur Halbglied) unterwegs zu \u00e4ndern; (3) Schnellspannstift zum Wechseln der Riemen ohne Werkzeug.<\/p>\n","protected":false},"featured_media":287932,"comment_status":"open","ping_status":"closed","template":"","meta":[],"product_cat":[3998,37],"product_tag":[],"yoast_head":"<!-- This site is optimized with the Yoast SEO plugin v21.9 - https:\/\/yoast.com\/wordpress\/plugins\/seo\/ -->\n<title>Reverie - Diver - 12 Std. L\u00fcnette - Blau - WATCHBANDIT<\/title>\n<meta name=\"description\" content=\"Reverie Diver bei WatchBandit kaufen \u2713 Autorisierter H\u00e4ndler \u2713 Trusted Shops zertifiziert \u2713 Kostenlose- &amp; schnelle Lieferung \u2713\" \/>\n<meta name=\"robots\" content=\"noindex, follow, max-snippet:-1, max-image-preview:large, max-video-preview:-1\" \/>\n<meta property=\"og:locale\" content=\"de_DE\" \/>\n<meta property=\"og:type\" content=\"article\" \/>\n<meta property=\"og:title\" content=\"Reverie - Diver - 12 Std. L\u00fcnette - Blau - WATCHBANDIT\" \/>\n<meta property=\"og:description\" content=\"Reverie Diver bei WatchBandit kaufen \u2713 Autorisierter H\u00e4ndler \u2713 Trusted Shops zertifiziert \u2713 Kostenlose- &amp; schnelle Lieferung \u2713\" \/>\n<meta property=\"og:url\" content=\"https:\/\/watch-bandit.com\/de\/produkt\/reverie-diver-12-std-lunette-blau\/\" \/>\n<meta property=\"og:site_name\" content=\"WATCHBANDIT\" \/>\n<meta property=\"article:modified_time\" content=\"2021-09-02T16:01:34+00:00\" \/>\n<meta property=\"og:image\" content=\"https:\/\/watch-bandit.com\/wp-content\/uploads\/2021\/08\/Reviere-Diver-Blue-12h-blue-min.jpg\" \/>\n\t<meta property=\"og:image:width\" content=\"1400\" \/>\n\t<meta property=\"og:image:height\" content=\"1700\" \/>\n\t<meta property=\"og:image:type\" content=\"image\/jpeg\" \/>\n<meta name=\"twitter:label1\" content=\"Gesch\u00e4tzte Lesezeit\" \/>\n\t<meta name=\"twitter:data1\" content=\"1 Minute\" \/>\n<script type=\"application\/ld+json\" class=\"yoast-schema-graph\">{\"@context\":\"https:\/\/schema.org\",\"@graph\":[{\"@type\":\"WebPage\",\"@id\":\"https:\/\/watch-bandit.com\/de\/produkt\/reverie-diver-12-std-lunette-blau\/\",\"url\":\"https:\/\/watch-bandit.com\/de\/produkt\/reverie-diver-12-std-lunette-blau\/\",\"name\":\"Reverie - Diver - 12 Std. L\u00fcnette - Blau - WATCHBANDIT\",\"isPartOf\":{\"@id\":\"https:\/\/watch-bandit.com\/#website\"},\"datePublished\":\"2021-08-26T11:06:51+00:00\",\"dateModified\":\"2021-09-02T16:01:34+00:00\",\"description\":\"Reverie Diver bei WatchBandit kaufen \u2713 Autorisierter H\u00e4ndler \u2713 Trusted Shops zertifiziert \u2713 Kostenlose- & schnelle Lieferung \u2713\",\"breadcrumb\":{\"@id\":\"https:\/\/watch-bandit.com\/de\/produkt\/reverie-diver-12-std-lunette-blau\/#breadcrumb\"},\"inLanguage\":\"de-DE\",\"potentialAction\":[{\"@type\":\"ReadAction\",\"target\":[\"https:\/\/watch-bandit.com\/de\/produkt\/reverie-diver-12-std-lunette-blau\/\"]}]},{\"@type\":\"BreadcrumbList\",\"@id\":\"https:\/\/watch-bandit.com\/de\/produkt\/reverie-diver-12-std-lunette-blau\/#breadcrumb\",\"itemListElement\":[{\"@type\":\"ListItem\",\"position\":1,\"name\":\"Home\",\"item\":\"https:\/\/watchbandit.de\/\"},{\"@type\":\"ListItem\",\"position\":2,\"name\":\"Shop\",\"item\":\"https:\/\/watchbandit.de\/shop\/\"},{\"@type\":\"ListItem\",\"position\":3,\"name\":\"Watches\",\"item\":\"https:\/\/watch-bandit.com\/products\/watches\/\"},{\"@type\":\"ListItem\",\"position\":4,\"name\":\"Reverie\",\"item\":\"https:\/\/watch-bandit.com\/products\/watches\/reverie\/\"},{\"@type\":\"ListItem\",\"position\":5,\"name\":\"Reverie &#8211; Diver &#8211; 12 Std. L\u00fcnette &#8211; Blau\"}]},{\"@type\":\"WebSite\",\"@id\":\"https:\/\/watch-bandit.com\/#website\",\"url\":\"https:\/\/watch-bandit.com\/\",\"name\":\"WATCHBANDIT\",\"description\":\"Contemporary Wrist Accessories\",\"publisher\":{\"@id\":\"https:\/\/watch-bandit.com\/#organization\"},\"potentialAction\":[{\"@type\":\"SearchAction\",\"target\":{\"@type\":\"EntryPoint\",\"urlTemplate\":\"https:\/\/watch-bandit.com\/?s={search_term_string}\"},\"query-input\":\"required name=search_term_string\"}],\"inLanguage\":\"de-DE\"},{\"@type\":\"Organization\",\"@id\":\"https:\/\/watch-bandit.com\/#organization\",\"name\":\"WatchBandit\",\"url\":\"https:\/\/watch-bandit.com\/\",\"logo\":{\"@type\":\"ImageObject\",\"inLanguage\":\"de-DE\",\"@id\":\"https:\/\/watch-bandit.com\/#\/schema\/logo\/image\/\",\"url\":\"https:\/\/watchbandit.de\/wp-content\/uploads\/2017\/11\/WB_Logo_557x124.png\",\"contentUrl\":\"https:\/\/watchbandit.de\/wp-content\/uploads\/2017\/11\/WB_Logo_557x124.png\",\"width\":557,\"height\":124,\"caption\":\"WatchBandit\"},\"image\":{\"@id\":\"https:\/\/watch-bandit.com\/#\/schema\/logo\/image\/\"}}]}<\/script>\n<!-- \/ Yoast SEO plugin. -->","yoast_head_json":{"title":"Reverie - Diver - 12 Std. L\u00fcnette - Blau - WATCHBANDIT","description":"Reverie Diver bei WatchBandit kaufen \u2713 Autorisierter H\u00e4ndler \u2713 Trusted Shops zertifiziert \u2713 Kostenlose- & schnelle Lieferung \u2713","robots":{"index":"noindex","follow":"follow","max-snippet":"max-snippet:-1","max-image-preview":"max-image-preview:large","max-video-preview":"max-video-preview:-1"},"og_locale":"de_DE","og_type":"article","og_title":"Reverie - Diver - 12 Std. L\u00fcnette - Blau - WATCHBANDIT","og_description":"Reverie Diver bei WatchBandit kaufen \u2713 Autorisierter H\u00e4ndler \u2713 Trusted Shops zertifiziert \u2713 Kostenlose- & schnelle Lieferung \u2713","og_url":"https:\/\/watch-bandit.com\/de\/produkt\/reverie-diver-12-std-lunette-blau\/","og_site_name":"WATCHBANDIT","article_modified_time":"2021-09-02T16:01:34+00:00","og_image":[{"width":1400,"height":1700,"url":"https:\/\/watch-bandit.com\/wp-content\/uploads\/2021\/08\/Reviere-Diver-Blue-12h-blue-min.jpg","type":"image\/jpeg"}],"twitter_misc":{"Gesch\u00e4tzte Lesezeit":"1 Minute"},"schema":{"@context":"https:\/\/schema.org","@graph":[{"@type":"WebPage","@id":"https:\/\/watch-bandit.com\/de\/produkt\/reverie-diver-12-std-lunette-blau\/","url":"https:\/\/watch-bandit.com\/de\/produkt\/reverie-diver-12-std-lunette-blau\/","name":"Reverie - Diver - 12 Std. L\u00fcnette - Blau - WATCHBANDIT","isPartOf":{"@id":"https:\/\/watch-bandit.com\/#website"},"datePublished":"2021-08-26T11:06:51+00:00","dateModified":"2021-09-02T16:01:34+00:00","description":"Reverie Diver bei WatchBandit kaufen \u2713 Autorisierter H\u00e4ndler \u2713 Trusted Shops zertifiziert \u2713 Kostenlose- & schnelle Lieferung \u2713","breadcrumb":{"@id":"https:\/\/watch-bandit.com\/de\/produkt\/reverie-diver-12-std-lunette-blau\/#breadcrumb"},"inLanguage":"de-DE","potentialAction":[{"@type":"ReadAction","target":["https:\/\/watch-bandit.com\/de\/produkt\/reverie-diver-12-std-lunette-blau\/"]}]},{"@type":"BreadcrumbList","@id":"https:\/\/watch-bandit.com\/de\/produkt\/reverie-diver-12-std-lunette-blau\/#breadcrumb","itemListElement":[{"@type":"ListItem","position":1,"name":"Home","item":"https:\/\/watchbandit.de\/"},{"@type":"ListItem","position":2,"name":"Shop","item":"https:\/\/watchbandit.de\/shop\/"},{"@type":"ListItem","position":3,"name":"Watches","item":"https:\/\/watch-bandit.com\/products\/watches\/"},{"@type":"ListItem","position":4,"name":"Reverie","item":"https:\/\/watch-bandit.com\/products\/watches\/reverie\/"},{"@type":"ListItem","position":5,"name":"Reverie &#8211; Diver &#8211; 12 Std. L\u00fcnette &#8211; Blau"}]},{"@type":"WebSite","@id":"https:\/\/watch-bandit.com\/#website","url":"https:\/\/watch-bandit.com\/","name":"WATCHBANDIT","description":"Contemporary Wrist Accessories","publisher":{"@id":"https:\/\/watch-bandit.com\/#organization"},"potentialAction":[{"@type":"SearchAction","target":{"@type":"EntryPoint","urlTemplate":"https:\/\/watch-bandit.com\/?s={search_term_string}"},"query-input":"required name=search_term_string"}],"inLanguage":"de-DE"},{"@type":"Organization","@id":"https:\/\/watch-bandit.com\/#organization","name":"WatchBandit","url":"https:\/\/watch-bandit.com\/","logo":{"@type":"ImageObject","inLanguage":"de-DE","@id":"https:\/\/watch-bandit.com\/#\/schema\/logo\/image\/","url":"https:\/\/watchbandit.de\/wp-content\/uploads\/2017\/11\/WB_Logo_557x124.png","contentUrl":"https:\/\/watchbandit.de\/wp-content\/uploads\/2017\/11\/WB_Logo_557x124.png","width":557,"height":124,"caption":"WatchBandit"},"image":{"@id":"https:\/\/watch-bandit.com\/#\/schema\/logo\/image\/"}}]}},"_links":{"self":[{"href":"https:\/\/watch-bandit.com\/de\/wp-json\/wp\/v2\/product\/287630"}],"collection":[{"href":"https:\/\/watch-bandit.com\/de\/wp-json\/wp\/v2\/product"}],"about":[{"href":"https:\/\/watch-bandit.com\/de\/wp-json\/wp\/v2\/types\/product"}],"replies":[{"embeddable":true,"href":"https:\/\/watch-bandit.com\/de\/wp-json\/wp\/v2\/comments?post=287630"}],"wp:featuredmedia":[{"embeddable":true,"href":"https:\/\/watch-bandit.com\/de\/wp-json\/wp\/v2\/media\/287932"}],"wp:attachment":[{"href":"https:\/\/watch-bandit.com\/de\/wp-json\/wp\/v2\/media?parent=287630"}],"wp:term":[{"taxonomy":"product_cat","embeddable":true,"href":"https:\/\/watch-bandit.com\/de\/wp-json\/wp\/v2\/product_cat?post=287630"},{"taxonomy":"product_tag","embeddable":true,"href":"https:\/\/watch-bandit.com\/de\/wp-json\/wp\/v2\/product_tag?post=287630"}],"curies":[{"name":"wp","href":"https:\/\/api.w.org\/{rel}","templated":true}]}}