{"id":288431,"date":"2021-09-16T12:55:30","date_gmt":"2021-09-16T10:55:30","guid":{"rendered":"https:\/\/watchbandit.com\/?post_type=product&#038;p=288431"},"modified":"2021-09-22T14:46:44","modified_gmt":"2021-09-22T12:46:44","slug":"bausele-oceanmoon-iv-silber","status":"publish","type":"product","link":"https:\/\/watch-bandit.com\/de\/produkt\/bausele-oceanmoon-iv-silber\/","title":{"rendered":"Bausele &#8211; Oceanmoon IV &#8211; Silber"},"content":{"rendered":"","protected":false},"excerpt":{"rendered":"<p>Die neue OceanMoon ist sofort an ihrem \u00fcbergro\u00dfen, auff\u00e4lligen orangefarbenen Minutenzeiger und ihrem klaren Sonnenschliff-Zifferblatt mit Super-Luminova-beschichteten Indizes und Zeigern zu erkennen. Das modische Zifferblatt in Sonnenstrahlblau wird mit einem passenden blauen Band geliefert. Als professionelle Taucheruhr konzipiert, verf\u00fcgt sie \u00fcber ein 42-mm-Geh\u00e4use aus 316L-Stahl, ein dickes kratzfestes Saphirglas und eine doppelt verschraubte Krone, um eine solide Wasserdichtigkeit von 200 Metern zu gew\u00e4hrleisten. Der neue Swiss Made Zeitmesser ist mit einer inneren bidirektionalen Diving Count-Up L\u00fcnette ausgestattet. Ein innerer weicher antimagnetischer Faradayscher K\u00e4fig sch\u00fctzt das Automatikwerk Swiss Automatic. Die Innovation des Armbands, das aus Meeresm\u00fcll zu Upcycling-Kunststoff hergestellt wird, ist eine einzigartig stilvolle Erg\u00e4nzung, die die guten Absichten widerlegt. Die Bedienung erfolgt \u00fcber eine hochwertig eingesetzte &#8220;Butterfly&#8221;-Schnalle.\u200b<\/p>\n<p><strong>Uhrwerk:<\/strong> Die OceanMoon wird vom STP1-11 Swiss Made Automatikwerk mit 26 Steinen, einem Incabloc-Sto\u00dfsystem und Nivaflex-Zugfeder, 44 Stunden Gangreserve, 28.800 Halbschwingungen angetrieben.<br \/>\n<strong>Geh\u00e4use:<\/strong> Durchmesser 42 mm aus geh\u00e4rtetem Edelstahl 316L in chirurgischer Qualit\u00e4t<br \/>\n<strong>Armband:<\/strong> Das wasserdichte Armband besteht aus hochleistungsf\u00e4higem recyceltem PET-Kunststoff, der verst\u00e4rkt und auf Langlebigkeit ausgelegt ist. Zus\u00e4tzliche Armb\u00e4nder lassen sich leicht selbst wechseln, was sie zu einer \u00e4u\u00dferst vielseitigen Uhr macht.<br \/>\n<strong>Wasserbest\u00e4ndigkeit:<\/strong> 20ATM \/ 200m<\/p>\n","protected":false},"featured_media":288721,"comment_status":"open","ping_status":"closed","template":"","meta":[],"product_cat":[4019,37],"product_tag":[],"yoast_head":"<!-- This site is optimized with the Yoast SEO plugin v21.9 - https:\/\/yoast.com\/wordpress\/plugins\/seo\/ -->\n<title>Bausele - Oceanmoon IV - Silber - WATCHBANDIT<\/title>\n<meta name=\"description\" content=\"Bausele Fliegeruhren bei WatchBandit kaufen \u2708\ufe0f Autorisierter H\u00e4ndler \u2708\ufe0f Trusted Shops zertifiziert \u2708\ufe0f Kostenlose- &amp; schnelle Lieferung\u2708\ufe0f\" \/>\n<meta name=\"robots\" content=\"noindex, follow, max-snippet:-1, max-image-preview:large, max-video-preview:-1\" \/>\n<meta property=\"og:locale\" content=\"de_DE\" \/>\n<meta property=\"og:type\" content=\"article\" \/>\n<meta property=\"og:title\" content=\"Bausele - Oceanmoon IV - Silber - WATCHBANDIT\" \/>\n<meta property=\"og:description\" content=\"Bausele Fliegeruhren bei WatchBandit kaufen \u2708\ufe0f Autorisierter H\u00e4ndler \u2708\ufe0f Trusted Shops zertifiziert \u2708\ufe0f Kostenlose- &amp; schnelle Lieferung\u2708\ufe0f\" \/>\n<meta property=\"og:url\" content=\"https:\/\/watch-bandit.com\/de\/produkt\/bausele-oceanmoon-iv-silber\/\" \/>\n<meta property=\"og:site_name\" content=\"WATCHBANDIT\" \/>\n<meta property=\"article:modified_time\" content=\"2021-09-22T12:46:44+00:00\" \/>\n<meta property=\"og:image\" content=\"https:\/\/watch-bandit.com\/wp-content\/uploads\/2021\/09\/BASELE-WATCHES_-Oceanmoon-IV-Silver-front-min.jpg\" \/>\n\t<meta property=\"og:image:width\" content=\"1400\" \/>\n\t<meta property=\"og:image:height\" content=\"1700\" \/>\n\t<meta property=\"og:image:type\" content=\"image\/jpeg\" \/>\n<script type=\"application\/ld+json\" class=\"yoast-schema-graph\">{\"@context\":\"https:\/\/schema.org\",\"@graph\":[{\"@type\":\"WebPage\",\"@id\":\"https:\/\/watch-bandit.com\/de\/produkt\/bausele-oceanmoon-iv-silber\/\",\"url\":\"https:\/\/watch-bandit.com\/de\/produkt\/bausele-oceanmoon-iv-silber\/\",\"name\":\"Bausele - Oceanmoon IV - Silber - WATCHBANDIT\",\"isPartOf\":{\"@id\":\"https:\/\/watch-bandit.com\/#website\"},\"datePublished\":\"2021-09-16T10:55:30+00:00\",\"dateModified\":\"2021-09-22T12:46:44+00:00\",\"description\":\"Bausele Fliegeruhren bei WatchBandit kaufen \u2708\ufe0f Autorisierter H\u00e4ndler \u2708\ufe0f Trusted Shops zertifiziert \u2708\ufe0f Kostenlose- & schnelle Lieferung\u2708\ufe0f\",\"breadcrumb\":{\"@id\":\"https:\/\/watch-bandit.com\/de\/produkt\/bausele-oceanmoon-iv-silber\/#breadcrumb\"},\"inLanguage\":\"de-DE\",\"potentialAction\":[{\"@type\":\"ReadAction\",\"target\":[\"https:\/\/watch-bandit.com\/de\/produkt\/bausele-oceanmoon-iv-silber\/\"]}]},{\"@type\":\"BreadcrumbList\",\"@id\":\"https:\/\/watch-bandit.com\/de\/produkt\/bausele-oceanmoon-iv-silber\/#breadcrumb\",\"itemListElement\":[{\"@type\":\"ListItem\",\"position\":1,\"name\":\"Home\",\"item\":\"https:\/\/watchbandit.de\/\"},{\"@type\":\"ListItem\",\"position\":2,\"name\":\"Shop\",\"item\":\"https:\/\/watchbandit.de\/shop\/\"},{\"@type\":\"ListItem\",\"position\":3,\"name\":\"Watches\",\"item\":\"https:\/\/watch-bandit.com\/products\/watches\/\"},{\"@type\":\"ListItem\",\"position\":4,\"name\":\"Bausele\",\"item\":\"https:\/\/watch-bandit.com\/products\/watches\/bausele\/\"},{\"@type\":\"ListItem\",\"position\":5,\"name\":\"Bausele &#8211; Oceanmoon IV &#8211; Silber\"}]},{\"@type\":\"WebSite\",\"@id\":\"https:\/\/watch-bandit.com\/#website\",\"url\":\"https:\/\/watch-bandit.com\/\",\"name\":\"WATCHBANDIT\",\"description\":\"Contemporary Wrist Accessories\",\"publisher\":{\"@id\":\"https:\/\/watch-bandit.com\/#organization\"},\"potentialAction\":[{\"@type\":\"SearchAction\",\"target\":{\"@type\":\"EntryPoint\",\"urlTemplate\":\"https:\/\/watch-bandit.com\/?s={search_term_string}\"},\"query-input\":\"required name=search_term_string\"}],\"inLanguage\":\"de-DE\"},{\"@type\":\"Organization\",\"@id\":\"https:\/\/watch-bandit.com\/#organization\",\"name\":\"WatchBandit\",\"url\":\"https:\/\/watch-bandit.com\/\",\"logo\":{\"@type\":\"ImageObject\",\"inLanguage\":\"de-DE\",\"@id\":\"https:\/\/watch-bandit.com\/#\/schema\/logo\/image\/\",\"url\":\"https:\/\/watchbandit.de\/wp-content\/uploads\/2017\/11\/WB_Logo_557x124.png\",\"contentUrl\":\"https:\/\/watchbandit.de\/wp-content\/uploads\/2017\/11\/WB_Logo_557x124.png\",\"width\":557,\"height\":124,\"caption\":\"WatchBandit\"},\"image\":{\"@id\":\"https:\/\/watch-bandit.com\/#\/schema\/logo\/image\/\"}}]}<\/script>\n<!-- \/ Yoast SEO plugin. -->","yoast_head_json":{"title":"Bausele - Oceanmoon IV - Silber - WATCHBANDIT","description":"Bausele Fliegeruhren bei WatchBandit kaufen \u2708\ufe0f Autorisierter H\u00e4ndler \u2708\ufe0f Trusted Shops zertifiziert \u2708\ufe0f Kostenlose- & schnelle Lieferung\u2708\ufe0f","robots":{"index":"noindex","follow":"follow","max-snippet":"max-snippet:-1","max-image-preview":"max-image-preview:large","max-video-preview":"max-video-preview:-1"},"og_locale":"de_DE","og_type":"article","og_title":"Bausele - Oceanmoon IV - Silber - WATCHBANDIT","og_description":"Bausele Fliegeruhren bei WatchBandit kaufen \u2708\ufe0f Autorisierter H\u00e4ndler \u2708\ufe0f Trusted Shops zertifiziert \u2708\ufe0f Kostenlose- & schnelle Lieferung\u2708\ufe0f","og_url":"https:\/\/watch-bandit.com\/de\/produkt\/bausele-oceanmoon-iv-silber\/","og_site_name":"WATCHBANDIT","article_modified_time":"2021-09-22T12:46:44+00:00","og_image":[{"width":1400,"height":1700,"url":"https:\/\/watch-bandit.com\/wp-content\/uploads\/2021\/09\/BASELE-WATCHES_-Oceanmoon-IV-Silver-front-min.jpg","type":"image\/jpeg"}],"schema":{"@context":"https:\/\/schema.org","@graph":[{"@type":"WebPage","@id":"https:\/\/watch-bandit.com\/de\/produkt\/bausele-oceanmoon-iv-silber\/","url":"https:\/\/watch-bandit.com\/de\/produkt\/bausele-oceanmoon-iv-silber\/","name":"Bausele - Oceanmoon IV - Silber - WATCHBANDIT","isPartOf":{"@id":"https:\/\/watch-bandit.com\/#website"},"datePublished":"2021-09-16T10:55:30+00:00","dateModified":"2021-09-22T12:46:44+00:00","description":"Bausele Fliegeruhren bei WatchBandit kaufen \u2708\ufe0f Autorisierter H\u00e4ndler \u2708\ufe0f Trusted Shops zertifiziert \u2708\ufe0f Kostenlose- & schnelle Lieferung\u2708\ufe0f","breadcrumb":{"@id":"https:\/\/watch-bandit.com\/de\/produkt\/bausele-oceanmoon-iv-silber\/#breadcrumb"},"inLanguage":"de-DE","potentialAction":[{"@type":"ReadAction","target":["https:\/\/watch-bandit.com\/de\/produkt\/bausele-oceanmoon-iv-silber\/"]}]},{"@type":"BreadcrumbList","@id":"https:\/\/watch-bandit.com\/de\/produkt\/bausele-oceanmoon-iv-silber\/#breadcrumb","itemListElement":[{"@type":"ListItem","position":1,"name":"Home","item":"https:\/\/watchbandit.de\/"},{"@type":"ListItem","position":2,"name":"Shop","item":"https:\/\/watchbandit.de\/shop\/"},{"@type":"ListItem","position":3,"name":"Watches","item":"https:\/\/watch-bandit.com\/products\/watches\/"},{"@type":"ListItem","position":4,"name":"Bausele","item":"https:\/\/watch-bandit.com\/products\/watches\/bausele\/"},{"@type":"ListItem","position":5,"name":"Bausele &#8211; Oceanmoon IV &#8211; Silber"}]},{"@type":"WebSite","@id":"https:\/\/watch-bandit.com\/#website","url":"https:\/\/watch-bandit.com\/","name":"WATCHBANDIT","description":"Contemporary Wrist Accessories","publisher":{"@id":"https:\/\/watch-bandit.com\/#organization"},"potentialAction":[{"@type":"SearchAction","target":{"@type":"EntryPoint","urlTemplate":"https:\/\/watch-bandit.com\/?s={search_term_string}"},"query-input":"required name=search_term_string"}],"inLanguage":"de-DE"},{"@type":"Organization","@id":"https:\/\/watch-bandit.com\/#organization","name":"WatchBandit","url":"https:\/\/watch-bandit.com\/","logo":{"@type":"ImageObject","inLanguage":"de-DE","@id":"https:\/\/watch-bandit.com\/#\/schema\/logo\/image\/","url":"https:\/\/watchbandit.de\/wp-content\/uploads\/2017\/11\/WB_Logo_557x124.png","contentUrl":"https:\/\/watchbandit.de\/wp-content\/uploads\/2017\/11\/WB_Logo_557x124.png","width":557,"height":124,"caption":"WatchBandit"},"image":{"@id":"https:\/\/watch-bandit.com\/#\/schema\/logo\/image\/"}}]}},"_links":{"self":[{"href":"https:\/\/watch-bandit.com\/de\/wp-json\/wp\/v2\/product\/288431"}],"collection":[{"href":"https:\/\/watch-bandit.com\/de\/wp-json\/wp\/v2\/product"}],"about":[{"href":"https:\/\/watch-bandit.com\/de\/wp-json\/wp\/v2\/types\/product"}],"replies":[{"embeddable":true,"href":"https:\/\/watch-bandit.com\/de\/wp-json\/wp\/v2\/comments?post=288431"}],"wp:featuredmedia":[{"embeddable":true,"href":"https:\/\/watch-bandit.com\/de\/wp-json\/wp\/v2\/media\/288721"}],"wp:attachment":[{"href":"https:\/\/watch-bandit.com\/de\/wp-json\/wp\/v2\/media?parent=288431"}],"wp:term":[{"taxonomy":"product_cat","embeddable":true,"href":"https:\/\/watch-bandit.com\/de\/wp-json\/wp\/v2\/product_cat?post=288431"},{"taxonomy":"product_tag","embeddable":true,"href":"https:\/\/watch-bandit.com\/de\/wp-json\/wp\/v2\/product_tag?post=288431"}],"curies":[{"name":"wp","href":"https:\/\/api.w.org\/{rel}","templated":true}]}}