{"id":288939,"date":"2021-09-27T11:32:32","date_gmt":"2021-09-27T09:32:33","guid":{"rendered":"https:\/\/watchbandit.com\/?post_type=product&#038;p=288939"},"modified":"2025-10-22T17:22:58","modified_gmt":"2025-10-22T15:22:58","slug":"premium-perlon-uhrenarmband-blau-wb-original","status":"publish","type":"product","link":"https:\/\/watch-bandit.com\/de\/produkt\/premium-perlon-uhrenarmband-blau-wb-original\/","title":{"rendered":"Premium Perlon Uhrenarmband &#8211; Blau | WB Original"},"content":{"rendered":"<h3>WatchBandit Original gr\u00f6\u00dfenverstellbare Premium Perlon Uhrenarmb\u00e4nder mit geb\u00fcrsteten Edelstahlelementen<\/h3>\n<p>Unsere WatchBandit Original <strong>Premium Perlons<\/strong> sind aus qualitativ hochwertigem, flachen und belastbaren Nylon hergestellt, ohne dabei unerschwinglich zu sein. Mit einer <strong>Dicke von nur<\/strong> <strong>1,0 mm<\/strong> ist es besonders <strong>leicht<\/strong> und ist somit <strong>sehr angenehm<\/strong> zu tragen, gerade w\u00e4hrend warmen Tagen.<\/p>\n<p>In Berlin entworfen und zusammen mit den besten Uhrenarmband-Herstellern gefertigt, bringen wir unsere langj\u00e4hrige Erfahrung auf den Tisch, um Premium-Uhrenb\u00e4nder zu fairen Preisen herzustellen. Mit den neuesten Trends und h\u00f6chsten Standards produzieren wir die B\u00e4nder, nach denen Ihr schon immer gesucht habt. Nachdem wir eine Kategorie Armb\u00e4nder f\u00fcr eine bestimmte Zeit verkauft haben, sammeln wir die Erfahrungen, die ihr mit den B\u00e4ndern gemacht habt, um die Produkte am Markt zu verbessern und das perfekte Armband f\u00fcr Euch herzustellen.<\/p>\n<p>Da es auf dem Markt in den meisten F\u00e4llen nichts Vergleichbares gibt, passen wir die Produkte an die Bed\u00fcrfnisse unserer modernen Uhrenliebhaber an. Die Armb\u00e4nder von WatchBandit Original sind die Essenz eines jahrelangen Prozesses und wurden mit Eurer Hilfe entwickelt. Danke, dass Ihr uns geholfen habt, hochwertige Armb\u00e4nder erschwinglich zu machen!<\/p>\n","protected":false},"excerpt":{"rendered":"<div class=\"woocommerce-product-details__short-description\">\n<div class=\"woocommerce-product-details__short-description\">\n<p>Wenn du auf der Suche nach dem besten, individuell gr\u00f6\u00dfenverstellbaren Nylon Uhrenarmband auf dem Markt bist, ist deine Suche nun beendet: Die Nylonfasern aus dem unsere Premium Perlon Armb\u00e4nder gefertigt werden ist fein verflochten, angenehm leicht, nur 1.0 mm d\u00fcnn. Gleichzeitig ist es sehr strapazierf\u00e4hig und Wasserresistent. Schlie\u00dfe und Dorn sind aus rostfreiem und geb\u00fcrsteten 316L Edelstahl. Heb dich ab von der Masse mit einem unserer Premium Perlon Uhrenarmb\u00e4nder.<\/p>\n<p><em><strong>Bitte beachten:<\/strong> Die in diesem Produkt abgebildeten Uhren dienen nur zur Veranschaulichung und sind nicht in unseren Armbandangeboten enthalten.<\/em><\/p>\n<p><strong>Nylon:<\/strong> Feine Perlon-Qualit\u00e4t, leicht und angenehm zu tragen<br \/>\n<strong>Schnalle:<\/strong> Aus geb\u00fcrsteten Edelstahl (316L) mit WB Logo<br \/>\n<strong>Gr\u00f6\u00dfe:<\/strong> ca. 1,0 mm Dicke und 28 cm L\u00e4nge (ohne Schlie\u00dfe) &#8211; Individuell verstellbar<\/p>\n<\/div>\n<\/div>\n","protected":false},"featured_media":289142,"comment_status":"open","ping_status":"closed","template":"","meta":[],"product_cat":[2835,342,2837,334,2976],"product_tag":[],"yoast_head":"<!-- This site is optimized with the Yoast SEO plugin v21.9 - https:\/\/yoast.com\/wordpress\/plugins\/seo\/ -->\n<title>Premium Perlon Uhrenarmband - Blau | WB Original - WATCHBANDIT<\/title>\n<meta name=\"description\" content=\"Perlon Uhrenarmband in premium Qualit\u00e4t bei WatchBandit kaufen \u2705 Individuell gr\u00f6\u00dfenerstellbar \u2705 Trusted Shops zertifiziert \u2705 Seit 2014 \u2705\" \/>\n<meta name=\"robots\" content=\"noindex, follow, max-snippet:-1, max-image-preview:large, max-video-preview:-1\" \/>\n<meta property=\"og:locale\" content=\"de_DE\" \/>\n<meta property=\"og:type\" content=\"article\" \/>\n<meta property=\"og:title\" content=\"Premium Perlon Uhrenarmband - Blau | WB Original - WATCHBANDIT\" \/>\n<meta property=\"og:description\" content=\"Perlon Uhrenarmband in premium Qualit\u00e4t bei WatchBandit kaufen \u2705 Individuell gr\u00f6\u00dfenerstellbar \u2705 Trusted Shops zertifiziert \u2705 Seit 2014 \u2705\" \/>\n<meta property=\"og:url\" content=\"https:\/\/watch-bandit.com\/de\/produkt\/premium-perlon-uhrenarmband-blau-wb-original\/\" \/>\n<meta property=\"og:site_name\" content=\"WATCHBANDIT\" \/>\n<meta property=\"article:modified_time\" content=\"2025-10-22T15:22:58+00:00\" \/>\n<meta property=\"og:image\" content=\"https:\/\/watch-bandit.com\/wp-content\/uploads\/2021\/09\/Watchbandit-Premium-Perlon-Watch-Strap-Dark-Blue-min.jpg\" \/>\n\t<meta property=\"og:image:width\" content=\"1400\" \/>\n\t<meta property=\"og:image:height\" content=\"1700\" \/>\n\t<meta property=\"og:image:type\" content=\"image\/jpeg\" \/>\n<meta name=\"twitter:label1\" content=\"Gesch\u00e4tzte Lesezeit\" \/>\n\t<meta name=\"twitter:data1\" content=\"1 Minute\" \/>\n<script type=\"application\/ld+json\" class=\"yoast-schema-graph\">{\"@context\":\"https:\/\/schema.org\",\"@graph\":[{\"@type\":\"WebPage\",\"@id\":\"https:\/\/watch-bandit.com\/de\/produkt\/premium-perlon-uhrenarmband-blau-wb-original\/\",\"url\":\"https:\/\/watch-bandit.com\/de\/produkt\/premium-perlon-uhrenarmband-blau-wb-original\/\",\"name\":\"Premium Perlon Uhrenarmband - Blau | WB Original - WATCHBANDIT\",\"isPartOf\":{\"@id\":\"https:\/\/watch-bandit.com\/#website\"},\"datePublished\":\"2021-09-27T09:32:33+00:00\",\"dateModified\":\"2025-10-22T15:22:58+00:00\",\"description\":\"Perlon Uhrenarmband in premium Qualit\u00e4t bei WatchBandit kaufen \u2705 Individuell gr\u00f6\u00dfenerstellbar \u2705 Trusted Shops zertifiziert \u2705 Seit 2014 \u2705\",\"breadcrumb\":{\"@id\":\"https:\/\/watch-bandit.com\/de\/produkt\/premium-perlon-uhrenarmband-blau-wb-original\/#breadcrumb\"},\"inLanguage\":\"de-DE\",\"potentialAction\":[{\"@type\":\"ReadAction\",\"target\":[\"https:\/\/watch-bandit.com\/de\/produkt\/premium-perlon-uhrenarmband-blau-wb-original\/\"]}]},{\"@type\":\"BreadcrumbList\",\"@id\":\"https:\/\/watch-bandit.com\/de\/produkt\/premium-perlon-uhrenarmband-blau-wb-original\/#breadcrumb\",\"itemListElement\":[{\"@type\":\"ListItem\",\"position\":1,\"name\":\"Home\",\"item\":\"https:\/\/watchbandit.de\/\"},{\"@type\":\"ListItem\",\"position\":2,\"name\":\"Shop\",\"item\":\"https:\/\/watchbandit.de\/shop\/\"},{\"@type\":\"ListItem\",\"position\":3,\"name\":\"Watch Bands\",\"item\":\"https:\/\/watch-bandit.com\/products\/watch-bands\/\"},{\"@type\":\"ListItem\",\"position\":4,\"name\":\"Nylon Armb\u00e4nder\",\"item\":\"https:\/\/watch-bandit.com\/de\/produkte\/uhrenarmbaender\/nylon-armbander\/\"},{\"@type\":\"ListItem\",\"position\":5,\"name\":\"Perlon Straps\",\"item\":\"https:\/\/watch-bandit.com\/products\/watch-bands\/nylon-straps\/perlon-straps-watch-bands\/\"},{\"@type\":\"ListItem\",\"position\":6,\"name\":\"Premium Perlon Uhrenarmband &#8211; Blau | WB Original\"}]},{\"@type\":\"WebSite\",\"@id\":\"https:\/\/watch-bandit.com\/#website\",\"url\":\"https:\/\/watch-bandit.com\/\",\"name\":\"WATCHBANDIT\",\"description\":\"Contemporary Wrist Accessories\",\"publisher\":{\"@id\":\"https:\/\/watch-bandit.com\/#organization\"},\"potentialAction\":[{\"@type\":\"SearchAction\",\"target\":{\"@type\":\"EntryPoint\",\"urlTemplate\":\"https:\/\/watch-bandit.com\/?s={search_term_string}\"},\"query-input\":\"required name=search_term_string\"}],\"inLanguage\":\"de-DE\"},{\"@type\":\"Organization\",\"@id\":\"https:\/\/watch-bandit.com\/#organization\",\"name\":\"WatchBandit\",\"url\":\"https:\/\/watch-bandit.com\/\",\"logo\":{\"@type\":\"ImageObject\",\"inLanguage\":\"de-DE\",\"@id\":\"https:\/\/watch-bandit.com\/#\/schema\/logo\/image\/\",\"url\":\"https:\/\/watchbandit.de\/wp-content\/uploads\/2017\/11\/WB_Logo_557x124.png\",\"contentUrl\":\"https:\/\/watchbandit.de\/wp-content\/uploads\/2017\/11\/WB_Logo_557x124.png\",\"width\":557,\"height\":124,\"caption\":\"WatchBandit\"},\"image\":{\"@id\":\"https:\/\/watch-bandit.com\/#\/schema\/logo\/image\/\"}}]}<\/script>\n<!-- \/ Yoast SEO plugin. -->","yoast_head_json":{"title":"Premium Perlon Uhrenarmband - Blau | WB Original - WATCHBANDIT","description":"Perlon Uhrenarmband in premium Qualit\u00e4t bei WatchBandit kaufen \u2705 Individuell gr\u00f6\u00dfenerstellbar \u2705 Trusted Shops zertifiziert \u2705 Seit 2014 \u2705","robots":{"index":"noindex","follow":"follow","max-snippet":"max-snippet:-1","max-image-preview":"max-image-preview:large","max-video-preview":"max-video-preview:-1"},"og_locale":"de_DE","og_type":"article","og_title":"Premium Perlon Uhrenarmband - Blau | WB Original - WATCHBANDIT","og_description":"Perlon Uhrenarmband in premium Qualit\u00e4t bei WatchBandit kaufen \u2705 Individuell gr\u00f6\u00dfenerstellbar \u2705 Trusted Shops zertifiziert \u2705 Seit 2014 \u2705","og_url":"https:\/\/watch-bandit.com\/de\/produkt\/premium-perlon-uhrenarmband-blau-wb-original\/","og_site_name":"WATCHBANDIT","article_modified_time":"2025-10-22T15:22:58+00:00","og_image":[{"width":1400,"height":1700,"url":"https:\/\/watch-bandit.com\/wp-content\/uploads\/2021\/09\/Watchbandit-Premium-Perlon-Watch-Strap-Dark-Blue-min.jpg","type":"image\/jpeg"}],"twitter_misc":{"Gesch\u00e4tzte Lesezeit":"1 Minute"},"schema":{"@context":"https:\/\/schema.org","@graph":[{"@type":"WebPage","@id":"https:\/\/watch-bandit.com\/de\/produkt\/premium-perlon-uhrenarmband-blau-wb-original\/","url":"https:\/\/watch-bandit.com\/de\/produkt\/premium-perlon-uhrenarmband-blau-wb-original\/","name":"Premium Perlon Uhrenarmband - Blau | WB Original - WATCHBANDIT","isPartOf":{"@id":"https:\/\/watch-bandit.com\/#website"},"datePublished":"2021-09-27T09:32:33+00:00","dateModified":"2025-10-22T15:22:58+00:00","description":"Perlon Uhrenarmband in premium Qualit\u00e4t bei WatchBandit kaufen \u2705 Individuell gr\u00f6\u00dfenerstellbar \u2705 Trusted Shops zertifiziert \u2705 Seit 2014 \u2705","breadcrumb":{"@id":"https:\/\/watch-bandit.com\/de\/produkt\/premium-perlon-uhrenarmband-blau-wb-original\/#breadcrumb"},"inLanguage":"de-DE","potentialAction":[{"@type":"ReadAction","target":["https:\/\/watch-bandit.com\/de\/produkt\/premium-perlon-uhrenarmband-blau-wb-original\/"]}]},{"@type":"BreadcrumbList","@id":"https:\/\/watch-bandit.com\/de\/produkt\/premium-perlon-uhrenarmband-blau-wb-original\/#breadcrumb","itemListElement":[{"@type":"ListItem","position":1,"name":"Home","item":"https:\/\/watchbandit.de\/"},{"@type":"ListItem","position":2,"name":"Shop","item":"https:\/\/watchbandit.de\/shop\/"},{"@type":"ListItem","position":3,"name":"Watch Bands","item":"https:\/\/watch-bandit.com\/products\/watch-bands\/"},{"@type":"ListItem","position":4,"name":"Nylon Armb\u00e4nder","item":"https:\/\/watch-bandit.com\/de\/produkte\/uhrenarmbaender\/nylon-armbander\/"},{"@type":"ListItem","position":5,"name":"Perlon Straps","item":"https:\/\/watch-bandit.com\/products\/watch-bands\/nylon-straps\/perlon-straps-watch-bands\/"},{"@type":"ListItem","position":6,"name":"Premium Perlon Uhrenarmband &#8211; Blau | WB Original"}]},{"@type":"WebSite","@id":"https:\/\/watch-bandit.com\/#website","url":"https:\/\/watch-bandit.com\/","name":"WATCHBANDIT","description":"Contemporary Wrist Accessories","publisher":{"@id":"https:\/\/watch-bandit.com\/#organization"},"potentialAction":[{"@type":"SearchAction","target":{"@type":"EntryPoint","urlTemplate":"https:\/\/watch-bandit.com\/?s={search_term_string}"},"query-input":"required name=search_term_string"}],"inLanguage":"de-DE"},{"@type":"Organization","@id":"https:\/\/watch-bandit.com\/#organization","name":"WatchBandit","url":"https:\/\/watch-bandit.com\/","logo":{"@type":"ImageObject","inLanguage":"de-DE","@id":"https:\/\/watch-bandit.com\/#\/schema\/logo\/image\/","url":"https:\/\/watchbandit.de\/wp-content\/uploads\/2017\/11\/WB_Logo_557x124.png","contentUrl":"https:\/\/watchbandit.de\/wp-content\/uploads\/2017\/11\/WB_Logo_557x124.png","width":557,"height":124,"caption":"WatchBandit"},"image":{"@id":"https:\/\/watch-bandit.com\/#\/schema\/logo\/image\/"}}]}},"_links":{"self":[{"href":"https:\/\/watch-bandit.com\/de\/wp-json\/wp\/v2\/product\/288939"}],"collection":[{"href":"https:\/\/watch-bandit.com\/de\/wp-json\/wp\/v2\/product"}],"about":[{"href":"https:\/\/watch-bandit.com\/de\/wp-json\/wp\/v2\/types\/product"}],"replies":[{"embeddable":true,"href":"https:\/\/watch-bandit.com\/de\/wp-json\/wp\/v2\/comments?post=288939"}],"wp:featuredmedia":[{"embeddable":true,"href":"https:\/\/watch-bandit.com\/de\/wp-json\/wp\/v2\/media\/289142"}],"wp:attachment":[{"href":"https:\/\/watch-bandit.com\/de\/wp-json\/wp\/v2\/media?parent=288939"}],"wp:term":[{"taxonomy":"product_cat","embeddable":true,"href":"https:\/\/watch-bandit.com\/de\/wp-json\/wp\/v2\/product_cat?post=288939"},{"taxonomy":"product_tag","embeddable":true,"href":"https:\/\/watch-bandit.com\/de\/wp-json\/wp\/v2\/product_tag?post=288939"}],"curies":[{"name":"wp","href":"https:\/\/api.w.org\/{rel}","templated":true}]}}