{"id":290491,"date":"2021-11-01T14:29:20","date_gmt":"2021-11-01T13:29:21","guid":{"rendered":"https:\/\/watchbandit.com\/?post_type=product&#038;p=290491"},"modified":"2022-07-05T17:50:58","modified_gmt":"2022-07-05T15:50:58","slug":"formex-reef-automatic-chronometer-cosc-300m-weisses-zifferblatt-gruene-luenette","status":"publish","type":"product","link":"https:\/\/watch-bandit.com\/de\/produkt\/formex-reef-automatic-chronometer-cosc-300m-weisses-zifferblatt-gruene-luenette\/","title":{"rendered":"Formex &#8211; Reef &#8211; Automatic Chronometer COSC 300m &#8211; Wei\u00dfes Zifferblatt\/Gr\u00fcne L\u00fcnette"},"content":{"rendered":"<h2 class=\"is-uppercase title is-size-5\">Einseitig drehbare Keramikl\u00fcnette<\/h2>\n<p>Die einseitig drehbare L\u00fcnette der REEF ist eine der Schl\u00fcsselfunktionen der Uhr. Als eines der exponiertesten Teile ist die L\u00fcnette aus einer extrem harten und kratzfesten Zirkoniumoxidkeramik gefertigt. Die Markierungen und Zahlen werden durch Femto-Laserpulsationen eingraviert. Jede L\u00fcnette ben\u00f6tigt 60 Minuten Pr\u00e4zisionsgravur, um die dreidimensionale Wirkung zu erzielen. Die gefr\u00e4sten zahnrad\u00e4hnlichen Einkerbungen am Rand der L\u00fcnette bieten dem Taucher den idealen Griff, um Tauchzeit und Dekompressionsstopps sicher einzustellen und zu \u00fcberwachen. Der 60-Klick-Mechanismus ist reaktionsschnell und leichtg\u00e4ngig und bietet dennoch eine feste und pr\u00e4zise Funktion der L\u00fcnette.<\/p>\n<h2 class=\"is-uppercase title is-size-5\">Pffiziell zertifizierter Chronometer<\/h2>\n<p>Angetrieben wird die REEF von einem Swiss Made SW300 mit Automatikaufzug und Datum, das in der h\u00f6chsten Qualit\u00e4tsstufe &#8220;Chronometer&#8221; von Sellita geliefert wird und erstklassige Komponenten verwendet, die so nur in Chronometer-Uhrwerken zu finden sind. Formex hat sich bewusst f\u00fcr dieses d\u00fcnne Uhrwerk entschieden, da es die Konstruktion der REEF mit nur 11,4 mm Dicke erlaubt. Jedes der Uhrwerke durchl\u00e4uft den COSC-Zertifizierungsprozess, einen akribischen 15-Tage-Test, um au\u00dfergew\u00f6hnliche mechanische Genauigkeit und Pr\u00e4zision zu gew\u00e4hrleisten. Nur die Uhrwerke, welche die strenge Pr\u00fcfung bestehen, werden zertifiziert und mit einer einzigartigen Seriennummer versehen. Die Gangreserve der Uhrwerke betr\u00e4gt 42 Stunden.<\/p>\n<h2 class=\"is-uppercase title is-size-5\">Karbonfaser- oder Edelstahlschlie\u00dfe mit Feinjustierung<\/h2>\n<p>Neben den visuellen Aspekten dienen Details bei Formex auch einem Zweck. Eine Uhr, die in jeder Situation getragen werden soll, muss sich auch besonders angenehm am Handgelenk anf\u00fchlen. Formex verwendet f\u00fcr die REEF die patentierte Deployant Karbonfaser-Faltschlie\u00dfe, die eine Feineinstellung der Bandl\u00e4nge w\u00e4hrend des Tragens erm\u00f6glicht. Dabei k\u00f6nnen f\u00fcr mehrere Armb\u00e4nder dieselbe Schlie\u00dfe verwendet werden, denn die Schlie\u00dfe wie auch s\u00e4mtliche Armb\u00e4nder k\u00f6nnen ohne Werkzeuge gewechselt werden. Dies erm\u00f6glicht einen schnellen Wechsel des Looks am Handgelenk.<\/p>\n<h2 class=\"is-uppercase title is-size-5\">Viel Liebe zum DEtail<\/h2>\n<p>Das 42-mm-Edelstahlgeh\u00e4use mit seiner markanten Form bietet sowohl einen funktionellen Schutz f\u00fcr die verschraubte Krone als auch eine optische Symmetrie. Durchgehend polierte Kanten und geb\u00fcrstete Oberfl\u00e4chen schaffen ein einzigartiges Gleichgewicht zwischen Eleganz und dem sportlichen Geist der Marke.\u00a0Das mit einem Sonnenschliff veredelte Zifferblatt wird in der hauseigenen Zifferblattmanufaktur im Schweizer Jura-Gebiet hergestellt. Der Farbverlauf f\u00fcr die verschiedenen Bl\u00e4tter wird von Hand gespritzt. Die Stundenmarkierungen der REEF im Rehaut-Stil sind ebenfalls von Hand appliziert und dreieckig geformt und weisen auf die breiten Stunden- und Minutenzeiger hin, die die gleiche detaillierte abgeschr\u00e4gte Hochglanzpolitur und geb\u00fcrstete Oberfl\u00e4che aufweisen. Zeiger und Stundenindexe sowie eine Kapsel auf der Nullmarke der L\u00fcnette sind tief mit Swiss Super-LumiNova\u00ae BGW9 gef\u00fcllt, das bei Dunkelheit einen lang anhaltenden blauen Schimmer abgibt. Die Zeit mit absoluter Sicherheit ablesen zu k\u00f6nnen, ist eine \u00dcberlebensfrage beim Tauchen.<\/p>\n<h4>FORMEX 2.0: 2016 &#8211; Es geht weiter<\/h4>\n<p>Im Oktober 2016 hat FORMEX den Verkauf von station\u00e4ren Produkten vollst\u00e4ndig eingestellt und die Direkt- und Online-Route gew\u00e4hlt. FORMEX ist von jedem Einzelh\u00e4ndler getrennt und verkauft ausschlie\u00dflich im eigenen Shop und einigen ausgew\u00e4hlten Online-Shops. Damit ist FORMEX nicht mehr an die herk\u00f6mmlichen, \u00fcberbordenden Verkaufsmargen der Uhrenindustrie gebunden und steht nun in direktem Kontakt mit seinen Kunden in alle Phasen des Kaufs und des Besitzes einer Uhr. Diese Werte halten auch wir hoch, wodurch Formex der perfekte Partner f\u00fcr unsere Kollektion unabh\u00e4ngiger Uhrenmarken ist.<\/p>\n<p>Mehr Informationen in unserem Blogpost: <a href=\"https:\/\/watchbandit.de\/formex-uhren-cosc-zertifizierter-high-tech-fuers-handgelenk\/\" target=\"_blank\" rel=\"noopener noreferrer\"><em><strong>COSC-zertifizierter High-tech f\u00fcrs Handgelenk<\/strong><\/em><\/a><\/p>\n","protected":false},"excerpt":{"rendered":"<p class=\"p1\">Der Formex REEF Chronometer ist eine offiziell zertifizierte Schweizer Taucheruhr &#8211; unglaublich bequem zu tragen und genau auf Ihren Geschmack konfigurierbar. Das 42-mm-Edelstahlgeh\u00e4use mit seiner markanten Form bietet sowohl einen funktionellen Schutz f\u00fcr die verschraubte Krone als auch eine optische Symmetrie. Eine doppelte Dichtungskonstruktion ist f\u00fcr eine Wasserdichtigkeit von 300 m \/ 1000 ft. ausgelegt und getestet. Angetrieben wird die REEF von einem Swiss Made SW300-1 mit Automatikaufzug und Datum, das in der h\u00f6chsten Qualit\u00e4tsstufe &#8220;Chronometer&#8221; von Sellita geliefert wird und erstklassige Komponenten verwendet, die so nur in Chronometer-Uhrwerken zu finden sind. Wir haben uns bewusst f\u00fcr dieses d\u00fcnne Uhrwerk entschieden, da es die Konstruktion der REEF mit nur 11,4 mm Dicke erlaubt. Jedes der Uhrwerke durchl\u00e4uft den COSC-Zertifizierungsprozess, einen akribischen 15-Tage-Test, um au\u00dfergew\u00f6hnliche mechanische Genauigkeit und Pr\u00e4zision zu gew\u00e4hrleisten.<\/p>\n<p class=\"p1\">Die einseitig drehbare L\u00fcnette der REEF ist eine der Schl\u00fcsselfunktionen der Uhr. Als eines der exponiertesten Teile ist die L\u00fcnette aus einer extrem harten und kratzfesten Zirkoniumoxidkeramik gefertigt. Die Markierungen und Zahlen werden durch Femto-Laserpulsationen eingraviert. Jede L\u00fcnette ben\u00f6tigt 60 Minuten Pr\u00e4zisionsgravur, um die dreidimensionale Wirkung zu erzielen. Die gefr\u00e4sten zahnrad\u00e4hnlichen Einkerbungen am Rand der L\u00fcnette bieten dem Taucher den idealen Griff, um Tauchzeit und Dekompressionsstopps sicher einzustellen und zu \u00fcberwachen. Der 60-Klick-Mechanismus ist reaktionsschnell und leichtg\u00e4ngig und bietet dennoch eine feste und pr\u00e4zise Funktion der L\u00fcnette.<\/p>\n<p class=\"p1\">Das mit einem Sonnenschliff veredelte Zifferblatt wird in der hauseigenen Zifferblattmanufaktur im Schweizer Jura-Gebiet hergestellt. Der Farbverlauf f\u00fcr die verschiedenen Bl\u00e4tter wird von Hand gespritzt. Die Stundenmarkierungen der REEF im Rehaut-Stil sind ebenfalls von Hand appliziert und dreieckig geformt und weisen auf die breiten Stunden- und Minutenzeiger hin, die die gleiche detaillierte abgeschr\u00e4gte Hochglanzpolitur und geb\u00fcrstete Oberfl\u00e4che aufweisen. Zeiger und Stundenindexe sowie eine Kapsel auf der Nullmarke der L\u00fcnette sind tief mit Swiss Super-LumiNova\u00ae BGW9 gef\u00fcllt, das bei Dunkelheit einen lang anhaltenden blauen Schimmer abgibt. Die Zeit mit absoluter Sicherheit ablesen zu k\u00f6nnen, ist eine \u00dcberlebensfrage beim Tauchen.<\/p>\n<p class=\"p1\">Der REEF Automatik Chronometer 300M kann mit jeweils 4 Zifferblatt- und L\u00fcnettenoptionen sowie einem Edelstahl- und einem Kautschukarmband konfiguriert werden. Sowohl das Stahlarmband als auch das Kautschukband verf\u00fcgen \u00fcber eine Schlie\u00dfe mit einem patentierten Feinregulierungssystem sowie \u00fcber ein v\u00f6llig neu entwickeltes und patentiertes Schnellwechsel-System, das den werkzeuglosen Armbandwechsel erm\u00f6glicht.<\/p>\n<p><em><strong>NEUES werkzeugfreies L\u00fcnetten-Wechselsystem:<\/strong> Alle REEF Uhren sind neu mit einem einzigartigen Montagesystem f\u00fcr die L\u00fcnette ausgestattet. Dieses erm\u00f6glicht die L\u00fcnette von Hand aus dem Geh\u00e4use zu ziehen und durch eine andere Farbe zu ersetzen.<\/em><\/p>\n<p>Mehr Informationen in unserem Blogpost: <a href=\"https:\/\/watchbandit.de\/formex-uhren-cosc-zertifizierter-high-tech-fuers-handgelenk\/\" target=\"_blank\" rel=\"noopener noreferrer\"><em><strong>Formex Uhren: COSC-zertifizierter High-tech f\u00fcrs Handgelenk<\/strong><\/em><\/a><\/p>\n<p><strong>Werk:<\/strong> Automatik Swiss Sellita SW300-1, h\u00f6chste Qualit\u00e4tsstufe <em>(COSC Chronometer zertifiziert)<\/em> mit Datum. Komplett dekoriert. Skelettierte Schwungmasse. 42 Stunden Gangreserve.<br \/>\n<strong>Geh\u00e4use:<\/strong> Edelstahl 316L, Durchmesser 43 mm, H\u00f6he 11.4 mm<br \/>\n<strong>Wasserresistenz:<\/strong> 30 ATM \/ 300 Meter \/ 1000 feet<br \/>\n<strong>Armband:<\/strong> 316L Edelstahlarmband<\/p>\n","protected":false},"featured_media":290529,"comment_status":"open","ping_status":"closed","template":"","meta":[],"product_cat":[3217,37],"product_tag":[],"yoast_head":"<!-- This site is optimized with the Yoast SEO plugin v21.9 - https:\/\/yoast.com\/wordpress\/plugins\/seo\/ -->\n<title>Formex - Reef - Automatic Chronometer COSC 300m - Wei\u00dfes Zifferblatt\/Gr\u00fcne L\u00fcnette - WATCHBANDIT<\/title>\n<meta name=\"description\" content=\"Formex Uhren bei WatchBandit kaufen \u2705 Autorisierter H\u00e4ndler \u2705 Swiss made \ud83c\udde8\ud83c\udded COSC Chronometer \ud83c\udde8\ud83c\udded kostenlose Lieferung \u2705 Trusted Shops zertifiziert \u2705\" \/>\n<meta name=\"robots\" content=\"noindex, follow, max-snippet:-1, max-image-preview:large, max-video-preview:-1\" \/>\n<meta property=\"og:locale\" content=\"de_DE\" \/>\n<meta property=\"og:type\" content=\"article\" \/>\n<meta property=\"og:title\" content=\"Formex - Reef - Automatic Chronometer COSC 300m - Wei\u00dfes Zifferblatt\/Gr\u00fcne L\u00fcnette - WATCHBANDIT\" \/>\n<meta property=\"og:description\" content=\"Formex Uhren bei WatchBandit kaufen \u2705 Autorisierter H\u00e4ndler \u2705 Swiss made \ud83c\udde8\ud83c\udded COSC Chronometer \ud83c\udde8\ud83c\udded kostenlose Lieferung \u2705 Trusted Shops zertifiziert \u2705\" \/>\n<meta property=\"og:url\" content=\"https:\/\/watch-bandit.com\/de\/produkt\/formex-reef-automatic-chronometer-cosc-300m-weisses-zifferblatt-gruene-luenette\/\" \/>\n<meta property=\"og:site_name\" content=\"WATCHBANDIT\" \/>\n<meta property=\"article:modified_time\" content=\"2022-07-05T15:50:58+00:00\" \/>\n<meta property=\"og:image\" content=\"https:\/\/watch-bandit.com\/wp-content\/uploads\/2021\/11\/Formex-Reef-Automatic-Chronometer-COSC-300m_White-Dial-Green-Bezel-min.jpg\" \/>\n\t<meta property=\"og:image:width\" content=\"1400\" \/>\n\t<meta property=\"og:image:height\" content=\"1700\" \/>\n\t<meta property=\"og:image:type\" content=\"image\/jpeg\" \/>\n<meta name=\"twitter:label1\" content=\"Gesch\u00e4tzte Lesezeit\" \/>\n\t<meta name=\"twitter:data1\" content=\"3 Minuten\" \/>\n<script type=\"application\/ld+json\" class=\"yoast-schema-graph\">{\"@context\":\"https:\/\/schema.org\",\"@graph\":[{\"@type\":\"WebPage\",\"@id\":\"https:\/\/watch-bandit.com\/de\/produkt\/formex-reef-automatic-chronometer-cosc-300m-weisses-zifferblatt-gruene-luenette\/\",\"url\":\"https:\/\/watch-bandit.com\/de\/produkt\/formex-reef-automatic-chronometer-cosc-300m-weisses-zifferblatt-gruene-luenette\/\",\"name\":\"Formex - Reef - Automatic Chronometer COSC 300m - Wei\u00dfes Zifferblatt\/Gr\u00fcne L\u00fcnette - WATCHBANDIT\",\"isPartOf\":{\"@id\":\"https:\/\/watch-bandit.com\/#website\"},\"datePublished\":\"2021-11-01T13:29:21+00:00\",\"dateModified\":\"2022-07-05T15:50:58+00:00\",\"description\":\"Formex Uhren bei WatchBandit kaufen \u2705 Autorisierter H\u00e4ndler \u2705 Swiss made \ud83c\udde8\ud83c\udded COSC Chronometer \ud83c\udde8\ud83c\udded kostenlose Lieferung \u2705 Trusted Shops zertifiziert \u2705\",\"breadcrumb\":{\"@id\":\"https:\/\/watch-bandit.com\/de\/produkt\/formex-reef-automatic-chronometer-cosc-300m-weisses-zifferblatt-gruene-luenette\/#breadcrumb\"},\"inLanguage\":\"de-DE\",\"potentialAction\":[{\"@type\":\"ReadAction\",\"target\":[\"https:\/\/watch-bandit.com\/de\/produkt\/formex-reef-automatic-chronometer-cosc-300m-weisses-zifferblatt-gruene-luenette\/\"]}]},{\"@type\":\"BreadcrumbList\",\"@id\":\"https:\/\/watch-bandit.com\/de\/produkt\/formex-reef-automatic-chronometer-cosc-300m-weisses-zifferblatt-gruene-luenette\/#breadcrumb\",\"itemListElement\":[{\"@type\":\"ListItem\",\"position\":1,\"name\":\"Home\",\"item\":\"https:\/\/watchbandit.de\/\"},{\"@type\":\"ListItem\",\"position\":2,\"name\":\"Shop\",\"item\":\"https:\/\/watchbandit.de\/shop\/\"},{\"@type\":\"ListItem\",\"position\":3,\"name\":\"Watches\",\"item\":\"https:\/\/watch-bandit.com\/products\/watches\/\"},{\"@type\":\"ListItem\",\"position\":4,\"name\":\"Formex\",\"item\":\"https:\/\/watch-bandit.com\/products\/watches\/formex\/\"},{\"@type\":\"ListItem\",\"position\":5,\"name\":\"Formex &#8211; Reef &#8211; Automatic Chronometer COSC 300m &#8211; Wei\u00dfes Zifferblatt\/Gr\u00fcne L\u00fcnette\"}]},{\"@type\":\"WebSite\",\"@id\":\"https:\/\/watch-bandit.com\/#website\",\"url\":\"https:\/\/watch-bandit.com\/\",\"name\":\"WATCHBANDIT\",\"description\":\"Contemporary Wrist Accessories\",\"publisher\":{\"@id\":\"https:\/\/watch-bandit.com\/#organization\"},\"potentialAction\":[{\"@type\":\"SearchAction\",\"target\":{\"@type\":\"EntryPoint\",\"urlTemplate\":\"https:\/\/watch-bandit.com\/?s={search_term_string}\"},\"query-input\":\"required name=search_term_string\"}],\"inLanguage\":\"de-DE\"},{\"@type\":\"Organization\",\"@id\":\"https:\/\/watch-bandit.com\/#organization\",\"name\":\"WatchBandit\",\"url\":\"https:\/\/watch-bandit.com\/\",\"logo\":{\"@type\":\"ImageObject\",\"inLanguage\":\"de-DE\",\"@id\":\"https:\/\/watch-bandit.com\/#\/schema\/logo\/image\/\",\"url\":\"https:\/\/watchbandit.de\/wp-content\/uploads\/2017\/11\/WB_Logo_557x124.png\",\"contentUrl\":\"https:\/\/watchbandit.de\/wp-content\/uploads\/2017\/11\/WB_Logo_557x124.png\",\"width\":557,\"height\":124,\"caption\":\"WatchBandit\"},\"image\":{\"@id\":\"https:\/\/watch-bandit.com\/#\/schema\/logo\/image\/\"}}]}<\/script>\n<!-- \/ Yoast SEO plugin. -->","yoast_head_json":{"title":"Formex - Reef - Automatic Chronometer COSC 300m - Wei\u00dfes Zifferblatt\/Gr\u00fcne L\u00fcnette - WATCHBANDIT","description":"Formex Uhren bei WatchBandit kaufen \u2705 Autorisierter H\u00e4ndler \u2705 Swiss made \ud83c\udde8\ud83c\udded COSC Chronometer \ud83c\udde8\ud83c\udded kostenlose Lieferung \u2705 Trusted Shops zertifiziert \u2705","robots":{"index":"noindex","follow":"follow","max-snippet":"max-snippet:-1","max-image-preview":"max-image-preview:large","max-video-preview":"max-video-preview:-1"},"og_locale":"de_DE","og_type":"article","og_title":"Formex - Reef - Automatic Chronometer COSC 300m - Wei\u00dfes Zifferblatt\/Gr\u00fcne L\u00fcnette - WATCHBANDIT","og_description":"Formex Uhren bei WatchBandit kaufen \u2705 Autorisierter H\u00e4ndler \u2705 Swiss made \ud83c\udde8\ud83c\udded COSC Chronometer \ud83c\udde8\ud83c\udded kostenlose Lieferung \u2705 Trusted Shops zertifiziert \u2705","og_url":"https:\/\/watch-bandit.com\/de\/produkt\/formex-reef-automatic-chronometer-cosc-300m-weisses-zifferblatt-gruene-luenette\/","og_site_name":"WATCHBANDIT","article_modified_time":"2022-07-05T15:50:58+00:00","og_image":[{"width":1400,"height":1700,"url":"https:\/\/watch-bandit.com\/wp-content\/uploads\/2021\/11\/Formex-Reef-Automatic-Chronometer-COSC-300m_White-Dial-Green-Bezel-min.jpg","type":"image\/jpeg"}],"twitter_misc":{"Gesch\u00e4tzte Lesezeit":"3 Minuten"},"schema":{"@context":"https:\/\/schema.org","@graph":[{"@type":"WebPage","@id":"https:\/\/watch-bandit.com\/de\/produkt\/formex-reef-automatic-chronometer-cosc-300m-weisses-zifferblatt-gruene-luenette\/","url":"https:\/\/watch-bandit.com\/de\/produkt\/formex-reef-automatic-chronometer-cosc-300m-weisses-zifferblatt-gruene-luenette\/","name":"Formex - Reef - Automatic Chronometer COSC 300m - Wei\u00dfes Zifferblatt\/Gr\u00fcne L\u00fcnette - WATCHBANDIT","isPartOf":{"@id":"https:\/\/watch-bandit.com\/#website"},"datePublished":"2021-11-01T13:29:21+00:00","dateModified":"2022-07-05T15:50:58+00:00","description":"Formex Uhren bei WatchBandit kaufen \u2705 Autorisierter H\u00e4ndler \u2705 Swiss made \ud83c\udde8\ud83c\udded COSC Chronometer \ud83c\udde8\ud83c\udded kostenlose Lieferung \u2705 Trusted Shops zertifiziert \u2705","breadcrumb":{"@id":"https:\/\/watch-bandit.com\/de\/produkt\/formex-reef-automatic-chronometer-cosc-300m-weisses-zifferblatt-gruene-luenette\/#breadcrumb"},"inLanguage":"de-DE","potentialAction":[{"@type":"ReadAction","target":["https:\/\/watch-bandit.com\/de\/produkt\/formex-reef-automatic-chronometer-cosc-300m-weisses-zifferblatt-gruene-luenette\/"]}]},{"@type":"BreadcrumbList","@id":"https:\/\/watch-bandit.com\/de\/produkt\/formex-reef-automatic-chronometer-cosc-300m-weisses-zifferblatt-gruene-luenette\/#breadcrumb","itemListElement":[{"@type":"ListItem","position":1,"name":"Home","item":"https:\/\/watchbandit.de\/"},{"@type":"ListItem","position":2,"name":"Shop","item":"https:\/\/watchbandit.de\/shop\/"},{"@type":"ListItem","position":3,"name":"Watches","item":"https:\/\/watch-bandit.com\/products\/watches\/"},{"@type":"ListItem","position":4,"name":"Formex","item":"https:\/\/watch-bandit.com\/products\/watches\/formex\/"},{"@type":"ListItem","position":5,"name":"Formex &#8211; Reef &#8211; Automatic Chronometer COSC 300m &#8211; Wei\u00dfes Zifferblatt\/Gr\u00fcne L\u00fcnette"}]},{"@type":"WebSite","@id":"https:\/\/watch-bandit.com\/#website","url":"https:\/\/watch-bandit.com\/","name":"WATCHBANDIT","description":"Contemporary Wrist Accessories","publisher":{"@id":"https:\/\/watch-bandit.com\/#organization"},"potentialAction":[{"@type":"SearchAction","target":{"@type":"EntryPoint","urlTemplate":"https:\/\/watch-bandit.com\/?s={search_term_string}"},"query-input":"required name=search_term_string"}],"inLanguage":"de-DE"},{"@type":"Organization","@id":"https:\/\/watch-bandit.com\/#organization","name":"WatchBandit","url":"https:\/\/watch-bandit.com\/","logo":{"@type":"ImageObject","inLanguage":"de-DE","@id":"https:\/\/watch-bandit.com\/#\/schema\/logo\/image\/","url":"https:\/\/watchbandit.de\/wp-content\/uploads\/2017\/11\/WB_Logo_557x124.png","contentUrl":"https:\/\/watchbandit.de\/wp-content\/uploads\/2017\/11\/WB_Logo_557x124.png","width":557,"height":124,"caption":"WatchBandit"},"image":{"@id":"https:\/\/watch-bandit.com\/#\/schema\/logo\/image\/"}}]}},"_links":{"self":[{"href":"https:\/\/watch-bandit.com\/de\/wp-json\/wp\/v2\/product\/290491"}],"collection":[{"href":"https:\/\/watch-bandit.com\/de\/wp-json\/wp\/v2\/product"}],"about":[{"href":"https:\/\/watch-bandit.com\/de\/wp-json\/wp\/v2\/types\/product"}],"replies":[{"embeddable":true,"href":"https:\/\/watch-bandit.com\/de\/wp-json\/wp\/v2\/comments?post=290491"}],"wp:featuredmedia":[{"embeddable":true,"href":"https:\/\/watch-bandit.com\/de\/wp-json\/wp\/v2\/media\/290529"}],"wp:attachment":[{"href":"https:\/\/watch-bandit.com\/de\/wp-json\/wp\/v2\/media?parent=290491"}],"wp:term":[{"taxonomy":"product_cat","embeddable":true,"href":"https:\/\/watch-bandit.com\/de\/wp-json\/wp\/v2\/product_cat?post=290491"},{"taxonomy":"product_tag","embeddable":true,"href":"https:\/\/watch-bandit.com\/de\/wp-json\/wp\/v2\/product_tag?post=290491"}],"curies":[{"name":"wp","href":"https:\/\/api.w.org\/{rel}","templated":true}]}}