{"id":295052,"date":"2022-02-11T14:27:10","date_gmt":"2022-02-11T13:27:10","guid":{"rendered":"https:\/\/watchbandit.com\/?post_type=product&#038;p=295052"},"modified":"2024-03-22T05:24:05","modified_gmt":"2024-03-22T04:24:05","slug":"formex-field-automatic-petrol-blue-41-nylon-velcro-band-blau","status":"publish","type":"product","link":"https:\/\/watch-bandit.com\/de\/produkt\/formex-field-automatic-petrol-blue-41-nylon-velcro-band-blau\/","title":{"rendered":"Formex &#8211; Field Automatic &#8211; Petrol Blue 41 &#8211; Nylon-Velcro-Band Blau"},"content":{"rendered":"<h4><img loading=\"lazy\" decoding=\"async\" class=\"aligncenter size-full wp-image-295453\" src=\"https:\/\/watchbandit.com\/wp-content\/uploads\/2022\/02\/Formex-FIELD-Automatic-Collection-1-min.jpg\" alt=\"Formex FIELD Automatic - Collection 1-min\" width=\"850\" height=\"639\" srcset=\"https:\/\/watch-bandit.com\/wp-content\/uploads\/2022\/02\/Formex-FIELD-Automatic-Collection-1-min.jpg 850w, https:\/\/watch-bandit.com\/wp-content\/uploads\/2022\/02\/Formex-FIELD-Automatic-Collection-1-min-280x210.jpg 280w, https:\/\/watch-bandit.com\/wp-content\/uploads\/2022\/02\/Formex-FIELD-Automatic-Collection-1-min-768x577.jpg 768w\" sizes=\"(max-width: 850px) 100vw, 850px\" \/><\/h4>\n<h4>FORMEX 1.0: 1999 &#8211; 2015<\/h4>\n<p>Mit dem Schwerpunkt auf Komfort, Funktionalit\u00e4t und einem einzigartigen Design gingen die Gr\u00fcnder von Formex 1998 an die Zeichenbretter. Ende 1999 war die erste FORMEX-Uhr geboren und \u00f6ffnete die T\u00fcr f\u00fcr eine neue Generation von Zeitmessern. Inspiriert von den Ingenieuren und Mechanikern von Hochleistungsrennwagen und -motorr\u00e4dern, wurde das patentierte Case Suspension System der Marke verbaut, das zu einer robusteren und komfortableren Uhr f\u00fchrte. Der Markenname ist eine Kombination aus den beiden franz\u00f6sischen W\u00f6rtern \u201eForme extr\u00e8me\u201c (extreme Form). Im darauffolgenden Jahrzehnt brachte FORMEX verschiedene Kollektionen moderner Uhren auf den Markt und wurde unter Kennern au\u00dfergew\u00f6hnlich gestalteter Sportuhren \u00e4u\u00dferst beliebt.<\/p>\n<p>&nbsp;<\/p>\n<h4>FORMEX 2.0: 2016 &#8211; Es geht weiter<\/h4>\n<p>Im Oktober 2016 hat FORMEX den Verkauf von station\u00e4ren Produkten vollst\u00e4ndig eingestellt und die Direkt- und Online-Route gew\u00e4hlt. FORMEX ist von jedem Einzelh\u00e4ndler getrennt und verkauft ausschlie\u00dflich im eigenen Shop und einigen ausgew\u00e4hlten Online-Shops. Damit ist FORMEX nicht mehr an die herk\u00f6mmlichen, \u00fcberbordenden Verkaufsmargen der Uhrenindustrie gebunden und steht nun in direktem Kontakt mit seinen Kunden in alle Phasen des Kaufs und des Besitzes einer Uhr. Diese Werte halten auch wir hoch, wodurch Formex der perfekte Partner f\u00fcr unsere Kollektion unabh\u00e4ngiger Uhrenmarken ist.<\/p>\n<p>Mehr Informationen in unserem Blogpost: <a href=\"https:\/\/watchbandit.de\/formex-uhren-cosc-zertifizierter-high-tech-fuers-handgelenk\/\" target=\"_blank\" rel=\"noopener noreferrer\"><em><strong>COSC-zertifizierter High-tech f\u00fcrs Handgelenk<\/strong><\/em><\/a><\/p>\n","protected":false},"excerpt":{"rendered":"<p>Die Formex Field ist auf Langlebigkeit ausgelegt und verwendet die robustesten verf\u00fcgbaren Materialien und eine farbenfrohe Auswahl an gut lesbaren Zifferbl\u00e4ttern. Das 41-mm-Geh\u00e4use und die Krone bestehen vollst\u00e4ndig aus Titan Grade 2. Eine spezielle H\u00e4rtungsbehandlung erh\u00f6ht die Fields-Oberfl\u00e4chenh\u00e4rte von 145 Vickers auf etwa 900 Vickers, w\u00e4hrend das geringe Gewicht, der Komfort und die hypoallergenen Eigenschaften von Titan erhalten bleiben. Die vertieften Zahlen und Indexe verleihen dem Zifferblatt eine sichtbare Tiefe, die durch den geschwungenen \u00e4u\u00dferen Kapitelabschnitt erh\u00f6ht wird. Zahlen, Markierungen und die geb\u00fcrsteten Zeiger sind von Hand mit altem Radium (100 % sicher) Super LumiNova gef\u00fcllt, das nachts ein helles Gelbgr\u00fcn ausstrahlt. Das Nylon-Klettband tr\u00e4gt nur 5 g zum Geh\u00e4usegewicht von 65 g bei und ist strapazierf\u00e4hig und bequem am Handgelenk. Die Lederriemen werden mit Formex\u2019 Carbon-Composite-Schlie\u00dfe mit patentierter 7-mm-Feineinstellung geliefert. Mit einer Wasserdichtigkeit von 150 Metern ist die Formex Field Automatic die perfekte Uhr f\u00fcr jede Mission.<\/p>\n<p><strong>Uhrwerk:<\/strong> Swiss Made Sellita SW200-1 Automatik, 26 Steine, Datumsanzeige, 41 Stunden Gangreserve<br \/>\n<strong>Geh\u00e4use:<\/strong> Titan (Grad 2), 41 mm Durchmesser, 10,60 mm H\u00f6he41 mm Durchmesser, 10,60 mm H\u00f6he<br \/>\n<strong>Wasserdichtigkeit:<\/strong> 15 ATM \/ 150 Meter<br \/>\n<strong>Armband:<\/strong> Italienisches Kalbslederarmband mit Schnellverschluss-Federstegen, Deployant-Faltschlie\u00dfe aus Carbon-Verbundwerkstoff mit patentiertem Micro-Adjustment-System <em>(weitere B\u00e4nder zur Auswahl, siehe Galerie)<\/em><\/p>\n","protected":false},"featured_media":295435,"comment_status":"open","ping_status":"closed","template":"","meta":[],"product_cat":[3217,37],"product_tag":[],"yoast_head":"<!-- This site is optimized with the Yoast SEO plugin v21.9 - https:\/\/yoast.com\/wordpress\/plugins\/seo\/ -->\n<title>Formex - Field Automatic - Petrol Blue 41 - Nylon-Velcro-Band Blau - WATCHBANDIT<\/title>\n<meta name=\"description\" content=\"Formex Field 41 bei WatchBandit kaufen\ud83c\udde8\ud83c\udded Autorisierter H\u00e4ndler\ud83c\udde8\ud83c\udded Swiss made COSC\ud83c\udde8\ud83c\udded kostenlose &amp; schnelle Lieferung\ud83c\udde8\ud83c\udded TrustedShops\ud83c\udde8\ud83c\udded\" \/>\n<meta name=\"robots\" content=\"noindex, follow, max-snippet:-1, max-image-preview:large, max-video-preview:-1\" \/>\n<meta property=\"og:locale\" content=\"de_DE\" \/>\n<meta property=\"og:type\" content=\"article\" \/>\n<meta property=\"og:title\" content=\"Formex - Field Automatic - Petrol Blue 41 - Nylon-Velcro-Band Blau - WATCHBANDIT\" \/>\n<meta property=\"og:description\" content=\"Formex Field 41 bei WatchBandit kaufen\ud83c\udde8\ud83c\udded Autorisierter H\u00e4ndler\ud83c\udde8\ud83c\udded Swiss made COSC\ud83c\udde8\ud83c\udded kostenlose &amp; schnelle Lieferung\ud83c\udde8\ud83c\udded TrustedShops\ud83c\udde8\ud83c\udded\" \/>\n<meta property=\"og:url\" content=\"https:\/\/watch-bandit.com\/de\/produkt\/formex-field-automatic-petrol-blue-41-nylon-velcro-band-blau\/\" \/>\n<meta property=\"og:site_name\" content=\"WATCHBANDIT\" \/>\n<meta property=\"article:modified_time\" content=\"2024-03-22T04:24:05+00:00\" \/>\n<meta property=\"og:image\" content=\"https:\/\/watch-bandit.com\/wp-content\/uploads\/2022\/02\/Formex-Field-Automatic-Petrol-Blue-41-Nylon-Velcro-Blue-Strap-min.jpg\" \/>\n\t<meta property=\"og:image:width\" content=\"1400\" \/>\n\t<meta property=\"og:image:height\" content=\"1700\" \/>\n\t<meta property=\"og:image:type\" content=\"image\/jpeg\" \/>\n<meta name=\"twitter:label1\" content=\"Gesch\u00e4tzte Lesezeit\" \/>\n\t<meta name=\"twitter:data1\" content=\"2 Minuten\" \/>\n<script type=\"application\/ld+json\" class=\"yoast-schema-graph\">{\"@context\":\"https:\/\/schema.org\",\"@graph\":[{\"@type\":\"WebPage\",\"@id\":\"https:\/\/watch-bandit.com\/de\/produkt\/formex-field-automatic-petrol-blue-41-nylon-velcro-band-blau\/\",\"url\":\"https:\/\/watch-bandit.com\/de\/produkt\/formex-field-automatic-petrol-blue-41-nylon-velcro-band-blau\/\",\"name\":\"Formex - Field Automatic - Petrol Blue 41 - Nylon-Velcro-Band Blau - WATCHBANDIT\",\"isPartOf\":{\"@id\":\"https:\/\/watch-bandit.com\/#website\"},\"datePublished\":\"2022-02-11T13:27:10+00:00\",\"dateModified\":\"2024-03-22T04:24:05+00:00\",\"description\":\"Formex Field 41 bei WatchBandit kaufen\ud83c\udde8\ud83c\udded Autorisierter H\u00e4ndler\ud83c\udde8\ud83c\udded Swiss made COSC\ud83c\udde8\ud83c\udded kostenlose & schnelle Lieferung\ud83c\udde8\ud83c\udded TrustedShops\ud83c\udde8\ud83c\udded\",\"breadcrumb\":{\"@id\":\"https:\/\/watch-bandit.com\/de\/produkt\/formex-field-automatic-petrol-blue-41-nylon-velcro-band-blau\/#breadcrumb\"},\"inLanguage\":\"de-DE\",\"potentialAction\":[{\"@type\":\"ReadAction\",\"target\":[\"https:\/\/watch-bandit.com\/de\/produkt\/formex-field-automatic-petrol-blue-41-nylon-velcro-band-blau\/\"]}]},{\"@type\":\"BreadcrumbList\",\"@id\":\"https:\/\/watch-bandit.com\/de\/produkt\/formex-field-automatic-petrol-blue-41-nylon-velcro-band-blau\/#breadcrumb\",\"itemListElement\":[{\"@type\":\"ListItem\",\"position\":1,\"name\":\"Home\",\"item\":\"https:\/\/watchbandit.de\/\"},{\"@type\":\"ListItem\",\"position\":2,\"name\":\"Shop\",\"item\":\"https:\/\/watchbandit.de\/shop\/\"},{\"@type\":\"ListItem\",\"position\":3,\"name\":\"Watches\",\"item\":\"https:\/\/watch-bandit.com\/products\/watches\/\"},{\"@type\":\"ListItem\",\"position\":4,\"name\":\"Formex\",\"item\":\"https:\/\/watch-bandit.com\/products\/watches\/formex\/\"},{\"@type\":\"ListItem\",\"position\":5,\"name\":\"Formex &#8211; Field Automatic &#8211; Petrol Blue 41 &#8211; Nylon-Velcro-Band Blau\"}]},{\"@type\":\"WebSite\",\"@id\":\"https:\/\/watch-bandit.com\/#website\",\"url\":\"https:\/\/watch-bandit.com\/\",\"name\":\"WATCHBANDIT\",\"description\":\"Contemporary Wrist Accessories\",\"publisher\":{\"@id\":\"https:\/\/watch-bandit.com\/#organization\"},\"potentialAction\":[{\"@type\":\"SearchAction\",\"target\":{\"@type\":\"EntryPoint\",\"urlTemplate\":\"https:\/\/watch-bandit.com\/?s={search_term_string}\"},\"query-input\":\"required name=search_term_string\"}],\"inLanguage\":\"de-DE\"},{\"@type\":\"Organization\",\"@id\":\"https:\/\/watch-bandit.com\/#organization\",\"name\":\"WatchBandit\",\"url\":\"https:\/\/watch-bandit.com\/\",\"logo\":{\"@type\":\"ImageObject\",\"inLanguage\":\"de-DE\",\"@id\":\"https:\/\/watch-bandit.com\/#\/schema\/logo\/image\/\",\"url\":\"https:\/\/watchbandit.de\/wp-content\/uploads\/2017\/11\/WB_Logo_557x124.png\",\"contentUrl\":\"https:\/\/watchbandit.de\/wp-content\/uploads\/2017\/11\/WB_Logo_557x124.png\",\"width\":557,\"height\":124,\"caption\":\"WatchBandit\"},\"image\":{\"@id\":\"https:\/\/watch-bandit.com\/#\/schema\/logo\/image\/\"}}]}<\/script>\n<!-- \/ Yoast SEO plugin. -->","yoast_head_json":{"title":"Formex - Field Automatic - Petrol Blue 41 - Nylon-Velcro-Band Blau - WATCHBANDIT","description":"Formex Field 41 bei WatchBandit kaufen\ud83c\udde8\ud83c\udded Autorisierter H\u00e4ndler\ud83c\udde8\ud83c\udded Swiss made COSC\ud83c\udde8\ud83c\udded kostenlose & schnelle Lieferung\ud83c\udde8\ud83c\udded TrustedShops\ud83c\udde8\ud83c\udded","robots":{"index":"noindex","follow":"follow","max-snippet":"max-snippet:-1","max-image-preview":"max-image-preview:large","max-video-preview":"max-video-preview:-1"},"og_locale":"de_DE","og_type":"article","og_title":"Formex - Field Automatic - Petrol Blue 41 - Nylon-Velcro-Band Blau - WATCHBANDIT","og_description":"Formex Field 41 bei WatchBandit kaufen\ud83c\udde8\ud83c\udded Autorisierter H\u00e4ndler\ud83c\udde8\ud83c\udded Swiss made COSC\ud83c\udde8\ud83c\udded kostenlose & schnelle Lieferung\ud83c\udde8\ud83c\udded TrustedShops\ud83c\udde8\ud83c\udded","og_url":"https:\/\/watch-bandit.com\/de\/produkt\/formex-field-automatic-petrol-blue-41-nylon-velcro-band-blau\/","og_site_name":"WATCHBANDIT","article_modified_time":"2024-03-22T04:24:05+00:00","og_image":[{"width":1400,"height":1700,"url":"https:\/\/watch-bandit.com\/wp-content\/uploads\/2022\/02\/Formex-Field-Automatic-Petrol-Blue-41-Nylon-Velcro-Blue-Strap-min.jpg","type":"image\/jpeg"}],"twitter_misc":{"Gesch\u00e4tzte Lesezeit":"2 Minuten"},"schema":{"@context":"https:\/\/schema.org","@graph":[{"@type":"WebPage","@id":"https:\/\/watch-bandit.com\/de\/produkt\/formex-field-automatic-petrol-blue-41-nylon-velcro-band-blau\/","url":"https:\/\/watch-bandit.com\/de\/produkt\/formex-field-automatic-petrol-blue-41-nylon-velcro-band-blau\/","name":"Formex - Field Automatic - Petrol Blue 41 - Nylon-Velcro-Band Blau - WATCHBANDIT","isPartOf":{"@id":"https:\/\/watch-bandit.com\/#website"},"datePublished":"2022-02-11T13:27:10+00:00","dateModified":"2024-03-22T04:24:05+00:00","description":"Formex Field 41 bei WatchBandit kaufen\ud83c\udde8\ud83c\udded Autorisierter H\u00e4ndler\ud83c\udde8\ud83c\udded Swiss made COSC\ud83c\udde8\ud83c\udded kostenlose & schnelle Lieferung\ud83c\udde8\ud83c\udded TrustedShops\ud83c\udde8\ud83c\udded","breadcrumb":{"@id":"https:\/\/watch-bandit.com\/de\/produkt\/formex-field-automatic-petrol-blue-41-nylon-velcro-band-blau\/#breadcrumb"},"inLanguage":"de-DE","potentialAction":[{"@type":"ReadAction","target":["https:\/\/watch-bandit.com\/de\/produkt\/formex-field-automatic-petrol-blue-41-nylon-velcro-band-blau\/"]}]},{"@type":"BreadcrumbList","@id":"https:\/\/watch-bandit.com\/de\/produkt\/formex-field-automatic-petrol-blue-41-nylon-velcro-band-blau\/#breadcrumb","itemListElement":[{"@type":"ListItem","position":1,"name":"Home","item":"https:\/\/watchbandit.de\/"},{"@type":"ListItem","position":2,"name":"Shop","item":"https:\/\/watchbandit.de\/shop\/"},{"@type":"ListItem","position":3,"name":"Watches","item":"https:\/\/watch-bandit.com\/products\/watches\/"},{"@type":"ListItem","position":4,"name":"Formex","item":"https:\/\/watch-bandit.com\/products\/watches\/formex\/"},{"@type":"ListItem","position":5,"name":"Formex &#8211; Field Automatic &#8211; Petrol Blue 41 &#8211; Nylon-Velcro-Band Blau"}]},{"@type":"WebSite","@id":"https:\/\/watch-bandit.com\/#website","url":"https:\/\/watch-bandit.com\/","name":"WATCHBANDIT","description":"Contemporary Wrist Accessories","publisher":{"@id":"https:\/\/watch-bandit.com\/#organization"},"potentialAction":[{"@type":"SearchAction","target":{"@type":"EntryPoint","urlTemplate":"https:\/\/watch-bandit.com\/?s={search_term_string}"},"query-input":"required name=search_term_string"}],"inLanguage":"de-DE"},{"@type":"Organization","@id":"https:\/\/watch-bandit.com\/#organization","name":"WatchBandit","url":"https:\/\/watch-bandit.com\/","logo":{"@type":"ImageObject","inLanguage":"de-DE","@id":"https:\/\/watch-bandit.com\/#\/schema\/logo\/image\/","url":"https:\/\/watchbandit.de\/wp-content\/uploads\/2017\/11\/WB_Logo_557x124.png","contentUrl":"https:\/\/watchbandit.de\/wp-content\/uploads\/2017\/11\/WB_Logo_557x124.png","width":557,"height":124,"caption":"WatchBandit"},"image":{"@id":"https:\/\/watch-bandit.com\/#\/schema\/logo\/image\/"}}]}},"_links":{"self":[{"href":"https:\/\/watch-bandit.com\/de\/wp-json\/wp\/v2\/product\/295052"}],"collection":[{"href":"https:\/\/watch-bandit.com\/de\/wp-json\/wp\/v2\/product"}],"about":[{"href":"https:\/\/watch-bandit.com\/de\/wp-json\/wp\/v2\/types\/product"}],"replies":[{"embeddable":true,"href":"https:\/\/watch-bandit.com\/de\/wp-json\/wp\/v2\/comments?post=295052"}],"wp:featuredmedia":[{"embeddable":true,"href":"https:\/\/watch-bandit.com\/de\/wp-json\/wp\/v2\/media\/295435"}],"wp:attachment":[{"href":"https:\/\/watch-bandit.com\/de\/wp-json\/wp\/v2\/media?parent=295052"}],"wp:term":[{"taxonomy":"product_cat","embeddable":true,"href":"https:\/\/watch-bandit.com\/de\/wp-json\/wp\/v2\/product_cat?post=295052"},{"taxonomy":"product_tag","embeddable":true,"href":"https:\/\/watch-bandit.com\/de\/wp-json\/wp\/v2\/product_tag?post=295052"}],"curies":[{"name":"wp","href":"https:\/\/api.w.org\/{rel}","templated":true}]}}