{"id":296627,"date":"2022-03-18T12:53:59","date_gmt":"2022-03-18T11:53:59","guid":{"rendered":"https:\/\/watchbandit.com\/?post_type=product&#038;p=296627"},"modified":"2026-02-04T21:39:57","modified_gmt":"2026-02-04T20:39:57","slug":"geripptes-nylon-uhrenarmband-dunkelgrau-wb-original","status":"publish","type":"product","link":"https:\/\/watch-bandit.com\/de\/produkt\/geripptes-nylon-uhrenarmband-dunkelgrau-wb-original\/","title":{"rendered":"Geripptes Nylon Uhrenarmband &#8211; Dunkelgrau | WB Original"},"content":{"rendered":"","protected":false},"excerpt":{"rendered":"<div class=\"woocommerce-product-details__short-description\">\n<div class=\"woocommerce-product-details__short-description\">\n<div class=\"woocommerce-product-details__short-description\">\n<div class=\"woocommerce-product-details__short-description\">\n<div class=\"woocommerce-product-details__short-description\">\n<div class=\"woocommerce-product-details__short-description\">\n<div class=\"woocommerce-product-details__short-description\">\n<div class=\"woocommerce-product-details__short-description\">\n<div class=\"woocommerce-product-details__short-description\">\n<div class=\"woocommerce-product-details__short-description\">\n<div class=\"woocommerce-product-details__short-description\">\n<div class=\"woocommerce-product-details__short-description\">\n<p>Wenn du auf der Suche nach dem besten Nylon Uhren Armband auf dem Markt bist, ist deine Suche nun beendet: Denn das Nylon, aus dem unserer Premium Nylon Armb\u00e4nder gefertigt werden ist fein gewoben, angenehm weich, nur 1.2 mm dick und gleichzeitig sehr strapazierf\u00e4hig. Schnalle und Dorn sind aus rostfreiem und geb\u00fcrsteten 316L Edelstahl. Heb dich ab von der Masse mit unserem Premium Nylon Uhrenarmband.<\/p>\n<p><strong>Nylon:<\/strong> Feine Sicherheitsgurt-Qualit\u00e4t, gerippte Oberfl\u00e4che, stabil und angenehm zu tragen<br \/>\n<strong>Schnalle:<\/strong> Aus geb\u00fcrsteten 316L Edelstahl mit WB Logo<br \/>\n<strong>Gr\u00f6\u00dfe:<\/strong> ca. 1,2 mm Dicke und 28 cm L\u00e4nge (ohne Schlie\u00dfe)<\/p>\n<\/div>\n<\/div>\n<\/div>\n<\/div>\n<\/div>\n<\/div>\n<\/div>\n<\/div>\n<\/div>\n<\/div>\n<\/div>\n<\/div>\n","protected":false},"featured_media":296873,"comment_status":"open","ping_status":"closed","template":"","meta":[],"product_cat":[32,2835,4388,2837,334,2976],"product_tag":[],"yoast_head":"<!-- This site is optimized with the Yoast SEO plugin v21.9 - https:\/\/yoast.com\/wordpress\/plugins\/seo\/ -->\n<title>Geripptes Nylon Uhrenarmband - Dunkelgrau | WB Original - WATCHBANDIT<\/title>\n<meta name=\"description\" content=\"Kaufe Nylon Uhrenarmb\u00e4nder in Premium-Qualit\u00e4t bei WatchBandit \u2b50 Schnelle Lieferung direkt aus Berlin \u2b50 Trusted Shops zertifiziert \u2b50 Seit 2014 \u2b50\" \/>\n<meta name=\"robots\" content=\"noindex, follow, max-snippet:-1, max-image-preview:large, max-video-preview:-1\" \/>\n<meta property=\"og:locale\" content=\"de_DE\" \/>\n<meta property=\"og:type\" content=\"article\" \/>\n<meta property=\"og:title\" content=\"Geripptes Nylon Uhrenarmband - Dunkelgrau | WB Original - WATCHBANDIT\" \/>\n<meta property=\"og:description\" content=\"Kaufe Nylon Uhrenarmb\u00e4nder in Premium-Qualit\u00e4t bei WatchBandit \u2b50 Schnelle Lieferung direkt aus Berlin \u2b50 Trusted Shops zertifiziert \u2b50 Seit 2014 \u2b50\" \/>\n<meta property=\"og:url\" content=\"https:\/\/watch-bandit.com\/de\/produkt\/geripptes-nylon-uhrenarmband-dunkelgrau-wb-original\/\" \/>\n<meta property=\"og:site_name\" content=\"WATCHBANDIT\" \/>\n<meta property=\"article:modified_time\" content=\"2026-02-04T20:39:57+00:00\" \/>\n<meta property=\"og:image\" content=\"https:\/\/watch-bandit.com\/wp-content\/uploads\/2022\/03\/Ripped-Nato-Strap-Grey-Front-min.jpg\" \/>\n\t<meta property=\"og:image:width\" content=\"1400\" \/>\n\t<meta property=\"og:image:height\" content=\"1700\" \/>\n\t<meta property=\"og:image:type\" content=\"image\/jpeg\" \/>\n<meta name=\"twitter:label1\" content=\"Gesch\u00e4tzte Lesezeit\" \/>\n\t<meta name=\"twitter:data1\" content=\"1 Minute\" \/>\n<script type=\"application\/ld+json\" class=\"yoast-schema-graph\">{\"@context\":\"https:\/\/schema.org\",\"@graph\":[{\"@type\":\"WebPage\",\"@id\":\"https:\/\/watch-bandit.com\/de\/produkt\/geripptes-nylon-uhrenarmband-dunkelgrau-wb-original\/\",\"url\":\"https:\/\/watch-bandit.com\/de\/produkt\/geripptes-nylon-uhrenarmband-dunkelgrau-wb-original\/\",\"name\":\"Geripptes Nylon Uhrenarmband - Dunkelgrau | WB Original - WATCHBANDIT\",\"isPartOf\":{\"@id\":\"https:\/\/watch-bandit.com\/#website\"},\"datePublished\":\"2022-03-18T11:53:59+00:00\",\"dateModified\":\"2026-02-04T20:39:57+00:00\",\"description\":\"Kaufe Nylon Uhrenarmb\u00e4nder in Premium-Qualit\u00e4t bei WatchBandit \u2b50 Schnelle Lieferung direkt aus Berlin \u2b50 Trusted Shops zertifiziert \u2b50 Seit 2014 \u2b50\",\"breadcrumb\":{\"@id\":\"https:\/\/watch-bandit.com\/de\/produkt\/geripptes-nylon-uhrenarmband-dunkelgrau-wb-original\/#breadcrumb\"},\"inLanguage\":\"de-DE\",\"potentialAction\":[{\"@type\":\"ReadAction\",\"target\":[\"https:\/\/watch-bandit.com\/de\/produkt\/geripptes-nylon-uhrenarmband-dunkelgrau-wb-original\/\"]}]},{\"@type\":\"BreadcrumbList\",\"@id\":\"https:\/\/watch-bandit.com\/de\/produkt\/geripptes-nylon-uhrenarmband-dunkelgrau-wb-original\/#breadcrumb\",\"itemListElement\":[{\"@type\":\"ListItem\",\"position\":1,\"name\":\"Home\",\"item\":\"https:\/\/watchbandit.de\/\"},{\"@type\":\"ListItem\",\"position\":2,\"name\":\"Shop\",\"item\":\"https:\/\/watchbandit.de\/shop\/\"},{\"@type\":\"ListItem\",\"position\":3,\"name\":\"Watch Bands\",\"item\":\"https:\/\/watch-bandit.com\/products\/watch-bands\/\"},{\"@type\":\"ListItem\",\"position\":4,\"name\":\"Nylon Armb\u00e4nder\",\"item\":\"https:\/\/watch-bandit.com\/de\/produkte\/uhrenarmbaender\/nylon-armbander\/\"},{\"@type\":\"ListItem\",\"position\":5,\"name\":\"Military Nylon Straps\",\"item\":\"https:\/\/watch-bandit.com\/products\/watch-bands\/nylon-straps\/military-nylon-straps\/\"},{\"@type\":\"ListItem\",\"position\":6,\"name\":\"Premium Ribbed Nylon Straps\",\"item\":\"https:\/\/watch-bandit.com\/products\/watch-bands\/nylon-straps\/military-nylon-straps\/premium-ribbed-nylon-strap\/\"},{\"@type\":\"ListItem\",\"position\":7,\"name\":\"Geripptes Nylon Uhrenarmband &#8211; Dunkelgrau | WB Original\"}]},{\"@type\":\"WebSite\",\"@id\":\"https:\/\/watch-bandit.com\/#website\",\"url\":\"https:\/\/watch-bandit.com\/\",\"name\":\"WATCHBANDIT\",\"description\":\"Contemporary Wrist Accessories\",\"publisher\":{\"@id\":\"https:\/\/watch-bandit.com\/#organization\"},\"potentialAction\":[{\"@type\":\"SearchAction\",\"target\":{\"@type\":\"EntryPoint\",\"urlTemplate\":\"https:\/\/watch-bandit.com\/?s={search_term_string}\"},\"query-input\":\"required name=search_term_string\"}],\"inLanguage\":\"de-DE\"},{\"@type\":\"Organization\",\"@id\":\"https:\/\/watch-bandit.com\/#organization\",\"name\":\"WatchBandit\",\"url\":\"https:\/\/watch-bandit.com\/\",\"logo\":{\"@type\":\"ImageObject\",\"inLanguage\":\"de-DE\",\"@id\":\"https:\/\/watch-bandit.com\/#\/schema\/logo\/image\/\",\"url\":\"https:\/\/watchbandit.de\/wp-content\/uploads\/2017\/11\/WB_Logo_557x124.png\",\"contentUrl\":\"https:\/\/watchbandit.de\/wp-content\/uploads\/2017\/11\/WB_Logo_557x124.png\",\"width\":557,\"height\":124,\"caption\":\"WatchBandit\"},\"image\":{\"@id\":\"https:\/\/watch-bandit.com\/#\/schema\/logo\/image\/\"}}]}<\/script>\n<!-- \/ Yoast SEO plugin. -->","yoast_head_json":{"title":"Geripptes Nylon Uhrenarmband - Dunkelgrau | WB Original - WATCHBANDIT","description":"Kaufe Nylon Uhrenarmb\u00e4nder in Premium-Qualit\u00e4t bei WatchBandit \u2b50 Schnelle Lieferung direkt aus Berlin \u2b50 Trusted Shops zertifiziert \u2b50 Seit 2014 \u2b50","robots":{"index":"noindex","follow":"follow","max-snippet":"max-snippet:-1","max-image-preview":"max-image-preview:large","max-video-preview":"max-video-preview:-1"},"og_locale":"de_DE","og_type":"article","og_title":"Geripptes Nylon Uhrenarmband - Dunkelgrau | WB Original - WATCHBANDIT","og_description":"Kaufe Nylon Uhrenarmb\u00e4nder in Premium-Qualit\u00e4t bei WatchBandit \u2b50 Schnelle Lieferung direkt aus Berlin \u2b50 Trusted Shops zertifiziert \u2b50 Seit 2014 \u2b50","og_url":"https:\/\/watch-bandit.com\/de\/produkt\/geripptes-nylon-uhrenarmband-dunkelgrau-wb-original\/","og_site_name":"WATCHBANDIT","article_modified_time":"2026-02-04T20:39:57+00:00","og_image":[{"width":1400,"height":1700,"url":"https:\/\/watch-bandit.com\/wp-content\/uploads\/2022\/03\/Ripped-Nato-Strap-Grey-Front-min.jpg","type":"image\/jpeg"}],"twitter_misc":{"Gesch\u00e4tzte Lesezeit":"1 Minute"},"schema":{"@context":"https:\/\/schema.org","@graph":[{"@type":"WebPage","@id":"https:\/\/watch-bandit.com\/de\/produkt\/geripptes-nylon-uhrenarmband-dunkelgrau-wb-original\/","url":"https:\/\/watch-bandit.com\/de\/produkt\/geripptes-nylon-uhrenarmband-dunkelgrau-wb-original\/","name":"Geripptes Nylon Uhrenarmband - Dunkelgrau | WB Original - WATCHBANDIT","isPartOf":{"@id":"https:\/\/watch-bandit.com\/#website"},"datePublished":"2022-03-18T11:53:59+00:00","dateModified":"2026-02-04T20:39:57+00:00","description":"Kaufe Nylon Uhrenarmb\u00e4nder in Premium-Qualit\u00e4t bei WatchBandit \u2b50 Schnelle Lieferung direkt aus Berlin \u2b50 Trusted Shops zertifiziert \u2b50 Seit 2014 \u2b50","breadcrumb":{"@id":"https:\/\/watch-bandit.com\/de\/produkt\/geripptes-nylon-uhrenarmband-dunkelgrau-wb-original\/#breadcrumb"},"inLanguage":"de-DE","potentialAction":[{"@type":"ReadAction","target":["https:\/\/watch-bandit.com\/de\/produkt\/geripptes-nylon-uhrenarmband-dunkelgrau-wb-original\/"]}]},{"@type":"BreadcrumbList","@id":"https:\/\/watch-bandit.com\/de\/produkt\/geripptes-nylon-uhrenarmband-dunkelgrau-wb-original\/#breadcrumb","itemListElement":[{"@type":"ListItem","position":1,"name":"Home","item":"https:\/\/watchbandit.de\/"},{"@type":"ListItem","position":2,"name":"Shop","item":"https:\/\/watchbandit.de\/shop\/"},{"@type":"ListItem","position":3,"name":"Watch Bands","item":"https:\/\/watch-bandit.com\/products\/watch-bands\/"},{"@type":"ListItem","position":4,"name":"Nylon Armb\u00e4nder","item":"https:\/\/watch-bandit.com\/de\/produkte\/uhrenarmbaender\/nylon-armbander\/"},{"@type":"ListItem","position":5,"name":"Military Nylon Straps","item":"https:\/\/watch-bandit.com\/products\/watch-bands\/nylon-straps\/military-nylon-straps\/"},{"@type":"ListItem","position":6,"name":"Premium Ribbed Nylon Straps","item":"https:\/\/watch-bandit.com\/products\/watch-bands\/nylon-straps\/military-nylon-straps\/premium-ribbed-nylon-strap\/"},{"@type":"ListItem","position":7,"name":"Geripptes Nylon Uhrenarmband &#8211; Dunkelgrau | WB Original"}]},{"@type":"WebSite","@id":"https:\/\/watch-bandit.com\/#website","url":"https:\/\/watch-bandit.com\/","name":"WATCHBANDIT","description":"Contemporary Wrist Accessories","publisher":{"@id":"https:\/\/watch-bandit.com\/#organization"},"potentialAction":[{"@type":"SearchAction","target":{"@type":"EntryPoint","urlTemplate":"https:\/\/watch-bandit.com\/?s={search_term_string}"},"query-input":"required name=search_term_string"}],"inLanguage":"de-DE"},{"@type":"Organization","@id":"https:\/\/watch-bandit.com\/#organization","name":"WatchBandit","url":"https:\/\/watch-bandit.com\/","logo":{"@type":"ImageObject","inLanguage":"de-DE","@id":"https:\/\/watch-bandit.com\/#\/schema\/logo\/image\/","url":"https:\/\/watchbandit.de\/wp-content\/uploads\/2017\/11\/WB_Logo_557x124.png","contentUrl":"https:\/\/watchbandit.de\/wp-content\/uploads\/2017\/11\/WB_Logo_557x124.png","width":557,"height":124,"caption":"WatchBandit"},"image":{"@id":"https:\/\/watch-bandit.com\/#\/schema\/logo\/image\/"}}]}},"_links":{"self":[{"href":"https:\/\/watch-bandit.com\/de\/wp-json\/wp\/v2\/product\/296627"}],"collection":[{"href":"https:\/\/watch-bandit.com\/de\/wp-json\/wp\/v2\/product"}],"about":[{"href":"https:\/\/watch-bandit.com\/de\/wp-json\/wp\/v2\/types\/product"}],"replies":[{"embeddable":true,"href":"https:\/\/watch-bandit.com\/de\/wp-json\/wp\/v2\/comments?post=296627"}],"wp:featuredmedia":[{"embeddable":true,"href":"https:\/\/watch-bandit.com\/de\/wp-json\/wp\/v2\/media\/296873"}],"wp:attachment":[{"href":"https:\/\/watch-bandit.com\/de\/wp-json\/wp\/v2\/media?parent=296627"}],"wp:term":[{"taxonomy":"product_cat","embeddable":true,"href":"https:\/\/watch-bandit.com\/de\/wp-json\/wp\/v2\/product_cat?post=296627"},{"taxonomy":"product_tag","embeddable":true,"href":"https:\/\/watch-bandit.com\/de\/wp-json\/wp\/v2\/product_tag?post=296627"}],"curies":[{"name":"wp","href":"https:\/\/api.w.org\/{rel}","templated":true}]}}