{"id":301011,"date":"2022-06-15T12:31:14","date_gmt":"2022-06-15T10:31:15","guid":{"rendered":"https:\/\/watchbandit.com\/?post_type=product&#038;p=301011"},"modified":"2025-10-11T21:37:35","modified_gmt":"2025-10-11T19:37:35","slug":"premium-segeltuch-uhrenarmband-dunkelblau-weisse-naht-wb-original","status":"publish","type":"product","link":"https:\/\/watch-bandit.com\/de\/produkt\/premium-segeltuch-uhrenarmband-dunkelblau-weisse-naht-wb-original\/","title":{"rendered":"Premium Segeltuch Uhrenarmband &#8211; Dunkelblau\/Wei\u00df | WB Original"},"content":{"rendered":"<h3>WatchBandit Original Segeltuch Uhrenarmb\u00e4nder<\/h3>\n<p>Unsere WatchBandit Original Segeltuch Uhrenarmb\u00e4nder werden aus hochwertigem und sehr haltbarem Segeltuch-Nylon und echtem Leder hergestellt. Entworfen in Berlin und zusammen mit den besten Herstellern produziert, bringen wir unsere langj\u00e4hrige Erfahrung mit, um Premium-Uhrenarmb\u00e4nder erschwinglich zu machen. Mit den neuesten Trends und h\u00f6chsten Standards produzieren wir die Uhrenarmb\u00e4nder, nach denen du immer gesucht hast. Wir sammeln auch die Erfahrungen und Vorschl\u00e4ge unserer Kunden, um unsere eigenen Uhrenarmband-Kollektionen herzustellen und stetig zu verbessern . So k\u00f6nnen wir Produkte anbieten, die es auf dem bestehenden Markt oftmals so nicht gibt und passen unsere Produkte somit stets an die Bed\u00fcrfnisse unserer modernen Uhrenliebhaber an. WatchBandit Original Canvas Uhrenarmb\u00e4nder sind die Essenz eines langj\u00e4hrigen Prozesses und werden auch mit deiner Hilfe, immer besser und besser.<\/p>\n","protected":false},"excerpt":{"rendered":"<p>Wenn du auf der Suche nach hochwertigen Segeltuch Uhrenarmb\u00e4ndern zu einem fairen Preis-Leistungs-Verh\u00e4ltnis bist, hast du sie gefunden. Unser WatchBandit Original Segeltuch Uhrenarmband ist aus aus hochwertigem und sehr haltbarem Segeltuch-Nylon und echtem Leder auf der Innenseite hergestellt. Es verf\u00fcgt \u00fcber 8 Einstell\u00f6cher f\u00fcr eine perfekte Passform und Langlebigkeit zu gew\u00e4hrleisten. Diese sind nun <strong>mit stabilen Leder verst\u00e4rkt worden, damit die L\u00f6cher nicht ausfransen<\/strong>. Die Schlie\u00dfe besteht aus geb\u00fcrsteten 316L Edelstahl und ist mit unserem WB-Logo versehen. Entworfen in Berlin und zusammen mit den besten Herstellern produziert, bringen wir unsere langj\u00e4hrige Erfahrung mit um Premium-Uhrenarmb\u00e4nder erschwinglich zu machen.<\/p>\n<p><strong>Hinweis:<\/strong> Das 20-mm-Armband verf\u00fcgt \u00fcber eingebaute Schnellverschluss-Federstege<\/p>\n<p><strong>Material:<\/strong> Segeltuch Nylon und echtem Leder auf der Innenseite mit Watchbandit-Logo und mit Leder verst\u00e4rkten L\u00f6chern<br \/>\n<strong>Schlie\u00dfe:<\/strong> Geb\u00fcrsteter 316L-Stahl mit WB-Logo<br \/>\n<strong>Gr\u00f6\u00dfe:<\/strong> Bandl\u00e4nge: 12,50 cm + 7,50 cm. <strong>Schlie\u00dfenbreite:<\/strong> 2 mm schmaler als Stegbreite<\/p>\n","protected":false},"featured_media":301479,"comment_status":"open","ping_status":"closed","template":"","meta":[],"product_cat":[2835,3814,2837,334,2976],"product_tag":[],"yoast_head":"<!-- This site is optimized with the Yoast SEO plugin v21.9 - https:\/\/yoast.com\/wordpress\/plugins\/seo\/ -->\n<title>Premium Segeltuch Uhrenarmband - Dunkelblau\/Wei\u00df | WB Original - WATCHBANDIT<\/title>\n<meta name=\"description\" content=\"Segeltuch Uhrenarmb\u00e4nder bei WatchBandit kaufen \u2b50 WB Originals \u2b50 Designed in Berlin \u2b50 kostenlose Lieferung ab 100\u20ac Warenwert \u2b50 Trusted Shops zertifiziert \u2b50\" \/>\n<meta name=\"robots\" content=\"noindex, follow, max-snippet:-1, max-image-preview:large, max-video-preview:-1\" \/>\n<meta property=\"og:locale\" content=\"de_DE\" \/>\n<meta property=\"og:type\" content=\"article\" \/>\n<meta property=\"og:title\" content=\"Premium Segeltuch Uhrenarmband - Dunkelblau\/Wei\u00df | WB Original - WATCHBANDIT\" \/>\n<meta property=\"og:description\" content=\"Segeltuch Uhrenarmb\u00e4nder bei WatchBandit kaufen \u2b50 WB Originals \u2b50 Designed in Berlin \u2b50 kostenlose Lieferung ab 100\u20ac Warenwert \u2b50 Trusted Shops zertifiziert \u2b50\" \/>\n<meta property=\"og:url\" content=\"https:\/\/watch-bandit.com\/de\/produkt\/premium-segeltuch-uhrenarmband-dunkelblau-weisse-naht-wb-original\/\" \/>\n<meta property=\"og:site_name\" content=\"WATCHBANDIT\" \/>\n<meta property=\"article:modified_time\" content=\"2025-10-11T19:37:35+00:00\" \/>\n<meta property=\"og:image\" content=\"https:\/\/watch-bandit.com\/wp-content\/uploads\/2022\/06\/Premium-Sailcloth-Watch-Strap-Blue-White-Stitches_front-min.jpg\" \/>\n\t<meta property=\"og:image:width\" content=\"1400\" \/>\n\t<meta property=\"og:image:height\" content=\"1700\" \/>\n\t<meta property=\"og:image:type\" content=\"image\/jpeg\" \/>\n<meta name=\"twitter:label1\" content=\"Gesch\u00e4tzte Lesezeit\" \/>\n\t<meta name=\"twitter:data1\" content=\"1 Minute\" \/>\n<script type=\"application\/ld+json\" class=\"yoast-schema-graph\">{\"@context\":\"https:\/\/schema.org\",\"@graph\":[{\"@type\":\"WebPage\",\"@id\":\"https:\/\/watch-bandit.com\/de\/produkt\/premium-segeltuch-uhrenarmband-dunkelblau-weisse-naht-wb-original\/\",\"url\":\"https:\/\/watch-bandit.com\/de\/produkt\/premium-segeltuch-uhrenarmband-dunkelblau-weisse-naht-wb-original\/\",\"name\":\"Premium Segeltuch Uhrenarmband - Dunkelblau\/Wei\u00df | WB Original - WATCHBANDIT\",\"isPartOf\":{\"@id\":\"https:\/\/watch-bandit.com\/#website\"},\"datePublished\":\"2022-06-15T10:31:15+00:00\",\"dateModified\":\"2025-10-11T19:37:35+00:00\",\"description\":\"Segeltuch Uhrenarmb\u00e4nder bei WatchBandit kaufen \u2b50 WB Originals \u2b50 Designed in Berlin \u2b50 kostenlose Lieferung ab 100\u20ac Warenwert \u2b50 Trusted Shops zertifiziert \u2b50\",\"breadcrumb\":{\"@id\":\"https:\/\/watch-bandit.com\/de\/produkt\/premium-segeltuch-uhrenarmband-dunkelblau-weisse-naht-wb-original\/#breadcrumb\"},\"inLanguage\":\"de-DE\",\"potentialAction\":[{\"@type\":\"ReadAction\",\"target\":[\"https:\/\/watch-bandit.com\/de\/produkt\/premium-segeltuch-uhrenarmband-dunkelblau-weisse-naht-wb-original\/\"]}]},{\"@type\":\"BreadcrumbList\",\"@id\":\"https:\/\/watch-bandit.com\/de\/produkt\/premium-segeltuch-uhrenarmband-dunkelblau-weisse-naht-wb-original\/#breadcrumb\",\"itemListElement\":[{\"@type\":\"ListItem\",\"position\":1,\"name\":\"Home\",\"item\":\"https:\/\/watchbandit.de\/\"},{\"@type\":\"ListItem\",\"position\":2,\"name\":\"Shop\",\"item\":\"https:\/\/watchbandit.de\/shop\/\"},{\"@type\":\"ListItem\",\"position\":3,\"name\":\"Watch Bands\",\"item\":\"https:\/\/watch-bandit.com\/products\/watch-bands\/\"},{\"@type\":\"ListItem\",\"position\":4,\"name\":\"Premium Segeltuch Uhrenarmband &#8211; Dunkelblau\/Wei\u00df | WB Original\"}]},{\"@type\":\"WebSite\",\"@id\":\"https:\/\/watch-bandit.com\/#website\",\"url\":\"https:\/\/watch-bandit.com\/\",\"name\":\"WATCHBANDIT\",\"description\":\"Contemporary Wrist Accessories\",\"publisher\":{\"@id\":\"https:\/\/watch-bandit.com\/#organization\"},\"potentialAction\":[{\"@type\":\"SearchAction\",\"target\":{\"@type\":\"EntryPoint\",\"urlTemplate\":\"https:\/\/watch-bandit.com\/?s={search_term_string}\"},\"query-input\":\"required name=search_term_string\"}],\"inLanguage\":\"de-DE\"},{\"@type\":\"Organization\",\"@id\":\"https:\/\/watch-bandit.com\/#organization\",\"name\":\"WatchBandit\",\"url\":\"https:\/\/watch-bandit.com\/\",\"logo\":{\"@type\":\"ImageObject\",\"inLanguage\":\"de-DE\",\"@id\":\"https:\/\/watch-bandit.com\/#\/schema\/logo\/image\/\",\"url\":\"https:\/\/watchbandit.de\/wp-content\/uploads\/2017\/11\/WB_Logo_557x124.png\",\"contentUrl\":\"https:\/\/watchbandit.de\/wp-content\/uploads\/2017\/11\/WB_Logo_557x124.png\",\"width\":557,\"height\":124,\"caption\":\"WatchBandit\"},\"image\":{\"@id\":\"https:\/\/watch-bandit.com\/#\/schema\/logo\/image\/\"}}]}<\/script>\n<!-- \/ Yoast SEO plugin. -->","yoast_head_json":{"title":"Premium Segeltuch Uhrenarmband - Dunkelblau\/Wei\u00df | WB Original - WATCHBANDIT","description":"Segeltuch Uhrenarmb\u00e4nder bei WatchBandit kaufen \u2b50 WB Originals \u2b50 Designed in Berlin \u2b50 kostenlose Lieferung ab 100\u20ac Warenwert \u2b50 Trusted Shops zertifiziert \u2b50","robots":{"index":"noindex","follow":"follow","max-snippet":"max-snippet:-1","max-image-preview":"max-image-preview:large","max-video-preview":"max-video-preview:-1"},"og_locale":"de_DE","og_type":"article","og_title":"Premium Segeltuch Uhrenarmband - Dunkelblau\/Wei\u00df | WB Original - WATCHBANDIT","og_description":"Segeltuch Uhrenarmb\u00e4nder bei WatchBandit kaufen \u2b50 WB Originals \u2b50 Designed in Berlin \u2b50 kostenlose Lieferung ab 100\u20ac Warenwert \u2b50 Trusted Shops zertifiziert \u2b50","og_url":"https:\/\/watch-bandit.com\/de\/produkt\/premium-segeltuch-uhrenarmband-dunkelblau-weisse-naht-wb-original\/","og_site_name":"WATCHBANDIT","article_modified_time":"2025-10-11T19:37:35+00:00","og_image":[{"width":1400,"height":1700,"url":"https:\/\/watch-bandit.com\/wp-content\/uploads\/2022\/06\/Premium-Sailcloth-Watch-Strap-Blue-White-Stitches_front-min.jpg","type":"image\/jpeg"}],"twitter_misc":{"Gesch\u00e4tzte Lesezeit":"1 Minute"},"schema":{"@context":"https:\/\/schema.org","@graph":[{"@type":"WebPage","@id":"https:\/\/watch-bandit.com\/de\/produkt\/premium-segeltuch-uhrenarmband-dunkelblau-weisse-naht-wb-original\/","url":"https:\/\/watch-bandit.com\/de\/produkt\/premium-segeltuch-uhrenarmband-dunkelblau-weisse-naht-wb-original\/","name":"Premium Segeltuch Uhrenarmband - Dunkelblau\/Wei\u00df | WB Original - WATCHBANDIT","isPartOf":{"@id":"https:\/\/watch-bandit.com\/#website"},"datePublished":"2022-06-15T10:31:15+00:00","dateModified":"2025-10-11T19:37:35+00:00","description":"Segeltuch Uhrenarmb\u00e4nder bei WatchBandit kaufen \u2b50 WB Originals \u2b50 Designed in Berlin \u2b50 kostenlose Lieferung ab 100\u20ac Warenwert \u2b50 Trusted Shops zertifiziert \u2b50","breadcrumb":{"@id":"https:\/\/watch-bandit.com\/de\/produkt\/premium-segeltuch-uhrenarmband-dunkelblau-weisse-naht-wb-original\/#breadcrumb"},"inLanguage":"de-DE","potentialAction":[{"@type":"ReadAction","target":["https:\/\/watch-bandit.com\/de\/produkt\/premium-segeltuch-uhrenarmband-dunkelblau-weisse-naht-wb-original\/"]}]},{"@type":"BreadcrumbList","@id":"https:\/\/watch-bandit.com\/de\/produkt\/premium-segeltuch-uhrenarmband-dunkelblau-weisse-naht-wb-original\/#breadcrumb","itemListElement":[{"@type":"ListItem","position":1,"name":"Home","item":"https:\/\/watchbandit.de\/"},{"@type":"ListItem","position":2,"name":"Shop","item":"https:\/\/watchbandit.de\/shop\/"},{"@type":"ListItem","position":3,"name":"Watch Bands","item":"https:\/\/watch-bandit.com\/products\/watch-bands\/"},{"@type":"ListItem","position":4,"name":"Premium Segeltuch Uhrenarmband &#8211; Dunkelblau\/Wei\u00df | WB Original"}]},{"@type":"WebSite","@id":"https:\/\/watch-bandit.com\/#website","url":"https:\/\/watch-bandit.com\/","name":"WATCHBANDIT","description":"Contemporary Wrist Accessories","publisher":{"@id":"https:\/\/watch-bandit.com\/#organization"},"potentialAction":[{"@type":"SearchAction","target":{"@type":"EntryPoint","urlTemplate":"https:\/\/watch-bandit.com\/?s={search_term_string}"},"query-input":"required name=search_term_string"}],"inLanguage":"de-DE"},{"@type":"Organization","@id":"https:\/\/watch-bandit.com\/#organization","name":"WatchBandit","url":"https:\/\/watch-bandit.com\/","logo":{"@type":"ImageObject","inLanguage":"de-DE","@id":"https:\/\/watch-bandit.com\/#\/schema\/logo\/image\/","url":"https:\/\/watchbandit.de\/wp-content\/uploads\/2017\/11\/WB_Logo_557x124.png","contentUrl":"https:\/\/watchbandit.de\/wp-content\/uploads\/2017\/11\/WB_Logo_557x124.png","width":557,"height":124,"caption":"WatchBandit"},"image":{"@id":"https:\/\/watch-bandit.com\/#\/schema\/logo\/image\/"}}]}},"_links":{"self":[{"href":"https:\/\/watch-bandit.com\/de\/wp-json\/wp\/v2\/product\/301011"}],"collection":[{"href":"https:\/\/watch-bandit.com\/de\/wp-json\/wp\/v2\/product"}],"about":[{"href":"https:\/\/watch-bandit.com\/de\/wp-json\/wp\/v2\/types\/product"}],"replies":[{"embeddable":true,"href":"https:\/\/watch-bandit.com\/de\/wp-json\/wp\/v2\/comments?post=301011"}],"wp:featuredmedia":[{"embeddable":true,"href":"https:\/\/watch-bandit.com\/de\/wp-json\/wp\/v2\/media\/301479"}],"wp:attachment":[{"href":"https:\/\/watch-bandit.com\/de\/wp-json\/wp\/v2\/media?parent=301011"}],"wp:term":[{"taxonomy":"product_cat","embeddable":true,"href":"https:\/\/watch-bandit.com\/de\/wp-json\/wp\/v2\/product_cat?post=301011"},{"taxonomy":"product_tag","embeddable":true,"href":"https:\/\/watch-bandit.com\/de\/wp-json\/wp\/v2\/product_tag?post=301011"}],"curies":[{"name":"wp","href":"https:\/\/api.w.org\/{rel}","templated":true}]}}