{"id":303754,"date":"2022-08-17T13:07:07","date_gmt":"2022-08-17T11:07:09","guid":{"rendered":"https:\/\/watchbandit.com\/?post_type=product&#038;p=303754"},"modified":"2025-12-19T20:52:30","modified_gmt":"2025-12-19T19:52:30","slug":"herringbone-nylon-uhrenarmband-burgundrot-wb-original","status":"publish","type":"product","link":"https:\/\/watch-bandit.com\/de\/produkt\/herringbone-nylon-uhrenarmband-burgundrot-wb-original\/","title":{"rendered":"Herringbone Nylon Uhrenarmband &#8211; Burgundrot | WB Original"},"content":{"rendered":"<div class=\"woocommerce-product-details__short-description\">\n<div class=\"woocommerce-product-details__short-description\">\n<div class=\"woocommerce-product-details__short-description\">\n<div class=\"woocommerce-product-details__short-description\">\n<div class=\"woocommerce-product-details__short-description\">\n<div class=\"woocommerce-product-details__short-description\">\n<div class=\"woocommerce-product-details__short-description\">\n<div class=\"woocommerce-product-details__short-description\">\n<div class=\"woocommerce-product-details__short-description\">\n<div class=\"woocommerce-product-details__short-description\">\n<div class=\"woocommerce-product-details__short-description\">\n<div class=\"woocommerce-product-details__short-description\">\n<h3>WatchBandit Original Premium Herringbone Nylon-Armb\u00e4nder<\/h3>\n<p>Unsere WatchBandit Original Premium Nylon-Armb\u00e4nder bestehen aus hochwertigem, flachem und strapazierf\u00e4higem Nylon mit einer Gesamtst\u00e4rke von 1,2 mm.<\/p>\n<p>Entworfen in Berlin und zusammen mit den besten Uhrenarmbandherstellern produziert, bringen wir unsere jahrelange Erfahrung ein, um hochwertige Uhrenarmb\u00e4nder erschwinglich zu machen. Unter Ber\u00fccksichtigung der neuesten Trends und h\u00f6chsten Standards produzieren wir die B\u00e4nder, nach denen du schon immer gesucht hast. Nachdem wir eine Armbandkategorie f\u00fcr eine bestimmte Zeit verkauft haben sammeln wir die Erfahrungen, welche du und unsere anderen Kunden gemacht haben, um die Armb\u00e4nder zu verbessern und das perfekte Armband f\u00fcr dich herzustellen. Da es auf dem Markt meist nichts Vergleichbares gibt, stimmen wir die Produkte auf die Bed\u00fcrfnisse unserer modernen Uhrenliebhaber ab. Vielen Dank, dass ihr uns helft, hochwertige Uhrenarmb\u00e4nder zu entwickeln und erschwinglich zu machen!<\/p>\n<\/div>\n<\/div>\n<\/div>\n<\/div>\n<\/div>\n<\/div>\n<\/div>\n<\/div>\n<\/div>\n<\/div>\n<\/div>\n<\/div>\n","protected":false},"excerpt":{"rendered":"<div class=\"woocommerce-product-details__short-description\">\n<div class=\"woocommerce-product-details__short-description\">\n<div class=\"woocommerce-product-details__short-description\">\n<div class=\"woocommerce-product-details__short-description\">\n<div class=\"woocommerce-product-details__short-description\">\n<div class=\"woocommerce-product-details__short-description\">\n<div class=\"woocommerce-product-details__short-description\">\n<div class=\"woocommerce-product-details__short-description\">\n<div class=\"woocommerce-product-details__short-description\">\n<div class=\"woocommerce-product-details__short-description\">\n<div class=\"woocommerce-product-details__short-description\">\n<div class=\"woocommerce-product-details__short-description\">\n<div class=\"woocommerce-product-details__short-description\">\n<div class=\"woocommerce-product-details__short-description\">\n<div class=\"woocommerce-product-details__short-description\">\n<div class=\"woocommerce-product-details__short-description\">\n<div class=\"woocommerce-product-details__short-description\">\n<div class=\"woocommerce-product-details__short-description\">\n<div class=\"woocommerce-product-details__short-description\">\n<div class=\"woocommerce-product-details__short-description\">\n<div class=\"woocommerce-product-details__short-description\">\n<div class=\"woocommerce-product-details__short-description\">\n<div class=\"woocommerce-product-details__short-description\">\n<div class=\"woocommerce-product-details__short-description\">\n<p>Wenn du auf der Suche nach dem besten Nylon Uhren Armband auf dem Markt bist, ist deine Suche nun beendet: Denn das Nylon, aus dem unserer Premium Nylon Armb\u00e4nder gefertigt werden ist fein gewoben, angenehm weich, nur 1.2 mm dick und gleichzeitig sehr strapazierf\u00e4hig. Schnalle und Dorn sind aus rostfreiem und geb\u00fcrsteten 316L Edelstahl. Heb dich ab von der Masse mit unserem Premium Nylon Uhrenarmband.<\/p>\n<p><strong>Nylon:<\/strong> Feine Sicherheitsgurt-Qualit\u00e4t, gerippte (Fischgr\u00e4tmuster) Oberfl\u00e4che, stabil und angenehm zu tragen<br \/>\n<strong>Schnalle:<\/strong> Aus geb\u00fcrsteten 316L Edelstahl mit WB Logo<br \/>\n<strong>Gr\u00f6\u00dfe:<\/strong> ca. 1,2 mm Dicke und 28 cm L\u00e4nge (ohne Schlie\u00dfe)<\/p>\n<\/div>\n<\/div>\n<\/div>\n<\/div>\n<\/div>\n<\/div>\n<\/div>\n<\/div>\n<\/div>\n<\/div>\n<\/div>\n<\/div>\n<\/div>\n<\/div>\n<\/div>\n<\/div>\n<\/div>\n<\/div>\n<\/div>\n<\/div>\n<\/div>\n<\/div>\n<\/div>\n<\/div>\n","protected":false},"featured_media":303871,"comment_status":"open","ping_status":"closed","template":"","meta":[],"product_cat":[32,2835,4143,2837,334,2976],"product_tag":[],"yoast_head":"<!-- This site is optimized with the Yoast SEO plugin v21.9 - https:\/\/yoast.com\/wordpress\/plugins\/seo\/ -->\n<title>Herringbone Nylon Uhrenarmband - Burgundrot | WB Original - WATCHBANDIT<\/title>\n<meta name=\"description\" content=\"Kaufe Nylon Uhrenarmb\u00e4nder in Premium-Qualit\u00e4t bei WatchBandit \u2b50 Schnelle Lieferung direkt aus Berlin \u2b50 Trusted Shops zertifiziert \u2b50 Seit 2014 \u2b50\" \/>\n<meta name=\"robots\" content=\"noindex, follow, max-snippet:-1, max-image-preview:large, max-video-preview:-1\" \/>\n<meta property=\"og:locale\" content=\"de_DE\" \/>\n<meta property=\"og:type\" content=\"article\" \/>\n<meta property=\"og:title\" content=\"Herringbone Nylon Uhrenarmband - Burgundrot | WB Original - WATCHBANDIT\" \/>\n<meta property=\"og:description\" content=\"Kaufe Nylon Uhrenarmb\u00e4nder in Premium-Qualit\u00e4t bei WatchBandit \u2b50 Schnelle Lieferung direkt aus Berlin \u2b50 Trusted Shops zertifiziert \u2b50 Seit 2014 \u2b50\" \/>\n<meta property=\"og:url\" content=\"https:\/\/watch-bandit.com\/de\/produkt\/herringbone-nylon-uhrenarmband-burgundrot-wb-original\/\" \/>\n<meta property=\"og:site_name\" content=\"WATCHBANDIT\" \/>\n<meta property=\"article:modified_time\" content=\"2025-12-19T19:52:30+00:00\" \/>\n<meta property=\"og:image\" content=\"https:\/\/watch-bandit.com\/wp-content\/uploads\/2022\/08\/Herringbone-Nato-Strap-Burgundy-Front-min.jpg\" \/>\n\t<meta property=\"og:image:width\" content=\"1400\" \/>\n\t<meta property=\"og:image:height\" content=\"1700\" \/>\n\t<meta property=\"og:image:type\" content=\"image\/jpeg\" \/>\n<meta name=\"twitter:label1\" content=\"Gesch\u00e4tzte Lesezeit\" \/>\n\t<meta name=\"twitter:data1\" content=\"1 Minute\" \/>\n<script type=\"application\/ld+json\" class=\"yoast-schema-graph\">{\"@context\":\"https:\/\/schema.org\",\"@graph\":[{\"@type\":\"WebPage\",\"@id\":\"https:\/\/watch-bandit.com\/de\/produkt\/herringbone-nylon-uhrenarmband-burgundrot-wb-original\/\",\"url\":\"https:\/\/watch-bandit.com\/de\/produkt\/herringbone-nylon-uhrenarmband-burgundrot-wb-original\/\",\"name\":\"Herringbone Nylon Uhrenarmband - Burgundrot | WB Original - WATCHBANDIT\",\"isPartOf\":{\"@id\":\"https:\/\/watch-bandit.com\/#website\"},\"datePublished\":\"2022-08-17T11:07:09+00:00\",\"dateModified\":\"2025-12-19T19:52:30+00:00\",\"description\":\"Kaufe Nylon Uhrenarmb\u00e4nder in Premium-Qualit\u00e4t bei WatchBandit \u2b50 Schnelle Lieferung direkt aus Berlin \u2b50 Trusted Shops zertifiziert \u2b50 Seit 2014 \u2b50\",\"breadcrumb\":{\"@id\":\"https:\/\/watch-bandit.com\/de\/produkt\/herringbone-nylon-uhrenarmband-burgundrot-wb-original\/#breadcrumb\"},\"inLanguage\":\"de-DE\",\"potentialAction\":[{\"@type\":\"ReadAction\",\"target\":[\"https:\/\/watch-bandit.com\/de\/produkt\/herringbone-nylon-uhrenarmband-burgundrot-wb-original\/\"]}]},{\"@type\":\"BreadcrumbList\",\"@id\":\"https:\/\/watch-bandit.com\/de\/produkt\/herringbone-nylon-uhrenarmband-burgundrot-wb-original\/#breadcrumb\",\"itemListElement\":[{\"@type\":\"ListItem\",\"position\":1,\"name\":\"Home\",\"item\":\"https:\/\/watchbandit.de\/\"},{\"@type\":\"ListItem\",\"position\":2,\"name\":\"Shop\",\"item\":\"https:\/\/watchbandit.de\/shop\/\"},{\"@type\":\"ListItem\",\"position\":3,\"name\":\"Watch Bands\",\"item\":\"https:\/\/watch-bandit.com\/products\/watch-bands\/\"},{\"@type\":\"ListItem\",\"position\":4,\"name\":\"Nylon Armb\u00e4nder\",\"item\":\"https:\/\/watch-bandit.com\/de\/produkte\/uhrenarmbaender\/nylon-armbander\/\"},{\"@type\":\"ListItem\",\"position\":5,\"name\":\"Military Nylon Straps\",\"item\":\"https:\/\/watch-bandit.com\/products\/watch-bands\/nylon-straps\/military-nylon-straps\/\"},{\"@type\":\"ListItem\",\"position\":6,\"name\":\"Premium Herringbone Nylon Straps\",\"item\":\"https:\/\/watch-bandit.com\/products\/watch-bands\/nylon-straps\/military-nylon-straps\/premium-herringbone-nylon-straps\/\"},{\"@type\":\"ListItem\",\"position\":7,\"name\":\"Herringbone Nylon Uhrenarmband &#8211; Burgundrot | WB Original\"}]},{\"@type\":\"WebSite\",\"@id\":\"https:\/\/watch-bandit.com\/#website\",\"url\":\"https:\/\/watch-bandit.com\/\",\"name\":\"WATCHBANDIT\",\"description\":\"Contemporary Wrist Accessories\",\"publisher\":{\"@id\":\"https:\/\/watch-bandit.com\/#organization\"},\"potentialAction\":[{\"@type\":\"SearchAction\",\"target\":{\"@type\":\"EntryPoint\",\"urlTemplate\":\"https:\/\/watch-bandit.com\/?s={search_term_string}\"},\"query-input\":\"required name=search_term_string\"}],\"inLanguage\":\"de-DE\"},{\"@type\":\"Organization\",\"@id\":\"https:\/\/watch-bandit.com\/#organization\",\"name\":\"WatchBandit\",\"url\":\"https:\/\/watch-bandit.com\/\",\"logo\":{\"@type\":\"ImageObject\",\"inLanguage\":\"de-DE\",\"@id\":\"https:\/\/watch-bandit.com\/#\/schema\/logo\/image\/\",\"url\":\"https:\/\/watchbandit.de\/wp-content\/uploads\/2017\/11\/WB_Logo_557x124.png\",\"contentUrl\":\"https:\/\/watchbandit.de\/wp-content\/uploads\/2017\/11\/WB_Logo_557x124.png\",\"width\":557,\"height\":124,\"caption\":\"WatchBandit\"},\"image\":{\"@id\":\"https:\/\/watch-bandit.com\/#\/schema\/logo\/image\/\"}}]}<\/script>\n<!-- \/ Yoast SEO plugin. -->","yoast_head_json":{"title":"Herringbone Nylon Uhrenarmband - Burgundrot | WB Original - WATCHBANDIT","description":"Kaufe Nylon Uhrenarmb\u00e4nder in Premium-Qualit\u00e4t bei WatchBandit \u2b50 Schnelle Lieferung direkt aus Berlin \u2b50 Trusted Shops zertifiziert \u2b50 Seit 2014 \u2b50","robots":{"index":"noindex","follow":"follow","max-snippet":"max-snippet:-1","max-image-preview":"max-image-preview:large","max-video-preview":"max-video-preview:-1"},"og_locale":"de_DE","og_type":"article","og_title":"Herringbone Nylon Uhrenarmband - Burgundrot | WB Original - WATCHBANDIT","og_description":"Kaufe Nylon Uhrenarmb\u00e4nder in Premium-Qualit\u00e4t bei WatchBandit \u2b50 Schnelle Lieferung direkt aus Berlin \u2b50 Trusted Shops zertifiziert \u2b50 Seit 2014 \u2b50","og_url":"https:\/\/watch-bandit.com\/de\/produkt\/herringbone-nylon-uhrenarmband-burgundrot-wb-original\/","og_site_name":"WATCHBANDIT","article_modified_time":"2025-12-19T19:52:30+00:00","og_image":[{"width":1400,"height":1700,"url":"https:\/\/watch-bandit.com\/wp-content\/uploads\/2022\/08\/Herringbone-Nato-Strap-Burgundy-Front-min.jpg","type":"image\/jpeg"}],"twitter_misc":{"Gesch\u00e4tzte Lesezeit":"1 Minute"},"schema":{"@context":"https:\/\/schema.org","@graph":[{"@type":"WebPage","@id":"https:\/\/watch-bandit.com\/de\/produkt\/herringbone-nylon-uhrenarmband-burgundrot-wb-original\/","url":"https:\/\/watch-bandit.com\/de\/produkt\/herringbone-nylon-uhrenarmband-burgundrot-wb-original\/","name":"Herringbone Nylon Uhrenarmband - Burgundrot | WB Original - WATCHBANDIT","isPartOf":{"@id":"https:\/\/watch-bandit.com\/#website"},"datePublished":"2022-08-17T11:07:09+00:00","dateModified":"2025-12-19T19:52:30+00:00","description":"Kaufe Nylon Uhrenarmb\u00e4nder in Premium-Qualit\u00e4t bei WatchBandit \u2b50 Schnelle Lieferung direkt aus Berlin \u2b50 Trusted Shops zertifiziert \u2b50 Seit 2014 \u2b50","breadcrumb":{"@id":"https:\/\/watch-bandit.com\/de\/produkt\/herringbone-nylon-uhrenarmband-burgundrot-wb-original\/#breadcrumb"},"inLanguage":"de-DE","potentialAction":[{"@type":"ReadAction","target":["https:\/\/watch-bandit.com\/de\/produkt\/herringbone-nylon-uhrenarmband-burgundrot-wb-original\/"]}]},{"@type":"BreadcrumbList","@id":"https:\/\/watch-bandit.com\/de\/produkt\/herringbone-nylon-uhrenarmband-burgundrot-wb-original\/#breadcrumb","itemListElement":[{"@type":"ListItem","position":1,"name":"Home","item":"https:\/\/watchbandit.de\/"},{"@type":"ListItem","position":2,"name":"Shop","item":"https:\/\/watchbandit.de\/shop\/"},{"@type":"ListItem","position":3,"name":"Watch Bands","item":"https:\/\/watch-bandit.com\/products\/watch-bands\/"},{"@type":"ListItem","position":4,"name":"Nylon Armb\u00e4nder","item":"https:\/\/watch-bandit.com\/de\/produkte\/uhrenarmbaender\/nylon-armbander\/"},{"@type":"ListItem","position":5,"name":"Military Nylon Straps","item":"https:\/\/watch-bandit.com\/products\/watch-bands\/nylon-straps\/military-nylon-straps\/"},{"@type":"ListItem","position":6,"name":"Premium Herringbone Nylon Straps","item":"https:\/\/watch-bandit.com\/products\/watch-bands\/nylon-straps\/military-nylon-straps\/premium-herringbone-nylon-straps\/"},{"@type":"ListItem","position":7,"name":"Herringbone Nylon Uhrenarmband &#8211; Burgundrot | WB Original"}]},{"@type":"WebSite","@id":"https:\/\/watch-bandit.com\/#website","url":"https:\/\/watch-bandit.com\/","name":"WATCHBANDIT","description":"Contemporary Wrist Accessories","publisher":{"@id":"https:\/\/watch-bandit.com\/#organization"},"potentialAction":[{"@type":"SearchAction","target":{"@type":"EntryPoint","urlTemplate":"https:\/\/watch-bandit.com\/?s={search_term_string}"},"query-input":"required name=search_term_string"}],"inLanguage":"de-DE"},{"@type":"Organization","@id":"https:\/\/watch-bandit.com\/#organization","name":"WatchBandit","url":"https:\/\/watch-bandit.com\/","logo":{"@type":"ImageObject","inLanguage":"de-DE","@id":"https:\/\/watch-bandit.com\/#\/schema\/logo\/image\/","url":"https:\/\/watchbandit.de\/wp-content\/uploads\/2017\/11\/WB_Logo_557x124.png","contentUrl":"https:\/\/watchbandit.de\/wp-content\/uploads\/2017\/11\/WB_Logo_557x124.png","width":557,"height":124,"caption":"WatchBandit"},"image":{"@id":"https:\/\/watch-bandit.com\/#\/schema\/logo\/image\/"}}]}},"_links":{"self":[{"href":"https:\/\/watch-bandit.com\/de\/wp-json\/wp\/v2\/product\/303754"}],"collection":[{"href":"https:\/\/watch-bandit.com\/de\/wp-json\/wp\/v2\/product"}],"about":[{"href":"https:\/\/watch-bandit.com\/de\/wp-json\/wp\/v2\/types\/product"}],"replies":[{"embeddable":true,"href":"https:\/\/watch-bandit.com\/de\/wp-json\/wp\/v2\/comments?post=303754"}],"wp:featuredmedia":[{"embeddable":true,"href":"https:\/\/watch-bandit.com\/de\/wp-json\/wp\/v2\/media\/303871"}],"wp:attachment":[{"href":"https:\/\/watch-bandit.com\/de\/wp-json\/wp\/v2\/media?parent=303754"}],"wp:term":[{"taxonomy":"product_cat","embeddable":true,"href":"https:\/\/watch-bandit.com\/de\/wp-json\/wp\/v2\/product_cat?post=303754"},{"taxonomy":"product_tag","embeddable":true,"href":"https:\/\/watch-bandit.com\/de\/wp-json\/wp\/v2\/product_tag?post=303754"}],"curies":[{"name":"wp","href":"https:\/\/api.w.org\/{rel}","templated":true}]}}