{"id":305226,"date":"2022-09-20T13:26:52","date_gmt":"2022-09-20T11:26:52","guid":{"rendered":"https:\/\/watchbandit.com\/?post_type=product&#038;p=305226"},"modified":"2022-09-20T20:23:25","modified_gmt":"2022-09-20T18:23:25","slug":"le-jour-brooklyn-lj-br-001","status":"publish","type":"product","link":"https:\/\/watch-bandit.com\/de\/produkt\/le-jour-brooklyn-lj-br-001\/","title":{"rendered":"Le Jour &#8211; Brooklyn &#8211; LJ-BR-001"},"content":{"rendered":"<h3>Le Jour &#8211; Hommage an die Klassiker<\/h3>\n<p>Le Jour begann ihren bescheidenen Anfang in den 1960er Jahren. Sie sind bei Uhrenliebhabern und Sammlern weltweit f\u00fcr die Herstellung von mechanischen Uhren aus Schweizer Produktion bekannt. In ihren Anfangsjahren entwarfen sie Uhren f\u00fcr andere Uhrenfirmen <a href=\"https:\/\/watchbandit.de\/le-jour-hommagen-an-die-klassiker-der-1960-70er-jahre\/\" target=\"_blank\" rel=\"noopener noreferrer\">wie z.B. Tag Heuer<\/a>, wobei sie robuste Valjoux-Werke aus Schweizer Produktion verwendeten. Sie waren einige der begehrtesten Uhrenherstellern in dieser Zeit. Dies Lag auch an ihren bescheidenen Preisen und Langlebigkeit der Uhren, die zu ihrem ph\u00e4nomenalen Erfolg f\u00fchrten. Im Laufe der Jahre hat sich Le Jour so einen Namen gemacht. Wie viele andere europ\u00e4ische Uhrenhersteller, traf auch f\u00fcr Le Jour in den 1980er Jahren die Quarzkrise schwer. Mit der Verlagerung der Nachfrage von hochwertigen mechanischen Uhren, hin zu massenproduzierten und g\u00fcnstigeren Quarz-Uhren die Produktion, musste die Produktion von Uhren eingestellt werden.<\/p>\n<h3>Die neue Reise hat begonnen<\/h3>\n<p>Le Jour greift das Erbe der Marke dort auf, wo es vor 30 Jahren aufgeh\u00f6rt hat. Mit gro\u00dfer Aufmerksamkeit f\u00fcr das Erbe und die Historie dieser Marke, die Le Jour ber\u00fchmt gemacht haben, wird die Marke mit vollem Engagement wiederbelebt. Sie pflegen den Vintage-Charme, das luxuri\u00f6se Gef\u00fchl und Sicherheit, indem sie hochwertige Materialien und pr\u00e4zise, zuverl\u00e4ssige Uhrwerke verwenden. Sie zollen der traditionellen Uhrmacherkunst Tribut, indem sie die Brillanz und Exzellenz der Le Jour-Uhren von gestern, heute mit modernster Technik neu definieren. Die Vision von Le Jour ist es, Luxusuhren mit schweizer Qualit\u00e4ts-Uhrwerk zu einem fairen Preis anzubieten.<\/p>\n<p>&nbsp;<\/p>\n<h3>Die neue Le Jour Seacolt GMT-Kollektion<\/h3>\n<p>Die Seacolt GMT-Kollektion bietet eine der beliebtesten Komplikationen in der Uhrmacherkunst: Die GMT-Komplikation. Die GMT-Uhr ist mit einem vierten Zeiger (der sich nur alle 24 Stunden um das Zifferblatt dreht) und einer 24-Stunden-L\u00fcnette (die in beide Richtungen drehbar ist) ausgestattet. Mit diesen Funktionen kannst du mehrere Zeitzonen auf dieser Uhr ablesen. Du kannst den GMT-Zeiger auf deine Heimatzeit und die Uhrzeit der Uhr der Zeitzone Ihres Ziels einstellen. So bleibt die Heimatzeit stets im Blick, eine Funktion, die f\u00fcr Piloten besonders wichtig ist. Eine ggf. zweifarbige L\u00fcnette der Uhr zeigt Tag- und Nachtzeit\u00a0 an. Die verwendeten Farben gaben den GMT-Uhren ber\u00fchmte Spitznamen, wie <em>&#8220;Pepsi&#8221;<\/em> f\u00fcr die rote und blaue L\u00fcnette oder <em>&#8220;Batman&#8221;<\/em> f\u00fcr die schwarze und blaue L\u00fcnette. Eine GMT Uhr ist der perfekte Begleiter f\u00fcr Reisende, die rund um den Globus durch verschiedene Zeitzonen fliegen. Die Uhr kommt mit folgenden Besonderheiten:<\/p>\n<h4>Edelstahl 316L<\/h4>\n<p>Le Jour verwendet f\u00fcr alle Uhren Edelstahl 316L. Dies ist sowohl aus praktischen als auch aus \u00e4sthetischen Gr\u00fcnden wichtig, um maximale Korrosionsbest\u00e4ndigkeit und einen sch\u00f6nen Glanz zu gew\u00e4hrleisten. Da es eines der h\u00e4rtesten Edelstahl-Metalle auf dem Markt ist, wird es h\u00e4ufig f\u00fcr Luxusuhren verwendet, um die Eleganz auch nach extremen Umgebungsbedingungen zu bewahren. Das Edelstahlgeh\u00e4use ist teils geb\u00fcrstet und teils poliert. Das Edelstahlarmband voll geb\u00fcrstet und hat neben seinen soliden Endgliedern eine Faltschlie\u00dfe mit Druckkn\u00f6pfen, um die Gr\u00f6\u00dfe im Detail verstellen zu k\u00f6nnen. Die Materialit\u00e4t verleiht der Seacolt GMT ein sportliches und zugleich elegantes Aussehen. Sie kann perfekt mit unseren <a href=\"https:\/\/watchbandit.de\/produkte\/uhrenarmbaender\/uhrarmband-marken\/wb-original-de\/\" target=\"_blank\" rel=\"noopener noreferrer\">WB Original Uhrenarmb\u00e4ndern<\/a> kombiniert werden, was besonders in heissen Sommertagen viele Vorteile gegen\u00fcber einem Stahlarmband mit sich bringt.<\/p>\n<h4>Saphirglas<\/h4>\n<p>Mit einer Bewertung von 9 Punkten auf der Mohs-H\u00e4rteskala ist Saphirglas optimal vor unvorhersehbaren kleinen versehentlichen Kratzern gesch\u00fctzt. Es ist mit einer Anti-Reflexionsbeschichtung versehen, die jegliche Blendung oder Lichtreflexion direkt reduziert. So bleibt das Zifferblatt der Le Jour GMT Uhr viele Jahre lang unglaublich intakt und gut ablesbar.<\/p>\n<h4>SuperLuminova Leuchtfarbe<\/h4>\n<p>Nach ausreichender Aufladung durch Sonnen- oder k\u00fcnstliches Licht, leuchtet SuperLuminova im Dunkeln hellgr\u00fcn sorgt f\u00fcr einen speziellen Vintage-Charme. Die Pigmente von Super-LumiNova bieten aufgrund ihrer, im Vergleich zu herk\u00f6mmlichen Materialien, viel gr\u00f6\u00dferen Lichtspeicherkapazit\u00e4t und auch eine st\u00e4rkere Lichtintensit\u00e4t. Die lang anhaltende Lumineszenz im Dunkeln macht s<\/p>\n<h4>Swiss made Automatikuhrwerk<\/h4>\n<p>Die Seacolt GMT Diver Kollektion wird von einem pr\u00e4zisen und zuverl\u00e4ssigen Schweizer ETA 2836 Automatikuhrwerk mit GMT-Komplikation angetrieben. Mit 28.800 Halbschwingungen pro Stunde bei 4 Hz und 25 Lagersteinen ist das hochpr\u00e4zise &#8220;Arbeitstier&#8221; eines der zuverl\u00e4ssigsten Automatikwerke.<\/p>\n","protected":false},"excerpt":{"rendered":"<p>Le Jour Watches bringt ein weiteres erfrischendes Retro-Meisterwerk, die Brooklyn Collection. Die Brooklyn ist eine vielseitige Uhr mit klassischem Design und feiner Handwerkskunst, eine raffinierte Uhr, die sich leicht mit formeller sowie Wochenendkleidung kombinieren l\u00e4sst. Die Brooklyn soll eine Uhr sein, die Sie f\u00fcr den Rest Ihres Lebens t\u00e4glich tragen werden sogar an die n\u00e4chste Generation weitergeben.<\/p>\n<p>Das 40-mm-Geh\u00e4use wurde aus 316L-Edelstahl mit einer L\u00e4nge von 47 mm von Bandansto\u00df zu Bandansto\u00df und einer Gesamth\u00f6he von nur 11,50 mm gefertigt, um bequem am Handgelenk zu liegen. Das hervorragende Spiel der geb\u00fcrsteten und polierten Oberfl\u00e4chen auf dem eleganten Geh\u00e4use schmiegt sich leicht an die Handgelenke und schl\u00fcpft unter die Manschette. Hervorzuheben ist das Geh\u00e4use durch eine atemberaubende geriffelte L\u00fcnette, die jedes Mal ein subtiles, aber starkes Statement abgibt, und das gew\u00f6lbte Saphirglas h\u00e4lt Kratzer fern. Das dreigliedrige Armband im Austern-Stil ist mit gl\u00e4nzenden mittleren und geb\u00fcrsteten Seitengliedern versehen, die die geriffelte L\u00fcnette harmonisch erg\u00e4nzen und f\u00fcr perfekte Balance sorgen.<\/p>\n<p>Das Zifferblatt ist brillant mit einem faszinierenden Clous de Paris- oder Hobnail-Muster ausgef\u00fchrt, wodurch mehrere schillernde Visuals des Zifferblatts bei unterschiedlicher Beleuchtung und verschiedenen Winkeln entstehen. Das Datum ist f\u00fcr makellose Symmetrie und Ausgewogenheit bei 6 Uhr positioniert. Der Vintage-Look wird durch applizierte Indizes in Dolchform und lanzenf\u00f6rmige Zeiger verst\u00e4rkt, die gro\u00dfz\u00fcgig mit Grade C3 Super-LumiNova f\u00fcr optimale Lesbarkeit bei Dunkelheit gef\u00fcllt sind.<\/p>\n<p>Die Brooklyn-Kollektion ist in 6 verf\u00fchrerischen Farbkombinationen in Schwarz \/ Blau \/ Gr\u00fcn \/ Champagner und Ros\u00e9gold erh\u00e4ltlich. Die Uhr ist bereit f\u00fcr gelegentliche Spritzer mit einer Wasserdichtigkeit von bis zu 10 bar \/ 100 m. Die Elegant Brooklyn Watch wird von einem SELLITA SW200 Swiss Made Automatikwerk mit 26 Juwelen angetrieben, das f\u00fcr seine Genauigkeit, Zuverl\u00e4ssigkeit und Langlebigkeit bekannt ist. Brooklyn ist eine \u00fcberzeugende Uhr mit exquisitem geriffeltem L\u00fcnettendesign, hochwertigen Clous de Paris-Zifferbl\u00e4ttern und Schweizer Automatikwerk mit hervorragender Handwerkskunst, die die Uhr f\u00fcr sich selbst sprechen l\u00e4sst.<\/p>\n<p><strong>Uhrwerk:<\/strong> Swiss Made Sellita SW-200 Automatik<br \/>\n<strong>Geh\u00e4use:<\/strong> Geb\u00fcrsteter Edelstahl 316L mit 40 mm Durchmesser<br \/>\n<strong>Wasserdichtigkeit:<\/strong> 10 bar \/ 100 Meter<br \/>\n<strong>Armband:<\/strong> 316L Edelstahlarmband<\/p>\n","protected":false},"featured_media":305248,"comment_status":"open","ping_status":"closed","template":"","meta":[],"product_cat":[3236,37],"product_tag":[],"yoast_head":"<!-- This site is optimized with the Yoast SEO plugin v21.9 - https:\/\/yoast.com\/wordpress\/plugins\/seo\/ -->\n<title>Le Jour - Brooklyn - LJ-BR-001 - WATCHBANDIT<\/title>\n<meta name=\"description\" content=\"Le Jour GMT Uhren bei WatchBandit kaufen \u2713 Authorisierter H\u00e4ndler \u2713 Swiss made \u2713 Trusted Shops zertifiziert \u2713 Kostenlose weltweite Lieferung \u2713\" \/>\n<meta name=\"robots\" content=\"noindex, follow, max-snippet:-1, max-image-preview:large, max-video-preview:-1\" \/>\n<meta property=\"og:locale\" content=\"de_DE\" \/>\n<meta property=\"og:type\" content=\"article\" \/>\n<meta property=\"og:title\" content=\"Le Jour - Brooklyn - LJ-BR-001 - WATCHBANDIT\" \/>\n<meta property=\"og:description\" content=\"Le Jour GMT Uhren bei WatchBandit kaufen \u2713 Authorisierter H\u00e4ndler \u2713 Swiss made \u2713 Trusted Shops zertifiziert \u2713 Kostenlose weltweite Lieferung \u2713\" \/>\n<meta property=\"og:url\" content=\"https:\/\/watch-bandit.com\/de\/produkt\/le-jour-brooklyn-lj-br-001\/\" \/>\n<meta property=\"og:site_name\" content=\"WATCHBANDIT\" \/>\n<meta property=\"article:modified_time\" content=\"2022-09-20T18:23:25+00:00\" \/>\n<meta property=\"og:image\" content=\"https:\/\/watch-bandit.com\/wp-content\/uploads\/2022\/09\/Le-Jour-BROOKLYN-LJ-BR-001-min.jpg\" \/>\n\t<meta property=\"og:image:width\" content=\"1400\" \/>\n\t<meta property=\"og:image:height\" content=\"1700\" \/>\n\t<meta property=\"og:image:type\" content=\"image\/jpeg\" \/>\n<meta name=\"twitter:label1\" content=\"Gesch\u00e4tzte Lesezeit\" \/>\n\t<meta name=\"twitter:data1\" content=\"3 Minuten\" \/>\n<script type=\"application\/ld+json\" class=\"yoast-schema-graph\">{\"@context\":\"https:\/\/schema.org\",\"@graph\":[{\"@type\":\"WebPage\",\"@id\":\"https:\/\/watch-bandit.com\/de\/produkt\/le-jour-brooklyn-lj-br-001\/\",\"url\":\"https:\/\/watch-bandit.com\/de\/produkt\/le-jour-brooklyn-lj-br-001\/\",\"name\":\"Le Jour - Brooklyn - LJ-BR-001 - WATCHBANDIT\",\"isPartOf\":{\"@id\":\"https:\/\/watch-bandit.com\/#website\"},\"datePublished\":\"2022-09-20T11:26:52+00:00\",\"dateModified\":\"2022-09-20T18:23:25+00:00\",\"description\":\"Le Jour GMT Uhren bei WatchBandit kaufen \u2713 Authorisierter H\u00e4ndler \u2713 Swiss made \u2713 Trusted Shops zertifiziert \u2713 Kostenlose weltweite Lieferung \u2713\",\"breadcrumb\":{\"@id\":\"https:\/\/watch-bandit.com\/de\/produkt\/le-jour-brooklyn-lj-br-001\/#breadcrumb\"},\"inLanguage\":\"de-DE\",\"potentialAction\":[{\"@type\":\"ReadAction\",\"target\":[\"https:\/\/watch-bandit.com\/de\/produkt\/le-jour-brooklyn-lj-br-001\/\"]}]},{\"@type\":\"BreadcrumbList\",\"@id\":\"https:\/\/watch-bandit.com\/de\/produkt\/le-jour-brooklyn-lj-br-001\/#breadcrumb\",\"itemListElement\":[{\"@type\":\"ListItem\",\"position\":1,\"name\":\"Home\",\"item\":\"https:\/\/watchbandit.de\/\"},{\"@type\":\"ListItem\",\"position\":2,\"name\":\"Shop\",\"item\":\"https:\/\/watchbandit.de\/shop\/\"},{\"@type\":\"ListItem\",\"position\":3,\"name\":\"Watches\",\"item\":\"https:\/\/watch-bandit.com\/products\/watches\/\"},{\"@type\":\"ListItem\",\"position\":4,\"name\":\"Le Jour\",\"item\":\"https:\/\/watch-bandit.com\/de\/produkte\/uhren\/le-jour-de\/\"},{\"@type\":\"ListItem\",\"position\":5,\"name\":\"Le Jour &#8211; Brooklyn &#8211; LJ-BR-001\"}]},{\"@type\":\"WebSite\",\"@id\":\"https:\/\/watch-bandit.com\/#website\",\"url\":\"https:\/\/watch-bandit.com\/\",\"name\":\"WATCHBANDIT\",\"description\":\"Contemporary Wrist Accessories\",\"publisher\":{\"@id\":\"https:\/\/watch-bandit.com\/#organization\"},\"potentialAction\":[{\"@type\":\"SearchAction\",\"target\":{\"@type\":\"EntryPoint\",\"urlTemplate\":\"https:\/\/watch-bandit.com\/?s={search_term_string}\"},\"query-input\":\"required name=search_term_string\"}],\"inLanguage\":\"de-DE\"},{\"@type\":\"Organization\",\"@id\":\"https:\/\/watch-bandit.com\/#organization\",\"name\":\"WatchBandit\",\"url\":\"https:\/\/watch-bandit.com\/\",\"logo\":{\"@type\":\"ImageObject\",\"inLanguage\":\"de-DE\",\"@id\":\"https:\/\/watch-bandit.com\/#\/schema\/logo\/image\/\",\"url\":\"https:\/\/watchbandit.de\/wp-content\/uploads\/2017\/11\/WB_Logo_557x124.png\",\"contentUrl\":\"https:\/\/watchbandit.de\/wp-content\/uploads\/2017\/11\/WB_Logo_557x124.png\",\"width\":557,\"height\":124,\"caption\":\"WatchBandit\"},\"image\":{\"@id\":\"https:\/\/watch-bandit.com\/#\/schema\/logo\/image\/\"}}]}<\/script>\n<!-- \/ Yoast SEO plugin. -->","yoast_head_json":{"title":"Le Jour - Brooklyn - LJ-BR-001 - WATCHBANDIT","description":"Le Jour GMT Uhren bei WatchBandit kaufen \u2713 Authorisierter H\u00e4ndler \u2713 Swiss made \u2713 Trusted Shops zertifiziert \u2713 Kostenlose weltweite Lieferung \u2713","robots":{"index":"noindex","follow":"follow","max-snippet":"max-snippet:-1","max-image-preview":"max-image-preview:large","max-video-preview":"max-video-preview:-1"},"og_locale":"de_DE","og_type":"article","og_title":"Le Jour - Brooklyn - LJ-BR-001 - WATCHBANDIT","og_description":"Le Jour GMT Uhren bei WatchBandit kaufen \u2713 Authorisierter H\u00e4ndler \u2713 Swiss made \u2713 Trusted Shops zertifiziert \u2713 Kostenlose weltweite Lieferung \u2713","og_url":"https:\/\/watch-bandit.com\/de\/produkt\/le-jour-brooklyn-lj-br-001\/","og_site_name":"WATCHBANDIT","article_modified_time":"2022-09-20T18:23:25+00:00","og_image":[{"width":1400,"height":1700,"url":"https:\/\/watch-bandit.com\/wp-content\/uploads\/2022\/09\/Le-Jour-BROOKLYN-LJ-BR-001-min.jpg","type":"image\/jpeg"}],"twitter_misc":{"Gesch\u00e4tzte Lesezeit":"3 Minuten"},"schema":{"@context":"https:\/\/schema.org","@graph":[{"@type":"WebPage","@id":"https:\/\/watch-bandit.com\/de\/produkt\/le-jour-brooklyn-lj-br-001\/","url":"https:\/\/watch-bandit.com\/de\/produkt\/le-jour-brooklyn-lj-br-001\/","name":"Le Jour - Brooklyn - LJ-BR-001 - WATCHBANDIT","isPartOf":{"@id":"https:\/\/watch-bandit.com\/#website"},"datePublished":"2022-09-20T11:26:52+00:00","dateModified":"2022-09-20T18:23:25+00:00","description":"Le Jour GMT Uhren bei WatchBandit kaufen \u2713 Authorisierter H\u00e4ndler \u2713 Swiss made \u2713 Trusted Shops zertifiziert \u2713 Kostenlose weltweite Lieferung \u2713","breadcrumb":{"@id":"https:\/\/watch-bandit.com\/de\/produkt\/le-jour-brooklyn-lj-br-001\/#breadcrumb"},"inLanguage":"de-DE","potentialAction":[{"@type":"ReadAction","target":["https:\/\/watch-bandit.com\/de\/produkt\/le-jour-brooklyn-lj-br-001\/"]}]},{"@type":"BreadcrumbList","@id":"https:\/\/watch-bandit.com\/de\/produkt\/le-jour-brooklyn-lj-br-001\/#breadcrumb","itemListElement":[{"@type":"ListItem","position":1,"name":"Home","item":"https:\/\/watchbandit.de\/"},{"@type":"ListItem","position":2,"name":"Shop","item":"https:\/\/watchbandit.de\/shop\/"},{"@type":"ListItem","position":3,"name":"Watches","item":"https:\/\/watch-bandit.com\/products\/watches\/"},{"@type":"ListItem","position":4,"name":"Le Jour","item":"https:\/\/watch-bandit.com\/de\/produkte\/uhren\/le-jour-de\/"},{"@type":"ListItem","position":5,"name":"Le Jour &#8211; Brooklyn &#8211; LJ-BR-001"}]},{"@type":"WebSite","@id":"https:\/\/watch-bandit.com\/#website","url":"https:\/\/watch-bandit.com\/","name":"WATCHBANDIT","description":"Contemporary Wrist Accessories","publisher":{"@id":"https:\/\/watch-bandit.com\/#organization"},"potentialAction":[{"@type":"SearchAction","target":{"@type":"EntryPoint","urlTemplate":"https:\/\/watch-bandit.com\/?s={search_term_string}"},"query-input":"required name=search_term_string"}],"inLanguage":"de-DE"},{"@type":"Organization","@id":"https:\/\/watch-bandit.com\/#organization","name":"WatchBandit","url":"https:\/\/watch-bandit.com\/","logo":{"@type":"ImageObject","inLanguage":"de-DE","@id":"https:\/\/watch-bandit.com\/#\/schema\/logo\/image\/","url":"https:\/\/watchbandit.de\/wp-content\/uploads\/2017\/11\/WB_Logo_557x124.png","contentUrl":"https:\/\/watchbandit.de\/wp-content\/uploads\/2017\/11\/WB_Logo_557x124.png","width":557,"height":124,"caption":"WatchBandit"},"image":{"@id":"https:\/\/watch-bandit.com\/#\/schema\/logo\/image\/"}}]}},"_links":{"self":[{"href":"https:\/\/watch-bandit.com\/de\/wp-json\/wp\/v2\/product\/305226"}],"collection":[{"href":"https:\/\/watch-bandit.com\/de\/wp-json\/wp\/v2\/product"}],"about":[{"href":"https:\/\/watch-bandit.com\/de\/wp-json\/wp\/v2\/types\/product"}],"replies":[{"embeddable":true,"href":"https:\/\/watch-bandit.com\/de\/wp-json\/wp\/v2\/comments?post=305226"}],"wp:featuredmedia":[{"embeddable":true,"href":"https:\/\/watch-bandit.com\/de\/wp-json\/wp\/v2\/media\/305248"}],"wp:attachment":[{"href":"https:\/\/watch-bandit.com\/de\/wp-json\/wp\/v2\/media?parent=305226"}],"wp:term":[{"taxonomy":"product_cat","embeddable":true,"href":"https:\/\/watch-bandit.com\/de\/wp-json\/wp\/v2\/product_cat?post=305226"},{"taxonomy":"product_tag","embeddable":true,"href":"https:\/\/watch-bandit.com\/de\/wp-json\/wp\/v2\/product_tag?post=305226"}],"curies":[{"name":"wp","href":"https:\/\/api.w.org\/{rel}","templated":true}]}}