{"id":305862,"date":"2022-10-07T13:35:11","date_gmt":"2022-10-07T11:35:12","guid":{"rendered":"https:\/\/watchbandit.com\/?post_type=product&#038;p=305862"},"modified":"2022-10-10T11:25:41","modified_gmt":"2022-10-10T09:25:41","slug":"ocean-crawler-champion-diver-fordite-typ-b","status":"publish","type":"product","link":"https:\/\/watch-bandit.com\/de\/produkt\/ocean-crawler-champion-diver-fordite-typ-b\/","title":{"rendered":"Ocean Crawler &#8211; Champion Diver &#8211; Fordite &#8211; Typ B"},"content":{"rendered":"<h3>Ocean Crawler &#8211; Auf Herz und Nieren gepr\u00fcft<\/h3>\n<p>Die Uhren sind f\u00fcr extreme Umgebungen ausgelegt und m\u00fcssen insgesamt zehn verschiedene H\u00e4rtetests bestehen. Am anspruchsvollsten ist der Hammerschlag-Test. Dieses Pr\u00fcfger\u00e4t schl\u00e4gt mit einem Schlaghammer gegen die Uhr, der mit einem Aufprall von 6.000 G vergleichbar ist &#8211; das ist hundert Mal st\u00e4rker als der Aufprall bei einem bei einem Auto-Crashtest. Auch nach diesem Test muss die Uhr unbesch\u00e4digt, voll funktionsf\u00e4hig bleiben und ein hoher Genauigkeitsgrad muss gew\u00e4hrleistet sein.<\/p>\n","protected":false},"excerpt":{"rendered":"<p>Besitzen Sie ein St\u00fcck amerikanische Geschichte!<\/p>\n<p>Fordite ist ein einzigartiges und seltenes Material, das aus Tausenden von Schichten Autolack aus Detroiter Montagewerken hergestellt wird, die \u00fcber mehrere Jahrzehnte in den 60er, 70er und 80er Jahren geschichtet wurden. Sie k\u00f6nnen jetzt einen Teil der amerikanischen Geschichte besitzen, aber nur eine begrenzte Menge bleibt \u00fcbrig!<\/p>\n<p>In den 1980er Jahren wandten sich die Autohersteller von der Methode der Handspr\u00fchlackierung ab. Sie verwenden jetzt einen elektrostatischen Prozess, der kein Fordit produziert. Holen Sie sich also dieses einzigartige und seltene Material, solange Sie noch k\u00f6nnen!<\/p>\n<p>Der Champion Diver ist ein unverzichtbares Unterwasserwerkzeug &#8211; extrem sto\u00dffest und wasserdicht bis 2000 Fu\u00df. Es enth\u00e4lt zwei Riemen; ein benutzerdefiniertes Lederband und ein zweites Kevlarband. Jedes Zifferblatt ist aus handgeschliffenem Fordite gefertigt, was jedes Zifferblatt zu einem einzigartigen Unikat amerikanischer Geschichte macht!<\/p>\n<p>Ocean Crawler-Uhren m\u00fcssen vor ihrer Markteinf\u00fchrung zehn verschiedene Falltests bestehen. Am strengsten ist der Schlaghammertest. Dieses Schockpr\u00fcfger\u00e4t setzt die Uhr einem Aufprall von 6.000 G aus \u2013 hundertmal mehr als ein Autounfalltest. Dennoch muss die Uhr danach unversehrt und voll funktionst\u00fcchtig bleiben und einen hohen Genauigkeitsstandard beibehalten.<\/p>\n<p>Jeder einzelne Ocean Crawler wurde in Wasser getaucht und gr\u00fcndlich getestet, um einem Druck standzuhalten, der viel gr\u00f6\u00dfer ist als der unter 2000 Fu\u00df. Aus diesem Grund ist der Ocean Crawler Ihr bester Freund f\u00fcr Wassersport, Ger\u00e4tetauchen, Speerfischen und sogar die Erkundung des Meeresbodens.<\/p>\n<p><strong>Uhrwerk<\/strong>: Swiss Made Automatik Sellita SW200-1<br \/>\n<strong>Geh\u00e4use<\/strong>: 316L Edelstahl mit 44,2 mm Durchmesser<br \/>\n<strong>Wasserdichtigkeit<\/strong>: 600 Meter \/ 60 ATM<br \/>\n<strong>Armband<\/strong>: Kautschukband mit gebogenem Enden und ein individuelles Lederband<\/p>\n","protected":false},"featured_media":305955,"comment_status":"open","ping_status":"closed","template":"","meta":[],"product_cat":[3284,37],"product_tag":[],"yoast_head":"<!-- This site is optimized with the Yoast SEO plugin v21.9 - https:\/\/yoast.com\/wordpress\/plugins\/seo\/ -->\n<title>Ocean Crawler - Champion Diver - Fordite - Typ B - WATCHBANDIT<\/title>\n<meta name=\"description\" content=\"Ocean Crawler Core Diver GMT bei Watchbandit kaufen \u2713 Autorisierter H\u00e4ndler \u2713 Swiss made \u2713 TrustedShops zertifiziert \u2713 Passion aus Berlin seit 2014 \u2713\" \/>\n<meta name=\"robots\" content=\"noindex, follow, max-snippet:-1, max-image-preview:large, max-video-preview:-1\" \/>\n<meta property=\"og:locale\" content=\"de_DE\" \/>\n<meta property=\"og:type\" content=\"article\" \/>\n<meta property=\"og:title\" content=\"Ocean Crawler - Champion Diver - Fordite - Typ B - WATCHBANDIT\" \/>\n<meta property=\"og:description\" content=\"Ocean Crawler Core Diver GMT bei Watchbandit kaufen \u2713 Autorisierter H\u00e4ndler \u2713 Swiss made \u2713 TrustedShops zertifiziert \u2713 Passion aus Berlin seit 2014 \u2713\" \/>\n<meta property=\"og:url\" content=\"https:\/\/watch-bandit.com\/de\/produkt\/ocean-crawler-champion-diver-fordite-typ-b\/\" \/>\n<meta property=\"og:site_name\" content=\"WATCHBANDIT\" \/>\n<meta property=\"article:modified_time\" content=\"2022-10-10T09:25:41+00:00\" \/>\n<meta property=\"og:image\" content=\"https:\/\/watch-bandit.com\/wp-content\/uploads\/2022\/10\/Ocean-Crawler-Champion-Diver-Fordite-Type-B-Preorder-min.jpg\" \/>\n\t<meta property=\"og:image:width\" content=\"1400\" \/>\n\t<meta property=\"og:image:height\" content=\"1700\" \/>\n\t<meta property=\"og:image:type\" content=\"image\/jpeg\" \/>\n<meta name=\"twitter:label1\" content=\"Gesch\u00e4tzte Lesezeit\" \/>\n\t<meta name=\"twitter:data1\" content=\"1 Minute\" \/>\n<script type=\"application\/ld+json\" class=\"yoast-schema-graph\">{\"@context\":\"https:\/\/schema.org\",\"@graph\":[{\"@type\":\"WebPage\",\"@id\":\"https:\/\/watch-bandit.com\/de\/produkt\/ocean-crawler-champion-diver-fordite-typ-b\/\",\"url\":\"https:\/\/watch-bandit.com\/de\/produkt\/ocean-crawler-champion-diver-fordite-typ-b\/\",\"name\":\"Ocean Crawler - Champion Diver - Fordite - Typ B - WATCHBANDIT\",\"isPartOf\":{\"@id\":\"https:\/\/watch-bandit.com\/#website\"},\"datePublished\":\"2022-10-07T11:35:12+00:00\",\"dateModified\":\"2022-10-10T09:25:41+00:00\",\"description\":\"Ocean Crawler Core Diver GMT bei Watchbandit kaufen \u2713 Autorisierter H\u00e4ndler \u2713 Swiss made \u2713 TrustedShops zertifiziert \u2713 Passion aus Berlin seit 2014 \u2713\",\"breadcrumb\":{\"@id\":\"https:\/\/watch-bandit.com\/de\/produkt\/ocean-crawler-champion-diver-fordite-typ-b\/#breadcrumb\"},\"inLanguage\":\"de-DE\",\"potentialAction\":[{\"@type\":\"ReadAction\",\"target\":[\"https:\/\/watch-bandit.com\/de\/produkt\/ocean-crawler-champion-diver-fordite-typ-b\/\"]}]},{\"@type\":\"BreadcrumbList\",\"@id\":\"https:\/\/watch-bandit.com\/de\/produkt\/ocean-crawler-champion-diver-fordite-typ-b\/#breadcrumb\",\"itemListElement\":[{\"@type\":\"ListItem\",\"position\":1,\"name\":\"Home\",\"item\":\"https:\/\/watchbandit.de\/\"},{\"@type\":\"ListItem\",\"position\":2,\"name\":\"Shop\",\"item\":\"https:\/\/watchbandit.de\/shop\/\"},{\"@type\":\"ListItem\",\"position\":3,\"name\":\"Watches\",\"item\":\"https:\/\/watch-bandit.com\/products\/watches\/\"},{\"@type\":\"ListItem\",\"position\":4,\"name\":\"Ocean Crawler\",\"item\":\"https:\/\/watch-bandit.com\/products\/watches\/ocean-crawler\/\"},{\"@type\":\"ListItem\",\"position\":5,\"name\":\"Ocean Crawler &#8211; Champion Diver &#8211; Fordite &#8211; Typ B\"}]},{\"@type\":\"WebSite\",\"@id\":\"https:\/\/watch-bandit.com\/#website\",\"url\":\"https:\/\/watch-bandit.com\/\",\"name\":\"WATCHBANDIT\",\"description\":\"Contemporary Wrist Accessories\",\"publisher\":{\"@id\":\"https:\/\/watch-bandit.com\/#organization\"},\"potentialAction\":[{\"@type\":\"SearchAction\",\"target\":{\"@type\":\"EntryPoint\",\"urlTemplate\":\"https:\/\/watch-bandit.com\/?s={search_term_string}\"},\"query-input\":\"required name=search_term_string\"}],\"inLanguage\":\"de-DE\"},{\"@type\":\"Organization\",\"@id\":\"https:\/\/watch-bandit.com\/#organization\",\"name\":\"WatchBandit\",\"url\":\"https:\/\/watch-bandit.com\/\",\"logo\":{\"@type\":\"ImageObject\",\"inLanguage\":\"de-DE\",\"@id\":\"https:\/\/watch-bandit.com\/#\/schema\/logo\/image\/\",\"url\":\"https:\/\/watchbandit.de\/wp-content\/uploads\/2017\/11\/WB_Logo_557x124.png\",\"contentUrl\":\"https:\/\/watchbandit.de\/wp-content\/uploads\/2017\/11\/WB_Logo_557x124.png\",\"width\":557,\"height\":124,\"caption\":\"WatchBandit\"},\"image\":{\"@id\":\"https:\/\/watch-bandit.com\/#\/schema\/logo\/image\/\"}}]}<\/script>\n<!-- \/ Yoast SEO plugin. -->","yoast_head_json":{"title":"Ocean Crawler - Champion Diver - Fordite - Typ B - WATCHBANDIT","description":"Ocean Crawler Core Diver GMT bei Watchbandit kaufen \u2713 Autorisierter H\u00e4ndler \u2713 Swiss made \u2713 TrustedShops zertifiziert \u2713 Passion aus Berlin seit 2014 \u2713","robots":{"index":"noindex","follow":"follow","max-snippet":"max-snippet:-1","max-image-preview":"max-image-preview:large","max-video-preview":"max-video-preview:-1"},"og_locale":"de_DE","og_type":"article","og_title":"Ocean Crawler - Champion Diver - Fordite - Typ B - WATCHBANDIT","og_description":"Ocean Crawler Core Diver GMT bei Watchbandit kaufen \u2713 Autorisierter H\u00e4ndler \u2713 Swiss made \u2713 TrustedShops zertifiziert \u2713 Passion aus Berlin seit 2014 \u2713","og_url":"https:\/\/watch-bandit.com\/de\/produkt\/ocean-crawler-champion-diver-fordite-typ-b\/","og_site_name":"WATCHBANDIT","article_modified_time":"2022-10-10T09:25:41+00:00","og_image":[{"width":1400,"height":1700,"url":"https:\/\/watch-bandit.com\/wp-content\/uploads\/2022\/10\/Ocean-Crawler-Champion-Diver-Fordite-Type-B-Preorder-min.jpg","type":"image\/jpeg"}],"twitter_misc":{"Gesch\u00e4tzte Lesezeit":"1 Minute"},"schema":{"@context":"https:\/\/schema.org","@graph":[{"@type":"WebPage","@id":"https:\/\/watch-bandit.com\/de\/produkt\/ocean-crawler-champion-diver-fordite-typ-b\/","url":"https:\/\/watch-bandit.com\/de\/produkt\/ocean-crawler-champion-diver-fordite-typ-b\/","name":"Ocean Crawler - Champion Diver - Fordite - Typ B - WATCHBANDIT","isPartOf":{"@id":"https:\/\/watch-bandit.com\/#website"},"datePublished":"2022-10-07T11:35:12+00:00","dateModified":"2022-10-10T09:25:41+00:00","description":"Ocean Crawler Core Diver GMT bei Watchbandit kaufen \u2713 Autorisierter H\u00e4ndler \u2713 Swiss made \u2713 TrustedShops zertifiziert \u2713 Passion aus Berlin seit 2014 \u2713","breadcrumb":{"@id":"https:\/\/watch-bandit.com\/de\/produkt\/ocean-crawler-champion-diver-fordite-typ-b\/#breadcrumb"},"inLanguage":"de-DE","potentialAction":[{"@type":"ReadAction","target":["https:\/\/watch-bandit.com\/de\/produkt\/ocean-crawler-champion-diver-fordite-typ-b\/"]}]},{"@type":"BreadcrumbList","@id":"https:\/\/watch-bandit.com\/de\/produkt\/ocean-crawler-champion-diver-fordite-typ-b\/#breadcrumb","itemListElement":[{"@type":"ListItem","position":1,"name":"Home","item":"https:\/\/watchbandit.de\/"},{"@type":"ListItem","position":2,"name":"Shop","item":"https:\/\/watchbandit.de\/shop\/"},{"@type":"ListItem","position":3,"name":"Watches","item":"https:\/\/watch-bandit.com\/products\/watches\/"},{"@type":"ListItem","position":4,"name":"Ocean Crawler","item":"https:\/\/watch-bandit.com\/products\/watches\/ocean-crawler\/"},{"@type":"ListItem","position":5,"name":"Ocean Crawler &#8211; Champion Diver &#8211; Fordite &#8211; Typ B"}]},{"@type":"WebSite","@id":"https:\/\/watch-bandit.com\/#website","url":"https:\/\/watch-bandit.com\/","name":"WATCHBANDIT","description":"Contemporary Wrist Accessories","publisher":{"@id":"https:\/\/watch-bandit.com\/#organization"},"potentialAction":[{"@type":"SearchAction","target":{"@type":"EntryPoint","urlTemplate":"https:\/\/watch-bandit.com\/?s={search_term_string}"},"query-input":"required name=search_term_string"}],"inLanguage":"de-DE"},{"@type":"Organization","@id":"https:\/\/watch-bandit.com\/#organization","name":"WatchBandit","url":"https:\/\/watch-bandit.com\/","logo":{"@type":"ImageObject","inLanguage":"de-DE","@id":"https:\/\/watch-bandit.com\/#\/schema\/logo\/image\/","url":"https:\/\/watchbandit.de\/wp-content\/uploads\/2017\/11\/WB_Logo_557x124.png","contentUrl":"https:\/\/watchbandit.de\/wp-content\/uploads\/2017\/11\/WB_Logo_557x124.png","width":557,"height":124,"caption":"WatchBandit"},"image":{"@id":"https:\/\/watch-bandit.com\/#\/schema\/logo\/image\/"}}]}},"_links":{"self":[{"href":"https:\/\/watch-bandit.com\/de\/wp-json\/wp\/v2\/product\/305862"}],"collection":[{"href":"https:\/\/watch-bandit.com\/de\/wp-json\/wp\/v2\/product"}],"about":[{"href":"https:\/\/watch-bandit.com\/de\/wp-json\/wp\/v2\/types\/product"}],"replies":[{"embeddable":true,"href":"https:\/\/watch-bandit.com\/de\/wp-json\/wp\/v2\/comments?post=305862"}],"wp:featuredmedia":[{"embeddable":true,"href":"https:\/\/watch-bandit.com\/de\/wp-json\/wp\/v2\/media\/305955"}],"wp:attachment":[{"href":"https:\/\/watch-bandit.com\/de\/wp-json\/wp\/v2\/media?parent=305862"}],"wp:term":[{"taxonomy":"product_cat","embeddable":true,"href":"https:\/\/watch-bandit.com\/de\/wp-json\/wp\/v2\/product_cat?post=305862"},{"taxonomy":"product_tag","embeddable":true,"href":"https:\/\/watch-bandit.com\/de\/wp-json\/wp\/v2\/product_tag?post=305862"}],"curies":[{"name":"wp","href":"https:\/\/api.w.org\/{rel}","templated":true}]}}