{"id":309206,"date":"2022-12-06T12:52:08","date_gmt":"2022-12-06T11:52:09","guid":{"rendered":"https:\/\/watchbandit.com\/?post_type=product&#038;p=309206"},"modified":"2022-12-07T16:42:31","modified_gmt":"2022-12-07T15:42:31","slug":"le-jour-delmare-lj-dm-008","status":"publish","type":"product","link":"https:\/\/watch-bandit.com\/de\/produkt\/le-jour-delmare-lj-dm-008\/","title":{"rendered":"Le Jour &#8211; Delmare &#8211; LJ-DM-008"},"content":{"rendered":"<h3>Le Jour &#8211; Hommage an die Klassiker<\/h3>\n<p>Le Jour begann ihren bescheidenen Anfang in den 1960er Jahren. Sie sind bei Uhrenliebhabern und Sammlern weltweit f\u00fcr die Herstellung von mechanischen Uhren aus Schweizer Produktion bekannt. In ihren Anfangsjahren entwarfen sie Uhren f\u00fcr andere Uhrenfirmen <a href=\"https:\/\/watchbandit.de\/le-jour-hommagen-an-die-klassiker-der-1960-70er-jahre\/\" target=\"_blank\" rel=\"noopener noreferrer\">wie z.B. Tag Heuer<\/a>, wobei sie robuste Valjoux-Werke aus Schweizer Produktion verwendeten. Sie waren einige der begehrtesten Uhrenherstellern in dieser Zeit. Dies Lag auch an ihren bescheidenen Preisen und Langlebigkeit der Uhren, die zu ihrem ph\u00e4nomenalen Erfolg f\u00fchrten. Im Laufe der Jahre hat sich Le Jour so einen Namen gemacht. Wie viele andere europ\u00e4ische Uhrenhersteller, traf auch f\u00fcr Le Jour in den 1980er Jahren die Quarzkrise schwer. Mit der Verlagerung der Nachfrage von hochwertigen mechanischen Uhren, hin zu massenproduzierten und g\u00fcnstigeren Quarz-Uhren die Produktion, musste die Produktion von Uhren eingestellt werden.<\/p>\n<h3>Die neue Reise hat begonnen<\/h3>\n<p>Le Jour greift das Erbe der Marke dort auf, wo es vor 30 Jahren aufgeh\u00f6rt hat. Mit gro\u00dfer Aufmerksamkeit f\u00fcr das Erbe und die Historie dieser Marke, die Le Jour ber\u00fchmt gemacht haben, wird die Marke mit vollem Engagement wiederbelebt. Sie pflegen den Vintage-Charme, das luxuri\u00f6se Gef\u00fchl und Sicherheit, indem sie hochwertige Materialien und pr\u00e4zise, zuverl\u00e4ssige Uhrwerke verwenden. Sie zollen der traditionellen Uhrmacherkunst Tribut, indem sie die Brillanz und Exzellenz der Le Jour-Uhren von gestern, heute mit modernster Technik neu definieren. Die Vision von Le Jour ist es, Luxusuhren mit schweizer Qualit\u00e4ts-Uhrwerk zu einem fairen Preis anzubieten.<\/p>\n","protected":false},"excerpt":{"rendered":"<p>Das kreative Team von Le Jour Watches liebt es, die klassische Uhren\u00e4ra einzufangen und hochstilisierte, zeitgem\u00e4\u00dfe und elegant gefertigte Zeitmesser f\u00fcr den modernen Mann zu kreieren. Le Jour Watches ist stolz darauf, die neueste Delmare-Kollektion zu pr\u00e4sentieren, die die nautische Atmosph\u00e4re meisterhaft verk\u00f6rpert. Das kompakte Geh\u00e4use besteht aus 316L-Edelstahl mit einer Breite von 41 mm, einer L\u00e4nge von 48 mm und einer H\u00f6he von 13 mm, was es zu einer tragbaren und bequemen Uhr f\u00fcr den t\u00e4glichen Gebrauch macht. Das kantige Geh\u00e4use zeigt ein beeindruckendes Spiel aus geb\u00fcrsteten und gl\u00e4nzend polierten Oberfl\u00e4chen mit raffinierten Fasen. Der Charme der 70er Jahre wird durch ein sorgf\u00e4ltig verarbeitetes 5-Glieder-Edelstahlarmband erg\u00e4nzt, das perfekt unter das Geh\u00e4use mit Kapuze passt. Dar\u00fcber hinaus tr\u00e4gt die Verwendung eines kuppelf\u00f6rmigen Saphirglases und hochwertiger Keramikeins\u00e4tze zur Pracht der Delmare-Kollektion bei. Die Delmare verf\u00fcgt \u00fcber ein schillerndes Zifferblatt mit Sonnenschliff, auch bekannt als Rauchfinish. Die reiche Tiefe des Zifferblatts kommt von den milderen Farbt\u00f6nen in der Mitte des Zifferblatts, die zu den R\u00e4ndern hin allm\u00e4hlich dunkler werden, um in verschiedenen Umgebungen atemberaubende Effekte zu erzielen. Das Datum auf dem Zifferblatt ist f\u00fcr harmonische Eleganz bei 6 Uhr positioniert. Die Verwendung von Grade C3 \u2013 Swiss SuperLuminova auf den Zeigern und Indizes verst\u00e4rkt die Lesbarkeit bei schlechten Lichtverh\u00e4ltnissen. Die Delmare-Kollektion von Le Jour ist in 8 verf\u00fchrerischen Farbkombinationen in den Ausf\u00fchrungen Schwarz \/ Blau \/ Gr\u00fcn \/ Grau \/ Braun und Ros\u00e9gold erh\u00e4ltlich. Abgesehen davon, dass sie ein stylischer Alltagsheld ist, erf\u00fcllt die Delmare die Anforderungen einer robusten Taucheruhr mit einer Wasserdichtigkeit von bis zu 20 bar \/ 200 m. Die Delmare wird von einem SELLITA SW200 Swiss Made Automatikwerk mit 26 Juwelen angetrieben, das f\u00fcr seine Genauigkeit, Zuverl\u00e4ssigkeit und Langlebigkeit bekannt ist. Die Delmare ist eine brillant ausgef\u00fchrte Uhr mit faszinierendem Rauchzifferblatt, praktischer Gr\u00f6\u00dfe, Schweizer Automatikwerk mit einem Retro-Welt-Charme.<\/p>\n<p><strong>Uhrwerk:<\/strong> Swiss Made Sellita SW-200 Automatik<br \/>\n<strong>Geh\u00e4use:<\/strong> Geb\u00fcrsteter Edelstahl 316L mit 41 mm Durchmesser<br \/>\n<strong>Wasserdichtigkeit:<\/strong> 20 bar \/ 200 Meter<br \/>\n<strong>Armband:<\/strong> 316L Edelstahlarmband<\/p>\n","protected":false},"featured_media":309374,"comment_status":"open","ping_status":"closed","template":"","meta":[],"product_cat":[3236,37],"product_tag":[],"yoast_head":"<!-- This site is optimized with the Yoast SEO plugin v21.9 - https:\/\/yoast.com\/wordpress\/plugins\/seo\/ -->\n<title>Le Jour - Delmare - LJ-DM-008 - WATCHBANDIT<\/title>\n<meta name=\"description\" content=\"Le Jour GMT Uhren bei WatchBandit kaufen \u2713 Authorisierter H\u00e4ndler \u2713 Swiss made \u2713 Trusted Shops zertifiziert \u2713 Kostenlose weltweite Lieferung \u2713\" \/>\n<meta name=\"robots\" content=\"noindex, follow, max-snippet:-1, max-image-preview:large, max-video-preview:-1\" \/>\n<meta property=\"og:locale\" content=\"de_DE\" \/>\n<meta property=\"og:type\" content=\"article\" \/>\n<meta property=\"og:title\" content=\"Le Jour - Delmare - LJ-DM-008 - WATCHBANDIT\" \/>\n<meta property=\"og:description\" content=\"Le Jour GMT Uhren bei WatchBandit kaufen \u2713 Authorisierter H\u00e4ndler \u2713 Swiss made \u2713 Trusted Shops zertifiziert \u2713 Kostenlose weltweite Lieferung \u2713\" \/>\n<meta property=\"og:url\" content=\"https:\/\/watch-bandit.com\/de\/produkt\/le-jour-delmare-lj-dm-008\/\" \/>\n<meta property=\"og:site_name\" content=\"WATCHBANDIT\" \/>\n<meta property=\"article:modified_time\" content=\"2022-12-07T15:42:31+00:00\" \/>\n<meta property=\"og:image\" content=\"https:\/\/watch-bandit.com\/wp-content\/uploads\/2022\/12\/Le-Jour-Delmare-LJ-DM-008-min.jpg\" \/>\n\t<meta property=\"og:image:width\" content=\"1400\" \/>\n\t<meta property=\"og:image:height\" content=\"1700\" \/>\n\t<meta property=\"og:image:type\" content=\"image\/jpeg\" \/>\n<meta name=\"twitter:label1\" content=\"Gesch\u00e4tzte Lesezeit\" \/>\n\t<meta name=\"twitter:data1\" content=\"2 Minuten\" \/>\n<script type=\"application\/ld+json\" class=\"yoast-schema-graph\">{\"@context\":\"https:\/\/schema.org\",\"@graph\":[{\"@type\":\"WebPage\",\"@id\":\"https:\/\/watch-bandit.com\/de\/produkt\/le-jour-delmare-lj-dm-008\/\",\"url\":\"https:\/\/watch-bandit.com\/de\/produkt\/le-jour-delmare-lj-dm-008\/\",\"name\":\"Le Jour - Delmare - LJ-DM-008 - WATCHBANDIT\",\"isPartOf\":{\"@id\":\"https:\/\/watch-bandit.com\/#website\"},\"datePublished\":\"2022-12-06T11:52:09+00:00\",\"dateModified\":\"2022-12-07T15:42:31+00:00\",\"description\":\"Le Jour GMT Uhren bei WatchBandit kaufen \u2713 Authorisierter H\u00e4ndler \u2713 Swiss made \u2713 Trusted Shops zertifiziert \u2713 Kostenlose weltweite Lieferung \u2713\",\"breadcrumb\":{\"@id\":\"https:\/\/watch-bandit.com\/de\/produkt\/le-jour-delmare-lj-dm-008\/#breadcrumb\"},\"inLanguage\":\"de-DE\",\"potentialAction\":[{\"@type\":\"ReadAction\",\"target\":[\"https:\/\/watch-bandit.com\/de\/produkt\/le-jour-delmare-lj-dm-008\/\"]}]},{\"@type\":\"BreadcrumbList\",\"@id\":\"https:\/\/watch-bandit.com\/de\/produkt\/le-jour-delmare-lj-dm-008\/#breadcrumb\",\"itemListElement\":[{\"@type\":\"ListItem\",\"position\":1,\"name\":\"Home\",\"item\":\"https:\/\/watchbandit.de\/\"},{\"@type\":\"ListItem\",\"position\":2,\"name\":\"Shop\",\"item\":\"https:\/\/watchbandit.de\/shop\/\"},{\"@type\":\"ListItem\",\"position\":3,\"name\":\"Watches\",\"item\":\"https:\/\/watch-bandit.com\/products\/watches\/\"},{\"@type\":\"ListItem\",\"position\":4,\"name\":\"Le Jour\",\"item\":\"https:\/\/watch-bandit.com\/de\/produkte\/uhren\/le-jour-de\/\"},{\"@type\":\"ListItem\",\"position\":5,\"name\":\"Le Jour &#8211; Delmare &#8211; LJ-DM-008\"}]},{\"@type\":\"WebSite\",\"@id\":\"https:\/\/watch-bandit.com\/#website\",\"url\":\"https:\/\/watch-bandit.com\/\",\"name\":\"WATCHBANDIT\",\"description\":\"Contemporary Wrist Accessories\",\"publisher\":{\"@id\":\"https:\/\/watch-bandit.com\/#organization\"},\"potentialAction\":[{\"@type\":\"SearchAction\",\"target\":{\"@type\":\"EntryPoint\",\"urlTemplate\":\"https:\/\/watch-bandit.com\/?s={search_term_string}\"},\"query-input\":\"required name=search_term_string\"}],\"inLanguage\":\"de-DE\"},{\"@type\":\"Organization\",\"@id\":\"https:\/\/watch-bandit.com\/#organization\",\"name\":\"WatchBandit\",\"url\":\"https:\/\/watch-bandit.com\/\",\"logo\":{\"@type\":\"ImageObject\",\"inLanguage\":\"de-DE\",\"@id\":\"https:\/\/watch-bandit.com\/#\/schema\/logo\/image\/\",\"url\":\"https:\/\/watchbandit.de\/wp-content\/uploads\/2017\/11\/WB_Logo_557x124.png\",\"contentUrl\":\"https:\/\/watchbandit.de\/wp-content\/uploads\/2017\/11\/WB_Logo_557x124.png\",\"width\":557,\"height\":124,\"caption\":\"WatchBandit\"},\"image\":{\"@id\":\"https:\/\/watch-bandit.com\/#\/schema\/logo\/image\/\"}}]}<\/script>\n<!-- \/ Yoast SEO plugin. -->","yoast_head_json":{"title":"Le Jour - Delmare - LJ-DM-008 - WATCHBANDIT","description":"Le Jour GMT Uhren bei WatchBandit kaufen \u2713 Authorisierter H\u00e4ndler \u2713 Swiss made \u2713 Trusted Shops zertifiziert \u2713 Kostenlose weltweite Lieferung \u2713","robots":{"index":"noindex","follow":"follow","max-snippet":"max-snippet:-1","max-image-preview":"max-image-preview:large","max-video-preview":"max-video-preview:-1"},"og_locale":"de_DE","og_type":"article","og_title":"Le Jour - Delmare - LJ-DM-008 - WATCHBANDIT","og_description":"Le Jour GMT Uhren bei WatchBandit kaufen \u2713 Authorisierter H\u00e4ndler \u2713 Swiss made \u2713 Trusted Shops zertifiziert \u2713 Kostenlose weltweite Lieferung \u2713","og_url":"https:\/\/watch-bandit.com\/de\/produkt\/le-jour-delmare-lj-dm-008\/","og_site_name":"WATCHBANDIT","article_modified_time":"2022-12-07T15:42:31+00:00","og_image":[{"width":1400,"height":1700,"url":"https:\/\/watch-bandit.com\/wp-content\/uploads\/2022\/12\/Le-Jour-Delmare-LJ-DM-008-min.jpg","type":"image\/jpeg"}],"twitter_misc":{"Gesch\u00e4tzte Lesezeit":"2 Minuten"},"schema":{"@context":"https:\/\/schema.org","@graph":[{"@type":"WebPage","@id":"https:\/\/watch-bandit.com\/de\/produkt\/le-jour-delmare-lj-dm-008\/","url":"https:\/\/watch-bandit.com\/de\/produkt\/le-jour-delmare-lj-dm-008\/","name":"Le Jour - Delmare - LJ-DM-008 - WATCHBANDIT","isPartOf":{"@id":"https:\/\/watch-bandit.com\/#website"},"datePublished":"2022-12-06T11:52:09+00:00","dateModified":"2022-12-07T15:42:31+00:00","description":"Le Jour GMT Uhren bei WatchBandit kaufen \u2713 Authorisierter H\u00e4ndler \u2713 Swiss made \u2713 Trusted Shops zertifiziert \u2713 Kostenlose weltweite Lieferung \u2713","breadcrumb":{"@id":"https:\/\/watch-bandit.com\/de\/produkt\/le-jour-delmare-lj-dm-008\/#breadcrumb"},"inLanguage":"de-DE","potentialAction":[{"@type":"ReadAction","target":["https:\/\/watch-bandit.com\/de\/produkt\/le-jour-delmare-lj-dm-008\/"]}]},{"@type":"BreadcrumbList","@id":"https:\/\/watch-bandit.com\/de\/produkt\/le-jour-delmare-lj-dm-008\/#breadcrumb","itemListElement":[{"@type":"ListItem","position":1,"name":"Home","item":"https:\/\/watchbandit.de\/"},{"@type":"ListItem","position":2,"name":"Shop","item":"https:\/\/watchbandit.de\/shop\/"},{"@type":"ListItem","position":3,"name":"Watches","item":"https:\/\/watch-bandit.com\/products\/watches\/"},{"@type":"ListItem","position":4,"name":"Le Jour","item":"https:\/\/watch-bandit.com\/de\/produkte\/uhren\/le-jour-de\/"},{"@type":"ListItem","position":5,"name":"Le Jour &#8211; Delmare &#8211; LJ-DM-008"}]},{"@type":"WebSite","@id":"https:\/\/watch-bandit.com\/#website","url":"https:\/\/watch-bandit.com\/","name":"WATCHBANDIT","description":"Contemporary Wrist Accessories","publisher":{"@id":"https:\/\/watch-bandit.com\/#organization"},"potentialAction":[{"@type":"SearchAction","target":{"@type":"EntryPoint","urlTemplate":"https:\/\/watch-bandit.com\/?s={search_term_string}"},"query-input":"required name=search_term_string"}],"inLanguage":"de-DE"},{"@type":"Organization","@id":"https:\/\/watch-bandit.com\/#organization","name":"WatchBandit","url":"https:\/\/watch-bandit.com\/","logo":{"@type":"ImageObject","inLanguage":"de-DE","@id":"https:\/\/watch-bandit.com\/#\/schema\/logo\/image\/","url":"https:\/\/watchbandit.de\/wp-content\/uploads\/2017\/11\/WB_Logo_557x124.png","contentUrl":"https:\/\/watchbandit.de\/wp-content\/uploads\/2017\/11\/WB_Logo_557x124.png","width":557,"height":124,"caption":"WatchBandit"},"image":{"@id":"https:\/\/watch-bandit.com\/#\/schema\/logo\/image\/"}}]}},"_links":{"self":[{"href":"https:\/\/watch-bandit.com\/de\/wp-json\/wp\/v2\/product\/309206"}],"collection":[{"href":"https:\/\/watch-bandit.com\/de\/wp-json\/wp\/v2\/product"}],"about":[{"href":"https:\/\/watch-bandit.com\/de\/wp-json\/wp\/v2\/types\/product"}],"replies":[{"embeddable":true,"href":"https:\/\/watch-bandit.com\/de\/wp-json\/wp\/v2\/comments?post=309206"}],"wp:featuredmedia":[{"embeddable":true,"href":"https:\/\/watch-bandit.com\/de\/wp-json\/wp\/v2\/media\/309374"}],"wp:attachment":[{"href":"https:\/\/watch-bandit.com\/de\/wp-json\/wp\/v2\/media?parent=309206"}],"wp:term":[{"taxonomy":"product_cat","embeddable":true,"href":"https:\/\/watch-bandit.com\/de\/wp-json\/wp\/v2\/product_cat?post=309206"},{"taxonomy":"product_tag","embeddable":true,"href":"https:\/\/watch-bandit.com\/de\/wp-json\/wp\/v2\/product_tag?post=309206"}],"curies":[{"name":"wp","href":"https:\/\/api.w.org\/{rel}","templated":true}]}}