{"id":309292,"date":"2022-12-06T13:45:05","date_gmt":"2022-12-06T12:45:05","guid":{"rendered":"https:\/\/watchbandit.com\/?post_type=product&#038;p=309292"},"modified":"2024-09-06T11:48:58","modified_gmt":"2024-09-06T09:48:58","slug":"top-wristonomy-watch-stand-classic-double-grun-schwarz","status":"publish","type":"product","link":"https:\/\/watch-bandit.com\/de\/produkt\/top-wristonomy-watch-stand-classic-double-grun-schwarz\/","title":{"rendered":"Wristonomy &#8211; Watch Stand Classic &#8211; Double &#8211; Gr\u00fcn &#038; Schwarz"},"content":{"rendered":"<h1>\u00dcber Wristonomy<\/h1>\n<p>The Watch Stand Wristonomy wurde Anfang 2018 als Unternehmen \u201eThe Watch Stand\u201c gegr\u00fcndet und m\u00f6chte Uhrenst\u00e4nder, Uhrenrollen, Uhrenbeweger und anderes Uhrenzubeh\u00f6r mit zeitlosem Design, handgefertigter Handwerksqualit\u00e4t und hochwertigen europ\u00e4ischen Materialien ausstatten. Mit Sitz in Stockholm, Schweden, sind wir die Sch\u00f6pfer und Ingenieure hinter dem urspr\u00fcnglichen Uhrenst\u00e4nder, der mittlerweile an \u00fcber 15.000 Kunden in mehr als 100 L\u00e4ndern verkauft wird. Unsere Produkte vereinen die Eleganz des Innendesigns mit praktischen Aufbewahrungsl\u00f6sungen f\u00fcr Uhren.<\/p>\n<h3>Geschichte<\/h3>\n<p>Unsere Reise begann Ende 2017, als unser Gr\u00fcnder Soran nach einem geeigneten Ort zum Ausruhen seiner Uhr suchte und nichts zufriedenstellendes fand. Soran skizzierte einige Entw\u00fcrfe und teilte sie seinem Freund Jens. Das Duo erkannte ein echtes Bed\u00fcrfnis und beschloss, zusammenzuarbeiten. Unsere luxuri\u00f6sen Uhrenst\u00e4nder sind aus den besten Materialien gefertigt und bieten eine perfekte Aufbewahrungsl\u00f6sung f\u00fcr Ihre Zeitmesser f\u00fcr unterwegs. Ganz gleich, ob Sie Ihre Uhr w\u00e4hrend der Arbeit ablegen oder \u00fcber Nacht aufbewahren, unsere St\u00e4nder sind mit weichen Kissenpolstern ausgestattet, um Ihre Uhr zu sch\u00fctzen. Der Uhrenst\u00e4nder wird von einer Stahlstange und einem massiven Marmorsockel getragen, der in Carrera-, Nero Marquina- oder Verde Guatemala-Marmor erh\u00e4ltlich ist, und bietet eine stabile und stilvolle Plattform f\u00fcr die Pr\u00e4sentation Ihrer Uhr. Alle Uhrenst\u00e4nder sind geschmacksmustergesch\u00fctzt und beim EUIPO und WIPO registriert, mit zus\u00e4tzlichem Urheberrechtsschutz in China.<\/p>\n","protected":false},"excerpt":{"rendered":"<p>Dieser hochwertige und elegante Uhrenst\u00e4nder pr\u00e4sentiert Ihre Uhr auf wundersch\u00f6ne Weise und erm\u00f6glicht gleichzeitig einfachen Zugriff, wann immer Sie sie tragen oder am Ende des Tages abnehmen m\u00f6chten. Ideal f\u00fcr Ihre Kommode, Ihren Beistelltisch oder Ihren Schrank, ist dieser Uhrenst\u00e4nder eine stilvolle Erg\u00e4nzung f\u00fcr jedes Zimmer. Zudem sch\u00fctzt er Ihre Uhr vor den unvermeidlichen Kratzern und Sch\u00f6nheitsfehlern, die durch das Ablegen auf harten Oberfl\u00e4chen entstehen, und erspart Ihnen die umst\u00e4ndliche Aufbewahrung in einer Box.<\/p>\n<p><strong>Marmorgrundplatte<\/strong>: 160 x 110 x 20, darunter 4x Softpads<br \/>\n<strong>Kissen<\/strong>: italienisches Kalbsleder, 155 x 70 x 20<br \/>\n<strong>Gesamth\u00f6he<\/strong>: 14 cm<br \/>\n<strong>Gewicht<\/strong>: 1000 Gramm<\/p>\n<p><em>Natursteine \u200b\u200bsind, wie der Name schon sagt, Naturprodukte. Es kann zu Abweichungen in Textur, Farbe, Maserung und Muster kommen. Diese Unterschiede und Ungleichheiten sind Teil dessen, was den Stein so sch\u00f6n macht.Uhren sind nicht im Lieferumfang enthalten.<\/em><\/p>\n","protected":false},"featured_media":309629,"comment_status":"open","ping_status":"closed","template":"","meta":[],"product_cat":[3570,4185,4210,4216],"product_tag":[],"yoast_head":"<!-- This site is optimized with the Yoast SEO plugin v21.9 - https:\/\/yoast.com\/wordpress\/plugins\/seo\/ -->\n<title>Wristonomy - Watch Stand Classic - Double - Gr\u00fcn &amp; Schwarz - WATCHBANDIT<\/title>\n<meta name=\"description\" content=\"Hochwertige Uhren St\u00e4nder aus Marmor und Leder \u2705 Luxuri\u00f6se Aufbewahrung f\u00fcr deine Uhren \u2705 Offizieller The Watch Stand H\u00e4ndler \u2705 WB est. 2014 \u2705\" \/>\n<meta name=\"robots\" content=\"noindex, follow, max-snippet:-1, max-image-preview:large, max-video-preview:-1\" \/>\n<meta property=\"og:locale\" content=\"de_DE\" \/>\n<meta property=\"og:type\" content=\"article\" \/>\n<meta property=\"og:title\" content=\"Wristonomy - Watch Stand Classic - Double - Gr\u00fcn &amp; Schwarz - WATCHBANDIT\" \/>\n<meta property=\"og:description\" content=\"Hochwertige Uhren St\u00e4nder aus Marmor und Leder \u2705 Luxuri\u00f6se Aufbewahrung f\u00fcr deine Uhren \u2705 Offizieller The Watch Stand H\u00e4ndler \u2705 WB est. 2014 \u2705\" \/>\n<meta property=\"og:url\" content=\"https:\/\/watch-bandit.com\/de\/produkt\/top-wristonomy-watch-stand-classic-double-grun-schwarz\/\" \/>\n<meta property=\"og:site_name\" content=\"WATCHBANDIT\" \/>\n<meta property=\"article:modified_time\" content=\"2024-09-06T09:48:58+00:00\" \/>\n<meta property=\"og:image\" content=\"https:\/\/watch-bandit.com\/wp-content\/uploads\/2022\/12\/The-Watch-Stand-Duo-Stand-Green-Black-min.jpg\" \/>\n\t<meta property=\"og:image:width\" content=\"1400\" \/>\n\t<meta property=\"og:image:height\" content=\"1700\" \/>\n\t<meta property=\"og:image:type\" content=\"image\/jpeg\" \/>\n<meta name=\"twitter:label1\" content=\"Gesch\u00e4tzte Lesezeit\" \/>\n\t<meta name=\"twitter:data1\" content=\"2 Minuten\" \/>\n<script type=\"application\/ld+json\" class=\"yoast-schema-graph\">{\"@context\":\"https:\/\/schema.org\",\"@graph\":[{\"@type\":\"WebPage\",\"@id\":\"https:\/\/watch-bandit.com\/de\/produkt\/top-wristonomy-watch-stand-classic-double-grun-schwarz\/\",\"url\":\"https:\/\/watch-bandit.com\/de\/produkt\/top-wristonomy-watch-stand-classic-double-grun-schwarz\/\",\"name\":\"Wristonomy - Watch Stand Classic - Double - Gr\u00fcn & Schwarz - WATCHBANDIT\",\"isPartOf\":{\"@id\":\"https:\/\/watch-bandit.com\/#website\"},\"datePublished\":\"2022-12-06T12:45:05+00:00\",\"dateModified\":\"2024-09-06T09:48:58+00:00\",\"description\":\"Hochwertige Uhren St\u00e4nder aus Marmor und Leder \u2705 Luxuri\u00f6se Aufbewahrung f\u00fcr deine Uhren \u2705 Offizieller The Watch Stand H\u00e4ndler \u2705 WB est. 2014 \u2705\",\"breadcrumb\":{\"@id\":\"https:\/\/watch-bandit.com\/de\/produkt\/top-wristonomy-watch-stand-classic-double-grun-schwarz\/#breadcrumb\"},\"inLanguage\":\"de-DE\",\"potentialAction\":[{\"@type\":\"ReadAction\",\"target\":[\"https:\/\/watch-bandit.com\/de\/produkt\/top-wristonomy-watch-stand-classic-double-grun-schwarz\/\"]}]},{\"@type\":\"BreadcrumbList\",\"@id\":\"https:\/\/watch-bandit.com\/de\/produkt\/top-wristonomy-watch-stand-classic-double-grun-schwarz\/#breadcrumb\",\"itemListElement\":[{\"@type\":\"ListItem\",\"position\":1,\"name\":\"Home\",\"item\":\"https:\/\/watchbandit.de\/\"},{\"@type\":\"ListItem\",\"position\":2,\"name\":\"Shop\",\"item\":\"https:\/\/watchbandit.de\/shop\/\"},{\"@type\":\"ListItem\",\"position\":3,\"name\":\"Accessories\",\"item\":\"https:\/\/watch-bandit.com\/products\/accessories\/\"},{\"@type\":\"ListItem\",\"position\":4,\"name\":\"Watch Storage\",\"item\":\"https:\/\/watch-bandit.com\/products\/accessories\/watch-storage\/\"},{\"@type\":\"ListItem\",\"position\":5,\"name\":\"Watch Stands\",\"item\":\"https:\/\/watch-bandit.com\/products\/accessories\/watch-storage\/watch-stands\/\"},{\"@type\":\"ListItem\",\"position\":6,\"name\":\"Wristonomy &#8211; Watch Stand Classic &#8211; Double &#8211; Gr\u00fcn &#038; Schwarz\"}]},{\"@type\":\"WebSite\",\"@id\":\"https:\/\/watch-bandit.com\/#website\",\"url\":\"https:\/\/watch-bandit.com\/\",\"name\":\"WATCHBANDIT\",\"description\":\"Contemporary Wrist Accessories\",\"publisher\":{\"@id\":\"https:\/\/watch-bandit.com\/#organization\"},\"potentialAction\":[{\"@type\":\"SearchAction\",\"target\":{\"@type\":\"EntryPoint\",\"urlTemplate\":\"https:\/\/watch-bandit.com\/?s={search_term_string}\"},\"query-input\":\"required name=search_term_string\"}],\"inLanguage\":\"de-DE\"},{\"@type\":\"Organization\",\"@id\":\"https:\/\/watch-bandit.com\/#organization\",\"name\":\"WatchBandit\",\"url\":\"https:\/\/watch-bandit.com\/\",\"logo\":{\"@type\":\"ImageObject\",\"inLanguage\":\"de-DE\",\"@id\":\"https:\/\/watch-bandit.com\/#\/schema\/logo\/image\/\",\"url\":\"https:\/\/watchbandit.de\/wp-content\/uploads\/2017\/11\/WB_Logo_557x124.png\",\"contentUrl\":\"https:\/\/watchbandit.de\/wp-content\/uploads\/2017\/11\/WB_Logo_557x124.png\",\"width\":557,\"height\":124,\"caption\":\"WatchBandit\"},\"image\":{\"@id\":\"https:\/\/watch-bandit.com\/#\/schema\/logo\/image\/\"}}]}<\/script>\n<!-- \/ Yoast SEO plugin. -->","yoast_head_json":{"title":"Wristonomy - Watch Stand Classic - Double - Gr\u00fcn & Schwarz - WATCHBANDIT","description":"Hochwertige Uhren St\u00e4nder aus Marmor und Leder \u2705 Luxuri\u00f6se Aufbewahrung f\u00fcr deine Uhren \u2705 Offizieller The Watch Stand H\u00e4ndler \u2705 WB est. 2014 \u2705","robots":{"index":"noindex","follow":"follow","max-snippet":"max-snippet:-1","max-image-preview":"max-image-preview:large","max-video-preview":"max-video-preview:-1"},"og_locale":"de_DE","og_type":"article","og_title":"Wristonomy - Watch Stand Classic - Double - Gr\u00fcn & Schwarz - WATCHBANDIT","og_description":"Hochwertige Uhren St\u00e4nder aus Marmor und Leder \u2705 Luxuri\u00f6se Aufbewahrung f\u00fcr deine Uhren \u2705 Offizieller The Watch Stand H\u00e4ndler \u2705 WB est. 2014 \u2705","og_url":"https:\/\/watch-bandit.com\/de\/produkt\/top-wristonomy-watch-stand-classic-double-grun-schwarz\/","og_site_name":"WATCHBANDIT","article_modified_time":"2024-09-06T09:48:58+00:00","og_image":[{"width":1400,"height":1700,"url":"https:\/\/watch-bandit.com\/wp-content\/uploads\/2022\/12\/The-Watch-Stand-Duo-Stand-Green-Black-min.jpg","type":"image\/jpeg"}],"twitter_misc":{"Gesch\u00e4tzte Lesezeit":"2 Minuten"},"schema":{"@context":"https:\/\/schema.org","@graph":[{"@type":"WebPage","@id":"https:\/\/watch-bandit.com\/de\/produkt\/top-wristonomy-watch-stand-classic-double-grun-schwarz\/","url":"https:\/\/watch-bandit.com\/de\/produkt\/top-wristonomy-watch-stand-classic-double-grun-schwarz\/","name":"Wristonomy - Watch Stand Classic - Double - Gr\u00fcn & Schwarz - WATCHBANDIT","isPartOf":{"@id":"https:\/\/watch-bandit.com\/#website"},"datePublished":"2022-12-06T12:45:05+00:00","dateModified":"2024-09-06T09:48:58+00:00","description":"Hochwertige Uhren St\u00e4nder aus Marmor und Leder \u2705 Luxuri\u00f6se Aufbewahrung f\u00fcr deine Uhren \u2705 Offizieller The Watch Stand H\u00e4ndler \u2705 WB est. 2014 \u2705","breadcrumb":{"@id":"https:\/\/watch-bandit.com\/de\/produkt\/top-wristonomy-watch-stand-classic-double-grun-schwarz\/#breadcrumb"},"inLanguage":"de-DE","potentialAction":[{"@type":"ReadAction","target":["https:\/\/watch-bandit.com\/de\/produkt\/top-wristonomy-watch-stand-classic-double-grun-schwarz\/"]}]},{"@type":"BreadcrumbList","@id":"https:\/\/watch-bandit.com\/de\/produkt\/top-wristonomy-watch-stand-classic-double-grun-schwarz\/#breadcrumb","itemListElement":[{"@type":"ListItem","position":1,"name":"Home","item":"https:\/\/watchbandit.de\/"},{"@type":"ListItem","position":2,"name":"Shop","item":"https:\/\/watchbandit.de\/shop\/"},{"@type":"ListItem","position":3,"name":"Accessories","item":"https:\/\/watch-bandit.com\/products\/accessories\/"},{"@type":"ListItem","position":4,"name":"Watch Storage","item":"https:\/\/watch-bandit.com\/products\/accessories\/watch-storage\/"},{"@type":"ListItem","position":5,"name":"Watch Stands","item":"https:\/\/watch-bandit.com\/products\/accessories\/watch-storage\/watch-stands\/"},{"@type":"ListItem","position":6,"name":"Wristonomy &#8211; Watch Stand Classic &#8211; Double &#8211; Gr\u00fcn &#038; Schwarz"}]},{"@type":"WebSite","@id":"https:\/\/watch-bandit.com\/#website","url":"https:\/\/watch-bandit.com\/","name":"WATCHBANDIT","description":"Contemporary Wrist Accessories","publisher":{"@id":"https:\/\/watch-bandit.com\/#organization"},"potentialAction":[{"@type":"SearchAction","target":{"@type":"EntryPoint","urlTemplate":"https:\/\/watch-bandit.com\/?s={search_term_string}"},"query-input":"required name=search_term_string"}],"inLanguage":"de-DE"},{"@type":"Organization","@id":"https:\/\/watch-bandit.com\/#organization","name":"WatchBandit","url":"https:\/\/watch-bandit.com\/","logo":{"@type":"ImageObject","inLanguage":"de-DE","@id":"https:\/\/watch-bandit.com\/#\/schema\/logo\/image\/","url":"https:\/\/watchbandit.de\/wp-content\/uploads\/2017\/11\/WB_Logo_557x124.png","contentUrl":"https:\/\/watchbandit.de\/wp-content\/uploads\/2017\/11\/WB_Logo_557x124.png","width":557,"height":124,"caption":"WatchBandit"},"image":{"@id":"https:\/\/watch-bandit.com\/#\/schema\/logo\/image\/"}}]}},"_links":{"self":[{"href":"https:\/\/watch-bandit.com\/de\/wp-json\/wp\/v2\/product\/309292"}],"collection":[{"href":"https:\/\/watch-bandit.com\/de\/wp-json\/wp\/v2\/product"}],"about":[{"href":"https:\/\/watch-bandit.com\/de\/wp-json\/wp\/v2\/types\/product"}],"replies":[{"embeddable":true,"href":"https:\/\/watch-bandit.com\/de\/wp-json\/wp\/v2\/comments?post=309292"}],"wp:featuredmedia":[{"embeddable":true,"href":"https:\/\/watch-bandit.com\/de\/wp-json\/wp\/v2\/media\/309629"}],"wp:attachment":[{"href":"https:\/\/watch-bandit.com\/de\/wp-json\/wp\/v2\/media?parent=309292"}],"wp:term":[{"taxonomy":"product_cat","embeddable":true,"href":"https:\/\/watch-bandit.com\/de\/wp-json\/wp\/v2\/product_cat?post=309292"},{"taxonomy":"product_tag","embeddable":true,"href":"https:\/\/watch-bandit.com\/de\/wp-json\/wp\/v2\/product_tag?post=309292"}],"curies":[{"name":"wp","href":"https:\/\/api.w.org\/{rel}","templated":true}]}}