{"id":310130,"date":"2022-12-15T21:06:07","date_gmt":"2022-12-15T20:06:08","guid":{"rendered":"https:\/\/watchbandit.com\/?post_type=product&#038;p=310130"},"modified":"2024-07-29T21:09:07","modified_gmt":"2024-07-29T19:09:07","slug":"rze-hexaflex-kautschukarmband-slate-grey","status":"publish","type":"product","link":"https:\/\/watch-bandit.com\/de\/produkt\/rze-hexaflex-kautschukarmband-slate-grey\/","title":{"rendered":"RZE &#8211; Hexaflex Kautschukarmband &#8211; Slate Grey"},"content":{"rendered":"","protected":false},"excerpt":{"rendered":"<p>Das RZE-Premium-FKM-Band wurde nach h\u00f6chsten Standards entwickelt, um den h\u00e4rtesten Bedingungen standzuhalten. Das HexaFlex-Band bietet optimalen Komfort und maximale Haltbarkeit, ist aus 100 % Fluorkautschuk geformt und h\u00e4lt Chemikalien und extremen Temperaturen stand. Ausgestattet mit UltraHex-beschichteten Titanbeschl\u00e4gen ist das RZE-Premium-Kautschukband mit jeder Uhr mit einer Ansto\u00dfbreite von 20 mm kompatibel. F\u00fcgen Sie diesen Gurt zu Ihrer Ausr\u00fcstung f\u00fcr all die nassen, schlammigen Bedingungen hinzu, denen Sie bei Ihren Abenteuern begegnen k\u00f6nnten.<\/p>\n<p><strong>Kautschuk:<\/strong> Hervorragender, hochwertiger und haltbarer Fluorkautschuk (FKM).<br \/>\n<strong>Federstege:<\/strong> Hochwertige Schnellspann-Federstege aus Edelstahl<br \/>\n<strong>Schlie\u00dfe:<\/strong> Sandgestrahlte Titanschnalle<br \/>\n<strong>Gr\u00f6\u00dfe:<\/strong> Bandl\u00e4nge: 12 cm + 7,5 cm. Schlie\u00dfenbreite 18 mm<\/p>\n","protected":false},"featured_media":310627,"comment_status":"open","ping_status":"closed","template":"","meta":[],"product_cat":[2836,3905,4225,2837,334],"product_tag":[],"yoast_head":"<!-- This site is optimized with the Yoast SEO plugin v21.9 - https:\/\/yoast.com\/wordpress\/plugins\/seo\/ -->\n<title>RZE - Hexaflex Kautschukarmband - Slate Grey - WATCHBANDIT<\/title>\n<meta name=\"description\" content=\"Klassische Kautschuk Uhrenarmb\u00e4nder bei WatchBandit kaufen \u2713 FKM Kautschuk \u2713 Designed in Berlin \u2713 Schnelle Lieferung \u2713 Trusted Shops zertifiziert \u2713\" \/>\n<meta name=\"robots\" content=\"noindex, follow, max-snippet:-1, max-image-preview:large, max-video-preview:-1\" \/>\n<meta property=\"og:locale\" content=\"de_DE\" \/>\n<meta property=\"og:type\" content=\"article\" \/>\n<meta property=\"og:title\" content=\"RZE - Hexaflex Kautschukarmband - Slate Grey - WATCHBANDIT\" \/>\n<meta property=\"og:description\" content=\"Klassische Kautschuk Uhrenarmb\u00e4nder bei WatchBandit kaufen \u2713 FKM Kautschuk \u2713 Designed in Berlin \u2713 Schnelle Lieferung \u2713 Trusted Shops zertifiziert \u2713\" \/>\n<meta property=\"og:url\" content=\"https:\/\/watch-bandit.com\/de\/produkt\/rze-hexaflex-kautschukarmband-slate-grey\/\" \/>\n<meta property=\"og:site_name\" content=\"WATCHBANDIT\" \/>\n<meta property=\"article:modified_time\" content=\"2024-07-29T19:09:07+00:00\" \/>\n<meta property=\"og:image\" content=\"https:\/\/watch-bandit.com\/wp-content\/uploads\/2022\/12\/Grey-HexaFlex-min.jpg\" \/>\n\t<meta property=\"og:image:width\" content=\"1080\" \/>\n\t<meta property=\"og:image:height\" content=\"1080\" \/>\n\t<meta property=\"og:image:type\" content=\"image\/jpeg\" \/>\n<script type=\"application\/ld+json\" class=\"yoast-schema-graph\">{\"@context\":\"https:\/\/schema.org\",\"@graph\":[{\"@type\":\"WebPage\",\"@id\":\"https:\/\/watch-bandit.com\/de\/produkt\/rze-hexaflex-kautschukarmband-slate-grey\/\",\"url\":\"https:\/\/watch-bandit.com\/de\/produkt\/rze-hexaflex-kautschukarmband-slate-grey\/\",\"name\":\"RZE - Hexaflex Kautschukarmband - Slate Grey - WATCHBANDIT\",\"isPartOf\":{\"@id\":\"https:\/\/watch-bandit.com\/#website\"},\"datePublished\":\"2022-12-15T20:06:08+00:00\",\"dateModified\":\"2024-07-29T19:09:07+00:00\",\"description\":\"Klassische Kautschuk Uhrenarmb\u00e4nder bei WatchBandit kaufen \u2713 FKM Kautschuk \u2713 Designed in Berlin \u2713 Schnelle Lieferung \u2713 Trusted Shops zertifiziert \u2713\",\"breadcrumb\":{\"@id\":\"https:\/\/watch-bandit.com\/de\/produkt\/rze-hexaflex-kautschukarmband-slate-grey\/#breadcrumb\"},\"inLanguage\":\"de-DE\",\"potentialAction\":[{\"@type\":\"ReadAction\",\"target\":[\"https:\/\/watch-bandit.com\/de\/produkt\/rze-hexaflex-kautschukarmband-slate-grey\/\"]}]},{\"@type\":\"BreadcrumbList\",\"@id\":\"https:\/\/watch-bandit.com\/de\/produkt\/rze-hexaflex-kautschukarmband-slate-grey\/#breadcrumb\",\"itemListElement\":[{\"@type\":\"ListItem\",\"position\":1,\"name\":\"Home\",\"item\":\"https:\/\/watchbandit.de\/\"},{\"@type\":\"ListItem\",\"position\":2,\"name\":\"Shop\",\"item\":\"https:\/\/watchbandit.de\/shop\/\"},{\"@type\":\"ListItem\",\"position\":3,\"name\":\"Watch Bands\",\"item\":\"https:\/\/watch-bandit.com\/products\/watch-bands\/\"},{\"@type\":\"ListItem\",\"position\":4,\"name\":\"Rubber Straps\",\"item\":\"https:\/\/watch-bandit.com\/products\/watch-bands\/rubber-straps\/\"},{\"@type\":\"ListItem\",\"position\":5,\"name\":\"Classic Style Rubber Watch Straps\",\"item\":\"https:\/\/watch-bandit.com\/products\/watch-bands\/rubber-straps\/classic-style-rubber-watch-straps\/\"},{\"@type\":\"ListItem\",\"position\":6,\"name\":\"RZE &#8211; Hexaflex Kautschukarmband &#8211; Slate Grey\"}]},{\"@type\":\"WebSite\",\"@id\":\"https:\/\/watch-bandit.com\/#website\",\"url\":\"https:\/\/watch-bandit.com\/\",\"name\":\"WATCHBANDIT\",\"description\":\"Contemporary Wrist Accessories\",\"publisher\":{\"@id\":\"https:\/\/watch-bandit.com\/#organization\"},\"potentialAction\":[{\"@type\":\"SearchAction\",\"target\":{\"@type\":\"EntryPoint\",\"urlTemplate\":\"https:\/\/watch-bandit.com\/?s={search_term_string}\"},\"query-input\":\"required name=search_term_string\"}],\"inLanguage\":\"de-DE\"},{\"@type\":\"Organization\",\"@id\":\"https:\/\/watch-bandit.com\/#organization\",\"name\":\"WatchBandit\",\"url\":\"https:\/\/watch-bandit.com\/\",\"logo\":{\"@type\":\"ImageObject\",\"inLanguage\":\"de-DE\",\"@id\":\"https:\/\/watch-bandit.com\/#\/schema\/logo\/image\/\",\"url\":\"https:\/\/watchbandit.de\/wp-content\/uploads\/2017\/11\/WB_Logo_557x124.png\",\"contentUrl\":\"https:\/\/watchbandit.de\/wp-content\/uploads\/2017\/11\/WB_Logo_557x124.png\",\"width\":557,\"height\":124,\"caption\":\"WatchBandit\"},\"image\":{\"@id\":\"https:\/\/watch-bandit.com\/#\/schema\/logo\/image\/\"}}]}<\/script>\n<!-- \/ Yoast SEO plugin. -->","yoast_head_json":{"title":"RZE - Hexaflex Kautschukarmband - Slate Grey - WATCHBANDIT","description":"Klassische Kautschuk Uhrenarmb\u00e4nder bei WatchBandit kaufen \u2713 FKM Kautschuk \u2713 Designed in Berlin \u2713 Schnelle Lieferung \u2713 Trusted Shops zertifiziert \u2713","robots":{"index":"noindex","follow":"follow","max-snippet":"max-snippet:-1","max-image-preview":"max-image-preview:large","max-video-preview":"max-video-preview:-1"},"og_locale":"de_DE","og_type":"article","og_title":"RZE - Hexaflex Kautschukarmband - Slate Grey - WATCHBANDIT","og_description":"Klassische Kautschuk Uhrenarmb\u00e4nder bei WatchBandit kaufen \u2713 FKM Kautschuk \u2713 Designed in Berlin \u2713 Schnelle Lieferung \u2713 Trusted Shops zertifiziert \u2713","og_url":"https:\/\/watch-bandit.com\/de\/produkt\/rze-hexaflex-kautschukarmband-slate-grey\/","og_site_name":"WATCHBANDIT","article_modified_time":"2024-07-29T19:09:07+00:00","og_image":[{"width":1080,"height":1080,"url":"https:\/\/watch-bandit.com\/wp-content\/uploads\/2022\/12\/Grey-HexaFlex-min.jpg","type":"image\/jpeg"}],"schema":{"@context":"https:\/\/schema.org","@graph":[{"@type":"WebPage","@id":"https:\/\/watch-bandit.com\/de\/produkt\/rze-hexaflex-kautschukarmband-slate-grey\/","url":"https:\/\/watch-bandit.com\/de\/produkt\/rze-hexaflex-kautschukarmband-slate-grey\/","name":"RZE - Hexaflex Kautschukarmband - Slate Grey - WATCHBANDIT","isPartOf":{"@id":"https:\/\/watch-bandit.com\/#website"},"datePublished":"2022-12-15T20:06:08+00:00","dateModified":"2024-07-29T19:09:07+00:00","description":"Klassische Kautschuk Uhrenarmb\u00e4nder bei WatchBandit kaufen \u2713 FKM Kautschuk \u2713 Designed in Berlin \u2713 Schnelle Lieferung \u2713 Trusted Shops zertifiziert \u2713","breadcrumb":{"@id":"https:\/\/watch-bandit.com\/de\/produkt\/rze-hexaflex-kautschukarmband-slate-grey\/#breadcrumb"},"inLanguage":"de-DE","potentialAction":[{"@type":"ReadAction","target":["https:\/\/watch-bandit.com\/de\/produkt\/rze-hexaflex-kautschukarmband-slate-grey\/"]}]},{"@type":"BreadcrumbList","@id":"https:\/\/watch-bandit.com\/de\/produkt\/rze-hexaflex-kautschukarmband-slate-grey\/#breadcrumb","itemListElement":[{"@type":"ListItem","position":1,"name":"Home","item":"https:\/\/watchbandit.de\/"},{"@type":"ListItem","position":2,"name":"Shop","item":"https:\/\/watchbandit.de\/shop\/"},{"@type":"ListItem","position":3,"name":"Watch Bands","item":"https:\/\/watch-bandit.com\/products\/watch-bands\/"},{"@type":"ListItem","position":4,"name":"Rubber Straps","item":"https:\/\/watch-bandit.com\/products\/watch-bands\/rubber-straps\/"},{"@type":"ListItem","position":5,"name":"Classic Style Rubber Watch Straps","item":"https:\/\/watch-bandit.com\/products\/watch-bands\/rubber-straps\/classic-style-rubber-watch-straps\/"},{"@type":"ListItem","position":6,"name":"RZE &#8211; Hexaflex Kautschukarmband &#8211; Slate Grey"}]},{"@type":"WebSite","@id":"https:\/\/watch-bandit.com\/#website","url":"https:\/\/watch-bandit.com\/","name":"WATCHBANDIT","description":"Contemporary Wrist Accessories","publisher":{"@id":"https:\/\/watch-bandit.com\/#organization"},"potentialAction":[{"@type":"SearchAction","target":{"@type":"EntryPoint","urlTemplate":"https:\/\/watch-bandit.com\/?s={search_term_string}"},"query-input":"required name=search_term_string"}],"inLanguage":"de-DE"},{"@type":"Organization","@id":"https:\/\/watch-bandit.com\/#organization","name":"WatchBandit","url":"https:\/\/watch-bandit.com\/","logo":{"@type":"ImageObject","inLanguage":"de-DE","@id":"https:\/\/watch-bandit.com\/#\/schema\/logo\/image\/","url":"https:\/\/watchbandit.de\/wp-content\/uploads\/2017\/11\/WB_Logo_557x124.png","contentUrl":"https:\/\/watchbandit.de\/wp-content\/uploads\/2017\/11\/WB_Logo_557x124.png","width":557,"height":124,"caption":"WatchBandit"},"image":{"@id":"https:\/\/watch-bandit.com\/#\/schema\/logo\/image\/"}}]}},"_links":{"self":[{"href":"https:\/\/watch-bandit.com\/de\/wp-json\/wp\/v2\/product\/310130"}],"collection":[{"href":"https:\/\/watch-bandit.com\/de\/wp-json\/wp\/v2\/product"}],"about":[{"href":"https:\/\/watch-bandit.com\/de\/wp-json\/wp\/v2\/types\/product"}],"replies":[{"embeddable":true,"href":"https:\/\/watch-bandit.com\/de\/wp-json\/wp\/v2\/comments?post=310130"}],"wp:featuredmedia":[{"embeddable":true,"href":"https:\/\/watch-bandit.com\/de\/wp-json\/wp\/v2\/media\/310627"}],"wp:attachment":[{"href":"https:\/\/watch-bandit.com\/de\/wp-json\/wp\/v2\/media?parent=310130"}],"wp:term":[{"taxonomy":"product_cat","embeddable":true,"href":"https:\/\/watch-bandit.com\/de\/wp-json\/wp\/v2\/product_cat?post=310130"},{"taxonomy":"product_tag","embeddable":true,"href":"https:\/\/watch-bandit.com\/de\/wp-json\/wp\/v2\/product_tag?post=310130"}],"curies":[{"name":"wp","href":"https:\/\/api.w.org\/{rel}","templated":true}]}}