{"id":310367,"date":"2022-12-16T14:01:38","date_gmt":"2022-12-16T13:01:41","guid":{"rendered":"https:\/\/watchbandit.com\/?post_type=product&#038;p=310367"},"modified":"2025-03-04T22:21:10","modified_gmt":"2025-03-04T21:21:10","slug":"barington-racing-orange","status":"publish","type":"product","link":"https:\/\/watch-bandit.com\/de\/produkt\/barington-racing-orange\/","title":{"rendered":"Eulit\/Barington &#8211; Racing &#8211; Orange"},"content":{"rendered":"<p>BARINGTON &#8211; hei\u00dft die Kollektion exklusiver Leder-Uhrarmb\u00e4nder f\u00fcr h\u00f6chste Anspr\u00fcche von EULIT, die seit vielen Jahren mit gro\u00dfem Erfolg im deutschen Einzelhandel ihre Abnehmer findet. Neben feinstem, teilweise naturgeschrumpftem und strapazierf\u00e4higem Kalb- und Rindleder, verwenden wir ausgew\u00e4hlte Exotenleder wie z.B. Teju &#8211; Eidechse, Echt Kroko aus kontrollierten Zuchtbetrieben, echtes Haileder und Strau\u00dfen-leder. BARINGTON &#8211; Uhrarmb\u00e4nder zeichnen sich besonders aus durch exklusive Verarbeitungsqualit\u00e4t, hohen Tragekomfort und eine lange Lebensdauer.<\/p>\n","protected":false},"excerpt":{"rendered":"<p>Rembordiertes und stark bombiertes Rindleder-Uhrband mit Lochmuster im \u201eRetro-Look\u201c mit hautfreundlichem Futterleder und Edelstahl-Dornschlie\u00dfe.<\/p>\n<p><strong>Material:<\/strong> Sehr weiches echtes Leder<br \/>\n<strong>Schlie\u00dfe:<\/strong> 316L Edelstahl-Dornschlie\u00dfe in Silber oder Gold<br \/>\n<strong>Gr\u00f6\u00dfe:<\/strong> 11,50 cm + 8 cm<\/p>\n","protected":false},"featured_media":226185,"comment_status":"open","ping_status":"closed","template":"","meta":[],"product_cat":[4227,1539,2849,1562,2837,334],"product_tag":[],"yoast_head":"<!-- This site is optimized with the Yoast SEO plugin v21.9 - https:\/\/yoast.com\/wordpress\/plugins\/seo\/ -->\n<title>Eulit\/Barington - Racing - Orange - WATCHBANDIT<\/title>\n<meta name=\"description\" content=\"BARINGTON von EULIT kaufen\u2705Echtes Leder\u2705Handgefertigt in Deutschland\u2705Trusted Shops zertifiziert\u2705Schneller Versand\u2705\" \/>\n<meta name=\"robots\" content=\"noindex, follow, max-snippet:-1, max-image-preview:large, max-video-preview:-1\" \/>\n<meta property=\"og:locale\" content=\"de_DE\" \/>\n<meta property=\"og:type\" content=\"article\" \/>\n<meta property=\"og:title\" content=\"Eulit\/Barington - Racing - Orange - WATCHBANDIT\" \/>\n<meta property=\"og:description\" content=\"BARINGTON von EULIT kaufen\u2705Echtes Leder\u2705Handgefertigt in Deutschland\u2705Trusted Shops zertifiziert\u2705Schneller Versand\u2705\" \/>\n<meta property=\"og:url\" content=\"https:\/\/watch-bandit.com\/de\/produkt\/barington-racing-orange\/\" \/>\n<meta property=\"og:site_name\" content=\"WATCHBANDIT\" \/>\n<meta property=\"article:modified_time\" content=\"2025-03-04T21:21:10+00:00\" \/>\n<meta property=\"og:image\" content=\"https:\/\/watch-bandit.com\/wp-content\/uploads\/2018\/07\/WB_Barington-by-Eulit-Racing-Strap_Black-orange.jpg\" \/>\n\t<meta property=\"og:image:width\" content=\"1400\" \/>\n\t<meta property=\"og:image:height\" content=\"1700\" \/>\n\t<meta property=\"og:image:type\" content=\"image\/jpeg\" \/>\n<meta name=\"twitter:label1\" content=\"Gesch\u00e4tzte Lesezeit\" \/>\n\t<meta name=\"twitter:data1\" content=\"1 Minute\" \/>\n<script type=\"application\/ld+json\" class=\"yoast-schema-graph\">{\"@context\":\"https:\/\/schema.org\",\"@graph\":[{\"@type\":\"WebPage\",\"@id\":\"https:\/\/watch-bandit.com\/de\/produkt\/barington-racing-orange\/\",\"url\":\"https:\/\/watch-bandit.com\/de\/produkt\/barington-racing-orange\/\",\"name\":\"Eulit\/Barington - Racing - Orange - WATCHBANDIT\",\"isPartOf\":{\"@id\":\"https:\/\/watch-bandit.com\/#website\"},\"datePublished\":\"2022-12-16T13:01:41+00:00\",\"dateModified\":\"2025-03-04T21:21:10+00:00\",\"description\":\"BARINGTON von EULIT kaufen\u2705Echtes Leder\u2705Handgefertigt in Deutschland\u2705Trusted Shops zertifiziert\u2705Schneller Versand\u2705\",\"breadcrumb\":{\"@id\":\"https:\/\/watch-bandit.com\/de\/produkt\/barington-racing-orange\/#breadcrumb\"},\"inLanguage\":\"de-DE\",\"potentialAction\":[{\"@type\":\"ReadAction\",\"target\":[\"https:\/\/watch-bandit.com\/de\/produkt\/barington-racing-orange\/\"]}]},{\"@type\":\"BreadcrumbList\",\"@id\":\"https:\/\/watch-bandit.com\/de\/produkt\/barington-racing-orange\/#breadcrumb\",\"itemListElement\":[{\"@type\":\"ListItem\",\"position\":1,\"name\":\"Home\",\"item\":\"https:\/\/watchbandit.de\/\"},{\"@type\":\"ListItem\",\"position\":2,\"name\":\"Shop\",\"item\":\"https:\/\/watchbandit.de\/shop\/\"},{\"@type\":\"ListItem\",\"position\":3,\"name\":\"Watch Bands\",\"item\":\"https:\/\/watch-bandit.com\/products\/watch-bands\/\"},{\"@type\":\"ListItem\",\"position\":4,\"name\":\"Watch Strap Brands\",\"item\":\"https:\/\/watch-bandit.com\/products\/watch-bands\/watch-strap-brands\/\"},{\"@type\":\"ListItem\",\"position\":5,\"name\":\"Barington\",\"item\":\"https:\/\/watch-bandit.com\/products\/watch-bands\/watch-strap-brands\/barington\/\"},{\"@type\":\"ListItem\",\"position\":6,\"name\":\"Eulit\/Barington &#8211; Racing &#8211; Orange\"}]},{\"@type\":\"WebSite\",\"@id\":\"https:\/\/watch-bandit.com\/#website\",\"url\":\"https:\/\/watch-bandit.com\/\",\"name\":\"WATCHBANDIT\",\"description\":\"Contemporary Wrist Accessories\",\"publisher\":{\"@id\":\"https:\/\/watch-bandit.com\/#organization\"},\"potentialAction\":[{\"@type\":\"SearchAction\",\"target\":{\"@type\":\"EntryPoint\",\"urlTemplate\":\"https:\/\/watch-bandit.com\/?s={search_term_string}\"},\"query-input\":\"required name=search_term_string\"}],\"inLanguage\":\"de-DE\"},{\"@type\":\"Organization\",\"@id\":\"https:\/\/watch-bandit.com\/#organization\",\"name\":\"WatchBandit\",\"url\":\"https:\/\/watch-bandit.com\/\",\"logo\":{\"@type\":\"ImageObject\",\"inLanguage\":\"de-DE\",\"@id\":\"https:\/\/watch-bandit.com\/#\/schema\/logo\/image\/\",\"url\":\"https:\/\/watchbandit.de\/wp-content\/uploads\/2017\/11\/WB_Logo_557x124.png\",\"contentUrl\":\"https:\/\/watchbandit.de\/wp-content\/uploads\/2017\/11\/WB_Logo_557x124.png\",\"width\":557,\"height\":124,\"caption\":\"WatchBandit\"},\"image\":{\"@id\":\"https:\/\/watch-bandit.com\/#\/schema\/logo\/image\/\"}}]}<\/script>\n<!-- \/ Yoast SEO plugin. -->","yoast_head_json":{"title":"Eulit\/Barington - Racing - Orange - WATCHBANDIT","description":"BARINGTON von EULIT kaufen\u2705Echtes Leder\u2705Handgefertigt in Deutschland\u2705Trusted Shops zertifiziert\u2705Schneller Versand\u2705","robots":{"index":"noindex","follow":"follow","max-snippet":"max-snippet:-1","max-image-preview":"max-image-preview:large","max-video-preview":"max-video-preview:-1"},"og_locale":"de_DE","og_type":"article","og_title":"Eulit\/Barington - Racing - Orange - WATCHBANDIT","og_description":"BARINGTON von EULIT kaufen\u2705Echtes Leder\u2705Handgefertigt in Deutschland\u2705Trusted Shops zertifiziert\u2705Schneller Versand\u2705","og_url":"https:\/\/watch-bandit.com\/de\/produkt\/barington-racing-orange\/","og_site_name":"WATCHBANDIT","article_modified_time":"2025-03-04T21:21:10+00:00","og_image":[{"width":1400,"height":1700,"url":"https:\/\/watch-bandit.com\/wp-content\/uploads\/2018\/07\/WB_Barington-by-Eulit-Racing-Strap_Black-orange.jpg","type":"image\/jpeg"}],"twitter_misc":{"Gesch\u00e4tzte Lesezeit":"1 Minute"},"schema":{"@context":"https:\/\/schema.org","@graph":[{"@type":"WebPage","@id":"https:\/\/watch-bandit.com\/de\/produkt\/barington-racing-orange\/","url":"https:\/\/watch-bandit.com\/de\/produkt\/barington-racing-orange\/","name":"Eulit\/Barington - Racing - Orange - WATCHBANDIT","isPartOf":{"@id":"https:\/\/watch-bandit.com\/#website"},"datePublished":"2022-12-16T13:01:41+00:00","dateModified":"2025-03-04T21:21:10+00:00","description":"BARINGTON von EULIT kaufen\u2705Echtes Leder\u2705Handgefertigt in Deutschland\u2705Trusted Shops zertifiziert\u2705Schneller Versand\u2705","breadcrumb":{"@id":"https:\/\/watch-bandit.com\/de\/produkt\/barington-racing-orange\/#breadcrumb"},"inLanguage":"de-DE","potentialAction":[{"@type":"ReadAction","target":["https:\/\/watch-bandit.com\/de\/produkt\/barington-racing-orange\/"]}]},{"@type":"BreadcrumbList","@id":"https:\/\/watch-bandit.com\/de\/produkt\/barington-racing-orange\/#breadcrumb","itemListElement":[{"@type":"ListItem","position":1,"name":"Home","item":"https:\/\/watchbandit.de\/"},{"@type":"ListItem","position":2,"name":"Shop","item":"https:\/\/watchbandit.de\/shop\/"},{"@type":"ListItem","position":3,"name":"Watch Bands","item":"https:\/\/watch-bandit.com\/products\/watch-bands\/"},{"@type":"ListItem","position":4,"name":"Watch Strap Brands","item":"https:\/\/watch-bandit.com\/products\/watch-bands\/watch-strap-brands\/"},{"@type":"ListItem","position":5,"name":"Barington","item":"https:\/\/watch-bandit.com\/products\/watch-bands\/watch-strap-brands\/barington\/"},{"@type":"ListItem","position":6,"name":"Eulit\/Barington &#8211; Racing &#8211; Orange"}]},{"@type":"WebSite","@id":"https:\/\/watch-bandit.com\/#website","url":"https:\/\/watch-bandit.com\/","name":"WATCHBANDIT","description":"Contemporary Wrist Accessories","publisher":{"@id":"https:\/\/watch-bandit.com\/#organization"},"potentialAction":[{"@type":"SearchAction","target":{"@type":"EntryPoint","urlTemplate":"https:\/\/watch-bandit.com\/?s={search_term_string}"},"query-input":"required name=search_term_string"}],"inLanguage":"de-DE"},{"@type":"Organization","@id":"https:\/\/watch-bandit.com\/#organization","name":"WatchBandit","url":"https:\/\/watch-bandit.com\/","logo":{"@type":"ImageObject","inLanguage":"de-DE","@id":"https:\/\/watch-bandit.com\/#\/schema\/logo\/image\/","url":"https:\/\/watchbandit.de\/wp-content\/uploads\/2017\/11\/WB_Logo_557x124.png","contentUrl":"https:\/\/watchbandit.de\/wp-content\/uploads\/2017\/11\/WB_Logo_557x124.png","width":557,"height":124,"caption":"WatchBandit"},"image":{"@id":"https:\/\/watch-bandit.com\/#\/schema\/logo\/image\/"}}]}},"_links":{"self":[{"href":"https:\/\/watch-bandit.com\/de\/wp-json\/wp\/v2\/product\/310367"}],"collection":[{"href":"https:\/\/watch-bandit.com\/de\/wp-json\/wp\/v2\/product"}],"about":[{"href":"https:\/\/watch-bandit.com\/de\/wp-json\/wp\/v2\/types\/product"}],"replies":[{"embeddable":true,"href":"https:\/\/watch-bandit.com\/de\/wp-json\/wp\/v2\/comments?post=310367"}],"wp:featuredmedia":[{"embeddable":true,"href":"https:\/\/watch-bandit.com\/de\/wp-json\/wp\/v2\/media\/226185"}],"wp:attachment":[{"href":"https:\/\/watch-bandit.com\/de\/wp-json\/wp\/v2\/media?parent=310367"}],"wp:term":[{"taxonomy":"product_cat","embeddable":true,"href":"https:\/\/watch-bandit.com\/de\/wp-json\/wp\/v2\/product_cat?post=310367"},{"taxonomy":"product_tag","embeddable":true,"href":"https:\/\/watch-bandit.com\/de\/wp-json\/wp\/v2\/product_tag?post=310367"}],"curies":[{"name":"wp","href":"https:\/\/api.w.org\/{rel}","templated":true}]}}