{"id":310698,"date":"2022-12-22T12:48:17","date_gmt":"2022-12-22T11:48:18","guid":{"rendered":"https:\/\/watchbandit.com\/?post_type=product&#038;p=310698"},"modified":"2024-10-26T22:52:34","modified_gmt":"2024-10-26T20:52:34","slug":"ocean-crawler-great-lakes-diver-v3-purple","status":"publish","type":"product","link":"https:\/\/watch-bandit.com\/de\/produkt\/ocean-crawler-great-lakes-diver-v3-purple\/","title":{"rendered":"Ocean Crawler &#8211; Great Lakes Diver V3 &#8211; Purple"},"content":{"rendered":"<h3>Die Great Lakes Diver von Ocean Crawler<\/h3>\n<p>Die Great Lakes Diver wurde als ultimative Taucheruhr entwickelt. Jeder einzelne Ocean Crawler wurde in Wasser getaucht und gr\u00fcndlich getestet, um Dr\u00fccken von bis zu 1000 Fu\u00df standzuhalten. Der Great Lakes Diver ist ein Muss unter Wasser f\u00fcr Wassersportler, die tauchen, speeren und sogar den Meeresboden erkunden. Der Great Lakes Diver verf\u00fcgt \u00fcber eine interne Tauchl\u00fcnette in einem Kompressorgeh\u00e4use. Ein Helium-Ablassventil befindet sich um 9 Uhr. Jede Einheit enth\u00e4lt sowohl ein Segeltuchband als auch ein Lederband. Sie kommen in 3 Zifferbl\u00e4ttern; Jedes Zifferblatt ist nach einem Tauchplatz in Great Lakes benannt. Silber: Isle Royale, Schwarz: Sanilac Shores und Blau: Whitefish Point. Das Uhrwerk im Inneren ist ein reguliertes Sellita SW200-1-Uhrwerk. Es hat eine Schlagfrequenz von 28.800 Vibrationen pro Stunde und wurde f\u00fcr zus\u00e4tzliche Genauigkeit verbessert. Es gibt nur 400 Einheiten aus dem Great Lakes Diver und alle sind mit einer eindeutigen Seriennummer versehen. Ein Muss unter Wasser Zubeh\u00f6r Jeder einzelne Great Lakes Diver wurde in Wasser getaucht und gr\u00fcndlich getestet, um einem Druck standzuhalten, der viel h\u00f6her ist als der unter 1000 Fu\u00df. Aus diesem Grund sind Ocean Crawler-Uhren Ihr bester Freund f\u00fcr Wassersport, Tauchen, Speerfischen und sogar f\u00fcr die Erkundung des Meeresbodens. Nicht alle Taucheruhren wurden gleich erstellt. Dies macht den Ocean Crawler zur besten verf\u00fcgbaren Taucheruhr. Holen Sie sich Ihre eigene Limited Ocean Crawler-Uhr, bevor der limitierte Lagerbestand aufgebraucht ist<\/p>\n","protected":false},"excerpt":{"rendered":"<p>Die Great Lakes Diver wurde als ultimative Taucheruhr entwickelt. Jeder einzelne Ocean Crawler wurde in Wasser getaucht und gr\u00fcndlich getestet, um Dr\u00fccken von bis zu 1000 Fu\u00df standzuhalten. Der Great Lakes Diver ist ein Muss unter Wasser f\u00fcr Wassersportler, die tauchen, speeren und sogar den Meeresboden erkunden. Der Great Lakes Diver verf\u00fcgt \u00fcber eine interne Tauchl\u00fcnette in einem Kompressorgeh\u00e4use. Ein Helium-Ablassventil befindet sich um 9 Uhr. Jede Einheit enth\u00e4lt sowohl ein Segeltuchband als auch ein Lederband. Sie kommen in 3 Zifferbl\u00e4ttern; Jedes Zifferblatt ist nach einem Tauchplatz in Great Lakes benannt. Silber: Isle Royale, Schwarz: Sanilac Shores und Blau: Whitefish Point. Das Uhrwerk im Inneren ist ein reguliertes Schweizer Sellita SW200-1-Uhrwerk.<\/p>\n<p><em><span style=\"text-decoration: underline;\"><strong>Hinweis:<\/strong><\/span> Von den Core Diver GMTs bestehen <strong>nur 100 Einheiten <\/strong>und alle Uhren sind mit einer individuellen Seriennummer versehen.<\/em><\/p>\n<p><strong>Uhrwerk<\/strong>: Swiss Made Sellita SW200-1<br \/>\n<strong>Geh\u00e4use<\/strong>: 316L Edelstahl mit 40 mm Durchmesser<br \/>\n<strong>Wasserdichtigkeit<\/strong>: 300 Meter \/ 30 ATM<br \/>\n<strong>Armband<\/strong>: Kevlar- und ein Lederarmband<\/p>\n","protected":false},"featured_media":310744,"comment_status":"open","ping_status":"closed","template":"","meta":[],"product_cat":[3284,37],"product_tag":[],"yoast_head":"<!-- This site is optimized with the Yoast SEO plugin v21.9 - https:\/\/yoast.com\/wordpress\/plugins\/seo\/ -->\n<title>Ocean Crawler - Great Lakes Diver V3 - Purple - WATCHBANDIT<\/title>\n<meta name=\"description\" content=\"Ocean Crawler Great Lakes Diver bei Watchbandit kaufen \u2713 Autorisierter H\u00e4ndler \u2713 Swiss made \u2713 TrustedShops zertifiziert \u2713 Passion aus Berlin seit 2014 \u2713\" \/>\n<meta name=\"robots\" content=\"noindex, follow, max-snippet:-1, max-image-preview:large, max-video-preview:-1\" \/>\n<meta property=\"og:locale\" content=\"de_DE\" \/>\n<meta property=\"og:type\" content=\"article\" \/>\n<meta property=\"og:title\" content=\"Ocean Crawler - Great Lakes Diver V3 - Purple - WATCHBANDIT\" \/>\n<meta property=\"og:description\" content=\"Ocean Crawler Great Lakes Diver bei Watchbandit kaufen \u2713 Autorisierter H\u00e4ndler \u2713 Swiss made \u2713 TrustedShops zertifiziert \u2713 Passion aus Berlin seit 2014 \u2713\" \/>\n<meta property=\"og:url\" content=\"https:\/\/watch-bandit.com\/de\/produkt\/ocean-crawler-great-lakes-diver-v3-purple\/\" \/>\n<meta property=\"og:site_name\" content=\"WATCHBANDIT\" \/>\n<meta property=\"article:modified_time\" content=\"2024-10-26T20:52:34+00:00\" \/>\n<meta property=\"og:image\" content=\"https:\/\/watch-bandit.com\/wp-content\/uploads\/2022\/12\/Ocean-Crawler-Great-Lakes-Diver-V3-Purple-min.jpg\" \/>\n\t<meta property=\"og:image:width\" content=\"1400\" \/>\n\t<meta property=\"og:image:height\" content=\"1700\" \/>\n\t<meta property=\"og:image:type\" content=\"image\/jpeg\" \/>\n<meta name=\"twitter:label1\" content=\"Gesch\u00e4tzte Lesezeit\" \/>\n\t<meta name=\"twitter:data1\" content=\"1 Minute\" \/>\n<script type=\"application\/ld+json\" class=\"yoast-schema-graph\">{\"@context\":\"https:\/\/schema.org\",\"@graph\":[{\"@type\":\"WebPage\",\"@id\":\"https:\/\/watch-bandit.com\/de\/produkt\/ocean-crawler-great-lakes-diver-v3-purple\/\",\"url\":\"https:\/\/watch-bandit.com\/de\/produkt\/ocean-crawler-great-lakes-diver-v3-purple\/\",\"name\":\"Ocean Crawler - Great Lakes Diver V3 - Purple - WATCHBANDIT\",\"isPartOf\":{\"@id\":\"https:\/\/watch-bandit.com\/#website\"},\"datePublished\":\"2022-12-22T11:48:18+00:00\",\"dateModified\":\"2024-10-26T20:52:34+00:00\",\"description\":\"Ocean Crawler Great Lakes Diver bei Watchbandit kaufen \u2713 Autorisierter H\u00e4ndler \u2713 Swiss made \u2713 TrustedShops zertifiziert \u2713 Passion aus Berlin seit 2014 \u2713\",\"breadcrumb\":{\"@id\":\"https:\/\/watch-bandit.com\/de\/produkt\/ocean-crawler-great-lakes-diver-v3-purple\/#breadcrumb\"},\"inLanguage\":\"de-DE\",\"potentialAction\":[{\"@type\":\"ReadAction\",\"target\":[\"https:\/\/watch-bandit.com\/de\/produkt\/ocean-crawler-great-lakes-diver-v3-purple\/\"]}]},{\"@type\":\"BreadcrumbList\",\"@id\":\"https:\/\/watch-bandit.com\/de\/produkt\/ocean-crawler-great-lakes-diver-v3-purple\/#breadcrumb\",\"itemListElement\":[{\"@type\":\"ListItem\",\"position\":1,\"name\":\"Home\",\"item\":\"https:\/\/watchbandit.de\/\"},{\"@type\":\"ListItem\",\"position\":2,\"name\":\"Shop\",\"item\":\"https:\/\/watchbandit.de\/shop\/\"},{\"@type\":\"ListItem\",\"position\":3,\"name\":\"Watches\",\"item\":\"https:\/\/watch-bandit.com\/products\/watches\/\"},{\"@type\":\"ListItem\",\"position\":4,\"name\":\"Ocean Crawler\",\"item\":\"https:\/\/watch-bandit.com\/products\/watches\/ocean-crawler\/\"},{\"@type\":\"ListItem\",\"position\":5,\"name\":\"Ocean Crawler &#8211; Great Lakes Diver V3 &#8211; Purple\"}]},{\"@type\":\"WebSite\",\"@id\":\"https:\/\/watch-bandit.com\/#website\",\"url\":\"https:\/\/watch-bandit.com\/\",\"name\":\"WATCHBANDIT\",\"description\":\"Contemporary Wrist Accessories\",\"publisher\":{\"@id\":\"https:\/\/watch-bandit.com\/#organization\"},\"potentialAction\":[{\"@type\":\"SearchAction\",\"target\":{\"@type\":\"EntryPoint\",\"urlTemplate\":\"https:\/\/watch-bandit.com\/?s={search_term_string}\"},\"query-input\":\"required name=search_term_string\"}],\"inLanguage\":\"de-DE\"},{\"@type\":\"Organization\",\"@id\":\"https:\/\/watch-bandit.com\/#organization\",\"name\":\"WatchBandit\",\"url\":\"https:\/\/watch-bandit.com\/\",\"logo\":{\"@type\":\"ImageObject\",\"inLanguage\":\"de-DE\",\"@id\":\"https:\/\/watch-bandit.com\/#\/schema\/logo\/image\/\",\"url\":\"https:\/\/watchbandit.de\/wp-content\/uploads\/2017\/11\/WB_Logo_557x124.png\",\"contentUrl\":\"https:\/\/watchbandit.de\/wp-content\/uploads\/2017\/11\/WB_Logo_557x124.png\",\"width\":557,\"height\":124,\"caption\":\"WatchBandit\"},\"image\":{\"@id\":\"https:\/\/watch-bandit.com\/#\/schema\/logo\/image\/\"}}]}<\/script>\n<!-- \/ Yoast SEO plugin. -->","yoast_head_json":{"title":"Ocean Crawler - Great Lakes Diver V3 - Purple - WATCHBANDIT","description":"Ocean Crawler Great Lakes Diver bei Watchbandit kaufen \u2713 Autorisierter H\u00e4ndler \u2713 Swiss made \u2713 TrustedShops zertifiziert \u2713 Passion aus Berlin seit 2014 \u2713","robots":{"index":"noindex","follow":"follow","max-snippet":"max-snippet:-1","max-image-preview":"max-image-preview:large","max-video-preview":"max-video-preview:-1"},"og_locale":"de_DE","og_type":"article","og_title":"Ocean Crawler - Great Lakes Diver V3 - Purple - WATCHBANDIT","og_description":"Ocean Crawler Great Lakes Diver bei Watchbandit kaufen \u2713 Autorisierter H\u00e4ndler \u2713 Swiss made \u2713 TrustedShops zertifiziert \u2713 Passion aus Berlin seit 2014 \u2713","og_url":"https:\/\/watch-bandit.com\/de\/produkt\/ocean-crawler-great-lakes-diver-v3-purple\/","og_site_name":"WATCHBANDIT","article_modified_time":"2024-10-26T20:52:34+00:00","og_image":[{"width":1400,"height":1700,"url":"https:\/\/watch-bandit.com\/wp-content\/uploads\/2022\/12\/Ocean-Crawler-Great-Lakes-Diver-V3-Purple-min.jpg","type":"image\/jpeg"}],"twitter_misc":{"Gesch\u00e4tzte Lesezeit":"1 Minute"},"schema":{"@context":"https:\/\/schema.org","@graph":[{"@type":"WebPage","@id":"https:\/\/watch-bandit.com\/de\/produkt\/ocean-crawler-great-lakes-diver-v3-purple\/","url":"https:\/\/watch-bandit.com\/de\/produkt\/ocean-crawler-great-lakes-diver-v3-purple\/","name":"Ocean Crawler - Great Lakes Diver V3 - Purple - WATCHBANDIT","isPartOf":{"@id":"https:\/\/watch-bandit.com\/#website"},"datePublished":"2022-12-22T11:48:18+00:00","dateModified":"2024-10-26T20:52:34+00:00","description":"Ocean Crawler Great Lakes Diver bei Watchbandit kaufen \u2713 Autorisierter H\u00e4ndler \u2713 Swiss made \u2713 TrustedShops zertifiziert \u2713 Passion aus Berlin seit 2014 \u2713","breadcrumb":{"@id":"https:\/\/watch-bandit.com\/de\/produkt\/ocean-crawler-great-lakes-diver-v3-purple\/#breadcrumb"},"inLanguage":"de-DE","potentialAction":[{"@type":"ReadAction","target":["https:\/\/watch-bandit.com\/de\/produkt\/ocean-crawler-great-lakes-diver-v3-purple\/"]}]},{"@type":"BreadcrumbList","@id":"https:\/\/watch-bandit.com\/de\/produkt\/ocean-crawler-great-lakes-diver-v3-purple\/#breadcrumb","itemListElement":[{"@type":"ListItem","position":1,"name":"Home","item":"https:\/\/watchbandit.de\/"},{"@type":"ListItem","position":2,"name":"Shop","item":"https:\/\/watchbandit.de\/shop\/"},{"@type":"ListItem","position":3,"name":"Watches","item":"https:\/\/watch-bandit.com\/products\/watches\/"},{"@type":"ListItem","position":4,"name":"Ocean Crawler","item":"https:\/\/watch-bandit.com\/products\/watches\/ocean-crawler\/"},{"@type":"ListItem","position":5,"name":"Ocean Crawler &#8211; Great Lakes Diver V3 &#8211; Purple"}]},{"@type":"WebSite","@id":"https:\/\/watch-bandit.com\/#website","url":"https:\/\/watch-bandit.com\/","name":"WATCHBANDIT","description":"Contemporary Wrist Accessories","publisher":{"@id":"https:\/\/watch-bandit.com\/#organization"},"potentialAction":[{"@type":"SearchAction","target":{"@type":"EntryPoint","urlTemplate":"https:\/\/watch-bandit.com\/?s={search_term_string}"},"query-input":"required name=search_term_string"}],"inLanguage":"de-DE"},{"@type":"Organization","@id":"https:\/\/watch-bandit.com\/#organization","name":"WatchBandit","url":"https:\/\/watch-bandit.com\/","logo":{"@type":"ImageObject","inLanguage":"de-DE","@id":"https:\/\/watch-bandit.com\/#\/schema\/logo\/image\/","url":"https:\/\/watchbandit.de\/wp-content\/uploads\/2017\/11\/WB_Logo_557x124.png","contentUrl":"https:\/\/watchbandit.de\/wp-content\/uploads\/2017\/11\/WB_Logo_557x124.png","width":557,"height":124,"caption":"WatchBandit"},"image":{"@id":"https:\/\/watch-bandit.com\/#\/schema\/logo\/image\/"}}]}},"_links":{"self":[{"href":"https:\/\/watch-bandit.com\/de\/wp-json\/wp\/v2\/product\/310698"}],"collection":[{"href":"https:\/\/watch-bandit.com\/de\/wp-json\/wp\/v2\/product"}],"about":[{"href":"https:\/\/watch-bandit.com\/de\/wp-json\/wp\/v2\/types\/product"}],"replies":[{"embeddable":true,"href":"https:\/\/watch-bandit.com\/de\/wp-json\/wp\/v2\/comments?post=310698"}],"wp:featuredmedia":[{"embeddable":true,"href":"https:\/\/watch-bandit.com\/de\/wp-json\/wp\/v2\/media\/310744"}],"wp:attachment":[{"href":"https:\/\/watch-bandit.com\/de\/wp-json\/wp\/v2\/media?parent=310698"}],"wp:term":[{"taxonomy":"product_cat","embeddable":true,"href":"https:\/\/watch-bandit.com\/de\/wp-json\/wp\/v2\/product_cat?post=310698"},{"taxonomy":"product_tag","embeddable":true,"href":"https:\/\/watch-bandit.com\/de\/wp-json\/wp\/v2\/product_tag?post=310698"}],"curies":[{"name":"wp","href":"https:\/\/api.w.org\/{rel}","templated":true}]}}