{"id":311753,"date":"2023-01-13T10:13:26","date_gmt":"2023-01-13T09:13:26","guid":{"rendered":"https:\/\/watchbandit.com\/?post_type=product&#038;p=311753"},"modified":"2024-08-05T12:54:19","modified_gmt":"2024-08-05T10:54:19","slug":"allemano-collection-1919-gmt","status":"publish","type":"product","link":"https:\/\/watch-bandit.com\/de\/produkt\/allemano-collection-1919-gmt\/","title":{"rendered":"Allemano &#8211; Collection 1919 &#8211; GMT"},"content":{"rendered":"","protected":false},"excerpt":{"rendered":"<p>GMT (Greenwich Mean Time) ist das Modell schlechthin f\u00fcr diejenigen, die reisen und ihr Leben zwischen verschiedenen Zielen\u2026 und Zeitzonen verbringen und sich mit Pr\u00e4zision und P\u00fcnktlichkeit bewegen. Ein Misuratore del Tempo, der die richtige Einstellung zum t\u00e4glichen Leben im dritten Jahrtausend widerspiegelt.<\/p>\n<p><strong>Uhrwerk<\/strong>: Schweizer Uhrwerk mit Handaufzug<br \/>\n<strong>Geh\u00e4use<\/strong>: Edelstahl 316L mit 44 mm Durchmesser<br \/>\n<strong>Armband<\/strong>: Italienisches Leder, Stahlschnalle und Faltschlie\u00dfe, gepaart mit dem Finish des Geh\u00e4uses<\/p>\n","protected":false},"featured_media":312155,"comment_status":"open","ping_status":"closed","template":"","meta":[],"product_cat":[4500,37],"product_tag":[],"yoast_head":"<!-- This site is optimized with the Yoast SEO plugin v21.9 - https:\/\/yoast.com\/wordpress\/plugins\/seo\/ -->\n<title>Allemano - Collection 1919 - GMT - WATCHBANDIT<\/title>\n<meta name=\"description\" content=\"Le Jour GMT Uhren bei WatchBandit kaufen \u2713 Authorisierter H\u00e4ndler \u2713 Swiss made \u2713 Trusted Shops zertifiziert \u2713 Kostenlose weltweite Lieferung \u2713\" \/>\n<meta name=\"robots\" content=\"noindex, follow, max-snippet:-1, max-image-preview:large, max-video-preview:-1\" \/>\n<meta property=\"og:locale\" content=\"de_DE\" \/>\n<meta property=\"og:type\" content=\"article\" \/>\n<meta property=\"og:title\" content=\"Allemano - Collection 1919 - GMT - WATCHBANDIT\" \/>\n<meta property=\"og:description\" content=\"Le Jour GMT Uhren bei WatchBandit kaufen \u2713 Authorisierter H\u00e4ndler \u2713 Swiss made \u2713 Trusted Shops zertifiziert \u2713 Kostenlose weltweite Lieferung \u2713\" \/>\n<meta property=\"og:url\" content=\"https:\/\/watch-bandit.com\/de\/produkt\/allemano-collection-1919-gmt\/\" \/>\n<meta property=\"og:site_name\" content=\"WATCHBANDIT\" \/>\n<meta property=\"article:modified_time\" content=\"2024-08-05T10:54:19+00:00\" \/>\n<meta property=\"og:image\" content=\"https:\/\/watch-bandit.com\/wp-content\/uploads\/2023\/01\/Allemano-Collection-1919-GMT-min.jpg\" \/>\n\t<meta property=\"og:image:width\" content=\"1400\" \/>\n\t<meta property=\"og:image:height\" content=\"1700\" \/>\n\t<meta property=\"og:image:type\" content=\"image\/jpeg\" \/>\n<script type=\"application\/ld+json\" class=\"yoast-schema-graph\">{\"@context\":\"https:\/\/schema.org\",\"@graph\":[{\"@type\":\"WebPage\",\"@id\":\"https:\/\/watch-bandit.com\/de\/produkt\/allemano-collection-1919-gmt\/\",\"url\":\"https:\/\/watch-bandit.com\/de\/produkt\/allemano-collection-1919-gmt\/\",\"name\":\"Allemano - Collection 1919 - GMT - WATCHBANDIT\",\"isPartOf\":{\"@id\":\"https:\/\/watch-bandit.com\/#website\"},\"datePublished\":\"2023-01-13T09:13:26+00:00\",\"dateModified\":\"2024-08-05T10:54:19+00:00\",\"description\":\"Le Jour GMT Uhren bei WatchBandit kaufen \u2713 Authorisierter H\u00e4ndler \u2713 Swiss made \u2713 Trusted Shops zertifiziert \u2713 Kostenlose weltweite Lieferung \u2713\",\"breadcrumb\":{\"@id\":\"https:\/\/watch-bandit.com\/de\/produkt\/allemano-collection-1919-gmt\/#breadcrumb\"},\"inLanguage\":\"de-DE\",\"potentialAction\":[{\"@type\":\"ReadAction\",\"target\":[\"https:\/\/watch-bandit.com\/de\/produkt\/allemano-collection-1919-gmt\/\"]}]},{\"@type\":\"BreadcrumbList\",\"@id\":\"https:\/\/watch-bandit.com\/de\/produkt\/allemano-collection-1919-gmt\/#breadcrumb\",\"itemListElement\":[{\"@type\":\"ListItem\",\"position\":1,\"name\":\"Home\",\"item\":\"https:\/\/watchbandit.de\/\"},{\"@type\":\"ListItem\",\"position\":2,\"name\":\"Shop\",\"item\":\"https:\/\/watchbandit.de\/shop\/\"},{\"@type\":\"ListItem\",\"position\":3,\"name\":\"Watches\",\"item\":\"https:\/\/watch-bandit.com\/products\/watches\/\"},{\"@type\":\"ListItem\",\"position\":4,\"name\":\"Allemano\",\"item\":\"https:\/\/watch-bandit.com\/products\/watches\/allemano\/\"},{\"@type\":\"ListItem\",\"position\":5,\"name\":\"Allemano &#8211; Collection 1919 &#8211; GMT\"}]},{\"@type\":\"WebSite\",\"@id\":\"https:\/\/watch-bandit.com\/#website\",\"url\":\"https:\/\/watch-bandit.com\/\",\"name\":\"WATCHBANDIT\",\"description\":\"Contemporary Wrist Accessories\",\"publisher\":{\"@id\":\"https:\/\/watch-bandit.com\/#organization\"},\"potentialAction\":[{\"@type\":\"SearchAction\",\"target\":{\"@type\":\"EntryPoint\",\"urlTemplate\":\"https:\/\/watch-bandit.com\/?s={search_term_string}\"},\"query-input\":\"required name=search_term_string\"}],\"inLanguage\":\"de-DE\"},{\"@type\":\"Organization\",\"@id\":\"https:\/\/watch-bandit.com\/#organization\",\"name\":\"WatchBandit\",\"url\":\"https:\/\/watch-bandit.com\/\",\"logo\":{\"@type\":\"ImageObject\",\"inLanguage\":\"de-DE\",\"@id\":\"https:\/\/watch-bandit.com\/#\/schema\/logo\/image\/\",\"url\":\"https:\/\/watchbandit.de\/wp-content\/uploads\/2017\/11\/WB_Logo_557x124.png\",\"contentUrl\":\"https:\/\/watchbandit.de\/wp-content\/uploads\/2017\/11\/WB_Logo_557x124.png\",\"width\":557,\"height\":124,\"caption\":\"WatchBandit\"},\"image\":{\"@id\":\"https:\/\/watch-bandit.com\/#\/schema\/logo\/image\/\"}}]}<\/script>\n<!-- \/ Yoast SEO plugin. -->","yoast_head_json":{"title":"Allemano - Collection 1919 - GMT - WATCHBANDIT","description":"Le Jour GMT Uhren bei WatchBandit kaufen \u2713 Authorisierter H\u00e4ndler \u2713 Swiss made \u2713 Trusted Shops zertifiziert \u2713 Kostenlose weltweite Lieferung \u2713","robots":{"index":"noindex","follow":"follow","max-snippet":"max-snippet:-1","max-image-preview":"max-image-preview:large","max-video-preview":"max-video-preview:-1"},"og_locale":"de_DE","og_type":"article","og_title":"Allemano - Collection 1919 - GMT - WATCHBANDIT","og_description":"Le Jour GMT Uhren bei WatchBandit kaufen \u2713 Authorisierter H\u00e4ndler \u2713 Swiss made \u2713 Trusted Shops zertifiziert \u2713 Kostenlose weltweite Lieferung \u2713","og_url":"https:\/\/watch-bandit.com\/de\/produkt\/allemano-collection-1919-gmt\/","og_site_name":"WATCHBANDIT","article_modified_time":"2024-08-05T10:54:19+00:00","og_image":[{"width":1400,"height":1700,"url":"https:\/\/watch-bandit.com\/wp-content\/uploads\/2023\/01\/Allemano-Collection-1919-GMT-min.jpg","type":"image\/jpeg"}],"schema":{"@context":"https:\/\/schema.org","@graph":[{"@type":"WebPage","@id":"https:\/\/watch-bandit.com\/de\/produkt\/allemano-collection-1919-gmt\/","url":"https:\/\/watch-bandit.com\/de\/produkt\/allemano-collection-1919-gmt\/","name":"Allemano - Collection 1919 - GMT - WATCHBANDIT","isPartOf":{"@id":"https:\/\/watch-bandit.com\/#website"},"datePublished":"2023-01-13T09:13:26+00:00","dateModified":"2024-08-05T10:54:19+00:00","description":"Le Jour GMT Uhren bei WatchBandit kaufen \u2713 Authorisierter H\u00e4ndler \u2713 Swiss made \u2713 Trusted Shops zertifiziert \u2713 Kostenlose weltweite Lieferung \u2713","breadcrumb":{"@id":"https:\/\/watch-bandit.com\/de\/produkt\/allemano-collection-1919-gmt\/#breadcrumb"},"inLanguage":"de-DE","potentialAction":[{"@type":"ReadAction","target":["https:\/\/watch-bandit.com\/de\/produkt\/allemano-collection-1919-gmt\/"]}]},{"@type":"BreadcrumbList","@id":"https:\/\/watch-bandit.com\/de\/produkt\/allemano-collection-1919-gmt\/#breadcrumb","itemListElement":[{"@type":"ListItem","position":1,"name":"Home","item":"https:\/\/watchbandit.de\/"},{"@type":"ListItem","position":2,"name":"Shop","item":"https:\/\/watchbandit.de\/shop\/"},{"@type":"ListItem","position":3,"name":"Watches","item":"https:\/\/watch-bandit.com\/products\/watches\/"},{"@type":"ListItem","position":4,"name":"Allemano","item":"https:\/\/watch-bandit.com\/products\/watches\/allemano\/"},{"@type":"ListItem","position":5,"name":"Allemano &#8211; Collection 1919 &#8211; GMT"}]},{"@type":"WebSite","@id":"https:\/\/watch-bandit.com\/#website","url":"https:\/\/watch-bandit.com\/","name":"WATCHBANDIT","description":"Contemporary Wrist Accessories","publisher":{"@id":"https:\/\/watch-bandit.com\/#organization"},"potentialAction":[{"@type":"SearchAction","target":{"@type":"EntryPoint","urlTemplate":"https:\/\/watch-bandit.com\/?s={search_term_string}"},"query-input":"required name=search_term_string"}],"inLanguage":"de-DE"},{"@type":"Organization","@id":"https:\/\/watch-bandit.com\/#organization","name":"WatchBandit","url":"https:\/\/watch-bandit.com\/","logo":{"@type":"ImageObject","inLanguage":"de-DE","@id":"https:\/\/watch-bandit.com\/#\/schema\/logo\/image\/","url":"https:\/\/watchbandit.de\/wp-content\/uploads\/2017\/11\/WB_Logo_557x124.png","contentUrl":"https:\/\/watchbandit.de\/wp-content\/uploads\/2017\/11\/WB_Logo_557x124.png","width":557,"height":124,"caption":"WatchBandit"},"image":{"@id":"https:\/\/watch-bandit.com\/#\/schema\/logo\/image\/"}}]}},"_links":{"self":[{"href":"https:\/\/watch-bandit.com\/de\/wp-json\/wp\/v2\/product\/311753"}],"collection":[{"href":"https:\/\/watch-bandit.com\/de\/wp-json\/wp\/v2\/product"}],"about":[{"href":"https:\/\/watch-bandit.com\/de\/wp-json\/wp\/v2\/types\/product"}],"replies":[{"embeddable":true,"href":"https:\/\/watch-bandit.com\/de\/wp-json\/wp\/v2\/comments?post=311753"}],"wp:featuredmedia":[{"embeddable":true,"href":"https:\/\/watch-bandit.com\/de\/wp-json\/wp\/v2\/media\/312155"}],"wp:attachment":[{"href":"https:\/\/watch-bandit.com\/de\/wp-json\/wp\/v2\/media?parent=311753"}],"wp:term":[{"taxonomy":"product_cat","embeddable":true,"href":"https:\/\/watch-bandit.com\/de\/wp-json\/wp\/v2\/product_cat?post=311753"},{"taxonomy":"product_tag","embeddable":true,"href":"https:\/\/watch-bandit.com\/de\/wp-json\/wp\/v2\/product_tag?post=311753"}],"curies":[{"name":"wp","href":"https:\/\/api.w.org\/{rel}","templated":true}]}}