{"id":315173,"date":"2023-03-14T12:39:20","date_gmt":"2023-03-14T11:39:21","guid":{"rendered":"https:\/\/watchbandit.com\/?post_type=product&#038;p=315173"},"modified":"2025-11-21T17:06:41","modified_gmt":"2025-11-21T16:06:41","slug":"hybrid-segeltuch-kautschuk-uhrenarmband-blau-wb-original","status":"publish","type":"product","link":"https:\/\/watch-bandit.com\/de\/produkt\/hybrid-segeltuch-kautschuk-uhrenarmband-blau-wb-original\/","title":{"rendered":"Hybrid Segeltuch\/Kautschuk Uhrenarmband &#8211; Blau | WB Original"},"content":{"rendered":"<h3>Hybrid-Segeltuch\/Kautschuk Uhrenarmband<\/h3>\n<p>Unsere WatchBandit Original Performance Uhrenarmb\u00e4nder bestehen aus hochwertigem und haltbarem Fluorkautschuk (FKM). Entworfen in Deutschland, Berlin und zusammen mit den besten Uhrenarmbandfabriken hergestellt, setzen wir unsere jahrelange Erfahrung ein, um Premium-Uhrenarmb\u00e4nder erschwinglich zu machen. Aufgrund ihrer Langlebigkeit, ihres Komforts und ihres einzigartigen Designs wurde das Tropical Style Rubber Armband in den 60er und 70er Jahren f\u00fcr eine Reihe von Sport- und insbesondere Taucheruhren ber\u00fchmt. Dar\u00fcber hinaus waren sie f\u00fcr viele bekannte Uhrenhersteller h\u00e4ufig OEM-Standard. Der Gurt hat oben ein ausgepr\u00e4gtes Kreuzschraffurmuster und eine gepr\u00e4gte rautenf\u00f6rmige Unterseite mit vielen Kan\u00e4len, um Wasser und Schwei\u00df abzuleiten. Watchbandit hat sich der Herstellung hochwertiger Uhrenarmb\u00e4nder zu erschwinglichen Preisen verschrieben.<\/p>\n","protected":false},"excerpt":{"rendered":"<p>Wir stellen das neue Hybrid-Segeltuch\/Kautschuk-Uhrenarmband von WatchBandit Original vor, das perfekte Accessoire f\u00fcr Uhrenliebhaber, die Wert auf Qualit\u00e4t und Langlebigkeit legen. Dieses hochwertige Armband ist aus hochwertigem Fluorkautschuk (FKM) und Segeltuchnylon gefertigt und kombiniert das Beste aus beiden Welten, um ein einzigartiges und stilvolles Uhrenarmband zu schaffen.<\/p>\n<p>Mit Schnellverschluss-Federstegen war das Wechseln Ihres Uhrenarmbands noch nie so einfach. Die Schlie\u00dfe aus 316L-Edelstahl ist geb\u00fcrstet und mit einer WB-Gravur versehen, die den eleganten und raffinierten Look des Armbands unterstreicht.<\/p>\n<p>WatchBandit Original B\u00e4nder werden in Deutschland, Berlin, entworfen und mit jahrelanger Erfahrung und Expertise hergestellt.\u00a0 Egal, ob Sie eine l\u00e4ssige oder elegante Uhr haben, dieses Hybrid-Uhrenarmband aus Segeltuch\/Gummi ist die perfekte Erg\u00e4nzung f\u00fcr jede Kollektion. Werten Sie Ihren Stil auf und genie\u00dfen Sie noch heute den Komfort und die Haltbarkeit dieses hochwertigen Armbands.<\/p>\n<p><strong>Kautschuk\/Segeltuch<\/strong>: Hervorragender, hochwertiger und haltbarer Fluorkautschuk (FKM) und Segeltuch-Nylon.<br \/>\n<strong>Federstege<\/strong>: Hochwertige Schnellverschluss-Federstege aus Edelstahl<br \/>\n<strong>Schlie\u00dfe<\/strong>: Geb\u00fcrsteter Edelstahl 316L mit WB-Logo<br \/>\n<strong>Gr\u00f6\u00dfe:<\/strong> Bandl\u00e4nge: 12 cm + 7 cm. <strong>Dicke<\/strong>: 3-5 mm. <strong>Schlie\u00dfenbreite<\/strong>: 2 mm weniger als die Bandansto\u00dfbreite<\/p>\n","protected":false},"featured_media":315209,"comment_status":"open","ping_status":"closed","template":"","meta":[],"product_cat":[4296,2836,3814,2837,334,2976],"product_tag":[],"yoast_head":"<!-- This site is optimized with the Yoast SEO plugin v21.9 - https:\/\/yoast.com\/wordpress\/plugins\/seo\/ -->\n<title>Hybrid Segeltuch\/Kautschuk Uhrenarmband - Blau | WB Original - WATCHBANDIT<\/title>\n<meta name=\"description\" content=\"Performance Kautschuk Uhrenarmb\u00e4nder bei WatchBandit kaufen \u2713 FKM Kautschuk \u2713 Designed in Berlin \u2713 Schnelle Lieferung \u2713 Trusted Shops \u2713\" \/>\n<meta name=\"robots\" content=\"noindex, follow, max-snippet:-1, max-image-preview:large, max-video-preview:-1\" \/>\n<meta property=\"og:locale\" content=\"de_DE\" \/>\n<meta property=\"og:type\" content=\"article\" \/>\n<meta property=\"og:title\" content=\"Hybrid Segeltuch\/Kautschuk Uhrenarmband - Blau | WB Original - WATCHBANDIT\" \/>\n<meta property=\"og:description\" content=\"Performance Kautschuk Uhrenarmb\u00e4nder bei WatchBandit kaufen \u2713 FKM Kautschuk \u2713 Designed in Berlin \u2713 Schnelle Lieferung \u2713 Trusted Shops \u2713\" \/>\n<meta property=\"og:url\" content=\"https:\/\/watch-bandit.com\/de\/produkt\/hybrid-segeltuch-kautschuk-uhrenarmband-blau-wb-original\/\" \/>\n<meta property=\"og:site_name\" content=\"WATCHBANDIT\" \/>\n<meta property=\"article:modified_time\" content=\"2025-11-21T16:06:41+00:00\" \/>\n<meta property=\"og:image\" content=\"https:\/\/watch-bandit.com\/wp-content\/uploads\/2023\/03\/Rubber-Sailcloth-strap-Blue-min.jpg\" \/>\n\t<meta property=\"og:image:width\" content=\"1400\" \/>\n\t<meta property=\"og:image:height\" content=\"1700\" \/>\n\t<meta property=\"og:image:type\" content=\"image\/jpeg\" \/>\n<meta name=\"twitter:label1\" content=\"Gesch\u00e4tzte Lesezeit\" \/>\n\t<meta name=\"twitter:data1\" content=\"1 Minute\" \/>\n<script type=\"application\/ld+json\" class=\"yoast-schema-graph\">{\"@context\":\"https:\/\/schema.org\",\"@graph\":[{\"@type\":\"WebPage\",\"@id\":\"https:\/\/watch-bandit.com\/de\/produkt\/hybrid-segeltuch-kautschuk-uhrenarmband-blau-wb-original\/\",\"url\":\"https:\/\/watch-bandit.com\/de\/produkt\/hybrid-segeltuch-kautschuk-uhrenarmband-blau-wb-original\/\",\"name\":\"Hybrid Segeltuch\/Kautschuk Uhrenarmband - Blau | WB Original - WATCHBANDIT\",\"isPartOf\":{\"@id\":\"https:\/\/watch-bandit.com\/#website\"},\"datePublished\":\"2023-03-14T11:39:21+00:00\",\"dateModified\":\"2025-11-21T16:06:41+00:00\",\"description\":\"Performance Kautschuk Uhrenarmb\u00e4nder bei WatchBandit kaufen \u2713 FKM Kautschuk \u2713 Designed in Berlin \u2713 Schnelle Lieferung \u2713 Trusted Shops \u2713\",\"breadcrumb\":{\"@id\":\"https:\/\/watch-bandit.com\/de\/produkt\/hybrid-segeltuch-kautschuk-uhrenarmband-blau-wb-original\/#breadcrumb\"},\"inLanguage\":\"de-DE\",\"potentialAction\":[{\"@type\":\"ReadAction\",\"target\":[\"https:\/\/watch-bandit.com\/de\/produkt\/hybrid-segeltuch-kautschuk-uhrenarmband-blau-wb-original\/\"]}]},{\"@type\":\"BreadcrumbList\",\"@id\":\"https:\/\/watch-bandit.com\/de\/produkt\/hybrid-segeltuch-kautschuk-uhrenarmband-blau-wb-original\/#breadcrumb\",\"itemListElement\":[{\"@type\":\"ListItem\",\"position\":1,\"name\":\"Home\",\"item\":\"https:\/\/watchbandit.de\/\"},{\"@type\":\"ListItem\",\"position\":2,\"name\":\"Shop\",\"item\":\"https:\/\/watchbandit.de\/shop\/\"},{\"@type\":\"ListItem\",\"position\":3,\"name\":\"Watch Bands\",\"item\":\"https:\/\/watch-bandit.com\/products\/watch-bands\/\"},{\"@type\":\"ListItem\",\"position\":4,\"name\":\"Hybrid Segeltuch\/Kautschuk Uhrenarmband &#8211; Blau | WB Original\"}]},{\"@type\":\"WebSite\",\"@id\":\"https:\/\/watch-bandit.com\/#website\",\"url\":\"https:\/\/watch-bandit.com\/\",\"name\":\"WATCHBANDIT\",\"description\":\"Contemporary Wrist Accessories\",\"publisher\":{\"@id\":\"https:\/\/watch-bandit.com\/#organization\"},\"potentialAction\":[{\"@type\":\"SearchAction\",\"target\":{\"@type\":\"EntryPoint\",\"urlTemplate\":\"https:\/\/watch-bandit.com\/?s={search_term_string}\"},\"query-input\":\"required name=search_term_string\"}],\"inLanguage\":\"de-DE\"},{\"@type\":\"Organization\",\"@id\":\"https:\/\/watch-bandit.com\/#organization\",\"name\":\"WatchBandit\",\"url\":\"https:\/\/watch-bandit.com\/\",\"logo\":{\"@type\":\"ImageObject\",\"inLanguage\":\"de-DE\",\"@id\":\"https:\/\/watch-bandit.com\/#\/schema\/logo\/image\/\",\"url\":\"https:\/\/watchbandit.de\/wp-content\/uploads\/2017\/11\/WB_Logo_557x124.png\",\"contentUrl\":\"https:\/\/watchbandit.de\/wp-content\/uploads\/2017\/11\/WB_Logo_557x124.png\",\"width\":557,\"height\":124,\"caption\":\"WatchBandit\"},\"image\":{\"@id\":\"https:\/\/watch-bandit.com\/#\/schema\/logo\/image\/\"}}]}<\/script>\n<!-- \/ Yoast SEO plugin. -->","yoast_head_json":{"title":"Hybrid Segeltuch\/Kautschuk Uhrenarmband - Blau | WB Original - WATCHBANDIT","description":"Performance Kautschuk Uhrenarmb\u00e4nder bei WatchBandit kaufen \u2713 FKM Kautschuk \u2713 Designed in Berlin \u2713 Schnelle Lieferung \u2713 Trusted Shops \u2713","robots":{"index":"noindex","follow":"follow","max-snippet":"max-snippet:-1","max-image-preview":"max-image-preview:large","max-video-preview":"max-video-preview:-1"},"og_locale":"de_DE","og_type":"article","og_title":"Hybrid Segeltuch\/Kautschuk Uhrenarmband - Blau | WB Original - WATCHBANDIT","og_description":"Performance Kautschuk Uhrenarmb\u00e4nder bei WatchBandit kaufen \u2713 FKM Kautschuk \u2713 Designed in Berlin \u2713 Schnelle Lieferung \u2713 Trusted Shops \u2713","og_url":"https:\/\/watch-bandit.com\/de\/produkt\/hybrid-segeltuch-kautschuk-uhrenarmband-blau-wb-original\/","og_site_name":"WATCHBANDIT","article_modified_time":"2025-11-21T16:06:41+00:00","og_image":[{"width":1400,"height":1700,"url":"https:\/\/watch-bandit.com\/wp-content\/uploads\/2023\/03\/Rubber-Sailcloth-strap-Blue-min.jpg","type":"image\/jpeg"}],"twitter_misc":{"Gesch\u00e4tzte Lesezeit":"1 Minute"},"schema":{"@context":"https:\/\/schema.org","@graph":[{"@type":"WebPage","@id":"https:\/\/watch-bandit.com\/de\/produkt\/hybrid-segeltuch-kautschuk-uhrenarmband-blau-wb-original\/","url":"https:\/\/watch-bandit.com\/de\/produkt\/hybrid-segeltuch-kautschuk-uhrenarmband-blau-wb-original\/","name":"Hybrid Segeltuch\/Kautschuk Uhrenarmband - Blau | WB Original - WATCHBANDIT","isPartOf":{"@id":"https:\/\/watch-bandit.com\/#website"},"datePublished":"2023-03-14T11:39:21+00:00","dateModified":"2025-11-21T16:06:41+00:00","description":"Performance Kautschuk Uhrenarmb\u00e4nder bei WatchBandit kaufen \u2713 FKM Kautschuk \u2713 Designed in Berlin \u2713 Schnelle Lieferung \u2713 Trusted Shops \u2713","breadcrumb":{"@id":"https:\/\/watch-bandit.com\/de\/produkt\/hybrid-segeltuch-kautschuk-uhrenarmband-blau-wb-original\/#breadcrumb"},"inLanguage":"de-DE","potentialAction":[{"@type":"ReadAction","target":["https:\/\/watch-bandit.com\/de\/produkt\/hybrid-segeltuch-kautschuk-uhrenarmband-blau-wb-original\/"]}]},{"@type":"BreadcrumbList","@id":"https:\/\/watch-bandit.com\/de\/produkt\/hybrid-segeltuch-kautschuk-uhrenarmband-blau-wb-original\/#breadcrumb","itemListElement":[{"@type":"ListItem","position":1,"name":"Home","item":"https:\/\/watchbandit.de\/"},{"@type":"ListItem","position":2,"name":"Shop","item":"https:\/\/watchbandit.de\/shop\/"},{"@type":"ListItem","position":3,"name":"Watch Bands","item":"https:\/\/watch-bandit.com\/products\/watch-bands\/"},{"@type":"ListItem","position":4,"name":"Hybrid Segeltuch\/Kautschuk Uhrenarmband &#8211; Blau | WB Original"}]},{"@type":"WebSite","@id":"https:\/\/watch-bandit.com\/#website","url":"https:\/\/watch-bandit.com\/","name":"WATCHBANDIT","description":"Contemporary Wrist Accessories","publisher":{"@id":"https:\/\/watch-bandit.com\/#organization"},"potentialAction":[{"@type":"SearchAction","target":{"@type":"EntryPoint","urlTemplate":"https:\/\/watch-bandit.com\/?s={search_term_string}"},"query-input":"required name=search_term_string"}],"inLanguage":"de-DE"},{"@type":"Organization","@id":"https:\/\/watch-bandit.com\/#organization","name":"WatchBandit","url":"https:\/\/watch-bandit.com\/","logo":{"@type":"ImageObject","inLanguage":"de-DE","@id":"https:\/\/watch-bandit.com\/#\/schema\/logo\/image\/","url":"https:\/\/watchbandit.de\/wp-content\/uploads\/2017\/11\/WB_Logo_557x124.png","contentUrl":"https:\/\/watchbandit.de\/wp-content\/uploads\/2017\/11\/WB_Logo_557x124.png","width":557,"height":124,"caption":"WatchBandit"},"image":{"@id":"https:\/\/watch-bandit.com\/#\/schema\/logo\/image\/"}}]}},"_links":{"self":[{"href":"https:\/\/watch-bandit.com\/de\/wp-json\/wp\/v2\/product\/315173"}],"collection":[{"href":"https:\/\/watch-bandit.com\/de\/wp-json\/wp\/v2\/product"}],"about":[{"href":"https:\/\/watch-bandit.com\/de\/wp-json\/wp\/v2\/types\/product"}],"replies":[{"embeddable":true,"href":"https:\/\/watch-bandit.com\/de\/wp-json\/wp\/v2\/comments?post=315173"}],"wp:featuredmedia":[{"embeddable":true,"href":"https:\/\/watch-bandit.com\/de\/wp-json\/wp\/v2\/media\/315209"}],"wp:attachment":[{"href":"https:\/\/watch-bandit.com\/de\/wp-json\/wp\/v2\/media?parent=315173"}],"wp:term":[{"taxonomy":"product_cat","embeddable":true,"href":"https:\/\/watch-bandit.com\/de\/wp-json\/wp\/v2\/product_cat?post=315173"},{"taxonomy":"product_tag","embeddable":true,"href":"https:\/\/watch-bandit.com\/de\/wp-json\/wp\/v2\/product_tag?post=315173"}],"curies":[{"name":"wp","href":"https:\/\/api.w.org\/{rel}","templated":true}]}}