{"id":315995,"date":"2023-03-29T11:30:34","date_gmt":"2023-03-29T09:30:34","guid":{"rendered":"https:\/\/watchbandit.com\/?post_type=product&#038;p=315995"},"modified":"2023-06-13T11:05:12","modified_gmt":"2023-06-13T09:05:12","slug":"second-hour-mandala-mkii-mandala-burst-limited-edition","status":"publish","type":"product","link":"https:\/\/watch-bandit.com\/de\/produkt\/second-hour-mandala-mkii-mandala-burst-limited-edition\/","title":{"rendered":"Second Hour &#8211; Mandala MKII &#8211; Mandala Burst &#8211; Purple &#8211; Limited Edition"},"content":{"rendered":"","protected":false},"excerpt":{"rendered":"<p>Das Mandala baut auf der Designsprache von Second Hour Watches und unserer Liebe zu komplexer, komplement\u00e4rer Geometrie auf. Diese unglaubliche Uhr verwirklicht eine Verbindung zwischen dem Psychedelischen und Heiligen und der raffinierten Mechanik des modernen Industriezeitalters. Das Mandala verk\u00f6rpert den Designansatz von Second Hour, der versucht, das Mystische und das Mechanische durch den Einsatz moderner Materialien und Methoden in Einklang zu bringen und Spannungen zwischen diesen gegens\u00e4tzlichen Kr\u00e4ften aufzul\u00f6sen. Die Uhr strahlt eine sportliche, aber elegante Eleganz aus und hat eine unglaubliche Vielseitigkeit. Die atemberaubende Komplexit\u00e4t des Zifferblatts, der individuell dekorierte Rotor und die wunderbaren Details werden diejenigen ansprechen, die sich nach einzigartigem Design sehnen und eine Uhr suchen, die bequem vom Sitzungssaal in die Cocktailbar \u00fcbergehen kann. Die Zifferblattfarben reichen von der seri\u00f6sen Sportuhren\u00e4sthetik (schwarze und graue Zifferbl\u00e4tter) bis hin zur lustigen, l\u00e4ssigen Eleganz der Zifferbl\u00e4tter in Pale Blue und Salmon und dem traditionelleren Hellblau. Es gibt ein Mandala f\u00fcr die meisten Stimmungen und Stilpr\u00e4ferenzen. Die legend\u00e4re kratzfeste Second Hour-Beschichtung auf 316L-Stahl \u2013 Geh\u00e4use, Armband und Schlie\u00dfe \u2013 erh\u00f6ht den H\u00e4rtewert auf 800 HV auf der Vickers-Skala.<\/p>\n<p><strong>Uhrwerk:<\/strong> Japanisches Miyota 9015 Hochschlag-Automatikwerk mit 24 Steinen<br \/>\n<strong>Geh\u00e4use:<\/strong> 316L Edelstahl mit 800 Vickers Oberfl\u00e4chenh\u00e4rtung, 40 mm Durchmesser, 10,5 mm Dicke, flaches Saphirglas mit Antireflexbeschichtung<br \/>\n<strong>Wasserdichtigkeit:<\/strong> 10 ATM \/ 100 Meter \/ 330 Fu\u00df<br \/>\n<strong>Armband:<\/strong> Ma\u00dfgeschneidertes 9-gliedriges Armband mit soliden Endgliedern und Schraubstiftarmband<\/p>\n","protected":false},"featured_media":316382,"comment_status":"open","ping_status":"closed","template":"","meta":[],"product_cat":[4256,37],"product_tag":[],"yoast_head":"<!-- This site is optimized with the Yoast SEO plugin v21.9 - https:\/\/yoast.com\/wordpress\/plugins\/seo\/ -->\n<title>Second Hour - Mandala MKII - Mandala Burst - Purple - Limited Edition - WATCHBANDIT<\/title>\n<meta name=\"description\" content=\"Second Hour Watches bei WatchBandit kaufen\u2714\ufe0fAutorisierter H\u00e4ndler\u2714\ufe0fMechanisch\u2714\ufe0fkostenlose &amp; schnelle Lieferung\u2714\ufe0fTrusted Shops\u2714\ufe0f\" \/>\n<meta name=\"robots\" content=\"noindex, follow, max-snippet:-1, max-image-preview:large, max-video-preview:-1\" \/>\n<meta property=\"og:locale\" content=\"de_DE\" \/>\n<meta property=\"og:type\" content=\"article\" \/>\n<meta property=\"og:title\" content=\"Second Hour - Mandala MKII - Mandala Burst - Purple - Limited Edition - WATCHBANDIT\" \/>\n<meta property=\"og:description\" content=\"Second Hour Watches bei WatchBandit kaufen\u2714\ufe0fAutorisierter H\u00e4ndler\u2714\ufe0fMechanisch\u2714\ufe0fkostenlose &amp; schnelle Lieferung\u2714\ufe0fTrusted Shops\u2714\ufe0f\" \/>\n<meta property=\"og:url\" content=\"https:\/\/watch-bandit.com\/de\/produkt\/second-hour-mandala-mkii-mandala-burst-limited-edition\/\" \/>\n<meta property=\"og:site_name\" content=\"WATCHBANDIT\" \/>\n<meta property=\"article:modified_time\" content=\"2023-06-13T09:05:12+00:00\" \/>\n<meta property=\"og:image\" content=\"https:\/\/watch-bandit.com\/wp-content\/uploads\/2023\/03\/Second-Hour-Mandala-MKII-Mandala-Burst-Limited-Edition-min.jpg\" \/>\n\t<meta property=\"og:image:width\" content=\"1400\" \/>\n\t<meta property=\"og:image:height\" content=\"1700\" \/>\n\t<meta property=\"og:image:type\" content=\"image\/jpeg\" \/>\n<script type=\"application\/ld+json\" class=\"yoast-schema-graph\">{\"@context\":\"https:\/\/schema.org\",\"@graph\":[{\"@type\":\"WebPage\",\"@id\":\"https:\/\/watch-bandit.com\/de\/produkt\/second-hour-mandala-mkii-mandala-burst-limited-edition\/\",\"url\":\"https:\/\/watch-bandit.com\/de\/produkt\/second-hour-mandala-mkii-mandala-burst-limited-edition\/\",\"name\":\"Second Hour - Mandala MKII - Mandala Burst - Purple - Limited Edition - WATCHBANDIT\",\"isPartOf\":{\"@id\":\"https:\/\/watch-bandit.com\/#website\"},\"datePublished\":\"2023-03-29T09:30:34+00:00\",\"dateModified\":\"2023-06-13T09:05:12+00:00\",\"description\":\"Second Hour Watches bei WatchBandit kaufen\u2714\ufe0fAutorisierter H\u00e4ndler\u2714\ufe0fMechanisch\u2714\ufe0fkostenlose & schnelle Lieferung\u2714\ufe0fTrusted Shops\u2714\ufe0f\",\"breadcrumb\":{\"@id\":\"https:\/\/watch-bandit.com\/de\/produkt\/second-hour-mandala-mkii-mandala-burst-limited-edition\/#breadcrumb\"},\"inLanguage\":\"de-DE\",\"potentialAction\":[{\"@type\":\"ReadAction\",\"target\":[\"https:\/\/watch-bandit.com\/de\/produkt\/second-hour-mandala-mkii-mandala-burst-limited-edition\/\"]}]},{\"@type\":\"BreadcrumbList\",\"@id\":\"https:\/\/watch-bandit.com\/de\/produkt\/second-hour-mandala-mkii-mandala-burst-limited-edition\/#breadcrumb\",\"itemListElement\":[{\"@type\":\"ListItem\",\"position\":1,\"name\":\"Home\",\"item\":\"https:\/\/watchbandit.de\/\"},{\"@type\":\"ListItem\",\"position\":2,\"name\":\"Shop\",\"item\":\"https:\/\/watchbandit.de\/shop\/\"},{\"@type\":\"ListItem\",\"position\":3,\"name\":\"Watches\",\"item\":\"https:\/\/watch-bandit.com\/products\/watches\/\"},{\"@type\":\"ListItem\",\"position\":4,\"name\":\"Second Hour\",\"item\":\"https:\/\/watch-bandit.com\/products\/watches\/second-hour\/\"},{\"@type\":\"ListItem\",\"position\":5,\"name\":\"Second Hour &#8211; Mandala MKII &#8211; Mandala Burst &#8211; Purple &#8211; Limited Edition\"}]},{\"@type\":\"WebSite\",\"@id\":\"https:\/\/watch-bandit.com\/#website\",\"url\":\"https:\/\/watch-bandit.com\/\",\"name\":\"WATCHBANDIT\",\"description\":\"Contemporary Wrist Accessories\",\"publisher\":{\"@id\":\"https:\/\/watch-bandit.com\/#organization\"},\"potentialAction\":[{\"@type\":\"SearchAction\",\"target\":{\"@type\":\"EntryPoint\",\"urlTemplate\":\"https:\/\/watch-bandit.com\/?s={search_term_string}\"},\"query-input\":\"required name=search_term_string\"}],\"inLanguage\":\"de-DE\"},{\"@type\":\"Organization\",\"@id\":\"https:\/\/watch-bandit.com\/#organization\",\"name\":\"WatchBandit\",\"url\":\"https:\/\/watch-bandit.com\/\",\"logo\":{\"@type\":\"ImageObject\",\"inLanguage\":\"de-DE\",\"@id\":\"https:\/\/watch-bandit.com\/#\/schema\/logo\/image\/\",\"url\":\"https:\/\/watchbandit.de\/wp-content\/uploads\/2017\/11\/WB_Logo_557x124.png\",\"contentUrl\":\"https:\/\/watchbandit.de\/wp-content\/uploads\/2017\/11\/WB_Logo_557x124.png\",\"width\":557,\"height\":124,\"caption\":\"WatchBandit\"},\"image\":{\"@id\":\"https:\/\/watch-bandit.com\/#\/schema\/logo\/image\/\"}}]}<\/script>\n<!-- \/ Yoast SEO plugin. -->","yoast_head_json":{"title":"Second Hour - Mandala MKII - Mandala Burst - Purple - Limited Edition - WATCHBANDIT","description":"Second Hour Watches bei WatchBandit kaufen\u2714\ufe0fAutorisierter H\u00e4ndler\u2714\ufe0fMechanisch\u2714\ufe0fkostenlose & schnelle Lieferung\u2714\ufe0fTrusted Shops\u2714\ufe0f","robots":{"index":"noindex","follow":"follow","max-snippet":"max-snippet:-1","max-image-preview":"max-image-preview:large","max-video-preview":"max-video-preview:-1"},"og_locale":"de_DE","og_type":"article","og_title":"Second Hour - Mandala MKII - Mandala Burst - Purple - Limited Edition - WATCHBANDIT","og_description":"Second Hour Watches bei WatchBandit kaufen\u2714\ufe0fAutorisierter H\u00e4ndler\u2714\ufe0fMechanisch\u2714\ufe0fkostenlose & schnelle Lieferung\u2714\ufe0fTrusted Shops\u2714\ufe0f","og_url":"https:\/\/watch-bandit.com\/de\/produkt\/second-hour-mandala-mkii-mandala-burst-limited-edition\/","og_site_name":"WATCHBANDIT","article_modified_time":"2023-06-13T09:05:12+00:00","og_image":[{"width":1400,"height":1700,"url":"https:\/\/watch-bandit.com\/wp-content\/uploads\/2023\/03\/Second-Hour-Mandala-MKII-Mandala-Burst-Limited-Edition-min.jpg","type":"image\/jpeg"}],"schema":{"@context":"https:\/\/schema.org","@graph":[{"@type":"WebPage","@id":"https:\/\/watch-bandit.com\/de\/produkt\/second-hour-mandala-mkii-mandala-burst-limited-edition\/","url":"https:\/\/watch-bandit.com\/de\/produkt\/second-hour-mandala-mkii-mandala-burst-limited-edition\/","name":"Second Hour - Mandala MKII - Mandala Burst - Purple - Limited Edition - WATCHBANDIT","isPartOf":{"@id":"https:\/\/watch-bandit.com\/#website"},"datePublished":"2023-03-29T09:30:34+00:00","dateModified":"2023-06-13T09:05:12+00:00","description":"Second Hour Watches bei WatchBandit kaufen\u2714\ufe0fAutorisierter H\u00e4ndler\u2714\ufe0fMechanisch\u2714\ufe0fkostenlose & schnelle Lieferung\u2714\ufe0fTrusted Shops\u2714\ufe0f","breadcrumb":{"@id":"https:\/\/watch-bandit.com\/de\/produkt\/second-hour-mandala-mkii-mandala-burst-limited-edition\/#breadcrumb"},"inLanguage":"de-DE","potentialAction":[{"@type":"ReadAction","target":["https:\/\/watch-bandit.com\/de\/produkt\/second-hour-mandala-mkii-mandala-burst-limited-edition\/"]}]},{"@type":"BreadcrumbList","@id":"https:\/\/watch-bandit.com\/de\/produkt\/second-hour-mandala-mkii-mandala-burst-limited-edition\/#breadcrumb","itemListElement":[{"@type":"ListItem","position":1,"name":"Home","item":"https:\/\/watchbandit.de\/"},{"@type":"ListItem","position":2,"name":"Shop","item":"https:\/\/watchbandit.de\/shop\/"},{"@type":"ListItem","position":3,"name":"Watches","item":"https:\/\/watch-bandit.com\/products\/watches\/"},{"@type":"ListItem","position":4,"name":"Second Hour","item":"https:\/\/watch-bandit.com\/products\/watches\/second-hour\/"},{"@type":"ListItem","position":5,"name":"Second Hour &#8211; Mandala MKII &#8211; Mandala Burst &#8211; Purple &#8211; Limited Edition"}]},{"@type":"WebSite","@id":"https:\/\/watch-bandit.com\/#website","url":"https:\/\/watch-bandit.com\/","name":"WATCHBANDIT","description":"Contemporary Wrist Accessories","publisher":{"@id":"https:\/\/watch-bandit.com\/#organization"},"potentialAction":[{"@type":"SearchAction","target":{"@type":"EntryPoint","urlTemplate":"https:\/\/watch-bandit.com\/?s={search_term_string}"},"query-input":"required name=search_term_string"}],"inLanguage":"de-DE"},{"@type":"Organization","@id":"https:\/\/watch-bandit.com\/#organization","name":"WatchBandit","url":"https:\/\/watch-bandit.com\/","logo":{"@type":"ImageObject","inLanguage":"de-DE","@id":"https:\/\/watch-bandit.com\/#\/schema\/logo\/image\/","url":"https:\/\/watchbandit.de\/wp-content\/uploads\/2017\/11\/WB_Logo_557x124.png","contentUrl":"https:\/\/watchbandit.de\/wp-content\/uploads\/2017\/11\/WB_Logo_557x124.png","width":557,"height":124,"caption":"WatchBandit"},"image":{"@id":"https:\/\/watch-bandit.com\/#\/schema\/logo\/image\/"}}]}},"_links":{"self":[{"href":"https:\/\/watch-bandit.com\/de\/wp-json\/wp\/v2\/product\/315995"}],"collection":[{"href":"https:\/\/watch-bandit.com\/de\/wp-json\/wp\/v2\/product"}],"about":[{"href":"https:\/\/watch-bandit.com\/de\/wp-json\/wp\/v2\/types\/product"}],"replies":[{"embeddable":true,"href":"https:\/\/watch-bandit.com\/de\/wp-json\/wp\/v2\/comments?post=315995"}],"wp:featuredmedia":[{"embeddable":true,"href":"https:\/\/watch-bandit.com\/de\/wp-json\/wp\/v2\/media\/316382"}],"wp:attachment":[{"href":"https:\/\/watch-bandit.com\/de\/wp-json\/wp\/v2\/media?parent=315995"}],"wp:term":[{"taxonomy":"product_cat","embeddable":true,"href":"https:\/\/watch-bandit.com\/de\/wp-json\/wp\/v2\/product_cat?post=315995"},{"taxonomy":"product_tag","embeddable":true,"href":"https:\/\/watch-bandit.com\/de\/wp-json\/wp\/v2\/product_tag?post=315995"}],"curies":[{"name":"wp","href":"https:\/\/api.w.org\/{rel}","templated":true}]}}