{"id":317773,"date":"2023-04-28T12:35:38","date_gmt":"2023-04-28T10:35:39","guid":{"rendered":"https:\/\/watchbandit.com\/?post_type=product&#038;p=317773"},"modified":"2024-02-15T13:43:55","modified_gmt":"2024-02-15T12:43:55","slug":"squale-1521-black-militaire-sandgestrahlt-tropic-1521milbl-ht","status":"publish","type":"product","link":"https:\/\/watch-bandit.com\/de\/produkt\/squale-1521-black-militaire-sandgestrahlt-tropic-1521milbl-ht\/","title":{"rendered":"Squale &#8211; 1521 Black Militaire &#8211; Sandgestrahlt &#8211; Tropic &#8211; 1521MILBL.HT"},"content":{"rendered":"<h4>Squale Uhren bei WatchBandit kaufen\ud83c\udde8\ud83c\uddedSwiss Made\ud83c\udde8\ud83c\uddedAutorisierter H\u00e4ndler \u2705 TrustedShops-zertifiziert \u2705 Schnelle Lieferung \u2705 Seit 2014 \u2705<\/h4>\n","protected":false},"excerpt":{"rendered":"<p>Dies ist eine sportliche und klassische Taucheruhr von Squale mit dem ber\u00fchmten und charakteristischen &#8220;von B\u00fcren&#8221; Geh\u00e4use. Ein absoluter Klassiker aus den 70ern mit sch\u00f6nen Details. Ausgestattet mit beidseitig entspiegeltem Saphirglas f\u00fcr optimale Lesbarkeit unter allen Umst\u00e4nden und einem starken und zuverl\u00e4ssigen Schweizer Automatikwerk. Ein au\u00dfergew\u00f6hnlicher Klassiker, der die technische Entwicklung professioneller Taucheruhren mitgestaltete.<\/p>\n<p><strong>Uhrwerk:<\/strong> Swiss Sellita SW200 Automatik (Elabor\u00e9)<br \/>\n<strong>Geh\u00e4use:<\/strong>\u00a0Poliert 316L rostfreier\u00a0Edelstahl 42mm im\u00a0Durchmesser, 13mm H\u00f6he<br \/>\n<strong>Wasserdichtigkeit:<\/strong> 50 atm \/ 500 Meter<br \/>\n<strong>Armband:<\/strong> <a href=\"https:\/\/watchbandit.de\/?s=tropical&amp;post_type=product\" target=\"_blank\" rel=\"noopener\">Tropic<\/a> Kautschukarmband<\/p>\n","protected":false},"featured_media":318118,"comment_status":"open","ping_status":"closed","template":"","meta":[],"product_cat":[3097,3098,37],"product_tag":[],"yoast_head":"<!-- This site is optimized with the Yoast SEO plugin v21.9 - https:\/\/yoast.com\/wordpress\/plugins\/seo\/ -->\n<title>Squale - 1521 Black Militaire - Sandgestrahlt - Tropic - 1521MILBL.HT - WATCHBANDIT<\/title>\n<meta name=\"description\" content=\"Squale Uhren bei WatchBandit kaufen\ud83c\udde8\ud83c\uddedSwiss Made\ud83c\udde8\ud83c\uddedAutorisierter H\u00e4ndler \u2705 TrustedShops-zertifiziert \u2705 Schnelle Lieferung \u2705 Seit 2014 \u2705\" \/>\n<meta name=\"robots\" content=\"noindex, follow, max-snippet:-1, max-image-preview:large, max-video-preview:-1\" \/>\n<meta property=\"og:locale\" content=\"de_DE\" \/>\n<meta property=\"og:type\" content=\"article\" \/>\n<meta property=\"og:title\" content=\"Squale - 1521 Black Militaire - Sandgestrahlt - Tropic - 1521MILBL.HT - WATCHBANDIT\" \/>\n<meta property=\"og:description\" content=\"Squale Uhren bei WatchBandit kaufen\ud83c\udde8\ud83c\uddedSwiss Made\ud83c\udde8\ud83c\uddedAutorisierter H\u00e4ndler \u2705 TrustedShops-zertifiziert \u2705 Schnelle Lieferung \u2705 Seit 2014 \u2705\" \/>\n<meta property=\"og:url\" content=\"https:\/\/watch-bandit.com\/de\/produkt\/squale-1521-black-militaire-sandgestrahlt-tropic-1521milbl-ht\/\" \/>\n<meta property=\"og:site_name\" content=\"WATCHBANDIT\" \/>\n<meta property=\"article:modified_time\" content=\"2024-02-15T12:43:55+00:00\" \/>\n<meta property=\"og:image\" content=\"https:\/\/watch-bandit.com\/wp-content\/uploads\/2023\/04\/Squale-1521-Black-Militaire-Blasted-Rubber-1521MILBL.HT-min.jpg\" \/>\n\t<meta property=\"og:image:width\" content=\"1400\" \/>\n\t<meta property=\"og:image:height\" content=\"1700\" \/>\n\t<meta property=\"og:image:type\" content=\"image\/jpeg\" \/>\n<meta name=\"twitter:label1\" content=\"Gesch\u00e4tzte Lesezeit\" \/>\n\t<meta name=\"twitter:data1\" content=\"1 Minute\" \/>\n<script type=\"application\/ld+json\" class=\"yoast-schema-graph\">{\"@context\":\"https:\/\/schema.org\",\"@graph\":[{\"@type\":\"WebPage\",\"@id\":\"https:\/\/watch-bandit.com\/de\/produkt\/squale-1521-black-militaire-sandgestrahlt-tropic-1521milbl-ht\/\",\"url\":\"https:\/\/watch-bandit.com\/de\/produkt\/squale-1521-black-militaire-sandgestrahlt-tropic-1521milbl-ht\/\",\"name\":\"Squale - 1521 Black Militaire - Sandgestrahlt - Tropic - 1521MILBL.HT - WATCHBANDIT\",\"isPartOf\":{\"@id\":\"https:\/\/watch-bandit.com\/#website\"},\"datePublished\":\"2023-04-28T10:35:39+00:00\",\"dateModified\":\"2024-02-15T12:43:55+00:00\",\"description\":\"Squale Uhren bei WatchBandit kaufen\ud83c\udde8\ud83c\uddedSwiss Made\ud83c\udde8\ud83c\uddedAutorisierter H\u00e4ndler \u2705 TrustedShops-zertifiziert \u2705 Schnelle Lieferung \u2705 Seit 2014 \u2705\",\"breadcrumb\":{\"@id\":\"https:\/\/watch-bandit.com\/de\/produkt\/squale-1521-black-militaire-sandgestrahlt-tropic-1521milbl-ht\/#breadcrumb\"},\"inLanguage\":\"de-DE\",\"potentialAction\":[{\"@type\":\"ReadAction\",\"target\":[\"https:\/\/watch-bandit.com\/de\/produkt\/squale-1521-black-militaire-sandgestrahlt-tropic-1521milbl-ht\/\"]}]},{\"@type\":\"BreadcrumbList\",\"@id\":\"https:\/\/watch-bandit.com\/de\/produkt\/squale-1521-black-militaire-sandgestrahlt-tropic-1521milbl-ht\/#breadcrumb\",\"itemListElement\":[{\"@type\":\"ListItem\",\"position\":1,\"name\":\"Home\",\"item\":\"https:\/\/watchbandit.de\/\"},{\"@type\":\"ListItem\",\"position\":2,\"name\":\"Shop\",\"item\":\"https:\/\/watchbandit.de\/shop\/\"},{\"@type\":\"ListItem\",\"position\":3,\"name\":\"Watches\",\"item\":\"https:\/\/watch-bandit.com\/products\/watches\/\"},{\"@type\":\"ListItem\",\"position\":4,\"name\":\"Squale\",\"item\":\"https:\/\/watch-bandit.com\/products\/watches\/squale\/\"},{\"@type\":\"ListItem\",\"position\":5,\"name\":\"Squale 1521 Series\",\"item\":\"https:\/\/watch-bandit.com\/products\/watches\/squale\/squale-1521-series\/\"},{\"@type\":\"ListItem\",\"position\":6,\"name\":\"Squale &#8211; 1521 Black Militaire &#8211; Sandgestrahlt &#8211; Tropic &#8211; 1521MILBL.HT\"}]},{\"@type\":\"WebSite\",\"@id\":\"https:\/\/watch-bandit.com\/#website\",\"url\":\"https:\/\/watch-bandit.com\/\",\"name\":\"WATCHBANDIT\",\"description\":\"Contemporary Wrist Accessories\",\"publisher\":{\"@id\":\"https:\/\/watch-bandit.com\/#organization\"},\"potentialAction\":[{\"@type\":\"SearchAction\",\"target\":{\"@type\":\"EntryPoint\",\"urlTemplate\":\"https:\/\/watch-bandit.com\/?s={search_term_string}\"},\"query-input\":\"required name=search_term_string\"}],\"inLanguage\":\"de-DE\"},{\"@type\":\"Organization\",\"@id\":\"https:\/\/watch-bandit.com\/#organization\",\"name\":\"WatchBandit\",\"url\":\"https:\/\/watch-bandit.com\/\",\"logo\":{\"@type\":\"ImageObject\",\"inLanguage\":\"de-DE\",\"@id\":\"https:\/\/watch-bandit.com\/#\/schema\/logo\/image\/\",\"url\":\"https:\/\/watchbandit.de\/wp-content\/uploads\/2017\/11\/WB_Logo_557x124.png\",\"contentUrl\":\"https:\/\/watchbandit.de\/wp-content\/uploads\/2017\/11\/WB_Logo_557x124.png\",\"width\":557,\"height\":124,\"caption\":\"WatchBandit\"},\"image\":{\"@id\":\"https:\/\/watch-bandit.com\/#\/schema\/logo\/image\/\"}}]}<\/script>\n<!-- \/ Yoast SEO plugin. -->","yoast_head_json":{"title":"Squale - 1521 Black Militaire - Sandgestrahlt - Tropic - 1521MILBL.HT - WATCHBANDIT","description":"Squale Uhren bei WatchBandit kaufen\ud83c\udde8\ud83c\uddedSwiss Made\ud83c\udde8\ud83c\uddedAutorisierter H\u00e4ndler \u2705 TrustedShops-zertifiziert \u2705 Schnelle Lieferung \u2705 Seit 2014 \u2705","robots":{"index":"noindex","follow":"follow","max-snippet":"max-snippet:-1","max-image-preview":"max-image-preview:large","max-video-preview":"max-video-preview:-1"},"og_locale":"de_DE","og_type":"article","og_title":"Squale - 1521 Black Militaire - Sandgestrahlt - Tropic - 1521MILBL.HT - WATCHBANDIT","og_description":"Squale Uhren bei WatchBandit kaufen\ud83c\udde8\ud83c\uddedSwiss Made\ud83c\udde8\ud83c\uddedAutorisierter H\u00e4ndler \u2705 TrustedShops-zertifiziert \u2705 Schnelle Lieferung \u2705 Seit 2014 \u2705","og_url":"https:\/\/watch-bandit.com\/de\/produkt\/squale-1521-black-militaire-sandgestrahlt-tropic-1521milbl-ht\/","og_site_name":"WATCHBANDIT","article_modified_time":"2024-02-15T12:43:55+00:00","og_image":[{"width":1400,"height":1700,"url":"https:\/\/watch-bandit.com\/wp-content\/uploads\/2023\/04\/Squale-1521-Black-Militaire-Blasted-Rubber-1521MILBL.HT-min.jpg","type":"image\/jpeg"}],"twitter_misc":{"Gesch\u00e4tzte Lesezeit":"1 Minute"},"schema":{"@context":"https:\/\/schema.org","@graph":[{"@type":"WebPage","@id":"https:\/\/watch-bandit.com\/de\/produkt\/squale-1521-black-militaire-sandgestrahlt-tropic-1521milbl-ht\/","url":"https:\/\/watch-bandit.com\/de\/produkt\/squale-1521-black-militaire-sandgestrahlt-tropic-1521milbl-ht\/","name":"Squale - 1521 Black Militaire - Sandgestrahlt - Tropic - 1521MILBL.HT - WATCHBANDIT","isPartOf":{"@id":"https:\/\/watch-bandit.com\/#website"},"datePublished":"2023-04-28T10:35:39+00:00","dateModified":"2024-02-15T12:43:55+00:00","description":"Squale Uhren bei WatchBandit kaufen\ud83c\udde8\ud83c\uddedSwiss Made\ud83c\udde8\ud83c\uddedAutorisierter H\u00e4ndler \u2705 TrustedShops-zertifiziert \u2705 Schnelle Lieferung \u2705 Seit 2014 \u2705","breadcrumb":{"@id":"https:\/\/watch-bandit.com\/de\/produkt\/squale-1521-black-militaire-sandgestrahlt-tropic-1521milbl-ht\/#breadcrumb"},"inLanguage":"de-DE","potentialAction":[{"@type":"ReadAction","target":["https:\/\/watch-bandit.com\/de\/produkt\/squale-1521-black-militaire-sandgestrahlt-tropic-1521milbl-ht\/"]}]},{"@type":"BreadcrumbList","@id":"https:\/\/watch-bandit.com\/de\/produkt\/squale-1521-black-militaire-sandgestrahlt-tropic-1521milbl-ht\/#breadcrumb","itemListElement":[{"@type":"ListItem","position":1,"name":"Home","item":"https:\/\/watchbandit.de\/"},{"@type":"ListItem","position":2,"name":"Shop","item":"https:\/\/watchbandit.de\/shop\/"},{"@type":"ListItem","position":3,"name":"Watches","item":"https:\/\/watch-bandit.com\/products\/watches\/"},{"@type":"ListItem","position":4,"name":"Squale","item":"https:\/\/watch-bandit.com\/products\/watches\/squale\/"},{"@type":"ListItem","position":5,"name":"Squale 1521 Series","item":"https:\/\/watch-bandit.com\/products\/watches\/squale\/squale-1521-series\/"},{"@type":"ListItem","position":6,"name":"Squale &#8211; 1521 Black Militaire &#8211; Sandgestrahlt &#8211; Tropic &#8211; 1521MILBL.HT"}]},{"@type":"WebSite","@id":"https:\/\/watch-bandit.com\/#website","url":"https:\/\/watch-bandit.com\/","name":"WATCHBANDIT","description":"Contemporary Wrist Accessories","publisher":{"@id":"https:\/\/watch-bandit.com\/#organization"},"potentialAction":[{"@type":"SearchAction","target":{"@type":"EntryPoint","urlTemplate":"https:\/\/watch-bandit.com\/?s={search_term_string}"},"query-input":"required name=search_term_string"}],"inLanguage":"de-DE"},{"@type":"Organization","@id":"https:\/\/watch-bandit.com\/#organization","name":"WatchBandit","url":"https:\/\/watch-bandit.com\/","logo":{"@type":"ImageObject","inLanguage":"de-DE","@id":"https:\/\/watch-bandit.com\/#\/schema\/logo\/image\/","url":"https:\/\/watchbandit.de\/wp-content\/uploads\/2017\/11\/WB_Logo_557x124.png","contentUrl":"https:\/\/watchbandit.de\/wp-content\/uploads\/2017\/11\/WB_Logo_557x124.png","width":557,"height":124,"caption":"WatchBandit"},"image":{"@id":"https:\/\/watch-bandit.com\/#\/schema\/logo\/image\/"}}]}},"_links":{"self":[{"href":"https:\/\/watch-bandit.com\/de\/wp-json\/wp\/v2\/product\/317773"}],"collection":[{"href":"https:\/\/watch-bandit.com\/de\/wp-json\/wp\/v2\/product"}],"about":[{"href":"https:\/\/watch-bandit.com\/de\/wp-json\/wp\/v2\/types\/product"}],"replies":[{"embeddable":true,"href":"https:\/\/watch-bandit.com\/de\/wp-json\/wp\/v2\/comments?post=317773"}],"wp:featuredmedia":[{"embeddable":true,"href":"https:\/\/watch-bandit.com\/de\/wp-json\/wp\/v2\/media\/318118"}],"wp:attachment":[{"href":"https:\/\/watch-bandit.com\/de\/wp-json\/wp\/v2\/media?parent=317773"}],"wp:term":[{"taxonomy":"product_cat","embeddable":true,"href":"https:\/\/watch-bandit.com\/de\/wp-json\/wp\/v2\/product_cat?post=317773"},{"taxonomy":"product_tag","embeddable":true,"href":"https:\/\/watch-bandit.com\/de\/wp-json\/wp\/v2\/product_tag?post=317773"}],"curies":[{"name":"wp","href":"https:\/\/api.w.org\/{rel}","templated":true}]}}