{"id":322924,"date":"2023-08-01T09:59:04","date_gmt":"2023-08-01T07:59:04","guid":{"rendered":"https:\/\/watchbandit.com\/?post_type=product&#038;p=322924"},"modified":"2023-08-03T17:14:52","modified_gmt":"2023-08-03T15:14:52","slug":"marathon-36mm-medium-divers-automatic-msar-auto-am-edelstahl-armband","status":"publish","type":"product","link":"https:\/\/watch-bandit.com\/de\/produkt\/marathon-36mm-medium-divers-automatic-msar-auto-am-edelstahl-armband\/","title":{"rendered":"Marathon &#8211; 36mm Medium Diver&#8217;s Automatic (MSAR AUTO) am Edelstahl-Armband"},"content":{"rendered":"<h1>AUTHENTISCHES MILIT\u00c4RISCHES ERBE MIT MODERNEM MILIT\u00c4RDESIGN EST. 1939<\/h1>\n<p>Das Unternehmen, aus dem Marathon Watch hervorgehen sollte, wurde 1904 als Weinsturm Watch gegr\u00fcndet und erhielt sp\u00e4ter den Namen Wein Brothers. Im Jahr 1939 gr\u00fcndete Morris Wein Marathon Watch und lieferte feine Pr\u00e4zisionsuhren in ganz Nordamerika.<\/p>\n<p>Seit 1941 stellt Marathon Zeitmessger\u00e4te f\u00fcr die Alliierten Streitkr\u00e4fte her. Heute f\u00fchrt die vierte Generation der Familie die Tradition mit einer breiten Palette von Instrumenten zur Messung von Zeit, Temperatur und Entfernung fort. Marathon-Uhren kombinieren milit\u00e4rische Haltbarkeit mit Schweizer Ingenieurskunst und Handwerkskunst, um ein H\u00f6chstma\u00df an Qualit\u00e4t und Pr\u00e4zision zu gew\u00e4hrleisten.<\/p>\n<p>Marathon-Produkte werden mit gr\u00f6\u00dfter Sorgfalt hergestellt und durchlaufen verschiedene Qualit\u00e4tskontrollma\u00dfnahmen. Dieses Augenmerk auf Qualit\u00e4t wird durch die Verpflichtung zu exzellentem Kundensupport unterst\u00fctzt, um das bestm\u00f6gliche Produkterlebnis zu gew\u00e4hrleisten.<\/p>\n","protected":false},"excerpt":{"rendered":"<p>Marathon Search and Rescue (SAR)-Uhren wurden gem\u00e4\u00df den Anforderungen der kanadischen Regierung f\u00fcr den Einsatz bei SAR-Eins\u00e4tzen entwickelt. Diese robuste Milit\u00e4ruhr wurde f\u00fcr die strengen Anforderungen milit\u00e4rischer Eins\u00e4tze entwickelt und ist \u00e4u\u00dferst langlebig, zuverl\u00e4ssig und pr\u00e4zise. Gebaut, um extremen Bedingungen standzuhalten und den F\u00e4higkeiten des Benutzers gerecht zu werden.\u00a0 \u00dcberbaute Blenden f\u00fcr die Handhabung mit behandschuhten H\u00e4nden; Beleuchtung bei schwachem Licht f\u00fcr den Einsatz bei Nachteins\u00e4tzen; verschraubte Krone und O-Ring-System f\u00fcr eine Wasserdichtigkeit von 30 ATM; Drehmomentstarke Ritzel, die das Uhrwerk mit den Zeigern verbinden; Incabloc\u2122-Sto\u00dfd\u00e4mpfer bei allen Automatikwerken.<\/p>\n<p><strong>Uhrwerk:<\/strong> Sellita SW200 mit Incabloc\u2122 Shock Absorber<br \/>\n<strong>Geh\u00e4use:<\/strong> Geb\u00fcrsteter 316L-Edelstahl mit 36 mm Durchmesser, H\u00f6he: 14 mm<br \/>\n<strong>Wasserdichtigkeit:<\/strong> 300 Meter \/ 30 ATM<br \/>\n<strong>Armband:<\/strong> FKM Kautschukband, Stegbreite: 20 mm<\/p>\n","protected":false},"featured_media":323252,"comment_status":"open","ping_status":"closed","template":"","meta":[],"product_cat":[4332,37],"product_tag":[],"yoast_head":"<!-- This site is optimized with the Yoast SEO plugin v21.9 - https:\/\/yoast.com\/wordpress\/plugins\/seo\/ -->\n<title>Marathon - 36mm Medium Diver&#039;s Automatic (MSAR AUTO) am Edelstahl-Armband - WATCHBANDIT<\/title>\n<meta name=\"description\" content=\"Marathon Uhren bei Watchbandit kaufen \u2713 Autorisierter H\u00e4ndler \u2713 Swiss made \u2713 TrustedShops zertifiziert \u2713 Passion aus Berlin seit 2014 \u2713\" \/>\n<meta name=\"robots\" content=\"noindex, follow, max-snippet:-1, max-image-preview:large, max-video-preview:-1\" \/>\n<meta property=\"og:locale\" content=\"de_DE\" \/>\n<meta property=\"og:type\" content=\"article\" \/>\n<meta property=\"og:title\" content=\"Marathon - 36mm Medium Diver&#039;s Automatic (MSAR AUTO) am Edelstahl-Armband - WATCHBANDIT\" \/>\n<meta property=\"og:description\" content=\"Marathon Uhren bei Watchbandit kaufen \u2713 Autorisierter H\u00e4ndler \u2713 Swiss made \u2713 TrustedShops zertifiziert \u2713 Passion aus Berlin seit 2014 \u2713\" \/>\n<meta property=\"og:url\" content=\"https:\/\/watch-bandit.com\/de\/produkt\/marathon-36mm-medium-divers-automatic-msar-auto-am-edelstahl-armband\/\" \/>\n<meta property=\"og:site_name\" content=\"WATCHBANDIT\" \/>\n<meta property=\"article:modified_time\" content=\"2023-08-03T15:14:52+00:00\" \/>\n<meta property=\"og:image\" content=\"https:\/\/watch-bandit.com\/wp-content\/uploads\/2023\/08\/Marathon-36mm-Medium-Divers-Automatic-MSAR-AUTO-With-Stainless-Steel-Bracelet.jpg\" \/>\n\t<meta property=\"og:image:width\" content=\"1400\" \/>\n\t<meta property=\"og:image:height\" content=\"1700\" \/>\n\t<meta property=\"og:image:type\" content=\"image\/jpeg\" \/>\n<meta name=\"twitter:label1\" content=\"Gesch\u00e4tzte Lesezeit\" \/>\n\t<meta name=\"twitter:data1\" content=\"1 Minute\" \/>\n<script type=\"application\/ld+json\" class=\"yoast-schema-graph\">{\"@context\":\"https:\/\/schema.org\",\"@graph\":[{\"@type\":\"WebPage\",\"@id\":\"https:\/\/watch-bandit.com\/de\/produkt\/marathon-36mm-medium-divers-automatic-msar-auto-am-edelstahl-armband\/\",\"url\":\"https:\/\/watch-bandit.com\/de\/produkt\/marathon-36mm-medium-divers-automatic-msar-auto-am-edelstahl-armband\/\",\"name\":\"Marathon - 36mm Medium Diver's Automatic (MSAR AUTO) am Edelstahl-Armband - WATCHBANDIT\",\"isPartOf\":{\"@id\":\"https:\/\/watch-bandit.com\/#website\"},\"datePublished\":\"2023-08-01T07:59:04+00:00\",\"dateModified\":\"2023-08-03T15:14:52+00:00\",\"description\":\"Marathon Uhren bei Watchbandit kaufen \u2713 Autorisierter H\u00e4ndler \u2713 Swiss made \u2713 TrustedShops zertifiziert \u2713 Passion aus Berlin seit 2014 \u2713\",\"breadcrumb\":{\"@id\":\"https:\/\/watch-bandit.com\/de\/produkt\/marathon-36mm-medium-divers-automatic-msar-auto-am-edelstahl-armband\/#breadcrumb\"},\"inLanguage\":\"de-DE\",\"potentialAction\":[{\"@type\":\"ReadAction\",\"target\":[\"https:\/\/watch-bandit.com\/de\/produkt\/marathon-36mm-medium-divers-automatic-msar-auto-am-edelstahl-armband\/\"]}]},{\"@type\":\"BreadcrumbList\",\"@id\":\"https:\/\/watch-bandit.com\/de\/produkt\/marathon-36mm-medium-divers-automatic-msar-auto-am-edelstahl-armband\/#breadcrumb\",\"itemListElement\":[{\"@type\":\"ListItem\",\"position\":1,\"name\":\"Home\",\"item\":\"https:\/\/watchbandit.de\/\"},{\"@type\":\"ListItem\",\"position\":2,\"name\":\"Shop\",\"item\":\"https:\/\/watchbandit.de\/shop\/\"},{\"@type\":\"ListItem\",\"position\":3,\"name\":\"Watches\",\"item\":\"https:\/\/watch-bandit.com\/products\/watches\/\"},{\"@type\":\"ListItem\",\"position\":4,\"name\":\"Marathon\",\"item\":\"https:\/\/watch-bandit.com\/products\/watches\/marathon\/\"},{\"@type\":\"ListItem\",\"position\":5,\"name\":\"Marathon &#8211; 36mm Medium Diver&#8217;s Automatic (MSAR AUTO) am Edelstahl-Armband\"}]},{\"@type\":\"WebSite\",\"@id\":\"https:\/\/watch-bandit.com\/#website\",\"url\":\"https:\/\/watch-bandit.com\/\",\"name\":\"WATCHBANDIT\",\"description\":\"Contemporary Wrist Accessories\",\"publisher\":{\"@id\":\"https:\/\/watch-bandit.com\/#organization\"},\"potentialAction\":[{\"@type\":\"SearchAction\",\"target\":{\"@type\":\"EntryPoint\",\"urlTemplate\":\"https:\/\/watch-bandit.com\/?s={search_term_string}\"},\"query-input\":\"required name=search_term_string\"}],\"inLanguage\":\"de-DE\"},{\"@type\":\"Organization\",\"@id\":\"https:\/\/watch-bandit.com\/#organization\",\"name\":\"WatchBandit\",\"url\":\"https:\/\/watch-bandit.com\/\",\"logo\":{\"@type\":\"ImageObject\",\"inLanguage\":\"de-DE\",\"@id\":\"https:\/\/watch-bandit.com\/#\/schema\/logo\/image\/\",\"url\":\"https:\/\/watchbandit.de\/wp-content\/uploads\/2017\/11\/WB_Logo_557x124.png\",\"contentUrl\":\"https:\/\/watchbandit.de\/wp-content\/uploads\/2017\/11\/WB_Logo_557x124.png\",\"width\":557,\"height\":124,\"caption\":\"WatchBandit\"},\"image\":{\"@id\":\"https:\/\/watch-bandit.com\/#\/schema\/logo\/image\/\"}}]}<\/script>\n<!-- \/ Yoast SEO plugin. -->","yoast_head_json":{"title":"Marathon - 36mm Medium Diver's Automatic (MSAR AUTO) am Edelstahl-Armband - WATCHBANDIT","description":"Marathon Uhren bei Watchbandit kaufen \u2713 Autorisierter H\u00e4ndler \u2713 Swiss made \u2713 TrustedShops zertifiziert \u2713 Passion aus Berlin seit 2014 \u2713","robots":{"index":"noindex","follow":"follow","max-snippet":"max-snippet:-1","max-image-preview":"max-image-preview:large","max-video-preview":"max-video-preview:-1"},"og_locale":"de_DE","og_type":"article","og_title":"Marathon - 36mm Medium Diver's Automatic (MSAR AUTO) am Edelstahl-Armband - WATCHBANDIT","og_description":"Marathon Uhren bei Watchbandit kaufen \u2713 Autorisierter H\u00e4ndler \u2713 Swiss made \u2713 TrustedShops zertifiziert \u2713 Passion aus Berlin seit 2014 \u2713","og_url":"https:\/\/watch-bandit.com\/de\/produkt\/marathon-36mm-medium-divers-automatic-msar-auto-am-edelstahl-armband\/","og_site_name":"WATCHBANDIT","article_modified_time":"2023-08-03T15:14:52+00:00","og_image":[{"width":1400,"height":1700,"url":"https:\/\/watch-bandit.com\/wp-content\/uploads\/2023\/08\/Marathon-36mm-Medium-Divers-Automatic-MSAR-AUTO-With-Stainless-Steel-Bracelet.jpg","type":"image\/jpeg"}],"twitter_misc":{"Gesch\u00e4tzte Lesezeit":"1 Minute"},"schema":{"@context":"https:\/\/schema.org","@graph":[{"@type":"WebPage","@id":"https:\/\/watch-bandit.com\/de\/produkt\/marathon-36mm-medium-divers-automatic-msar-auto-am-edelstahl-armband\/","url":"https:\/\/watch-bandit.com\/de\/produkt\/marathon-36mm-medium-divers-automatic-msar-auto-am-edelstahl-armband\/","name":"Marathon - 36mm Medium Diver's Automatic (MSAR AUTO) am Edelstahl-Armband - WATCHBANDIT","isPartOf":{"@id":"https:\/\/watch-bandit.com\/#website"},"datePublished":"2023-08-01T07:59:04+00:00","dateModified":"2023-08-03T15:14:52+00:00","description":"Marathon Uhren bei Watchbandit kaufen \u2713 Autorisierter H\u00e4ndler \u2713 Swiss made \u2713 TrustedShops zertifiziert \u2713 Passion aus Berlin seit 2014 \u2713","breadcrumb":{"@id":"https:\/\/watch-bandit.com\/de\/produkt\/marathon-36mm-medium-divers-automatic-msar-auto-am-edelstahl-armband\/#breadcrumb"},"inLanguage":"de-DE","potentialAction":[{"@type":"ReadAction","target":["https:\/\/watch-bandit.com\/de\/produkt\/marathon-36mm-medium-divers-automatic-msar-auto-am-edelstahl-armband\/"]}]},{"@type":"BreadcrumbList","@id":"https:\/\/watch-bandit.com\/de\/produkt\/marathon-36mm-medium-divers-automatic-msar-auto-am-edelstahl-armband\/#breadcrumb","itemListElement":[{"@type":"ListItem","position":1,"name":"Home","item":"https:\/\/watchbandit.de\/"},{"@type":"ListItem","position":2,"name":"Shop","item":"https:\/\/watchbandit.de\/shop\/"},{"@type":"ListItem","position":3,"name":"Watches","item":"https:\/\/watch-bandit.com\/products\/watches\/"},{"@type":"ListItem","position":4,"name":"Marathon","item":"https:\/\/watch-bandit.com\/products\/watches\/marathon\/"},{"@type":"ListItem","position":5,"name":"Marathon &#8211; 36mm Medium Diver&#8217;s Automatic (MSAR AUTO) am Edelstahl-Armband"}]},{"@type":"WebSite","@id":"https:\/\/watch-bandit.com\/#website","url":"https:\/\/watch-bandit.com\/","name":"WATCHBANDIT","description":"Contemporary Wrist Accessories","publisher":{"@id":"https:\/\/watch-bandit.com\/#organization"},"potentialAction":[{"@type":"SearchAction","target":{"@type":"EntryPoint","urlTemplate":"https:\/\/watch-bandit.com\/?s={search_term_string}"},"query-input":"required name=search_term_string"}],"inLanguage":"de-DE"},{"@type":"Organization","@id":"https:\/\/watch-bandit.com\/#organization","name":"WatchBandit","url":"https:\/\/watch-bandit.com\/","logo":{"@type":"ImageObject","inLanguage":"de-DE","@id":"https:\/\/watch-bandit.com\/#\/schema\/logo\/image\/","url":"https:\/\/watchbandit.de\/wp-content\/uploads\/2017\/11\/WB_Logo_557x124.png","contentUrl":"https:\/\/watchbandit.de\/wp-content\/uploads\/2017\/11\/WB_Logo_557x124.png","width":557,"height":124,"caption":"WatchBandit"},"image":{"@id":"https:\/\/watch-bandit.com\/#\/schema\/logo\/image\/"}}]}},"_links":{"self":[{"href":"https:\/\/watch-bandit.com\/de\/wp-json\/wp\/v2\/product\/322924"}],"collection":[{"href":"https:\/\/watch-bandit.com\/de\/wp-json\/wp\/v2\/product"}],"about":[{"href":"https:\/\/watch-bandit.com\/de\/wp-json\/wp\/v2\/types\/product"}],"replies":[{"embeddable":true,"href":"https:\/\/watch-bandit.com\/de\/wp-json\/wp\/v2\/comments?post=322924"}],"wp:featuredmedia":[{"embeddable":true,"href":"https:\/\/watch-bandit.com\/de\/wp-json\/wp\/v2\/media\/323252"}],"wp:attachment":[{"href":"https:\/\/watch-bandit.com\/de\/wp-json\/wp\/v2\/media?parent=322924"}],"wp:term":[{"taxonomy":"product_cat","embeddable":true,"href":"https:\/\/watch-bandit.com\/de\/wp-json\/wp\/v2\/product_cat?post=322924"},{"taxonomy":"product_tag","embeddable":true,"href":"https:\/\/watch-bandit.com\/de\/wp-json\/wp\/v2\/product_tag?post=322924"}],"curies":[{"name":"wp","href":"https:\/\/api.w.org\/{rel}","templated":true}]}}