{"id":323494,"date":"2023-08-08T12:20:35","date_gmt":"2023-08-08T10:20:36","guid":{"rendered":"https:\/\/watchbandit.com\/?post_type=product&#038;p=323494"},"modified":"2023-10-22T20:20:49","modified_gmt":"2023-10-22T18:20:49","slug":"hemel-hf-series-airstream","status":"publish","type":"product","link":"https:\/\/watch-bandit.com\/de\/produkt\/hemel-hf-series-airstream\/","title":{"rendered":"Hemel &#8211; HF Series &#8211; Airstream"},"content":{"rendered":"<h2>Hemel &#8211; HF Series<\/h2>\n<p>Als echte Uhren-Enthusiasten sucht das Team hinter Hemel-Watches immer nach Klassikern. Und als Kreative Uhrendesigner lassen sie sich immer von den Details inspirieren, die diese Uhren so zeitlos machen. Ihre Leidenschaft f\u00fcr das Sammeln und ihre Leidenschaft f\u00fcr das Entwerfen zusammenzubringen, war f\u00fcr sie eine ganz nat\u00fcrliche Entwicklung.<\/p>\n<p>Das Ziel von Hemel Watches ist es, eine &#8220;physische Erz\u00e4hlung&#8221; zu konstruieren, die von den visuellen Hinweisen aktueller, historischer Zeitmesser umrahmt wird. Eine einfache und elegante Art von Geschichte, die wir an unserem Handgelenk tragen k\u00f6nnen. Im Gegensatz zu einer Smartwatch, die in einigen Jahren veraltet sein wird, wird eine mechanische Uhr zu einem sofortigen Erbst\u00fcck.<\/p>\n<p>Hemel findet viel Freude daran, ein physisches Produkt auf den Markt zu bringen, das zu einem breiteren Gespr\u00e4ch \u00fcber die Wertsch\u00e4tzung von Uhren beitragen kann. Es ist eine Marke, die zeitlose Stile und kompromisslosen Wert schafft.<\/p>\n<p>Meine Herren, es ist Zeit, eurem Handgelenk ein Update zu g\u00f6nnen.<\/p>\n","protected":false},"excerpt":{"rendered":"<p>Hemels neuester Chronograph mit Handaufzug verf\u00fcgt \u00fcber eine Tachymeterskala, eine Jumbo-Krone und ein italienisches Lederarmband in Schwarz \u2013 alles Neuheiten der Air Support-Kollektion. Der Airstream bietet Hemel eine erh\u00f6hte Sicht ohne unn\u00f6tigen Aufwand. Nur eine fachm\u00e4nnisch entworfene, langlebig gefertigte und preisg\u00fcnstige Erbst\u00fcckuhr, die f\u00fcr alle Ihre t\u00e4glichen Missionen bereit ist.<\/p>\n<p><strong>Uhrwerk:<\/strong> ST19 mit Schwanenhals-Regulator. Mechanisches Kaliber mit Handaufzug.<br \/>\n<strong>Geh\u00e4use:<\/strong> 40 mm Geh\u00e4use aus 316L-Edelstahl<br \/>\n<strong>Wasserdichtigkeit:<\/strong> 100 Meter \/ 10 ATM<br \/>\n<strong>Armband:<\/strong> Hochwertiges Lederarmband<\/p>\n","protected":false},"featured_media":323569,"comment_status":"open","ping_status":"closed","template":"","meta":[],"product_cat":[3727,37],"product_tag":[],"yoast_head":"<!-- This site is optimized with the Yoast SEO plugin v21.9 - https:\/\/yoast.com\/wordpress\/plugins\/seo\/ -->\n<title>Hemel Uhren bei WatchBandit kaufen \u2713 Authorizierter H\u00e4ndler \u2713 Kostenloser &amp; schneller Versand \u2713 Trusted Shops certified \u2713 Seit 2014 \u2713<\/title>\n<meta name=\"description\" content=\"Hemel Uhren bei WatchBandit kaufen \u2713 Authorizierter H\u00e4ndler \u2713 Kostenloser &amp; schneller Versand \u2713 Trusted Shops certified \u2713 Seit 2014 \u2713\" \/>\n<meta name=\"robots\" content=\"noindex, follow, max-snippet:-1, max-image-preview:large, max-video-preview:-1\" \/>\n<meta property=\"og:locale\" content=\"de_DE\" \/>\n<meta property=\"og:type\" content=\"article\" \/>\n<meta property=\"og:title\" content=\"Hemel Uhren bei WatchBandit kaufen \u2713 Authorizierter H\u00e4ndler \u2713 Kostenloser &amp; schneller Versand \u2713 Trusted Shops certified \u2713 Seit 2014 \u2713\" \/>\n<meta property=\"og:description\" content=\"Hemel Uhren bei WatchBandit kaufen \u2713 Authorizierter H\u00e4ndler \u2713 Kostenloser &amp; schneller Versand \u2713 Trusted Shops certified \u2713 Seit 2014 \u2713\" \/>\n<meta property=\"og:url\" content=\"https:\/\/watch-bandit.com\/de\/produkt\/hemel-hf-series-airstream\/\" \/>\n<meta property=\"og:site_name\" content=\"WATCHBANDIT\" \/>\n<meta property=\"article:modified_time\" content=\"2023-10-22T18:20:49+00:00\" \/>\n<meta property=\"og:image\" content=\"https:\/\/watch-bandit.com\/wp-content\/uploads\/2023\/08\/The-Hemel-Airstream-.jpg\" \/>\n\t<meta property=\"og:image:width\" content=\"900\" \/>\n\t<meta property=\"og:image:height\" content=\"900\" \/>\n\t<meta property=\"og:image:type\" content=\"image\/jpeg\" \/>\n<meta name=\"twitter:label1\" content=\"Gesch\u00e4tzte Lesezeit\" \/>\n\t<meta name=\"twitter:data1\" content=\"1 Minute\" \/>\n<script type=\"application\/ld+json\" class=\"yoast-schema-graph\">{\"@context\":\"https:\/\/schema.org\",\"@graph\":[{\"@type\":\"WebPage\",\"@id\":\"https:\/\/watch-bandit.com\/de\/produkt\/hemel-hf-series-airstream\/\",\"url\":\"https:\/\/watch-bandit.com\/de\/produkt\/hemel-hf-series-airstream\/\",\"name\":\"Hemel Uhren bei WatchBandit kaufen \u2713 Authorizierter H\u00e4ndler \u2713 Kostenloser & schneller Versand \u2713 Trusted Shops certified \u2713 Seit 2014 \u2713\",\"isPartOf\":{\"@id\":\"https:\/\/watch-bandit.com\/#website\"},\"datePublished\":\"2023-08-08T10:20:36+00:00\",\"dateModified\":\"2023-10-22T18:20:49+00:00\",\"description\":\"Hemel Uhren bei WatchBandit kaufen \u2713 Authorizierter H\u00e4ndler \u2713 Kostenloser & schneller Versand \u2713 Trusted Shops certified \u2713 Seit 2014 \u2713\",\"breadcrumb\":{\"@id\":\"https:\/\/watch-bandit.com\/de\/produkt\/hemel-hf-series-airstream\/#breadcrumb\"},\"inLanguage\":\"de-DE\",\"potentialAction\":[{\"@type\":\"ReadAction\",\"target\":[\"https:\/\/watch-bandit.com\/de\/produkt\/hemel-hf-series-airstream\/\"]}]},{\"@type\":\"BreadcrumbList\",\"@id\":\"https:\/\/watch-bandit.com\/de\/produkt\/hemel-hf-series-airstream\/#breadcrumb\",\"itemListElement\":[{\"@type\":\"ListItem\",\"position\":1,\"name\":\"Home\",\"item\":\"https:\/\/watchbandit.de\/\"},{\"@type\":\"ListItem\",\"position\":2,\"name\":\"Shop\",\"item\":\"https:\/\/watchbandit.de\/shop\/\"},{\"@type\":\"ListItem\",\"position\":3,\"name\":\"Watches\",\"item\":\"https:\/\/watch-bandit.com\/products\/watches\/\"},{\"@type\":\"ListItem\",\"position\":4,\"name\":\"Hemel\",\"item\":\"https:\/\/watch-bandit.com\/products\/watches\/hemel\/\"},{\"@type\":\"ListItem\",\"position\":5,\"name\":\"Hemel &#8211; HF Series &#8211; Airstream\"}]},{\"@type\":\"WebSite\",\"@id\":\"https:\/\/watch-bandit.com\/#website\",\"url\":\"https:\/\/watch-bandit.com\/\",\"name\":\"WATCHBANDIT\",\"description\":\"Contemporary Wrist Accessories\",\"publisher\":{\"@id\":\"https:\/\/watch-bandit.com\/#organization\"},\"potentialAction\":[{\"@type\":\"SearchAction\",\"target\":{\"@type\":\"EntryPoint\",\"urlTemplate\":\"https:\/\/watch-bandit.com\/?s={search_term_string}\"},\"query-input\":\"required name=search_term_string\"}],\"inLanguage\":\"de-DE\"},{\"@type\":\"Organization\",\"@id\":\"https:\/\/watch-bandit.com\/#organization\",\"name\":\"WatchBandit\",\"url\":\"https:\/\/watch-bandit.com\/\",\"logo\":{\"@type\":\"ImageObject\",\"inLanguage\":\"de-DE\",\"@id\":\"https:\/\/watch-bandit.com\/#\/schema\/logo\/image\/\",\"url\":\"https:\/\/watchbandit.de\/wp-content\/uploads\/2017\/11\/WB_Logo_557x124.png\",\"contentUrl\":\"https:\/\/watchbandit.de\/wp-content\/uploads\/2017\/11\/WB_Logo_557x124.png\",\"width\":557,\"height\":124,\"caption\":\"WatchBandit\"},\"image\":{\"@id\":\"https:\/\/watch-bandit.com\/#\/schema\/logo\/image\/\"}}]}<\/script>\n<!-- \/ Yoast SEO plugin. -->","yoast_head_json":{"title":"Hemel Uhren bei WatchBandit kaufen \u2713 Authorizierter H\u00e4ndler \u2713 Kostenloser & schneller Versand \u2713 Trusted Shops certified \u2713 Seit 2014 \u2713","description":"Hemel Uhren bei WatchBandit kaufen \u2713 Authorizierter H\u00e4ndler \u2713 Kostenloser & schneller Versand \u2713 Trusted Shops certified \u2713 Seit 2014 \u2713","robots":{"index":"noindex","follow":"follow","max-snippet":"max-snippet:-1","max-image-preview":"max-image-preview:large","max-video-preview":"max-video-preview:-1"},"og_locale":"de_DE","og_type":"article","og_title":"Hemel Uhren bei WatchBandit kaufen \u2713 Authorizierter H\u00e4ndler \u2713 Kostenloser & schneller Versand \u2713 Trusted Shops certified \u2713 Seit 2014 \u2713","og_description":"Hemel Uhren bei WatchBandit kaufen \u2713 Authorizierter H\u00e4ndler \u2713 Kostenloser & schneller Versand \u2713 Trusted Shops certified \u2713 Seit 2014 \u2713","og_url":"https:\/\/watch-bandit.com\/de\/produkt\/hemel-hf-series-airstream\/","og_site_name":"WATCHBANDIT","article_modified_time":"2023-10-22T18:20:49+00:00","og_image":[{"width":900,"height":900,"url":"https:\/\/watch-bandit.com\/wp-content\/uploads\/2023\/08\/The-Hemel-Airstream-.jpg","type":"image\/jpeg"}],"twitter_misc":{"Gesch\u00e4tzte Lesezeit":"1 Minute"},"schema":{"@context":"https:\/\/schema.org","@graph":[{"@type":"WebPage","@id":"https:\/\/watch-bandit.com\/de\/produkt\/hemel-hf-series-airstream\/","url":"https:\/\/watch-bandit.com\/de\/produkt\/hemel-hf-series-airstream\/","name":"Hemel Uhren bei WatchBandit kaufen \u2713 Authorizierter H\u00e4ndler \u2713 Kostenloser & schneller Versand \u2713 Trusted Shops certified \u2713 Seit 2014 \u2713","isPartOf":{"@id":"https:\/\/watch-bandit.com\/#website"},"datePublished":"2023-08-08T10:20:36+00:00","dateModified":"2023-10-22T18:20:49+00:00","description":"Hemel Uhren bei WatchBandit kaufen \u2713 Authorizierter H\u00e4ndler \u2713 Kostenloser & schneller Versand \u2713 Trusted Shops certified \u2713 Seit 2014 \u2713","breadcrumb":{"@id":"https:\/\/watch-bandit.com\/de\/produkt\/hemel-hf-series-airstream\/#breadcrumb"},"inLanguage":"de-DE","potentialAction":[{"@type":"ReadAction","target":["https:\/\/watch-bandit.com\/de\/produkt\/hemel-hf-series-airstream\/"]}]},{"@type":"BreadcrumbList","@id":"https:\/\/watch-bandit.com\/de\/produkt\/hemel-hf-series-airstream\/#breadcrumb","itemListElement":[{"@type":"ListItem","position":1,"name":"Home","item":"https:\/\/watchbandit.de\/"},{"@type":"ListItem","position":2,"name":"Shop","item":"https:\/\/watchbandit.de\/shop\/"},{"@type":"ListItem","position":3,"name":"Watches","item":"https:\/\/watch-bandit.com\/products\/watches\/"},{"@type":"ListItem","position":4,"name":"Hemel","item":"https:\/\/watch-bandit.com\/products\/watches\/hemel\/"},{"@type":"ListItem","position":5,"name":"Hemel &#8211; HF Series &#8211; Airstream"}]},{"@type":"WebSite","@id":"https:\/\/watch-bandit.com\/#website","url":"https:\/\/watch-bandit.com\/","name":"WATCHBANDIT","description":"Contemporary Wrist Accessories","publisher":{"@id":"https:\/\/watch-bandit.com\/#organization"},"potentialAction":[{"@type":"SearchAction","target":{"@type":"EntryPoint","urlTemplate":"https:\/\/watch-bandit.com\/?s={search_term_string}"},"query-input":"required name=search_term_string"}],"inLanguage":"de-DE"},{"@type":"Organization","@id":"https:\/\/watch-bandit.com\/#organization","name":"WatchBandit","url":"https:\/\/watch-bandit.com\/","logo":{"@type":"ImageObject","inLanguage":"de-DE","@id":"https:\/\/watch-bandit.com\/#\/schema\/logo\/image\/","url":"https:\/\/watchbandit.de\/wp-content\/uploads\/2017\/11\/WB_Logo_557x124.png","contentUrl":"https:\/\/watchbandit.de\/wp-content\/uploads\/2017\/11\/WB_Logo_557x124.png","width":557,"height":124,"caption":"WatchBandit"},"image":{"@id":"https:\/\/watch-bandit.com\/#\/schema\/logo\/image\/"}}]}},"_links":{"self":[{"href":"https:\/\/watch-bandit.com\/de\/wp-json\/wp\/v2\/product\/323494"}],"collection":[{"href":"https:\/\/watch-bandit.com\/de\/wp-json\/wp\/v2\/product"}],"about":[{"href":"https:\/\/watch-bandit.com\/de\/wp-json\/wp\/v2\/types\/product"}],"replies":[{"embeddable":true,"href":"https:\/\/watch-bandit.com\/de\/wp-json\/wp\/v2\/comments?post=323494"}],"wp:featuredmedia":[{"embeddable":true,"href":"https:\/\/watch-bandit.com\/de\/wp-json\/wp\/v2\/media\/323569"}],"wp:attachment":[{"href":"https:\/\/watch-bandit.com\/de\/wp-json\/wp\/v2\/media?parent=323494"}],"wp:term":[{"taxonomy":"product_cat","embeddable":true,"href":"https:\/\/watch-bandit.com\/de\/wp-json\/wp\/v2\/product_cat?post=323494"},{"taxonomy":"product_tag","embeddable":true,"href":"https:\/\/watch-bandit.com\/de\/wp-json\/wp\/v2\/product_tag?post=323494"}],"curies":[{"name":"wp","href":"https:\/\/api.w.org\/{rel}","templated":true}]}}