{"id":323618,"date":"2023-08-11T09:50:43","date_gmt":"2023-08-11T07:50:43","guid":{"rendered":"https:\/\/watchbandit.com\/?post_type=product&#038;p=323618"},"modified":"2023-08-14T16:04:43","modified_gmt":"2023-08-14T14:04:43","slug":"ocean-crawler-decompression-timer-gelb","status":"publish","type":"product","link":"https:\/\/watch-bandit.com\/de\/produkt\/ocean-crawler-decompression-timer-gelb\/","title":{"rendered":"Ocean Crawler &#8211; Decompression Timer &#8211; Gelb"},"content":{"rendered":"<p>Jeder einzelne Ocean Crawler wurde in Wasser getaucht und gr\u00fcndlich getestet, um einem Druck von bis zu 2000 Fu\u00df standzuhalten. Dies macht es zu einem unverzichtbaren Unterwasserzubeh\u00f6r f\u00fcr Wassersportler, die tauchen, Speerfischen betreiben und sogar den Meeresboden erkunden.<\/p>\n<p>Diese limitierte Sonderedition verf\u00fcgt \u00fcber ein Dekompressions-Timer-Zifferblatt, das die erforderlichen Dekompressionsstopps w\u00e4hrend eines Tauchgangs anzeigt. Die Uhr verf\u00fcgt au\u00dferdem \u00fcber eine einseitig drehbare L\u00fcnette, die vollst\u00e4ndig aus Saphir besteht und Stundenmarkierungen tr\u00e4gt, die mit sieben Schichten Schweizer C3 Lume gef\u00fcllt sind. Leistungsstarkes C3-Lume auf den wichtigsten Elementen garantiert perfekte Lesbarkeit beim Tieftauchen.<\/p>\n<p>Das Uhrwerk im Inneren ist ein reguliertes Sellita SW200-1-Uhrwerk. Es hat eine Schlagfrequenz von 28.800 Schwingungen pro Stunde und wurde f\u00fcr zus\u00e4tzliche Genauigkeit verbessert.<\/p>\n<p>Vom Ocean Crawler Dekompressionstimer werden nur 100 St\u00fcck pro Farbe hergestellt und alle sind mit einer eindeutigen Seriennummer von insgesamt 100 versehen.<\/p>\n<h3>Wie verwende ich den Dekompressionstimer des Ocean Crawler?<\/h3>\n<p>\u00dcberpr\u00fcfen Sie Ihre Tiefe mithilfe von vier konzentrischen Anzeigeringen, die jeweils einer bestimmten Tauchtiefe entsprechen. Um Ihre Tauchtiefe auszuw\u00e4hlen, sehen Sie sich die Skala bei 12 Uhr an. Die Tiefen werden links in Metern (25\/30\/35\/40) und rechts in entsprechenden Fu\u00df (85\/100\/115\/135) angezeigt. Wenn Sie beispielsweise planen, bis zu einer Tiefe von 25 Metern\/85 Fu\u00df zu tauchen, verwenden Sie den entsprechenden Ring, und wenn Sie bis zu einer Tiefe von 30 Metern\/100 Fu\u00df tauchen m\u00f6chten, verwenden Sie diesen Ring usw., bis zu einem Maximum von 40 Metern oder 135 Fu\u00df.<\/p>\n<p>Sobald Sie Ihre Tauchtiefe bestimmt haben, besteht der n\u00e4chste Schritt darin, die Dekompressionszeiten abzulesen, die in einem Kreis um den von Ihnen gew\u00e4hlten Tiefenring angezeigt werden. Die Dekompressionszeit ist relativ zu Ihrer gesamten Tauchzeit. Je l\u00e4nger der Tauchgang, desto mehr Dekompression ist erforderlich. Der Indikator informiert Sie \u00fcber die erforderliche Dauer des Dekompressionsstopps, je nachdem, wie lange Sie unter Wasser waren. Beispielsweise werden bei einem 25-29-m-Tauchgang (erster innerer Ring) Dekompressionsstopps nach 34 Minuten angezeigt. Daher ist bei einer Tauchdauer von 35-40 Minuten ein f\u00fcnfmin\u00fctiger Stopp erforderlich; Bei einer Tauchdauer von 41-50 Minuten ist ein 20-min\u00fctiger Stopp erforderlich und so weiter.<\/p>\n<p>Um den Timer zu verwenden, stellen Sie den Minutenzeiger zu Beginn Ihres Tauchgangs auf 12 und verwenden Sie ihn zur Zeitmessung Ihrer Unterwassererkundung. Wenn es Zeit f\u00fcr Ihren Dekompressionsstopp ist, k\u00f6nnen Sie dessen Dauer mithilfe der drehbaren L\u00fcnette messen. Richten Sie die Ziffer auf der L\u00fcnette, die Ihrer erforderlichen Dekompressionszeit entspricht (z. B. Ziffer 20 f\u00fcr einen 20-min\u00fctigen Stopp), mit dem Minutenzeiger aus. Sobald der Minutenzeiger den Nullpunkt erreicht (angezeigt durch die leuchtende 12-Uhr-Markierung auf der L\u00fcnette), k\u00f6nnen Sie sicher zur Oberfl\u00e4che zur\u00fcckkehren.<\/p>\n<h3>Ein unverzichtbares Unterwasserzubeh\u00f6r<\/h3>\n<p>Jeder einzelne Dekompressionstimer wurde in Wasser getaucht und gr\u00fcndlich getestet, um Dr\u00fccken standzuhalten, die viel h\u00f6her sind als die, die unter 2000 Fu\u00df herrschen. Aus diesem Grund ist der Core Diver Ihr bester Freund beim Wassersport, Tauchen, Speerfischen und sogar bei der Erkundung des Meeresbodens.<\/p>\n<h4>Nicht alle Taucheruhren sind gleich. Das macht sie zur besten Taucheruhr auf dem Markt:<\/h4>\n<ul>\n<li>Echte Wasserdichtigkeit bis 2000 Fu\u00df oder 600 Meter<\/li>\n<li>Komplett aus Saphirglas (einschlie\u00dflich Glas und L\u00fcnette)<\/li>\n<li>Geh\u00e4use aus 316L-Edelstahl mit geb\u00fcrsteter Oberfl\u00e4che<\/li>\n<li>Automatische, pr\u00e4zise Taucheruhr \u2013 keine Batterien erforderlich. Die Uhr zieht sich mit der Bewegung Ihres Handgelenks selbst auf.<\/li>\n<li>Dickes Saphirkristallglas mit 4,0 mm Dicke. Das Glas ist mit einer Antireflexionsbeschichtung versehen, um Reflexionen unter Wasser zu verhindern.<\/li>\n<li>Garantiert genaue Zeitanzeige f\u00fcr mindestens 5 Jahre.<\/li>\n<\/ul>\n<h4>Technische Daten:<\/h4>\n<ul>\n<li>Geh\u00e4usedurchmesser (ohne Krone): 44 mm<\/li>\n<li>Geh\u00e4usedicke: 15,6 mm, Bandansto\u00df zu Bandansto\u00df: 50 mm, Bandansto\u00dfbreite: 22 mm<\/li>\n<li>Geh\u00e4usematerial: Edelstahl 316L<\/li>\n<li>Automatisches Heliumauslassventil bei 9 Uhr<\/li>\n<li>L\u00fcnette: Einseitig drehbare Saphirl\u00fcnette mit 120 Klicks und Schweizer C3-Superluminova-Markierungen<\/li>\n<li>Uhrwerk: Swiss Made Sellita SW200-1<\/li>\n<li>Frequenz: 28.800 Schwingungen pro Stunde<\/li>\n<li>Wasserdichtigkeit: 600 Meter, 2000 Fu\u00df oder 60 ATM<\/li>\n<li>Haifischnetz mit Ratschenverl\u00e4ngerungsverschluss<\/li>\n<li>Gangreserve: 40 Stunden<\/li>\n<\/ul>\n","protected":false},"excerpt":{"rendered":"<p>Jeder einzelne Ocean Crawler wurde in Wasser getaucht und gr\u00fcndlich getestet, um einem Druck von bis zu 2000 Fu\u00df standzuhalten. Dies macht es zu einem unverzichtbaren Unterwasserzubeh\u00f6r f\u00fcr Wassersportler, die tauchen, Speerfischen betreiben und sogar den Meeresboden erkunden. Diese limitierte Sonderedition verf\u00fcgt \u00fcber ein Dekompressions-Timer-Zifferblatt, das die erforderlichen Dekompressionsstopps w\u00e4hrend eines Tauchgangs anzeigt. Die Uhr verf\u00fcgt au\u00dferdem \u00fcber eine einseitig drehbare L\u00fcnette, die vollst\u00e4ndig aus Saphir besteht und Stundenmarkierungen tr\u00e4gt, die mit sieben Schichten Schweizer C3 Lume gef\u00fcllt sind. Leistungsstarkes C3-Lume auf den wichtigsten Elementen garantiert perfekte Lesbarkeit beim Tieftauchen. Das Uhrwerk im Inneren ist ein reguliertes Sellita SW200-1 Uhrwerk. Es hat eine Schlagfrequenz von 28.800 Schwingungen pro Stunde und wurde f\u00fcr zus\u00e4tzliche Genauigkeit verbessert. Vom Ocean Crawler Dekompressionstimer werden nur 100 St\u00fcck pro Farbe hergestellt und alle von insgesamt 100 Exemplaren sind mit einer eindeutigen Seriennummer versehen.<\/p>\n<p><strong>Uhrwerk<\/strong>: Swiss Made Sellita SW200-1<br \/>\n<strong>Geh\u00e4use<\/strong>: 316L-Edelstahlgeh\u00e4use mit geb\u00fcrsteter Oberfl\u00e4che und 44 mm Durchmesser<br \/>\n<strong>Wasserdichtigkeit<\/strong>: 600 Meter \/ 60 ATM<br \/>\n<strong>Armband<\/strong>: 316L-Edelstahl Haifisch-Mesh mit Ratschenverl\u00e4ngerungsverschluss und orangefarbenem Kautschukarmband mit gebogenem Ende<\/p>\n","protected":false},"featured_media":323676,"comment_status":"open","ping_status":"closed","template":"","meta":[],"product_cat":[3284,37],"product_tag":[],"yoast_head":"<!-- This site is optimized with the Yoast SEO plugin v21.9 - https:\/\/yoast.com\/wordpress\/plugins\/seo\/ -->\n<title>Ocean Crawler - Decompression Timer - Gelb - WATCHBANDIT<\/title>\n<meta name=\"description\" content=\"Ocean Crawler Core Diver GMT bei Watchbandit kaufen \u2713 Autorisierter H\u00e4ndler \u2713 Swiss made \u2713 TrustedShops zertifiziert \u2713 Passion aus Berlin seit 2014 \u2713\" \/>\n<meta name=\"robots\" content=\"noindex, follow, max-snippet:-1, max-image-preview:large, max-video-preview:-1\" \/>\n<meta property=\"og:locale\" content=\"de_DE\" \/>\n<meta property=\"og:type\" content=\"article\" \/>\n<meta property=\"og:title\" content=\"Ocean Crawler - Decompression Timer - Gelb - WATCHBANDIT\" \/>\n<meta property=\"og:description\" content=\"Ocean Crawler Core Diver GMT bei Watchbandit kaufen \u2713 Autorisierter H\u00e4ndler \u2713 Swiss made \u2713 TrustedShops zertifiziert \u2713 Passion aus Berlin seit 2014 \u2713\" \/>\n<meta property=\"og:url\" content=\"https:\/\/watch-bandit.com\/de\/produkt\/ocean-crawler-decompression-timer-gelb\/\" \/>\n<meta property=\"og:site_name\" content=\"WATCHBANDIT\" \/>\n<meta property=\"article:modified_time\" content=\"2023-08-14T14:04:43+00:00\" \/>\n<meta property=\"og:image\" content=\"https:\/\/watch-bandit.com\/wp-content\/uploads\/2023\/08\/Ocean-Crawler-Decompression-Timer-Yellow.jpg\" \/>\n\t<meta property=\"og:image:width\" content=\"1400\" \/>\n\t<meta property=\"og:image:height\" content=\"1700\" \/>\n\t<meta property=\"og:image:type\" content=\"image\/jpeg\" \/>\n<meta name=\"twitter:label1\" content=\"Gesch\u00e4tzte Lesezeit\" \/>\n\t<meta name=\"twitter:data1\" content=\"3 Minuten\" \/>\n<script type=\"application\/ld+json\" class=\"yoast-schema-graph\">{\"@context\":\"https:\/\/schema.org\",\"@graph\":[{\"@type\":\"WebPage\",\"@id\":\"https:\/\/watch-bandit.com\/de\/produkt\/ocean-crawler-decompression-timer-gelb\/\",\"url\":\"https:\/\/watch-bandit.com\/de\/produkt\/ocean-crawler-decompression-timer-gelb\/\",\"name\":\"Ocean Crawler - Decompression Timer - Gelb - WATCHBANDIT\",\"isPartOf\":{\"@id\":\"https:\/\/watch-bandit.com\/#website\"},\"datePublished\":\"2023-08-11T07:50:43+00:00\",\"dateModified\":\"2023-08-14T14:04:43+00:00\",\"description\":\"Ocean Crawler Core Diver GMT bei Watchbandit kaufen \u2713 Autorisierter H\u00e4ndler \u2713 Swiss made \u2713 TrustedShops zertifiziert \u2713 Passion aus Berlin seit 2014 \u2713\",\"breadcrumb\":{\"@id\":\"https:\/\/watch-bandit.com\/de\/produkt\/ocean-crawler-decompression-timer-gelb\/#breadcrumb\"},\"inLanguage\":\"de-DE\",\"potentialAction\":[{\"@type\":\"ReadAction\",\"target\":[\"https:\/\/watch-bandit.com\/de\/produkt\/ocean-crawler-decompression-timer-gelb\/\"]}]},{\"@type\":\"BreadcrumbList\",\"@id\":\"https:\/\/watch-bandit.com\/de\/produkt\/ocean-crawler-decompression-timer-gelb\/#breadcrumb\",\"itemListElement\":[{\"@type\":\"ListItem\",\"position\":1,\"name\":\"Home\",\"item\":\"https:\/\/watchbandit.de\/\"},{\"@type\":\"ListItem\",\"position\":2,\"name\":\"Shop\",\"item\":\"https:\/\/watchbandit.de\/shop\/\"},{\"@type\":\"ListItem\",\"position\":3,\"name\":\"Watches\",\"item\":\"https:\/\/watch-bandit.com\/products\/watches\/\"},{\"@type\":\"ListItem\",\"position\":4,\"name\":\"Ocean Crawler\",\"item\":\"https:\/\/watch-bandit.com\/products\/watches\/ocean-crawler\/\"},{\"@type\":\"ListItem\",\"position\":5,\"name\":\"Ocean Crawler &#8211; Decompression Timer &#8211; Gelb\"}]},{\"@type\":\"WebSite\",\"@id\":\"https:\/\/watch-bandit.com\/#website\",\"url\":\"https:\/\/watch-bandit.com\/\",\"name\":\"WATCHBANDIT\",\"description\":\"Contemporary Wrist Accessories\",\"publisher\":{\"@id\":\"https:\/\/watch-bandit.com\/#organization\"},\"potentialAction\":[{\"@type\":\"SearchAction\",\"target\":{\"@type\":\"EntryPoint\",\"urlTemplate\":\"https:\/\/watch-bandit.com\/?s={search_term_string}\"},\"query-input\":\"required name=search_term_string\"}],\"inLanguage\":\"de-DE\"},{\"@type\":\"Organization\",\"@id\":\"https:\/\/watch-bandit.com\/#organization\",\"name\":\"WatchBandit\",\"url\":\"https:\/\/watch-bandit.com\/\",\"logo\":{\"@type\":\"ImageObject\",\"inLanguage\":\"de-DE\",\"@id\":\"https:\/\/watch-bandit.com\/#\/schema\/logo\/image\/\",\"url\":\"https:\/\/watchbandit.de\/wp-content\/uploads\/2017\/11\/WB_Logo_557x124.png\",\"contentUrl\":\"https:\/\/watchbandit.de\/wp-content\/uploads\/2017\/11\/WB_Logo_557x124.png\",\"width\":557,\"height\":124,\"caption\":\"WatchBandit\"},\"image\":{\"@id\":\"https:\/\/watch-bandit.com\/#\/schema\/logo\/image\/\"}}]}<\/script>\n<!-- \/ Yoast SEO plugin. -->","yoast_head_json":{"title":"Ocean Crawler - Decompression Timer - Gelb - WATCHBANDIT","description":"Ocean Crawler Core Diver GMT bei Watchbandit kaufen \u2713 Autorisierter H\u00e4ndler \u2713 Swiss made \u2713 TrustedShops zertifiziert \u2713 Passion aus Berlin seit 2014 \u2713","robots":{"index":"noindex","follow":"follow","max-snippet":"max-snippet:-1","max-image-preview":"max-image-preview:large","max-video-preview":"max-video-preview:-1"},"og_locale":"de_DE","og_type":"article","og_title":"Ocean Crawler - Decompression Timer - Gelb - WATCHBANDIT","og_description":"Ocean Crawler Core Diver GMT bei Watchbandit kaufen \u2713 Autorisierter H\u00e4ndler \u2713 Swiss made \u2713 TrustedShops zertifiziert \u2713 Passion aus Berlin seit 2014 \u2713","og_url":"https:\/\/watch-bandit.com\/de\/produkt\/ocean-crawler-decompression-timer-gelb\/","og_site_name":"WATCHBANDIT","article_modified_time":"2023-08-14T14:04:43+00:00","og_image":[{"width":1400,"height":1700,"url":"https:\/\/watch-bandit.com\/wp-content\/uploads\/2023\/08\/Ocean-Crawler-Decompression-Timer-Yellow.jpg","type":"image\/jpeg"}],"twitter_misc":{"Gesch\u00e4tzte Lesezeit":"3 Minuten"},"schema":{"@context":"https:\/\/schema.org","@graph":[{"@type":"WebPage","@id":"https:\/\/watch-bandit.com\/de\/produkt\/ocean-crawler-decompression-timer-gelb\/","url":"https:\/\/watch-bandit.com\/de\/produkt\/ocean-crawler-decompression-timer-gelb\/","name":"Ocean Crawler - Decompression Timer - Gelb - WATCHBANDIT","isPartOf":{"@id":"https:\/\/watch-bandit.com\/#website"},"datePublished":"2023-08-11T07:50:43+00:00","dateModified":"2023-08-14T14:04:43+00:00","description":"Ocean Crawler Core Diver GMT bei Watchbandit kaufen \u2713 Autorisierter H\u00e4ndler \u2713 Swiss made \u2713 TrustedShops zertifiziert \u2713 Passion aus Berlin seit 2014 \u2713","breadcrumb":{"@id":"https:\/\/watch-bandit.com\/de\/produkt\/ocean-crawler-decompression-timer-gelb\/#breadcrumb"},"inLanguage":"de-DE","potentialAction":[{"@type":"ReadAction","target":["https:\/\/watch-bandit.com\/de\/produkt\/ocean-crawler-decompression-timer-gelb\/"]}]},{"@type":"BreadcrumbList","@id":"https:\/\/watch-bandit.com\/de\/produkt\/ocean-crawler-decompression-timer-gelb\/#breadcrumb","itemListElement":[{"@type":"ListItem","position":1,"name":"Home","item":"https:\/\/watchbandit.de\/"},{"@type":"ListItem","position":2,"name":"Shop","item":"https:\/\/watchbandit.de\/shop\/"},{"@type":"ListItem","position":3,"name":"Watches","item":"https:\/\/watch-bandit.com\/products\/watches\/"},{"@type":"ListItem","position":4,"name":"Ocean Crawler","item":"https:\/\/watch-bandit.com\/products\/watches\/ocean-crawler\/"},{"@type":"ListItem","position":5,"name":"Ocean Crawler &#8211; Decompression Timer &#8211; Gelb"}]},{"@type":"WebSite","@id":"https:\/\/watch-bandit.com\/#website","url":"https:\/\/watch-bandit.com\/","name":"WATCHBANDIT","description":"Contemporary Wrist Accessories","publisher":{"@id":"https:\/\/watch-bandit.com\/#organization"},"potentialAction":[{"@type":"SearchAction","target":{"@type":"EntryPoint","urlTemplate":"https:\/\/watch-bandit.com\/?s={search_term_string}"},"query-input":"required name=search_term_string"}],"inLanguage":"de-DE"},{"@type":"Organization","@id":"https:\/\/watch-bandit.com\/#organization","name":"WatchBandit","url":"https:\/\/watch-bandit.com\/","logo":{"@type":"ImageObject","inLanguage":"de-DE","@id":"https:\/\/watch-bandit.com\/#\/schema\/logo\/image\/","url":"https:\/\/watchbandit.de\/wp-content\/uploads\/2017\/11\/WB_Logo_557x124.png","contentUrl":"https:\/\/watchbandit.de\/wp-content\/uploads\/2017\/11\/WB_Logo_557x124.png","width":557,"height":124,"caption":"WatchBandit"},"image":{"@id":"https:\/\/watch-bandit.com\/#\/schema\/logo\/image\/"}}]}},"_links":{"self":[{"href":"https:\/\/watch-bandit.com\/de\/wp-json\/wp\/v2\/product\/323618"}],"collection":[{"href":"https:\/\/watch-bandit.com\/de\/wp-json\/wp\/v2\/product"}],"about":[{"href":"https:\/\/watch-bandit.com\/de\/wp-json\/wp\/v2\/types\/product"}],"replies":[{"embeddable":true,"href":"https:\/\/watch-bandit.com\/de\/wp-json\/wp\/v2\/comments?post=323618"}],"wp:featuredmedia":[{"embeddable":true,"href":"https:\/\/watch-bandit.com\/de\/wp-json\/wp\/v2\/media\/323676"}],"wp:attachment":[{"href":"https:\/\/watch-bandit.com\/de\/wp-json\/wp\/v2\/media?parent=323618"}],"wp:term":[{"taxonomy":"product_cat","embeddable":true,"href":"https:\/\/watch-bandit.com\/de\/wp-json\/wp\/v2\/product_cat?post=323618"},{"taxonomy":"product_tag","embeddable":true,"href":"https:\/\/watch-bandit.com\/de\/wp-json\/wp\/v2\/product_tag?post=323618"}],"curies":[{"name":"wp","href":"https:\/\/api.w.org\/{rel}","templated":true}]}}