{"id":324899,"date":"2023-09-05T13:54:30","date_gmt":"2023-09-05T11:54:31","guid":{"rendered":"https:\/\/watchbandit.com\/?post_type=product&#038;p=324899"},"modified":"2024-01-22T15:17:36","modified_gmt":"2024-01-22T14:17:36","slug":"nordic-marine-instruments-ostersoen-havgron","status":"publish","type":"product","link":"https:\/\/watch-bandit.com\/de\/produkt\/nordic-marine-instruments-ostersoen-havgron\/","title":{"rendered":"Nordic Marine Instruments &#8211; \u00d8sters\u00f8en &#8211; Havgr\u00f8n"},"content":{"rendered":"","protected":false},"excerpt":{"rendered":"<p>Wir stellen die \u00d8STERS\u00d8EN-Serie von Nordic Marine Instruments vor, bei der der Reiz und die Eleganz des Meeres in jeder Uhr elegant eingefangen werden.<\/p>\n<p>Diese sorgf\u00e4ltig aus geb\u00fcrstetem und speziell mit Diamantpaste schwarz poliertem Edelstahl (M\u00d8RK) gefertigten Zeitmesser bieten die perfekte Balance zwischen Eleganz und Komfort. Das Herzst\u00fcck dieser Kollektion ist das faszinierende Zifferblatt mit Wellenmuster, ein visueller Hinweis auf das dynamische nordische Meer. Die \u00d8STERS\u00d8EN verk\u00f6rpert den Minimalismus mit ihrem klaren, aufger\u00e4umten Design und verzichtet auf eine Datumsfunktion f\u00fcr eine zeitlose und ausgewogene Ausstrahlung. Erg\u00e4nzt wird diese Schlichtheit durch anmutige, dezente Zeiger und Indizes im Diamantschliff, die alle von einer L\u00fcnette aus geb\u00fcrstetem Stahl umgeben sind, die einen Hauch von raffiniertem Charme verleiht. Durch die Verwendung von Swiss Super-LumiNova gew\u00e4hrleistet die \u00d8STERS\u00d8EN eine hervorragende Lesbarkeit bei allen Lichtverh\u00e4ltnissen. Dank der On-the-Fly-Verstellschlie\u00dfe und der Schnellverschluss-Federstege ist das Wechseln und Anpassen des Armbands schnell und einfach.<\/p>\n<p><strong>Uhrwerk:<\/strong> Miyota 90S5 (Ultra-Thin Premium Automatic Movement), 42 Stunden Gangreserve, Sekundenstopp, 28.800 BPH (= 4 Hz)<br \/>\n<strong>Geh\u00e4use:<\/strong> 316L-Edelstahl in Marinequalit\u00e4t, 40 mm Durchmesser, 11,9 mm Dicke, 48 mm Bandansto\u00df zu Bandansto\u00df, flaches Saphirkristallglas mit innerem Super AR<br \/>\n<strong>Wasserdichtigkeit:<\/strong> 20 ATM \/ 200 Meter<br \/>\n<strong>Armband:<\/strong> Edelstahlarmband mit On-the-Fly-Verstellschlie\u00dfe und Schnellverschluss-Federstegen<\/p>\n","protected":false},"featured_media":324941,"comment_status":"open","ping_status":"closed","template":"","meta":[],"product_cat":[4196,37],"product_tag":[],"yoast_head":"<!-- This site is optimized with the Yoast SEO plugin v21.9 - https:\/\/yoast.com\/wordpress\/plugins\/seo\/ -->\n<title>Nordic Marine Instruments - \u00d8sters\u00f8en - Havgr\u00f8n - WATCHBANDIT<\/title>\n<meta name=\"description\" content=\"Nordic Marine Instruments Uhren bei WatchBandit kaufen \u2705 Swiss-SuperLuminova\ud83c\udde8\ud83c\udded Flaches Premium Miyota\u2705 TrustedShops zertifiziert \u2705 Kostenlose Lieferung \u2705\" \/>\n<meta name=\"robots\" content=\"noindex, follow, max-snippet:-1, max-image-preview:large, max-video-preview:-1\" \/>\n<meta property=\"og:locale\" content=\"de_DE\" \/>\n<meta property=\"og:type\" content=\"article\" \/>\n<meta property=\"og:title\" content=\"Nordic Marine Instruments - \u00d8sters\u00f8en - Havgr\u00f8n - WATCHBANDIT\" \/>\n<meta property=\"og:description\" content=\"Nordic Marine Instruments Uhren bei WatchBandit kaufen \u2705 Swiss-SuperLuminova\ud83c\udde8\ud83c\udded Flaches Premium Miyota\u2705 TrustedShops zertifiziert \u2705 Kostenlose Lieferung \u2705\" \/>\n<meta property=\"og:url\" content=\"https:\/\/watch-bandit.com\/de\/produkt\/nordic-marine-instruments-ostersoen-havgron\/\" \/>\n<meta property=\"og:site_name\" content=\"WATCHBANDIT\" \/>\n<meta property=\"article:modified_time\" content=\"2024-01-22T14:17:36+00:00\" \/>\n<meta property=\"og:image\" content=\"https:\/\/watch-bandit.com\/wp-content\/uploads\/2023\/09\/Nordic-Marine-Instruments-OSTERSOEN-HavlgrOn-Front.jpg\" \/>\n\t<meta property=\"og:image:width\" content=\"1400\" \/>\n\t<meta property=\"og:image:height\" content=\"1700\" \/>\n\t<meta property=\"og:image:type\" content=\"image\/jpeg\" \/>\n<script type=\"application\/ld+json\" class=\"yoast-schema-graph\">{\"@context\":\"https:\/\/schema.org\",\"@graph\":[{\"@type\":\"WebPage\",\"@id\":\"https:\/\/watch-bandit.com\/de\/produkt\/nordic-marine-instruments-ostersoen-havgron\/\",\"url\":\"https:\/\/watch-bandit.com\/de\/produkt\/nordic-marine-instruments-ostersoen-havgron\/\",\"name\":\"Nordic Marine Instruments - \u00d8sters\u00f8en - Havgr\u00f8n - WATCHBANDIT\",\"isPartOf\":{\"@id\":\"https:\/\/watch-bandit.com\/#website\"},\"datePublished\":\"2023-09-05T11:54:31+00:00\",\"dateModified\":\"2024-01-22T14:17:36+00:00\",\"description\":\"Nordic Marine Instruments Uhren bei WatchBandit kaufen \u2705 Swiss-SuperLuminova\ud83c\udde8\ud83c\udded Flaches Premium Miyota\u2705 TrustedShops zertifiziert \u2705 Kostenlose Lieferung \u2705\",\"breadcrumb\":{\"@id\":\"https:\/\/watch-bandit.com\/de\/produkt\/nordic-marine-instruments-ostersoen-havgron\/#breadcrumb\"},\"inLanguage\":\"de-DE\",\"potentialAction\":[{\"@type\":\"ReadAction\",\"target\":[\"https:\/\/watch-bandit.com\/de\/produkt\/nordic-marine-instruments-ostersoen-havgron\/\"]}]},{\"@type\":\"BreadcrumbList\",\"@id\":\"https:\/\/watch-bandit.com\/de\/produkt\/nordic-marine-instruments-ostersoen-havgron\/#breadcrumb\",\"itemListElement\":[{\"@type\":\"ListItem\",\"position\":1,\"name\":\"Home\",\"item\":\"https:\/\/watchbandit.de\/\"},{\"@type\":\"ListItem\",\"position\":2,\"name\":\"Shop\",\"item\":\"https:\/\/watchbandit.de\/shop\/\"},{\"@type\":\"ListItem\",\"position\":3,\"name\":\"Watches\",\"item\":\"https:\/\/watch-bandit.com\/products\/watches\/\"},{\"@type\":\"ListItem\",\"position\":4,\"name\":\"Nordic Marine Instruments\",\"item\":\"https:\/\/watch-bandit.com\/de\/produkte\/uhren\/nordic-marine-instruments-de\/\"},{\"@type\":\"ListItem\",\"position\":5,\"name\":\"Nordic Marine Instruments &#8211; \u00d8sters\u00f8en &#8211; Havgr\u00f8n\"}]},{\"@type\":\"WebSite\",\"@id\":\"https:\/\/watch-bandit.com\/#website\",\"url\":\"https:\/\/watch-bandit.com\/\",\"name\":\"WATCHBANDIT\",\"description\":\"Contemporary Wrist Accessories\",\"publisher\":{\"@id\":\"https:\/\/watch-bandit.com\/#organization\"},\"potentialAction\":[{\"@type\":\"SearchAction\",\"target\":{\"@type\":\"EntryPoint\",\"urlTemplate\":\"https:\/\/watch-bandit.com\/?s={search_term_string}\"},\"query-input\":\"required name=search_term_string\"}],\"inLanguage\":\"de-DE\"},{\"@type\":\"Organization\",\"@id\":\"https:\/\/watch-bandit.com\/#organization\",\"name\":\"WatchBandit\",\"url\":\"https:\/\/watch-bandit.com\/\",\"logo\":{\"@type\":\"ImageObject\",\"inLanguage\":\"de-DE\",\"@id\":\"https:\/\/watch-bandit.com\/#\/schema\/logo\/image\/\",\"url\":\"https:\/\/watchbandit.de\/wp-content\/uploads\/2017\/11\/WB_Logo_557x124.png\",\"contentUrl\":\"https:\/\/watchbandit.de\/wp-content\/uploads\/2017\/11\/WB_Logo_557x124.png\",\"width\":557,\"height\":124,\"caption\":\"WatchBandit\"},\"image\":{\"@id\":\"https:\/\/watch-bandit.com\/#\/schema\/logo\/image\/\"}}]}<\/script>\n<!-- \/ Yoast SEO plugin. -->","yoast_head_json":{"title":"Nordic Marine Instruments - \u00d8sters\u00f8en - Havgr\u00f8n - WATCHBANDIT","description":"Nordic Marine Instruments Uhren bei WatchBandit kaufen \u2705 Swiss-SuperLuminova\ud83c\udde8\ud83c\udded Flaches Premium Miyota\u2705 TrustedShops zertifiziert \u2705 Kostenlose Lieferung \u2705","robots":{"index":"noindex","follow":"follow","max-snippet":"max-snippet:-1","max-image-preview":"max-image-preview:large","max-video-preview":"max-video-preview:-1"},"og_locale":"de_DE","og_type":"article","og_title":"Nordic Marine Instruments - \u00d8sters\u00f8en - Havgr\u00f8n - WATCHBANDIT","og_description":"Nordic Marine Instruments Uhren bei WatchBandit kaufen \u2705 Swiss-SuperLuminova\ud83c\udde8\ud83c\udded Flaches Premium Miyota\u2705 TrustedShops zertifiziert \u2705 Kostenlose Lieferung \u2705","og_url":"https:\/\/watch-bandit.com\/de\/produkt\/nordic-marine-instruments-ostersoen-havgron\/","og_site_name":"WATCHBANDIT","article_modified_time":"2024-01-22T14:17:36+00:00","og_image":[{"width":1400,"height":1700,"url":"https:\/\/watch-bandit.com\/wp-content\/uploads\/2023\/09\/Nordic-Marine-Instruments-OSTERSOEN-HavlgrOn-Front.jpg","type":"image\/jpeg"}],"schema":{"@context":"https:\/\/schema.org","@graph":[{"@type":"WebPage","@id":"https:\/\/watch-bandit.com\/de\/produkt\/nordic-marine-instruments-ostersoen-havgron\/","url":"https:\/\/watch-bandit.com\/de\/produkt\/nordic-marine-instruments-ostersoen-havgron\/","name":"Nordic Marine Instruments - \u00d8sters\u00f8en - Havgr\u00f8n - WATCHBANDIT","isPartOf":{"@id":"https:\/\/watch-bandit.com\/#website"},"datePublished":"2023-09-05T11:54:31+00:00","dateModified":"2024-01-22T14:17:36+00:00","description":"Nordic Marine Instruments Uhren bei WatchBandit kaufen \u2705 Swiss-SuperLuminova\ud83c\udde8\ud83c\udded Flaches Premium Miyota\u2705 TrustedShops zertifiziert \u2705 Kostenlose Lieferung \u2705","breadcrumb":{"@id":"https:\/\/watch-bandit.com\/de\/produkt\/nordic-marine-instruments-ostersoen-havgron\/#breadcrumb"},"inLanguage":"de-DE","potentialAction":[{"@type":"ReadAction","target":["https:\/\/watch-bandit.com\/de\/produkt\/nordic-marine-instruments-ostersoen-havgron\/"]}]},{"@type":"BreadcrumbList","@id":"https:\/\/watch-bandit.com\/de\/produkt\/nordic-marine-instruments-ostersoen-havgron\/#breadcrumb","itemListElement":[{"@type":"ListItem","position":1,"name":"Home","item":"https:\/\/watchbandit.de\/"},{"@type":"ListItem","position":2,"name":"Shop","item":"https:\/\/watchbandit.de\/shop\/"},{"@type":"ListItem","position":3,"name":"Watches","item":"https:\/\/watch-bandit.com\/products\/watches\/"},{"@type":"ListItem","position":4,"name":"Nordic Marine Instruments","item":"https:\/\/watch-bandit.com\/de\/produkte\/uhren\/nordic-marine-instruments-de\/"},{"@type":"ListItem","position":5,"name":"Nordic Marine Instruments &#8211; \u00d8sters\u00f8en &#8211; Havgr\u00f8n"}]},{"@type":"WebSite","@id":"https:\/\/watch-bandit.com\/#website","url":"https:\/\/watch-bandit.com\/","name":"WATCHBANDIT","description":"Contemporary Wrist Accessories","publisher":{"@id":"https:\/\/watch-bandit.com\/#organization"},"potentialAction":[{"@type":"SearchAction","target":{"@type":"EntryPoint","urlTemplate":"https:\/\/watch-bandit.com\/?s={search_term_string}"},"query-input":"required name=search_term_string"}],"inLanguage":"de-DE"},{"@type":"Organization","@id":"https:\/\/watch-bandit.com\/#organization","name":"WatchBandit","url":"https:\/\/watch-bandit.com\/","logo":{"@type":"ImageObject","inLanguage":"de-DE","@id":"https:\/\/watch-bandit.com\/#\/schema\/logo\/image\/","url":"https:\/\/watchbandit.de\/wp-content\/uploads\/2017\/11\/WB_Logo_557x124.png","contentUrl":"https:\/\/watchbandit.de\/wp-content\/uploads\/2017\/11\/WB_Logo_557x124.png","width":557,"height":124,"caption":"WatchBandit"},"image":{"@id":"https:\/\/watch-bandit.com\/#\/schema\/logo\/image\/"}}]}},"_links":{"self":[{"href":"https:\/\/watch-bandit.com\/de\/wp-json\/wp\/v2\/product\/324899"}],"collection":[{"href":"https:\/\/watch-bandit.com\/de\/wp-json\/wp\/v2\/product"}],"about":[{"href":"https:\/\/watch-bandit.com\/de\/wp-json\/wp\/v2\/types\/product"}],"replies":[{"embeddable":true,"href":"https:\/\/watch-bandit.com\/de\/wp-json\/wp\/v2\/comments?post=324899"}],"wp:featuredmedia":[{"embeddable":true,"href":"https:\/\/watch-bandit.com\/de\/wp-json\/wp\/v2\/media\/324941"}],"wp:attachment":[{"href":"https:\/\/watch-bandit.com\/de\/wp-json\/wp\/v2\/media?parent=324899"}],"wp:term":[{"taxonomy":"product_cat","embeddable":true,"href":"https:\/\/watch-bandit.com\/de\/wp-json\/wp\/v2\/product_cat?post=324899"},{"taxonomy":"product_tag","embeddable":true,"href":"https:\/\/watch-bandit.com\/de\/wp-json\/wp\/v2\/product_tag?post=324899"}],"curies":[{"name":"wp","href":"https:\/\/api.w.org\/{rel}","templated":true}]}}