{"id":325744,"date":"2023-09-27T14:08:18","date_gmt":"2023-09-27T12:08:18","guid":{"rendered":"https:\/\/watchbandit.com\/?post_type=product&#038;p=325744"},"modified":"2023-11-15T14:56:59","modified_gmt":"2023-11-15T13:56:59","slug":"second-hour-the-gin-clear-mkii-arctic-white","status":"publish","type":"product","link":"https:\/\/watch-bandit.com\/de\/produkt\/second-hour-the-gin-clear-mkii-arctic-white\/","title":{"rendered":"Second Hour &#8211; The Gin Clear MkII &#8211; Arctic White"},"content":{"rendered":"<p><img loading=\"lazy\" decoding=\"async\" class=\"aligncenter size-full wp-image-326182\" src=\"https:\/\/watchbandit.de\/wp-content\/uploads\/2023\/09\/FourDials_Web-min.jpg\" alt=\"Second Hour - The Gin Clear MkII - Collection\n\" width=\"1181\" height=\"637\" srcset=\"https:\/\/watch-bandit.com\/wp-content\/uploads\/2023\/09\/FourDials_Web-min.jpg 1181w, https:\/\/watch-bandit.com\/wp-content\/uploads\/2023\/09\/FourDials_Web-min-280x151.jpg 280w\" sizes=\"(max-width: 1181px) 100vw, 1181px\" \/><\/p>\n","protected":false},"excerpt":{"rendered":"<p>Nach drei Jahren Entwicklungszeit kehrt die Flaggschiff-Taucheruhr von Second Hour, die Gin Clear, endlich mit einer Vielzahl von Design-, Verarbeitungs- und Komponenten-Upgrades zur\u00fcck. Jetzt mit dem legend\u00e4ren ETA 2824 und einer Mikroverstellschlie\u00dfe mit Druckknopf f\u00fcr eine gute Passform. Die Gin Clear MkII begeistert mit vier wundersch\u00f6nen Zifferblattoptionen: drei alte Favoriten<br \/>\nund eine umwerfende Neuauflage zum Abschluss<\/p>\n<p><strong>Uhrwerk:<\/strong> Reguliertes Schweizer Automatikwerk ETA 2824<br \/>\n<strong>Geh\u00e4use:<\/strong> Edelstahl 316L mit 1200 Vickers Oberfl\u00e4chenh\u00e4rtung, 40 mm Durchmesser, 12,25 mm Dicke<br \/>\n<strong>Wasserdichtigkeit:<\/strong> 30 ATM \/ 300 Meter<br \/>\n<strong>Armband:<\/strong> Massives Schraubgliederarmband, solide Endglieder und Schnellverschluss-Federstege mit vollst\u00e4ndig gefr\u00e4stem Druckknopf, Schnellverschluss mit Mikroverstellung<\/p>\n","protected":false},"featured_media":326779,"comment_status":"open","ping_status":"closed","template":"","meta":[],"product_cat":[4256,37],"product_tag":[],"yoast_head":"<!-- This site is optimized with the Yoast SEO plugin v21.9 - https:\/\/yoast.com\/wordpress\/plugins\/seo\/ -->\n<title>Second Hour - The Gin Clear MkII - Arctic White - WATCHBANDIT<\/title>\n<meta name=\"description\" content=\"Second Hour Watches bei WatchBandit kaufen\u2714\ufe0fAutorisierter H\u00e4ndler\u2714\ufe0fMechanisch\u2714\ufe0fkostenlose &amp; schnelle Lieferung\u2714\ufe0fTrusted Shops\u2714\ufe0f\" \/>\n<meta name=\"robots\" content=\"noindex, follow, max-snippet:-1, max-image-preview:large, max-video-preview:-1\" \/>\n<meta property=\"og:locale\" content=\"de_DE\" \/>\n<meta property=\"og:type\" content=\"article\" \/>\n<meta property=\"og:title\" content=\"Second Hour - The Gin Clear MkII - Arctic White - WATCHBANDIT\" \/>\n<meta property=\"og:description\" content=\"Second Hour Watches bei WatchBandit kaufen\u2714\ufe0fAutorisierter H\u00e4ndler\u2714\ufe0fMechanisch\u2714\ufe0fkostenlose &amp; schnelle Lieferung\u2714\ufe0fTrusted Shops\u2714\ufe0f\" \/>\n<meta property=\"og:url\" content=\"https:\/\/watch-bandit.com\/de\/produkt\/second-hour-the-gin-clear-mkii-arctic-white\/\" \/>\n<meta property=\"og:site_name\" content=\"WATCHBANDIT\" \/>\n<meta property=\"article:modified_time\" content=\"2023-11-15T13:56:59+00:00\" \/>\n<meta property=\"og:image\" content=\"https:\/\/watch-bandit.com\/wp-content\/uploads\/2023\/09\/Second-Hour-The-Gin-Clear-MkII-Arctic-White-1.jpg\" \/>\n\t<meta property=\"og:image:width\" content=\"1400\" \/>\n\t<meta property=\"og:image:height\" content=\"1700\" \/>\n\t<meta property=\"og:image:type\" content=\"image\/jpeg\" \/>\n<meta name=\"twitter:label1\" content=\"Gesch\u00e4tzte Lesezeit\" \/>\n\t<meta name=\"twitter:data1\" content=\"1 Minute\" \/>\n<script type=\"application\/ld+json\" class=\"yoast-schema-graph\">{\"@context\":\"https:\/\/schema.org\",\"@graph\":[{\"@type\":\"WebPage\",\"@id\":\"https:\/\/watch-bandit.com\/de\/produkt\/second-hour-the-gin-clear-mkii-arctic-white\/\",\"url\":\"https:\/\/watch-bandit.com\/de\/produkt\/second-hour-the-gin-clear-mkii-arctic-white\/\",\"name\":\"Second Hour - The Gin Clear MkII - Arctic White - WATCHBANDIT\",\"isPartOf\":{\"@id\":\"https:\/\/watch-bandit.com\/#website\"},\"datePublished\":\"2023-09-27T12:08:18+00:00\",\"dateModified\":\"2023-11-15T13:56:59+00:00\",\"description\":\"Second Hour Watches bei WatchBandit kaufen\u2714\ufe0fAutorisierter H\u00e4ndler\u2714\ufe0fMechanisch\u2714\ufe0fkostenlose & schnelle Lieferung\u2714\ufe0fTrusted Shops\u2714\ufe0f\",\"breadcrumb\":{\"@id\":\"https:\/\/watch-bandit.com\/de\/produkt\/second-hour-the-gin-clear-mkii-arctic-white\/#breadcrumb\"},\"inLanguage\":\"de-DE\",\"potentialAction\":[{\"@type\":\"ReadAction\",\"target\":[\"https:\/\/watch-bandit.com\/de\/produkt\/second-hour-the-gin-clear-mkii-arctic-white\/\"]}]},{\"@type\":\"BreadcrumbList\",\"@id\":\"https:\/\/watch-bandit.com\/de\/produkt\/second-hour-the-gin-clear-mkii-arctic-white\/#breadcrumb\",\"itemListElement\":[{\"@type\":\"ListItem\",\"position\":1,\"name\":\"Home\",\"item\":\"https:\/\/watchbandit.de\/\"},{\"@type\":\"ListItem\",\"position\":2,\"name\":\"Shop\",\"item\":\"https:\/\/watchbandit.de\/shop\/\"},{\"@type\":\"ListItem\",\"position\":3,\"name\":\"Watches\",\"item\":\"https:\/\/watch-bandit.com\/products\/watches\/\"},{\"@type\":\"ListItem\",\"position\":4,\"name\":\"Second Hour &#8211; The Gin Clear MkII &#8211; Arctic White\"}]},{\"@type\":\"WebSite\",\"@id\":\"https:\/\/watch-bandit.com\/#website\",\"url\":\"https:\/\/watch-bandit.com\/\",\"name\":\"WATCHBANDIT\",\"description\":\"Contemporary Wrist Accessories\",\"publisher\":{\"@id\":\"https:\/\/watch-bandit.com\/#organization\"},\"potentialAction\":[{\"@type\":\"SearchAction\",\"target\":{\"@type\":\"EntryPoint\",\"urlTemplate\":\"https:\/\/watch-bandit.com\/?s={search_term_string}\"},\"query-input\":\"required name=search_term_string\"}],\"inLanguage\":\"de-DE\"},{\"@type\":\"Organization\",\"@id\":\"https:\/\/watch-bandit.com\/#organization\",\"name\":\"WatchBandit\",\"url\":\"https:\/\/watch-bandit.com\/\",\"logo\":{\"@type\":\"ImageObject\",\"inLanguage\":\"de-DE\",\"@id\":\"https:\/\/watch-bandit.com\/#\/schema\/logo\/image\/\",\"url\":\"https:\/\/watchbandit.de\/wp-content\/uploads\/2017\/11\/WB_Logo_557x124.png\",\"contentUrl\":\"https:\/\/watchbandit.de\/wp-content\/uploads\/2017\/11\/WB_Logo_557x124.png\",\"width\":557,\"height\":124,\"caption\":\"WatchBandit\"},\"image\":{\"@id\":\"https:\/\/watch-bandit.com\/#\/schema\/logo\/image\/\"}}]}<\/script>\n<!-- \/ Yoast SEO plugin. -->","yoast_head_json":{"title":"Second Hour - The Gin Clear MkII - Arctic White - WATCHBANDIT","description":"Second Hour Watches bei WatchBandit kaufen\u2714\ufe0fAutorisierter H\u00e4ndler\u2714\ufe0fMechanisch\u2714\ufe0fkostenlose & schnelle Lieferung\u2714\ufe0fTrusted Shops\u2714\ufe0f","robots":{"index":"noindex","follow":"follow","max-snippet":"max-snippet:-1","max-image-preview":"max-image-preview:large","max-video-preview":"max-video-preview:-1"},"og_locale":"de_DE","og_type":"article","og_title":"Second Hour - The Gin Clear MkII - Arctic White - WATCHBANDIT","og_description":"Second Hour Watches bei WatchBandit kaufen\u2714\ufe0fAutorisierter H\u00e4ndler\u2714\ufe0fMechanisch\u2714\ufe0fkostenlose & schnelle Lieferung\u2714\ufe0fTrusted Shops\u2714\ufe0f","og_url":"https:\/\/watch-bandit.com\/de\/produkt\/second-hour-the-gin-clear-mkii-arctic-white\/","og_site_name":"WATCHBANDIT","article_modified_time":"2023-11-15T13:56:59+00:00","og_image":[{"width":1400,"height":1700,"url":"https:\/\/watch-bandit.com\/wp-content\/uploads\/2023\/09\/Second-Hour-The-Gin-Clear-MkII-Arctic-White-1.jpg","type":"image\/jpeg"}],"twitter_misc":{"Gesch\u00e4tzte Lesezeit":"1 Minute"},"schema":{"@context":"https:\/\/schema.org","@graph":[{"@type":"WebPage","@id":"https:\/\/watch-bandit.com\/de\/produkt\/second-hour-the-gin-clear-mkii-arctic-white\/","url":"https:\/\/watch-bandit.com\/de\/produkt\/second-hour-the-gin-clear-mkii-arctic-white\/","name":"Second Hour - The Gin Clear MkII - Arctic White - WATCHBANDIT","isPartOf":{"@id":"https:\/\/watch-bandit.com\/#website"},"datePublished":"2023-09-27T12:08:18+00:00","dateModified":"2023-11-15T13:56:59+00:00","description":"Second Hour Watches bei WatchBandit kaufen\u2714\ufe0fAutorisierter H\u00e4ndler\u2714\ufe0fMechanisch\u2714\ufe0fkostenlose & schnelle Lieferung\u2714\ufe0fTrusted Shops\u2714\ufe0f","breadcrumb":{"@id":"https:\/\/watch-bandit.com\/de\/produkt\/second-hour-the-gin-clear-mkii-arctic-white\/#breadcrumb"},"inLanguage":"de-DE","potentialAction":[{"@type":"ReadAction","target":["https:\/\/watch-bandit.com\/de\/produkt\/second-hour-the-gin-clear-mkii-arctic-white\/"]}]},{"@type":"BreadcrumbList","@id":"https:\/\/watch-bandit.com\/de\/produkt\/second-hour-the-gin-clear-mkii-arctic-white\/#breadcrumb","itemListElement":[{"@type":"ListItem","position":1,"name":"Home","item":"https:\/\/watchbandit.de\/"},{"@type":"ListItem","position":2,"name":"Shop","item":"https:\/\/watchbandit.de\/shop\/"},{"@type":"ListItem","position":3,"name":"Watches","item":"https:\/\/watch-bandit.com\/products\/watches\/"},{"@type":"ListItem","position":4,"name":"Second Hour &#8211; The Gin Clear MkII &#8211; Arctic White"}]},{"@type":"WebSite","@id":"https:\/\/watch-bandit.com\/#website","url":"https:\/\/watch-bandit.com\/","name":"WATCHBANDIT","description":"Contemporary Wrist Accessories","publisher":{"@id":"https:\/\/watch-bandit.com\/#organization"},"potentialAction":[{"@type":"SearchAction","target":{"@type":"EntryPoint","urlTemplate":"https:\/\/watch-bandit.com\/?s={search_term_string}"},"query-input":"required name=search_term_string"}],"inLanguage":"de-DE"},{"@type":"Organization","@id":"https:\/\/watch-bandit.com\/#organization","name":"WatchBandit","url":"https:\/\/watch-bandit.com\/","logo":{"@type":"ImageObject","inLanguage":"de-DE","@id":"https:\/\/watch-bandit.com\/#\/schema\/logo\/image\/","url":"https:\/\/watchbandit.de\/wp-content\/uploads\/2017\/11\/WB_Logo_557x124.png","contentUrl":"https:\/\/watchbandit.de\/wp-content\/uploads\/2017\/11\/WB_Logo_557x124.png","width":557,"height":124,"caption":"WatchBandit"},"image":{"@id":"https:\/\/watch-bandit.com\/#\/schema\/logo\/image\/"}}]}},"_links":{"self":[{"href":"https:\/\/watch-bandit.com\/de\/wp-json\/wp\/v2\/product\/325744"}],"collection":[{"href":"https:\/\/watch-bandit.com\/de\/wp-json\/wp\/v2\/product"}],"about":[{"href":"https:\/\/watch-bandit.com\/de\/wp-json\/wp\/v2\/types\/product"}],"replies":[{"embeddable":true,"href":"https:\/\/watch-bandit.com\/de\/wp-json\/wp\/v2\/comments?post=325744"}],"wp:featuredmedia":[{"embeddable":true,"href":"https:\/\/watch-bandit.com\/de\/wp-json\/wp\/v2\/media\/326779"}],"wp:attachment":[{"href":"https:\/\/watch-bandit.com\/de\/wp-json\/wp\/v2\/media?parent=325744"}],"wp:term":[{"taxonomy":"product_cat","embeddable":true,"href":"https:\/\/watch-bandit.com\/de\/wp-json\/wp\/v2\/product_cat?post=325744"},{"taxonomy":"product_tag","embeddable":true,"href":"https:\/\/watch-bandit.com\/de\/wp-json\/wp\/v2\/product_tag?post=325744"}],"curies":[{"name":"wp","href":"https:\/\/api.w.org\/{rel}","templated":true}]}}