{"id":326098,"date":"2023-10-06T11:20:53","date_gmt":"2023-10-06T09:20:54","guid":{"rendered":"https:\/\/watchbandit.com\/?post_type=product&#038;p=326098"},"modified":"2023-10-10T17:30:53","modified_gmt":"2023-10-10T15:30:53","slug":"venezianico-redentore-riserva-di-carica-1321502c","status":"publish","type":"product","link":"https:\/\/watch-bandit.com\/de\/produkt\/venezianico-redentore-riserva-di-carica-1321502c\/","title":{"rendered":"Venezianico &#8211; Redentore Riserva di Carica &#8211; 1321502C"},"content":{"rendered":"<h1>REDENTORE Riserva di Carica<\/h1>\n<p>Die Riserva di Carica ist das Flaggschiff der Redentore-Kollektion und verf\u00fcgt \u00fcber eine markante Gangreserveanzeige \u2013 eine in der Welt der Uhrmacherkunst hochgesch\u00e4tzte und praktische mechanische Komplikation.<\/p>\n<h3>Innovative Gangreserveanzeige<\/h3>\n<p>Zu den gesch\u00e4tztesten mechanischen Komplikationen f\u00fcr Uhrenliebhaber geh\u00f6rt die Gangreserveanzeige, die durch einen vierten Zeiger, der die obere H\u00e4lfte des Zifferblatts bedeckt, angezeigt wird und die verbleibenden Betriebsstunden des Kalibers anzeigt. Was dieses Merkmal noch seltener macht, ist die Anzeige der Gangreserve durch einen Zeiger, der an der Hauptwelle des Uhrwerks angebracht ist.<\/p>\n<h3>Intuitive Datumsanzeige<\/h3>\n<p>Konventionswidrig liegt das Datum nicht bei 3 Uhr. Stattdessen zeigt ein f\u00fcnfter Zeiger bei 6 Uhr anmutig die Tage des Monats an, wobei eine kreisf\u00f6rmige Oberfl\u00e4che auf der Datumsscheibe das Sonnenschliff-Zifferblatt hervorhebt. Zur besseren Lesbarkeit haben der f\u00fcnfte Zeiger und der erste Tag des Monats die gleiche Farbe.<\/p>\n<h3>Kunstvoll gravierter Geh\u00e4useboden<\/h3>\n<p>Ein sechsfach verschraubter Geh\u00e4useboden, der sorgf\u00e4ltig entworfen wurde, um die Ausrichtung der zentralen Gravur beizubehalten, unterstreicht die Gesamtform. Das Band, das die zentrale Grafik umrahmt, zeigt die wichtigsten technischen Details der Uhr und zeigt die Seriennummer bei 4 Uhr an.<\/p>\n<h3>Seiko NE57 Premium Line Uhrwerk<\/h3>\n<p>Ausgestattet mit dem Automatikwerk Seiko NE57 geh\u00f6rt die Redentore Riserva di Carica zur prestigetr\u00e4chtigen Linie der Seiko-Automatikkaliber, die von der Spezialabteilung \u201eTMI\u201c hergestellt werden. Dieses Kaliber mit f\u00fcnf Zeigern bietet zwei zus\u00e4tzliche Funktionen: eine Datumsanzeige bei 6 Uhr und eine Gangreserveanzeige.<\/p>\n<h3>Dual-Finish-Geh\u00e4usedesign<\/h3>\n<p>Das Geh\u00e4use bietet eine harmonische Mischung aus geschwungenen Formen und scharfen Kanten, die durch eine doppelte Oberfl\u00e4che betont werden. Das Polieren der horizontalen Fl\u00e4chen verspr\u00fcht einen klassischen Charme, kontrastiert mit dem feinen B\u00fcrsten der vertikalen Fl\u00e4chen und verleiht dem Geh\u00e4use ein modernes und raffiniertes Profil.<\/p>\n<h3>Canova-Armband-Handwerkskunst<\/h3>\n<p>Das aus 16 verschiedenen Formen und einem eingetragenen Design gefertigte Canova-Armband spiegelt die doppelte Oberfl\u00e4che des Geh\u00e4uses wider und weist sowohl gl\u00e4nzende als auch satinierte Texturen auf. Die zentralen Glieder, die durch das Finish hervorgehoben werden, sorgen f\u00fcr Eleganz und Ausgewogenheit und f\u00fcgen sich nahtlos in einen Butterfly-Verschluss ein, der die Kontinuit\u00e4t des Designs gew\u00e4hrleistet.<\/p>\n<h3>Umweltbewusste Verpackung<\/h3>\n<p>Angesichts der weltweiten Reisen und zur Minimierung des CO2-Fu\u00dfabdrucks werden unsere eleganten und leichten Verpackungen zu \u00fcber 95 % aus recycelbarem Papier hergestellt.<\/p>\n","protected":false},"excerpt":{"rendered":"<p>Das Design dieser Uhr ist von der Basilica del Redentore inspiriert, dem Meisterwerk des venezianischen Architekten Andrea Palladio, der als Vater des neoklassizistischen Stils gilt. Die Ausgewogenheit seiner Formen und Proportionen verleiht dem Koffer ein elegantes und modernes Aussehen und macht ihn zu einem \u00e4u\u00dferst vielseitigen Modell.<\/p>\n<p><strong>Uhrwerk:<\/strong> Automatisches Kal. Seiko NE57A<br \/>\n<strong>Geh\u00e4use:<\/strong> 316L-Edelstahl, 40 mm und Bandansto\u00df zu Bandansto\u00df 48 mm, Saphirglas mit Antireflexbeschichtung<br \/>\n<strong>Wasserdichtigkeit:<\/strong> 10 atm \/ 100 Meter<br \/>\n<strong>Armband:<\/strong> Canova-Metallarmband<\/p>\n","protected":false},"featured_media":326685,"comment_status":"open","ping_status":"closed","template":"","meta":[],"product_cat":[37,4080,4823],"product_tag":[],"yoast_head":"<!-- This site is optimized with the Yoast SEO plugin v21.9 - https:\/\/yoast.com\/wordpress\/plugins\/seo\/ -->\n<title>Venezianico - Redentore Riserva di Carica - 1321502C - WATCHBANDIT<\/title>\n<meta name=\"description\" content=\"Venezianico bei WatchBandit kaufen \u2b50 Automatik Uhrwerk\u2b50 Kostenlose &amp; schnelle Lieferung \u2b50 TrustedShops zertifiziert \u2b50 Seit 2014\u2b50\" \/>\n<meta name=\"robots\" content=\"noindex, follow, max-snippet:-1, max-image-preview:large, max-video-preview:-1\" \/>\n<meta property=\"og:locale\" content=\"de_DE\" \/>\n<meta property=\"og:type\" content=\"article\" \/>\n<meta property=\"og:title\" content=\"Venezianico - Redentore Riserva di Carica - 1321502C - WATCHBANDIT\" \/>\n<meta property=\"og:description\" content=\"Venezianico bei WatchBandit kaufen \u2b50 Automatik Uhrwerk\u2b50 Kostenlose &amp; schnelle Lieferung \u2b50 TrustedShops zertifiziert \u2b50 Seit 2014\u2b50\" \/>\n<meta property=\"og:url\" content=\"https:\/\/watch-bandit.com\/de\/produkt\/venezianico-redentore-riserva-di-carica-1321502c\/\" \/>\n<meta property=\"og:site_name\" content=\"WATCHBANDIT\" \/>\n<meta property=\"article:modified_time\" content=\"2023-10-10T15:30:53+00:00\" \/>\n<meta property=\"og:image\" content=\"https:\/\/watch-bandit.com\/wp-content\/uploads\/2023\/10\/Venezianico-Redentore-Riserva-di-Carica-1321502C-2-min.jpg\" \/>\n\t<meta property=\"og:image:width\" content=\"1400\" \/>\n\t<meta property=\"og:image:height\" content=\"1700\" \/>\n\t<meta property=\"og:image:type\" content=\"image\/jpeg\" \/>\n<meta name=\"twitter:label1\" content=\"Gesch\u00e4tzte Lesezeit\" \/>\n\t<meta name=\"twitter:data1\" content=\"2 Minuten\" \/>\n<script type=\"application\/ld+json\" class=\"yoast-schema-graph\">{\"@context\":\"https:\/\/schema.org\",\"@graph\":[{\"@type\":\"WebPage\",\"@id\":\"https:\/\/watch-bandit.com\/de\/produkt\/venezianico-redentore-riserva-di-carica-1321502c\/\",\"url\":\"https:\/\/watch-bandit.com\/de\/produkt\/venezianico-redentore-riserva-di-carica-1321502c\/\",\"name\":\"Venezianico - Redentore Riserva di Carica - 1321502C - WATCHBANDIT\",\"isPartOf\":{\"@id\":\"https:\/\/watch-bandit.com\/#website\"},\"datePublished\":\"2023-10-06T09:20:54+00:00\",\"dateModified\":\"2023-10-10T15:30:53+00:00\",\"description\":\"Venezianico bei WatchBandit kaufen \u2b50 Automatik Uhrwerk\u2b50 Kostenlose & schnelle Lieferung \u2b50 TrustedShops zertifiziert \u2b50 Seit 2014\u2b50\",\"breadcrumb\":{\"@id\":\"https:\/\/watch-bandit.com\/de\/produkt\/venezianico-redentore-riserva-di-carica-1321502c\/#breadcrumb\"},\"inLanguage\":\"de-DE\",\"potentialAction\":[{\"@type\":\"ReadAction\",\"target\":[\"https:\/\/watch-bandit.com\/de\/produkt\/venezianico-redentore-riserva-di-carica-1321502c\/\"]}]},{\"@type\":\"BreadcrumbList\",\"@id\":\"https:\/\/watch-bandit.com\/de\/produkt\/venezianico-redentore-riserva-di-carica-1321502c\/#breadcrumb\",\"itemListElement\":[{\"@type\":\"ListItem\",\"position\":1,\"name\":\"Home\",\"item\":\"https:\/\/watchbandit.de\/\"},{\"@type\":\"ListItem\",\"position\":2,\"name\":\"Shop\",\"item\":\"https:\/\/watchbandit.de\/shop\/\"},{\"@type\":\"ListItem\",\"position\":3,\"name\":\"Watches\",\"item\":\"https:\/\/watch-bandit.com\/products\/watches\/\"},{\"@type\":\"ListItem\",\"position\":4,\"name\":\"Venezianico &#8211; Redentore Riserva di Carica &#8211; 1321502C\"}]},{\"@type\":\"WebSite\",\"@id\":\"https:\/\/watch-bandit.com\/#website\",\"url\":\"https:\/\/watch-bandit.com\/\",\"name\":\"WATCHBANDIT\",\"description\":\"Contemporary Wrist Accessories\",\"publisher\":{\"@id\":\"https:\/\/watch-bandit.com\/#organization\"},\"potentialAction\":[{\"@type\":\"SearchAction\",\"target\":{\"@type\":\"EntryPoint\",\"urlTemplate\":\"https:\/\/watch-bandit.com\/?s={search_term_string}\"},\"query-input\":\"required name=search_term_string\"}],\"inLanguage\":\"de-DE\"},{\"@type\":\"Organization\",\"@id\":\"https:\/\/watch-bandit.com\/#organization\",\"name\":\"WatchBandit\",\"url\":\"https:\/\/watch-bandit.com\/\",\"logo\":{\"@type\":\"ImageObject\",\"inLanguage\":\"de-DE\",\"@id\":\"https:\/\/watch-bandit.com\/#\/schema\/logo\/image\/\",\"url\":\"https:\/\/watchbandit.de\/wp-content\/uploads\/2017\/11\/WB_Logo_557x124.png\",\"contentUrl\":\"https:\/\/watchbandit.de\/wp-content\/uploads\/2017\/11\/WB_Logo_557x124.png\",\"width\":557,\"height\":124,\"caption\":\"WatchBandit\"},\"image\":{\"@id\":\"https:\/\/watch-bandit.com\/#\/schema\/logo\/image\/\"}}]}<\/script>\n<!-- \/ Yoast SEO plugin. -->","yoast_head_json":{"title":"Venezianico - Redentore Riserva di Carica - 1321502C - WATCHBANDIT","description":"Venezianico bei WatchBandit kaufen \u2b50 Automatik Uhrwerk\u2b50 Kostenlose & schnelle Lieferung \u2b50 TrustedShops zertifiziert \u2b50 Seit 2014\u2b50","robots":{"index":"noindex","follow":"follow","max-snippet":"max-snippet:-1","max-image-preview":"max-image-preview:large","max-video-preview":"max-video-preview:-1"},"og_locale":"de_DE","og_type":"article","og_title":"Venezianico - Redentore Riserva di Carica - 1321502C - WATCHBANDIT","og_description":"Venezianico bei WatchBandit kaufen \u2b50 Automatik Uhrwerk\u2b50 Kostenlose & schnelle Lieferung \u2b50 TrustedShops zertifiziert \u2b50 Seit 2014\u2b50","og_url":"https:\/\/watch-bandit.com\/de\/produkt\/venezianico-redentore-riserva-di-carica-1321502c\/","og_site_name":"WATCHBANDIT","article_modified_time":"2023-10-10T15:30:53+00:00","og_image":[{"width":1400,"height":1700,"url":"https:\/\/watch-bandit.com\/wp-content\/uploads\/2023\/10\/Venezianico-Redentore-Riserva-di-Carica-1321502C-2-min.jpg","type":"image\/jpeg"}],"twitter_misc":{"Gesch\u00e4tzte Lesezeit":"2 Minuten"},"schema":{"@context":"https:\/\/schema.org","@graph":[{"@type":"WebPage","@id":"https:\/\/watch-bandit.com\/de\/produkt\/venezianico-redentore-riserva-di-carica-1321502c\/","url":"https:\/\/watch-bandit.com\/de\/produkt\/venezianico-redentore-riserva-di-carica-1321502c\/","name":"Venezianico - Redentore Riserva di Carica - 1321502C - WATCHBANDIT","isPartOf":{"@id":"https:\/\/watch-bandit.com\/#website"},"datePublished":"2023-10-06T09:20:54+00:00","dateModified":"2023-10-10T15:30:53+00:00","description":"Venezianico bei WatchBandit kaufen \u2b50 Automatik Uhrwerk\u2b50 Kostenlose & schnelle Lieferung \u2b50 TrustedShops zertifiziert \u2b50 Seit 2014\u2b50","breadcrumb":{"@id":"https:\/\/watch-bandit.com\/de\/produkt\/venezianico-redentore-riserva-di-carica-1321502c\/#breadcrumb"},"inLanguage":"de-DE","potentialAction":[{"@type":"ReadAction","target":["https:\/\/watch-bandit.com\/de\/produkt\/venezianico-redentore-riserva-di-carica-1321502c\/"]}]},{"@type":"BreadcrumbList","@id":"https:\/\/watch-bandit.com\/de\/produkt\/venezianico-redentore-riserva-di-carica-1321502c\/#breadcrumb","itemListElement":[{"@type":"ListItem","position":1,"name":"Home","item":"https:\/\/watchbandit.de\/"},{"@type":"ListItem","position":2,"name":"Shop","item":"https:\/\/watchbandit.de\/shop\/"},{"@type":"ListItem","position":3,"name":"Watches","item":"https:\/\/watch-bandit.com\/products\/watches\/"},{"@type":"ListItem","position":4,"name":"Venezianico &#8211; Redentore Riserva di Carica &#8211; 1321502C"}]},{"@type":"WebSite","@id":"https:\/\/watch-bandit.com\/#website","url":"https:\/\/watch-bandit.com\/","name":"WATCHBANDIT","description":"Contemporary Wrist Accessories","publisher":{"@id":"https:\/\/watch-bandit.com\/#organization"},"potentialAction":[{"@type":"SearchAction","target":{"@type":"EntryPoint","urlTemplate":"https:\/\/watch-bandit.com\/?s={search_term_string}"},"query-input":"required name=search_term_string"}],"inLanguage":"de-DE"},{"@type":"Organization","@id":"https:\/\/watch-bandit.com\/#organization","name":"WatchBandit","url":"https:\/\/watch-bandit.com\/","logo":{"@type":"ImageObject","inLanguage":"de-DE","@id":"https:\/\/watch-bandit.com\/#\/schema\/logo\/image\/","url":"https:\/\/watchbandit.de\/wp-content\/uploads\/2017\/11\/WB_Logo_557x124.png","contentUrl":"https:\/\/watchbandit.de\/wp-content\/uploads\/2017\/11\/WB_Logo_557x124.png","width":557,"height":124,"caption":"WatchBandit"},"image":{"@id":"https:\/\/watch-bandit.com\/#\/schema\/logo\/image\/"}}]}},"_links":{"self":[{"href":"https:\/\/watch-bandit.com\/de\/wp-json\/wp\/v2\/product\/326098"}],"collection":[{"href":"https:\/\/watch-bandit.com\/de\/wp-json\/wp\/v2\/product"}],"about":[{"href":"https:\/\/watch-bandit.com\/de\/wp-json\/wp\/v2\/types\/product"}],"replies":[{"embeddable":true,"href":"https:\/\/watch-bandit.com\/de\/wp-json\/wp\/v2\/comments?post=326098"}],"wp:featuredmedia":[{"embeddable":true,"href":"https:\/\/watch-bandit.com\/de\/wp-json\/wp\/v2\/media\/326685"}],"wp:attachment":[{"href":"https:\/\/watch-bandit.com\/de\/wp-json\/wp\/v2\/media?parent=326098"}],"wp:term":[{"taxonomy":"product_cat","embeddable":true,"href":"https:\/\/watch-bandit.com\/de\/wp-json\/wp\/v2\/product_cat?post=326098"},{"taxonomy":"product_tag","embeddable":true,"href":"https:\/\/watch-bandit.com\/de\/wp-json\/wp\/v2\/product_tag?post=326098"}],"curies":[{"name":"wp","href":"https:\/\/api.w.org\/{rel}","templated":true}]}}