{"id":326109,"date":"2023-10-06T11:37:06","date_gmt":"2023-10-06T09:37:07","guid":{"rendered":"https:\/\/watchbandit.com\/?post_type=product&#038;p=326109"},"modified":"2023-10-10T15:50:27","modified_gmt":"2023-10-10T13:50:27","slug":"venezianico-nereide-carbonio-4521560","status":"publish","type":"product","link":"https:\/\/watch-bandit.com\/de\/produkt\/venezianico-nereide-carbonio-4521560\/","title":{"rendered":"Venezianico &#8211; Nereide Carbonio &#8211; 4521560"},"content":{"rendered":"<h3>Zifferblatt und L\u00fcnette aus geschmiedetem Carbon<\/h3>\n<p>Geschmiedeter Kohlenstoff ist ein innovatives Material mit \u00fcberzeugenden technischen Eigenschaften, das aus einer Mischung von Kohlenstofffasern hergestellt wird, die in Harz getaucht und hohem Druck und hoher Temperatur ausgesetzt werden. Die Fasern streuen das Licht in verschiedene Richtungen und erzeugen so einen faszinierenden visuellen Effekt, der sowohl dem Zifferblatt als auch der L\u00fcnette Leben einhaucht.<\/p>\n<h3>\u00dcberarbeitetes Geh\u00e4usedesign<\/h3>\n<p>Das frische 42-mm-Geh\u00e4use aus 316L-Edelstahl bewahrt die ikonische Nereide-\u00c4sthetik und f\u00fchrt gleichzeitig neue Feinheiten ein. Besonders hervorzuheben sind die abgeschr\u00e4gten Kanten mit einer kontrastierenden polierten Oberfl\u00e4che, die den Reiz und die Komplexit\u00e4t des Geh\u00e4uses unterstreichen. Die PVD-Beschichtung verleiht dem Geh\u00e4use einen atemberaubenden Gunmetal-Farbton und erg\u00e4nzt nahtlos andere Elemente aus geschmiedetem Carbon.<\/p>\n<h3>Eine robuste und sportliche Pers\u00f6nlichkeit<\/h3>\n<p>Nereide Carbonio richtet sich an Menschen mit einer Vorliebe f\u00fcr Sport und zeigt eine mutige Pers\u00f6nlichkeit. In Kombination mit einem neuartigen Kautschukarmband, das sich nahtlos an die Geh\u00e4usekonturen anpasst, kombiniert dieser Zeitmesser Flexibilit\u00e4t und Dehnbarkeit f\u00fcr au\u00dfergew\u00f6hnlichen Handgelenkkomfort und gew\u00e4hrleistet gleichzeitig eine bemerkenswerte Widerstandsf\u00e4higkeit gegen Abrieb und extreme Temperaturen von -30 \u00b0C bis +70 \u00b0C.<\/p>\n<h3>Gravierte Hommage auf dem Geh\u00e4useboden<\/h3>\n<p>Die aufwendige Gravur auf dem Geh\u00e4useboden ist eine Hommage an das Nereide-U-Boot, ein Symbol einer Pionierzeit. Diese Schiffe wurden 1913 in Venedig vom Stapel gelassen und begaben sich auf waghalsige Erkundungstouren in die Tiefen des Ozeans \u2013 eine ehrgeizige und gef\u00e4hrliche Grenze, die eine neue \u00c4ra des Unerforschten markierte.<\/p>\n<h3>BGW9 Super-LumiNova\u00ae-Beleuchtung<\/h3>\n<p>Swiss Super-LumiNova\u00ae BGW9, ein Leuchtpigment, reagiert auf Sonnenlicht oder k\u00fcnstliches Licht. Bei Tageslicht ist es wei\u00df und verwandelt sich nach dem Aufladen bei schlechten Lichtverh\u00e4ltnissen in ein lebendiges blaugr\u00fcnes Leuchten. Diese Eigenschaft macht es zur bevorzugten Wahl im Bereich der Uhrmacherei f\u00fcr optimale Sichtbarkeit.<\/p>\n","protected":false},"excerpt":{"rendered":"<p>Unsere bis zu einer Tiefe von 200 Metern wasserdichte Taucheruhr hat ihren Namen von einem der letzten Wunderwerke der venezianischen Marinetechnik, dem U-Boot Nereide. Tats\u00e4chlich ist dieser Zeitmesser f\u00fcr starke Beanspruchungen ausgelegt und daher besonders f\u00fcr Wassersportler geeignet.<\/p>\n<p><strong>Uhrwerk:<\/strong> Automatisches Kal. Sellita SW200-1 Swiss Made<br \/>\n<strong>Geh\u00e4use:<\/strong> Carbon \u00d842 mm, Bandansto\u00df zu Bandansto\u00df 49,00 mm<br \/>\n<strong>Wasserdichtigkeit:<\/strong> 20 atm \/ 200 Meter<br \/>\n<strong>Armband:<\/strong> Gummiband, hergestellt in Italien<\/p>\n","protected":false},"featured_media":326622,"comment_status":"open","ping_status":"closed","template":"","meta":[],"product_cat":[37,4080,4821],"product_tag":[],"yoast_head":"<!-- This site is optimized with the Yoast SEO plugin v21.9 - https:\/\/yoast.com\/wordpress\/plugins\/seo\/ -->\n<title>Venezianico - Nereide Carbonio - 4521560 - WATCHBANDIT<\/title>\n<meta name=\"description\" content=\"Venezianico bei WatchBandit kaufen \u2b50 Automatik Uhrwerk\u2b50 Kostenlose &amp; schnelle Lieferung \u2b50 TrustedShops zertifiziert \u2b50 Seit 2014\u2b50\" \/>\n<meta name=\"robots\" content=\"noindex, follow, max-snippet:-1, max-image-preview:large, max-video-preview:-1\" \/>\n<meta property=\"og:locale\" content=\"de_DE\" \/>\n<meta property=\"og:type\" content=\"article\" \/>\n<meta property=\"og:title\" content=\"Venezianico - Nereide Carbonio - 4521560 - WATCHBANDIT\" \/>\n<meta property=\"og:description\" content=\"Venezianico bei WatchBandit kaufen \u2b50 Automatik Uhrwerk\u2b50 Kostenlose &amp; schnelle Lieferung \u2b50 TrustedShops zertifiziert \u2b50 Seit 2014\u2b50\" \/>\n<meta property=\"og:url\" content=\"https:\/\/watch-bandit.com\/de\/produkt\/venezianico-nereide-carbonio-4521560\/\" \/>\n<meta property=\"og:site_name\" content=\"WATCHBANDIT\" \/>\n<meta property=\"article:modified_time\" content=\"2023-10-10T13:50:27+00:00\" \/>\n<meta property=\"og:image\" content=\"https:\/\/watch-bandit.com\/wp-content\/uploads\/2023\/10\/Venezianico-Nereide-Carbonio-4521560-min.jpg\" \/>\n\t<meta property=\"og:image:width\" content=\"1400\" \/>\n\t<meta property=\"og:image:height\" content=\"1700\" \/>\n\t<meta property=\"og:image:type\" content=\"image\/jpeg\" \/>\n<meta name=\"twitter:label1\" content=\"Gesch\u00e4tzte Lesezeit\" \/>\n\t<meta name=\"twitter:data1\" content=\"2 Minuten\" \/>\n<script type=\"application\/ld+json\" class=\"yoast-schema-graph\">{\"@context\":\"https:\/\/schema.org\",\"@graph\":[{\"@type\":\"WebPage\",\"@id\":\"https:\/\/watch-bandit.com\/de\/produkt\/venezianico-nereide-carbonio-4521560\/\",\"url\":\"https:\/\/watch-bandit.com\/de\/produkt\/venezianico-nereide-carbonio-4521560\/\",\"name\":\"Venezianico - Nereide Carbonio - 4521560 - WATCHBANDIT\",\"isPartOf\":{\"@id\":\"https:\/\/watch-bandit.com\/#website\"},\"datePublished\":\"2023-10-06T09:37:07+00:00\",\"dateModified\":\"2023-10-10T13:50:27+00:00\",\"description\":\"Venezianico bei WatchBandit kaufen \u2b50 Automatik Uhrwerk\u2b50 Kostenlose & schnelle Lieferung \u2b50 TrustedShops zertifiziert \u2b50 Seit 2014\u2b50\",\"breadcrumb\":{\"@id\":\"https:\/\/watch-bandit.com\/de\/produkt\/venezianico-nereide-carbonio-4521560\/#breadcrumb\"},\"inLanguage\":\"de-DE\",\"potentialAction\":[{\"@type\":\"ReadAction\",\"target\":[\"https:\/\/watch-bandit.com\/de\/produkt\/venezianico-nereide-carbonio-4521560\/\"]}]},{\"@type\":\"BreadcrumbList\",\"@id\":\"https:\/\/watch-bandit.com\/de\/produkt\/venezianico-nereide-carbonio-4521560\/#breadcrumb\",\"itemListElement\":[{\"@type\":\"ListItem\",\"position\":1,\"name\":\"Home\",\"item\":\"https:\/\/watchbandit.de\/\"},{\"@type\":\"ListItem\",\"position\":2,\"name\":\"Shop\",\"item\":\"https:\/\/watchbandit.de\/shop\/\"},{\"@type\":\"ListItem\",\"position\":3,\"name\":\"Watches\",\"item\":\"https:\/\/watch-bandit.com\/products\/watches\/\"},{\"@type\":\"ListItem\",\"position\":4,\"name\":\"Venezianico &#8211; Nereide Carbonio &#8211; 4521560\"}]},{\"@type\":\"WebSite\",\"@id\":\"https:\/\/watch-bandit.com\/#website\",\"url\":\"https:\/\/watch-bandit.com\/\",\"name\":\"WATCHBANDIT\",\"description\":\"Contemporary Wrist Accessories\",\"publisher\":{\"@id\":\"https:\/\/watch-bandit.com\/#organization\"},\"potentialAction\":[{\"@type\":\"SearchAction\",\"target\":{\"@type\":\"EntryPoint\",\"urlTemplate\":\"https:\/\/watch-bandit.com\/?s={search_term_string}\"},\"query-input\":\"required name=search_term_string\"}],\"inLanguage\":\"de-DE\"},{\"@type\":\"Organization\",\"@id\":\"https:\/\/watch-bandit.com\/#organization\",\"name\":\"WatchBandit\",\"url\":\"https:\/\/watch-bandit.com\/\",\"logo\":{\"@type\":\"ImageObject\",\"inLanguage\":\"de-DE\",\"@id\":\"https:\/\/watch-bandit.com\/#\/schema\/logo\/image\/\",\"url\":\"https:\/\/watchbandit.de\/wp-content\/uploads\/2017\/11\/WB_Logo_557x124.png\",\"contentUrl\":\"https:\/\/watchbandit.de\/wp-content\/uploads\/2017\/11\/WB_Logo_557x124.png\",\"width\":557,\"height\":124,\"caption\":\"WatchBandit\"},\"image\":{\"@id\":\"https:\/\/watch-bandit.com\/#\/schema\/logo\/image\/\"}}]}<\/script>\n<!-- \/ Yoast SEO plugin. -->","yoast_head_json":{"title":"Venezianico - Nereide Carbonio - 4521560 - WATCHBANDIT","description":"Venezianico bei WatchBandit kaufen \u2b50 Automatik Uhrwerk\u2b50 Kostenlose & schnelle Lieferung \u2b50 TrustedShops zertifiziert \u2b50 Seit 2014\u2b50","robots":{"index":"noindex","follow":"follow","max-snippet":"max-snippet:-1","max-image-preview":"max-image-preview:large","max-video-preview":"max-video-preview:-1"},"og_locale":"de_DE","og_type":"article","og_title":"Venezianico - Nereide Carbonio - 4521560 - WATCHBANDIT","og_description":"Venezianico bei WatchBandit kaufen \u2b50 Automatik Uhrwerk\u2b50 Kostenlose & schnelle Lieferung \u2b50 TrustedShops zertifiziert \u2b50 Seit 2014\u2b50","og_url":"https:\/\/watch-bandit.com\/de\/produkt\/venezianico-nereide-carbonio-4521560\/","og_site_name":"WATCHBANDIT","article_modified_time":"2023-10-10T13:50:27+00:00","og_image":[{"width":1400,"height":1700,"url":"https:\/\/watch-bandit.com\/wp-content\/uploads\/2023\/10\/Venezianico-Nereide-Carbonio-4521560-min.jpg","type":"image\/jpeg"}],"twitter_misc":{"Gesch\u00e4tzte Lesezeit":"2 Minuten"},"schema":{"@context":"https:\/\/schema.org","@graph":[{"@type":"WebPage","@id":"https:\/\/watch-bandit.com\/de\/produkt\/venezianico-nereide-carbonio-4521560\/","url":"https:\/\/watch-bandit.com\/de\/produkt\/venezianico-nereide-carbonio-4521560\/","name":"Venezianico - Nereide Carbonio - 4521560 - WATCHBANDIT","isPartOf":{"@id":"https:\/\/watch-bandit.com\/#website"},"datePublished":"2023-10-06T09:37:07+00:00","dateModified":"2023-10-10T13:50:27+00:00","description":"Venezianico bei WatchBandit kaufen \u2b50 Automatik Uhrwerk\u2b50 Kostenlose & schnelle Lieferung \u2b50 TrustedShops zertifiziert \u2b50 Seit 2014\u2b50","breadcrumb":{"@id":"https:\/\/watch-bandit.com\/de\/produkt\/venezianico-nereide-carbonio-4521560\/#breadcrumb"},"inLanguage":"de-DE","potentialAction":[{"@type":"ReadAction","target":["https:\/\/watch-bandit.com\/de\/produkt\/venezianico-nereide-carbonio-4521560\/"]}]},{"@type":"BreadcrumbList","@id":"https:\/\/watch-bandit.com\/de\/produkt\/venezianico-nereide-carbonio-4521560\/#breadcrumb","itemListElement":[{"@type":"ListItem","position":1,"name":"Home","item":"https:\/\/watchbandit.de\/"},{"@type":"ListItem","position":2,"name":"Shop","item":"https:\/\/watchbandit.de\/shop\/"},{"@type":"ListItem","position":3,"name":"Watches","item":"https:\/\/watch-bandit.com\/products\/watches\/"},{"@type":"ListItem","position":4,"name":"Venezianico &#8211; Nereide Carbonio &#8211; 4521560"}]},{"@type":"WebSite","@id":"https:\/\/watch-bandit.com\/#website","url":"https:\/\/watch-bandit.com\/","name":"WATCHBANDIT","description":"Contemporary Wrist Accessories","publisher":{"@id":"https:\/\/watch-bandit.com\/#organization"},"potentialAction":[{"@type":"SearchAction","target":{"@type":"EntryPoint","urlTemplate":"https:\/\/watch-bandit.com\/?s={search_term_string}"},"query-input":"required name=search_term_string"}],"inLanguage":"de-DE"},{"@type":"Organization","@id":"https:\/\/watch-bandit.com\/#organization","name":"WatchBandit","url":"https:\/\/watch-bandit.com\/","logo":{"@type":"ImageObject","inLanguage":"de-DE","@id":"https:\/\/watch-bandit.com\/#\/schema\/logo\/image\/","url":"https:\/\/watchbandit.de\/wp-content\/uploads\/2017\/11\/WB_Logo_557x124.png","contentUrl":"https:\/\/watchbandit.de\/wp-content\/uploads\/2017\/11\/WB_Logo_557x124.png","width":557,"height":124,"caption":"WatchBandit"},"image":{"@id":"https:\/\/watch-bandit.com\/#\/schema\/logo\/image\/"}}]}},"_links":{"self":[{"href":"https:\/\/watch-bandit.com\/de\/wp-json\/wp\/v2\/product\/326109"}],"collection":[{"href":"https:\/\/watch-bandit.com\/de\/wp-json\/wp\/v2\/product"}],"about":[{"href":"https:\/\/watch-bandit.com\/de\/wp-json\/wp\/v2\/types\/product"}],"replies":[{"embeddable":true,"href":"https:\/\/watch-bandit.com\/de\/wp-json\/wp\/v2\/comments?post=326109"}],"wp:featuredmedia":[{"embeddable":true,"href":"https:\/\/watch-bandit.com\/de\/wp-json\/wp\/v2\/media\/326622"}],"wp:attachment":[{"href":"https:\/\/watch-bandit.com\/de\/wp-json\/wp\/v2\/media?parent=326109"}],"wp:term":[{"taxonomy":"product_cat","embeddable":true,"href":"https:\/\/watch-bandit.com\/de\/wp-json\/wp\/v2\/product_cat?post=326109"},{"taxonomy":"product_tag","embeddable":true,"href":"https:\/\/watch-bandit.com\/de\/wp-json\/wp\/v2\/product_tag?post=326109"}],"curies":[{"name":"wp","href":"https:\/\/api.w.org\/{rel}","templated":true}]}}