{"id":326111,"date":"2023-10-06T11:50:49","date_gmt":"2023-10-06T09:50:49","guid":{"rendered":"https:\/\/watchbandit.com\/?post_type=product&#038;p=326111"},"modified":"2023-10-10T15:42:57","modified_gmt":"2023-10-10T13:42:57","slug":"venezianico-nereide-ceramica-4521530c","status":"publish","type":"product","link":"https:\/\/watch-bandit.com\/de\/produkt\/venezianico-nereide-ceramica-4521530c\/","title":{"rendered":"Venezianico &#8211; Nereide Ceramica &#8211; 4521530C"},"content":{"rendered":"<h3>Flacher mit frischen Oberfl\u00e4chen<\/h3>\n<p>Das neuartige 42-mm-Edelstahlgeh\u00e4use beh\u00e4lt das unverwechselbare Profil der Nereide-Serie bei und f\u00fchrt gleichzeitig neue Nuancen wie die abgeschr\u00e4gten, polierten Kanten ein, die den Reiz und die Komplexit\u00e4t des Geh\u00e4uses verst\u00e4rken.<\/p>\n<h3>Emaille-Zifferblatt, ein uraltes Handwerk<\/h3>\n<p>Das Zifferblatt der neuen Nereide Ceramica ist von der alten venezianischen Emaille-Tradition inspiriert \u2013 einer Kunstfertigkeit, die seit dem Mittelalter Kunstwerke und Schmuck mit exquisiter Emaille schm\u00fcckt. Durch sorgf\u00e4ltiges Auftragen und Hochtemperaturbrennen verschmilzt die Emaille nahtlos mit der Oberfl\u00e4che des Zifferblatts und ergibt ein gl\u00e4nzendes Finish, das dem Zifferblatt der Uhr un\u00fcbertroffene Haltbarkeit und zeitlose Eleganz verleiht.<\/p>\n<h3>L\u00fcnetteneinsatz aus Keramik<\/h3>\n<p>Der Keramikl\u00fcnetteneinsatz wird mit einer Diamantscheibe pr\u00e4zise poliert, wodurch eine makellos glatte Oberfl\u00e4che entsteht, die das Licht klar und pr\u00e4zise einf\u00e4ngt. Dar\u00fcber hinaus unterstreicht der leuchtende Aquamarinton der 12-Uhr-Markierung die tiefe Verbindung, die dieser Zeitmesser mit der Welt der Wasser verbindet.<\/p>\n<h3>Gravierter Geh\u00e4useboden<\/h3>\n<p>Die gesamte Nereide-Kollektion ist von dem gleichnamigen U-Boot inspiriert, das in der Gravur in der Mitte des Geh\u00e4usebodens abgebildet ist. Nereide Aventurine, eine Taucheruhr, ist wasserdicht bis 200 m und verf\u00fcgt \u00fcber eine drehbare L\u00fcnette zur \u00dcberwachung der Tauchzeiten.<\/p>\n<h3>Sellita SW200-1<\/h3>\n<p>Das f\u00fcr seine Qualit\u00e4t bekannte Sellita SW200-1 ist ein in der Schweiz hergestelltes Automatikkaliber, das f\u00fcr seine bew\u00e4hrte Zuverl\u00e4ssigkeit bekannt ist. Mit 26 Steinen liefert dieses Uhrwerk Pr\u00e4zision durch 28.800 Halbschwingungen pro Stunde, bidirektionalen Aufzug und eine Stoppfunktion.<\/p>\n<h3>Ein vielseitiger Taucher<\/h3>\n<p>Nereide Ceramica l\u00e4sst sich nahtlos in verschiedene Umgebungen integrieren. Ihr stromlinienf\u00f6rmiges Geh\u00e4use und das raffinierte Zifferblatt machen sie ideal f\u00fcr formelle Anl\u00e4sse, w\u00e4hrend das Kautschukarmband eine sportliche Note verleiht und diese Uhr f\u00fcr allt\u00e4gliche Aktivit\u00e4ten und Outdoor-Abenteuer geeignet macht.<\/p>\n","protected":false},"excerpt":{"rendered":"<p>Die bis zu einer Tiefe von 200 Metern wasserdichte Taucheruhr Venezianico Nereide hat ihren Namen von einem der letzten Wunderwerke der venezianischen Marinetechnik, dem U-Boot Nereide. Tats\u00e4chlich ist dieser Zeitmesser f\u00fcr starke Beanspruchungen ausgelegt und eignet sich daher besonders f\u00fcr Wassersportler, unterst\u00fctzt im Dunkeln durch BGW9 Super-LumiNova\u00ae.<\/p>\n<p><strong>Uhrwerk:<\/strong> Automatisches Kal. Sellita SW200-1 Swiss Made<br \/>\n<strong>Geh\u00e4use:<\/strong> Edelstahl 316L, 42 mm und Bandansto\u00df zu Bandansto\u00df 49 mm, Saphirglas mit Antireflexbeschichtung, <strong>L\u00fcnette:<\/strong> Keramikeinsatz, 120 Klicks<br \/>\n<strong>Wasserdichtigkeit:<\/strong> 20 atm \/ 200 Meter<br \/>\n<strong>Zifferblatt:<\/strong> Emaille-Finish<br \/>\n<strong>Armband:<\/strong> Canova-Edelstahlarmband<\/p>\n","protected":false},"featured_media":326602,"comment_status":"open","ping_status":"closed","template":"","meta":[],"product_cat":[37,4080,4821],"product_tag":[],"yoast_head":"<!-- This site is optimized with the Yoast SEO plugin v21.9 - https:\/\/yoast.com\/wordpress\/plugins\/seo\/ -->\n<title>Venezianico - Nereide Ceramica - 4521530C - WATCHBANDIT<\/title>\n<meta name=\"description\" content=\"Venezianico bei WatchBandit kaufen \u2b50 Automatik Uhrwerk\u2b50 Kostenlose &amp; schnelle Lieferung \u2b50 TrustedShops zertifiziert \u2b50 Seit 2014\u2b50\" \/>\n<meta name=\"robots\" content=\"noindex, follow, max-snippet:-1, max-image-preview:large, max-video-preview:-1\" \/>\n<meta property=\"og:locale\" content=\"de_DE\" \/>\n<meta property=\"og:type\" content=\"article\" \/>\n<meta property=\"og:title\" content=\"Venezianico - Nereide Ceramica - 4521530C - WATCHBANDIT\" \/>\n<meta property=\"og:description\" content=\"Venezianico bei WatchBandit kaufen \u2b50 Automatik Uhrwerk\u2b50 Kostenlose &amp; schnelle Lieferung \u2b50 TrustedShops zertifiziert \u2b50 Seit 2014\u2b50\" \/>\n<meta property=\"og:url\" content=\"https:\/\/watch-bandit.com\/de\/produkt\/venezianico-nereide-ceramica-4521530c\/\" \/>\n<meta property=\"og:site_name\" content=\"WATCHBANDIT\" \/>\n<meta property=\"article:modified_time\" content=\"2023-10-10T13:42:57+00:00\" \/>\n<meta property=\"og:image\" content=\"https:\/\/watch-bandit.com\/wp-content\/uploads\/2023\/10\/Venezianico-Nereide-Ceramica-4521530C-min.jpg\" \/>\n\t<meta property=\"og:image:width\" content=\"1400\" \/>\n\t<meta property=\"og:image:height\" content=\"1700\" \/>\n\t<meta property=\"og:image:type\" content=\"image\/jpeg\" \/>\n<meta name=\"twitter:label1\" content=\"Gesch\u00e4tzte Lesezeit\" \/>\n\t<meta name=\"twitter:data1\" content=\"2 Minuten\" \/>\n<script type=\"application\/ld+json\" class=\"yoast-schema-graph\">{\"@context\":\"https:\/\/schema.org\",\"@graph\":[{\"@type\":\"WebPage\",\"@id\":\"https:\/\/watch-bandit.com\/de\/produkt\/venezianico-nereide-ceramica-4521530c\/\",\"url\":\"https:\/\/watch-bandit.com\/de\/produkt\/venezianico-nereide-ceramica-4521530c\/\",\"name\":\"Venezianico - Nereide Ceramica - 4521530C - WATCHBANDIT\",\"isPartOf\":{\"@id\":\"https:\/\/watch-bandit.com\/#website\"},\"datePublished\":\"2023-10-06T09:50:49+00:00\",\"dateModified\":\"2023-10-10T13:42:57+00:00\",\"description\":\"Venezianico bei WatchBandit kaufen \u2b50 Automatik Uhrwerk\u2b50 Kostenlose & schnelle Lieferung \u2b50 TrustedShops zertifiziert \u2b50 Seit 2014\u2b50\",\"breadcrumb\":{\"@id\":\"https:\/\/watch-bandit.com\/de\/produkt\/venezianico-nereide-ceramica-4521530c\/#breadcrumb\"},\"inLanguage\":\"de-DE\",\"potentialAction\":[{\"@type\":\"ReadAction\",\"target\":[\"https:\/\/watch-bandit.com\/de\/produkt\/venezianico-nereide-ceramica-4521530c\/\"]}]},{\"@type\":\"BreadcrumbList\",\"@id\":\"https:\/\/watch-bandit.com\/de\/produkt\/venezianico-nereide-ceramica-4521530c\/#breadcrumb\",\"itemListElement\":[{\"@type\":\"ListItem\",\"position\":1,\"name\":\"Home\",\"item\":\"https:\/\/watchbandit.de\/\"},{\"@type\":\"ListItem\",\"position\":2,\"name\":\"Shop\",\"item\":\"https:\/\/watchbandit.de\/shop\/\"},{\"@type\":\"ListItem\",\"position\":3,\"name\":\"Watches\",\"item\":\"https:\/\/watch-bandit.com\/products\/watches\/\"},{\"@type\":\"ListItem\",\"position\":4,\"name\":\"Venezianico &#8211; Nereide Ceramica &#8211; 4521530C\"}]},{\"@type\":\"WebSite\",\"@id\":\"https:\/\/watch-bandit.com\/#website\",\"url\":\"https:\/\/watch-bandit.com\/\",\"name\":\"WATCHBANDIT\",\"description\":\"Contemporary Wrist Accessories\",\"publisher\":{\"@id\":\"https:\/\/watch-bandit.com\/#organization\"},\"potentialAction\":[{\"@type\":\"SearchAction\",\"target\":{\"@type\":\"EntryPoint\",\"urlTemplate\":\"https:\/\/watch-bandit.com\/?s={search_term_string}\"},\"query-input\":\"required name=search_term_string\"}],\"inLanguage\":\"de-DE\"},{\"@type\":\"Organization\",\"@id\":\"https:\/\/watch-bandit.com\/#organization\",\"name\":\"WatchBandit\",\"url\":\"https:\/\/watch-bandit.com\/\",\"logo\":{\"@type\":\"ImageObject\",\"inLanguage\":\"de-DE\",\"@id\":\"https:\/\/watch-bandit.com\/#\/schema\/logo\/image\/\",\"url\":\"https:\/\/watchbandit.de\/wp-content\/uploads\/2017\/11\/WB_Logo_557x124.png\",\"contentUrl\":\"https:\/\/watchbandit.de\/wp-content\/uploads\/2017\/11\/WB_Logo_557x124.png\",\"width\":557,\"height\":124,\"caption\":\"WatchBandit\"},\"image\":{\"@id\":\"https:\/\/watch-bandit.com\/#\/schema\/logo\/image\/\"}}]}<\/script>\n<!-- \/ Yoast SEO plugin. -->","yoast_head_json":{"title":"Venezianico - Nereide Ceramica - 4521530C - WATCHBANDIT","description":"Venezianico bei WatchBandit kaufen \u2b50 Automatik Uhrwerk\u2b50 Kostenlose & schnelle Lieferung \u2b50 TrustedShops zertifiziert \u2b50 Seit 2014\u2b50","robots":{"index":"noindex","follow":"follow","max-snippet":"max-snippet:-1","max-image-preview":"max-image-preview:large","max-video-preview":"max-video-preview:-1"},"og_locale":"de_DE","og_type":"article","og_title":"Venezianico - Nereide Ceramica - 4521530C - WATCHBANDIT","og_description":"Venezianico bei WatchBandit kaufen \u2b50 Automatik Uhrwerk\u2b50 Kostenlose & schnelle Lieferung \u2b50 TrustedShops zertifiziert \u2b50 Seit 2014\u2b50","og_url":"https:\/\/watch-bandit.com\/de\/produkt\/venezianico-nereide-ceramica-4521530c\/","og_site_name":"WATCHBANDIT","article_modified_time":"2023-10-10T13:42:57+00:00","og_image":[{"width":1400,"height":1700,"url":"https:\/\/watch-bandit.com\/wp-content\/uploads\/2023\/10\/Venezianico-Nereide-Ceramica-4521530C-min.jpg","type":"image\/jpeg"}],"twitter_misc":{"Gesch\u00e4tzte Lesezeit":"2 Minuten"},"schema":{"@context":"https:\/\/schema.org","@graph":[{"@type":"WebPage","@id":"https:\/\/watch-bandit.com\/de\/produkt\/venezianico-nereide-ceramica-4521530c\/","url":"https:\/\/watch-bandit.com\/de\/produkt\/venezianico-nereide-ceramica-4521530c\/","name":"Venezianico - Nereide Ceramica - 4521530C - WATCHBANDIT","isPartOf":{"@id":"https:\/\/watch-bandit.com\/#website"},"datePublished":"2023-10-06T09:50:49+00:00","dateModified":"2023-10-10T13:42:57+00:00","description":"Venezianico bei WatchBandit kaufen \u2b50 Automatik Uhrwerk\u2b50 Kostenlose & schnelle Lieferung \u2b50 TrustedShops zertifiziert \u2b50 Seit 2014\u2b50","breadcrumb":{"@id":"https:\/\/watch-bandit.com\/de\/produkt\/venezianico-nereide-ceramica-4521530c\/#breadcrumb"},"inLanguage":"de-DE","potentialAction":[{"@type":"ReadAction","target":["https:\/\/watch-bandit.com\/de\/produkt\/venezianico-nereide-ceramica-4521530c\/"]}]},{"@type":"BreadcrumbList","@id":"https:\/\/watch-bandit.com\/de\/produkt\/venezianico-nereide-ceramica-4521530c\/#breadcrumb","itemListElement":[{"@type":"ListItem","position":1,"name":"Home","item":"https:\/\/watchbandit.de\/"},{"@type":"ListItem","position":2,"name":"Shop","item":"https:\/\/watchbandit.de\/shop\/"},{"@type":"ListItem","position":3,"name":"Watches","item":"https:\/\/watch-bandit.com\/products\/watches\/"},{"@type":"ListItem","position":4,"name":"Venezianico &#8211; Nereide Ceramica &#8211; 4521530C"}]},{"@type":"WebSite","@id":"https:\/\/watch-bandit.com\/#website","url":"https:\/\/watch-bandit.com\/","name":"WATCHBANDIT","description":"Contemporary Wrist Accessories","publisher":{"@id":"https:\/\/watch-bandit.com\/#organization"},"potentialAction":[{"@type":"SearchAction","target":{"@type":"EntryPoint","urlTemplate":"https:\/\/watch-bandit.com\/?s={search_term_string}"},"query-input":"required name=search_term_string"}],"inLanguage":"de-DE"},{"@type":"Organization","@id":"https:\/\/watch-bandit.com\/#organization","name":"WatchBandit","url":"https:\/\/watch-bandit.com\/","logo":{"@type":"ImageObject","inLanguage":"de-DE","@id":"https:\/\/watch-bandit.com\/#\/schema\/logo\/image\/","url":"https:\/\/watchbandit.de\/wp-content\/uploads\/2017\/11\/WB_Logo_557x124.png","contentUrl":"https:\/\/watchbandit.de\/wp-content\/uploads\/2017\/11\/WB_Logo_557x124.png","width":557,"height":124,"caption":"WatchBandit"},"image":{"@id":"https:\/\/watch-bandit.com\/#\/schema\/logo\/image\/"}}]}},"_links":{"self":[{"href":"https:\/\/watch-bandit.com\/de\/wp-json\/wp\/v2\/product\/326111"}],"collection":[{"href":"https:\/\/watch-bandit.com\/de\/wp-json\/wp\/v2\/product"}],"about":[{"href":"https:\/\/watch-bandit.com\/de\/wp-json\/wp\/v2\/types\/product"}],"replies":[{"embeddable":true,"href":"https:\/\/watch-bandit.com\/de\/wp-json\/wp\/v2\/comments?post=326111"}],"wp:featuredmedia":[{"embeddable":true,"href":"https:\/\/watch-bandit.com\/de\/wp-json\/wp\/v2\/media\/326602"}],"wp:attachment":[{"href":"https:\/\/watch-bandit.com\/de\/wp-json\/wp\/v2\/media?parent=326111"}],"wp:term":[{"taxonomy":"product_cat","embeddable":true,"href":"https:\/\/watch-bandit.com\/de\/wp-json\/wp\/v2\/product_cat?post=326111"},{"taxonomy":"product_tag","embeddable":true,"href":"https:\/\/watch-bandit.com\/de\/wp-json\/wp\/v2\/product_tag?post=326111"}],"curies":[{"name":"wp","href":"https:\/\/api.w.org\/{rel}","templated":true}]}}