{"id":326115,"date":"2023-10-06T11:56:29","date_gmt":"2023-10-06T09:56:30","guid":{"rendered":"https:\/\/watchbandit.com\/?post_type=product&#038;p=326115"},"modified":"2023-12-17T18:08:29","modified_gmt":"2023-12-17T17:08:29","slug":"venezianico-nereide-tungsteno-4521501c","status":"publish","type":"product","link":"https:\/\/watch-bandit.com\/de\/produkt\/venezianico-nereide-tungsteno-4521501c\/","title":{"rendered":"Venezianico &#8211; Nereide Tungsteno &#8211; 4521501C"},"content":{"rendered":"<h3>Unbeugsames Metall<\/h3>\n<p>Der Nereide Tungsteno verf\u00fcgt \u00fcber einen unbeugsamen Wolframeinsatz, der ihn unempfindlich gegen Kratzer macht \u2013 der Inbegriff von Haltbarkeit. Angetrieben durch das in der Schweiz hergestellte Kaliber Sellita SW200-1 ist diese Taucheruhr bis zu 200 Meter wasserdicht und auf dauerhafte Leistung ausgelegt. Die bemerkenswerten Eigenschaften von Wolfram sorgen daf\u00fcr, dass der L\u00fcnetteneinsatz auch nach Jahren des t\u00e4glichen Tragens seine makellose Oberfl\u00e4che beh\u00e4lt.<\/p>\n<h3>Wolframeinsatz<\/h3>\n<p>Wolfram gilt als das widerstandsf\u00e4higste und h\u00e4rteste Metall, das die Menschheit kennt. Mit einem Schmelzpunkt von 3400 \u00b0C gilt es als das hitzebest\u00e4ndigste Metall mit beispielloser Verschlei\u00dffestigkeit. Wolfram ist praktisch kratzfest und beh\u00e4lt seine physische und \u00e4sthetische Integrit\u00e4t \u00fcber die Jahre hinweg, was es zu einem Material von dauerhafter Qualit\u00e4t macht.<\/p>\n<h3>Sellita SW200-1<\/h3>\n<p>Das f\u00fcr seine Qualit\u00e4t bekannte Sellita SW200-1 ist ein in der Schweiz hergestelltes Automatikkaliber, das f\u00fcr seine bew\u00e4hrte Zuverl\u00e4ssigkeit gefeiert wird. Mit 26 Steinen bietet dieses Uhrwerk hohe Pr\u00e4zision durch 28.800 Halbschwingungen pro Stunde, bidirektionalen Aufzug und eine Stoppfunktion.<\/p>\n<h3>BGW9 Super-LumiNova\u00ae<\/h3>\n<p>Swiss Super-LumiNova\u00ae BGW9, ein Leuchtpigment, reagiert sowohl auf Sonnenlicht als auch auf k\u00fcnstliches Licht. Bei Tageslicht erscheint es wei\u00df und verwandelt sich bei schlechten Lichtverh\u00e4ltnissen nach dem Aufladen in ein lebendiges blaugr\u00fcnes Leuchten. Dies macht es zur bevorzugten Wahl in der Uhrmacherei f\u00fcr optimale Sichtbarkeit.<\/p>\n","protected":false},"excerpt":{"rendered":"<p>Die Venezianico Nereide Taucheruhr, die bis zu einer Tiefe von 200 Metern wasserdicht ist, hat ihren Namen von einem der letzten Wunder der venezianischen Marinetechnik, dem U-Boot Nereide. Dieses Zeitmesser ist in der Tat so konzipiert, dass es starken Belastungen standh\u00e4lt, unterst\u00fctzt im Dunkeln durch BGW9 Super-LumiNova\u00ae., was es besonders f\u00fcr Wassersportler geeignet macht.<\/p>\n<p><strong>Uhrwerk:<\/strong> Automatik Cal. Seiko NH35A<br \/>\n<strong>Geh\u00e4use:<\/strong> 316L rostfreier Edelstahl 42mm, Ansatz zu Ansatz 49mm, Saphirglas mit Antireflektierbeschichtung, <strong>L\u00fcnette:<\/strong> BK7 Kristall, 120 Klicks<br \/>\n<strong>Wasserdichtigkeit:<\/strong> 20 atm \/ 200 Meter<br \/>\n<strong>Armband:<\/strong>\u00a0Canova Edelstahlarmband Butterfly-Faltschlie\u00dfe<\/p>\n","protected":false},"featured_media":326590,"comment_status":"open","ping_status":"closed","template":"","meta":[],"product_cat":[37,4080,4821],"product_tag":[],"yoast_head":"<!-- This site is optimized with the Yoast SEO plugin v21.9 - https:\/\/yoast.com\/wordpress\/plugins\/seo\/ -->\n<title>Venezianico - Nereide Tungsteno - 4521501C - WATCHBANDIT<\/title>\n<meta name=\"description\" content=\"Venezianico bei WatchBandit kaufen \u2b50 Automatik Uhrwerk\u2b50 Kostenlose &amp; schnelle Lieferung \u2b50 TrustedShops zertifiziert \u2b50 Seit 2014\u2b50\" \/>\n<meta name=\"robots\" content=\"noindex, follow, max-snippet:-1, max-image-preview:large, max-video-preview:-1\" \/>\n<meta property=\"og:locale\" content=\"de_DE\" \/>\n<meta property=\"og:type\" content=\"article\" \/>\n<meta property=\"og:title\" content=\"Venezianico - Nereide Tungsteno - 4521501C - WATCHBANDIT\" \/>\n<meta property=\"og:description\" content=\"Venezianico bei WatchBandit kaufen \u2b50 Automatik Uhrwerk\u2b50 Kostenlose &amp; schnelle Lieferung \u2b50 TrustedShops zertifiziert \u2b50 Seit 2014\u2b50\" \/>\n<meta property=\"og:url\" content=\"https:\/\/watch-bandit.com\/de\/produkt\/venezianico-nereide-tungsteno-4521501c\/\" \/>\n<meta property=\"og:site_name\" content=\"WATCHBANDIT\" \/>\n<meta property=\"article:modified_time\" content=\"2023-12-17T17:08:29+00:00\" \/>\n<meta property=\"og:image\" content=\"https:\/\/watch-bandit.com\/wp-content\/uploads\/2023\/10\/Venezianico-Nereide-Tungsteno-4521501C-min.jpg\" \/>\n\t<meta property=\"og:image:width\" content=\"1400\" \/>\n\t<meta property=\"og:image:height\" content=\"1700\" \/>\n\t<meta property=\"og:image:type\" content=\"image\/jpeg\" \/>\n<meta name=\"twitter:label1\" content=\"Gesch\u00e4tzte Lesezeit\" \/>\n\t<meta name=\"twitter:data1\" content=\"1 Minute\" \/>\n<script type=\"application\/ld+json\" class=\"yoast-schema-graph\">{\"@context\":\"https:\/\/schema.org\",\"@graph\":[{\"@type\":\"WebPage\",\"@id\":\"https:\/\/watch-bandit.com\/de\/produkt\/venezianico-nereide-tungsteno-4521501c\/\",\"url\":\"https:\/\/watch-bandit.com\/de\/produkt\/venezianico-nereide-tungsteno-4521501c\/\",\"name\":\"Venezianico - Nereide Tungsteno - 4521501C - WATCHBANDIT\",\"isPartOf\":{\"@id\":\"https:\/\/watch-bandit.com\/#website\"},\"datePublished\":\"2023-10-06T09:56:30+00:00\",\"dateModified\":\"2023-12-17T17:08:29+00:00\",\"description\":\"Venezianico bei WatchBandit kaufen \u2b50 Automatik Uhrwerk\u2b50 Kostenlose & schnelle Lieferung \u2b50 TrustedShops zertifiziert \u2b50 Seit 2014\u2b50\",\"breadcrumb\":{\"@id\":\"https:\/\/watch-bandit.com\/de\/produkt\/venezianico-nereide-tungsteno-4521501c\/#breadcrumb\"},\"inLanguage\":\"de-DE\",\"potentialAction\":[{\"@type\":\"ReadAction\",\"target\":[\"https:\/\/watch-bandit.com\/de\/produkt\/venezianico-nereide-tungsteno-4521501c\/\"]}]},{\"@type\":\"BreadcrumbList\",\"@id\":\"https:\/\/watch-bandit.com\/de\/produkt\/venezianico-nereide-tungsteno-4521501c\/#breadcrumb\",\"itemListElement\":[{\"@type\":\"ListItem\",\"position\":1,\"name\":\"Home\",\"item\":\"https:\/\/watchbandit.de\/\"},{\"@type\":\"ListItem\",\"position\":2,\"name\":\"Shop\",\"item\":\"https:\/\/watchbandit.de\/shop\/\"},{\"@type\":\"ListItem\",\"position\":3,\"name\":\"Watches\",\"item\":\"https:\/\/watch-bandit.com\/products\/watches\/\"},{\"@type\":\"ListItem\",\"position\":4,\"name\":\"Venezianico &#8211; Nereide Tungsteno &#8211; 4521501C\"}]},{\"@type\":\"WebSite\",\"@id\":\"https:\/\/watch-bandit.com\/#website\",\"url\":\"https:\/\/watch-bandit.com\/\",\"name\":\"WATCHBANDIT\",\"description\":\"Contemporary Wrist Accessories\",\"publisher\":{\"@id\":\"https:\/\/watch-bandit.com\/#organization\"},\"potentialAction\":[{\"@type\":\"SearchAction\",\"target\":{\"@type\":\"EntryPoint\",\"urlTemplate\":\"https:\/\/watch-bandit.com\/?s={search_term_string}\"},\"query-input\":\"required name=search_term_string\"}],\"inLanguage\":\"de-DE\"},{\"@type\":\"Organization\",\"@id\":\"https:\/\/watch-bandit.com\/#organization\",\"name\":\"WatchBandit\",\"url\":\"https:\/\/watch-bandit.com\/\",\"logo\":{\"@type\":\"ImageObject\",\"inLanguage\":\"de-DE\",\"@id\":\"https:\/\/watch-bandit.com\/#\/schema\/logo\/image\/\",\"url\":\"https:\/\/watchbandit.de\/wp-content\/uploads\/2017\/11\/WB_Logo_557x124.png\",\"contentUrl\":\"https:\/\/watchbandit.de\/wp-content\/uploads\/2017\/11\/WB_Logo_557x124.png\",\"width\":557,\"height\":124,\"caption\":\"WatchBandit\"},\"image\":{\"@id\":\"https:\/\/watch-bandit.com\/#\/schema\/logo\/image\/\"}}]}<\/script>\n<!-- \/ Yoast SEO plugin. -->","yoast_head_json":{"title":"Venezianico - Nereide Tungsteno - 4521501C - WATCHBANDIT","description":"Venezianico bei WatchBandit kaufen \u2b50 Automatik Uhrwerk\u2b50 Kostenlose & schnelle Lieferung \u2b50 TrustedShops zertifiziert \u2b50 Seit 2014\u2b50","robots":{"index":"noindex","follow":"follow","max-snippet":"max-snippet:-1","max-image-preview":"max-image-preview:large","max-video-preview":"max-video-preview:-1"},"og_locale":"de_DE","og_type":"article","og_title":"Venezianico - Nereide Tungsteno - 4521501C - WATCHBANDIT","og_description":"Venezianico bei WatchBandit kaufen \u2b50 Automatik Uhrwerk\u2b50 Kostenlose & schnelle Lieferung \u2b50 TrustedShops zertifiziert \u2b50 Seit 2014\u2b50","og_url":"https:\/\/watch-bandit.com\/de\/produkt\/venezianico-nereide-tungsteno-4521501c\/","og_site_name":"WATCHBANDIT","article_modified_time":"2023-12-17T17:08:29+00:00","og_image":[{"width":1400,"height":1700,"url":"https:\/\/watch-bandit.com\/wp-content\/uploads\/2023\/10\/Venezianico-Nereide-Tungsteno-4521501C-min.jpg","type":"image\/jpeg"}],"twitter_misc":{"Gesch\u00e4tzte Lesezeit":"1 Minute"},"schema":{"@context":"https:\/\/schema.org","@graph":[{"@type":"WebPage","@id":"https:\/\/watch-bandit.com\/de\/produkt\/venezianico-nereide-tungsteno-4521501c\/","url":"https:\/\/watch-bandit.com\/de\/produkt\/venezianico-nereide-tungsteno-4521501c\/","name":"Venezianico - Nereide Tungsteno - 4521501C - WATCHBANDIT","isPartOf":{"@id":"https:\/\/watch-bandit.com\/#website"},"datePublished":"2023-10-06T09:56:30+00:00","dateModified":"2023-12-17T17:08:29+00:00","description":"Venezianico bei WatchBandit kaufen \u2b50 Automatik Uhrwerk\u2b50 Kostenlose & schnelle Lieferung \u2b50 TrustedShops zertifiziert \u2b50 Seit 2014\u2b50","breadcrumb":{"@id":"https:\/\/watch-bandit.com\/de\/produkt\/venezianico-nereide-tungsteno-4521501c\/#breadcrumb"},"inLanguage":"de-DE","potentialAction":[{"@type":"ReadAction","target":["https:\/\/watch-bandit.com\/de\/produkt\/venezianico-nereide-tungsteno-4521501c\/"]}]},{"@type":"BreadcrumbList","@id":"https:\/\/watch-bandit.com\/de\/produkt\/venezianico-nereide-tungsteno-4521501c\/#breadcrumb","itemListElement":[{"@type":"ListItem","position":1,"name":"Home","item":"https:\/\/watchbandit.de\/"},{"@type":"ListItem","position":2,"name":"Shop","item":"https:\/\/watchbandit.de\/shop\/"},{"@type":"ListItem","position":3,"name":"Watches","item":"https:\/\/watch-bandit.com\/products\/watches\/"},{"@type":"ListItem","position":4,"name":"Venezianico &#8211; Nereide Tungsteno &#8211; 4521501C"}]},{"@type":"WebSite","@id":"https:\/\/watch-bandit.com\/#website","url":"https:\/\/watch-bandit.com\/","name":"WATCHBANDIT","description":"Contemporary Wrist Accessories","publisher":{"@id":"https:\/\/watch-bandit.com\/#organization"},"potentialAction":[{"@type":"SearchAction","target":{"@type":"EntryPoint","urlTemplate":"https:\/\/watch-bandit.com\/?s={search_term_string}"},"query-input":"required name=search_term_string"}],"inLanguage":"de-DE"},{"@type":"Organization","@id":"https:\/\/watch-bandit.com\/#organization","name":"WatchBandit","url":"https:\/\/watch-bandit.com\/","logo":{"@type":"ImageObject","inLanguage":"de-DE","@id":"https:\/\/watch-bandit.com\/#\/schema\/logo\/image\/","url":"https:\/\/watchbandit.de\/wp-content\/uploads\/2017\/11\/WB_Logo_557x124.png","contentUrl":"https:\/\/watchbandit.de\/wp-content\/uploads\/2017\/11\/WB_Logo_557x124.png","width":557,"height":124,"caption":"WatchBandit"},"image":{"@id":"https:\/\/watch-bandit.com\/#\/schema\/logo\/image\/"}}]}},"_links":{"self":[{"href":"https:\/\/watch-bandit.com\/de\/wp-json\/wp\/v2\/product\/326115"}],"collection":[{"href":"https:\/\/watch-bandit.com\/de\/wp-json\/wp\/v2\/product"}],"about":[{"href":"https:\/\/watch-bandit.com\/de\/wp-json\/wp\/v2\/types\/product"}],"replies":[{"embeddable":true,"href":"https:\/\/watch-bandit.com\/de\/wp-json\/wp\/v2\/comments?post=326115"}],"wp:featuredmedia":[{"embeddable":true,"href":"https:\/\/watch-bandit.com\/de\/wp-json\/wp\/v2\/media\/326590"}],"wp:attachment":[{"href":"https:\/\/watch-bandit.com\/de\/wp-json\/wp\/v2\/media?parent=326115"}],"wp:term":[{"taxonomy":"product_cat","embeddable":true,"href":"https:\/\/watch-bandit.com\/de\/wp-json\/wp\/v2\/product_cat?post=326115"},{"taxonomy":"product_tag","embeddable":true,"href":"https:\/\/watch-bandit.com\/de\/wp-json\/wp\/v2\/product_tag?post=326115"}],"curies":[{"name":"wp","href":"https:\/\/api.w.org\/{rel}","templated":true}]}}