{"id":326125,"date":"2023-10-06T12:05:13","date_gmt":"2023-10-06T10:05:14","guid":{"rendered":"https:\/\/watchbandit.com\/?post_type=product&#038;p=326125"},"modified":"2025-10-31T12:25:40","modified_gmt":"2025-10-31T11:25:40","slug":"venezianico-nereide-ultraleggero-42-3921509","status":"publish","type":"product","link":"https:\/\/watch-bandit.com\/de\/produkt\/venezianico-nereide-ultraleggero-42-3921509\/","title":{"rendered":"Venezianico &#8211; Nereide Ultraleggero 42 &#8211; 3921509"},"content":{"rendered":"<h3>Mehrschichtiges Zifferblatt<\/h3>\n<p>Um die Geh\u00e4usedicke zu minimieren, besteht das Zifferblatt aus drei \u00fcbereinander angeordneten Schichten, wobei die erste Schicht den Distanzring vollst\u00e4ndig ersetzt. Diese einzigartige L\u00f6sung ist durch das erteilte Patent Nr. 102021000031718 gesch\u00fctzt.<\/p>\n<h3>Goldener Schnitt<\/h3>\n<p>Die Nereide Ultraleggero ist ein Beispiel f\u00fcr raffiniertes, technisches und innovatives Design und verf\u00fcgt \u00fcber ein Zifferblatt, das kunstvoll nach dem mathematischen Goldenen Schnitt ausbalanciert ist, wie er von Leonardo da Vinci konzipiert wurde. Durch diese Anwendung entsteht eine harmonische Anordnung der Elemente, wodurch eine fesselnde und strukturierte \u00c4sthetik entsteht.<\/p>\n<h3>Der Geh\u00e4useboden<\/h3>\n<p>Das Design des Nereide Ultraleggero-Geh\u00e4usebodens soll die Komplexit\u00e4t seiner Konstruktion widerspiegeln. Dies wird durch eine Kombination aus abwechselnden Schrauben und Rillen sowie durch die Einbeziehung von drei unterschiedlichen Oberfl\u00e4chen erreicht: Radial-Satinierung, Mikrosandstrahlen und Polieren.<\/p>\n<h3>Ein starker und sportlicher Charakter<\/h3>\n<p>Ein robustes und sportliches Wesen zeichnet die Nereide Ultraleggero-Uhr aus. Das raffinierte Design wird durch ein Kautschukarmband abgerundet, das sich nahtlos an die Konturen des Geh\u00e4uses anpasst. Die Elastizit\u00e4t und Flexibilit\u00e4t des Armbands sorgen f\u00fcr hervorragenden Komfort am Handgelenk und gew\u00e4hrleisten eine Best\u00e4ndigkeit gegen Abrieb und extreme Temperaturschwankungen von -30 \u00b0C bis +70 \u00b0C.<\/p>\n<p><img loading=\"lazy\" decoding=\"async\" class=\"aligncenter size-full wp-image-326556\" src=\"https:\/\/watchbandit.de\/wp-content\/uploads\/2023\/10\/explosion-nero-1-2500x-65254bbdb807f-min.jpg\" alt=\"Venezianico - Nereide Ultraleggero 42 - specifications \" width=\"1600\" height=\"800\" srcset=\"https:\/\/watch-bandit.com\/wp-content\/uploads\/2023\/10\/explosion-nero-1-2500x-65254bbdb807f-min.jpg 1600w, https:\/\/watch-bandit.com\/wp-content\/uploads\/2023\/10\/explosion-nero-1-2500x-65254bbdb807f-min-280x140.jpg 280w, https:\/\/watch-bandit.com\/wp-content\/uploads\/2023\/10\/explosion-nero-1-2500x-65254bbdb807f-min-1400x700.jpg 1400w\" sizes=\"(max-width: 1600px) 100vw, 1600px\" \/><\/p>\n","protected":false},"excerpt":{"rendered":"<p>Die Nereide Ultraleggero 42 ist eine skelettierte Taucheruhr, die technische Pr\u00e4zision mit italienischer Design-Raffinesse vereint. Ihr markantes dreilagiges Zifferblatt \u2013 gesch\u00fctzt durch Patent Nr. 102021000031718 \u2013 ersetzt den traditionellen Abstandshalterring und erm\u00f6glicht so ein schlankeres Geh\u00e4useprofil, das die filigrane Mechanik darunter freigibt. Diese auf Leistung ausgelegte Uhr ist bis 200 Meter wasserdicht und wird vom zuverl\u00e4ssigen Seiko NH70 Automatikwerk angetrieben. Das skelettierte PMMA-Zifferblatt, die radiale Satinierung und die ausgewogene Anordnung folgen dem Goldenen Schnitt und schaffen so eine perfekte visuelle Harmonie. Das ergonomische Geh\u00e4use und das integrierte Kautschukarmband garantieren au\u00dfergew\u00f6hnlichen Tragekomfort und Widerstandsf\u00e4higkeit. Sie trotzen Temperaturen von \u201330 \u00b0C bis +70 \u00b0C und bleiben dabei flexibel und abriebfest. Die Nereide Ultraleggero 42 vereint sportlichen Charakter, innovative Technologie und avantgardistische \u00c4sthetik und ist f\u00fcr alle geschaffen, die Wert auf Stil und Substanz legen.<\/p>\n<p><strong>Uhrwerk:<\/strong> Automatisches Kal. Seiko NH70A<br \/>\n<strong>Geh\u00e4use:<\/strong> 316L-Edelstahl, 42 mm und Bandansto\u00df zu Bandansto\u00df 49 mm<br \/>\n<strong>Wasserdichtigkeit:<\/strong> 20 atm \/ 200 Meter<br \/>\n<strong>Armband:<\/strong> Gummiband, hergestellt in Italien<\/p>\n","protected":false},"featured_media":326578,"comment_status":"open","ping_status":"closed","template":"","meta":[],"product_cat":[37,4080,4821],"product_tag":[],"yoast_head":"<!-- This site is optimized with the Yoast SEO plugin v21.9 - https:\/\/yoast.com\/wordpress\/plugins\/seo\/ -->\n<title>Venezianico - Nereide Ultraleggero 42 - 3921509 - WATCHBANDIT<\/title>\n<meta name=\"description\" content=\"Venezianico bei WatchBandit kaufen \u2b50 Automatik Uhrwerk\u2b50 Kostenlose &amp; schnelle Lieferung \u2b50 TrustedShops zertifiziert \u2b50 Seit 2014\u2b50\" \/>\n<meta name=\"robots\" content=\"noindex, follow, max-snippet:-1, max-image-preview:large, max-video-preview:-1\" \/>\n<meta property=\"og:locale\" content=\"de_DE\" \/>\n<meta property=\"og:type\" content=\"article\" \/>\n<meta property=\"og:title\" content=\"Venezianico - Nereide Ultraleggero 42 - 3921509 - WATCHBANDIT\" \/>\n<meta property=\"og:description\" content=\"Venezianico bei WatchBandit kaufen \u2b50 Automatik Uhrwerk\u2b50 Kostenlose &amp; schnelle Lieferung \u2b50 TrustedShops zertifiziert \u2b50 Seit 2014\u2b50\" \/>\n<meta property=\"og:url\" content=\"https:\/\/watch-bandit.com\/de\/produkt\/venezianico-nereide-ultraleggero-42-3921509\/\" \/>\n<meta property=\"og:site_name\" content=\"WATCHBANDIT\" \/>\n<meta property=\"article:modified_time\" content=\"2025-10-31T11:25:40+00:00\" \/>\n<meta property=\"og:image\" content=\"https:\/\/watch-bandit.com\/wp-content\/uploads\/2023\/10\/Venezianico-Nereide-Ultraleggero-42-3921509-min.jpg\" \/>\n\t<meta property=\"og:image:width\" content=\"1400\" \/>\n\t<meta property=\"og:image:height\" content=\"1700\" \/>\n\t<meta property=\"og:image:type\" content=\"image\/jpeg\" \/>\n<meta name=\"twitter:label1\" content=\"Gesch\u00e4tzte Lesezeit\" \/>\n\t<meta name=\"twitter:data1\" content=\"2 Minuten\" \/>\n<script type=\"application\/ld+json\" class=\"yoast-schema-graph\">{\"@context\":\"https:\/\/schema.org\",\"@graph\":[{\"@type\":\"WebPage\",\"@id\":\"https:\/\/watch-bandit.com\/de\/produkt\/venezianico-nereide-ultraleggero-42-3921509\/\",\"url\":\"https:\/\/watch-bandit.com\/de\/produkt\/venezianico-nereide-ultraleggero-42-3921509\/\",\"name\":\"Venezianico - Nereide Ultraleggero 42 - 3921509 - WATCHBANDIT\",\"isPartOf\":{\"@id\":\"https:\/\/watch-bandit.com\/#website\"},\"datePublished\":\"2023-10-06T10:05:14+00:00\",\"dateModified\":\"2025-10-31T11:25:40+00:00\",\"description\":\"Venezianico bei WatchBandit kaufen \u2b50 Automatik Uhrwerk\u2b50 Kostenlose & schnelle Lieferung \u2b50 TrustedShops zertifiziert \u2b50 Seit 2014\u2b50\",\"breadcrumb\":{\"@id\":\"https:\/\/watch-bandit.com\/de\/produkt\/venezianico-nereide-ultraleggero-42-3921509\/#breadcrumb\"},\"inLanguage\":\"de-DE\",\"potentialAction\":[{\"@type\":\"ReadAction\",\"target\":[\"https:\/\/watch-bandit.com\/de\/produkt\/venezianico-nereide-ultraleggero-42-3921509\/\"]}]},{\"@type\":\"BreadcrumbList\",\"@id\":\"https:\/\/watch-bandit.com\/de\/produkt\/venezianico-nereide-ultraleggero-42-3921509\/#breadcrumb\",\"itemListElement\":[{\"@type\":\"ListItem\",\"position\":1,\"name\":\"Home\",\"item\":\"https:\/\/watchbandit.de\/\"},{\"@type\":\"ListItem\",\"position\":2,\"name\":\"Shop\",\"item\":\"https:\/\/watchbandit.de\/shop\/\"},{\"@type\":\"ListItem\",\"position\":3,\"name\":\"Watches\",\"item\":\"https:\/\/watch-bandit.com\/products\/watches\/\"},{\"@type\":\"ListItem\",\"position\":4,\"name\":\"Venezianico &#8211; Nereide Ultraleggero 42 &#8211; 3921509\"}]},{\"@type\":\"WebSite\",\"@id\":\"https:\/\/watch-bandit.com\/#website\",\"url\":\"https:\/\/watch-bandit.com\/\",\"name\":\"WATCHBANDIT\",\"description\":\"Contemporary Wrist Accessories\",\"publisher\":{\"@id\":\"https:\/\/watch-bandit.com\/#organization\"},\"potentialAction\":[{\"@type\":\"SearchAction\",\"target\":{\"@type\":\"EntryPoint\",\"urlTemplate\":\"https:\/\/watch-bandit.com\/?s={search_term_string}\"},\"query-input\":\"required name=search_term_string\"}],\"inLanguage\":\"de-DE\"},{\"@type\":\"Organization\",\"@id\":\"https:\/\/watch-bandit.com\/#organization\",\"name\":\"WatchBandit\",\"url\":\"https:\/\/watch-bandit.com\/\",\"logo\":{\"@type\":\"ImageObject\",\"inLanguage\":\"de-DE\",\"@id\":\"https:\/\/watch-bandit.com\/#\/schema\/logo\/image\/\",\"url\":\"https:\/\/watchbandit.de\/wp-content\/uploads\/2017\/11\/WB_Logo_557x124.png\",\"contentUrl\":\"https:\/\/watchbandit.de\/wp-content\/uploads\/2017\/11\/WB_Logo_557x124.png\",\"width\":557,\"height\":124,\"caption\":\"WatchBandit\"},\"image\":{\"@id\":\"https:\/\/watch-bandit.com\/#\/schema\/logo\/image\/\"}}]}<\/script>\n<!-- \/ Yoast SEO plugin. -->","yoast_head_json":{"title":"Venezianico - Nereide Ultraleggero 42 - 3921509 - WATCHBANDIT","description":"Venezianico bei WatchBandit kaufen \u2b50 Automatik Uhrwerk\u2b50 Kostenlose & schnelle Lieferung \u2b50 TrustedShops zertifiziert \u2b50 Seit 2014\u2b50","robots":{"index":"noindex","follow":"follow","max-snippet":"max-snippet:-1","max-image-preview":"max-image-preview:large","max-video-preview":"max-video-preview:-1"},"og_locale":"de_DE","og_type":"article","og_title":"Venezianico - Nereide Ultraleggero 42 - 3921509 - WATCHBANDIT","og_description":"Venezianico bei WatchBandit kaufen \u2b50 Automatik Uhrwerk\u2b50 Kostenlose & schnelle Lieferung \u2b50 TrustedShops zertifiziert \u2b50 Seit 2014\u2b50","og_url":"https:\/\/watch-bandit.com\/de\/produkt\/venezianico-nereide-ultraleggero-42-3921509\/","og_site_name":"WATCHBANDIT","article_modified_time":"2025-10-31T11:25:40+00:00","og_image":[{"width":1400,"height":1700,"url":"https:\/\/watch-bandit.com\/wp-content\/uploads\/2023\/10\/Venezianico-Nereide-Ultraleggero-42-3921509-min.jpg","type":"image\/jpeg"}],"twitter_misc":{"Gesch\u00e4tzte Lesezeit":"2 Minuten"},"schema":{"@context":"https:\/\/schema.org","@graph":[{"@type":"WebPage","@id":"https:\/\/watch-bandit.com\/de\/produkt\/venezianico-nereide-ultraleggero-42-3921509\/","url":"https:\/\/watch-bandit.com\/de\/produkt\/venezianico-nereide-ultraleggero-42-3921509\/","name":"Venezianico - Nereide Ultraleggero 42 - 3921509 - WATCHBANDIT","isPartOf":{"@id":"https:\/\/watch-bandit.com\/#website"},"datePublished":"2023-10-06T10:05:14+00:00","dateModified":"2025-10-31T11:25:40+00:00","description":"Venezianico bei WatchBandit kaufen \u2b50 Automatik Uhrwerk\u2b50 Kostenlose & schnelle Lieferung \u2b50 TrustedShops zertifiziert \u2b50 Seit 2014\u2b50","breadcrumb":{"@id":"https:\/\/watch-bandit.com\/de\/produkt\/venezianico-nereide-ultraleggero-42-3921509\/#breadcrumb"},"inLanguage":"de-DE","potentialAction":[{"@type":"ReadAction","target":["https:\/\/watch-bandit.com\/de\/produkt\/venezianico-nereide-ultraleggero-42-3921509\/"]}]},{"@type":"BreadcrumbList","@id":"https:\/\/watch-bandit.com\/de\/produkt\/venezianico-nereide-ultraleggero-42-3921509\/#breadcrumb","itemListElement":[{"@type":"ListItem","position":1,"name":"Home","item":"https:\/\/watchbandit.de\/"},{"@type":"ListItem","position":2,"name":"Shop","item":"https:\/\/watchbandit.de\/shop\/"},{"@type":"ListItem","position":3,"name":"Watches","item":"https:\/\/watch-bandit.com\/products\/watches\/"},{"@type":"ListItem","position":4,"name":"Venezianico &#8211; Nereide Ultraleggero 42 &#8211; 3921509"}]},{"@type":"WebSite","@id":"https:\/\/watch-bandit.com\/#website","url":"https:\/\/watch-bandit.com\/","name":"WATCHBANDIT","description":"Contemporary Wrist Accessories","publisher":{"@id":"https:\/\/watch-bandit.com\/#organization"},"potentialAction":[{"@type":"SearchAction","target":{"@type":"EntryPoint","urlTemplate":"https:\/\/watch-bandit.com\/?s={search_term_string}"},"query-input":"required name=search_term_string"}],"inLanguage":"de-DE"},{"@type":"Organization","@id":"https:\/\/watch-bandit.com\/#organization","name":"WatchBandit","url":"https:\/\/watch-bandit.com\/","logo":{"@type":"ImageObject","inLanguage":"de-DE","@id":"https:\/\/watch-bandit.com\/#\/schema\/logo\/image\/","url":"https:\/\/watchbandit.de\/wp-content\/uploads\/2017\/11\/WB_Logo_557x124.png","contentUrl":"https:\/\/watchbandit.de\/wp-content\/uploads\/2017\/11\/WB_Logo_557x124.png","width":557,"height":124,"caption":"WatchBandit"},"image":{"@id":"https:\/\/watch-bandit.com\/#\/schema\/logo\/image\/"}}]}},"_links":{"self":[{"href":"https:\/\/watch-bandit.com\/de\/wp-json\/wp\/v2\/product\/326125"}],"collection":[{"href":"https:\/\/watch-bandit.com\/de\/wp-json\/wp\/v2\/product"}],"about":[{"href":"https:\/\/watch-bandit.com\/de\/wp-json\/wp\/v2\/types\/product"}],"replies":[{"embeddable":true,"href":"https:\/\/watch-bandit.com\/de\/wp-json\/wp\/v2\/comments?post=326125"}],"wp:featuredmedia":[{"embeddable":true,"href":"https:\/\/watch-bandit.com\/de\/wp-json\/wp\/v2\/media\/326578"}],"wp:attachment":[{"href":"https:\/\/watch-bandit.com\/de\/wp-json\/wp\/v2\/media?parent=326125"}],"wp:term":[{"taxonomy":"product_cat","embeddable":true,"href":"https:\/\/watch-bandit.com\/de\/wp-json\/wp\/v2\/product_cat?post=326125"},{"taxonomy":"product_tag","embeddable":true,"href":"https:\/\/watch-bandit.com\/de\/wp-json\/wp\/v2\/product_tag?post=326125"}],"curies":[{"name":"wp","href":"https:\/\/api.w.org\/{rel}","templated":true}]}}