{"id":326127,"date":"2023-10-06T12:06:45","date_gmt":"2023-10-06T10:06:45","guid":{"rendered":"https:\/\/watchbandit.com\/?post_type=product&#038;p=326127"},"modified":"2023-10-10T15:21:25","modified_gmt":"2023-10-10T13:21:25","slug":"venezianico-nereide-39-gmt-rosa-3521506c","status":"publish","type":"product","link":"https:\/\/watch-bandit.com\/de\/produkt\/venezianico-nereide-39-gmt-rosa-3521506c\/","title":{"rendered":"Venezianico &#8211; Nereide 39 &#8211; GMT Rosa &#8211; 3521506C"},"content":{"rendered":"<h3>GMT, die Uhr f\u00fcr Weltreisende<\/h3>\n<p>GMT, die Uhr f\u00fcr Reisende GMT, kurz f\u00fcr Greenwich Mean Time, repr\u00e4sentiert die Ortszeit des Nullmeridians im gleichnamigen Londoner Stadtteil. Das GMT-Modul verf\u00fcgt \u00fcber einen zus\u00e4tzlichen Zeiger mit pfeilf\u00f6rmiger Spitze, der alle 24 Stunden eine volle Umdrehung durchf\u00fchrt. Mit dieser Funktion k\u00f6nnen Sie eine andere Zeitzone als die Ortszeit \u00fcberwachen, die bereits vom Stundenzeiger angezeigt wird, wodurch ein Zyklus in 12 Stunden abgeschlossen wird.<\/p>\n<h3>L\u00fcnetteneinsatz<\/h3>\n<p>Der aus optischem BK7-Kristall gefertigte L\u00fcnetteneinsatz der GMT-Kollektion weist in der unteren H\u00e4lfte eine ausgepr\u00e4gte Spiegeloberfl\u00e4che auf, die ihn von anderen abhebt. Dieses Material zeichnet sich durch au\u00dfergew\u00f6hnliche physikalische Eigenschaften aus: Es ist bleifrei, leichter und im Vergleich zu anderen Glaskristallen von \u00fcberlegener Qualit\u00e4t. Mit geringer Dispersion (Abbe-Zahlen um 60) und geringer Brechung (\u22481,52), gepaart mit hoher Klarheit, erweist sich der optische BK7-Kristall als ideal f\u00fcr die Herstellung hochpr\u00e4ziser und langlebiger Glasobjekte.<\/p>\n<h3>Bequem und anpassungsf\u00e4hig<\/h3>\n<p>Die Nereide GMT Rosa verf\u00fcgt \u00fcber einen Geh\u00e4usedurchmesser von 39 mm und bietet eine harmonische Mischung aus Eleganz und Vielseitigkeit. Mit einem Bandansto\u00df-zu-Bandansto\u00df-Ma\u00df von 45,50 mm und einem Bandansto\u00dfabstand von 20,00 mm passt diese Uhr m\u00fchelos zu jeder Handgelenkgr\u00f6\u00dfe. Die verschraubte Krone erh\u00f6ht nicht nur die Praktikabilit\u00e4t des Designs, sondern tr\u00e4gt auch zu seiner Funktionalit\u00e4t bei und gew\u00e4hrleistet eine Wasserdichtigkeit bis zu 20 Atmosph\u00e4ren.<\/p>\n<h3>Geh\u00e4useboden<\/h3>\n<p>Der aufwendig gravierte Geh\u00e4useboden erinnert an die weltweite Einf\u00fchrung des 24-Zeitzonen-Systems im Jahr 1884, wobei die Greenwich Mean Time als universelle Referenzzeit diente. Der Geh\u00e4useboden umgibt die Darstellung der Erde und zeigt die wichtigsten St\u00e4dte der Welt sowie die entsprechenden Zeitzonen an. Mit dieser Funktion k\u00f6nnen Sie die Zeitzone ganz einfach auf herk\u00f6mmliche Weise einstellen, sodass kein Smartphone erforderlich ist.<\/p>\n<p><img loading=\"lazy\" decoding=\"async\" class=\"aligncenter size-full wp-image-326506\" src=\"https:\/\/watchbandit.de\/wp-content\/uploads\/2023\/10\/info-tavola-disegno-1-copia-3-51448358-2b89-4715-b80c-d7366842473f-2500x-6525481805c6e-min.jpg\" alt=\"Venezianico - Nereide 39 - GMT - specifications \" width=\"2500\" height=\"1034\" srcset=\"https:\/\/watch-bandit.com\/wp-content\/uploads\/2023\/10\/info-tavola-disegno-1-copia-3-51448358-2b89-4715-b80c-d7366842473f-2500x-6525481805c6e-min.jpg 2500w, https:\/\/watch-bandit.com\/wp-content\/uploads\/2023\/10\/info-tavola-disegno-1-copia-3-51448358-2b89-4715-b80c-d7366842473f-2500x-6525481805c6e-min-280x116.jpg 280w, https:\/\/watch-bandit.com\/wp-content\/uploads\/2023\/10\/info-tavola-disegno-1-copia-3-51448358-2b89-4715-b80c-d7366842473f-2500x-6525481805c6e-min-1400x579.jpg 1400w\" sizes=\"(max-width: 2500px) 100vw, 2500px\" \/><\/p>\n","protected":false},"excerpt":{"rendered":"<p>Unsere bis zu einer Tiefe von 200 Metern wasserdichte Taucheruhr hat ihren Namen von einem der letzten Wunderwerke der venezianischen Marinetechnik, dem U-Boot Nereide. Tats\u00e4chlich ist dieser Zeitmesser f\u00fcr starke Beanspruchungen ausgelegt und daher besonders f\u00fcr Wassersportler geeignet.<\/p>\n<p><strong>Uhrwerk:<\/strong> Automatisches Kal. Seiko NH34A GMT<br \/>\n<strong>Geh\u00e4use:<\/strong> Edelstahl 316L, 39 mm und Bandansto\u00df zu Bandansto\u00df 49 mm, Saphirglas mit Antireflexbeschichtung, <strong>L\u00fcnette<\/strong>: BK7-Kristall, 120 Klicks<br \/>\n<strong>Wasserdichtigkeit:<\/strong> 20 atm \/ 200 Meter<br \/>\n<strong>Armband:<\/strong> Canova-Edelstahlarmband<\/p>\n","protected":false},"featured_media":326540,"comment_status":"open","ping_status":"closed","template":"","meta":[],"product_cat":[37,4080,4821],"product_tag":[],"yoast_head":"<!-- This site is optimized with the Yoast SEO plugin v21.9 - https:\/\/yoast.com\/wordpress\/plugins\/seo\/ -->\n<title>Venezianico - Nereide 39 - GMT Rosa - 3521506C - WATCHBANDIT<\/title>\n<meta name=\"description\" content=\"Venezianico bei WatchBandit kaufen \u2b50 Automatik Uhrwerk\u2b50 Kostenlose &amp; schnelle Lieferung \u2b50 TrustedShops zertifiziert \u2b50 Seit 2014\u2b50\" \/>\n<meta name=\"robots\" content=\"noindex, follow, max-snippet:-1, max-image-preview:large, max-video-preview:-1\" \/>\n<meta property=\"og:locale\" content=\"de_DE\" \/>\n<meta property=\"og:type\" content=\"article\" \/>\n<meta property=\"og:title\" content=\"Venezianico - Nereide 39 - GMT Rosa - 3521506C - WATCHBANDIT\" \/>\n<meta property=\"og:description\" content=\"Venezianico bei WatchBandit kaufen \u2b50 Automatik Uhrwerk\u2b50 Kostenlose &amp; schnelle Lieferung \u2b50 TrustedShops zertifiziert \u2b50 Seit 2014\u2b50\" \/>\n<meta property=\"og:url\" content=\"https:\/\/watch-bandit.com\/de\/produkt\/venezianico-nereide-39-gmt-rosa-3521506c\/\" \/>\n<meta property=\"og:site_name\" content=\"WATCHBANDIT\" \/>\n<meta property=\"article:modified_time\" content=\"2023-10-10T13:21:25+00:00\" \/>\n<meta property=\"og:image\" content=\"https:\/\/watch-bandit.com\/wp-content\/uploads\/2023\/10\/Venezianico-Nereide-39-GMT-Rosa-3521506C-min.jpg\" \/>\n\t<meta property=\"og:image:width\" content=\"1400\" \/>\n\t<meta property=\"og:image:height\" content=\"1700\" \/>\n\t<meta property=\"og:image:type\" content=\"image\/jpeg\" \/>\n<meta name=\"twitter:label1\" content=\"Gesch\u00e4tzte Lesezeit\" \/>\n\t<meta name=\"twitter:data1\" content=\"2 Minuten\" \/>\n<script type=\"application\/ld+json\" class=\"yoast-schema-graph\">{\"@context\":\"https:\/\/schema.org\",\"@graph\":[{\"@type\":\"WebPage\",\"@id\":\"https:\/\/watch-bandit.com\/de\/produkt\/venezianico-nereide-39-gmt-rosa-3521506c\/\",\"url\":\"https:\/\/watch-bandit.com\/de\/produkt\/venezianico-nereide-39-gmt-rosa-3521506c\/\",\"name\":\"Venezianico - Nereide 39 - GMT Rosa - 3521506C - WATCHBANDIT\",\"isPartOf\":{\"@id\":\"https:\/\/watch-bandit.com\/#website\"},\"datePublished\":\"2023-10-06T10:06:45+00:00\",\"dateModified\":\"2023-10-10T13:21:25+00:00\",\"description\":\"Venezianico bei WatchBandit kaufen \u2b50 Automatik Uhrwerk\u2b50 Kostenlose & schnelle Lieferung \u2b50 TrustedShops zertifiziert \u2b50 Seit 2014\u2b50\",\"breadcrumb\":{\"@id\":\"https:\/\/watch-bandit.com\/de\/produkt\/venezianico-nereide-39-gmt-rosa-3521506c\/#breadcrumb\"},\"inLanguage\":\"de-DE\",\"potentialAction\":[{\"@type\":\"ReadAction\",\"target\":[\"https:\/\/watch-bandit.com\/de\/produkt\/venezianico-nereide-39-gmt-rosa-3521506c\/\"]}]},{\"@type\":\"BreadcrumbList\",\"@id\":\"https:\/\/watch-bandit.com\/de\/produkt\/venezianico-nereide-39-gmt-rosa-3521506c\/#breadcrumb\",\"itemListElement\":[{\"@type\":\"ListItem\",\"position\":1,\"name\":\"Home\",\"item\":\"https:\/\/watchbandit.de\/\"},{\"@type\":\"ListItem\",\"position\":2,\"name\":\"Shop\",\"item\":\"https:\/\/watchbandit.de\/shop\/\"},{\"@type\":\"ListItem\",\"position\":3,\"name\":\"Watches\",\"item\":\"https:\/\/watch-bandit.com\/products\/watches\/\"},{\"@type\":\"ListItem\",\"position\":4,\"name\":\"Venezianico &#8211; Nereide 39 &#8211; GMT Rosa &#8211; 3521506C\"}]},{\"@type\":\"WebSite\",\"@id\":\"https:\/\/watch-bandit.com\/#website\",\"url\":\"https:\/\/watch-bandit.com\/\",\"name\":\"WATCHBANDIT\",\"description\":\"Contemporary Wrist Accessories\",\"publisher\":{\"@id\":\"https:\/\/watch-bandit.com\/#organization\"},\"potentialAction\":[{\"@type\":\"SearchAction\",\"target\":{\"@type\":\"EntryPoint\",\"urlTemplate\":\"https:\/\/watch-bandit.com\/?s={search_term_string}\"},\"query-input\":\"required name=search_term_string\"}],\"inLanguage\":\"de-DE\"},{\"@type\":\"Organization\",\"@id\":\"https:\/\/watch-bandit.com\/#organization\",\"name\":\"WatchBandit\",\"url\":\"https:\/\/watch-bandit.com\/\",\"logo\":{\"@type\":\"ImageObject\",\"inLanguage\":\"de-DE\",\"@id\":\"https:\/\/watch-bandit.com\/#\/schema\/logo\/image\/\",\"url\":\"https:\/\/watchbandit.de\/wp-content\/uploads\/2017\/11\/WB_Logo_557x124.png\",\"contentUrl\":\"https:\/\/watchbandit.de\/wp-content\/uploads\/2017\/11\/WB_Logo_557x124.png\",\"width\":557,\"height\":124,\"caption\":\"WatchBandit\"},\"image\":{\"@id\":\"https:\/\/watch-bandit.com\/#\/schema\/logo\/image\/\"}}]}<\/script>\n<!-- \/ Yoast SEO plugin. -->","yoast_head_json":{"title":"Venezianico - Nereide 39 - GMT Rosa - 3521506C - WATCHBANDIT","description":"Venezianico bei WatchBandit kaufen \u2b50 Automatik Uhrwerk\u2b50 Kostenlose & schnelle Lieferung \u2b50 TrustedShops zertifiziert \u2b50 Seit 2014\u2b50","robots":{"index":"noindex","follow":"follow","max-snippet":"max-snippet:-1","max-image-preview":"max-image-preview:large","max-video-preview":"max-video-preview:-1"},"og_locale":"de_DE","og_type":"article","og_title":"Venezianico - Nereide 39 - GMT Rosa - 3521506C - WATCHBANDIT","og_description":"Venezianico bei WatchBandit kaufen \u2b50 Automatik Uhrwerk\u2b50 Kostenlose & schnelle Lieferung \u2b50 TrustedShops zertifiziert \u2b50 Seit 2014\u2b50","og_url":"https:\/\/watch-bandit.com\/de\/produkt\/venezianico-nereide-39-gmt-rosa-3521506c\/","og_site_name":"WATCHBANDIT","article_modified_time":"2023-10-10T13:21:25+00:00","og_image":[{"width":1400,"height":1700,"url":"https:\/\/watch-bandit.com\/wp-content\/uploads\/2023\/10\/Venezianico-Nereide-39-GMT-Rosa-3521506C-min.jpg","type":"image\/jpeg"}],"twitter_misc":{"Gesch\u00e4tzte Lesezeit":"2 Minuten"},"schema":{"@context":"https:\/\/schema.org","@graph":[{"@type":"WebPage","@id":"https:\/\/watch-bandit.com\/de\/produkt\/venezianico-nereide-39-gmt-rosa-3521506c\/","url":"https:\/\/watch-bandit.com\/de\/produkt\/venezianico-nereide-39-gmt-rosa-3521506c\/","name":"Venezianico - Nereide 39 - GMT Rosa - 3521506C - WATCHBANDIT","isPartOf":{"@id":"https:\/\/watch-bandit.com\/#website"},"datePublished":"2023-10-06T10:06:45+00:00","dateModified":"2023-10-10T13:21:25+00:00","description":"Venezianico bei WatchBandit kaufen \u2b50 Automatik Uhrwerk\u2b50 Kostenlose & schnelle Lieferung \u2b50 TrustedShops zertifiziert \u2b50 Seit 2014\u2b50","breadcrumb":{"@id":"https:\/\/watch-bandit.com\/de\/produkt\/venezianico-nereide-39-gmt-rosa-3521506c\/#breadcrumb"},"inLanguage":"de-DE","potentialAction":[{"@type":"ReadAction","target":["https:\/\/watch-bandit.com\/de\/produkt\/venezianico-nereide-39-gmt-rosa-3521506c\/"]}]},{"@type":"BreadcrumbList","@id":"https:\/\/watch-bandit.com\/de\/produkt\/venezianico-nereide-39-gmt-rosa-3521506c\/#breadcrumb","itemListElement":[{"@type":"ListItem","position":1,"name":"Home","item":"https:\/\/watchbandit.de\/"},{"@type":"ListItem","position":2,"name":"Shop","item":"https:\/\/watchbandit.de\/shop\/"},{"@type":"ListItem","position":3,"name":"Watches","item":"https:\/\/watch-bandit.com\/products\/watches\/"},{"@type":"ListItem","position":4,"name":"Venezianico &#8211; Nereide 39 &#8211; GMT Rosa &#8211; 3521506C"}]},{"@type":"WebSite","@id":"https:\/\/watch-bandit.com\/#website","url":"https:\/\/watch-bandit.com\/","name":"WATCHBANDIT","description":"Contemporary Wrist Accessories","publisher":{"@id":"https:\/\/watch-bandit.com\/#organization"},"potentialAction":[{"@type":"SearchAction","target":{"@type":"EntryPoint","urlTemplate":"https:\/\/watch-bandit.com\/?s={search_term_string}"},"query-input":"required name=search_term_string"}],"inLanguage":"de-DE"},{"@type":"Organization","@id":"https:\/\/watch-bandit.com\/#organization","name":"WatchBandit","url":"https:\/\/watch-bandit.com\/","logo":{"@type":"ImageObject","inLanguage":"de-DE","@id":"https:\/\/watch-bandit.com\/#\/schema\/logo\/image\/","url":"https:\/\/watchbandit.de\/wp-content\/uploads\/2017\/11\/WB_Logo_557x124.png","contentUrl":"https:\/\/watchbandit.de\/wp-content\/uploads\/2017\/11\/WB_Logo_557x124.png","width":557,"height":124,"caption":"WatchBandit"},"image":{"@id":"https:\/\/watch-bandit.com\/#\/schema\/logo\/image\/"}}]}},"_links":{"self":[{"href":"https:\/\/watch-bandit.com\/de\/wp-json\/wp\/v2\/product\/326127"}],"collection":[{"href":"https:\/\/watch-bandit.com\/de\/wp-json\/wp\/v2\/product"}],"about":[{"href":"https:\/\/watch-bandit.com\/de\/wp-json\/wp\/v2\/types\/product"}],"replies":[{"embeddable":true,"href":"https:\/\/watch-bandit.com\/de\/wp-json\/wp\/v2\/comments?post=326127"}],"wp:featuredmedia":[{"embeddable":true,"href":"https:\/\/watch-bandit.com\/de\/wp-json\/wp\/v2\/media\/326540"}],"wp:attachment":[{"href":"https:\/\/watch-bandit.com\/de\/wp-json\/wp\/v2\/media?parent=326127"}],"wp:term":[{"taxonomy":"product_cat","embeddable":true,"href":"https:\/\/watch-bandit.com\/de\/wp-json\/wp\/v2\/product_cat?post=326127"},{"taxonomy":"product_tag","embeddable":true,"href":"https:\/\/watch-bandit.com\/de\/wp-json\/wp\/v2\/product_tag?post=326127"}],"curies":[{"name":"wp","href":"https:\/\/api.w.org\/{rel}","templated":true}]}}