{"id":327694,"date":"2023-10-20T15:02:52","date_gmt":"2023-10-20T13:02:54","guid":{"rendered":"https:\/\/watchbandit.com\/?post_type=product&#038;p=327694"},"modified":"2025-12-20T21:32:53","modified_gmt":"2025-12-20T20:32:53","slug":"jelsdal-dornschliesse-aus-edelstahl","status":"publish","type":"product","link":"https:\/\/watch-bandit.com\/de\/produkt\/jelsdal-dornschliesse-aus-edelstahl\/","title":{"rendered":"Jelsdal &#8211; Dornschlie\u00dfe aus Edelstahl (3mm Pin)"},"content":{"rendered":"","protected":false},"excerpt":{"rendered":"<p>Eine hochwertige Ersatz-Uhrenschlie\u00dfe aus Edelstahl von Jelsdal, w\u00e4hlbar in drei Varianten: geb\u00fcrstet, poliert, schwarz PVD beschichtet<\/p>\n","protected":false},"featured_media":353721,"comment_status":"open","ping_status":"closed","template":"","meta":[],"product_cat":[3570,4188,3574],"product_tag":[],"yoast_head":"<!-- This site is optimized with the Yoast SEO plugin v21.9 - https:\/\/yoast.com\/wordpress\/plugins\/seo\/ -->\n<title>Jelsdal - Dornschlie\u00dfe aus Edelstahl (3mm Pin) - WATCHBANDIT<\/title>\n<meta name=\"description\" content=\"Ersatz Dornschlie\u00dfen f\u00fcr dein Uhrenarmband bei Watchbandit kaufen \u2713 Schnelle Liefering \u2713 Trusted Shops zertifiziert \u2713 Passion f\u00fcr Uhren seit 2014 \u2713\" \/>\n<meta name=\"robots\" content=\"noindex, follow, max-snippet:-1, max-image-preview:large, max-video-preview:-1\" \/>\n<meta property=\"og:locale\" content=\"de_DE\" \/>\n<meta property=\"og:type\" content=\"article\" \/>\n<meta property=\"og:title\" content=\"Jelsdal - Dornschlie\u00dfe aus Edelstahl (3mm Pin) - WATCHBANDIT\" \/>\n<meta property=\"og:description\" content=\"Ersatz Dornschlie\u00dfen f\u00fcr dein Uhrenarmband bei Watchbandit kaufen \u2713 Schnelle Liefering \u2713 Trusted Shops zertifiziert \u2713 Passion f\u00fcr Uhren seit 2014 \u2713\" \/>\n<meta property=\"og:url\" content=\"https:\/\/watch-bandit.com\/de\/produkt\/jelsdal-dornschliesse-aus-edelstahl\/\" \/>\n<meta property=\"og:site_name\" content=\"WATCHBANDIT\" \/>\n<meta property=\"article:modified_time\" content=\"2025-12-20T20:32:53+00:00\" \/>\n<meta property=\"og:image\" content=\"https:\/\/watch-bandit.com\/wp-content\/uploads\/2023\/10\/jelsdal-buckles-5.webp\" \/>\n\t<meta property=\"og:image:width\" content=\"1400\" \/>\n\t<meta property=\"og:image:height\" content=\"1700\" \/>\n\t<meta property=\"og:image:type\" content=\"image\/webp\" \/>\n<meta name=\"twitter:label1\" content=\"Gesch\u00e4tzte Lesezeit\" \/>\n\t<meta name=\"twitter:data1\" content=\"1 Minute\" \/>\n<script type=\"application\/ld+json\" class=\"yoast-schema-graph\">{\"@context\":\"https:\/\/schema.org\",\"@graph\":[{\"@type\":\"WebPage\",\"@id\":\"https:\/\/watch-bandit.com\/de\/produkt\/jelsdal-dornschliesse-aus-edelstahl\/\",\"url\":\"https:\/\/watch-bandit.com\/de\/produkt\/jelsdal-dornschliesse-aus-edelstahl\/\",\"name\":\"Jelsdal - Dornschlie\u00dfe aus Edelstahl (3mm Pin) - WATCHBANDIT\",\"isPartOf\":{\"@id\":\"https:\/\/watch-bandit.com\/#website\"},\"datePublished\":\"2023-10-20T13:02:54+00:00\",\"dateModified\":\"2025-12-20T20:32:53+00:00\",\"description\":\"Ersatz Dornschlie\u00dfen f\u00fcr dein Uhrenarmband bei Watchbandit kaufen \u2713 Schnelle Liefering \u2713 Trusted Shops zertifiziert \u2713 Passion f\u00fcr Uhren seit 2014 \u2713\",\"breadcrumb\":{\"@id\":\"https:\/\/watch-bandit.com\/de\/produkt\/jelsdal-dornschliesse-aus-edelstahl\/#breadcrumb\"},\"inLanguage\":\"de-DE\",\"potentialAction\":[{\"@type\":\"ReadAction\",\"target\":[\"https:\/\/watch-bandit.com\/de\/produkt\/jelsdal-dornschliesse-aus-edelstahl\/\"]}]},{\"@type\":\"BreadcrumbList\",\"@id\":\"https:\/\/watch-bandit.com\/de\/produkt\/jelsdal-dornschliesse-aus-edelstahl\/#breadcrumb\",\"itemListElement\":[{\"@type\":\"ListItem\",\"position\":1,\"name\":\"Home\",\"item\":\"https:\/\/watchbandit.de\/\"},{\"@type\":\"ListItem\",\"position\":2,\"name\":\"Shop\",\"item\":\"https:\/\/watchbandit.de\/shop\/\"},{\"@type\":\"ListItem\",\"position\":3,\"name\":\"Accessories\",\"item\":\"https:\/\/watch-bandit.com\/products\/accessories\/\"},{\"@type\":\"ListItem\",\"position\":4,\"name\":\"Jelsdal &#8211; Dornschlie\u00dfe aus Edelstahl (3mm Pin)\"}]},{\"@type\":\"WebSite\",\"@id\":\"https:\/\/watch-bandit.com\/#website\",\"url\":\"https:\/\/watch-bandit.com\/\",\"name\":\"WATCHBANDIT\",\"description\":\"Contemporary Wrist Accessories\",\"publisher\":{\"@id\":\"https:\/\/watch-bandit.com\/#organization\"},\"potentialAction\":[{\"@type\":\"SearchAction\",\"target\":{\"@type\":\"EntryPoint\",\"urlTemplate\":\"https:\/\/watch-bandit.com\/?s={search_term_string}\"},\"query-input\":\"required name=search_term_string\"}],\"inLanguage\":\"de-DE\"},{\"@type\":\"Organization\",\"@id\":\"https:\/\/watch-bandit.com\/#organization\",\"name\":\"WatchBandit\",\"url\":\"https:\/\/watch-bandit.com\/\",\"logo\":{\"@type\":\"ImageObject\",\"inLanguage\":\"de-DE\",\"@id\":\"https:\/\/watch-bandit.com\/#\/schema\/logo\/image\/\",\"url\":\"https:\/\/watchbandit.de\/wp-content\/uploads\/2017\/11\/WB_Logo_557x124.png\",\"contentUrl\":\"https:\/\/watchbandit.de\/wp-content\/uploads\/2017\/11\/WB_Logo_557x124.png\",\"width\":557,\"height\":124,\"caption\":\"WatchBandit\"},\"image\":{\"@id\":\"https:\/\/watch-bandit.com\/#\/schema\/logo\/image\/\"}}]}<\/script>\n<!-- \/ Yoast SEO plugin. -->","yoast_head_json":{"title":"Jelsdal - Dornschlie\u00dfe aus Edelstahl (3mm Pin) - WATCHBANDIT","description":"Ersatz Dornschlie\u00dfen f\u00fcr dein Uhrenarmband bei Watchbandit kaufen \u2713 Schnelle Liefering \u2713 Trusted Shops zertifiziert \u2713 Passion f\u00fcr Uhren seit 2014 \u2713","robots":{"index":"noindex","follow":"follow","max-snippet":"max-snippet:-1","max-image-preview":"max-image-preview:large","max-video-preview":"max-video-preview:-1"},"og_locale":"de_DE","og_type":"article","og_title":"Jelsdal - Dornschlie\u00dfe aus Edelstahl (3mm Pin) - WATCHBANDIT","og_description":"Ersatz Dornschlie\u00dfen f\u00fcr dein Uhrenarmband bei Watchbandit kaufen \u2713 Schnelle Liefering \u2713 Trusted Shops zertifiziert \u2713 Passion f\u00fcr Uhren seit 2014 \u2713","og_url":"https:\/\/watch-bandit.com\/de\/produkt\/jelsdal-dornschliesse-aus-edelstahl\/","og_site_name":"WATCHBANDIT","article_modified_time":"2025-12-20T20:32:53+00:00","og_image":[{"width":1400,"height":1700,"url":"https:\/\/watch-bandit.com\/wp-content\/uploads\/2023\/10\/jelsdal-buckles-5.webp","type":"image\/webp"}],"twitter_misc":{"Gesch\u00e4tzte Lesezeit":"1 Minute"},"schema":{"@context":"https:\/\/schema.org","@graph":[{"@type":"WebPage","@id":"https:\/\/watch-bandit.com\/de\/produkt\/jelsdal-dornschliesse-aus-edelstahl\/","url":"https:\/\/watch-bandit.com\/de\/produkt\/jelsdal-dornschliesse-aus-edelstahl\/","name":"Jelsdal - Dornschlie\u00dfe aus Edelstahl (3mm Pin) - WATCHBANDIT","isPartOf":{"@id":"https:\/\/watch-bandit.com\/#website"},"datePublished":"2023-10-20T13:02:54+00:00","dateModified":"2025-12-20T20:32:53+00:00","description":"Ersatz Dornschlie\u00dfen f\u00fcr dein Uhrenarmband bei Watchbandit kaufen \u2713 Schnelle Liefering \u2713 Trusted Shops zertifiziert \u2713 Passion f\u00fcr Uhren seit 2014 \u2713","breadcrumb":{"@id":"https:\/\/watch-bandit.com\/de\/produkt\/jelsdal-dornschliesse-aus-edelstahl\/#breadcrumb"},"inLanguage":"de-DE","potentialAction":[{"@type":"ReadAction","target":["https:\/\/watch-bandit.com\/de\/produkt\/jelsdal-dornschliesse-aus-edelstahl\/"]}]},{"@type":"BreadcrumbList","@id":"https:\/\/watch-bandit.com\/de\/produkt\/jelsdal-dornschliesse-aus-edelstahl\/#breadcrumb","itemListElement":[{"@type":"ListItem","position":1,"name":"Home","item":"https:\/\/watchbandit.de\/"},{"@type":"ListItem","position":2,"name":"Shop","item":"https:\/\/watchbandit.de\/shop\/"},{"@type":"ListItem","position":3,"name":"Accessories","item":"https:\/\/watch-bandit.com\/products\/accessories\/"},{"@type":"ListItem","position":4,"name":"Jelsdal &#8211; Dornschlie\u00dfe aus Edelstahl (3mm Pin)"}]},{"@type":"WebSite","@id":"https:\/\/watch-bandit.com\/#website","url":"https:\/\/watch-bandit.com\/","name":"WATCHBANDIT","description":"Contemporary Wrist Accessories","publisher":{"@id":"https:\/\/watch-bandit.com\/#organization"},"potentialAction":[{"@type":"SearchAction","target":{"@type":"EntryPoint","urlTemplate":"https:\/\/watch-bandit.com\/?s={search_term_string}"},"query-input":"required name=search_term_string"}],"inLanguage":"de-DE"},{"@type":"Organization","@id":"https:\/\/watch-bandit.com\/#organization","name":"WatchBandit","url":"https:\/\/watch-bandit.com\/","logo":{"@type":"ImageObject","inLanguage":"de-DE","@id":"https:\/\/watch-bandit.com\/#\/schema\/logo\/image\/","url":"https:\/\/watchbandit.de\/wp-content\/uploads\/2017\/11\/WB_Logo_557x124.png","contentUrl":"https:\/\/watchbandit.de\/wp-content\/uploads\/2017\/11\/WB_Logo_557x124.png","width":557,"height":124,"caption":"WatchBandit"},"image":{"@id":"https:\/\/watch-bandit.com\/#\/schema\/logo\/image\/"}}]}},"_links":{"self":[{"href":"https:\/\/watch-bandit.com\/de\/wp-json\/wp\/v2\/product\/327694"}],"collection":[{"href":"https:\/\/watch-bandit.com\/de\/wp-json\/wp\/v2\/product"}],"about":[{"href":"https:\/\/watch-bandit.com\/de\/wp-json\/wp\/v2\/types\/product"}],"replies":[{"embeddable":true,"href":"https:\/\/watch-bandit.com\/de\/wp-json\/wp\/v2\/comments?post=327694"}],"wp:featuredmedia":[{"embeddable":true,"href":"https:\/\/watch-bandit.com\/de\/wp-json\/wp\/v2\/media\/353721"}],"wp:attachment":[{"href":"https:\/\/watch-bandit.com\/de\/wp-json\/wp\/v2\/media?parent=327694"}],"wp:term":[{"taxonomy":"product_cat","embeddable":true,"href":"https:\/\/watch-bandit.com\/de\/wp-json\/wp\/v2\/product_cat?post=327694"},{"taxonomy":"product_tag","embeddable":true,"href":"https:\/\/watch-bandit.com\/de\/wp-json\/wp\/v2\/product_tag?post=327694"}],"curies":[{"name":"wp","href":"https:\/\/api.w.org\/{rel}","templated":true}]}}