{"id":328731,"date":"2023-11-01T10:43:11","date_gmt":"2023-11-01T09:43:12","guid":{"rendered":"https:\/\/watchbandit.com\/?post_type=product&#038;p=328731"},"modified":"2023-11-19T10:08:11","modified_gmt":"2023-11-19T09:08:11","slug":"anicorn-series-000-schwarz-gruen","status":"publish","type":"product","link":"https:\/\/watch-bandit.com\/de\/produkt\/anicorn-series-000-schwarz-gruen\/","title":{"rendered":"ANICORN &#8211; Series 000 &#8211; Schwarz &#038; Gr\u00fcn"},"content":{"rendered":"<p>ANICORN Watches, ein unabh\u00e4ngiges Uhrmacher- und Designunternehmen, das Uhren entwirft, die \u00fcber gew\u00f6hnliche Ans\u00e4tze hinausgehen. ANICORN h\u00f6rt nie auf, neue Inspirationen einzubringen und ist daran interessiert, mit Sch\u00f6pfern mit unterschiedlichen Denkweisen zusammenzuarbeiten und die M\u00f6glichkeiten der Zeit zu erkunden.<\/p>\n","protected":false},"excerpt":{"rendered":"<p>Bei der allerersten Markteinf\u00fchrung von ANICORN legt die Serie 000 Watch besonderen Wert auf Design, Schriftart und Mechanismus. Der innovative Zeitmesser verf\u00fcgt \u00fcber ein einzigartiges konzentrisches Scheibensystem anstelle von Zeigern, wodurch ein Drittel des Zifferblatts frei wird, ohne die Lesbarkeit zu beeintr\u00e4chtigen. Die Stunden-, Minuten- und Sekundenmarkierungen sind unter dem entspiegelten Saphirglas in der Schweizer Schriftart Numeral von Dinamos siebgedruckt. Die umweltfreundliche und durchdachte Armbanduhr verf\u00fcgt \u00fcber ein automatisches japanisches Uhrwerk, das keine Batterie ben\u00f6tigt. Das Design ist au\u00dferdem langlebig, da es mit Edelstahlbeschl\u00e4gen ausgestattet ist, mit einer schwarzen PVD-Beschichtung versiegelt ist und mit einem austauschbaren Armband aus echtem Leder in Schwarz und Braun kombiniert wird.<\/p>\n<p><strong>Uhrwerk:<\/strong> Automatikwerk Miyota 8215, Vibrationsfrequenz: 21.600 pro Stunde, Automatikwerk mit 21 Steinen, Gangreserve: +40 Stunden<br \/>\n<strong>Geh\u00e4use:<\/strong> 316L-Edelstahl, \u00d8 42 mm, H\u00f6he 10 mm, R\u00fcckseite und Schrauben, PvD-Schwarzbeschichtung.<br \/>\n<strong>Armband:<\/strong> Schwarzes Echtleder + PVD-schwarze 316L-Edelstahlschlie\u00dfe<br \/>\n<strong>Wasserdichtigkeit:<\/strong> 5 ATM \/ 50 Meter \/ 5 Bar<\/p>\n","protected":false},"featured_media":329841,"comment_status":"open","ping_status":"closed","template":"","meta":[],"product_cat":[4386,37],"product_tag":[],"yoast_head":"<!-- This site is optimized with the Yoast SEO plugin v21.9 - https:\/\/yoast.com\/wordpress\/plugins\/seo\/ -->\n<title>ANICORN - Series 000 - Schwarz &amp; Gr\u00fcn - WATCHBANDIT<\/title>\n<meta name=\"description\" content=\"ANICORN Uhren bei WatchBandit kaufen \u2713 Autorisierter H\u00e4ndler \u2713 Trusted Shops zertifiziert \u2713 Kostenlose- &amp; schnelle Lieferung \u2713\" \/>\n<meta name=\"robots\" content=\"noindex, follow, max-snippet:-1, max-image-preview:large, max-video-preview:-1\" \/>\n<meta property=\"og:locale\" content=\"de_DE\" \/>\n<meta property=\"og:type\" content=\"article\" \/>\n<meta property=\"og:title\" content=\"ANICORN - Series 000 - Schwarz &amp; Gr\u00fcn - WATCHBANDIT\" \/>\n<meta property=\"og:description\" content=\"ANICORN Uhren bei WatchBandit kaufen \u2713 Autorisierter H\u00e4ndler \u2713 Trusted Shops zertifiziert \u2713 Kostenlose- &amp; schnelle Lieferung \u2713\" \/>\n<meta property=\"og:url\" content=\"https:\/\/watch-bandit.com\/de\/produkt\/anicorn-series-000-schwarz-gruen\/\" \/>\n<meta property=\"og:site_name\" content=\"WATCHBANDIT\" \/>\n<meta property=\"article:modified_time\" content=\"2023-11-19T09:08:11+00:00\" \/>\n<meta property=\"og:image\" content=\"https:\/\/watch-bandit.com\/wp-content\/uploads\/2023\/11\/ANICORN-Series-000-Black-Green.jpg\" \/>\n\t<meta property=\"og:image:width\" content=\"1400\" \/>\n\t<meta property=\"og:image:height\" content=\"1700\" \/>\n\t<meta property=\"og:image:type\" content=\"image\/jpeg\" \/>\n<meta name=\"twitter:label1\" content=\"Gesch\u00e4tzte Lesezeit\" \/>\n\t<meta name=\"twitter:data1\" content=\"1 Minute\" \/>\n<script type=\"application\/ld+json\" class=\"yoast-schema-graph\">{\"@context\":\"https:\/\/schema.org\",\"@graph\":[{\"@type\":\"WebPage\",\"@id\":\"https:\/\/watch-bandit.com\/de\/produkt\/anicorn-series-000-schwarz-gruen\/\",\"url\":\"https:\/\/watch-bandit.com\/de\/produkt\/anicorn-series-000-schwarz-gruen\/\",\"name\":\"ANICORN - Series 000 - Schwarz & Gr\u00fcn - WATCHBANDIT\",\"isPartOf\":{\"@id\":\"https:\/\/watch-bandit.com\/#website\"},\"datePublished\":\"2023-11-01T09:43:12+00:00\",\"dateModified\":\"2023-11-19T09:08:11+00:00\",\"description\":\"ANICORN Uhren bei WatchBandit kaufen \u2713 Autorisierter H\u00e4ndler \u2713 Trusted Shops zertifiziert \u2713 Kostenlose- & schnelle Lieferung \u2713\",\"breadcrumb\":{\"@id\":\"https:\/\/watch-bandit.com\/de\/produkt\/anicorn-series-000-schwarz-gruen\/#breadcrumb\"},\"inLanguage\":\"de-DE\",\"potentialAction\":[{\"@type\":\"ReadAction\",\"target\":[\"https:\/\/watch-bandit.com\/de\/produkt\/anicorn-series-000-schwarz-gruen\/\"]}]},{\"@type\":\"BreadcrumbList\",\"@id\":\"https:\/\/watch-bandit.com\/de\/produkt\/anicorn-series-000-schwarz-gruen\/#breadcrumb\",\"itemListElement\":[{\"@type\":\"ListItem\",\"position\":1,\"name\":\"Home\",\"item\":\"https:\/\/watchbandit.de\/\"},{\"@type\":\"ListItem\",\"position\":2,\"name\":\"Shop\",\"item\":\"https:\/\/watchbandit.de\/shop\/\"},{\"@type\":\"ListItem\",\"position\":3,\"name\":\"Watches\",\"item\":\"https:\/\/watch-bandit.com\/products\/watches\/\"},{\"@type\":\"ListItem\",\"position\":4,\"name\":\"Anicorn\",\"item\":\"https:\/\/watch-bandit.com\/products\/watches\/anicorn\/\"},{\"@type\":\"ListItem\",\"position\":5,\"name\":\"ANICORN &#8211; Series 000 &#8211; Schwarz &#038; Gr\u00fcn\"}]},{\"@type\":\"WebSite\",\"@id\":\"https:\/\/watch-bandit.com\/#website\",\"url\":\"https:\/\/watch-bandit.com\/\",\"name\":\"WATCHBANDIT\",\"description\":\"Contemporary Wrist Accessories\",\"publisher\":{\"@id\":\"https:\/\/watch-bandit.com\/#organization\"},\"potentialAction\":[{\"@type\":\"SearchAction\",\"target\":{\"@type\":\"EntryPoint\",\"urlTemplate\":\"https:\/\/watch-bandit.com\/?s={search_term_string}\"},\"query-input\":\"required name=search_term_string\"}],\"inLanguage\":\"de-DE\"},{\"@type\":\"Organization\",\"@id\":\"https:\/\/watch-bandit.com\/#organization\",\"name\":\"WatchBandit\",\"url\":\"https:\/\/watch-bandit.com\/\",\"logo\":{\"@type\":\"ImageObject\",\"inLanguage\":\"de-DE\",\"@id\":\"https:\/\/watch-bandit.com\/#\/schema\/logo\/image\/\",\"url\":\"https:\/\/watchbandit.de\/wp-content\/uploads\/2017\/11\/WB_Logo_557x124.png\",\"contentUrl\":\"https:\/\/watchbandit.de\/wp-content\/uploads\/2017\/11\/WB_Logo_557x124.png\",\"width\":557,\"height\":124,\"caption\":\"WatchBandit\"},\"image\":{\"@id\":\"https:\/\/watch-bandit.com\/#\/schema\/logo\/image\/\"}}]}<\/script>\n<!-- \/ Yoast SEO plugin. -->","yoast_head_json":{"title":"ANICORN - Series 000 - Schwarz & Gr\u00fcn - WATCHBANDIT","description":"ANICORN Uhren bei WatchBandit kaufen \u2713 Autorisierter H\u00e4ndler \u2713 Trusted Shops zertifiziert \u2713 Kostenlose- & schnelle Lieferung \u2713","robots":{"index":"noindex","follow":"follow","max-snippet":"max-snippet:-1","max-image-preview":"max-image-preview:large","max-video-preview":"max-video-preview:-1"},"og_locale":"de_DE","og_type":"article","og_title":"ANICORN - Series 000 - Schwarz & Gr\u00fcn - WATCHBANDIT","og_description":"ANICORN Uhren bei WatchBandit kaufen \u2713 Autorisierter H\u00e4ndler \u2713 Trusted Shops zertifiziert \u2713 Kostenlose- & schnelle Lieferung \u2713","og_url":"https:\/\/watch-bandit.com\/de\/produkt\/anicorn-series-000-schwarz-gruen\/","og_site_name":"WATCHBANDIT","article_modified_time":"2023-11-19T09:08:11+00:00","og_image":[{"width":1400,"height":1700,"url":"https:\/\/watch-bandit.com\/wp-content\/uploads\/2023\/11\/ANICORN-Series-000-Black-Green.jpg","type":"image\/jpeg"}],"twitter_misc":{"Gesch\u00e4tzte Lesezeit":"1 Minute"},"schema":{"@context":"https:\/\/schema.org","@graph":[{"@type":"WebPage","@id":"https:\/\/watch-bandit.com\/de\/produkt\/anicorn-series-000-schwarz-gruen\/","url":"https:\/\/watch-bandit.com\/de\/produkt\/anicorn-series-000-schwarz-gruen\/","name":"ANICORN - Series 000 - Schwarz & Gr\u00fcn - WATCHBANDIT","isPartOf":{"@id":"https:\/\/watch-bandit.com\/#website"},"datePublished":"2023-11-01T09:43:12+00:00","dateModified":"2023-11-19T09:08:11+00:00","description":"ANICORN Uhren bei WatchBandit kaufen \u2713 Autorisierter H\u00e4ndler \u2713 Trusted Shops zertifiziert \u2713 Kostenlose- & schnelle Lieferung \u2713","breadcrumb":{"@id":"https:\/\/watch-bandit.com\/de\/produkt\/anicorn-series-000-schwarz-gruen\/#breadcrumb"},"inLanguage":"de-DE","potentialAction":[{"@type":"ReadAction","target":["https:\/\/watch-bandit.com\/de\/produkt\/anicorn-series-000-schwarz-gruen\/"]}]},{"@type":"BreadcrumbList","@id":"https:\/\/watch-bandit.com\/de\/produkt\/anicorn-series-000-schwarz-gruen\/#breadcrumb","itemListElement":[{"@type":"ListItem","position":1,"name":"Home","item":"https:\/\/watchbandit.de\/"},{"@type":"ListItem","position":2,"name":"Shop","item":"https:\/\/watchbandit.de\/shop\/"},{"@type":"ListItem","position":3,"name":"Watches","item":"https:\/\/watch-bandit.com\/products\/watches\/"},{"@type":"ListItem","position":4,"name":"Anicorn","item":"https:\/\/watch-bandit.com\/products\/watches\/anicorn\/"},{"@type":"ListItem","position":5,"name":"ANICORN &#8211; Series 000 &#8211; Schwarz &#038; Gr\u00fcn"}]},{"@type":"WebSite","@id":"https:\/\/watch-bandit.com\/#website","url":"https:\/\/watch-bandit.com\/","name":"WATCHBANDIT","description":"Contemporary Wrist Accessories","publisher":{"@id":"https:\/\/watch-bandit.com\/#organization"},"potentialAction":[{"@type":"SearchAction","target":{"@type":"EntryPoint","urlTemplate":"https:\/\/watch-bandit.com\/?s={search_term_string}"},"query-input":"required name=search_term_string"}],"inLanguage":"de-DE"},{"@type":"Organization","@id":"https:\/\/watch-bandit.com\/#organization","name":"WatchBandit","url":"https:\/\/watch-bandit.com\/","logo":{"@type":"ImageObject","inLanguage":"de-DE","@id":"https:\/\/watch-bandit.com\/#\/schema\/logo\/image\/","url":"https:\/\/watchbandit.de\/wp-content\/uploads\/2017\/11\/WB_Logo_557x124.png","contentUrl":"https:\/\/watchbandit.de\/wp-content\/uploads\/2017\/11\/WB_Logo_557x124.png","width":557,"height":124,"caption":"WatchBandit"},"image":{"@id":"https:\/\/watch-bandit.com\/#\/schema\/logo\/image\/"}}]}},"_links":{"self":[{"href":"https:\/\/watch-bandit.com\/de\/wp-json\/wp\/v2\/product\/328731"}],"collection":[{"href":"https:\/\/watch-bandit.com\/de\/wp-json\/wp\/v2\/product"}],"about":[{"href":"https:\/\/watch-bandit.com\/de\/wp-json\/wp\/v2\/types\/product"}],"replies":[{"embeddable":true,"href":"https:\/\/watch-bandit.com\/de\/wp-json\/wp\/v2\/comments?post=328731"}],"wp:featuredmedia":[{"embeddable":true,"href":"https:\/\/watch-bandit.com\/de\/wp-json\/wp\/v2\/media\/329841"}],"wp:attachment":[{"href":"https:\/\/watch-bandit.com\/de\/wp-json\/wp\/v2\/media?parent=328731"}],"wp:term":[{"taxonomy":"product_cat","embeddable":true,"href":"https:\/\/watch-bandit.com\/de\/wp-json\/wp\/v2\/product_cat?post=328731"},{"taxonomy":"product_tag","embeddable":true,"href":"https:\/\/watch-bandit.com\/de\/wp-json\/wp\/v2\/product_tag?post=328731"}],"curies":[{"name":"wp","href":"https:\/\/api.w.org\/{rel}","templated":true}]}}