{"id":334220,"date":"2024-02-06T10:28:48","date_gmt":"2024-02-06T09:28:48","guid":{"rendered":"https:\/\/watchbandit.com\/?post_type=product&#038;p=334220"},"modified":"2025-09-02T10:00:36","modified_gmt":"2025-09-02T08:00:36","slug":"rze-resolute-pro-jet-black-enamel","status":"publish","type":"product","link":"https:\/\/watch-bandit.com\/de\/produkt\/rze-resolute-pro-jet-black-enamel\/","title":{"rendered":"RZE \u2013 Resolute &#8211; Jet Black Enamel"},"content":{"rendered":"<h3>RZE Uhren<\/h3>\n<h4>01. IMMER FORTSCHRITTLICH<\/h4>\n<p>Wir glauben an h\u00e4ufiges Experimentieren. Immer neue Dinge ausprobieren, sich immer verbessern und immer weitermachen; gemeinsam mit unseren Stakeholdern, Lieferanten und Kunden.<\/p>\n<h4>02. BAUEN SIE DAS BESTE PRODUKT<\/h4>\n<p>Unsere Kriterien f\u00fcr das beste Produkt sind Funktion, Reparierbarkeit und vor allem Langlebigkeit. Wir glauben fest daran, dass wir unsere Produkte besser reparieren als ersetzen und letztendlich ein Produkt entwickeln, das Generationen \u00fcberdauert oder zumindest recycelt werden kann. Das Beste f\u00fcr die Rettung unseres Planeten machen.<\/p>\n<h4>03. UMWELTSCHUTZ UND UNSERE COMMUNITY<\/h4>\n<p>Wir richten unseren Kern darauf aus, unseren Mitarbeitern und unserem Planeten Gutes zu tun. Wir konzentrieren uns darauf, langlebige Produkte zu bauen, die Generationen \u00fcberdauern, sodass kein Austausch erforderlich ist, und behalten unseren Blick auf den Schutz von Mutter Erde bei jedem Schritt unseres Produktionsprozesses.<\/p>\n<h4>04. UNSERE ZIELE UND ABSICHTEN<\/h4>\n<p>Freundschaft h\u00e4lt uns zusammen und Gemeinschaft h\u00e4lt uns in Bewegung. Wir wollen mit unseren Kunden immer einen Gemeinschaftsgeist pflegen, bleiben immer bescheiden, offen f\u00fcr Feedback und Kritik.<\/p>\n","protected":false},"excerpt":{"rendered":"<p>Lernen Sie die Resolute Pro kennen \u2013 ein H\u00f6hepunkt der Exzellenz in unserer legend\u00e4ren Titan-Felduhrenserie. Dieser sorgf\u00e4ltig aus robustem und dennoch federleichtem Titan gefertigte Zeitmesser verf\u00fcgt \u00fcber eine atemberaubende geb\u00fcrstete Oberfl\u00e4che, angereichert mit unserer exklusiven UltraHex\u2122\ufe0f-Beschichtung. Die Resolute Pro bringt Eleganz auf ein neues Niveau mit ihrem verbesserten Armband mit praktischer Mikroverstellung im Handumdrehen und einem faszinierenden schwarzen Emaille-Zifferblatt. Lassen Sie sich von dem sorgf\u00e4ltig aufgebrachten Logo sowie den polierten Zeigern und Indizes faszinieren, die die Handwerkskunst dieser robusten Werkzeuguhr aus Titan auf ein beispielloses Niveau heben.<\/p>\n<p><strong>Uhrwerk:<\/strong> Japanisches Miyota 90S5 Automatikwerk<br \/>\n<strong>Geh\u00e4use:<\/strong> Massives Titan mit ULTRAHex-Beschichtung (bis zu ~1200Hv H\u00e4rte) mit 40 mm Durchmesser, 10,5 mm Geh\u00e4usedicke, 46 mm Geh\u00e4usel\u00e4nge\/Ansto\u00df zu Ansto\u00df<br \/>\n<strong>Wasserdichtigkeit:<\/strong> 100 m \/ 10 ATM<br \/>\n<strong>Armband:<\/strong> Titanarmband, 20 mm<br \/>\n<strong>Gewicht:<\/strong> 60-120g (ohne\/mit Armband)<\/p>\n","protected":false},"featured_media":334257,"comment_status":"open","ping_status":"closed","template":"","meta":[],"product_cat":[3978,37],"product_tag":[],"yoast_head":"<!-- This site is optimized with the Yoast SEO plugin v21.9 - https:\/\/yoast.com\/wordpress\/plugins\/seo\/ -->\n<title>RZE \u2013 Resolute - Jet Black Enamel - WATCHBANDIT<\/title>\n<meta name=\"description\" content=\"RZE Uhren bei WatchBandit kaufen \u2705 Autorisierter H\u00e4ndler \u2705 Schnelle Lieferung \u2705 Trusted Shops zertifiziert \u2705 Berlin est. 2014 \u2705\" \/>\n<meta name=\"robots\" content=\"noindex, follow, max-snippet:-1, max-image-preview:large, max-video-preview:-1\" \/>\n<meta property=\"og:locale\" content=\"de_DE\" \/>\n<meta property=\"og:type\" content=\"article\" \/>\n<meta property=\"og:title\" content=\"RZE \u2013 Resolute - Jet Black Enamel - WATCHBANDIT\" \/>\n<meta property=\"og:description\" content=\"RZE Uhren bei WatchBandit kaufen \u2705 Autorisierter H\u00e4ndler \u2705 Schnelle Lieferung \u2705 Trusted Shops zertifiziert \u2705 Berlin est. 2014 \u2705\" \/>\n<meta property=\"og:url\" content=\"https:\/\/watch-bandit.com\/de\/produkt\/rze-resolute-pro-jet-black-enamel\/\" \/>\n<meta property=\"og:site_name\" content=\"WATCHBANDIT\" \/>\n<meta property=\"article:modified_time\" content=\"2025-09-02T08:00:36+00:00\" \/>\n<meta property=\"og:image\" content=\"https:\/\/watch-bandit.com\/wp-content\/uploads\/2024\/02\/RZE-\u2013-Resolute-Pro-Jet-Black-Enamel-Titanium-Bracelet-min.jpg\" \/>\n\t<meta property=\"og:image:width\" content=\"1400\" \/>\n\t<meta property=\"og:image:height\" content=\"1700\" \/>\n\t<meta property=\"og:image:type\" content=\"image\/jpeg\" \/>\n<meta name=\"twitter:label1\" content=\"Gesch\u00e4tzte Lesezeit\" \/>\n\t<meta name=\"twitter:data1\" content=\"1 Minute\" \/>\n<script type=\"application\/ld+json\" class=\"yoast-schema-graph\">{\"@context\":\"https:\/\/schema.org\",\"@graph\":[{\"@type\":\"WebPage\",\"@id\":\"https:\/\/watch-bandit.com\/de\/produkt\/rze-resolute-pro-jet-black-enamel\/\",\"url\":\"https:\/\/watch-bandit.com\/de\/produkt\/rze-resolute-pro-jet-black-enamel\/\",\"name\":\"RZE \u2013 Resolute - Jet Black Enamel - WATCHBANDIT\",\"isPartOf\":{\"@id\":\"https:\/\/watch-bandit.com\/#website\"},\"datePublished\":\"2024-02-06T09:28:48+00:00\",\"dateModified\":\"2025-09-02T08:00:36+00:00\",\"description\":\"RZE Uhren bei WatchBandit kaufen \u2705 Autorisierter H\u00e4ndler \u2705 Schnelle Lieferung \u2705 Trusted Shops zertifiziert \u2705 Berlin est. 2014 \u2705\",\"breadcrumb\":{\"@id\":\"https:\/\/watch-bandit.com\/de\/produkt\/rze-resolute-pro-jet-black-enamel\/#breadcrumb\"},\"inLanguage\":\"de-DE\",\"potentialAction\":[{\"@type\":\"ReadAction\",\"target\":[\"https:\/\/watch-bandit.com\/de\/produkt\/rze-resolute-pro-jet-black-enamel\/\"]}]},{\"@type\":\"BreadcrumbList\",\"@id\":\"https:\/\/watch-bandit.com\/de\/produkt\/rze-resolute-pro-jet-black-enamel\/#breadcrumb\",\"itemListElement\":[{\"@type\":\"ListItem\",\"position\":1,\"name\":\"Home\",\"item\":\"https:\/\/watchbandit.de\/\"},{\"@type\":\"ListItem\",\"position\":2,\"name\":\"Shop\",\"item\":\"https:\/\/watchbandit.de\/shop\/\"},{\"@type\":\"ListItem\",\"position\":3,\"name\":\"Watches\",\"item\":\"https:\/\/watch-bandit.com\/products\/watches\/\"},{\"@type\":\"ListItem\",\"position\":4,\"name\":\"RZE \u2013 Resolute &#8211; Jet Black Enamel\"}]},{\"@type\":\"WebSite\",\"@id\":\"https:\/\/watch-bandit.com\/#website\",\"url\":\"https:\/\/watch-bandit.com\/\",\"name\":\"WATCHBANDIT\",\"description\":\"Contemporary Wrist Accessories\",\"publisher\":{\"@id\":\"https:\/\/watch-bandit.com\/#organization\"},\"potentialAction\":[{\"@type\":\"SearchAction\",\"target\":{\"@type\":\"EntryPoint\",\"urlTemplate\":\"https:\/\/watch-bandit.com\/?s={search_term_string}\"},\"query-input\":\"required name=search_term_string\"}],\"inLanguage\":\"de-DE\"},{\"@type\":\"Organization\",\"@id\":\"https:\/\/watch-bandit.com\/#organization\",\"name\":\"WatchBandit\",\"url\":\"https:\/\/watch-bandit.com\/\",\"logo\":{\"@type\":\"ImageObject\",\"inLanguage\":\"de-DE\",\"@id\":\"https:\/\/watch-bandit.com\/#\/schema\/logo\/image\/\",\"url\":\"https:\/\/watchbandit.de\/wp-content\/uploads\/2017\/11\/WB_Logo_557x124.png\",\"contentUrl\":\"https:\/\/watchbandit.de\/wp-content\/uploads\/2017\/11\/WB_Logo_557x124.png\",\"width\":557,\"height\":124,\"caption\":\"WatchBandit\"},\"image\":{\"@id\":\"https:\/\/watch-bandit.com\/#\/schema\/logo\/image\/\"}}]}<\/script>\n<!-- \/ Yoast SEO plugin. -->","yoast_head_json":{"title":"RZE \u2013 Resolute - Jet Black Enamel - WATCHBANDIT","description":"RZE Uhren bei WatchBandit kaufen \u2705 Autorisierter H\u00e4ndler \u2705 Schnelle Lieferung \u2705 Trusted Shops zertifiziert \u2705 Berlin est. 2014 \u2705","robots":{"index":"noindex","follow":"follow","max-snippet":"max-snippet:-1","max-image-preview":"max-image-preview:large","max-video-preview":"max-video-preview:-1"},"og_locale":"de_DE","og_type":"article","og_title":"RZE \u2013 Resolute - Jet Black Enamel - WATCHBANDIT","og_description":"RZE Uhren bei WatchBandit kaufen \u2705 Autorisierter H\u00e4ndler \u2705 Schnelle Lieferung \u2705 Trusted Shops zertifiziert \u2705 Berlin est. 2014 \u2705","og_url":"https:\/\/watch-bandit.com\/de\/produkt\/rze-resolute-pro-jet-black-enamel\/","og_site_name":"WATCHBANDIT","article_modified_time":"2025-09-02T08:00:36+00:00","og_image":[{"width":1400,"height":1700,"url":"https:\/\/watch-bandit.com\/wp-content\/uploads\/2024\/02\/RZE-\u2013-Resolute-Pro-Jet-Black-Enamel-Titanium-Bracelet-min.jpg","type":"image\/jpeg"}],"twitter_misc":{"Gesch\u00e4tzte Lesezeit":"1 Minute"},"schema":{"@context":"https:\/\/schema.org","@graph":[{"@type":"WebPage","@id":"https:\/\/watch-bandit.com\/de\/produkt\/rze-resolute-pro-jet-black-enamel\/","url":"https:\/\/watch-bandit.com\/de\/produkt\/rze-resolute-pro-jet-black-enamel\/","name":"RZE \u2013 Resolute - Jet Black Enamel - WATCHBANDIT","isPartOf":{"@id":"https:\/\/watch-bandit.com\/#website"},"datePublished":"2024-02-06T09:28:48+00:00","dateModified":"2025-09-02T08:00:36+00:00","description":"RZE Uhren bei WatchBandit kaufen \u2705 Autorisierter H\u00e4ndler \u2705 Schnelle Lieferung \u2705 Trusted Shops zertifiziert \u2705 Berlin est. 2014 \u2705","breadcrumb":{"@id":"https:\/\/watch-bandit.com\/de\/produkt\/rze-resolute-pro-jet-black-enamel\/#breadcrumb"},"inLanguage":"de-DE","potentialAction":[{"@type":"ReadAction","target":["https:\/\/watch-bandit.com\/de\/produkt\/rze-resolute-pro-jet-black-enamel\/"]}]},{"@type":"BreadcrumbList","@id":"https:\/\/watch-bandit.com\/de\/produkt\/rze-resolute-pro-jet-black-enamel\/#breadcrumb","itemListElement":[{"@type":"ListItem","position":1,"name":"Home","item":"https:\/\/watchbandit.de\/"},{"@type":"ListItem","position":2,"name":"Shop","item":"https:\/\/watchbandit.de\/shop\/"},{"@type":"ListItem","position":3,"name":"Watches","item":"https:\/\/watch-bandit.com\/products\/watches\/"},{"@type":"ListItem","position":4,"name":"RZE \u2013 Resolute &#8211; Jet Black Enamel"}]},{"@type":"WebSite","@id":"https:\/\/watch-bandit.com\/#website","url":"https:\/\/watch-bandit.com\/","name":"WATCHBANDIT","description":"Contemporary Wrist Accessories","publisher":{"@id":"https:\/\/watch-bandit.com\/#organization"},"potentialAction":[{"@type":"SearchAction","target":{"@type":"EntryPoint","urlTemplate":"https:\/\/watch-bandit.com\/?s={search_term_string}"},"query-input":"required name=search_term_string"}],"inLanguage":"de-DE"},{"@type":"Organization","@id":"https:\/\/watch-bandit.com\/#organization","name":"WatchBandit","url":"https:\/\/watch-bandit.com\/","logo":{"@type":"ImageObject","inLanguage":"de-DE","@id":"https:\/\/watch-bandit.com\/#\/schema\/logo\/image\/","url":"https:\/\/watchbandit.de\/wp-content\/uploads\/2017\/11\/WB_Logo_557x124.png","contentUrl":"https:\/\/watchbandit.de\/wp-content\/uploads\/2017\/11\/WB_Logo_557x124.png","width":557,"height":124,"caption":"WatchBandit"},"image":{"@id":"https:\/\/watch-bandit.com\/#\/schema\/logo\/image\/"}}]}},"_links":{"self":[{"href":"https:\/\/watch-bandit.com\/de\/wp-json\/wp\/v2\/product\/334220"}],"collection":[{"href":"https:\/\/watch-bandit.com\/de\/wp-json\/wp\/v2\/product"}],"about":[{"href":"https:\/\/watch-bandit.com\/de\/wp-json\/wp\/v2\/types\/product"}],"replies":[{"embeddable":true,"href":"https:\/\/watch-bandit.com\/de\/wp-json\/wp\/v2\/comments?post=334220"}],"wp:featuredmedia":[{"embeddable":true,"href":"https:\/\/watch-bandit.com\/de\/wp-json\/wp\/v2\/media\/334257"}],"wp:attachment":[{"href":"https:\/\/watch-bandit.com\/de\/wp-json\/wp\/v2\/media?parent=334220"}],"wp:term":[{"taxonomy":"product_cat","embeddable":true,"href":"https:\/\/watch-bandit.com\/de\/wp-json\/wp\/v2\/product_cat?post=334220"},{"taxonomy":"product_tag","embeddable":true,"href":"https:\/\/watch-bandit.com\/de\/wp-json\/wp\/v2\/product_tag?post=334220"}],"curies":[{"name":"wp","href":"https:\/\/api.w.org\/{rel}","templated":true}]}}