{"id":338186,"date":"2024-05-22T09:42:57","date_gmt":"2024-05-22T07:42:58","guid":{"rendered":"https:\/\/watchbandit.com\/?post_type=product&#038;p=338186"},"modified":"2025-03-23T08:25:58","modified_gmt":"2025-03-23T07:25:58","slug":"nordic-marine-instruments-soevaern-mosgroen","status":"publish","type":"product","link":"https:\/\/watch-bandit.com\/de\/produkt\/nordic-marine-instruments-soevaern-mosgroen\/","title":{"rendered":"Nordic Marine Instruments &#8211; S\u00f8v\u00e6rn &#8211; Mosgr\u00f8n"},"content":{"rendered":"","protected":false},"excerpt":{"rendered":"<p>Die Nordic Marine Instruments Navy-Field-Watch <strong>S\u00f8v\u00e6rn Mosgr\u00f8n<\/strong> (D\u00e4nisch: Moosgr\u00fcn) besticht durch ihr dunkles moosgr\u00fcnes Zifferblatt, das an die \u00fcppige Pflanzenwelt entlang der nordischen K\u00fcsten erinnert. Die Gr\u00f6\u00dfe von 39 mm und das sehr schlanke Profil von nur 10,5 mm sorgen f\u00fcr einen bequemen Sitz, w\u00e4hrend das Datum bei 6 Uhr mit passendem Datumsrad zu seiner funktionalen Eleganz beitr\u00e4gt. Diese Uhr verk\u00f6rpert unsere nordische Designphilosophie \u2013 zur\u00fcckhaltend und dennoch hochfunktionell, mit klarem Look und Sandwich-Zifferblatt, was sie zu einem vielseitigen Accessoire f\u00fcr maritime und terrestrische Entdecker macht.<\/p>\n<p>Im Lieferumfang enthalten: Uhrenrolle aus Kork, Schraubendreher f\u00fcr Armband, Poliertuch<\/p>\n<p><strong>Uhrwerk<\/strong>: Ultrad\u00fcnnes Premium-Uhrwerk MIYOTA 9015<br \/>\n<strong>Geh\u00e4use<\/strong>: Edelstahl 316L in Marinequalit\u00e4t, 39 mm Durchmesser, 10,50 mm Dicke, 47,60 mm Bandansto\u00df zu Bandansto\u00df, flaches Saphirkristallglas mit innerem Super AR<br \/>\n<strong>Wasserdichtigkeit<\/strong>: 10 ATM \/ 100 Meter<br \/>\n<strong>Armband<\/strong>: Edelstahlarmband mit Schnellverstellschnalle und Schnellverschluss-Federstegen<\/p>\n","protected":false},"featured_media":338254,"comment_status":"open","ping_status":"closed","template":"","meta":[],"product_cat":[4196,37],"product_tag":[],"yoast_head":"<!-- This site is optimized with the Yoast SEO plugin v21.9 - https:\/\/yoast.com\/wordpress\/plugins\/seo\/ -->\n<title>Nordic Marine Instruments - S\u00f8v\u00e6rn - Mosgr\u00f8n - WATCHBANDIT<\/title>\n<meta name=\"description\" content=\"Nordic Marine Instruments Uhren bei WatchBandit kaufen \u2705 Swiss-SuperLuminova\ud83c\udde8\ud83c\udded Flaches Premium Miyota\u2705 TrustedShops zertifiziert \u2705 Kostenlose Lieferung \u2705\" \/>\n<meta name=\"robots\" content=\"noindex, follow, max-snippet:-1, max-image-preview:large, max-video-preview:-1\" \/>\n<meta property=\"og:locale\" content=\"de_DE\" \/>\n<meta property=\"og:type\" content=\"article\" \/>\n<meta property=\"og:title\" content=\"Nordic Marine Instruments - S\u00f8v\u00e6rn - Mosgr\u00f8n - WATCHBANDIT\" \/>\n<meta property=\"og:description\" content=\"Nordic Marine Instruments Uhren bei WatchBandit kaufen \u2705 Swiss-SuperLuminova\ud83c\udde8\ud83c\udded Flaches Premium Miyota\u2705 TrustedShops zertifiziert \u2705 Kostenlose Lieferung \u2705\" \/>\n<meta property=\"og:url\" content=\"https:\/\/watch-bandit.com\/de\/produkt\/nordic-marine-instruments-soevaern-mosgroen\/\" \/>\n<meta property=\"og:site_name\" content=\"WATCHBANDIT\" \/>\n<meta property=\"article:modified_time\" content=\"2025-03-23T07:25:58+00:00\" \/>\n<meta property=\"og:image\" content=\"https:\/\/watch-bandit.com\/wp-content\/uploads\/2024\/05\/Nordic-Marine-Instruments-Sovaern-Mosgron.jpg\" \/>\n\t<meta property=\"og:image:width\" content=\"1400\" \/>\n\t<meta property=\"og:image:height\" content=\"1700\" \/>\n\t<meta property=\"og:image:type\" content=\"image\/jpeg\" \/>\n<meta name=\"twitter:label1\" content=\"Gesch\u00e4tzte Lesezeit\" \/>\n\t<meta name=\"twitter:data1\" content=\"1 Minute\" \/>\n<script type=\"application\/ld+json\" class=\"yoast-schema-graph\">{\"@context\":\"https:\/\/schema.org\",\"@graph\":[{\"@type\":\"WebPage\",\"@id\":\"https:\/\/watch-bandit.com\/de\/produkt\/nordic-marine-instruments-soevaern-mosgroen\/\",\"url\":\"https:\/\/watch-bandit.com\/de\/produkt\/nordic-marine-instruments-soevaern-mosgroen\/\",\"name\":\"Nordic Marine Instruments - S\u00f8v\u00e6rn - Mosgr\u00f8n - WATCHBANDIT\",\"isPartOf\":{\"@id\":\"https:\/\/watch-bandit.com\/#website\"},\"datePublished\":\"2024-05-22T07:42:58+00:00\",\"dateModified\":\"2025-03-23T07:25:58+00:00\",\"description\":\"Nordic Marine Instruments Uhren bei WatchBandit kaufen \u2705 Swiss-SuperLuminova\ud83c\udde8\ud83c\udded Flaches Premium Miyota\u2705 TrustedShops zertifiziert \u2705 Kostenlose Lieferung \u2705\",\"breadcrumb\":{\"@id\":\"https:\/\/watch-bandit.com\/de\/produkt\/nordic-marine-instruments-soevaern-mosgroen\/#breadcrumb\"},\"inLanguage\":\"de-DE\",\"potentialAction\":[{\"@type\":\"ReadAction\",\"target\":[\"https:\/\/watch-bandit.com\/de\/produkt\/nordic-marine-instruments-soevaern-mosgroen\/\"]}]},{\"@type\":\"BreadcrumbList\",\"@id\":\"https:\/\/watch-bandit.com\/de\/produkt\/nordic-marine-instruments-soevaern-mosgroen\/#breadcrumb\",\"itemListElement\":[{\"@type\":\"ListItem\",\"position\":1,\"name\":\"Home\",\"item\":\"https:\/\/watchbandit.de\/\"},{\"@type\":\"ListItem\",\"position\":2,\"name\":\"Shop\",\"item\":\"https:\/\/watchbandit.de\/shop\/\"},{\"@type\":\"ListItem\",\"position\":3,\"name\":\"Watches\",\"item\":\"https:\/\/watch-bandit.com\/products\/watches\/\"},{\"@type\":\"ListItem\",\"position\":4,\"name\":\"Nordic Marine Instruments\",\"item\":\"https:\/\/watch-bandit.com\/de\/produkte\/uhren\/nordic-marine-instruments-de\/\"},{\"@type\":\"ListItem\",\"position\":5,\"name\":\"Nordic Marine Instruments &#8211; S\u00f8v\u00e6rn &#8211; Mosgr\u00f8n\"}]},{\"@type\":\"WebSite\",\"@id\":\"https:\/\/watch-bandit.com\/#website\",\"url\":\"https:\/\/watch-bandit.com\/\",\"name\":\"WATCHBANDIT\",\"description\":\"Contemporary Wrist Accessories\",\"publisher\":{\"@id\":\"https:\/\/watch-bandit.com\/#organization\"},\"potentialAction\":[{\"@type\":\"SearchAction\",\"target\":{\"@type\":\"EntryPoint\",\"urlTemplate\":\"https:\/\/watch-bandit.com\/?s={search_term_string}\"},\"query-input\":\"required name=search_term_string\"}],\"inLanguage\":\"de-DE\"},{\"@type\":\"Organization\",\"@id\":\"https:\/\/watch-bandit.com\/#organization\",\"name\":\"WatchBandit\",\"url\":\"https:\/\/watch-bandit.com\/\",\"logo\":{\"@type\":\"ImageObject\",\"inLanguage\":\"de-DE\",\"@id\":\"https:\/\/watch-bandit.com\/#\/schema\/logo\/image\/\",\"url\":\"https:\/\/watchbandit.de\/wp-content\/uploads\/2017\/11\/WB_Logo_557x124.png\",\"contentUrl\":\"https:\/\/watchbandit.de\/wp-content\/uploads\/2017\/11\/WB_Logo_557x124.png\",\"width\":557,\"height\":124,\"caption\":\"WatchBandit\"},\"image\":{\"@id\":\"https:\/\/watch-bandit.com\/#\/schema\/logo\/image\/\"}}]}<\/script>\n<!-- \/ Yoast SEO plugin. -->","yoast_head_json":{"title":"Nordic Marine Instruments - S\u00f8v\u00e6rn - Mosgr\u00f8n - WATCHBANDIT","description":"Nordic Marine Instruments Uhren bei WatchBandit kaufen \u2705 Swiss-SuperLuminova\ud83c\udde8\ud83c\udded Flaches Premium Miyota\u2705 TrustedShops zertifiziert \u2705 Kostenlose Lieferung \u2705","robots":{"index":"noindex","follow":"follow","max-snippet":"max-snippet:-1","max-image-preview":"max-image-preview:large","max-video-preview":"max-video-preview:-1"},"og_locale":"de_DE","og_type":"article","og_title":"Nordic Marine Instruments - S\u00f8v\u00e6rn - Mosgr\u00f8n - WATCHBANDIT","og_description":"Nordic Marine Instruments Uhren bei WatchBandit kaufen \u2705 Swiss-SuperLuminova\ud83c\udde8\ud83c\udded Flaches Premium Miyota\u2705 TrustedShops zertifiziert \u2705 Kostenlose Lieferung \u2705","og_url":"https:\/\/watch-bandit.com\/de\/produkt\/nordic-marine-instruments-soevaern-mosgroen\/","og_site_name":"WATCHBANDIT","article_modified_time":"2025-03-23T07:25:58+00:00","og_image":[{"width":1400,"height":1700,"url":"https:\/\/watch-bandit.com\/wp-content\/uploads\/2024\/05\/Nordic-Marine-Instruments-Sovaern-Mosgron.jpg","type":"image\/jpeg"}],"twitter_misc":{"Gesch\u00e4tzte Lesezeit":"1 Minute"},"schema":{"@context":"https:\/\/schema.org","@graph":[{"@type":"WebPage","@id":"https:\/\/watch-bandit.com\/de\/produkt\/nordic-marine-instruments-soevaern-mosgroen\/","url":"https:\/\/watch-bandit.com\/de\/produkt\/nordic-marine-instruments-soevaern-mosgroen\/","name":"Nordic Marine Instruments - S\u00f8v\u00e6rn - Mosgr\u00f8n - WATCHBANDIT","isPartOf":{"@id":"https:\/\/watch-bandit.com\/#website"},"datePublished":"2024-05-22T07:42:58+00:00","dateModified":"2025-03-23T07:25:58+00:00","description":"Nordic Marine Instruments Uhren bei WatchBandit kaufen \u2705 Swiss-SuperLuminova\ud83c\udde8\ud83c\udded Flaches Premium Miyota\u2705 TrustedShops zertifiziert \u2705 Kostenlose Lieferung \u2705","breadcrumb":{"@id":"https:\/\/watch-bandit.com\/de\/produkt\/nordic-marine-instruments-soevaern-mosgroen\/#breadcrumb"},"inLanguage":"de-DE","potentialAction":[{"@type":"ReadAction","target":["https:\/\/watch-bandit.com\/de\/produkt\/nordic-marine-instruments-soevaern-mosgroen\/"]}]},{"@type":"BreadcrumbList","@id":"https:\/\/watch-bandit.com\/de\/produkt\/nordic-marine-instruments-soevaern-mosgroen\/#breadcrumb","itemListElement":[{"@type":"ListItem","position":1,"name":"Home","item":"https:\/\/watchbandit.de\/"},{"@type":"ListItem","position":2,"name":"Shop","item":"https:\/\/watchbandit.de\/shop\/"},{"@type":"ListItem","position":3,"name":"Watches","item":"https:\/\/watch-bandit.com\/products\/watches\/"},{"@type":"ListItem","position":4,"name":"Nordic Marine Instruments","item":"https:\/\/watch-bandit.com\/de\/produkte\/uhren\/nordic-marine-instruments-de\/"},{"@type":"ListItem","position":5,"name":"Nordic Marine Instruments &#8211; S\u00f8v\u00e6rn &#8211; Mosgr\u00f8n"}]},{"@type":"WebSite","@id":"https:\/\/watch-bandit.com\/#website","url":"https:\/\/watch-bandit.com\/","name":"WATCHBANDIT","description":"Contemporary Wrist Accessories","publisher":{"@id":"https:\/\/watch-bandit.com\/#organization"},"potentialAction":[{"@type":"SearchAction","target":{"@type":"EntryPoint","urlTemplate":"https:\/\/watch-bandit.com\/?s={search_term_string}"},"query-input":"required name=search_term_string"}],"inLanguage":"de-DE"},{"@type":"Organization","@id":"https:\/\/watch-bandit.com\/#organization","name":"WatchBandit","url":"https:\/\/watch-bandit.com\/","logo":{"@type":"ImageObject","inLanguage":"de-DE","@id":"https:\/\/watch-bandit.com\/#\/schema\/logo\/image\/","url":"https:\/\/watchbandit.de\/wp-content\/uploads\/2017\/11\/WB_Logo_557x124.png","contentUrl":"https:\/\/watchbandit.de\/wp-content\/uploads\/2017\/11\/WB_Logo_557x124.png","width":557,"height":124,"caption":"WatchBandit"},"image":{"@id":"https:\/\/watch-bandit.com\/#\/schema\/logo\/image\/"}}]}},"_links":{"self":[{"href":"https:\/\/watch-bandit.com\/de\/wp-json\/wp\/v2\/product\/338186"}],"collection":[{"href":"https:\/\/watch-bandit.com\/de\/wp-json\/wp\/v2\/product"}],"about":[{"href":"https:\/\/watch-bandit.com\/de\/wp-json\/wp\/v2\/types\/product"}],"replies":[{"embeddable":true,"href":"https:\/\/watch-bandit.com\/de\/wp-json\/wp\/v2\/comments?post=338186"}],"wp:featuredmedia":[{"embeddable":true,"href":"https:\/\/watch-bandit.com\/de\/wp-json\/wp\/v2\/media\/338254"}],"wp:attachment":[{"href":"https:\/\/watch-bandit.com\/de\/wp-json\/wp\/v2\/media?parent=338186"}],"wp:term":[{"taxonomy":"product_cat","embeddable":true,"href":"https:\/\/watch-bandit.com\/de\/wp-json\/wp\/v2\/product_cat?post=338186"},{"taxonomy":"product_tag","embeddable":true,"href":"https:\/\/watch-bandit.com\/de\/wp-json\/wp\/v2\/product_tag?post=338186"}],"curies":[{"name":"wp","href":"https:\/\/api.w.org\/{rel}","templated":true}]}}