{"id":338196,"date":"2024-05-22T11:40:17","date_gmt":"2024-05-22T09:40:17","guid":{"rendered":"https:\/\/watchbandit.com\/?post_type=product&#038;p=338196"},"modified":"2024-05-28T10:52:47","modified_gmt":"2024-05-28T08:52:47","slug":"le-jour-hammerhead-bronze-lj-hb-001","status":"publish","type":"product","link":"https:\/\/watch-bandit.com\/de\/produkt\/le-jour-hammerhead-bronze-lj-hb-001\/","title":{"rendered":"Le Jour &#8211; Hammerhead Bronze &#8211; LJ-HB-001"},"content":{"rendered":"","protected":false},"excerpt":{"rendered":"<p>Le Jour pr\u00e4sentiert stolz die Hammerhead Bronze Taucheruhrenkollektion, die mit dem Feedback der Fans f\u00fcr ein au\u00dfergew\u00f6hnliches Zeitmesserlebnis zusammengestellt wurde. Aufbauend auf unserer erfolgreichen Hammerhead-Taucheruhr aus Stahl aus dem Jahr 2020 zeichnet sich diese neue Serie durch raffiniertes Design, Materialien und Abmessungen aus.<\/p>\n<p>Zu den Hauptmerkmalen geh\u00f6ren ein 39-mm-Geh\u00e4use aus CuSn8-Bronze, das eine einzigartige Patina entwickelt und geb\u00fcrstete und hochglanzpolierte Oberfl\u00e4chen kombiniert, ein L\u00fcnetteneinsatz aus Keramik und ein geschmeidiges Silikonarmband. Das vom Hammerhai inspirierte Zifferblatt verf\u00fcgt \u00fcber einen faszinierenden Sonnenstrahleffekt, einen zweifarbigen Innenring und BGW9 Swiss Super-LumiNova f\u00fcr bessere Lesbarkeit.<\/p>\n<p>Die Hammerhead Bronze wird vom zuverl\u00e4ssigen Schweizer Automatikwerk Sellita SW-200 angetrieben und verf\u00fcgt \u00fcber ein kuppelf\u00f6rmiges Saphirglas mit Antireflexschichten. Der Geh\u00e4useboden zeigt ein tief eingepr\u00e4gtes Hammerhai-Motiv, das unsere Verbindung zum Meer symbolisiert. Mit einer Wasserdichtigkeit von 200 Metern ist diese Uhr sowohl f\u00fcr Abenteuer in der Stadt als auch auf dem Meer bereit.<\/p>\n<p><strong>Uhrwerk<\/strong>: Automatikwerk SELLITA SW-200<br \/>\n<strong>Geh\u00e4use<\/strong>: Bronzegeh\u00e4use der G\u00fcteklasse CuSn8 mit 39 mm Durchmesser<br \/>\n<strong>Armband<\/strong>: Blaues Silikonarmband<br \/>\n<strong>Wasserdichtigkeit<\/strong>: 20 ATM \/ 200 Meter \/ 20 Bar<\/p>\n","protected":false},"featured_media":338481,"comment_status":"open","ping_status":"closed","template":"","meta":[],"product_cat":[3236,37],"product_tag":[],"yoast_head":"<!-- This site is optimized with the Yoast SEO plugin v21.9 - https:\/\/yoast.com\/wordpress\/plugins\/seo\/ -->\n<title>Le Jour - Hammerhead Bronze - LJ-HB-001 - WATCHBANDIT<\/title>\n<meta name=\"description\" content=\"Le Jour Hammerhead bei WatchBandit kaufen \u2713 Autorisierter H\u00e4ndler \u2713 Swiss made \u2713 Trusted Shops zertifiziert \u2713 Kostenlose- &amp; schnelle Lieferung \u2713\" \/>\n<meta name=\"robots\" content=\"noindex, follow, max-snippet:-1, max-image-preview:large, max-video-preview:-1\" \/>\n<meta property=\"og:locale\" content=\"de_DE\" \/>\n<meta property=\"og:type\" content=\"article\" \/>\n<meta property=\"og:title\" content=\"Le Jour - Hammerhead Bronze - LJ-HB-001 - WATCHBANDIT\" \/>\n<meta property=\"og:description\" content=\"Le Jour Hammerhead bei WatchBandit kaufen \u2713 Autorisierter H\u00e4ndler \u2713 Swiss made \u2713 Trusted Shops zertifiziert \u2713 Kostenlose- &amp; schnelle Lieferung \u2713\" \/>\n<meta property=\"og:url\" content=\"https:\/\/watch-bandit.com\/de\/produkt\/le-jour-hammerhead-bronze-lj-hb-001\/\" \/>\n<meta property=\"og:site_name\" content=\"WATCHBANDIT\" \/>\n<meta property=\"article:modified_time\" content=\"2024-05-28T08:52:47+00:00\" \/>\n<meta property=\"og:image\" content=\"https:\/\/watch-bandit.com\/wp-content\/uploads\/2024\/05\/Le-Jour-Hammerhead-Bronze-LJ-HB-001-min.jpg\" \/>\n\t<meta property=\"og:image:width\" content=\"1400\" \/>\n\t<meta property=\"og:image:height\" content=\"1700\" \/>\n\t<meta property=\"og:image:type\" content=\"image\/jpeg\" \/>\n<meta name=\"twitter:label1\" content=\"Gesch\u00e4tzte Lesezeit\" \/>\n\t<meta name=\"twitter:data1\" content=\"1 Minute\" \/>\n<script type=\"application\/ld+json\" class=\"yoast-schema-graph\">{\"@context\":\"https:\/\/schema.org\",\"@graph\":[{\"@type\":\"WebPage\",\"@id\":\"https:\/\/watch-bandit.com\/de\/produkt\/le-jour-hammerhead-bronze-lj-hb-001\/\",\"url\":\"https:\/\/watch-bandit.com\/de\/produkt\/le-jour-hammerhead-bronze-lj-hb-001\/\",\"name\":\"Le Jour - Hammerhead Bronze - LJ-HB-001 - WATCHBANDIT\",\"isPartOf\":{\"@id\":\"https:\/\/watch-bandit.com\/#website\"},\"datePublished\":\"2024-05-22T09:40:17+00:00\",\"dateModified\":\"2024-05-28T08:52:47+00:00\",\"description\":\"Le Jour Hammerhead bei WatchBandit kaufen \u2713 Autorisierter H\u00e4ndler \u2713 Swiss made \u2713 Trusted Shops zertifiziert \u2713 Kostenlose- & schnelle Lieferung \u2713\",\"breadcrumb\":{\"@id\":\"https:\/\/watch-bandit.com\/de\/produkt\/le-jour-hammerhead-bronze-lj-hb-001\/#breadcrumb\"},\"inLanguage\":\"de-DE\",\"potentialAction\":[{\"@type\":\"ReadAction\",\"target\":[\"https:\/\/watch-bandit.com\/de\/produkt\/le-jour-hammerhead-bronze-lj-hb-001\/\"]}]},{\"@type\":\"BreadcrumbList\",\"@id\":\"https:\/\/watch-bandit.com\/de\/produkt\/le-jour-hammerhead-bronze-lj-hb-001\/#breadcrumb\",\"itemListElement\":[{\"@type\":\"ListItem\",\"position\":1,\"name\":\"Home\",\"item\":\"https:\/\/watchbandit.de\/\"},{\"@type\":\"ListItem\",\"position\":2,\"name\":\"Shop\",\"item\":\"https:\/\/watchbandit.de\/shop\/\"},{\"@type\":\"ListItem\",\"position\":3,\"name\":\"Watches\",\"item\":\"https:\/\/watch-bandit.com\/products\/watches\/\"},{\"@type\":\"ListItem\",\"position\":4,\"name\":\"Le Jour\",\"item\":\"https:\/\/watch-bandit.com\/de\/produkte\/uhren\/le-jour-de\/\"},{\"@type\":\"ListItem\",\"position\":5,\"name\":\"Le Jour &#8211; Hammerhead Bronze &#8211; LJ-HB-001\"}]},{\"@type\":\"WebSite\",\"@id\":\"https:\/\/watch-bandit.com\/#website\",\"url\":\"https:\/\/watch-bandit.com\/\",\"name\":\"WATCHBANDIT\",\"description\":\"Contemporary Wrist Accessories\",\"publisher\":{\"@id\":\"https:\/\/watch-bandit.com\/#organization\"},\"potentialAction\":[{\"@type\":\"SearchAction\",\"target\":{\"@type\":\"EntryPoint\",\"urlTemplate\":\"https:\/\/watch-bandit.com\/?s={search_term_string}\"},\"query-input\":\"required name=search_term_string\"}],\"inLanguage\":\"de-DE\"},{\"@type\":\"Organization\",\"@id\":\"https:\/\/watch-bandit.com\/#organization\",\"name\":\"WatchBandit\",\"url\":\"https:\/\/watch-bandit.com\/\",\"logo\":{\"@type\":\"ImageObject\",\"inLanguage\":\"de-DE\",\"@id\":\"https:\/\/watch-bandit.com\/#\/schema\/logo\/image\/\",\"url\":\"https:\/\/watchbandit.de\/wp-content\/uploads\/2017\/11\/WB_Logo_557x124.png\",\"contentUrl\":\"https:\/\/watchbandit.de\/wp-content\/uploads\/2017\/11\/WB_Logo_557x124.png\",\"width\":557,\"height\":124,\"caption\":\"WatchBandit\"},\"image\":{\"@id\":\"https:\/\/watch-bandit.com\/#\/schema\/logo\/image\/\"}}]}<\/script>\n<!-- \/ Yoast SEO plugin. -->","yoast_head_json":{"title":"Le Jour - Hammerhead Bronze - LJ-HB-001 - WATCHBANDIT","description":"Le Jour Hammerhead bei WatchBandit kaufen \u2713 Autorisierter H\u00e4ndler \u2713 Swiss made \u2713 Trusted Shops zertifiziert \u2713 Kostenlose- & schnelle Lieferung \u2713","robots":{"index":"noindex","follow":"follow","max-snippet":"max-snippet:-1","max-image-preview":"max-image-preview:large","max-video-preview":"max-video-preview:-1"},"og_locale":"de_DE","og_type":"article","og_title":"Le Jour - Hammerhead Bronze - LJ-HB-001 - WATCHBANDIT","og_description":"Le Jour Hammerhead bei WatchBandit kaufen \u2713 Autorisierter H\u00e4ndler \u2713 Swiss made \u2713 Trusted Shops zertifiziert \u2713 Kostenlose- & schnelle Lieferung \u2713","og_url":"https:\/\/watch-bandit.com\/de\/produkt\/le-jour-hammerhead-bronze-lj-hb-001\/","og_site_name":"WATCHBANDIT","article_modified_time":"2024-05-28T08:52:47+00:00","og_image":[{"width":1400,"height":1700,"url":"https:\/\/watch-bandit.com\/wp-content\/uploads\/2024\/05\/Le-Jour-Hammerhead-Bronze-LJ-HB-001-min.jpg","type":"image\/jpeg"}],"twitter_misc":{"Gesch\u00e4tzte Lesezeit":"1 Minute"},"schema":{"@context":"https:\/\/schema.org","@graph":[{"@type":"WebPage","@id":"https:\/\/watch-bandit.com\/de\/produkt\/le-jour-hammerhead-bronze-lj-hb-001\/","url":"https:\/\/watch-bandit.com\/de\/produkt\/le-jour-hammerhead-bronze-lj-hb-001\/","name":"Le Jour - Hammerhead Bronze - LJ-HB-001 - WATCHBANDIT","isPartOf":{"@id":"https:\/\/watch-bandit.com\/#website"},"datePublished":"2024-05-22T09:40:17+00:00","dateModified":"2024-05-28T08:52:47+00:00","description":"Le Jour Hammerhead bei WatchBandit kaufen \u2713 Autorisierter H\u00e4ndler \u2713 Swiss made \u2713 Trusted Shops zertifiziert \u2713 Kostenlose- & schnelle Lieferung \u2713","breadcrumb":{"@id":"https:\/\/watch-bandit.com\/de\/produkt\/le-jour-hammerhead-bronze-lj-hb-001\/#breadcrumb"},"inLanguage":"de-DE","potentialAction":[{"@type":"ReadAction","target":["https:\/\/watch-bandit.com\/de\/produkt\/le-jour-hammerhead-bronze-lj-hb-001\/"]}]},{"@type":"BreadcrumbList","@id":"https:\/\/watch-bandit.com\/de\/produkt\/le-jour-hammerhead-bronze-lj-hb-001\/#breadcrumb","itemListElement":[{"@type":"ListItem","position":1,"name":"Home","item":"https:\/\/watchbandit.de\/"},{"@type":"ListItem","position":2,"name":"Shop","item":"https:\/\/watchbandit.de\/shop\/"},{"@type":"ListItem","position":3,"name":"Watches","item":"https:\/\/watch-bandit.com\/products\/watches\/"},{"@type":"ListItem","position":4,"name":"Le Jour","item":"https:\/\/watch-bandit.com\/de\/produkte\/uhren\/le-jour-de\/"},{"@type":"ListItem","position":5,"name":"Le Jour &#8211; Hammerhead Bronze &#8211; LJ-HB-001"}]},{"@type":"WebSite","@id":"https:\/\/watch-bandit.com\/#website","url":"https:\/\/watch-bandit.com\/","name":"WATCHBANDIT","description":"Contemporary Wrist Accessories","publisher":{"@id":"https:\/\/watch-bandit.com\/#organization"},"potentialAction":[{"@type":"SearchAction","target":{"@type":"EntryPoint","urlTemplate":"https:\/\/watch-bandit.com\/?s={search_term_string}"},"query-input":"required name=search_term_string"}],"inLanguage":"de-DE"},{"@type":"Organization","@id":"https:\/\/watch-bandit.com\/#organization","name":"WatchBandit","url":"https:\/\/watch-bandit.com\/","logo":{"@type":"ImageObject","inLanguage":"de-DE","@id":"https:\/\/watch-bandit.com\/#\/schema\/logo\/image\/","url":"https:\/\/watchbandit.de\/wp-content\/uploads\/2017\/11\/WB_Logo_557x124.png","contentUrl":"https:\/\/watchbandit.de\/wp-content\/uploads\/2017\/11\/WB_Logo_557x124.png","width":557,"height":124,"caption":"WatchBandit"},"image":{"@id":"https:\/\/watch-bandit.com\/#\/schema\/logo\/image\/"}}]}},"_links":{"self":[{"href":"https:\/\/watch-bandit.com\/de\/wp-json\/wp\/v2\/product\/338196"}],"collection":[{"href":"https:\/\/watch-bandit.com\/de\/wp-json\/wp\/v2\/product"}],"about":[{"href":"https:\/\/watch-bandit.com\/de\/wp-json\/wp\/v2\/types\/product"}],"replies":[{"embeddable":true,"href":"https:\/\/watch-bandit.com\/de\/wp-json\/wp\/v2\/comments?post=338196"}],"wp:featuredmedia":[{"embeddable":true,"href":"https:\/\/watch-bandit.com\/de\/wp-json\/wp\/v2\/media\/338481"}],"wp:attachment":[{"href":"https:\/\/watch-bandit.com\/de\/wp-json\/wp\/v2\/media?parent=338196"}],"wp:term":[{"taxonomy":"product_cat","embeddable":true,"href":"https:\/\/watch-bandit.com\/de\/wp-json\/wp\/v2\/product_cat?post=338196"},{"taxonomy":"product_tag","embeddable":true,"href":"https:\/\/watch-bandit.com\/de\/wp-json\/wp\/v2\/product_tag?post=338196"}],"curies":[{"name":"wp","href":"https:\/\/api.w.org\/{rel}","templated":true}]}}